{"id":49,"date":"2016-09-22T09:16:25","date_gmt":"2016-09-22T07:16:25","guid":{"rendered":""},"modified":"2026-02-19T09:03:14","modified_gmt":"2026-02-19T08:03:14","slug":"home","status":"publish","type":"page","link":"https:\/\/edicion.fundacionoccident.org\/ecosocial\/","title":{"rendered":"Convocatoria EcoSocial"},"content":{"rendered":"<p>[et_pb_section bb_built=&#8221;1&#8243; fullwidth=&#8221;on&#8221; specialty=&#8221;off&#8221; next_background_color=&#8221;#000000&#8243;][et_pb_fullwidth_code _builder_version=&#8221;3.9&#8243; disabled=&#8221;on&#8221; disabled_on=&#8221;on|on|on&#8221;]&lt;video class=&quot;header-video&quot; autoplay muted loop&gt;&lt;!&#8211; [et_pb_line_break_holder] &#8211;&gt; &lt;source src=&quot;\/becas\/wp-content\/uploads\/2024\/04\/cabecera.mp4&quot; type=&quot;video\/mp4&quot;&gt;&lt;!&#8211; [et_pb_line_break_holder] &#8211;&gt;&lt;\/video&gt;[\/et_pb_fullwidth_code][et_pb_fullwidth_code _builder_version=&#8221;3.9&#8243;]&lt;img class=&quot;img-header&quot; src=&quot;\/ecosocial\/wp-content\/uploads\/2025\/11\/banner-web_AccionSocial.jpg&quot;&gt;&lt;!&#8211; [et_pb_line_break_holder] &#8211;&gt;&lt;style&gt;&lt;!&#8211; [et_pb_line_break_holder] &#8211;&gt;.img-header {&lt;!&#8211; [et_pb_line_break_holder] &#8211;&gt; object-fit: cover;&lt;!&#8211; [et_pb_line_break_holder] &#8211;&gt; width: 100%;&lt;!&#8211; [et_pb_line_break_holder] &#8211;&gt;}&lt;!&#8211; [et_pb_line_break_holder] &#8211;&gt;&lt;\/style&gt;[\/et_pb_fullwidth_code][\/et_pb_section][et_pb_section bb_built=&#8221;1&#8243; fullwidth=&#8221;off&#8221; specialty=&#8221;off&#8221; prev_background_color=&#8221;#000000&#8243;][et_pb_row][et_pb_column type=&#8221;4_4&#8243;][et_pb_text _builder_version=&#8221;3.9&#8243;]<\/p>\n<h1 class=\"home-site-title\" style=\"text-align: center;\"><b>Convocatoria EcoSocial<\/b> Jes\u00fas Serra<\/h1>\n<h2 class=\"home-site-subtitle\" style=\"text-align: center;\">Convocatoria 2025<\/h2>\n<p>[\/et_pb_text][et_pb_text _builder_version=&#8221;3.9&#8243;]<\/p>\n<div class=\"estado-wrapper\"><span class=\"state-txt\">Estado:<\/span><br \/>\n<span class=\"state on\">Cerrada<\/span><\/div>\n<p>[\/et_pb_text][et_pb_text _builder_version=&#8221;3.9&#8243;]<\/p>\n<p style=\"text-align: center !important;\"><strong>La 1\u00aa edici\u00f3n de la Convocatoria EcoSocial Jes\u00fas Serra<\/strong> tiene por objetivo apoyar un total de dos proyectos: uno del <strong>\u00e1mbito de acci\u00f3n social<\/strong> y otro del <strong>\u00e1mbito medioambiental<\/strong>.<\/p>\n<p>[\/et_pb_text][et_pb_code _builder_version=&#8221;3.9&#8243;]&lt;div class=&quot;fecha-crono_wrapper&quot;&gt;&lt;!&#8211; [et_pb_line_break_holder] &#8211;&gt; &lt;div class=&quot;crono_container&quot;&gt;&lt;!&#8211; [et_pb_line_break_holder] &#8211;&gt; &lt;span&gt;6 de noviembre&lt;\/span&gt;&lt;!&#8211; [et_pb_line_break_holder] &#8211;&gt; &lt;p&gt;Inicio convocatoria&lt;\/p&gt;&lt;!&#8211; [et_pb_line_break_holder] &#8211;&gt; &lt;\/div&gt;&lt;!&#8211; [et_pb_line_break_holder] &#8211;&gt; &lt;div class=&quot;crono_container&quot;&gt;&lt;!&#8211; [et_pb_line_break_holder] &#8211;&gt; &lt;span&gt;16 de diciembre&lt;\/span&gt;&lt;!&#8211; [et_pb_line_break_holder] &#8211;&gt; &lt;p&gt;Cierre 1\u00aa fase&lt;\/p&gt;&lt;!&#8211; [et_pb_line_break_holder] &#8211;&gt; &lt;\/div&gt;&lt;!&#8211; [et_pb_line_break_holder] &#8211;&gt; &lt;div class=&quot;crono_container&quot;&gt;&lt;!&#8211; [et_pb_line_break_holder] &#8211;&gt; &lt;span&gt;29 de enero&lt;\/span&gt;&lt;!&#8211; [et_pb_line_break_holder] &#8211;&gt; &lt;p&gt;Cierre 2\u00aa fase&lt;\/p&gt;&lt;!&#8211; [et_pb_line_break_holder] &#8211;&gt; &lt;\/div&gt;&lt;!&#8211; [et_pb_line_break_holder] &#8211;&gt; &lt;div class=&quot;crono_container&quot;&gt;&lt;!&#8211; [et_pb_line_break_holder] &#8211;&gt; &lt;span&gt;3 de marzo&lt;\/span&gt;&lt;!&#8211; [et_pb_line_break_holder] &#8211;&gt; &lt;p&gt;Anuncio ganadores&lt;\/p&gt;&lt;!&#8211; [et_pb_line_break_holder] &#8211;&gt; &lt;\/div&gt;&lt;!&#8211; [et_pb_line_break_holder] &#8211;&gt;&lt;\/div&gt;[\/et_pb_code][et_pb_code _builder_version=&#8221;3.9&#8243;]&lt;div class=&quot;grid-info-wrapper&quot;&gt;&lt;!&#8211; [et_pb_line_break_holder] &#8211;&gt; &lt;div class=&quot;grid-info-container&quot;&gt;&lt;!&#8211; [et_pb_line_break_holder] &#8211;&gt; &lt;div class=&quot;left&quot;&gt;&lt;!&#8211; [et_pb_line_break_holder] &#8211;&gt; Fundaci\u00f3n Occident convoca a entidades sociales y medioambientales a presentar sus proyectos.&lt;!&#8211; [et_pb_line_break_holder] &#8211;&gt; &lt;\/div&gt;&lt;!&#8211; [et_pb_line_break_holder] &#8211;&gt; &lt;div class=&quot;right&quot;&gt;&lt;!&#8211; [et_pb_line_break_holder] &#8211;&gt; &lt;p&gt;La convocatoria est\u00e1 dirigida a &lt;b&gt;organizaciones sociales, entidades de la econom\u00eda social, startups de impacto y otras formas de emprendimiento comprometido&lt;\/b&gt; que demuestren un impacto social y\/o ambiental positivo, que est\u00e9n inscritas y desarrollen su actividad en territorio espa\u00f1ol hace al menos dos a\u00f1os.&lt;\/p&gt;&lt;!&#8211; [et_pb_line_break_holder] &#8211;&gt; &lt;\/div&gt;&lt;!&#8211; [et_pb_line_break_holder] &#8211;&gt; &lt;\/div&gt;&lt;!&#8211; [et_pb_line_break_holder] &#8211;&gt;&lt;\/div&gt;&lt;!&#8211; [et_pb_line_break_holder] &#8211;&gt;&lt;!&#8211; [et_pb_line_break_holder] &#8211;&gt;&lt;style&gt;&lt;!&#8211; [et_pb_line_break_holder] &#8211;&gt;.grid-info-container {&lt;!&#8211; [et_pb_line_break_holder] &#8211;&gt; display: grid;&lt;!&#8211; [et_pb_line_break_holder] &#8211;&gt; grid-template-columns: 1fr 1fr;&lt;!&#8211; [et_pb_line_break_holder] &#8211;&gt; align-items: center;&lt;!&#8211; [et_pb_line_break_holder] &#8211;&gt; border-radius: 5px;&lt;!&#8211; [et_pb_line_break_holder] &#8211;&gt; overflow: hidden;&lt;!&#8211; [et_pb_line_break_holder] &#8211;&gt;}&lt;!&#8211; [et_pb_line_break_holder] &#8211;&gt;&lt;!&#8211; [et_pb_line_break_holder] &#8211;&gt;.grid-info-container &gt; div {&lt;!&#8211; [et_pb_line_break_holder] &#8211;&gt; display: flex;&lt;!&#8211; [et_pb_line_break_holder] &#8211;&gt; height: 100%;&lt;!&#8211; [et_pb_line_break_holder] &#8211;&gt; padding: 50px 25px;&lt;!&#8211; [et_pb_line_break_holder] &#8211;&gt; flex-direction: column;&lt;!&#8211; [et_pb_line_break_holder] &#8211;&gt; justify-content: center;&lt;!&#8211; [et_pb_line_break_holder] &#8211;&gt;}&lt;!&#8211; [et_pb_line_break_holder] &#8211;&gt;&lt;!&#8211; [et_pb_line_break_holder] &#8211;&gt;.grid-info-container .left {&lt;!&#8211; [et_pb_line_break_holder] &#8211;&gt; background: #f80104;&lt;!&#8211; [et_pb_line_break_holder] &#8211;&gt; color: white;&lt;!&#8211; [et_pb_line_break_holder] &#8211;&gt; font-size: 26px;&lt;!&#8211; [et_pb_line_break_holder] &#8211;&gt; line-height: 38px;&lt;!&#8211; [et_pb_line_break_holder] &#8211;&gt; font-weight: 600;&lt;!&#8211; [et_pb_line_break_holder] &#8211;&gt;}&lt;!&#8211; [et_pb_line_break_holder] &#8211;&gt;&lt;!&#8211; [et_pb_line_break_holder] &#8211;&gt;.grid-info-container .right {&lt;!&#8211; [et_pb_line_break_holder] &#8211;&gt; background: #E2DFDB;&lt;!&#8211; [et_pb_line_break_holder] &#8211;&gt; font-size: 16px;&lt;!&#8211; [et_pb_line_break_holder] &#8211;&gt; line-height: 26px;&lt;!&#8211; [et_pb_line_break_holder] &#8211;&gt; color: #333333;&lt;!&#8211; [et_pb_line_break_holder] &#8211;&gt;}&lt;!&#8211; [et_pb_line_break_holder] &#8211;&gt;&lt;!&#8211; [et_pb_line_break_holder] &#8211;&gt;@media screen and (max-width: 850px) {&lt;!&#8211; [et_pb_line_break_holder] &#8211;&gt; .grid-info-container {&lt;!&#8211; [et_pb_line_break_holder] &#8211;&gt; grid-template-columns: 1fr;&lt;!&#8211; [et_pb_line_break_holder] &#8211;&gt; }&lt;!&#8211; [et_pb_line_break_holder] &#8211;&gt;}&lt;!&#8211; [et_pb_line_break_holder] &#8211;&gt;&lt;\/style&gt;[\/et_pb_code][et_pb_code _builder_version=&#8221;3.9&#8243;]&lt;div class=&quot;participacion-lists-wrapper&quot;&gt;&lt;!&#8211; [et_pb_line_break_holder] &#8211;&gt; &lt;div class=&quot;participacion-lists-container&quot;&gt;&lt;!&#8211; [et_pb_line_break_holder] &#8211;&gt; &lt;h2&gt;Para cada \u00e1mbito de actuaci\u00f3n, se priorizar\u00e1n propuestas que trabajen alguna de las siguientes l\u00edneas:&lt;\/h2&gt;&lt;!&#8211; [et_pb_line_break_holder] &#8211;&gt; &lt;div class=&quot;grid&quot;&gt;&lt;!&#8211; [et_pb_line_break_holder] &#8211;&gt; &lt;div class=&quot;left&quot;&gt;&lt;!&#8211; [et_pb_line_break_holder] &#8211;&gt; &lt;img src=&quot;\/ecosocial\/wp-content\/uploads\/2025\/11\/infancia.png&quot;&gt;&lt;!&#8211; [et_pb_line_break_holder] &#8211;&gt; &lt;span class=&quot;title&quot;&gt;Acci\u00f3n Social: Infancia y Juventud&lt;\/span&gt;&lt;!&#8211; [et_pb_line_break_holder] &#8211;&gt; &lt;ul&gt;&lt;!&#8211; [et_pb_line_break_holder] &#8211;&gt; &lt;li&gt;Educaci\u00f3n&lt;\/li&gt;&lt;!&#8211; [et_pb_line_break_holder] &#8211;&gt; &lt;li&gt;Salud mental y bienestar emocional&lt;\/li&gt;&lt;!&#8211; [et_pb_line_break_holder] &#8211;&gt; &lt;li&gt;Protecci\u00f3n en entornos digitales&lt;\/li&gt;&lt;!&#8211; [et_pb_line_break_holder] &#8211;&gt; &lt;li&gt;Prevenci\u00f3n de violencias y adicciones&lt;\/li&gt;&lt;!&#8211; [et_pb_line_break_holder] &#8211;&gt; &lt;li&gt;Inserci\u00f3n laboral, formaci\u00f3n profesional y desarrollo de habilidades para la vida.&lt;\/li&gt;&lt;!&#8211; [et_pb_line_break_holder] &#8211;&gt; &lt;\/ul&gt;&lt;!&#8211; [et_pb_line_break_holder] &#8211;&gt; &lt;\/div&gt;&lt;!&#8211; [et_pb_line_break_holder] &#8211;&gt; &lt;div class=&quot;right&quot;&gt;&lt;!&#8211; [et_pb_line_break_holder] &#8211;&gt; &lt;img src=&quot;\/ecosocial\/wp-content\/uploads\/2025\/11\/alga.png&quot;&gt;&lt;!&#8211; [et_pb_line_break_holder] &#8211;&gt; &lt;span class=&quot;title&quot;&gt;Medioambiental: Econom\u00eda Azul&lt;\/span&gt;&lt;!&#8211; [et_pb_line_break_holder] &#8211;&gt; &lt;ul&gt;&lt;!&#8211; [et_pb_line_break_holder] &#8211;&gt; &lt;li&gt;Emprendimiento social y econom\u00eda azul&lt;\/li&gt;&lt;!&#8211; [et_pb_line_break_holder] &#8211;&gt; &lt;li&gt;Sostenibilidad ambiental y protecci\u00f3n del entorno marino&lt;\/li&gt;&lt;!&#8211; [et_pb_line_break_holder] &#8211;&gt; &lt;li&gt;Educaci\u00f3n y cultura mar\u00edtima&lt;\/li&gt;&lt;!&#8211; [et_pb_line_break_holder] &#8211;&gt; &lt;\/ul&gt;&lt;!&#8211; [et_pb_line_break_holder] &#8211;&gt; &lt;\/div&gt;&lt;!&#8211; [et_pb_line_break_holder] &#8211;&gt; &lt;\/div&gt;&lt;!&#8211; [et_pb_line_break_holder] &#8211;&gt; &lt;a class=&quot;btn&quot; href=&quot;\/ecosocial\/participa\/&quot;&gt;Participar&lt;\/a&gt;&lt;!&#8211; [et_pb_line_break_holder] &#8211;&gt; &lt;\/div&gt;&lt;!&#8211; [et_pb_line_break_holder] &#8211;&gt;&lt;\/div&gt;&lt;!&#8211; [et_pb_line_break_holder] &#8211;&gt;&lt;!&#8211; [et_pb_line_break_holder] &#8211;&gt;&lt;style&gt;&lt;!&#8211; [et_pb_line_break_holder] &#8211;&gt;.participacion-lists-wrapper{margin:72px 0}.participacion-lists-container h2{text-align:center;max-width:712px;margin:auto;line-height:38px}.participacion-lists-container .grid{display:flex;max-width:890px;margin:40px auto;justify-content:space-between}.participacion-lists-container .btn{margin:auto;display:block;width:fit-content;background:#f90205;padding:17px 54px;color:#fff;border-radius:2px;font-size:18px;font-weight:700}.participacion-lists-container .grid&gt;div{max-width:350px;display:flex;flex-direction:column}.participacion-lists-container .grid&gt;div img{width:fit-content;margin-bottom:32px}.participacion-lists-container .grid&gt;div .title{font-size:22px;font-weight:700;color:#f90205;margin-bottom:32px}.participacion-lists-container .grid&gt;div ul{list-style:none;padding:0;display:flex;flex-direction:column;gap:17px}.participacion-lists-container .grid&gt;div ul li{font-size:18px!important;line-height:26px;color:#333;position:relative;padding-left:30px}.participacion-lists-container .grid&gt;div ul li:before{content:&#x27;&#x27;;position:absolute;width:20px;height:20px;background-size:contain;background-repeat:no-repeat;background-image:url(\/ecosocial\/wp-content\/uploads\/2025\/10\/tick.png);left:0;top:3px}@media screen and (max-width:920px){.participacion-lists-container .grid{flex-direction:column;gap:32px}.participacion-lists-container .grid&gt;div{max-width:unset}}&lt;!&#8211; [et_pb_line_break_holder] &#8211;&gt;&lt;\/style&gt;[\/et_pb_code][et_pb_code _builder_version=&#8221;3.9&#8243;]&lt;div class=&quot;financiacion-wrapper&quot;&gt;&lt;!&#8211; [et_pb_line_break_holder] &#8211;&gt; &lt;div class=&quot;financiacion-wrapper-container&quot;&gt;&lt;!&#8211; [et_pb_line_break_holder] &#8211;&gt; &lt;div class=&quot;left&quot;&gt;&lt;!&#8211; [et_pb_line_break_holder] &#8211;&gt; Los proyectos seleccionados recibir\u00e1n &lt;span&gt;financiaci\u00f3n econ\u00f3mica y acompa\u00f1amiento t\u00e9cnico personalizado&lt;\/span&gt; en los siguientes t\u00e9rminos:&lt;!&#8211; [et_pb_line_break_holder] &#8211;&gt; &lt;\/div&gt;&lt;!&#8211; [et_pb_line_break_holder] &#8211;&gt; &lt;div class=&quot;grid-right&quot;&gt;&lt;!&#8211; [et_pb_line_break_holder] &#8211;&gt; &lt;div class=&quot;left&quot;&gt;&lt;!&#8211; [et_pb_line_break_holder] &#8211;&gt; &lt;span class=&quot;title&quot;&gt;Financiaci\u00f3n econ\u00f3mica&lt;\/span&gt;&lt;!&#8211; [et_pb_line_break_holder] &#8211;&gt; &lt;div class=&quot;anagrama&quot;&gt;&lt;!&#8211; [et_pb_line_break_holder] &#8211;&gt; &lt;span class=&quot;hasta&quot;&gt;hasta&lt;\/span&gt;&lt;!&#8211; [et_pb_line_break_holder] &#8211;&gt; &lt;span class=&quot;dinero&quot;&gt;&lt;!&#8211; [et_pb_line_break_holder] &#8211;&gt; &lt;span&gt;50.000&lt;\/span&gt;&lt;!&#8211; [et_pb_line_break_holder] &#8211;&gt; &lt;div class=&quot;money&quot;&gt;&lt;!&#8211; [et_pb_line_break_holder] &#8211;&gt; &lt;span style=&quot;opacity: 0&quot;&gt;\u20ac&lt;\/span&gt;&lt;!&#8211; [et_pb_line_break_holder] &#8211;&gt; &lt;span&gt;&lt;b&gt;\u20ac&lt;\/b&gt; anuales&lt;\/span&gt;&lt;!&#8211; [et_pb_line_break_holder] &#8211;&gt; &lt;\/div&gt;&lt;!&#8211; [et_pb_line_break_holder] &#8211;&gt; &lt;\/span&gt;&lt;!&#8211; [et_pb_line_break_holder] &#8211;&gt; &lt;span class=&quot;info&quot;&gt;por proyecto, durante un m\u00e1ximo de 3 a\u00f1os (hasta 150.000 \u20ac).&lt;\/span&gt;&lt;!&#8211; [et_pb_line_break_holder] &#8211;&gt; &lt;\/div&gt;&lt;!&#8211; [et_pb_line_break_holder] &#8211;&gt; &lt;\/div&gt;&lt;!&#8211; [et_pb_line_break_holder] &#8211;&gt; &lt;div class=&quot;right&quot;&gt;&lt;!&#8211; [et_pb_line_break_holder] &#8211;&gt; &lt;span class=&quot;title&quot;&gt;Acompa\u00f1amiento t\u00e9cnico personalizado&lt;\/span&gt;&lt;!&#8211; [et_pb_line_break_holder] &#8211;&gt; &lt;ul class=&quot;list&quot;&gt;&lt;!&#8211; [et_pb_line_break_holder] &#8211;&gt; &lt;li&gt;Diagn\u00f3stico&lt;\/li&gt;&lt;!&#8211; [et_pb_line_break_holder] &#8211;&gt; &lt;li&gt;Mentor\u00eda&lt;\/li&gt;&lt;!&#8211; [et_pb_line_break_holder] &#8211;&gt; &lt;li&gt;Espacios de aprendizaje&lt;\/li&gt;&lt;!&#8211; [et_pb_line_break_holder] &#8211;&gt; &lt;li&gt;y Seguimiento continuo&lt;\/li&gt;&lt;!&#8211; [et_pb_line_break_holder] &#8211;&gt; &lt;\/ul&gt;&lt;!&#8211; [et_pb_line_break_holder] &#8211;&gt; &lt;\/div&gt;&lt;!&#8211; [et_pb_line_break_holder] &#8211;&gt; &lt;\/div&gt;&lt;!&#8211; [et_pb_line_break_holder] &#8211;&gt; &lt;\/div&gt;&lt;!&#8211; [et_pb_line_break_holder] &#8211;&gt;&lt;\/div&gt;&lt;!&#8211; [et_pb_line_break_holder] &#8211;&gt;&lt;!&#8211; [et_pb_line_break_holder] &#8211;&gt;&lt;style&gt;&lt;!&#8211; [et_pb_line_break_holder] &#8211;&gt;.financiacion-wrapper{padding:40px 15px;background:rgb(229 229 229 \/ 40%);border-radius:5px}.financiacion-wrapper-container{max-width:890px;margin:auto;display:grid;grid-template-columns:2fr 3fr;gap:50px;align-items:center}.financiacion-wrapper-container&gt;.left{font-size:18px;line-height:26px}.financiacion-wrapper-container&gt;.left span{color:#f80104;font-weight:700}.grid-right{display:grid;grid-template-columns:1fr 1fr;gap:20px}.grid-right&gt;div{padding:19px;border-radius:5px;color:#fff}.grid-right .left{background:#505050}.grid-right .right{background:#f80104}.grid-right span.title{display:block;margin-bottom:25px;font-weight:700;font-size:22px;line-height:27px}.grid-right span.hasta,.grid-right span.info{display:block;line-height:21px;font-size:16px}.grid-right span.info{margin-top:25px}.grid-right span.dinero{display:flex;gap:7px}.grid-right span.dinero&gt;span{font-size:30px;font-weight:700;line-height:30px;display:flex;align-items:center}.grid-right .money{display:flex;flex-direction:column}.grid-right .money span{font-size:16px;line-height:13px}.grid-right .money span:first-child{font-weight:700;font-size:15px}.grid-right .right ul.list{padding:0;list-style:none;display:flex;flex-direction:column;gap:16px}.grid-right .right ul.list li{position:relative;padding-left:20px}.grid-right .right ul.list li:before{content:&#x27;&#x27;;position:absolute;left:2px;width:12px;height:100%;background-image:url(\/ecosocial\/wp-content\/uploads\/2025\/10\/flecha-icon.png);background-size:contain;background-position:center;background-repeat:no-repeat;top:0}@media screen and (max-width:1170px){.financiacion-wrapper-container{grid-template-columns:1fr;padding:25px;gap:24px}}@media screen and (max-width:660px){.grid-right{grid-template-columns:1fr}}&lt;!&#8211; [et_pb_line_break_holder] &#8211;&gt;&lt;\/style&gt;[\/et_pb_code][et_pb_text _builder_version=&#8221;3.9&#8243;]<\/p>\n<h2 style=\"text-align: center;\">Documentos de inter\u00e9s<\/h2>\n<p>[\/et_pb_text][et_pb_code _builder_version=&#8221;3.9&#8243;]&lt;div class=&quot;sc_accordion__wrapper&quot;&gt;&lt;!&#8211; [et_pb_line_break_holder] &#8211;&gt; &lt;div class=&quot;ac_accordion__card&quot;&gt;&lt;!&#8211; [et_pb_line_break_holder] &#8211;&gt; &lt;a class=&quot;ac_accordion__title cust&quot; href=&quot;\/ecosocial\/bases\/&quot; target=&quot;blank&quot;&gt;&lt;!&#8211; [et_pb_line_break_holder] &#8211;&gt; Bases&lt;!&#8211; [et_pb_line_break_holder] &#8211;&gt; &lt;\/a&gt;&lt;!&#8211; [et_pb_line_break_holder] &#8211;&gt; &lt;\/div&gt;&lt;!&#8211; [et_pb_line_break_holder] &#8211;&gt; &lt;div class=&quot;ac_accordion__card&quot;&gt;&lt;!&#8211; [et_pb_line_break_holder] &#8211;&gt; &lt;a class=&quot;ac_accordion__title cust&quot; href=&quot;\/ecosocial\/faq\/&quot; target=&quot;blank&quot;&gt;&lt;!&#8211; [et_pb_line_break_holder] &#8211;&gt; FAQs&lt;!&#8211; [et_pb_line_break_holder] &#8211;&gt; &lt;\/a&gt;&lt;!&#8211; [et_pb_line_break_holder] &#8211;&gt; &lt;\/div&gt;&lt;!&#8211; [et_pb_line_break_holder] &#8211;&gt; &lt;div class=&quot;ac_accordion__card&quot;&gt;&lt;!&#8211; [et_pb_line_break_holder] &#8211;&gt; &lt;a class=&quot;ac_accordion__title cust&quot; href=&quot;https:\/\/fundacionoccident.eu-1.smartsimple.eu\/s_Login.jsp&quot; target=&quot;blank&quot;&gt;&lt;!&#8211; [et_pb_line_break_holder] &#8211;&gt; \u00c1rea privada participaci\u00f3n&lt;!&#8211; [et_pb_line_break_holder] &#8211;&gt; &lt;\/a&gt;&lt;!&#8211; [et_pb_line_break_holder] &#8211;&gt; &lt;\/div&gt;&lt;!&#8211; [et_pb_line_break_holder] &#8211;&gt;&lt;\/div&gt;[\/et_pb_code][\/et_pb_column][\/et_pb_row][\/et_pb_section]<\/p>\n","protected":false},"excerpt":{"rendered":"<p>[et_pb_section bb_built=&#8221;1&#8243; fullwidth=&#8221;on&#8221; specialty=&#8221;off&#8221; next_background_color=&#8221;#000000&#8243;][et_pb_fullwidth_code _builder_version=&#8221;3.9&#8243; disabled=&#8221;on&#8221; disabled_on=&#8221;on|on|on&#8221;]&lt;video class=&quot;header-video&quot; autoplay muted loop&gt;&lt;!&#8211; [et_pb_line_break_holder] &#8211;&gt; &lt;source src=&quot;\/becas\/wp-content\/uploads\/2024\/04\/cabecera.mp4&quot; type=&quot;video\/mp4&quot;&gt;&lt;!&#8211; [et_pb_line_break_holder] &#8211;&gt;&lt;\/video&gt;[\/et_pb_fullwidth_code][et_pb_fullwidth_code _builder_version=&#8221;3.9&#8243;]&lt;img class=&quot;img-header&quot; src=&quot;\/ecosocial\/wp-content\/uploads\/2025\/11\/banner-web_AccionSocial.jpg&quot;&gt;&lt;!&#8211; [et_pb_line_break_holder] &#8211;&gt;&lt;style&gt;&lt;!&#8211; [et_pb_line_break_holder] &#8211;&gt;.img-header {&lt;!&#8211; [et_pb_line_break_holder] &#8211;&gt; object-fit: cover;&lt;!&#8211; [et_pb_line_break_holder] &#8211;&gt; width: 100%;&lt;!&#8211; [et_pb_line_break_holder] &#8211;&gt;}&lt;!&#8211; [et_pb_line_break_holder] &#8211;&gt;&lt;\/style&gt;[\/et_pb_fullwidth_code][\/et_pb_section][et_pb_section bb_built=&#8221;1&#8243; fullwidth=&#8221;off&#8221; specialty=&#8221;off&#8221; prev_background_color=&#8221;#000000&#8243;][et_pb_row][et_pb_column type=&#8221;4_4&#8243;][et_pb_text _builder_version=&#8221;3.9&#8243;] Convocatoria EcoSocial Jes\u00fas Serra Convocatoria 2025 [\/et_pb_text][et_pb_text _builder_version=&#8221;3.9&#8243;] Estado: Cerrada [&hellip;]<\/p>\n","protected":false},"author":20,"featured_media":0,"parent":0,"menu_order":0,"comment_status":"closed","ping_status":"closed","template":"","meta":{"footnotes":""},"class_list":["post-49","page","type-page","status-publish","hentry"],"_links":{"self":[{"href":"https:\/\/edicion.fundacionoccident.org\/ecosocial\/wp-json\/wp\/v2\/pages\/49","targetHints":{"allow":["GET"]}}],"collection":[{"href":"https:\/\/edicion.fundacionoccident.org\/ecosocial\/wp-json\/wp\/v2\/pages"}],"about":[{"href":"https:\/\/edicion.fundacionoccident.org\/ecosocial\/wp-json\/wp\/v2\/types\/page"}],"author":[{"embeddable":true,"href":"https:\/\/edicion.fundacionoccident.org\/ecosocial\/wp-json\/wp\/v2\/users\/20"}],"replies":[{"embeddable":true,"href":"https:\/\/edicion.fundacionoccident.org\/ecosocial\/wp-json\/wp\/v2\/comments?post=49"}],"version-history":[{"count":402,"href":"https:\/\/edicion.fundacionoccident.org\/ecosocial\/wp-json\/wp\/v2\/pages\/49\/revisions"}],"predecessor-version":[{"id":5337,"href":"https:\/\/edicion.fundacionoccident.org\/ecosocial\/wp-json\/wp\/v2\/pages\/49\/revisions\/5337"}],"wp:attachment":[{"href":"https:\/\/edicion.fundacionoccident.org\/ecosocial\/wp-json\/wp\/v2\/media?parent=49"}],"curies":[{"name":"wp","href":"https:\/\/api.w.org\/{rel}","templated":true}]}}