{"id":5222,"date":"2025-09-25T13:39:12","date_gmt":"2025-09-25T11:39:12","guid":{"rendered":"https:\/\/edicionpre.fundacionoccident.org\/becas\/?page_id=5222"},"modified":"2025-12-30T09:17:42","modified_gmt":"2025-12-30T08:17:42","slug":"jurado","status":"publish","type":"page","link":"https:\/\/edicion.fundacionoccident.org\/ecosocial\/jurado","title":{"rendered":"Jurado"},"content":{"rendered":"<p>[et_pb_section bb_built=&#8221;1&#8243;][et_pb_row][et_pb_column type=&#8221;4_4&#8243;][et_pb_text _builder_version=&#8221;3.9&#8243;]<\/p>\n<h1>Miembros del Comit\u00e9 evaluador<\/h1>\n<p>[\/et_pb_text][et_pb_code _builder_version=&#8221;3.9&#8243;]&lt;card class=&quot;evaluador-card&quot;&gt;&lt;!&#8211; [et_pb_line_break_holder] &#8211;&gt;    &lt;div class=&quot;container&quot;&gt;&lt;!&#8211; [et_pb_line_break_holder] &#8211;&gt;        &lt;img src=&quot;\/ecosocial\/wp-content\/uploads\/2025\/12\/carmen-pellicer-iborra.jpg&quot; \/&gt;&lt;!&#8211; [et_pb_line_break_holder] &#8211;&gt;        &lt;div class=&quot;info&quot;&gt;&lt;!&#8211; [et_pb_line_break_holder] &#8211;&gt;            &lt;span class=&quot;name&quot;&gt;Carmen Pellicer&lt;\/span&gt;&lt;!&#8211; [et_pb_line_break_holder] &#8211;&gt;            &lt;p&gt;Carmen Pellicer es presidenta de la Fundaci\u00f3n Trilema y dirige &amp;quot;Cuadernos de Pedagog\u00eda&amp;quot;. Doctora honoris causa por la Universidad de Olmeca, cuenta con una amplia carrera como profesora y coordinadora en diversas instituciones, lidera programas de formaci\u00f3n docente y dirige el M\u00e1ster Learning Leaders. Su fundaci\u00f3n gestiona seis centros educativos y ha desarrollado el modelo Rubik de innovaci\u00f3n educativa. Ha escrito varios libros y producido largometrajes sobre educaci\u00f3n, colaborando con medios y editoriales.&lt;\/p&gt;&lt;!&#8211; [et_pb_line_break_holder] &#8211;&gt;        &lt;\/div&gt;&lt;!&#8211; [et_pb_line_break_holder] &#8211;&gt;    &lt;\/div&gt;&lt;!&#8211; [et_pb_line_break_holder] &#8211;&gt;&lt;\/card&gt;&lt;!&#8211; [et_pb_line_break_holder] &#8211;&gt;&lt;card class=&quot;evaluador-card&quot;&gt;&lt;!&#8211; [et_pb_line_break_holder] &#8211;&gt;    &lt;div class=&quot;container&quot;&gt;&lt;!&#8211; [et_pb_line_break_holder] &#8211;&gt;        &lt;img src=&quot;\/ecosocial\/wp-content\/uploads\/2025\/12\/genis-roca.jpg&quot; \/&gt;&lt;!&#8211; [et_pb_line_break_holder] &#8211;&gt;        &lt;div class=&quot;info&quot;&gt;&lt;!&#8211; [et_pb_line_break_holder] &#8211;&gt;            &lt;span class=&quot;name&quot;&gt;Gen\u00eds Roca&lt;\/span&gt;&lt;!&#8211; [et_pb_line_break_holder] &#8211;&gt;            &lt;p&gt;Gen\u00eds Roca (Girona, 1966) es un referente catal\u00e1n en transformaci\u00f3n digital y desarrollo de negocio. Arque\u00f3logo y licenciado en Historia por la UAB, con MBA por ESADE, cofund\u00f3 la consultora RocaSalvatella en 2008. El diario El Mundo lo reconoci\u00f3 como uno de los 25 espa\u00f1oles m\u00e1s influyentes en Internet. Es director del Posgrado en Transformaci\u00f3n Digital en la UPF y colabora con La Vanguardia y RAC1. Desde 2021 preside la Fundaci\u00f3n Puntcat y participa en \u00f3rganos de gobierno del RACC, Museo Picasso y otras instituciones catalanas.&lt;\/p&gt;&lt;!&#8211; [et_pb_line_break_holder] &#8211;&gt;        &lt;\/div&gt;&lt;!&#8211; [et_pb_line_break_holder] &#8211;&gt;    &lt;\/div&gt;&lt;!&#8211; [et_pb_line_break_holder] &#8211;&gt;&lt;\/card&gt;&lt;!&#8211; [et_pb_line_break_holder] &#8211;&gt;&lt;card class=&quot;evaluador-card&quot;&gt;&lt;!&#8211; [et_pb_line_break_holder] &#8211;&gt;    &lt;div class=&quot;container&quot;&gt;&lt;!&#8211; [et_pb_line_break_holder] &#8211;&gt;        &lt;img src=&quot;\/ecosocial\/wp-content\/uploads\/2025\/12\/pablo-valencia.jpg&quot; \/&gt;&lt;!&#8211; [et_pb_line_break_holder] &#8211;&gt;        &lt;div class=&quot;info&quot;&gt;&lt;!&#8211; [et_pb_line_break_holder] &#8211;&gt;            &lt;span class=&quot;name&quot;&gt;Pablo Valencia&lt;\/span&gt;&lt;!&#8211; [et_pb_line_break_holder] &#8211;&gt;            &lt;p&gt;Pablo Valencia &#8211; Socio Director de Q-Impact Pablo es fundador y socio director de Q-Impact, firma de inversi\u00f3n especializada en capital crecimiento para empresas con impacto social y medio ambiental.&lt;\/p&gt;&lt;!&#8211; [et_pb_line_break_holder] &#8211;&gt;         &lt;p&gt;Pablo cuenta con m\u00e1s de 25 a\u00f1os de experiencia en inversi\u00f3n y financiaci\u00f3n de activos alternativos, desde capital riesgo, capital privado y activos de generaci\u00f3n de energ\u00eda renovable. Fue fundador y socio de Q-Energy y Vela Energy, as\u00ed como CIO de FRV, compa\u00f1\u00edas dedicadas al desarrollo e inversi\u00f3n en activos de energ\u00edas renovables a nivel global. Anteriormente, fue director financiero y de inversiones de una firma de inversi\u00f3n en tecnolog\u00eda y comenz\u00f3 su carrera profesional en el \u00e1rea de banca de inversi\u00f3n.&lt;\/p&gt;&lt;!&#8211; [et_pb_line_break_holder] &#8211;&gt;         &lt;p&gt;Pablo participa de forma habitual en conferencias internacionales sobre inversi\u00f3n de impacto y energ\u00edas renovables, y es asesor y consejero de m\u00faltiples compa\u00f1\u00edas y entidades filantr\u00f3picas, as\u00ed como profesor de capital privado e inversi\u00f3n de impacto.&lt;\/p&gt;&lt;!&#8211; [et_pb_line_break_holder] &#8211;&gt;         &lt;p&gt;Cuenta con una doble licenciatura en Derecho y Administraci\u00f3n de Empresas por la U.P. Comillas (ICADE E-3) y un MBA de Haas School of Business (UC Berkeley) como embajador de buena voluntad.&lt;\/p&gt;&lt;!&#8211; [et_pb_line_break_holder] &#8211;&gt;        &lt;\/div&gt;&lt;!&#8211; [et_pb_line_break_holder] &#8211;&gt;    &lt;\/div&gt;&lt;!&#8211; [et_pb_line_break_holder] &#8211;&gt;&lt;\/card&gt;&lt;!&#8211; [et_pb_line_break_holder] &#8211;&gt;&lt;card class=&quot;evaluador-card&quot;&gt;&lt;!&#8211; [et_pb_line_break_holder] &#8211;&gt;    &lt;div class=&quot;container&quot;&gt;&lt;!&#8211; [et_pb_line_break_holder] &#8211;&gt;        &lt;img src=&quot;\/ecosocial\/wp-content\/uploads\/2025\/12\/maria-valles-segura.jpg&quot; \/&gt;&lt;!&#8211; [et_pb_line_break_holder] &#8211;&gt;        &lt;div class=&quot;info&quot;&gt;&lt;!&#8211; [et_pb_line_break_holder] &#8211;&gt;            &lt;span class=&quot;name&quot;&gt;M\u00e0ria Valles Segura&lt;\/span&gt;&lt;!&#8211; [et_pb_line_break_holder] &#8211;&gt;            &lt;p&gt;M\u00e0ria Valles Segura es ejecutiva experta en fundaciones, sector sin \u00e1nimo de lucro, responsabilidad social corporativa y sostenibilidad. Desde febrero de 2024 dirige Exea Impact, la fundaci\u00f3n de la familia PUIG.&lt;\/p&gt;&lt;!&#8211; [et_pb_line_break_holder] &#8211;&gt;         &lt;p&gt;Anteriormente, fue gerente de la Fundaci\u00f3n Joan Mir\u00f3 (2021-2023), directora general de la Fundaci\u00f3n del FC Barcelona (2016-2021) y directora de Desarrollo Corporativo en la Fundaci\u00f3n Vicente Ferrer (2012-2016). En M\u00e9dicos Sin Fronteras (MSF) desarroll\u00f3 su labor durante m\u00e1s de diez a\u00f1os, tanto en la sede central de Barcelona como en proyectos internacionales, y form\u00f3 parte de su Junta Directiva de 2013 a 2016.&lt;\/p&gt;&lt;!&#8211; [et_pb_line_break_holder] &#8211;&gt;         &lt;p&gt;Con m\u00e1s de 27 a\u00f1os de experiencia en el sector, cuenta con un M\u00e1ster en Cooperaci\u00f3n y Desarrollo y es Diplomada en cultura de paz y gesti\u00f3n de conflictos. Anteriormente curs\u00f3 estudios de Management Internacional y Comercio Exterior en Par\u00eds. Guiada por un enfoque de liderazgo humanista, promueve la implementaci\u00f3n de estrategias orientadas al impacto sist\u00e9mico y sostenible a largo plazo.&lt;\/p&gt;&lt;!&#8211; [et_pb_line_break_holder] &#8211;&gt;        &lt;\/div&gt;&lt;!&#8211; [et_pb_line_break_holder] &#8211;&gt;    &lt;\/div&gt;&lt;!&#8211; [et_pb_line_break_holder] &#8211;&gt;&lt;\/card&gt;&lt;!&#8211; [et_pb_line_break_holder] &#8211;&gt;&lt;card class=&quot;evaluador-card&quot;&gt;&lt;!&#8211; [et_pb_line_break_holder] &#8211;&gt;    &lt;div class=&quot;container&quot;&gt;&lt;!&#8211; [et_pb_line_break_holder] &#8211;&gt;        &lt;img src=&quot;\/ecosocial\/wp-content\/uploads\/2025\/12\/jose-maria-vera-villacian.jpg&quot; \/&gt;&lt;!&#8211; [et_pb_line_break_holder] &#8211;&gt;        &lt;div class=&quot;info&quot;&gt;&lt;!&#8211; [et_pb_line_break_holder] &#8211;&gt;            &lt;span class=&quot;name&quot;&gt;Jos\u00e9 Mar\u00eda Vera Villaci\u00e1n&lt;\/span&gt;&lt;!&#8211; [et_pb_line_break_holder] &#8211;&gt;            &lt;p&gt;Jos\u00e9 Mar\u00eda Vera Villaci\u00e1n (Madrid, 14 de junio de 1965) atesora una larga trayectoria en el mundo de la cooperaci\u00f3n y el tercer sector.&lt;\/p&gt;&lt;!&#8211; [et_pb_line_break_holder] &#8211;&gt;         &lt;p&gt;Qu\u00edmico industrial de formaci\u00f3n, desarroll\u00f3 labores de voluntariado en Per\u00fa, trabaj\u00f3 como ingeniero de proyectos en T\u00e9cnicas Reunidas y, muy pronto, se incorpor\u00f3 a Oxfam Interm\u00f3n (Oxfam Espa\u00f1a) como director de Campa\u00f1as y Estudios, y de su sede en Madrid.&lt;\/p&gt;&lt;!&#8211; [et_pb_line_break_holder] &#8211;&gt;         &lt;p&gt;Fue director de Programas de Cooperaci\u00f3n de la Cumbre Iberoamericana de Jefes y Jefas de Estado y de Gobierno en la Secretar\u00eda General Iberoamericana.&lt;\/p&gt;&lt;!&#8211; [et_pb_line_break_holder] &#8211;&gt;         &lt;p&gt;Regres\u00f3 a Oxfam Interm\u00f3n en 2012 para ocupar el puesto de director general; y en 2019 fue nombrado director ejecutivo de Oxfam Internacional. &lt;\/p&gt;&lt;!&#8211; [et_pb_line_break_holder] &#8211;&gt;         &lt;p&gt;Es director ejecutivo de UNICEF Espa\u00f1a desde noviembre de 2021.&lt;\/p&gt;&lt;!&#8211; [et_pb_line_break_holder] &#8211;&gt;         &lt;p&gt;Escribe peri\u00f3dicamente en distintos medios de comunicaci\u00f3n, ha sido profesor visitante en la Universidad de Georgetown y en la Universidad Loyola Andaluc\u00eda; ha dirigido varias ediciones de los informes de La Realidad de la Ayuda y de La Cooperaci\u00f3n Sur-Sur en Iberoam\u00e9rica; es Master en Cooperaci\u00f3n Internacional para el por la Universidad Complutense de Madrid; y ha cursado el Programa de Desarrollo Directivo (PDD) en la escuela de negocios IESE, el Programa de Inversi\u00f3n Sostenible (ESG) de la Universidad de Cambridge y el Programa de Consejeros de ESADE.&lt;\/p&gt;&lt;!&#8211; [et_pb_line_break_holder] &#8211;&gt;        &lt;\/div&gt;&lt;!&#8211; [et_pb_line_break_holder] &#8211;&gt;    &lt;\/div&gt;&lt;!&#8211; [et_pb_line_break_holder] &#8211;&gt;&lt;\/card&gt;&lt;!&#8211; [et_pb_line_break_holder] &#8211;&gt;&lt;card class=&quot;evaluador-card&quot;&gt;&lt;!&#8211; [et_pb_line_break_holder] &#8211;&gt;    &lt;div class=&quot;container&quot;&gt;&lt;!&#8211; [et_pb_line_break_holder] &#8211;&gt;        &lt;img src=&quot;\/ecosocial\/wp-content\/uploads\/2025\/12\/victor-vinuales.jpg&quot; \/&gt;&lt;!&#8211; [et_pb_line_break_holder] &#8211;&gt;        &lt;div class=&quot;info&quot;&gt;&lt;!&#8211; [et_pb_line_break_holder] &#8211;&gt;            &lt;span class=&quot;name&quot;&gt;V\u00edctor Vi\u00f1uales&lt;\/span&gt;&lt;!&#8211; [et_pb_line_break_holder] &#8211;&gt;            &lt;p&gt;V\u00edctor Vi\u00f1uales es soci\u00f3logo, cofundador y ex-Director de Fundaci\u00f3n Ecolog\u00eda y Desarrollo (ECODES). Ha formado parte de consejos asesores y paneles de sostenibilidad en organizaciones como INDITEX, Sol Meli\u00e1, Triodos Bank, CREAS Fondo Social, Fundaci\u00f3n Biodiversidad, Hazloposible y Greenpeace Espa\u00f1a. Profesor asociado en el Programa Superior de Direcci\u00f3n en Responsabilidad Corporativa de IE Business School desde 2007. Vocal del Consejo de Desarrollo Sostenible de Espa\u00f1a y miembro del Centro de Finanzas Responsables y Sostenibles. Fue Vicepresidente de la Red Espa\u00f1ola del Pacto Mundial (2016-2024), Experto-coordinador de la AECID en Nicaragua (1992-1995) y Jefe del Servicio de Juventud del Ayuntamiento de Zaragoza (1987-1992). Autor de Caja de herramientas para los constructores del cambio (2008) y cofundador de la revista En pie de Paz y de \u201cSabores Pr\u00f3ximos\u201d, empresa de agricultura ecol\u00f3gica.&lt;\/p&gt;&lt;!&#8211; [et_pb_line_break_holder] &#8211;&gt;        &lt;\/div&gt;&lt;!&#8211; [et_pb_line_break_holder] &#8211;&gt;    &lt;\/div&gt;&lt;!&#8211; [et_pb_line_break_holder] &#8211;&gt;&lt;\/card&gt;&lt;!&#8211; [et_pb_line_break_holder] &#8211;&gt;&lt;card class=&quot;evaluador-card&quot;&gt;&lt;!&#8211; [et_pb_line_break_holder] &#8211;&gt;    &lt;div class=&quot;container&quot;&gt;&lt;!&#8211; [et_pb_line_break_holder] &#8211;&gt;        &lt;img src=&quot;\/ecosocial\/wp-content\/uploads\/2025\/12\/laura-halpern.jpg&quot; \/&gt;&lt;!&#8211; [et_pb_line_break_holder] &#8211;&gt;        &lt;div class=&quot;info&quot;&gt;&lt;!&#8211; [et_pb_line_break_holder] &#8211;&gt;            &lt;span class=&quot;name&quot;&gt;Laura Halpern Serra&lt;\/span&gt;&lt;!&#8211; [et_pb_line_break_holder] &#8211;&gt;            &lt;p&gt;Laura Halpern Serra (Madrid, 18 de octubre de 1969) actualmente es la Presidenta de la Fundaci\u00f3n Occident.&lt;\/p&gt;&lt;!&#8211; [et_pb_line_break_holder] &#8211;&gt;         &lt;p&gt;Es licenciada en Ciencias Econ\u00f3micas y Empresariales por la Universidad Complutense de  Madrid. Durante la mayor parte de su vida se dedic\u00f3 al mundo financiero, en 2012 fue nombrada Directora general de la Fundaci\u00f3n Occident (antes denominada Fundaci\u00f3n Jes\u00fas Serra) y ejerci\u00f3 el cargo hasta el 2018, es Presidenta de la Fundaci\u00f3n desde el 2024.&lt;\/p&gt;&lt;!&#8211; [et_pb_line_break_holder] &#8211;&gt;         &lt;p&gt;Embajadora tambi\u00e9n de la fundaci\u00f3n constituida en memoria de su abuelo, el fundador del Grupo Catalana Occidente, qui\u00e9n sigue estando presente a trav\u00e9s de sus aficiones, porque a Laura le encanta practicar tenis, p\u00e1del y esqu\u00ed, leer poes\u00eda y tocar el piano; asimismo, est\u00e1 involucrada en la acci\u00f3n social y comprometida con la sostenibilidad.&lt;\/p&gt;&lt;!&#8211; [et_pb_line_break_holder] &#8211;&gt;        &lt;\/div&gt;&lt;!&#8211; [et_pb_line_break_holder] &#8211;&gt;    &lt;\/div&gt;&lt;!&#8211; [et_pb_line_break_holder] &#8211;&gt;&lt;\/card&gt;[\/et_pb_code][et_pb_code _builder_version=&#8221;3.9&#8243;]&lt;style&gt;&lt;!&#8211; [et_pb_line_break_holder] &#8211;&gt;card.evaluador-card .container {&lt;!&#8211; [et_pb_line_break_holder] &#8211;&gt;    margin: 0;&lt;!&#8211; [et_pb_line_break_holder] &#8211;&gt;    display: flex;&lt;!&#8211; [et_pb_line_break_holder] &#8211;&gt;    gap: 32px;&lt;!&#8211; [et_pb_line_break_holder] &#8211;&gt;    width: 100%;&lt;!&#8211; [et_pb_line_break_holder] &#8211;&gt;    padding: 0 !important;&lt;!&#8211; [et_pb_line_break_holder] &#8211;&gt;    margin-bottom: 32px;&lt;!&#8211; [et_pb_line_break_holder] &#8211;&gt;    border-top: 1px solid #bfbfbf;&lt;!&#8211; [et_pb_line_break_holder] &#8211;&gt;    transition: 0.3s;&lt;!&#8211; [et_pb_line_break_holder] &#8211;&gt;}&lt;!&#8211; [et_pb_line_break_holder] &#8211;&gt;&lt;!&#8211; [et_pb_line_break_holder] &#8211;&gt;card.evaluador-card:hover .container {&lt;!&#8211; [et_pb_line_break_holder] &#8211;&gt;    background-color: #dc0028;&lt;!&#8211; [et_pb_line_break_holder] &#8211;&gt;    color: white;&lt;!&#8211; [et_pb_line_break_holder] &#8211;&gt;    border-color: #dc0028;&lt;!&#8211; [et_pb_line_break_holder] &#8211;&gt;}&lt;!&#8211; [et_pb_line_break_holder] &#8211;&gt;&lt;!&#8211; [et_pb_line_break_holder] &#8211;&gt;card.evaluador-card .info .name {&lt;!&#8211; [et_pb_line_break_holder] &#8211;&gt;    display: block;&lt;!&#8211; [et_pb_line_break_holder] &#8211;&gt;    font-size: 32px;&lt;!&#8211; [et_pb_line_break_holder] &#8211;&gt;    font-weight: bold;&lt;!&#8211; [et_pb_line_break_holder] &#8211;&gt;    margin: 10px 0 20px 0;&lt;!&#8211; [et_pb_line_break_holder] &#8211;&gt;    line-height: 42px&lt;!&#8211; [et_pb_line_break_holder] &#8211;&gt;}&lt;!&#8211; [et_pb_line_break_holder] &#8211;&gt;&lt;!&#8211; [et_pb_line_break_holder] &#8211;&gt;card.evaluador-card .container img {&lt;!&#8211; [et_pb_line_break_holder] &#8211;&gt;\theight: fit-content;&lt;!&#8211; [et_pb_line_break_holder] &#8211;&gt;}&lt;!&#8211; [et_pb_line_break_holder] &#8211;&gt;&lt;!&#8211; [et_pb_line_break_holder] &#8211;&gt;card.evaluador-card .info p {&lt;!&#8211; [et_pb_line_break_holder] &#8211;&gt;    font-size: 19px !important;&lt;!&#8211; [et_pb_line_break_holder] &#8211;&gt;    line-height: 29px;&lt;!&#8211; [et_pb_line_break_holder] &#8211;&gt;}&lt;!&#8211; [et_pb_line_break_holder] &#8211;&gt;&lt;!&#8211; [et_pb_line_break_holder] &#8211;&gt;@media screen and (max-width: 750px) {&lt;!&#8211; [et_pb_line_break_holder] &#8211;&gt;    card.evaluador-card .container {&lt;!&#8211; [et_pb_line_break_holder] &#8211;&gt;        flex-direction: column;&lt;!&#8211; [et_pb_line_break_holder] &#8211;&gt;        padding: 32px 25px !important;&lt;!&#8211; [et_pb_line_break_holder] &#8211;&gt;        margin: 0;&lt;!&#8211; [et_pb_line_break_holder] &#8211;&gt;    }&lt;!&#8211; [et_pb_line_break_holder] &#8211;&gt;}&lt;!&#8211; [et_pb_line_break_holder] &#8211;&gt;&lt;\/style&gt;[\/et_pb_code][\/et_pb_column][\/et_pb_row][\/et_pb_section]<\/p>\n","protected":false},"excerpt":{"rendered":"<p>[et_pb_section bb_built=&#8221;1&#8243;][et_pb_row][et_pb_column type=&#8221;4_4&#8243;][et_pb_text _builder_version=&#8221;3.9&#8243;] Miembros del Comit\u00e9 evaluador [\/et_pb_text][et_pb_code _builder_version=&#8221;3.9&#8243;]&lt;card class=&quot;evaluador-card&quot;&gt;&lt;!&#8211; [et_pb_line_break_holder] &#8211;&gt; &lt;div class=&quot;container&quot;&gt;&lt;!&#8211; [et_pb_line_break_holder] &#8211;&gt; &lt;img src=&quot;\/ecosocial\/wp-content\/uploads\/2025\/12\/carmen-pellicer-iborra.jpg&quot; \/&gt;&lt;!&#8211; [et_pb_line_break_holder] &#8211;&gt; &lt;div class=&quot;info&quot;&gt;&lt;!&#8211; [et_pb_line_break_holder] &#8211;&gt; &lt;span class=&quot;name&quot;&gt;Carmen Pellicer&lt;\/span&gt;&lt;!&#8211; [et_pb_line_break_holder] &#8211;&gt; &lt;p&gt;Carmen Pellicer es presidenta de la Fundaci\u00f3n Trilema y dirige &amp;quot;Cuadernos de Pedagog\u00eda&amp;quot;. Doctora honoris causa por la Universidad de Olmeca, cuenta con una [&hellip;]<\/p>\n","protected":false},"author":20,"featured_media":0,"parent":0,"menu_order":0,"comment_status":"closed","ping_status":"closed","template":"","meta":{"footnotes":""},"class_list":["post-5222","page","type-page","status-publish","hentry"],"_links":{"self":[{"href":"https:\/\/edicion.fundacionoccident.org\/ecosocial\/wp-json\/wp\/v2\/pages\/5222","targetHints":{"allow":["GET"]}}],"collection":[{"href":"https:\/\/edicion.fundacionoccident.org\/ecosocial\/wp-json\/wp\/v2\/pages"}],"about":[{"href":"https:\/\/edicion.fundacionoccident.org\/ecosocial\/wp-json\/wp\/v2\/types\/page"}],"author":[{"embeddable":true,"href":"https:\/\/edicion.fundacionoccident.org\/ecosocial\/wp-json\/wp\/v2\/users\/20"}],"replies":[{"embeddable":true,"href":"https:\/\/edicion.fundacionoccident.org\/ecosocial\/wp-json\/wp\/v2\/comments?post=5222"}],"version-history":[{"count":14,"href":"https:\/\/edicion.fundacionoccident.org\/ecosocial\/wp-json\/wp\/v2\/pages\/5222\/revisions"}],"predecessor-version":[{"id":5334,"href":"https:\/\/edicion.fundacionoccident.org\/ecosocial\/wp-json\/wp\/v2\/pages\/5222\/revisions\/5334"}],"wp:attachment":[{"href":"https:\/\/edicion.fundacionoccident.org\/ecosocial\/wp-json\/wp\/v2\/media?parent=5222"}],"curies":[{"name":"wp","href":"https:\/\/api.w.org\/{rel}","templated":true}]}}