{"id":5284,"date":"2025-11-04T14:11:41","date_gmt":"2025-11-04T13:11:41","guid":{"rendered":"https:\/\/edicionpre.fundacionoccident.org\/ecosocial\/?page_id=5284"},"modified":"2026-02-19T09:07:51","modified_gmt":"2026-02-19T08:07:51","slug":"participa","status":"publish","type":"page","link":"https:\/\/edicion.fundacionoccident.org\/ecosocial\/participa","title":{"rendered":"Participa"},"content":{"rendered":"<p>[et_pb_section bb_built=&#8221;1&#8243;][et_pb_row][et_pb_column type=&#8221;4_4&#8243;][et_pb_text _builder_version=&#8221;3.9&#8243;]<\/p>\n<h1>Participaci\u00f3n cerrada<\/h1>\n<p>El plazo de participaci\u00f3n ha finalizado, ya no se admiten m\u00e1s propuestas. Los ganadores se dar\u00e1n a conocer en el mes de marzo. <\/p>\n<p>\u00a1S\u00edguenos en nuestras redes sociales para estar informado sobre todas las novedades!<\/p>\n<p>[\/et_pb_text][et_pb_text _builder_version=&#8221;3.9&#8243; disabled=&#8221;on&#8221; disabled_on=&#8221;on|on|on&#8221;]<\/p>\n<h1>Participa<\/h1>\n<p>Buscamos proyectos que aborden de manera innovadora y eficaz una necesidad o reto concreto, dentro de uno de los siguientes \u00e1mbitos:<\/p>\n<ul>\n<li><strong>Acci\u00f3n Social: Infancia y Juventud. <\/strong>Proyectos orientados a mejorar el bienestar, las oportunidades, el desarrollo y la inclusi\u00f3n de ni\u00f1as, ni\u00f1os, adolescentes y j\u00f3venes (0 a 24 a\u00f1os), especialmente si se encuentran en situaci\u00f3n de vulnerabilidad.<\/li>\n<li><strong>Medioambiental: Econom\u00eda Azul:<\/strong> Proyectos que contribuyan a activar el potencial de la econom\u00eda azul como motor de transformaci\u00f3n social, cohesi\u00f3n territorial y sostenibilidad ambiental, con particular foco en entornos costeros con vulnerabilidades sociales, econ\u00f3micas o ecol\u00f3gicas.<\/li>\n<\/ul>\n<p>Por ello, esta convocatoria est\u00e1 dirigida a:<\/p>\n<ul>\n<li>organizaciones sociales,<\/li>\n<li>entidades de la econom\u00eda social,<\/li>\n<li>startups de impacto y otras formas de emprendimiento comprometido que demuestren impacto social y\/o ambiental positivo,<\/li>\n<\/ul>\n<p>que est\u00e9n inscritas en los registros correspondientes y desarrollen su actividad en territorio espa\u00f1ol hace al menos dos a\u00f1os.<\/p>\n<p>[\/et_pb_text][et_pb_code _builder_version=&#8221;3.9&#8243; disabled=&#8221;on&#8221; disabled_on=&#8221;on|on|on&#8221;]&lt;a href=&quot;https:\/\/fundacionoccident.eu-1.smartsimple.eu\/s_Login.jsp&quot; target=&quot;_blank&quot; class=&quot;btn-custom&quot;&gt;Participa&lt;\/a&gt;&lt;!&#8211; [et_pb_line_break_holder] &#8211;&gt;&lt;!&#8211; [et_pb_line_break_holder] &#8211;&gt;&lt;style&gt;&lt;!&#8211; [et_pb_line_break_holder] &#8211;&gt;.btn-custom {&lt;!&#8211; [et_pb_line_break_holder] &#8211;&gt; margin: auto;&lt;!&#8211; [et_pb_line_break_holder] &#8211;&gt; display: block;&lt;!&#8211; [et_pb_line_break_holder] &#8211;&gt; width: fit-content;&lt;!&#8211; [et_pb_line_break_holder] &#8211;&gt; background: #f90205;&lt;!&#8211; [et_pb_line_break_holder] &#8211;&gt; padding: 17px 54px;&lt;!&#8211; [et_pb_line_break_holder] &#8211;&gt; color: #fff;&lt;!&#8211; [et_pb_line_break_holder] &#8211;&gt; border-radius: 2px;&lt;!&#8211; [et_pb_line_break_holder] &#8211;&gt; font-size: 18px;&lt;!&#8211; [et_pb_line_break_holder] &#8211;&gt; font-weight: 700;&lt;!&#8211; [et_pb_line_break_holder] &#8211;&gt;}&lt;!&#8211; [et_pb_line_break_holder] &#8211;&gt;&lt;\/style&gt;[\/et_pb_code][\/et_pb_column][\/et_pb_row][\/et_pb_section]<\/p>\n","protected":false},"excerpt":{"rendered":"<p>[et_pb_section bb_built=&#8221;1&#8243;][et_pb_row][et_pb_column type=&#8221;4_4&#8243;][et_pb_text _builder_version=&#8221;3.9&#8243;] Participaci\u00f3n cerrada El plazo de participaci\u00f3n ha finalizado, ya no se admiten m\u00e1s propuestas. Los ganadores se dar\u00e1n a conocer en el mes de marzo. \u00a1S\u00edguenos en nuestras redes sociales para estar informado sobre todas las novedades! [\/et_pb_text][et_pb_text _builder_version=&#8221;3.9&#8243; disabled=&#8221;on&#8221; disabled_on=&#8221;on|on|on&#8221;] Participa Buscamos proyectos que aborden de manera innovadora y eficaz [&hellip;]<\/p>\n","protected":false},"author":23,"featured_media":0,"parent":0,"menu_order":0,"comment_status":"closed","ping_status":"closed","template":"","meta":{"footnotes":""},"class_list":["post-5284","page","type-page","status-publish","hentry"],"_links":{"self":[{"href":"https:\/\/edicion.fundacionoccident.org\/ecosocial\/wp-json\/wp\/v2\/pages\/5284","targetHints":{"allow":["GET"]}}],"collection":[{"href":"https:\/\/edicion.fundacionoccident.org\/ecosocial\/wp-json\/wp\/v2\/pages"}],"about":[{"href":"https:\/\/edicion.fundacionoccident.org\/ecosocial\/wp-json\/wp\/v2\/types\/page"}],"author":[{"embeddable":true,"href":"https:\/\/edicion.fundacionoccident.org\/ecosocial\/wp-json\/wp\/v2\/users\/23"}],"replies":[{"embeddable":true,"href":"https:\/\/edicion.fundacionoccident.org\/ecosocial\/wp-json\/wp\/v2\/comments?post=5284"}],"version-history":[{"count":6,"href":"https:\/\/edicion.fundacionoccident.org\/ecosocial\/wp-json\/wp\/v2\/pages\/5284\/revisions"}],"predecessor-version":[{"id":5339,"href":"https:\/\/edicion.fundacionoccident.org\/ecosocial\/wp-json\/wp\/v2\/pages\/5284\/revisions\/5339"}],"wp:attachment":[{"href":"https:\/\/edicion.fundacionoccident.org\/ecosocial\/wp-json\/wp\/v2\/media?parent=5284"}],"curies":[{"name":"wp","href":"https:\/\/api.w.org\/{rel}","templated":true}]}}