{"id":5291,"date":"2025-11-04T14:14:48","date_gmt":"2025-11-04T13:14:48","guid":{"rendered":"https:\/\/edicionpre.fundacionoccident.org\/ecosocial\/?page_id=5291"},"modified":"2025-11-06T08:46:46","modified_gmt":"2025-11-06T07:46:46","slug":"faqs","status":"publish","type":"page","link":"https:\/\/edicion.fundacionoccident.org\/ecosocial\/faqs","title":{"rendered":"FAQS"},"content":{"rendered":"<p>[et_pb_section bb_built=&#8221;1&#8243;][et_pb_row][et_pb_column type=&#8221;4_4&#8243;][et_pb_text _builder_version=&#8221;3.9&#8243;]<\/p>\n<h1>FAQs<\/h1>\n<p>[\/et_pb_text][\/et_pb_column][\/et_pb_row][et_pb_row][et_pb_column type=&#8221;3_4&#8243;][et_pb_code _builder_version=&#8221;3.9&#8243;]&lt;div class=&quot;sc_accordion__wrapper accordion-aspectos-clave&quot;&gt;&lt;!&#8211; [et_pb_line_break_holder] &#8211;&gt;    &lt;div class=&quot;ac_accordion__card open&quot;&gt;&lt;!&#8211; [et_pb_line_break_holder] &#8211;&gt;        &lt;div class=&quot;ac_accordion__title cust&quot;&gt;&lt;!&#8211; [et_pb_line_break_holder] &#8211;&gt;            \u00bfQu\u00e9 tipo de entidades pueden presentarse?&lt;!&#8211; [et_pb_line_break_holder] &#8211;&gt;        &lt;\/div&gt;&lt;!&#8211; [et_pb_line_break_holder] &#8211;&gt;        &lt;div class=&quot;ac_accordion__content&quot; style=&quot;display: block;&quot;&gt;&lt;!&#8211; [et_pb_line_break_holder] &#8211;&gt;            &lt;div class=&quot;ac_accordion__rows&quot;&gt;&lt;!&#8211; [et_pb_line_break_holder] &#8211;&gt;                &lt;p&gt;Organizaciones sin \u00e1nimo de lucro, entidades de econom\u00eda social, empresas sociales o startups de impacto con sede y actividad en Espa\u00f1a desde hace al menos dos a\u00f1os. Tambi\u00e9n pueden hacerlo delegaciones con autonom\u00eda funcional y presupuesto propio. Consulta las Bases de la convocatoria para conocer todos los requisitos.&lt;\/p&gt;&lt;!&#8211; [et_pb_line_break_holder] &#8211;&gt;            &lt;\/div&gt;&lt;!&#8211; [et_pb_line_break_holder] &#8211;&gt;        &lt;\/div&gt;&lt;!&#8211; [et_pb_line_break_holder] &#8211;&gt;    &lt;\/div&gt;&lt;!&#8211; [et_pb_line_break_holder] &#8211;&gt;    &lt;div class=&quot;ac_accordion__card&quot;&gt;&lt;!&#8211; [et_pb_line_break_holder] &#8211;&gt;        &lt;div class=&quot;ac_accordion__title cust&quot;&gt;&lt;!&#8211; [et_pb_line_break_holder] &#8211;&gt;            \u00bfPuedo presentar un proyecto mixto entre ambos ejes?&lt;!&#8211; [et_pb_line_break_holder] &#8211;&gt;        &lt;\/div&gt;&lt;!&#8211; [et_pb_line_break_holder] &#8211;&gt;        &lt;div class=&quot;ac_accordion__content&quot;&gt;&lt;!&#8211; [et_pb_line_break_holder] &#8211;&gt;            &lt;div class=&quot;ac_accordion__rows&quot;&gt;&lt;!&#8211; [et_pb_line_break_holder] &#8211;&gt;                &lt;p&gt;Se entiende por proyecto mixto aquel que, manteniendo un prop\u00f3sito principal definido, incorpora de forma transversal m\u00e1s de un \u00e1mbito de transformaci\u00f3n y genera sinergias entre ellos. Aunque en esta convocatoria es posible presentar proyectos de este tipo, a efectos de la solicitud cada proyecto deber\u00e1 adscribirse a un \u00fanico eje principal. &lt;\/p&gt;&lt;!&#8211; [et_pb_line_break_holder] &#8211;&gt;            &lt;\/div&gt;&lt;!&#8211; [et_pb_line_break_holder] &#8211;&gt;        &lt;\/div&gt;&lt;!&#8211; [et_pb_line_break_holder] &#8211;&gt;    &lt;\/div&gt;&lt;!&#8211; [et_pb_line_break_holder] &#8211;&gt;    &lt;div class=&quot;ac_accordion__card&quot;&gt;&lt;!&#8211; [et_pb_line_break_holder] &#8211;&gt;        &lt;div class=&quot;ac_accordion__title cust&quot;&gt;&lt;!&#8211; [et_pb_line_break_holder] &#8211;&gt;            \u00bfPueden participar organizaciones peque\u00f1as?&lt;!&#8211; [et_pb_line_break_holder] &#8211;&gt;        &lt;\/div&gt;&lt;!&#8211; [et_pb_line_break_holder] &#8211;&gt;        &lt;div class=&quot;ac_accordion__content&quot;&gt;&lt;!&#8211; [et_pb_line_break_holder] &#8211;&gt;            &lt;div class=&quot;ac_accordion__rows&quot;&gt;&lt;!&#8211; [et_pb_line_break_holder] &#8211;&gt;                &lt;p&gt;S\u00ed. No se exige una gran estructura. Lo importante es que la propuesta sea coherente, viable y con impacto transformador.&lt;\/p&gt;&lt;!&#8211; [et_pb_line_break_holder] &#8211;&gt;            &lt;\/div&gt;&lt;!&#8211; [et_pb_line_break_holder] &#8211;&gt;        &lt;\/div&gt;&lt;!&#8211; [et_pb_line_break_holder] &#8211;&gt;    &lt;\/div&gt;&lt;!&#8211; [et_pb_line_break_holder] &#8211;&gt;&lt;\/div&gt;[\/et_pb_code][et_pb_code _builder_version=&#8221;3.9&#8243;]&lt;a href=&quot;\/ecosocial\/wp-content\/uploads\/2025\/11\/2_FO_FAQ_oct25.pdf&quot; target=&quot;_blank&quot; class=&quot;btn-custom&quot;&gt;FAQs completas&lt;\/a&gt;&lt;!&#8211; [et_pb_line_break_holder] &#8211;&gt;&lt;!&#8211; [et_pb_line_break_holder] &#8211;&gt;&lt;style&gt;&lt;!&#8211; [et_pb_line_break_holder] &#8211;&gt;.btn-custom {&lt;!&#8211; [et_pb_line_break_holder] &#8211;&gt; margin: auto;&lt;!&#8211; [et_pb_line_break_holder] &#8211;&gt; display: block;&lt;!&#8211; [et_pb_line_break_holder] &#8211;&gt; width: fit-content;&lt;!&#8211; [et_pb_line_break_holder] &#8211;&gt; background: #f90205;&lt;!&#8211; [et_pb_line_break_holder] &#8211;&gt; padding: 17px 54px;&lt;!&#8211; [et_pb_line_break_holder] &#8211;&gt; color: #fff;&lt;!&#8211; [et_pb_line_break_holder] &#8211;&gt; border-radius: 2px;&lt;!&#8211; [et_pb_line_break_holder] &#8211;&gt; font-size: 18px;&lt;!&#8211; [et_pb_line_break_holder] &#8211;&gt; font-weight: 700;&lt;!&#8211; [et_pb_line_break_holder] &#8211;&gt;}&lt;!&#8211; [et_pb_line_break_holder] &#8211;&gt;&lt;\/style&gt;[\/et_pb_code][\/et_pb_column][et_pb_column type=&#8221;1_4&#8243;][et_pb_text _builder_version=&#8221;3.9&#8243;]<\/p>\n<h2 style=\"margin-bottom: -30px; font-size: 18px; text-align: left;\">Otros documentos de inter\u00e9s<\/h2>\n<p>[\/et_pb_text][et_pb_code _builder_version=&#8221;3.9&#8243;]&lt;div class=&quot;documentos&quot;&gt;&lt;!&#8211; [et_pb_line_break_holder] &#8211;&gt;\t&lt;ul&gt;&lt;!&#8211; [et_pb_line_break_holder] &#8211;&gt;\t\t&lt;li&gt;&lt;a href=&quot;\/ecosocial\/wp-content\/uploads\/2025\/11\/8.-FO_Guia-de-Apoyo-para-preparar-Solicitudes-Iniciales_-Oct25.pdf&quot;&gt;Gu\u00eda de Apoyo para la solicitud&lt;\/a&gt;&lt;\/li&gt;&lt;!&#8211; [et_pb_line_break_holder] &#8211;&gt;\t\t&lt;li&gt;&lt;a href=&quot;\/ecosocial\/wp-content\/uploads\/2025\/11\/9.-FO_Guia-de-Apoyo-para-preparar-Solicitudes_-Preseleccionadas-Oct25.pdf&quot;&gt;Gu\u00eda de Apoyo para preseleccionados&lt;\/a&gt;&lt;\/li&gt;&lt;!&#8211; [et_pb_line_break_holder] &#8211;&gt;\t\t&lt;li&gt;&lt;a href=&quot;\/ecosocial\/wp-content\/uploads\/2025\/11\/10_FO_-Manual-de-Uso-de-la-Plataforma_Oct25-1.pdf&quot;&gt;Manual de uso de la Plataforma&lt;\/a&gt;&lt;\/li&gt;&lt;!&#8211; [et_pb_line_break_holder] &#8211;&gt;\t\t&lt;li&gt;&lt;a href=&quot;\/ecosocial\/wp-content\/uploads\/2025\/11\/11_FO_Toolkit-para-disenar-proyectos-con-sentido_Oct25.pdf&quot;&gt;Toolkit para dise\u00f1ar proyectos con sentido&lt;\/a&gt;&lt;\/li&gt;&lt;!&#8211; [et_pb_line_break_holder] &#8211;&gt;\t&lt;\/ul&gt;&lt;!&#8211; [et_pb_line_break_holder] &#8211;&gt;&lt;\/div&gt;&lt;!&#8211; [et_pb_line_break_holder] &#8211;&gt;&lt;!&#8211; [et_pb_line_break_holder] &#8211;&gt;&lt;style&gt;&lt;!&#8211; [et_pb_line_break_holder] &#8211;&gt;.documentos ul {&lt;!&#8211; [et_pb_line_break_holder] &#8211;&gt;    display: flex;&lt;!&#8211; [et_pb_line_break_holder] &#8211;&gt;    flex-direction: column;&lt;!&#8211; [et_pb_line_break_holder] &#8211;&gt;    list-style: none;&lt;!&#8211; [et_pb_line_break_holder] &#8211;&gt;    padding: 0;&lt;!&#8211; [et_pb_line_break_holder] &#8211;&gt;}&lt;!&#8211; [et_pb_line_break_holder] &#8211;&gt;.documentos a {&lt;!&#8211; [et_pb_line_break_holder] &#8211;&gt;    color: #dc0028;&lt;!&#8211; [et_pb_line_break_holder] &#8211;&gt;    display: block;&lt;!&#8211; [et_pb_line_break_holder] &#8211;&gt;    width: fit-content;&lt;!&#8211; [et_pb_line_break_holder] &#8211;&gt;    margin-bottom: 8px;&lt;!&#8211; [et_pb_line_break_holder] &#8211;&gt;    font-size: 16px;&lt;!&#8211; [et_pb_line_break_holder] &#8211;&gt;    line-height: 24px;&lt;!&#8211; [et_pb_line_break_holder] &#8211;&gt;    position: relative;&lt;!&#8211; [et_pb_line_break_holder] &#8211;&gt;    padding-left: 15px;&lt;!&#8211; [et_pb_line_break_holder] &#8211;&gt;}&lt;!&#8211; [et_pb_line_break_holder] &#8211;&gt;.documentos a:before {&lt;!&#8211; [et_pb_line_break_holder] &#8211;&gt;    content: &#x27;&#x27;;&lt;!&#8211; [et_pb_line_break_holder] &#8211;&gt;    width: 5px;&lt;!&#8211; [et_pb_line_break_holder] &#8211;&gt;    height: 5px;&lt;!&#8211; [et_pb_line_break_holder] &#8211;&gt;    background: #333333;&lt;!&#8211; [et_pb_line_break_holder] &#8211;&gt;    position: absolute;&lt;!&#8211; [et_pb_line_break_holder] &#8211;&gt;    left: 0;&lt;!&#8211; [et_pb_line_break_holder] &#8211;&gt;    top: 9px;&lt;!&#8211; [et_pb_line_break_holder] &#8211;&gt;    border-radius: 50%;&lt;!&#8211; [et_pb_line_break_holder] &#8211;&gt;}&lt;!&#8211; [et_pb_line_break_holder] &#8211;&gt;&lt;\/style&gt;[\/et_pb_code][\/et_pb_column][\/et_pb_row][\/et_pb_section]<\/p>\n","protected":false},"excerpt":{"rendered":"<p>[et_pb_section bb_built=&#8221;1&#8243;][et_pb_row][et_pb_column type=&#8221;4_4&#8243;][et_pb_text _builder_version=&#8221;3.9&#8243;] FAQs [\/et_pb_text][\/et_pb_column][\/et_pb_row][et_pb_row][et_pb_column type=&#8221;3_4&#8243;][et_pb_code _builder_version=&#8221;3.9&#8243;]&lt;div class=&quot;sc_accordion__wrapper accordion-aspectos-clave&quot;&gt;&lt;!&#8211; [et_pb_line_break_holder] &#8211;&gt; &lt;div class=&quot;ac_accordion__card open&quot;&gt;&lt;!&#8211; [et_pb_line_break_holder] &#8211;&gt; &lt;div class=&quot;ac_accordion__title cust&quot;&gt;&lt;!&#8211; [et_pb_line_break_holder] &#8211;&gt; \u00bfQu\u00e9 tipo de entidades pueden presentarse?&lt;!&#8211; [et_pb_line_break_holder] &#8211;&gt; &lt;\/div&gt;&lt;!&#8211; [et_pb_line_break_holder] &#8211;&gt; &lt;div class=&quot;ac_accordion__content&quot; style=&quot;display: block;&quot;&gt;&lt;!&#8211; [et_pb_line_break_holder] &#8211;&gt; &lt;div class=&quot;ac_accordion__rows&quot;&gt;&lt;!&#8211; [et_pb_line_break_holder] &#8211;&gt; &lt;p&gt;Organizaciones sin \u00e1nimo de lucro, entidades de econom\u00eda social, empresas sociales o [&hellip;]<\/p>\n","protected":false},"author":23,"featured_media":0,"parent":0,"menu_order":0,"comment_status":"closed","ping_status":"closed","template":"","meta":{"footnotes":""},"class_list":["post-5291","page","type-page","status-publish","hentry"],"_links":{"self":[{"href":"https:\/\/edicion.fundacionoccident.org\/ecosocial\/wp-json\/wp\/v2\/pages\/5291","targetHints":{"allow":["GET"]}}],"collection":[{"href":"https:\/\/edicion.fundacionoccident.org\/ecosocial\/wp-json\/wp\/v2\/pages"}],"about":[{"href":"https:\/\/edicion.fundacionoccident.org\/ecosocial\/wp-json\/wp\/v2\/types\/page"}],"author":[{"embeddable":true,"href":"https:\/\/edicion.fundacionoccident.org\/ecosocial\/wp-json\/wp\/v2\/users\/23"}],"replies":[{"embeddable":true,"href":"https:\/\/edicion.fundacionoccident.org\/ecosocial\/wp-json\/wp\/v2\/comments?post=5291"}],"version-history":[{"count":8,"href":"https:\/\/edicion.fundacionoccident.org\/ecosocial\/wp-json\/wp\/v2\/pages\/5291\/revisions"}],"predecessor-version":[{"id":5304,"href":"https:\/\/edicion.fundacionoccident.org\/ecosocial\/wp-json\/wp\/v2\/pages\/5291\/revisions\/5304"}],"wp:attachment":[{"href":"https:\/\/edicion.fundacionoccident.org\/ecosocial\/wp-json\/wp\/v2\/media?parent=5291"}],"curies":[{"name":"wp","href":"https:\/\/api.w.org\/{rel}","templated":true}]}}