{"id":5240,"date":"2025-10-01T09:38:50","date_gmt":"2025-10-01T07:38:50","guid":{"rendered":"https:\/\/edicion.fundacionoccident.org\/becas-jesus-serra\/?page_id=5240"},"modified":"2026-04-09T16:53:30","modified_gmt":"2026-04-09T14:53:30","slug":"comite-evaluador","status":"publish","type":"page","link":"https:\/\/edicion.fundacionoccident.org\/becas-jesus-serra\/comite-evaluador","title":{"rendered":"Comit\u00e9 evaluador"},"content":{"rendered":"<p>[et_pb_section bb_built=&#8221;1&#8243;][et_pb_row][et_pb_column type=&#8221;4_4&#8243;][et_pb_text _builder_version=&#8221;3.9&#8243;]<\/p>\n<h1>Miembros del Comit\u00e9 evaluador<\/h1>\n<p>[\/et_pb_text][et_pb_code _builder_version=&#8221;3.9&#8243;]&lt;card class=&#8221;evaluador-card&#8221;&gt;&lt;!&#8211; [et_pb_line_break_holder] &#8211;&gt; &lt;div class=&#8221;container&#8221;&gt;&lt;!&#8211; [et_pb_line_break_holder] &#8211;&gt; &lt;img src=&#8221;\/becas-jesus-serra\/wp-content\/uploads\/2025\/09\/alberto-bustos.jpg&#8221; \/&gt;&lt;!&#8211; [et_pb_line_break_holder] &#8211;&gt; &lt;div class=&#8221;info&#8221;&gt;&lt;!&#8211; [et_pb_line_break_holder] &#8211;&gt; &lt;span class=&#8221;name&#8221;&gt;Alberto Bustos&lt;\/span&gt;&lt;!&#8211; [et_pb_line_break_holder] &#8211;&gt; &lt;p&gt;Profesor titular de Did\u00e1ctica de la Lengua de la Universidad de Extremadura (UEx) desde hace 16 a\u00f1os y autor del Blog de Lengua.&lt;\/p&gt;&lt;!&#8211; [et_pb_line_break_holder] &#8211;&gt; &lt;\/div&gt;&lt;!&#8211; [et_pb_line_break_holder] &#8211;&gt; &lt;\/div&gt;&lt;!&#8211; [et_pb_line_break_holder] &#8211;&gt;&lt;\/card&gt;&lt;!&#8211; [et_pb_line_break_holder] &#8211;&gt;&lt;card class=&#8221;evaluador-card&#8221;&gt;&lt;!&#8211; [et_pb_line_break_holder] &#8211;&gt; &lt;div class=&#8221;container&#8221;&gt;&lt;!&#8211; [et_pb_line_break_holder] &#8211;&gt; &lt;img src=&#8221;\/becas-jesus-serra\/wp-content\/uploads\/2025\/09\/Jose-Antonio.jpg&#8221; \/&gt;&lt;!&#8211; [et_pb_line_break_holder] &#8211;&gt; &lt;div class=&#8221;info&#8221;&gt;&lt;!&#8211; [et_pb_line_break_holder] &#8211;&gt; &lt;span class=&#8221;name&#8221;&gt;Jos\u00e9 Antonio Crespo&lt;\/span&gt;&lt;!&#8211; [et_pb_line_break_holder] &#8211;&gt; &lt;p&gt;Profesor de ciencias y director del Instituto de Educaci\u00f3n Secundaria Claudio S\u00e1nchez Albornoz (Le\u00f3n).&lt;\/p&gt;&lt;!&#8211; [et_pb_line_break_holder] &#8211;&gt; &lt;\/div&gt;&lt;!&#8211; [et_pb_line_break_holder] &#8211;&gt; &lt;\/div&gt;&lt;!&#8211; [et_pb_line_break_holder] &#8211;&gt;&lt;\/card&gt;&lt;!&#8211; [et_pb_line_break_holder] &#8211;&gt;&lt;card class=&#8221;evaluador-card&#8221;&gt;&lt;!&#8211; [et_pb_line_break_holder] &#8211;&gt; &lt;div class=&#8221;container&#8221;&gt;&lt;!&#8211; [et_pb_line_break_holder] &#8211;&gt; &lt;img src=&#8221;\/becas-jesus-serra\/wp-content\/uploads\/2025\/09\/Maria-Huertas.jpg&#8221; \/&gt;&lt;!&#8211; [et_pb_line_break_holder] &#8211;&gt; &lt;div class=&#8221;info&#8221;&gt;&lt;!&#8211; [et_pb_line_break_holder] &#8211;&gt; &lt;span class=&#8221;name&#8221;&gt;Mar\u00eda Huertas de la G\u00e1ndara&lt;\/span&gt;&lt;!&#8211; [et_pb_line_break_holder] &#8211;&gt; &lt;p&gt;Directora de proyectos en Fundaci\u00f3n Exit, una ONG que trabaja para reducir el abandono educativo de j\u00f3venes en situaci\u00f3n de vulnerabilidad social.&lt;\/p&gt;&lt;!&#8211; [et_pb_line_break_holder] &#8211;&gt; &lt;\/div&gt;&lt;!&#8211; [et_pb_line_break_holder] &#8211;&gt; &lt;\/div&gt;&lt;!&#8211; [et_pb_line_break_holder] &#8211;&gt;&lt;\/card&gt;&lt;!&#8211; [et_pb_line_break_holder] &#8211;&gt;&lt;card class=&#8221;evaluador-card&#8221;&gt;&lt;!&#8211; [et_pb_line_break_holder] &#8211;&gt; &lt;div class=&#8221;container&#8221;&gt;&lt;!&#8211; [et_pb_line_break_holder] &#8211;&gt; &lt;img src=&#8221;\/becas-jesus-serra\/wp-content\/uploads\/2026\/04\/Comite-evaluador_Amelia.jpg&#8221; \/&gt;&lt;!&#8211; [et_pb_line_break_holder] &#8211;&gt; &lt;div class=&#8221;info&#8221;&gt;&lt;!&#8211; [et_pb_line_break_holder] &#8211;&gt; &lt;span class=&#8221;name&#8221;&gt;Am\u00e8lia Sard\u00e0&lt;\/span&gt;&lt;!&#8211; [et_pb_line_break_holder] &#8211;&gt; &lt;p&gt;T\u00e9cnica Docente Gestora de Proyectos de la Direcci\u00f3n de Postobligatorio y R\u00e9gimen Especial.&lt;\/p&gt;&lt;!&#8211; [et_pb_line_break_holder] &#8211;&gt; &lt;\/div&gt;&lt;!&#8211; [et_pb_line_break_holder] &#8211;&gt; &lt;\/div&gt;&lt;!&#8211; [et_pb_line_break_holder] &#8211;&gt;&lt;\/card&gt;&lt;!&#8211; [et_pb_line_break_holder] &#8211;&gt;&lt;card class=&#8221;evaluador-card&#8221;&gt;&lt;!&#8211; [et_pb_line_break_holder] &#8211;&gt; &lt;div class=&#8221;container&#8221;&gt;&lt;!&#8211; [et_pb_line_break_holder] &#8211;&gt; &lt;img src=&#8221;\/becas-jesus-serra\/wp-content\/uploads\/2025\/09\/Milagros-Sainz.jpg&#8221; \/&gt;&lt;!&#8211; [et_pb_line_break_holder] &#8211;&gt; &lt;div class=&#8221;info&#8221;&gt;&lt;!&#8211; [et_pb_line_break_holder] &#8211;&gt; &lt;span class=&#8221;name&#8221;&gt;Milagros S\u00e1inz&lt;\/span&gt;&lt;!&#8211; [et_pb_line_break_holder] &#8211;&gt; &lt;p&gt;Directora del grupo de Investigaci\u00f3n de G\u00e9nero y TIC (GENTIC) en la Universitat Oberta de Catalunya y experta en motivaci\u00f3n escolar y elecci\u00f3n de estudios en la adolescencia.&lt;\/p&gt;&lt;!&#8211; [et_pb_line_break_holder] &#8211;&gt; &lt;\/div&gt;&lt;!&#8211; [et_pb_line_break_holder] &#8211;&gt; &lt;\/div&gt;&lt;!&#8211; [et_pb_line_break_holder] &#8211;&gt;&lt;\/card&gt;&lt;!&#8211; [et_pb_line_break_holder] &#8211;&gt;&lt;card class=&#8221;evaluador-card&#8221;&gt;&lt;!&#8211; [et_pb_line_break_holder] &#8211;&gt; &lt;div class=&#8221;container&#8221;&gt;&lt;!&#8211; [et_pb_line_break_holder] &#8211;&gt; &lt;img src=&#8221;\/becas-jesus-serra\/wp-content\/uploads\/2026\/04\/Comiteevaluador-AnaSanz.jpg&#8221; \/&gt;&lt;!&#8211; [et_pb_line_break_holder] &#8211;&gt; &lt;div class=&#8221;info&#8221;&gt;&lt;!&#8211; [et_pb_line_break_holder] &#8211;&gt; &lt;span class=&#8221;name&#8221;&gt;Ana Sanz&lt;\/span&gt;&lt;!&#8211; [et_pb_line_break_holder] &#8211;&gt; &lt;p&gt;Consultora en Empresas y Discapacidad de Fundaci\u00f3n Prevent, entidad social cuya misi\u00f3n es la inclusi\u00f3n laboral de las personas con discapacidad.&lt;\/p&gt;&lt;!&#8211; [et_pb_line_break_holder] &#8211;&gt; &lt;\/div&gt;&lt;!&#8211; [et_pb_line_break_holder] &#8211;&gt; &lt;\/div&gt;&lt;!&#8211; [et_pb_line_break_holder] &#8211;&gt;&lt;\/card&gt;&lt;!&#8211; [et_pb_line_break_holder] &#8211;&gt;&lt;card class=&#8221;evaluador-card&#8221;&gt;&lt;!&#8211; [et_pb_line_break_holder] &#8211;&gt; &lt;div class=&#8221;container&#8221;&gt;&lt;!&#8211; [et_pb_line_break_holder] &#8211;&gt; &lt;img src=&#8221;\/becas-jesus-serra\/wp-content\/uploads\/2025\/09\/Beatriz-Siguenza.jpg&#8221; \/&gt;&lt;!&#8211; [et_pb_line_break_holder] &#8211;&gt; &lt;div class=&#8221;info&#8221;&gt;&lt;!&#8211; [et_pb_line_break_holder] &#8211;&gt; &lt;span class=&#8221;name&#8221;&gt;Beatriz Sig\u00fcenza&lt;\/span&gt;&lt;!&#8211; [et_pb_line_break_holder] &#8211;&gt; &lt;p&gt;Directora de Fundaci\u00f3n Balia, una ONG que acompa\u00f1a a ni\u00f1os y adolescentes en riesgo de exclusi\u00f3n social.&lt;\/p&gt;&lt;!&#8211; [et_pb_line_break_holder] &#8211;&gt; &lt;\/div&gt;&lt;!&#8211; [et_pb_line_break_holder] &#8211;&gt; &lt;\/div&gt;&lt;!&#8211; [et_pb_line_break_holder] &#8211;&gt;&lt;\/card&gt;&lt;!&#8211; [et_pb_line_break_holder] &#8211;&gt;&lt;card class=&#8221;evaluador-card&#8221;&gt;&lt;!&#8211; [et_pb_line_break_holder] &#8211;&gt; &lt;div class=&#8221;container&#8221;&gt;&lt;!&#8211; [et_pb_line_break_holder] &#8211;&gt; &lt;img src=&#8221;\/becas-jesus-serra\/wp-content\/uploads\/2026\/04\/Comiteevaluador-NormaRamos.jpg&#8221; \/&gt;&lt;!&#8211; [et_pb_line_break_holder] &#8211;&gt; &lt;div class=&#8221;info&#8221;&gt;&lt;!&#8211; [et_pb_line_break_holder] &#8211;&gt; &lt;span class=&#8221;name&#8221;&gt;Norma Ramos&lt;\/span&gt;&lt;!&#8211; [et_pb_line_break_holder] &#8211;&gt; &lt;p&gt;Consultora en Empresas y Discapacidad de Fundaci\u00f3n Prevent, entidad social cuya misi\u00f3n es la inclusi\u00f3n laboral de las personas con discapacidad.&lt;\/p&gt;&lt;!&#8211; [et_pb_line_break_holder] &#8211;&gt; &lt;\/div&gt;&lt;!&#8211; [et_pb_line_break_holder] &#8211;&gt; &lt;\/div&gt;&lt;!&#8211; [et_pb_line_break_holder] &#8211;&gt;&lt;\/card&gt;[\/et_pb_code][et_pb_code _builder_version=&#8221;3.9&#8243;]&lt;style&gt;&lt;!&#8211; [et_pb_line_break_holder] &#8211;&gt;card.evaluador-card .container {&lt;!&#8211; [et_pb_line_break_holder] &#8211;&gt; margin: 0;&lt;!&#8211; [et_pb_line_break_holder] &#8211;&gt; display: flex;&lt;!&#8211; [et_pb_line_break_holder] &#8211;&gt; align-items: center;&lt;!&#8211; [et_pb_line_break_holder] &#8211;&gt; gap: 32px;&lt;!&#8211; [et_pb_line_break_holder] &#8211;&gt; width: 100%;&lt;!&#8211; [et_pb_line_break_holder] &#8211;&gt; padding: 0 !important;&lt;!&#8211; [et_pb_line_break_holder] &#8211;&gt; margin-bottom: 32px;&lt;!&#8211; [et_pb_line_break_holder] &#8211;&gt; border-top: 1px solid #bfbfbf;&lt;!&#8211; [et_pb_line_break_holder] &#8211;&gt; transition: 0.3s;&lt;!&#8211; [et_pb_line_break_holder] &#8211;&gt;}&lt;!&#8211; [et_pb_line_break_holder] &#8211;&gt;&lt;!&#8211; [et_pb_line_break_holder] &#8211;&gt;card.evaluador-card:hover .container {&lt;!&#8211; [et_pb_line_break_holder] &#8211;&gt; background-color: #dc0028;&lt;!&#8211; [et_pb_line_break_holder] &#8211;&gt; color: white;&lt;!&#8211; [et_pb_line_break_holder] &#8211;&gt; border-color: #dc0028;&lt;!&#8211; [et_pb_line_break_holder] &#8211;&gt;}&lt;!&#8211; [et_pb_line_break_holder] &#8211;&gt;&lt;!&#8211; [et_pb_line_break_holder] &#8211;&gt;card.evaluador-card .info .name {&lt;!&#8211; [et_pb_line_break_holder] &#8211;&gt; display: block;&lt;!&#8211; [et_pb_line_break_holder] &#8211;&gt; font-size: 32px;&lt;!&#8211; [et_pb_line_break_holder] &#8211;&gt; font-weight: bold;&lt;!&#8211; [et_pb_line_break_holder] &#8211;&gt; margin-bottom: 20px;&lt;!&#8211; [et_pb_line_break_holder] &#8211;&gt; line-height: 42px&lt;!&#8211; [et_pb_line_break_holder] &#8211;&gt;}&lt;!&#8211; [et_pb_line_break_holder] &#8211;&gt;&lt;!&#8211; [et_pb_line_break_holder] &#8211;&gt;card.evaluador-card .info p {&lt;!&#8211; [et_pb_line_break_holder] &#8211;&gt; font-size: 19px !important;&lt;!&#8211; [et_pb_line_break_holder] &#8211;&gt; line-height: 29px;&lt;!&#8211; [et_pb_line_break_holder] &#8211;&gt;}&lt;!&#8211; [et_pb_line_break_holder] &#8211;&gt;&lt;!&#8211; [et_pb_line_break_holder] &#8211;&gt;@media screen and (max-width: 750px) {&lt;!&#8211; [et_pb_line_break_holder] &#8211;&gt; card.evaluador-card .container {&lt;!&#8211; [et_pb_line_break_holder] &#8211;&gt; flex-direction: column;&lt;!&#8211; [et_pb_line_break_holder] &#8211;&gt; padding: 32px 25px !important;&lt;!&#8211; [et_pb_line_break_holder] &#8211;&gt; margin: 0;&lt;!&#8211; [et_pb_line_break_holder] &#8211;&gt; }&lt;!&#8211; [et_pb_line_break_holder] &#8211;&gt;}&lt;!&#8211; [et_pb_line_break_holder] &#8211;&gt;&lt;\/style&gt;[\/et_pb_code][\/et_pb_column][\/et_pb_row][\/et_pb_section]<\/p>\n","protected":false},"excerpt":{"rendered":"<p>[et_pb_section bb_built=&#8221;1&#8243;][et_pb_row][et_pb_column type=&#8221;4_4&#8243;][et_pb_text _builder_version=&#8221;3.9&#8243;] Miembros del Comit\u00e9 evaluador [\/et_pb_text][et_pb_code _builder_version=&#8221;3.9&#8243;]&lt;card class=&#8221;evaluador-card&#8221;&gt;&lt;!&#8211; [et_pb_line_break_holder] &#8211;&gt; &lt;div class=&#8221;container&#8221;&gt;&lt;!&#8211; [et_pb_line_break_holder] &#8211;&gt; &lt;img src=&#8221;\/becas-jesus-serra\/wp-content\/uploads\/2025\/09\/alberto-bustos.jpg&#8221; \/&gt;&lt;!&#8211; [et_pb_line_break_holder] &#8211;&gt; &lt;div class=&#8221;info&#8221;&gt;&lt;!&#8211; [et_pb_line_break_holder] &#8211;&gt; &lt;span class=&#8221;name&#8221;&gt;Alberto Bustos&lt;\/span&gt;&lt;!&#8211; [et_pb_line_break_holder] &#8211;&gt; &lt;p&gt;Profesor titular de Did\u00e1ctica de la Lengua de la Universidad de Extremadura (UEx) desde hace 16 a\u00f1os y autor del Blog de Lengua.&lt;\/p&gt;&lt;!&#8211; [et_pb_line_break_holder] [&hellip;]<\/p>\n","protected":false},"author":10,"featured_media":0,"parent":0,"menu_order":0,"comment_status":"closed","ping_status":"closed","template":"","meta":{"footnotes":""},"class_list":["post-5240","page","type-page","status-publish","hentry"],"yoast_head":"<!-- This site is optimized with the Yoast SEO plugin v26.3 - https:\/\/yoast.com\/wordpress\/plugins\/seo\/ -->\n<title>Comit\u00e9 evaluador - Becas FJS<\/title>\n<meta name=\"robots\" content=\"index, follow, max-snippet:-1, max-image-preview:large, max-video-preview:-1\" \/>\n<link rel=\"canonical\" href=\"https:\/\/edicion.fundacionoccident.org\/becas-jesus-serra\/wp-json\/wp\/v2\/pages\/5240\" \/>\n<meta property=\"og:locale\" content=\"es_ES\" \/>\n<meta property=\"og:type\" content=\"article\" \/>\n<meta property=\"og:title\" content=\"Comit\u00e9 evaluador - Becas FJS\" \/>\n<meta property=\"og:description\" content=\"[et_pb_section bb_built=&#8221;1&#8243;][et_pb_row][et_pb_column type=&#8221;4_4&#8243;][et_pb_text _builder_version=&#8221;3.9&#8243;] Miembros del Comit\u00e9 evaluador [\/et_pb_text][et_pb_code _builder_version=&#8221;3.9&#8243;]&lt;card class=&#8221;evaluador-card&#8221;&gt;&lt;!&#8211; [et_pb_line_break_holder] &#8211;&gt; &lt;div class=&#8221;container&#8221;&gt;&lt;!&#8211; [et_pb_line_break_holder] &#8211;&gt; &lt;img src=&#8221;\/becas-jesus-serra\/wp-content\/uploads\/2025\/09\/alberto-bustos.jpg&#8221; \/&gt;&lt;!&#8211; [et_pb_line_break_holder] &#8211;&gt; &lt;div class=&#8221;info&#8221;&gt;&lt;!&#8211; [et_pb_line_break_holder] &#8211;&gt; &lt;span class=&#8221;name&#8221;&gt;Alberto Bustos&lt;\/span&gt;&lt;!&#8211; [et_pb_line_break_holder] &#8211;&gt; &lt;p&gt;Profesor titular de Did\u00e1ctica de la Lengua de la Universidad de Extremadura (UEx) desde hace 16 a\u00f1os y autor del Blog de Lengua.&lt;\/p&gt;&lt;!&#8211; [et_pb_line_break_holder] [&hellip;]\" \/>\n<meta property=\"og:url\" content=\"https:\/\/edicion.fundacionoccident.org\/becas-jesus-serra\/comite-evaluador\" \/>\n<meta property=\"og:site_name\" content=\"Becas FJS\" \/>\n<meta property=\"article:modified_time\" content=\"2026-04-09T14:53:30+00:00\" \/>\n<meta name=\"twitter:card\" content=\"summary_large_image\" \/>\n<meta name=\"twitter:label1\" content=\"Tiempo de lectura\" \/>\n\t<meta name=\"twitter:data1\" content=\"2 minutos\" \/>\n<script type=\"application\/ld+json\" class=\"yoast-schema-graph\">{\"@context\":\"https:\/\/schema.org\",\"@graph\":[{\"@type\":\"WebPage\",\"@id\":\"https:\/\/edicion.fundacionoccident.org\/becas-jesus-serra\/comite-evaluador\",\"url\":\"https:\/\/edicion.fundacionoccident.org\/becas-jesus-serra\/comite-evaluador\",\"name\":\"Comit\u00e9 evaluador - Becas FJS\",\"isPartOf\":{\"@id\":\"https:\/\/edicion.fundacionoccident.org\/becas-jesus-serra\/#website\"},\"datePublished\":\"2025-10-01T07:38:50+00:00\",\"dateModified\":\"2026-04-09T14:53:30+00:00\",\"inLanguage\":\"es\",\"potentialAction\":[{\"@type\":\"ReadAction\",\"target\":[\"https:\/\/edicion.fundacionoccident.org\/becas-jesus-serra\/comite-evaluador\"]}]},{\"@type\":\"WebSite\",\"@id\":\"https:\/\/edicion.fundacionoccident.org\/becas-jesus-serra\/#website\",\"url\":\"https:\/\/edicion.fundacionoccident.org\/becas-jesus-serra\/\",\"name\":\"Becas FJS\",\"description\":\"Becas Fundaci\u00f3n Jes\u00fas Serra.\",\"potentialAction\":[{\"@type\":\"SearchAction\",\"target\":{\"@type\":\"EntryPoint\",\"urlTemplate\":\"https:\/\/edicion.fundacionoccident.org\/becas-jesus-serra\/?s={search_term_string}\"},\"query-input\":{\"@type\":\"PropertyValueSpecification\",\"valueRequired\":true,\"valueName\":\"search_term_string\"}}],\"inLanguage\":\"es\"}]}<\/script>\n<!-- \/ Yoast SEO plugin. -->","yoast_head_json":{"title":"Comit\u00e9 evaluador - Becas FJS","robots":{"index":"index","follow":"follow","max-snippet":"max-snippet:-1","max-image-preview":"max-image-preview:large","max-video-preview":"max-video-preview:-1"},"canonical":"https:\/\/edicion.fundacionoccident.org\/becas-jesus-serra\/wp-json\/wp\/v2\/pages\/5240","og_locale":"es_ES","og_type":"article","og_title":"Comit\u00e9 evaluador - Becas FJS","og_description":"[et_pb_section bb_built=&#8221;1&#8243;][et_pb_row][et_pb_column type=&#8221;4_4&#8243;][et_pb_text _builder_version=&#8221;3.9&#8243;] Miembros del Comit\u00e9 evaluador [\/et_pb_text][et_pb_code _builder_version=&#8221;3.9&#8243;]&lt;card class=&#8221;evaluador-card&#8221;&gt;&lt;!&#8211; [et_pb_line_break_holder] &#8211;&gt; &lt;div class=&#8221;container&#8221;&gt;&lt;!&#8211; [et_pb_line_break_holder] &#8211;&gt; &lt;img src=&#8221;\/becas-jesus-serra\/wp-content\/uploads\/2025\/09\/alberto-bustos.jpg&#8221; \/&gt;&lt;!&#8211; [et_pb_line_break_holder] &#8211;&gt; &lt;div class=&#8221;info&#8221;&gt;&lt;!&#8211; [et_pb_line_break_holder] &#8211;&gt; &lt;span class=&#8221;name&#8221;&gt;Alberto Bustos&lt;\/span&gt;&lt;!&#8211; [et_pb_line_break_holder] &#8211;&gt; &lt;p&gt;Profesor titular de Did\u00e1ctica de la Lengua de la Universidad de Extremadura (UEx) desde hace 16 a\u00f1os y autor del Blog de Lengua.&lt;\/p&gt;&lt;!&#8211; [et_pb_line_break_holder] [&hellip;]","og_url":"https:\/\/edicion.fundacionoccident.org\/becas-jesus-serra\/comite-evaluador","og_site_name":"Becas FJS","article_modified_time":"2026-04-09T14:53:30+00:00","twitter_card":"summary_large_image","twitter_misc":{"Tiempo de lectura":"2 minutos"},"schema":{"@context":"https:\/\/schema.org","@graph":[{"@type":"WebPage","@id":"https:\/\/edicion.fundacionoccident.org\/becas-jesus-serra\/comite-evaluador","url":"https:\/\/edicion.fundacionoccident.org\/becas-jesus-serra\/comite-evaluador","name":"Comit\u00e9 evaluador - Becas FJS","isPartOf":{"@id":"https:\/\/edicion.fundacionoccident.org\/becas-jesus-serra\/#website"},"datePublished":"2025-10-01T07:38:50+00:00","dateModified":"2026-04-09T14:53:30+00:00","inLanguage":"es","potentialAction":[{"@type":"ReadAction","target":["https:\/\/edicion.fundacionoccident.org\/becas-jesus-serra\/comite-evaluador"]}]},{"@type":"WebSite","@id":"https:\/\/edicion.fundacionoccident.org\/becas-jesus-serra\/#website","url":"https:\/\/edicion.fundacionoccident.org\/becas-jesus-serra\/","name":"Becas FJS","description":"Becas Fundaci\u00f3n Jes\u00fas Serra.","potentialAction":[{"@type":"SearchAction","target":{"@type":"EntryPoint","urlTemplate":"https:\/\/edicion.fundacionoccident.org\/becas-jesus-serra\/?s={search_term_string}"},"query-input":{"@type":"PropertyValueSpecification","valueRequired":true,"valueName":"search_term_string"}}],"inLanguage":"es"}]}},"_links":{"self":[{"href":"https:\/\/edicion.fundacionoccident.org\/becas-jesus-serra\/wp-json\/wp\/v2\/pages\/5240","targetHints":{"allow":["GET"]}}],"collection":[{"href":"https:\/\/edicion.fundacionoccident.org\/becas-jesus-serra\/wp-json\/wp\/v2\/pages"}],"about":[{"href":"https:\/\/edicion.fundacionoccident.org\/becas-jesus-serra\/wp-json\/wp\/v2\/types\/page"}],"author":[{"embeddable":true,"href":"https:\/\/edicion.fundacionoccident.org\/becas-jesus-serra\/wp-json\/wp\/v2\/users\/10"}],"replies":[{"embeddable":true,"href":"https:\/\/edicion.fundacionoccident.org\/becas-jesus-serra\/wp-json\/wp\/v2\/comments?post=5240"}],"version-history":[{"count":6,"href":"https:\/\/edicion.fundacionoccident.org\/becas-jesus-serra\/wp-json\/wp\/v2\/pages\/5240\/revisions"}],"predecessor-version":[{"id":5310,"href":"https:\/\/edicion.fundacionoccident.org\/becas-jesus-serra\/wp-json\/wp\/v2\/pages\/5240\/revisions\/5310"}],"wp:attachment":[{"href":"https:\/\/edicion.fundacionoccident.org\/becas-jesus-serra\/wp-json\/wp\/v2\/media?parent=5240"}],"curies":[{"name":"wp","href":"https:\/\/api.w.org\/{rel}","templated":true}]}}