{"id":1187,"date":"2019-04-28T16:24:37","date_gmt":"2019-04-28T14:24:37","guid":{"rendered":"http:\/\/edicion.fundacionjesusserra.org\/poesia\/\/?page_id=1187"},"modified":"2025-06-10T11:31:23","modified_gmt":"2025-06-10T09:31:23","slug":"galeria-videos","status":"publish","type":"page","link":"https:\/\/edicion.fundacionoccident.org\/poesia\/cat\/galeria-videos","title":{"rendered":"Videos"},"content":{"rendered":"<p>[et_pb_section bb_built=&#8221;1&#8243; fullwidth=&#8221;off&#8221; specialty=&#8221;off&#8221;][et_pb_row][et_pb_column type=&#8221;1_3&#8243;][et_pb_text _builder_version=&#8221;3.17.6&#8243;]<\/p>\n<p><span style=\"color: #333333;\">&gt; V\u00eddeos<\/span><br \/><a href=\"\/poesia\/cat\/fotografies\"><span style=\"color: #de2641;\"> &gt; Galer\u00eda fotogr\u00e1fica<\/span><\/a><\/p>\n<p>[\/et_pb_text][\/et_pb_column][et_pb_column type=&#8221;2_3&#8243;][et_pb_text _builder_version=&#8221;3.17.6&#8243;]<\/p>\n<h1 style=\"text-align: left;\">Videos<\/h1>\n<p>[\/et_pb_text][\/et_pb_column][\/et_pb_row][et_pb_row][et_pb_column type=&#8221;4_4&#8243;][et_pb_divider _builder_version=&#8221;3.17.6&#8243; \/][et_pb_text _builder_version=&#8221;3.17.6&#8243;]<\/p>\n<h3 class=\"title style-scope h3 ytd-video-primary-info-renderer\" style=\"text-align: center;\">XV Concurs de Poesia Fundaci\u00f3n Occident<\/h3>\n<p>[\/et_pb_text][\/et_pb_column][\/et_pb_row][et_pb_row][et_pb_column type=&#8221;1_3&#8243;][et_pb_video _builder_version=&#8221;3.17.6&#8243; src=&#8221;https:\/\/www.youtube.com\/watch?v=FklG4EqGFJw&#8221; image_src=&#8221;\/\/i.ytimg.com\/vi\/FklG4EqGFJw\/hqdefault.jpg&#8221; \/][et_pb_text _builder_version=&#8221;3.17.6&#8243;]<\/p>\n<p>XV Concurs de Poesia Fundaci\u00f3n Occident<\/p>\n<p>[\/et_pb_text][\/et_pb_column][et_pb_column type=&#8221;1_3&#8243;][\/et_pb_column][et_pb_column type=&#8221;1_3&#8243;][\/et_pb_column][\/et_pb_row][et_pb_row][et_pb_column type=&#8221;4_4&#8243;][et_pb_divider _builder_version=&#8221;3.17.6&#8243; \/][et_pb_text _builder_version=&#8221;3.17.6&#8243;]<\/p>\n<h3 class=\"title style-scope h3 ytd-video-primary-info-renderer\" style=\"text-align: center;\">XIV Concurs de Poesia Fundaci\u00f3n Occident<\/h3>\n<p>[\/et_pb_text][\/et_pb_column][\/et_pb_row][et_pb_row][et_pb_column type=&#8221;1_3&#8243;][et_pb_video _builder_version=&#8221;3.17.6&#8243; src=&#8221;https:\/\/www.youtube.com\/watch?v=ZWIO2-RV9rI&amp;list=PLi1kNoCSE8_B-tPqhSdAeABsBqtwECPUW&#8221; image_src=&#8221;\/\/i.ytimg.com\/vi\/ZWIO2-RV9rI\/hqdefault.jpg&#8221; \/][et_pb_text _builder_version=&#8221;3.17.6&#8243;]<\/p>\n<p>XIV Concurs de Poesia Fundaci\u00f3n Occident<\/p>\n<p>[\/et_pb_text][\/et_pb_column][et_pb_column type=&#8221;1_3&#8243;][et_pb_video _builder_version=&#8221;3.17.6&#8243; src=&#8221;https:\/\/www.youtube.com\/watch?v=ebydEs7v7i0&#8243; image_src=&#8221;\/\/i.ytimg.com\/vi\/ebydEs7v7i0\/hqdefault.jpg&#8221; \/][et_pb_text _builder_version=&#8221;3.17.6&#8243;]<\/p>\n<p>XIV Concurs de Poesia Fundaci\u00f3n Jesus Serra<\/p>\n<p>[\/et_pb_text][\/et_pb_column][et_pb_column type=&#8221;1_3&#8243;][et_pb_video _builder_version=&#8221;3.17.6&#8243; src=&#8221;https:\/\/www.youtube.com\/watch?v=VetEUbnBm3k&amp;list=PLi1kNoCSE8_B-tPqhSdAeABsBqtwECPUW&#8221; image_src=&#8221;\/\/i.ytimg.com\/vi\/VetEUbnBm3k\/hqdefault.jpg&#8221; \/][et_pb_text _builder_version=&#8221;3.17.6&#8243;]<\/p>\n<p>Antonio Colinas, guanyador del II Premi Especial de Poesia<\/p>\n<p>[\/et_pb_text][\/et_pb_column][\/et_pb_row][et_pb_row][et_pb_column type=&#8221;1_3&#8243;][et_pb_video _builder_version=&#8221;3.17.6&#8243; src=&#8221;https:\/\/www.youtube.com\/watch?v=F4hCX7g7lMg&#8221; image_src=&#8221;\/\/i.ytimg.com\/vi\/F4hCX7g7lMg\/hqdefault.jpg&#8221; \/][et_pb_text _builder_version=&#8221;3.17.6&#8243;]<\/p>\n<p>Elena Medel, jurat del Concurs de Poesia<\/p>\n<p>[\/et_pb_text][\/et_pb_column][et_pb_column type=&#8221;1_3&#8243;][et_pb_video _builder_version=&#8221;3.17.6&#8243; src=&#8221;https:\/\/www.youtube.com\/watch?v=KuH-zkcNb0k&#8221; image_src=&#8221;\/\/i.ytimg.com\/vi\/KuH-zkcNb0k\/hqdefault.jpg&#8221; \/][et_pb_text _builder_version=&#8221;3.17.6&#8243;]<\/p>\n<p>T\u00e0nia Keukenmeester i Laura Hurtado, guanyadores Cat.B XIV Concurs de Poesia<\/p>\n<p>[\/et_pb_text][\/et_pb_column][et_pb_column type=&#8221;1_3&#8243;][et_pb_video _builder_version=&#8221;3.17.6&#8243; src=&#8221;https:\/\/www.youtube.com\/watch?v=8yyHZBzqEQc&#8221; image_src=&#8221;\/\/i.ytimg.com\/vi\/8yyHZBzqEQc\/hqdefault.jpg&#8221; \/][et_pb_text _builder_version=&#8221;3.17.6&#8243;]<\/p>\n<p>Carla Sanmart\u00edn i Noa Abike, guanyadores cat. C del XIV Concurs de Poesia<\/p>\n<p>[\/et_pb_text][\/et_pb_column][\/et_pb_row][et_pb_row][et_pb_column type=&#8221;4_4&#8243;][et_pb_divider _builder_version=&#8221;3.17.6&#8243; \/][et_pb_text _builder_version=&#8221;3.17.6&#8243;]<\/p>\n<h3 class=\"title style-scope h3 ytd-video-primary-info-renderer\" style=\"text-align: center;\">XIII Concurs de Poesia Fundaci\u00f3n Occident<\/h3>\n<p>[\/et_pb_text][\/et_pb_column][\/et_pb_row][et_pb_row][et_pb_column type=&#8221;1_3&#8243;][et_pb_video _builder_version=&#8221;3.17.6&#8243; src=&#8221;https:\/\/www.youtube.com\/watch?v=OlF5WHu1afU&amp;list=PLi1kNoCSE8_AgjaJsGEofaxVbOX4dPRZ4&amp;index=1&#8243; image_src=&#8221;\/\/i.ytimg.com\/vi\/OlF5WHu1afU\/hqdefault.jpg&#8221; \/][et_pb_text _builder_version=&#8221;3.17.6&#8243;]<\/p>\n<p>Guanyadora B catal\u00e0<\/p>\n<p>[\/et_pb_text][\/et_pb_column][et_pb_column type=&#8221;1_3&#8243;][et_pb_video _builder_version=&#8221;3.17.6&#8243; src=&#8221;https:\/\/www.youtube.com\/watch?v=bPmn7nqENJM&amp;list=PLi1kNoCSE8_AgjaJsGEofaxVbOX4dPRZ4&amp;index=2&#8243; image_src=&#8221;\/\/i.ytimg.com\/vi\/bPmn7nqENJM\/hqdefault.jpg&#8221; \/][et_pb_text _builder_version=&#8221;3.17.6&#8243;]<\/p>\n<p>Feliu Formosa \u2013 Guanyador I Premi Especial<\/p>\n<p>[\/et_pb_text][\/et_pb_column][et_pb_column type=&#8221;1_3&#8243;][et_pb_video _builder_version=&#8221;3.17.6&#8243; src=&#8221;https:\/\/www.youtube.com\/watch?v=siHJJs14re8&amp;list=PLi1kNoCSE8_AgjaJsGEofaxVbOX4dPRZ4&amp;index=4&#8243; image_src=&#8221;\/\/i.ytimg.com\/vi\/siHJJs14re8\/hqdefault.jpg&#8221; \/][et_pb_text _builder_version=&#8221;3.17.6&#8243;]<\/p>\n<p>Carlos Zanon \u2013 Declaracions I<\/p>\n<p>[\/et_pb_text][\/et_pb_column][\/et_pb_row][et_pb_row][et_pb_column type=&#8221;1_3&#8243;][et_pb_video _builder_version=&#8221;3.17.6&#8243; src=&#8221;https:\/\/www.youtube.com\/watch?v=WX75TGk_xNk&amp;list=PLi1kNoCSE8_AgjaJsGEofaxVbOX4dPRZ4&amp;index=6&#8243; image_src=&#8221;\/\/i.ytimg.com\/vi\/WX75TGk_xNk\/hqdefault.jpg&#8221; \/][et_pb_text _builder_version=&#8221;3.17.6&#8243;]<\/p>\n<p>Carlos Zanon \u2013 Declaracions II<\/p>\n<p>[\/et_pb_text][\/et_pb_column][et_pb_column type=&#8221;1_3&#8243;][et_pb_video _builder_version=&#8221;3.17.6&#8243; src=&#8221;https:\/\/www.youtube.com\/watch?v=LdyZmayT28w&amp;list=PLi1kNoCSE8_AgjaJsGEofaxVbOX4dPRZ4&amp;index=3&#8243; image_src=&#8221;\/\/i.ytimg.com\/vi\/LdyZmayT28w\/hqdefault.jpg&#8221; \/][et_pb_text _builder_version=&#8221;3.17.6&#8243;]<\/p>\n<p>Feliu Formosa \u2013 Guanyador I Premi Especial<\/p>\n<p>[\/et_pb_text][\/et_pb_column][et_pb_column type=&#8221;1_3&#8243;][et_pb_video _builder_version=&#8221;3.17.6&#8243; src=&#8221;https:\/\/www.youtube.com\/watch?v=WT2vEPLwdJI&amp;list=PLi1kNoCSE8_AgjaJsGEofaxVbOX4dPRZ4&amp;index=7&#8243; image_src=&#8221;\/\/i.ytimg.com\/vi\/WT2vEPLwdJI\/hqdefault.jpg&#8221; \/][et_pb_text _builder_version=&#8221;3.17.6&#8243;]<\/p>\n<p>V\u00eddeo resum &#8211; Entrega XIII Premis del Concurs de Poes\u00eda<\/p>\n<p>[\/et_pb_text][\/et_pb_column][\/et_pb_row][et_pb_row][et_pb_column type=&#8221;1_3&#8243;][et_pb_video _builder_version=&#8221;3.17.6&#8243; src=&#8221;https:\/\/www.youtube.com\/watch?v=B7y9NNZMm4M&#8221; image_src=&#8221;\/\/i.ytimg.com\/vi\/B7y9NNZMm4M\/hqdefault.jpg&#8221; \/][et_pb_text _builder_version=&#8221;3.17.6&#8243;]<\/p>\n<p>Arleth Abigail, guanyadora cat. A en catal\u00e0 del XIII Concurs de Poesia Fundaci\u00f3 Occident<\/p>\n<p>[\/et_pb_text][\/et_pb_column][et_pb_column type=&#8221;1_3&#8243;][\/et_pb_column][et_pb_column type=&#8221;1_3&#8243;][\/et_pb_column][\/et_pb_row][et_pb_row][et_pb_column type=&#8221;4_4&#8243;][et_pb_divider _builder_version=&#8221;3.17.6&#8243; \/][et_pb_text _builder_version=&#8221;3.17.6&#8243;]<\/p>\n<h3 class=\"title style-scope h3 ytd-video-primary-info-renderer\" style=\"text-align: center;\">XII Concurs de Poesia Fundaci\u00f3n Occident<\/h3>\n<p>[\/et_pb_text][\/et_pb_column][\/et_pb_row][et_pb_row][et_pb_column type=&#8221;1_3&#8243;][et_pb_video _builder_version=&#8221;3.17.6&#8243; src=&#8221;https:\/\/www.youtube.com\/watch?v=bAdhEBRTlh0&#8243; image_src=&#8221;\/\/i.ytimg.com\/vi\/bAdhEBRTlh0\/hqdefault.jpg&#8221; \/][et_pb_text _builder_version=&#8221;3.17.6&#8243;]<\/p>\n<p>Concurs de Poesia 2019 \u2013 XII Entrega de premis Fundaci\u00f3 Occident<\/p>\n<p>[\/et_pb_text][\/et_pb_column][et_pb_column type=&#8221;1_3&#8243;][et_pb_video _builder_version=&#8221;3.17.6&#8243; src=&#8221;https:\/\/player.vimeo.com\/video\/348319540&#8243; image_src=&#8221;\/poesia\/wp-content\/uploads\/2021\/04\/Raul-Guasch-ganador-categoria-C-catalan-2019-1.png&#8221; \/][et_pb_text _builder_version=&#8221;3.17.6&#8243;]<\/p>\n<p>Ra\u00fal Guasch, guanyador de la categor\u00eda C catal\u00e0 2019<\/p>\n<p>[\/et_pb_text][\/et_pb_column][et_pb_column type=&#8221;1_3&#8243;][et_pb_video _builder_version=&#8221;3.17.6&#8243; src=&#8221;https:\/\/www.youtube.com\/watch?v=GaXmpemGK2c&#8221; image_src=&#8221;\/poesia\/wp-content\/uploads\/2021\/04\/Pensaments-dun-moribund-1.png&#8221; \/][et_pb_text _builder_version=&#8221;3.17.6&#8243;]<\/p>\n<p>Ra\u00fal Guasch recitant Pensaments d&#8217;un moribund<\/p>\n<p>[\/et_pb_text][\/et_pb_column][\/et_pb_row][et_pb_row][et_pb_column type=&#8221;1_3&#8243;][et_pb_video _builder_version=&#8221;3.17.6&#8243; src=&#8221;https:\/\/www.youtube.com\/watch?v=EWhTyZhTAEw&#8221; image_src=&#8221;\/poesia\/wp-content\/uploads\/2021\/04\/Daniel-Wence-ganador-de-la-categoria-A-en-castellano-1.png&#8221; \/][et_pb_text _builder_version=&#8221;3.17.6&#8243;]<\/p>\n<p>Daniel Wence, guanyador de la categor\u00eda A en castell\u00e0<\/p>\n<p>[\/et_pb_text][\/et_pb_column][et_pb_column type=&#8221;1_3&#8243;][et_pb_video _builder_version=&#8221;3.17.6&#8243; src=&#8221;https:\/\/player.vimeo.com\/video\/348319452&#8243; image_src=&#8221;\/poesia\/wp-content\/uploads\/2021\/04\/Abuela-y-locomotora-1.png&#8221; \/][et_pb_text _builder_version=&#8221;3.17.6&#8243;]<\/p>\n<p>Daniel Wence llegeix el seu poema Abuela y locomotora<\/p>\n<p>[\/et_pb_text][\/et_pb_column][et_pb_column type=&#8221;1_3&#8243;][\/et_pb_column][\/et_pb_row][et_pb_row][et_pb_column type=&#8221;4_4&#8243;][et_pb_divider _builder_version=&#8221;3.17.6&#8243; \/][et_pb_text _builder_version=&#8221;3.17.6&#8243;]<\/p>\n<h3 class=\"title style-scope h3 ytd-video-primary-info-renderer\" style=\"text-align: center;\">XI Concurs de Poesia Fundaci\u00f3n Occident<\/h3>\n<p>[\/et_pb_text][\/et_pb_column][\/et_pb_row][et_pb_row][et_pb_column type=&#8221;1_3&#8243;][et_pb_video _builder_version=&#8221;3.17.6&#8243; src=&#8221;https:\/\/www.youtube.com\/watch?v=U87nUgoXyHY&#8221; image_src=&#8221;\/\/i.ytimg.com\/vi\/U87nUgoXyHY\/hqdefault.jpg&#8221; \/][et_pb_text _builder_version=&#8221;3.17.6&#8243;]<\/p>\n<p>XI Concurs Poesia Fundacio\u0301 Jesu\u0301s Serra<\/p>\n<p>[\/et_pb_text][\/et_pb_column][et_pb_column type=&#8221;1_3&#8243;][et_pb_video _builder_version=&#8221;3.17.6&#8243; src=&#8221;https:\/\/player.vimeo.com\/video\/341567622&#8243; image_src=&#8221;\/poesia\/wp-content\/uploads\/2021\/04\/XI-Concurso-de-Poesia-Fundacion-Jesus-Serra-con-ganadores-1.png&#8221; \/][et_pb_text _builder_version=&#8221;3.17.6&#8243;]<\/p>\n<p>XI Concurs de Poesia Fundaci\u00f3 Jesus Serra amb guanyadors<\/p>\n<p>[\/et_pb_text][\/et_pb_column][et_pb_column type=&#8221;1_3&#8243;][et_pb_video _builder_version=&#8221;3.17.6&#8243; src=&#8221;https:\/\/www.youtube.com\/watch?v=rjrtgUVu8x4&#8243; image_src=&#8221;\/\/i.ytimg.com\/vi\/rjrtgUVu8x4\/hqdefault.jpg&#8221; disabled=&#8221;on&#8221; disabled_on=&#8221;on|on|on&#8221; \/][et_pb_text _builder_version=&#8221;3.17.6&#8243; disabled=&#8221;on&#8221; disabled_on=&#8221;on|on|on&#8221;]<\/p>\n<p>Adria\u0300 Iba\u0301n\u0303ez, guanyador categori\u0301a B castell\u00e0 XI Concurs Poesiia Fundacio\u0301 Jesu\u0301s Serra<\/p>\n<p>[\/et_pb_text][\/et_pb_column][\/et_pb_row][et_pb_row][et_pb_column type=&#8221;4_4&#8243;][et_pb_divider _builder_version=&#8221;3.17.6&#8243; \/][et_pb_text _builder_version=&#8221;3.17.6&#8243;]<\/p>\n<h3 class=\"title style-scope h3 ytd-video-primary-info-renderer\" style=\"text-align: center;\">X Concurs de Poesia Fundaci\u00f3n Occident<\/h3>\n<p>[\/et_pb_text][\/et_pb_column][\/et_pb_row][et_pb_row][et_pb_column type=&#8221;1_3&#8243;][et_pb_video _builder_version=&#8221;3.17.6&#8243; src=&#8221;https:\/\/www.youtube.com\/watch?v=uimpfkMrPf8&#8243; image_src=&#8221;\/\/i.ytimg.com\/vi\/uimpfkMrPf8\/hqdefault.jpg&#8221; \/][et_pb_text _builder_version=&#8221;3.17.6&#8243;]<\/p>\n<p class=\"title style-scope ytd-video-primary-info-renderer\">Mario Garc\u00eda Obrero, ganador cat. C en castellano<\/p>\n<p>[\/et_pb_text][\/et_pb_column][et_pb_column type=&#8221;1_3&#8243;][\/et_pb_column][et_pb_column type=&#8221;1_3&#8243;][\/et_pb_column][\/et_pb_row][et_pb_row][et_pb_column type=&#8221;4_4&#8243;][et_pb_divider _builder_version=&#8221;3.17.6&#8243; \/][et_pb_text _builder_version=&#8221;3.17.6&#8243;]<\/p>\n<h3 class=\"title style-scope h3 ytd-video-primary-info-renderer\" style=\"text-align: center;\">VIII Concurs de Poesia Fundaci\u00f3n Occident<\/h3>\n<p>[\/et_pb_text][\/et_pb_column][\/et_pb_row][et_pb_row][et_pb_column type=&#8221;1_3&#8243;][et_pb_video _builder_version=&#8221;3.17.6&#8243; src=&#8221;https:\/\/www.youtube.com\/watch?v=MZV5acWsSbA&#8221; image_src=&#8221;\/\/i.ytimg.com\/vi\/MZV5acWsSbA\/hqdefault.jpg&#8221; \/][et_pb_text _builder_version=&#8221;3.17.6&#8243;]<\/p>\n<p class=\"title style-scope ytd-video-primary-info-renderer\">Mario Garc\u00eda Obrero, ganador cat. C en castellano<\/p>\n<p>[\/et_pb_text][\/et_pb_column][et_pb_column type=&#8221;1_3&#8243;][et_pb_video _builder_version=&#8221;3.17.6&#8243; src=&#8221;https:\/\/www.youtube.com\/watch?v=A4y5yn7WArs&#8221; image_src=&#8221;\/\/i.ytimg.com\/vi\/A4y5yn7WArs\/hqdefault.jpg&#8221; \/][et_pb_text _builder_version=&#8221;3.17.6&#8243;]<\/p>\n<p>Carmen Mar\u00eda, guanyadora cat. B en castellano<\/p>\n<p>[\/et_pb_text][\/et_pb_column][et_pb_column type=&#8221;1_3&#8243;][\/et_pb_column][\/et_pb_row][et_pb_row][et_pb_column type=&#8221;4_4&#8243;][et_pb_divider _builder_version=&#8221;3.17.6&#8243; \/][et_pb_text _builder_version=&#8221;3.17.6&#8243;]<\/p>\n<h3 class=\"title style-scope h3 ytd-video-primary-info-renderer\" style=\"text-align: center;\">VII Concurs de Poesia Fundaci\u00f3n Occident<\/h3>\n<p>[\/et_pb_text][\/et_pb_column][\/et_pb_row][et_pb_row][et_pb_column type=&#8221;1_3&#8243;][et_pb_video _builder_version=&#8221;3.17.6&#8243; src=&#8221;https:\/\/www.youtube.com\/watch?v=gg-vphpPxK0&#8243; image_src=&#8221;\/\/i.ytimg.com\/vi\/gg-vphpPxK0\/hqdefault.jpg&#8221; \/][et_pb_text _builder_version=&#8221;3.17.6&#8243;]<\/p>\n<p>Andr\u00e9s Aveda\u00f1o, guanyador cat. B en castell\u00e0<\/p>\n<p>[\/et_pb_text][\/et_pb_column][et_pb_column type=&#8221;1_3&#8243;][et_pb_video _builder_version=&#8221;3.17.6&#8243; src=&#8221;https:\/\/www.youtube.com\/watch?v=2rmKlSjUMG0&#8243; image_src=&#8221;\/\/i.ytimg.com\/vi\/2rmKlSjUMG0\/hqdefault.jpg&#8221; \/][et_pb_text _builder_version=&#8221;3.17.6&#8243;]<\/p>\n<p class=\"title style-scope ytd-video-primary-info-renderer\">Manuel Alonso, guanyador cat. A en castell\u00e0<\/p>\n<p>[\/et_pb_text][\/et_pb_column][et_pb_column type=&#8221;1_3&#8243;][et_pb_video _builder_version=&#8221;3.17.6&#8243; src=&#8221;https:\/\/www.youtube.com\/watch?v=yoQYw-JWnd8&#8243; image_src=&#8221;\/\/i.ytimg.com\/vi\/yoQYw-JWnd8\/hqdefault.jpg&#8221; \/][et_pb_text _builder_version=&#8221;3.17.6&#8243;]<\/p>\n<p class=\"title style-scope ytd-video-primary-info-renderer\">Paula Najm\u00edas, guanyadora cat. C en castell\u00e0<\/p>\n<p>[\/et_pb_text][\/et_pb_column][\/et_pb_row][\/et_pb_section]<\/p>\n","protected":false},"excerpt":{"rendered":"<p>[et_pb_section bb_built=&#8221;1&#8243; fullwidth=&#8221;off&#8221; specialty=&#8221;off&#8221;][et_pb_row][et_pb_column type=&#8221;1_3&#8243;][et_pb_text _builder_version=&#8221;3.17.6&#8243;] &gt; V\u00eddeos &gt; Galer\u00eda fotogr\u00e1fica [\/et_pb_text][\/et_pb_column][et_pb_column type=&#8221;2_3&#8243;][et_pb_text _builder_version=&#8221;3.17.6&#8243;] Videos [\/et_pb_text][\/et_pb_column][\/et_pb_row][et_pb_row][et_pb_column type=&#8221;4_4&#8243;][et_pb_divider _builder_version=&#8221;3.17.6&#8243; \/][et_pb_text _builder_version=&#8221;3.17.6&#8243;] XV Concurs de Poesia Fundaci\u00f3n Occident [\/et_pb_text][\/et_pb_column][\/et_pb_row][et_pb_row][et_pb_column type=&#8221;1_3&#8243;][et_pb_video _builder_version=&#8221;3.17.6&#8243; src=&#8221;https:\/\/www.youtube.com\/watch?v=FklG4EqGFJw&#8221; image_src=&#8221;\/\/i.ytimg.com\/vi\/FklG4EqGFJw\/hqdefault.jpg&#8221; \/][et_pb_text _builder_version=&#8221;3.17.6&#8243;] XV Concurs de Poesia Fundaci\u00f3n Occident [\/et_pb_text][\/et_pb_column][et_pb_column type=&#8221;1_3&#8243;][\/et_pb_column][et_pb_column type=&#8221;1_3&#8243;][\/et_pb_column][\/et_pb_row][et_pb_row][et_pb_column type=&#8221;4_4&#8243;][et_pb_divider _builder_version=&#8221;3.17.6&#8243; \/][et_pb_text _builder_version=&#8221;3.17.6&#8243;] XIV Concurs de Poesia Fundaci\u00f3n Occident [\/et_pb_text][\/et_pb_column][\/et_pb_row][et_pb_row][et_pb_column type=&#8221;1_3&#8243;][et_pb_video _builder_version=&#8221;3.17.6&#8243; [&hellip;]<\/p>\n","protected":false},"author":27,"featured_media":0,"parent":0,"menu_order":0,"comment_status":"closed","ping_status":"closed","template":"","meta":{"footnotes":""},"class_list":["post-1187","page","type-page","status-publish","hentry"],"yoast_head":"<!-- This site is optimized with the Yoast SEO plugin v26.3 - https:\/\/yoast.com\/wordpress\/plugins\/seo\/ -->\n<title>Galeria de v\u00eddeos de l&#039;esdeveniment - Concurs de Poesia<\/title>\n<meta name=\"description\" content=\"A la nostra galeria trobar\u00e0s tots els v\u00eddeos dels esdeveniments, els lliuraments i els guanyadors del Concurs de Poesia de la Fundaci\u00f3 Jes\u00fas Serra.\" \/>\n<meta name=\"robots\" content=\"index, follow, max-snippet:-1, max-image-preview:large, max-video-preview:-1\" \/>\n<link rel=\"canonical\" href=\"https:\/\/edicion.fundacionoccident.org\/poesia\/wp-json\/wp\/v2\/pages\/1187\" \/>\n<meta property=\"og:locale\" content=\"es_ES\" \/>\n<meta property=\"og:type\" content=\"article\" \/>\n<meta property=\"og:title\" content=\"Galeria de v\u00eddeos de l&#039;esdeveniment - Concurs de Poesia\" \/>\n<meta property=\"og:description\" content=\"A la nostra galeria trobar\u00e0s tots els v\u00eddeos dels esdeveniments, els lliuraments i els guanyadors del Concurs de Poesia de la Fundaci\u00f3 Jes\u00fas Serra.\" \/>\n<meta property=\"og:url\" content=\"https:\/\/edicion.fundacionoccident.org\/poesia\/cat\/galeria-videos\" \/>\n<meta property=\"og:site_name\" content=\"Concurso de Poes\u00eda Jes\u00fas Serra\" \/>\n<meta property=\"article:modified_time\" content=\"2025-06-10T09:31:23+00:00\" \/>\n<meta name=\"twitter:card\" content=\"summary_large_image\" \/>\n<meta name=\"twitter:label1\" content=\"Tiempo de lectura\" \/>\n\t<meta name=\"twitter:data1\" content=\"9 minutos\" \/>\n<!-- \/ Yoast SEO plugin. -->","yoast_head_json":{"title":"Galeria de v\u00eddeos de l'esdeveniment - Concurs de Poesia","description":"A la nostra galeria trobar\u00e0s tots els v\u00eddeos dels esdeveniments, els lliuraments i els guanyadors del Concurs de Poesia de la Fundaci\u00f3 Jes\u00fas Serra.","robots":{"index":"index","follow":"follow","max-snippet":"max-snippet:-1","max-image-preview":"max-image-preview:large","max-video-preview":"max-video-preview:-1"},"canonical":"https:\/\/edicion.fundacionoccident.org\/poesia\/wp-json\/wp\/v2\/pages\/1187","og_locale":"es_ES","og_type":"article","og_title":"Galeria de v\u00eddeos de l'esdeveniment - Concurs de Poesia","og_description":"A la nostra galeria trobar\u00e0s tots els v\u00eddeos dels esdeveniments, els lliuraments i els guanyadors del Concurs de Poesia de la Fundaci\u00f3 Jes\u00fas Serra.","og_url":"https:\/\/edicion.fundacionoccident.org\/poesia\/cat\/galeria-videos","og_site_name":"Concurso de Poes\u00eda Jes\u00fas Serra","article_modified_time":"2025-06-10T09:31:23+00:00","twitter_card":"summary_large_image","twitter_misc":{"Tiempo de lectura":"9 minutos"},"schema":{"@context":"https:\/\/schema.org","@graph":[{"@type":"WebPage","@id":"https:\/\/edicion.fundacionoccident.org\/poesia\/cat\/galeria-videos","url":"https:\/\/edicion.fundacionoccident.org\/poesia\/cat\/galeria-videos","name":"Galeria de v\u00eddeos de l'esdeveniment - Concurs de Poesia","isPartOf":{"@id":"https:\/\/edicion.fundacionoccident.org\/poesia\/#website"},"datePublished":"2019-04-28T14:24:37+00:00","dateModified":"2025-06-10T09:31:23+00:00","description":"A la nostra galeria trobar\u00e0s tots els v\u00eddeos dels esdeveniments, els lliuraments i els guanyadors del Concurs de Poesia de la Fundaci\u00f3 Jes\u00fas Serra.","breadcrumb":{"@id":"https:\/\/edicion.fundacionoccident.org\/poesia\/cat\/galeria-videos#breadcrumb"},"inLanguage":"es","potentialAction":[{"@type":"ReadAction","target":["https:\/\/edicion.fundacionoccident.org\/poesia\/cat\/galeria-videos"]}]},{"@type":"BreadcrumbList","@id":"https:\/\/edicion.fundacionoccident.org\/poesia\/cat\/galeria-videos#breadcrumb","itemListElement":[{"@type":"ListItem","position":1,"name":"Inicio \u00bb Concurso de Poes\u00eda","item":"https:\/\/edicion.fundacionoccident.org\/poesia\/"},{"@type":"ListItem","position":2,"name":"Videos"}]},{"@type":"WebSite","@id":"https:\/\/edicion.fundacionoccident.org\/poesia\/#website","url":"https:\/\/edicion.fundacionoccident.org\/poesia\/","name":"Concurso de Poes\u00eda Jes\u00fas Serra","description":"","potentialAction":[{"@type":"SearchAction","target":{"@type":"EntryPoint","urlTemplate":"https:\/\/edicion.fundacionoccident.org\/poesia\/?s={search_term_string}"},"query-input":{"@type":"PropertyValueSpecification","valueRequired":true,"valueName":"search_term_string"}}],"inLanguage":"es"}]}},"_links":{"self":[{"href":"https:\/\/edicion.fundacionoccident.org\/poesia\/wp-json\/wp\/v2\/pages\/1187","targetHints":{"allow":["GET"]}}],"collection":[{"href":"https:\/\/edicion.fundacionoccident.org\/poesia\/wp-json\/wp\/v2\/pages"}],"about":[{"href":"https:\/\/edicion.fundacionoccident.org\/poesia\/wp-json\/wp\/v2\/types\/page"}],"author":[{"embeddable":true,"href":"https:\/\/edicion.fundacionoccident.org\/poesia\/wp-json\/wp\/v2\/users\/27"}],"replies":[{"embeddable":true,"href":"https:\/\/edicion.fundacionoccident.org\/poesia\/wp-json\/wp\/v2\/comments?post=1187"}],"version-history":[{"count":28,"href":"https:\/\/edicion.fundacionoccident.org\/poesia\/wp-json\/wp\/v2\/pages\/1187\/revisions"}],"predecessor-version":[{"id":16026,"href":"https:\/\/edicion.fundacionoccident.org\/poesia\/wp-json\/wp\/v2\/pages\/1187\/revisions\/16026"}],"wp:attachment":[{"href":"https:\/\/edicion.fundacionoccident.org\/poesia\/wp-json\/wp\/v2\/media?parent=1187"}],"curies":[{"name":"wp","href":"https:\/\/api.w.org\/{rel}","templated":true}]}}