{"id":1189,"date":"2019-02-28T16:44:33","date_gmt":"2019-02-28T16:44:33","guid":{"rendered":"http:\/\/edicion.fundacionjesusserra.org\/poesia\/\/?page_id=1189"},"modified":"2025-07-09T10:49:10","modified_gmt":"2025-07-09T08:49:10","slug":"fotografies","status":"publish","type":"page","link":"https:\/\/edicion.fundacionoccident.org\/poesia\/cat\/fotografies","title":{"rendered":"Fotografies"},"content":{"rendered":"<p>[et_pb_section bb_built=&#8221;1&#8243; fullwidth=&#8221;off&#8221; specialty=&#8221;off&#8221;][et_pb_row][et_pb_column type=&#8221;1_3&#8243;][et_pb_text use_border_color=&#8221;off&#8221; custom_css_main_element=&#8221;li {margin-bottom: 20px;}&#8221; disabled=&#8221;off&#8221; background_position=&#8221;top_left&#8221; background_repeat=&#8221;repeat&#8221; background_size=&#8221;initial&#8221; _builder_version=&#8221;3.17.6&#8243;]<\/p>\n<p><a href=\"\/poesia\/cat\/galeria-videos\"><span style=\"color: #de2641;\"> &gt; V\u00eddeos<\/span><\/a><br \/><span style=\"color: #333333;\"> &gt; Galer\u00eda fotogr\u00e1fica<\/span><\/p>\n<p>[\/et_pb_text][\/et_pb_column][et_pb_column type=&#8221;2_3&#8243;][et_pb_text _builder_version=&#8221;3.17.6&#8243;]<\/p>\n<h1>Galeria fotogr\u00e0fica<\/h1>\n<p>[\/et_pb_text][et_pb_text _builder_version=&#8221;3.17.6&#8243;]<\/p>\n<p class=\"h3\">XVIII Concurs de Poesia Jes\u00fas Serra<\/p>\n<p>[\/et_pb_text][et_pb_gallery admin_label=&#8221;XVIII Concurs Poesia Jes\u00fas Serra&#8221; _builder_version=&#8221;3.17.6&#8243; gallery_ids=&#8221;16143,16139,16142,16144,16141,16145,16137,16138,16140&#8243; posts_number=&#8221;9&#8243; zoom_icon_color=&#8221;#0a0000&#8243; hover_overlay_color=&#8221;rgba(255,255,255,0.9)&#8221; \/][et_pb_divider _builder_version=&#8221;3.17.6&#8243; \/][\/et_pb_column][\/et_pb_row][et_pb_row][et_pb_column type=&#8221;1_3&#8243;][\/et_pb_column][et_pb_column type=&#8221;2_3&#8243;][et_pb_text _builder_version=&#8221;3.17.6&#8243;]<\/p>\n<p class=\"h3\">XVII Concurs de Poesia Jes\u00fas Serra<\/p>\n<p>[\/et_pb_text][et_pb_gallery admin_label=&#8221;XVII Concurs Poesia Jes\u00fas Serra&#8221; _builder_version=&#8221;3.17.6&#8243; gallery_ids=&#8221;16132,16129,16130,16134,16131,16133,16135,16136&#8243; posts_number=&#8221;9&#8243; zoom_icon_color=&#8221;#0a0000&#8243; hover_overlay_color=&#8221;rgba(255,255,255,0.9)&#8221; \/][et_pb_divider _builder_version=&#8221;3.17.6&#8243; \/][\/et_pb_column][\/et_pb_row][et_pb_row][et_pb_column type=&#8221;1_3&#8243;][\/et_pb_column][et_pb_column type=&#8221;2_3&#8243;][et_pb_text _builder_version=&#8221;3.17.6&#8243;]<\/p>\n<p class=\"h3\">XVI Concurs de Poesia Jes\u00fas Serra<\/p>\n<p>[\/et_pb_text][et_pb_gallery admin_label=&#8221;XVI Concurs Poesia Jes\u00fas Serra&#8221; _builder_version=&#8221;3.17.6&#8243; gallery_ids=&#8221;16127,16123,16125,16120,16126,16122,16121,16128&#8243; posts_number=&#8221;9&#8243; zoom_icon_color=&#8221;#0a0000&#8243; hover_overlay_color=&#8221;rgba(255,255,255,0.9)&#8221; \/][et_pb_divider _builder_version=&#8221;3.17.6&#8243; \/][\/et_pb_column][\/et_pb_row][et_pb_row][et_pb_column type=&#8221;1_3&#8243;][\/et_pb_column][et_pb_column type=&#8221;2_3&#8243;][et_pb_text _builder_version=&#8221;3.17.6&#8243;]<\/p>\n<p class=\"h3\">XV Concurs de Poesia Jes\u00fas Serra<\/p>\n<p>[\/et_pb_text][et_pb_gallery admin_label=&#8221;XV Concurs Poesia Jes\u00fas Serra&#8221; _builder_version=&#8221;3.17.6&#8243; gallery_ids=&#8221;6130,6131,6132,6133,6134,6135,6136,6137,6138&#8243; posts_number=&#8221;9&#8243; zoom_icon_color=&#8221;#0a0000&#8243; hover_overlay_color=&#8221;rgba(255,255,255,0.9)&#8221; \/][et_pb_divider _builder_version=&#8221;3.17.6&#8243; \/][\/et_pb_column][\/et_pb_row][et_pb_row _builder_version=&#8221;3.17.6&#8243;][et_pb_column type=&#8221;1_3&#8243;][\/et_pb_column][et_pb_column type=&#8221;2_3&#8243;][et_pb_text _builder_version=&#8221;3.17.6&#8243;]<\/p>\n<p>XIV Concurs de Poesia Jes\u00fas Serra<\/p>\n<p>[\/et_pb_text][et_pb_gallery admin_label=&#8221;XIV Concurs Poesia Jes\u00fas Serra&#8221; _builder_version=&#8221;3.17.6&#8243; gallery_ids=&#8221;2367,2357,2358,2359,2360,2361,2362,2363,2364,2365,2366&#8243; posts_number=&#8221;11&#8243; zoom_icon_color=&#8221;#0a0000&#8243; hover_overlay_color=&#8221;rgba(255,255,255,0.9)&#8221; \/][et_pb_divider _builder_version=&#8221;3.17.6&#8243; \/][\/et_pb_column][\/et_pb_row][et_pb_row _builder_version=&#8221;3.17.6&#8243;][et_pb_column type=&#8221;1_3&#8243;][\/et_pb_column][et_pb_column type=&#8221;2_3&#8243;][et_pb_text _builder_version=&#8221;3.17.6&#8243;]<\/p>\n<p class=\"h3\">XII Concurs de Poesia Jes\u00fas Serra<\/p>\n<p>[\/et_pb_text][et_pb_gallery admin_label=&#8221;XIII Concurs de Poesia Jes\u00fas Serra&#8221; _builder_version=&#8221;3.17.6&#8243; zoom_icon_color=&#8221;#0a0000&#8243; hover_overlay_color=&#8221;rgba(255,255,255,0.9)&#8221; gallery_ids=&#8221;2124,2126,2125&#8243; posts_number=&#8221;3&#8243; \/][et_pb_divider _builder_version=&#8221;3.17.6&#8243; color=&#8221;#c6c6c6&#8243; \/][\/et_pb_column][\/et_pb_row][et_pb_row _builder_version=&#8221;3.17.6&#8243;][et_pb_column type=&#8221;1_3&#8243;][\/et_pb_column][et_pb_column type=&#8221;2_3&#8243;][et_pb_text _builder_version=&#8221;3.17.6&#8243;]<\/p>\n<p class=\"h3\">XI Concurs de Poesia Jes\u00fas Serra<\/p>\n<p>[\/et_pb_text][et_pb_gallery admin_label=&#8221;XII Concurs de Poesia Jes\u00fas Serra&#8221; _builder_version=&#8221;3.17.6&#8243; zoom_icon_color=&#8221;#0a0000&#8243; hover_overlay_color=&#8221;rgba(255,255,255,0.9)&#8221; gallery_ids=&#8221;1325,1326,1328,1331,1333,1329,1330,1332,1327,1335,1334&#8243; posts_number=&#8221;11&#8243; \/][et_pb_divider _builder_version=&#8221;3.17.6&#8243; color=&#8221;#c6c6c6&#8243; \/][\/et_pb_column][\/et_pb_row][et_pb_row _builder_version=&#8221;3.17.6&#8243;][et_pb_column type=&#8221;1_3&#8243;][\/et_pb_column][et_pb_column type=&#8221;2_3&#8243;][et_pb_text _builder_version=&#8221;3.17.6&#8243;]<\/p>\n<p class=\"h3\">XI Concurs de Poesia Jes\u00fas Serra<\/p>\n<p>[\/et_pb_text][et_pb_gallery admin_label=&#8221;XI Concurs de Poesia Jes\u00fas Serra&#8221; _builder_version=&#8221;3.17.6&#8243; zoom_icon_color=&#8221;#0a0000&#8243; hover_overlay_color=&#8221;rgba(255,255,255,0.9)&#8221; gallery_ids=&#8221;2128,2129,2130,2131,2132,2133,2134,2135,2136,2137,2138&#8243; posts_number=&#8221;11&#8243; \/][et_pb_divider _builder_version=&#8221;3.17.6&#8243; color=&#8221;#c6c6c6&#8243; \/][\/et_pb_column][\/et_pb_row][et_pb_row _builder_version=&#8221;3.17.6&#8243;][et_pb_column type=&#8221;1_3&#8243;][\/et_pb_column][et_pb_column type=&#8221;2_3&#8243;][et_pb_text _builder_version=&#8221;3.17.6&#8243;]<\/p>\n<p class=\"h3\">X Concurs de Poesia Jes\u00fas Serra<\/p>\n<p>[\/et_pb_text][et_pb_gallery admin_label=&#8221;X Concurs de Poesia Jes\u00fas Serra&#8221; _builder_version=&#8221;3.17.6&#8243; zoom_icon_color=&#8221;#0a0000&#8243; hover_overlay_color=&#8221;rgba(255,255,255,0.9)&#8221; gallery_ids=&#8221;2139,2140&#8243; posts_number=&#8221;2&#8243; \/][et_pb_divider _builder_version=&#8221;3.17.6&#8243; color=&#8221;#c6c6c6&#8243; \/][\/et_pb_column][\/et_pb_row][\/et_pb_section]<\/p>\n","protected":false},"excerpt":{"rendered":"<p>[et_pb_section bb_built=&#8221;1&#8243; fullwidth=&#8221;off&#8221; specialty=&#8221;off&#8221;][et_pb_row][et_pb_column type=&#8221;1_3&#8243;][et_pb_text use_border_color=&#8221;off&#8221; custom_css_main_element=&#8221;li {margin-bottom: 20px;}&#8221; disabled=&#8221;off&#8221; background_position=&#8221;top_left&#8221; background_repeat=&#8221;repeat&#8221; background_size=&#8221;initial&#8221; _builder_version=&#8221;3.17.6&#8243;] &gt; V\u00eddeos &gt; Galer\u00eda fotogr\u00e1fica [\/et_pb_text][\/et_pb_column][et_pb_column type=&#8221;2_3&#8243;][et_pb_text _builder_version=&#8221;3.17.6&#8243;] Galeria fotogr\u00e0fica [\/et_pb_text][et_pb_text _builder_version=&#8221;3.17.6&#8243;] XVIII Concurs de Poesia Jes\u00fas Serra [\/et_pb_text][et_pb_gallery admin_label=&#8221;XVIII Concurs Poesia Jes\u00fas Serra&#8221; _builder_version=&#8221;3.17.6&#8243; gallery_ids=&#8221;16143,16139,16142,16144,16141,16145,16137,16138,16140&#8243; posts_number=&#8221;9&#8243; zoom_icon_color=&#8221;#0a0000&#8243; hover_overlay_color=&#8221;rgba(255,255,255,0.9)&#8221; \/][et_pb_divider _builder_version=&#8221;3.17.6&#8243; \/][\/et_pb_column][\/et_pb_row][et_pb_row][et_pb_column type=&#8221;1_3&#8243;][\/et_pb_column][et_pb_column type=&#8221;2_3&#8243;][et_pb_text _builder_version=&#8221;3.17.6&#8243;] XVII Concurs de Poesia Jes\u00fas Serra [&hellip;]<\/p>\n","protected":false},"author":27,"featured_media":0,"parent":0,"menu_order":0,"comment_status":"closed","ping_status":"closed","template":"","meta":{"footnotes":""},"class_list":["post-1189","page","type-page","status-publish","hentry"],"yoast_head":"<!-- This site is optimized with the Yoast SEO plugin v26.3 - https:\/\/yoast.com\/wordpress\/plugins\/seo\/ -->\n<title>Galeria de fotos de l&#039;esdeveniment - Concurs de Poesia<\/title>\n<meta name=\"description\" content=\"Des de la nostra galeria fotogr\u00e0fica accedir\u00e0s a les fotos dels esdeveniments relacionats amb el Concurs de Poesia de la Fundaci\u00f3 Jes\u00fas Serra.\" \/>\n<meta name=\"robots\" content=\"index, follow, max-snippet:-1, max-image-preview:large, max-video-preview:-1\" \/>\n<link rel=\"canonical\" href=\"https:\/\/edicion.fundacionoccident.org\/poesia\/wp-json\/wp\/v2\/pages\/1189\" \/>\n<meta property=\"og:locale\" content=\"es_ES\" \/>\n<meta property=\"og:type\" content=\"article\" \/>\n<meta property=\"og:title\" content=\"Galeria de fotos de l&#039;esdeveniment - Concurs de Poesia\" \/>\n<meta property=\"og:description\" content=\"Des de la nostra galeria fotogr\u00e0fica accedir\u00e0s a les fotos dels esdeveniments relacionats amb el Concurs de Poesia de la Fundaci\u00f3 Jes\u00fas Serra.\" \/>\n<meta property=\"og:url\" content=\"https:\/\/edicion.fundacionoccident.org\/poesia\/cat\/fotografies\" \/>\n<meta property=\"og:site_name\" content=\"Concurso de Poes\u00eda Jes\u00fas Serra\" \/>\n<meta property=\"article:modified_time\" content=\"2025-07-09T08:49:10+00:00\" \/>\n<meta name=\"twitter:card\" content=\"summary_large_image\" \/>\n<meta name=\"twitter:label1\" content=\"Tiempo de lectura\" \/>\n\t<meta name=\"twitter:data1\" content=\"3 minutos\" \/>\n<!-- \/ Yoast SEO plugin. -->","yoast_head_json":{"title":"Galeria de fotos de l'esdeveniment - Concurs de Poesia","description":"Des de la nostra galeria fotogr\u00e0fica accedir\u00e0s a les fotos dels esdeveniments relacionats amb el Concurs de Poesia de la Fundaci\u00f3 Jes\u00fas Serra.","robots":{"index":"index","follow":"follow","max-snippet":"max-snippet:-1","max-image-preview":"max-image-preview:large","max-video-preview":"max-video-preview:-1"},"canonical":"https:\/\/edicion.fundacionoccident.org\/poesia\/wp-json\/wp\/v2\/pages\/1189","og_locale":"es_ES","og_type":"article","og_title":"Galeria de fotos de l'esdeveniment - Concurs de Poesia","og_description":"Des de la nostra galeria fotogr\u00e0fica accedir\u00e0s a les fotos dels esdeveniments relacionats amb el Concurs de Poesia de la Fundaci\u00f3 Jes\u00fas Serra.","og_url":"https:\/\/edicion.fundacionoccident.org\/poesia\/cat\/fotografies","og_site_name":"Concurso de Poes\u00eda Jes\u00fas Serra","article_modified_time":"2025-07-09T08:49:10+00:00","twitter_card":"summary_large_image","twitter_misc":{"Tiempo de lectura":"3 minutos"},"schema":{"@context":"https:\/\/schema.org","@graph":[{"@type":"WebPage","@id":"https:\/\/edicion.fundacionoccident.org\/poesia\/cat\/fotografies","url":"https:\/\/edicion.fundacionoccident.org\/poesia\/cat\/fotografies","name":"Galeria de fotos de l'esdeveniment - Concurs de Poesia","isPartOf":{"@id":"https:\/\/edicion.fundacionoccident.org\/poesia\/#website"},"datePublished":"2019-02-28T16:44:33+00:00","dateModified":"2025-07-09T08:49:10+00:00","description":"Des de la nostra galeria fotogr\u00e0fica accedir\u00e0s a les fotos dels esdeveniments relacionats amb el Concurs de Poesia de la Fundaci\u00f3 Jes\u00fas Serra.","breadcrumb":{"@id":"https:\/\/edicion.fundacionoccident.org\/poesia\/cat\/fotografies#breadcrumb"},"inLanguage":"es","potentialAction":[{"@type":"ReadAction","target":["https:\/\/edicion.fundacionoccident.org\/poesia\/cat\/fotografies"]}]},{"@type":"BreadcrumbList","@id":"https:\/\/edicion.fundacionoccident.org\/poesia\/cat\/fotografies#breadcrumb","itemListElement":[{"@type":"ListItem","position":1,"name":"Inicio \u00bb Concurso de Poes\u00eda","item":"https:\/\/edicion.fundacionoccident.org\/poesia\/"},{"@type":"ListItem","position":2,"name":"Fotografies"}]},{"@type":"WebSite","@id":"https:\/\/edicion.fundacionoccident.org\/poesia\/#website","url":"https:\/\/edicion.fundacionoccident.org\/poesia\/","name":"Concurso de Poes\u00eda Jes\u00fas Serra","description":"","potentialAction":[{"@type":"SearchAction","target":{"@type":"EntryPoint","urlTemplate":"https:\/\/edicion.fundacionoccident.org\/poesia\/?s={search_term_string}"},"query-input":{"@type":"PropertyValueSpecification","valueRequired":true,"valueName":"search_term_string"}}],"inLanguage":"es"}]}},"_links":{"self":[{"href":"https:\/\/edicion.fundacionoccident.org\/poesia\/wp-json\/wp\/v2\/pages\/1189","targetHints":{"allow":["GET"]}}],"collection":[{"href":"https:\/\/edicion.fundacionoccident.org\/poesia\/wp-json\/wp\/v2\/pages"}],"about":[{"href":"https:\/\/edicion.fundacionoccident.org\/poesia\/wp-json\/wp\/v2\/types\/page"}],"author":[{"embeddable":true,"href":"https:\/\/edicion.fundacionoccident.org\/poesia\/wp-json\/wp\/v2\/users\/27"}],"replies":[{"embeddable":true,"href":"https:\/\/edicion.fundacionoccident.org\/poesia\/wp-json\/wp\/v2\/comments?post=1189"}],"version-history":[{"count":24,"href":"https:\/\/edicion.fundacionoccident.org\/poesia\/wp-json\/wp\/v2\/pages\/1189\/revisions"}],"predecessor-version":[{"id":16146,"href":"https:\/\/edicion.fundacionoccident.org\/poesia\/wp-json\/wp\/v2\/pages\/1189\/revisions\/16146"}],"wp:attachment":[{"href":"https:\/\/edicion.fundacionoccident.org\/poesia\/wp-json\/wp\/v2\/media?parent=1189"}],"curies":[{"name":"wp","href":"https:\/\/api.w.org\/{rel}","templated":true}]}}