{"id":1248,"date":"2019-06-26T13:26:28","date_gmt":"2019-06-26T11:26:28","guid":{"rendered":"http:\/\/edicion.fundacionjesusserra.org\/poesia\/?page_id=1248"},"modified":"2024-01-08T14:38:34","modified_gmt":"2024-01-08T13:38:34","slug":"guanyadors-2018-categoria-c-catala-cat","status":"publish","type":"page","link":"https:\/\/edicion.fundacionoccident.org\/poesia\/cat\/guanyadors-2018-categoria-c-catala-cat","title":{"rendered":"Guanyadors 2018-CATEGORIA C \u2013 Catal\u00e0 CAT"},"content":{"rendered":"<p>[et_pb_section bb_built=&#8221;1&#8243; admin_label=&#8221;section&#8221;][et_pb_row background_position=&#8221;top_left&#8221; background_repeat=&#8221;repeat&#8221; background_size=&#8221;initial&#8221;][et_pb_column type=&#8221;4_4&#8243;][et_pb_text use_border_color=&#8221;off&#8221; background_position=&#8221;top_left&#8221; background_repeat=&#8221;repeat&#8221; background_size=&#8221;initial&#8221; _builder_version=&#8221;3.17.6&#8243;]<\/p>\n<h1>Guanyadors&nbsp; XII Concurs de Poesia Fundaci\u00f3 Occident<\/h1>\n<p>[\/et_pb_text][\/et_pb_column][\/et_pb_row][et_pb_row background_position=&#8221;top_left&#8221; background_repeat=&#8221;repeat&#8221; background_size=&#8221;initial&#8221;][et_pb_column type=&#8221;1_2&#8243;][et_pb_text use_border_color=&#8221;off&#8221; background_color=&#8221;rgba(234,234,234,0.49)&#8221; custom_css_main_element=&#8221;padding:40px;&#8221; background_position=&#8221;top_left&#8221; background_repeat=&#8221;repeat&#8221; background_size=&#8221;initial&#8221; _builder_version=&#8221;3.17.6&#8243;]<\/p>\n<h2><strong>CATEGORIA C \u2013 Catal\u00e0<\/strong><\/h2>\n<p>Pensaments d\u2019un moribund &#8211; Ra\u00fal Guasch<\/p>\n<p>S\u00f3c a dins i a fora,<br \/>s\u00f3c viu i mort,<br \/>totes quatre coses alhora.<\/p>\n<p>No sento ni fred ni calor,<br \/>ni tristesa ni amor,<br \/>no s\u00e9 qu\u00e8 em passa.<\/p>\n<p>All\u00e0 on s\u00f3c,<br \/>no tinc gens de lloc,<br \/>i alhora en tinc massa.<\/p>\n<p>No tinc clar per qu\u00e8<br \/>faig tot el que faig,<br \/>crec que desvario.<\/p>\n<p>Tinc el cap emboirat,<br \/>per\u00f2 alhora penso<br \/>amb gran claredat.<\/p>\n<p>He visitat l\u2019infern i el cel,<br \/>per\u00f2 tot ho veig<br \/>tapat per un vel.<\/p>\n<p>L\u2019\u00fanica cosa que tinc clara<br \/>\u00e9s que moltes coses<br \/>passen a la vegada.<\/p>\n<p>Tot el que sento es un somni,<br \/>per\u00f2 tamb\u00e9 \u00e9s real.<br \/>No, espera\u2026 no ho \u00e9s.<\/p>\n<p>Per fi desperto;<br \/>miro al meu voltant,<br \/>tot \u00e9s de color blanc.<\/p>\n<p>Ja s\u00e9 on s\u00f3c: un hospital.<br \/>Ja s\u00e9 qu\u00e8 sento: dolor.<br \/>Ja ho recordo tot.<\/p>\n<p>Ja recordo la caiguda,<br \/>l\u2019accident, el dolor intens.<br \/>l\u2019ambul\u00e0ncia\u2026<\/p>\n<p>Ara ja ho s\u00e9 tot,<br \/>tot el que no sabia<br \/>s\u00e9 per qu\u00e8 s\u00f3c aqu\u00ed\u2026<\/p>\n<p>S\u00f3c aqu\u00ed per morir.<\/p>\n<p><em>Paper Knight<\/em><\/p>\n<p>[\/et_pb_text][\/et_pb_column][et_pb_column type=&#8221;1_2&#8243;][et_pb_text use_border_color=&#8221;off&#8221; background_color=&#8221;rgba(234,234,234,0.49)&#8221; custom_css_main_element=&#8221;padding: 40px;&#8221; background_position=&#8221;top_left&#8221; background_repeat=&#8221;repeat&#8221; background_size=&#8221;initial&#8221; _builder_version=&#8221;3.17.6&#8243;]<\/p>\n<h2>Guanyadors d\u2019altres edicions<\/h2>\n<p><a href=\"\/poesia\/wp-content\/uploads\/2018\/06\/ganadores2018.pdf\" target=\"_blank\" rel=\"noopener noreferrer\">Descarregar guanyadors del 2018<\/a><br \/><a href=\"\/poesia\/wp-content\/uploads\/2017\/12\/ganadores-2017.pdf\" target=\"_blank\" rel=\"noopener noreferrer\">Descarregar guanyadors del 2017<\/a><br \/><a href=\"\/poesia\/wp-content\/uploads\/2017\/08\/poemas-ganadores-2016-v2.pdf\" target=\"_blank\" rel=\"noopener noreferrer\">Descarregar guanyadors del 2016<\/a><br \/><a href=\"\/poesia\/wp-content\/uploads\/2016\/09\/Poemas_ganadores_2015.pdf\" target=\"_blank\" rel=\"noopener noreferrer\">Descarregar guanyadors del 2015<\/a><br \/><a href=\"\/poesia\/wp-content\/uploads\/2016\/09\/Poemas_ganadores_2014.pdf\" target=\"_blank\" rel=\"noopener noreferrer\">Descarregar guanyadors del 2014<\/a><\/p>\n<p>[\/et_pb_text][\/et_pb_column][\/et_pb_row][\/et_pb_section]<\/p>\n","protected":false},"excerpt":{"rendered":"<p>[et_pb_section bb_built=&#8221;1&#8243; admin_label=&#8221;section&#8221;][et_pb_row background_position=&#8221;top_left&#8221; background_repeat=&#8221;repeat&#8221; background_size=&#8221;initial&#8221;][et_pb_column type=&#8221;4_4&#8243;][et_pb_text use_border_color=&#8221;off&#8221; background_position=&#8221;top_left&#8221; background_repeat=&#8221;repeat&#8221; background_size=&#8221;initial&#8221; _builder_version=&#8221;3.17.6&#8243;] Guanyadors&nbsp; XII Concurs de Poesia Fundaci\u00f3 Occident [\/et_pb_text][\/et_pb_column][\/et_pb_row][et_pb_row background_position=&#8221;top_left&#8221; background_repeat=&#8221;repeat&#8221; background_size=&#8221;initial&#8221;][et_pb_column type=&#8221;1_2&#8243;][et_pb_text use_border_color=&#8221;off&#8221; background_color=&#8221;rgba(234,234,234,0.49)&#8221; custom_css_main_element=&#8221;padding:40px;&#8221; background_position=&#8221;top_left&#8221; background_repeat=&#8221;repeat&#8221; background_size=&#8221;initial&#8221; _builder_version=&#8221;3.17.6&#8243;] CATEGORIA C \u2013 Catal\u00e0 Pensaments d\u2019un moribund &#8211; Ra\u00fal Guasch S\u00f3c a dins i a fora,s\u00f3c viu i mort,totes quatre coses alhora. No sento [&hellip;]<\/p>\n","protected":false},"author":27,"featured_media":0,"parent":0,"menu_order":0,"comment_status":"closed","ping_status":"closed","template":"","meta":{"footnotes":""},"class_list":["post-1248","page","type-page","status-publish","hentry"],"yoast_head":"<!-- This site is optimized with the Yoast SEO plugin v26.3 - https:\/\/yoast.com\/wordpress\/plugins\/seo\/ -->\n<title>Guanyadors 2018 categoria C en catal\u00e0 - Concurs Poesia<\/title>\n<meta name=\"description\" content=\"Coneix els guanyadors de la categoria C en catal\u00e0 del XII Concurs de Poesia 2018 de la Fundaci\u00f3 Jes\u00fas Serra i llegeix tots els seus poemes.\" \/>\n<meta name=\"robots\" content=\"index, follow, max-snippet:-1, max-image-preview:large, max-video-preview:-1\" \/>\n<link rel=\"canonical\" href=\"https:\/\/edicion.fundacionoccident.org\/poesia\/wp-json\/wp\/v2\/pages\/1248\" \/>\n<meta property=\"og:locale\" content=\"es_ES\" \/>\n<meta property=\"og:type\" content=\"article\" \/>\n<meta property=\"og:title\" content=\"Guanyadors 2018 categoria C en catal\u00e0 - Concurs Poesia\" \/>\n<meta property=\"og:description\" content=\"Coneix els guanyadors de la categoria C en catal\u00e0 del XII Concurs de Poesia 2018 de la Fundaci\u00f3 Jes\u00fas Serra i llegeix tots els seus poemes.\" \/>\n<meta property=\"og:url\" content=\"https:\/\/edicion.fundacionoccident.org\/poesia\/cat\/guanyadors-2018-categoria-c-catala-cat\" \/>\n<meta property=\"og:site_name\" content=\"Concurso de Poes\u00eda Jes\u00fas Serra\" \/>\n<meta property=\"article:modified_time\" content=\"2024-01-08T13:38:34+00:00\" \/>\n<meta name=\"twitter:card\" content=\"summary_large_image\" \/>\n<meta name=\"twitter:label1\" content=\"Tiempo de lectura\" \/>\n\t<meta name=\"twitter:data1\" content=\"2 minutos\" \/>\n<!-- \/ Yoast SEO plugin. -->","yoast_head_json":{"title":"Guanyadors 2018 categoria C en catal\u00e0 - Concurs Poesia","description":"Coneix els guanyadors de la categoria C en catal\u00e0 del XII Concurs de Poesia 2018 de la Fundaci\u00f3 Jes\u00fas Serra i llegeix tots els seus poemes.","robots":{"index":"index","follow":"follow","max-snippet":"max-snippet:-1","max-image-preview":"max-image-preview:large","max-video-preview":"max-video-preview:-1"},"canonical":"https:\/\/edicion.fundacionoccident.org\/poesia\/wp-json\/wp\/v2\/pages\/1248","og_locale":"es_ES","og_type":"article","og_title":"Guanyadors 2018 categoria C en catal\u00e0 - Concurs Poesia","og_description":"Coneix els guanyadors de la categoria C en catal\u00e0 del XII Concurs de Poesia 2018 de la Fundaci\u00f3 Jes\u00fas Serra i llegeix tots els seus poemes.","og_url":"https:\/\/edicion.fundacionoccident.org\/poesia\/cat\/guanyadors-2018-categoria-c-catala-cat","og_site_name":"Concurso de Poes\u00eda Jes\u00fas Serra","article_modified_time":"2024-01-08T13:38:34+00:00","twitter_card":"summary_large_image","twitter_misc":{"Tiempo de lectura":"2 minutos"},"schema":{"@context":"https:\/\/schema.org","@graph":[{"@type":"WebPage","@id":"https:\/\/edicion.fundacionoccident.org\/poesia\/cat\/guanyadors-2018-categoria-c-catala-cat","url":"https:\/\/edicion.fundacionoccident.org\/poesia\/cat\/guanyadors-2018-categoria-c-catala-cat","name":"Guanyadors 2018 categoria C en catal\u00e0 - Concurs Poesia","isPartOf":{"@id":"https:\/\/edicion.fundacionoccident.org\/poesia\/#website"},"datePublished":"2019-06-26T11:26:28+00:00","dateModified":"2024-01-08T13:38:34+00:00","description":"Coneix els guanyadors de la categoria C en catal\u00e0 del XII Concurs de Poesia 2018 de la Fundaci\u00f3 Jes\u00fas Serra i llegeix tots els seus poemes.","breadcrumb":{"@id":"https:\/\/edicion.fundacionoccident.org\/poesia\/cat\/guanyadors-2018-categoria-c-catala-cat#breadcrumb"},"inLanguage":"es","potentialAction":[{"@type":"ReadAction","target":["https:\/\/edicion.fundacionoccident.org\/poesia\/cat\/guanyadors-2018-categoria-c-catala-cat"]}]},{"@type":"BreadcrumbList","@id":"https:\/\/edicion.fundacionoccident.org\/poesia\/cat\/guanyadors-2018-categoria-c-catala-cat#breadcrumb","itemListElement":[{"@type":"ListItem","position":1,"name":"Inicio \u00bb Concurso de Poes\u00eda","item":"https:\/\/edicion.fundacionoccident.org\/poesia\/"},{"@type":"ListItem","position":2,"name":"Guanyadors 2018-CATEGORIA C \u2013 Catal\u00e0 CAT"}]},{"@type":"WebSite","@id":"https:\/\/edicion.fundacionoccident.org\/poesia\/#website","url":"https:\/\/edicion.fundacionoccident.org\/poesia\/","name":"Concurso de Poes\u00eda Jes\u00fas Serra","description":"","potentialAction":[{"@type":"SearchAction","target":{"@type":"EntryPoint","urlTemplate":"https:\/\/edicion.fundacionoccident.org\/poesia\/?s={search_term_string}"},"query-input":{"@type":"PropertyValueSpecification","valueRequired":true,"valueName":"search_term_string"}}],"inLanguage":"es"}]}},"_links":{"self":[{"href":"https:\/\/edicion.fundacionoccident.org\/poesia\/wp-json\/wp\/v2\/pages\/1248","targetHints":{"allow":["GET"]}}],"collection":[{"href":"https:\/\/edicion.fundacionoccident.org\/poesia\/wp-json\/wp\/v2\/pages"}],"about":[{"href":"https:\/\/edicion.fundacionoccident.org\/poesia\/wp-json\/wp\/v2\/types\/page"}],"author":[{"embeddable":true,"href":"https:\/\/edicion.fundacionoccident.org\/poesia\/wp-json\/wp\/v2\/users\/27"}],"replies":[{"embeddable":true,"href":"https:\/\/edicion.fundacionoccident.org\/poesia\/wp-json\/wp\/v2\/comments?post=1248"}],"version-history":[{"count":4,"href":"https:\/\/edicion.fundacionoccident.org\/poesia\/wp-json\/wp\/v2\/pages\/1248\/revisions"}],"predecessor-version":[{"id":9532,"href":"https:\/\/edicion.fundacionoccident.org\/poesia\/wp-json\/wp\/v2\/pages\/1248\/revisions\/9532"}],"wp:attachment":[{"href":"https:\/\/edicion.fundacionoccident.org\/poesia\/wp-json\/wp\/v2\/media?parent=1248"}],"curies":[{"name":"wp","href":"https:\/\/api.w.org\/{rel}","templated":true}]}}