{"id":1252,"date":"2019-06-26T13:29:37","date_gmt":"2019-06-26T11:29:37","guid":{"rendered":"http:\/\/edicion.fundacionjesusserra.org\/poesia\/?page_id=1252"},"modified":"2024-01-08T14:38:47","modified_gmt":"2024-01-08T13:38:47","slug":"guanyadors-2019-categoria-a-cast-cat","status":"publish","type":"page","link":"https:\/\/edicion.fundacionoccident.org\/poesia\/cat\/guanyadors-2019-categoria-a-cast-cat","title":{"rendered":"Guanyadors 2019-CATEGORIA A \u2013 Cast CAT"},"content":{"rendered":"<p>[et_pb_section bb_built=&#8221;1&#8243; admin_label=&#8221;section&#8221;][et_pb_row background_position=&#8221;top_left&#8221; background_repeat=&#8221;repeat&#8221; background_size=&#8221;initial&#8221;][et_pb_column type=&#8221;4_4&#8243;][et_pb_text use_border_color=&#8221;off&#8221; background_position=&#8221;top_left&#8221; background_repeat=&#8221;repeat&#8221; background_size=&#8221;initial&#8221; _builder_version=&#8221;3.17.6&#8243;]<\/p>\n<h1>Guanyadors&nbsp; XII Concurs de Poesia Fundaci\u00f3 Occident<\/h1>\n<p>[\/et_pb_text][\/et_pb_column][\/et_pb_row][et_pb_row background_position=&#8221;top_left&#8221; background_repeat=&#8221;repeat&#8221; background_size=&#8221;initial&#8221;][et_pb_column type=&#8221;1_2&#8243;][et_pb_text use_border_color=&#8221;off&#8221; background_color=&#8221;rgba(234,234,234,0.49)&#8221; custom_css_main_element=&#8221;padding:40px;&#8221; background_position=&#8221;top_left&#8221; background_repeat=&#8221;repeat&#8221; background_size=&#8221;initial&#8221; _builder_version=&#8221;3.17.6&#8243;]<\/p>\n<h2><strong>CATEGORIA A \u2013 Castell\u00e0<\/strong><\/h2>\n<p>Abuela y locomotora \u2013 Daniel Wence Partida<\/p>\n<p>Mi abuela<br \/>que era gorda como una nube en agosto<br \/>que se pintaba los labios<br \/>con mermelada de fresa<br \/>que ten\u00eda en su mirada geograf\u00eda con cataratas<br \/>y poemas cr\u00edpticos<br \/>que era en esencia gorda<br \/>porque su amor hinchaba<\/p>\n<p>que adivinaba nietos con el olfato<br \/>que, como comprend\u00ed m\u00e1s tarde:<br \/>su carne era su bondad<br \/>que estaba delirante, sonrosada<br \/>depositada en el rechinido<br \/>de aquella silla mecedora,<br \/>que sonre\u00eda y echaba el humo por su nariz;<\/p>\n<p>mi abuela<br \/>que era r\u00edtmica, m\u00edstica, dulce<br \/>que modelaba flores con papel crep\u00e9<br \/>y era tambi\u00e9n oscura<br \/>como el cristal de los aparatos de petr\u00f3leo<\/p>\n<p>que predijo su muerte<br \/>y la anunci\u00f3 cantando<br \/>mientras nosotros hurg\u00e1bamos<br \/>vestigios de su fog\u00f3n<\/p>\n<p>que march\u00f3 peregrina<br \/>llevando consigo una murmuraci\u00f3n de hijas<br \/>con sus miradas l\u00edmpidas<br \/>con las chapitas rojas de papel de flor<br \/>y manos tr\u00e9mulas de tan hermosas,<br \/>y llevaba consigo un can casi tan negro<br \/>como las ojeras que dej\u00f3 el holl\u00edn<\/p>\n<p>que lleg\u00f3, que vino, que se fue delirante<br \/>entre color y parafina;<\/p>\n<p>mi abuela<br \/>que era locomotora y nube<br \/>m\u00e1quina y meteoro<br \/>que en un abrazo de gordos brazos<br \/>mi abuela gris, como nube de agosto,<br \/>me arrullaba,<br \/>y yo dorm\u00eda en sus brazos, gordos<br \/>suavecitos como almohadas<br \/>y era entonces, yo, como un tren<br \/>peque\u00f1ito, jugando al cigarrillo<br \/>rondando siempre sus pies;<\/p>\n<p>mi abuela<br \/>que, gorda de amor, como una nube de agosto,<br \/>estuvo, siempre, a punto de llover.<\/p>\n<p>[\/et_pb_text][\/et_pb_column][et_pb_column type=&#8221;1_2&#8243;][et_pb_text use_border_color=&#8221;off&#8221; background_color=&#8221;rgba(234,234,234,0.49)&#8221; custom_css_main_element=&#8221;padding: 40px;&#8221; background_position=&#8221;top_left&#8221; background_repeat=&#8221;repeat&#8221; background_size=&#8221;initial&#8221; _builder_version=&#8221;3.17.6&#8243;]<\/p>\n<h2>Guanyadors d\u2019altres edicions<\/h2>\n<p><a href=\"\/poesia\/wp-content\/uploads\/2018\/06\/ganadores2018.pdf\" target=\"_blank\" rel=\"noopener noreferrer\">Descarregar guanyadors del 2018<\/a><br \/><a href=\"\/poesia\/wp-content\/uploads\/2017\/12\/ganadores-2017.pdf\" target=\"_blank\" rel=\"noopener noreferrer\">Descarregar guanyadors del 2017<\/a><br \/><a href=\"\/poesia\/wp-content\/uploads\/2017\/08\/poemas-ganadores-2016-v2.pdf\" target=\"_blank\" rel=\"noopener noreferrer\">Descarregar guanyadors del 2016<\/a><br \/><a href=\"\/poesia\/wp-content\/uploads\/2016\/09\/Poemas_ganadores_2015.pdf\" target=\"_blank\" rel=\"noopener noreferrer\">Descarregar guanyadors del 2015<\/a><br \/><a href=\"\/poesia\/wp-content\/uploads\/2016\/09\/Poemas_ganadores_2014.pdf\" target=\"_blank\" rel=\"noopener noreferrer\">Descarregar guanyadors del 2014<\/a><\/p>\n<p>[\/et_pb_text][\/et_pb_column][\/et_pb_row][\/et_pb_section]<\/p>\n","protected":false},"excerpt":{"rendered":"<p>[et_pb_section bb_built=&#8221;1&#8243; admin_label=&#8221;section&#8221;][et_pb_row background_position=&#8221;top_left&#8221; background_repeat=&#8221;repeat&#8221; background_size=&#8221;initial&#8221;][et_pb_column type=&#8221;4_4&#8243;][et_pb_text use_border_color=&#8221;off&#8221; background_position=&#8221;top_left&#8221; background_repeat=&#8221;repeat&#8221; background_size=&#8221;initial&#8221; _builder_version=&#8221;3.17.6&#8243;] Guanyadors&nbsp; XII Concurs de Poesia Fundaci\u00f3 Occident [\/et_pb_text][\/et_pb_column][\/et_pb_row][et_pb_row background_position=&#8221;top_left&#8221; background_repeat=&#8221;repeat&#8221; background_size=&#8221;initial&#8221;][et_pb_column type=&#8221;1_2&#8243;][et_pb_text use_border_color=&#8221;off&#8221; background_color=&#8221;rgba(234,234,234,0.49)&#8221; custom_css_main_element=&#8221;padding:40px;&#8221; background_position=&#8221;top_left&#8221; background_repeat=&#8221;repeat&#8221; background_size=&#8221;initial&#8221; _builder_version=&#8221;3.17.6&#8243;] CATEGORIA A \u2013 Castell\u00e0 Abuela y locomotora \u2013 Daniel Wence Partida Mi abuelaque era gorda como una nube en agostoque se pintaba los labioscon [&hellip;]<\/p>\n","protected":false},"author":27,"featured_media":0,"parent":0,"menu_order":0,"comment_status":"closed","ping_status":"closed","template":"","meta":{"footnotes":""},"class_list":["post-1252","page","type-page","status-publish","hentry"],"yoast_head":"<!-- This site is optimized with the Yoast SEO plugin v26.3 - https:\/\/yoast.com\/wordpress\/plugins\/seo\/ -->\n<title>Guanyadors 2019 categoria A en castell\u00e0 - Concurs Poesia<\/title>\n<meta name=\"description\" content=\"Coneix els guanyadors de la categoria A en castell\u00e0 corresponents al Concurs de Poesia 2019 de la Fundaci\u00f3 Jes\u00fas Serra i llegeix els seus poemes.\" \/>\n<meta name=\"robots\" content=\"index, follow, max-snippet:-1, max-image-preview:large, max-video-preview:-1\" \/>\n<link rel=\"canonical\" href=\"https:\/\/edicion.fundacionoccident.org\/poesia\/wp-json\/wp\/v2\/pages\/1252\" \/>\n<meta property=\"og:locale\" content=\"es_ES\" \/>\n<meta property=\"og:type\" content=\"article\" \/>\n<meta property=\"og:title\" content=\"Guanyadors 2019 categoria A en castell\u00e0 - Concurs Poesia\" \/>\n<meta property=\"og:description\" content=\"Coneix els guanyadors de la categoria A en castell\u00e0 corresponents al Concurs de Poesia 2019 de la Fundaci\u00f3 Jes\u00fas Serra i llegeix els seus poemes.\" \/>\n<meta property=\"og:url\" content=\"https:\/\/edicion.fundacionoccident.org\/poesia\/cat\/guanyadors-2019-categoria-a-cast-cat\" \/>\n<meta property=\"og:site_name\" content=\"Concurso de Poes\u00eda Jes\u00fas Serra\" \/>\n<meta property=\"article:modified_time\" content=\"2024-01-08T13:38:47+00:00\" \/>\n<meta name=\"twitter:card\" content=\"summary_large_image\" \/>\n<meta name=\"twitter:label1\" content=\"Tiempo de lectura\" \/>\n\t<meta name=\"twitter:data1\" content=\"2 minutos\" \/>\n<!-- \/ Yoast SEO plugin. -->","yoast_head_json":{"title":"Guanyadors 2019 categoria A en castell\u00e0 - Concurs Poesia","description":"Coneix els guanyadors de la categoria A en castell\u00e0 corresponents al Concurs de Poesia 2019 de la Fundaci\u00f3 Jes\u00fas Serra i llegeix els seus poemes.","robots":{"index":"index","follow":"follow","max-snippet":"max-snippet:-1","max-image-preview":"max-image-preview:large","max-video-preview":"max-video-preview:-1"},"canonical":"https:\/\/edicion.fundacionoccident.org\/poesia\/wp-json\/wp\/v2\/pages\/1252","og_locale":"es_ES","og_type":"article","og_title":"Guanyadors 2019 categoria A en castell\u00e0 - Concurs Poesia","og_description":"Coneix els guanyadors de la categoria A en castell\u00e0 corresponents al Concurs de Poesia 2019 de la Fundaci\u00f3 Jes\u00fas Serra i llegeix els seus poemes.","og_url":"https:\/\/edicion.fundacionoccident.org\/poesia\/cat\/guanyadors-2019-categoria-a-cast-cat","og_site_name":"Concurso de Poes\u00eda Jes\u00fas Serra","article_modified_time":"2024-01-08T13:38:47+00:00","twitter_card":"summary_large_image","twitter_misc":{"Tiempo de lectura":"2 minutos"},"schema":{"@context":"https:\/\/schema.org","@graph":[{"@type":"WebPage","@id":"https:\/\/edicion.fundacionoccident.org\/poesia\/cat\/guanyadors-2019-categoria-a-cast-cat","url":"https:\/\/edicion.fundacionoccident.org\/poesia\/cat\/guanyadors-2019-categoria-a-cast-cat","name":"Guanyadors 2019 categoria A en castell\u00e0 - Concurs Poesia","isPartOf":{"@id":"https:\/\/edicion.fundacionoccident.org\/poesia\/#website"},"datePublished":"2019-06-26T11:29:37+00:00","dateModified":"2024-01-08T13:38:47+00:00","description":"Coneix els guanyadors de la categoria A en castell\u00e0 corresponents al Concurs de Poesia 2019 de la Fundaci\u00f3 Jes\u00fas Serra i llegeix els seus poemes.","breadcrumb":{"@id":"https:\/\/edicion.fundacionoccident.org\/poesia\/cat\/guanyadors-2019-categoria-a-cast-cat#breadcrumb"},"inLanguage":"es","potentialAction":[{"@type":"ReadAction","target":["https:\/\/edicion.fundacionoccident.org\/poesia\/cat\/guanyadors-2019-categoria-a-cast-cat"]}]},{"@type":"BreadcrumbList","@id":"https:\/\/edicion.fundacionoccident.org\/poesia\/cat\/guanyadors-2019-categoria-a-cast-cat#breadcrumb","itemListElement":[{"@type":"ListItem","position":1,"name":"Inicio \u00bb Concurso de Poes\u00eda","item":"https:\/\/edicion.fundacionoccident.org\/poesia\/"},{"@type":"ListItem","position":2,"name":"Guanyadors 2019-CATEGORIA A \u2013 Cast CAT"}]},{"@type":"WebSite","@id":"https:\/\/edicion.fundacionoccident.org\/poesia\/#website","url":"https:\/\/edicion.fundacionoccident.org\/poesia\/","name":"Concurso de Poes\u00eda Jes\u00fas Serra","description":"","potentialAction":[{"@type":"SearchAction","target":{"@type":"EntryPoint","urlTemplate":"https:\/\/edicion.fundacionoccident.org\/poesia\/?s={search_term_string}"},"query-input":{"@type":"PropertyValueSpecification","valueRequired":true,"valueName":"search_term_string"}}],"inLanguage":"es"}]}},"_links":{"self":[{"href":"https:\/\/edicion.fundacionoccident.org\/poesia\/wp-json\/wp\/v2\/pages\/1252","targetHints":{"allow":["GET"]}}],"collection":[{"href":"https:\/\/edicion.fundacionoccident.org\/poesia\/wp-json\/wp\/v2\/pages"}],"about":[{"href":"https:\/\/edicion.fundacionoccident.org\/poesia\/wp-json\/wp\/v2\/types\/page"}],"author":[{"embeddable":true,"href":"https:\/\/edicion.fundacionoccident.org\/poesia\/wp-json\/wp\/v2\/users\/27"}],"replies":[{"embeddable":true,"href":"https:\/\/edicion.fundacionoccident.org\/poesia\/wp-json\/wp\/v2\/comments?post=1252"}],"version-history":[{"count":4,"href":"https:\/\/edicion.fundacionoccident.org\/poesia\/wp-json\/wp\/v2\/pages\/1252\/revisions"}],"predecessor-version":[{"id":9533,"href":"https:\/\/edicion.fundacionoccident.org\/poesia\/wp-json\/wp\/v2\/pages\/1252\/revisions\/9533"}],"wp:attachment":[{"href":"https:\/\/edicion.fundacionoccident.org\/poesia\/wp-json\/wp\/v2\/media?parent=1252"}],"curies":[{"name":"wp","href":"https:\/\/api.w.org\/{rel}","templated":true}]}}