{"id":1261,"date":"2019-06-26T13:35:38","date_gmt":"2019-06-26T11:35:38","guid":{"rendered":"http:\/\/edicion.fundacionjesusserra.org\/poesia\/?page_id=1261"},"modified":"2024-01-08T14:39:39","modified_gmt":"2024-01-08T13:39:39","slug":"guanyadors-2019-categoria-c-cast-cat","status":"publish","type":"page","link":"https:\/\/edicion.fundacionoccident.org\/poesia\/cat\/guanyadors-2019-categoria-c-cast-cat","title":{"rendered":"Guanyadors 2019-CATEGORIA C \u2013 Cast CAT"},"content":{"rendered":"<p>[et_pb_section bb_built=&#8221;1&#8243; admin_label=&#8221;section&#8221;][et_pb_row background_position=&#8221;top_left&#8221; background_repeat=&#8221;repeat&#8221; background_size=&#8221;initial&#8221;][et_pb_column type=&#8221;4_4&#8243;][et_pb_text use_border_color=&#8221;off&#8221; background_position=&#8221;top_left&#8221; background_repeat=&#8221;repeat&#8221; background_size=&#8221;initial&#8221; _builder_version=&#8221;3.17.6&#8243;]<\/p>\n<h1>Guanyadors&nbsp; XII Concurs de Poesia Fundaci\u00f3 Occident<\/h1>\n<p>[\/et_pb_text][\/et_pb_column][\/et_pb_row][et_pb_row background_position=&#8221;top_left&#8221; background_repeat=&#8221;repeat&#8221; background_size=&#8221;initial&#8221;][et_pb_column type=&#8221;1_2&#8243;][et_pb_text use_border_color=&#8221;off&#8221; background_color=&#8221;rgba(234,234,234,0.49)&#8221; custom_css_main_element=&#8221;padding:40px;&#8221; background_position=&#8221;top_left&#8221; background_repeat=&#8221;repeat&#8221; background_size=&#8221;initial&#8221; _builder_version=&#8221;3.17.6&#8243;]<\/p>\n<h2><strong>CATEGORIA C \u2013 Castell\u00e0<\/strong><\/h2>\n<p>Mi escuela ideal so\u00f1ada \u2013 Guiomar Requejo<\/p>\n<p>En estos poquitos versos<br \/>mi deseo es describir<br \/>mi escuela ideal so\u00f1ada<br \/>para mejorarla as\u00ed.<\/p>\n<p>Sue\u00f1o con que sea un colegio<br \/>donde reine la igualdad,<br \/>donde los ni\u00f1os y ni\u00f1as<br \/>aprendan a cooperar.<\/p>\n<p>Sue\u00f1o con que todos juntos<br \/>nos sepamos respetar<br \/>y que nuestro lema sea<br \/>\u201ctolerancia sin igual\u201d.<\/p>\n<p>Sue\u00f1o con vencer al bulling,<br \/>con poder dormir en paz<br \/>sin pensar que en el recreo<br \/>sola volver\u00e9 a jugar.<\/p>\n<p>Sue\u00f1o con tener amigos<br \/>con los que poder contar<br \/>y descubrir todos juntos<br \/>la magia de la amistad.<\/p>\n<p>Sue\u00f1o con miles de libros<br \/>que me permiten volar<br \/>a mundos de fantas\u00eda<br \/>donde no es f\u00e1cil llegar.<\/p>\n<p>Sue\u00f1o con que un d\u00eda mi profe<br \/>llore de felicidad<br \/>al comprobar que sus \u201cni\u00f1os\u201d<br \/>ya se van a graduar.<\/p>\n<p>Sue\u00f1o con no olvidar nunca<br \/>mi gran etapa escolar,<br \/>me llevo buenos recuerdos<br \/>que me han hecho madurar.<\/p>\n<p><em>Chispita<\/em><\/p>\n<p>[\/et_pb_text][\/et_pb_column][et_pb_column type=&#8221;1_2&#8243;][et_pb_text use_border_color=&#8221;off&#8221; background_color=&#8221;rgba(234,234,234,0.49)&#8221; custom_css_main_element=&#8221;padding: 40px;&#8221; background_position=&#8221;top_left&#8221; background_repeat=&#8221;repeat&#8221; background_size=&#8221;initial&#8221; _builder_version=&#8221;3.17.6&#8243;]<\/p>\n<h2>Guanyadors d\u2019altres edicions<\/h2>\n<p><a href=\"\/poesia\/wp-content\/uploads\/2018\/06\/ganadores2018.pdf\" target=\"_blank\" rel=\"noopener noreferrer\">Descarregar guanyadors del 2018<\/a><br \/><a href=\"\/poesia\/wp-content\/uploads\/2017\/12\/ganadores-2017.pdf\" target=\"_blank\" rel=\"noopener noreferrer\">Descarregar guanyadors del 2017<\/a><br \/><a href=\"\/poesia\/wp-content\/uploads\/2017\/08\/poemas-ganadores-2016-v2.pdf\" target=\"_blank\" rel=\"noopener noreferrer\">Descarregar guanyadors del 2016<\/a><br \/><a href=\"\/poesia\/wp-content\/uploads\/2016\/09\/Poemas_ganadores_2015.pdf\" target=\"_blank\" rel=\"noopener noreferrer\">Descarregar guanyadors del 2015<\/a><br \/><a href=\"\/poesia\/wp-content\/uploads\/2016\/09\/Poemas_ganadores_2014.pdf\" target=\"_blank\" rel=\"noopener noreferrer\">Descarregar guanyadors del 2014<\/a><\/p>\n<p>[\/et_pb_text][\/et_pb_column][\/et_pb_row][\/et_pb_section]<\/p>\n","protected":false},"excerpt":{"rendered":"<p>[et_pb_section bb_built=&#8221;1&#8243; admin_label=&#8221;section&#8221;][et_pb_row background_position=&#8221;top_left&#8221; background_repeat=&#8221;repeat&#8221; background_size=&#8221;initial&#8221;][et_pb_column type=&#8221;4_4&#8243;][et_pb_text use_border_color=&#8221;off&#8221; background_position=&#8221;top_left&#8221; background_repeat=&#8221;repeat&#8221; background_size=&#8221;initial&#8221; _builder_version=&#8221;3.17.6&#8243;] Guanyadors&nbsp; XII Concurs de Poesia Fundaci\u00f3 Occident [\/et_pb_text][\/et_pb_column][\/et_pb_row][et_pb_row background_position=&#8221;top_left&#8221; background_repeat=&#8221;repeat&#8221; background_size=&#8221;initial&#8221;][et_pb_column type=&#8221;1_2&#8243;][et_pb_text use_border_color=&#8221;off&#8221; background_color=&#8221;rgba(234,234,234,0.49)&#8221; custom_css_main_element=&#8221;padding:40px;&#8221; background_position=&#8221;top_left&#8221; background_repeat=&#8221;repeat&#8221; background_size=&#8221;initial&#8221; _builder_version=&#8221;3.17.6&#8243;] CATEGORIA C \u2013 Castell\u00e0 Mi escuela ideal so\u00f1ada \u2013 Guiomar Requejo En estos poquitos versosmi deseo es describirmi escuela ideal so\u00f1adapara mejorarla as\u00ed. Sue\u00f1o [&hellip;]<\/p>\n","protected":false},"author":27,"featured_media":0,"parent":0,"menu_order":0,"comment_status":"closed","ping_status":"closed","template":"","meta":{"footnotes":""},"class_list":["post-1261","page","type-page","status-publish","hentry"],"yoast_head":"<!-- This site is optimized with the Yoast SEO plugin v26.3 - https:\/\/yoast.com\/wordpress\/plugins\/seo\/ -->\n<title>Guanyadors 2019 categoria C en castell\u00e0 - Concurs Poesia<\/title>\n<meta name=\"description\" content=\"Coneix els guanyadors de la categoria C en castell\u00e0 corresponents al Concurs de Poesia 2019 de la Fundaci\u00f3 Jes\u00fas Serra i llegeix els seus poemes.\" \/>\n<meta name=\"robots\" content=\"index, follow, max-snippet:-1, max-image-preview:large, max-video-preview:-1\" \/>\n<link rel=\"canonical\" href=\"https:\/\/edicion.fundacionoccident.org\/poesia\/wp-json\/wp\/v2\/pages\/1261\" \/>\n<meta property=\"og:locale\" content=\"es_ES\" \/>\n<meta property=\"og:type\" content=\"article\" \/>\n<meta property=\"og:title\" content=\"Guanyadors 2019 categoria C en castell\u00e0 - Concurs Poesia\" \/>\n<meta property=\"og:description\" content=\"Coneix els guanyadors de la categoria C en castell\u00e0 corresponents al Concurs de Poesia 2019 de la Fundaci\u00f3 Jes\u00fas Serra i llegeix els seus poemes.\" \/>\n<meta property=\"og:url\" content=\"https:\/\/edicion.fundacionoccident.org\/poesia\/cat\/guanyadors-2019-categoria-c-cast-cat\" \/>\n<meta property=\"og:site_name\" content=\"Concurso de Poes\u00eda Jes\u00fas Serra\" \/>\n<meta property=\"article:modified_time\" content=\"2024-01-08T13:39:39+00:00\" \/>\n<meta name=\"twitter:card\" content=\"summary_large_image\" \/>\n<meta name=\"twitter:label1\" content=\"Tiempo de lectura\" \/>\n\t<meta name=\"twitter:data1\" content=\"2 minutos\" \/>\n<!-- \/ Yoast SEO plugin. -->","yoast_head_json":{"title":"Guanyadors 2019 categoria C en castell\u00e0 - Concurs Poesia","description":"Coneix els guanyadors de la categoria C en castell\u00e0 corresponents al Concurs de Poesia 2019 de la Fundaci\u00f3 Jes\u00fas Serra i llegeix els seus poemes.","robots":{"index":"index","follow":"follow","max-snippet":"max-snippet:-1","max-image-preview":"max-image-preview:large","max-video-preview":"max-video-preview:-1"},"canonical":"https:\/\/edicion.fundacionoccident.org\/poesia\/wp-json\/wp\/v2\/pages\/1261","og_locale":"es_ES","og_type":"article","og_title":"Guanyadors 2019 categoria C en castell\u00e0 - Concurs Poesia","og_description":"Coneix els guanyadors de la categoria C en castell\u00e0 corresponents al Concurs de Poesia 2019 de la Fundaci\u00f3 Jes\u00fas Serra i llegeix els seus poemes.","og_url":"https:\/\/edicion.fundacionoccident.org\/poesia\/cat\/guanyadors-2019-categoria-c-cast-cat","og_site_name":"Concurso de Poes\u00eda Jes\u00fas Serra","article_modified_time":"2024-01-08T13:39:39+00:00","twitter_card":"summary_large_image","twitter_misc":{"Tiempo de lectura":"2 minutos"},"schema":{"@context":"https:\/\/schema.org","@graph":[{"@type":"WebPage","@id":"https:\/\/edicion.fundacionoccident.org\/poesia\/cat\/guanyadors-2019-categoria-c-cast-cat","url":"https:\/\/edicion.fundacionoccident.org\/poesia\/cat\/guanyadors-2019-categoria-c-cast-cat","name":"Guanyadors 2019 categoria C en castell\u00e0 - Concurs Poesia","isPartOf":{"@id":"https:\/\/edicion.fundacionoccident.org\/poesia\/#website"},"datePublished":"2019-06-26T11:35:38+00:00","dateModified":"2024-01-08T13:39:39+00:00","description":"Coneix els guanyadors de la categoria C en castell\u00e0 corresponents al Concurs de Poesia 2019 de la Fundaci\u00f3 Jes\u00fas Serra i llegeix els seus poemes.","breadcrumb":{"@id":"https:\/\/edicion.fundacionoccident.org\/poesia\/cat\/guanyadors-2019-categoria-c-cast-cat#breadcrumb"},"inLanguage":"es","potentialAction":[{"@type":"ReadAction","target":["https:\/\/edicion.fundacionoccident.org\/poesia\/cat\/guanyadors-2019-categoria-c-cast-cat"]}]},{"@type":"BreadcrumbList","@id":"https:\/\/edicion.fundacionoccident.org\/poesia\/cat\/guanyadors-2019-categoria-c-cast-cat#breadcrumb","itemListElement":[{"@type":"ListItem","position":1,"name":"Inicio \u00bb Concurso de Poes\u00eda","item":"https:\/\/edicion.fundacionoccident.org\/poesia\/"},{"@type":"ListItem","position":2,"name":"Guanyadors 2019-CATEGORIA C \u2013 Cast CAT"}]},{"@type":"WebSite","@id":"https:\/\/edicion.fundacionoccident.org\/poesia\/#website","url":"https:\/\/edicion.fundacionoccident.org\/poesia\/","name":"Concurso de Poes\u00eda Jes\u00fas Serra","description":"","potentialAction":[{"@type":"SearchAction","target":{"@type":"EntryPoint","urlTemplate":"https:\/\/edicion.fundacionoccident.org\/poesia\/?s={search_term_string}"},"query-input":{"@type":"PropertyValueSpecification","valueRequired":true,"valueName":"search_term_string"}}],"inLanguage":"es"}]}},"_links":{"self":[{"href":"https:\/\/edicion.fundacionoccident.org\/poesia\/wp-json\/wp\/v2\/pages\/1261","targetHints":{"allow":["GET"]}}],"collection":[{"href":"https:\/\/edicion.fundacionoccident.org\/poesia\/wp-json\/wp\/v2\/pages"}],"about":[{"href":"https:\/\/edicion.fundacionoccident.org\/poesia\/wp-json\/wp\/v2\/types\/page"}],"author":[{"embeddable":true,"href":"https:\/\/edicion.fundacionoccident.org\/poesia\/wp-json\/wp\/v2\/users\/27"}],"replies":[{"embeddable":true,"href":"https:\/\/edicion.fundacionoccident.org\/poesia\/wp-json\/wp\/v2\/comments?post=1261"}],"version-history":[{"count":5,"href":"https:\/\/edicion.fundacionoccident.org\/poesia\/wp-json\/wp\/v2\/pages\/1261\/revisions"}],"predecessor-version":[{"id":9538,"href":"https:\/\/edicion.fundacionoccident.org\/poesia\/wp-json\/wp\/v2\/pages\/1261\/revisions\/9538"}],"wp:attachment":[{"href":"https:\/\/edicion.fundacionoccident.org\/poesia\/wp-json\/wp\/v2\/media?parent=1261"}],"curies":[{"name":"wp","href":"https:\/\/api.w.org\/{rel}","templated":true}]}}