{"id":1751,"date":"2020-06-26T17:01:27","date_gmt":"2020-06-26T15:01:27","guid":{"rendered":"http:\/\/edicion.fundacionjesusserra.org\/poesia\/?page_id=1751"},"modified":"2025-06-19T14:20:16","modified_gmt":"2025-06-19T12:20:16","slug":"guanyadors","status":"publish","type":"page","link":"https:\/\/edicion.fundacionoccident.org\/poesia\/cat\/guanyadors","title":{"rendered":"Guanyadors"},"content":{"rendered":"<p>[et_pb_section bb_built=&#8221;1&#8243; admin_label=&#8221;section&#8221;][et_pb_row background_position=&#8221;top_left&#8221; background_repeat=&#8221;repeat&#8221; background_size=&#8221;initial&#8221;][et_pb_column type=&#8221;4_4&#8243;][et_pb_text use_border_color=&#8221;off&#8221; background_position=&#8221;top_left&#8221; background_repeat=&#8221;repeat&#8221; background_size=&#8221;initial&#8221; _builder_version=&#8221;3.17.6&#8243;]<\/p>\n<h1>Guanyadors XVIII Concurs de Poesia Fundaci\u00f3n Occident<\/h1>\n<p>[\/et_pb_text][\/et_pb_column][\/et_pb_row][et_pb_row background_position=&#8221;top_left&#8221; background_repeat=&#8221;repeat&#8221; background_size=&#8221;initial&#8221;][et_pb_column type=&#8221;1_2&#8243;][et_pb_text use_border_color=&#8221;off&#8221; background_color=&#8221;rgba(234,234,234,0.49)&#8221; custom_css_main_element=&#8221;padding:40px;&#8221; background_position=&#8221;top_left&#8221; background_repeat=&#8221;repeat&#8221; background_size=&#8221;initial&#8221; _builder_version=&#8221;3.17.6&#8243;]<\/p>\n<p><strong>Llengua castellana<\/strong><\/p>\n<p><strong>Categoria Adults (+ 18 anys)<\/strong><\/p>\n<p>Insomnio &#8211; Ricardo P\u00e9rez Hern\u00e1ndez<\/p>\n<p><a href=\"\/poesia\/ganadores\/categoria-adultos-castellano\" target=\"_blank\" rel=\"noopener\">Leer poema<\/a><\/p>\n<p><strong>Categoria Juvenil (14-17 anys)<\/strong><\/p>\n<p>Y ahora qui\u00e9n cuida el \u00e1rbol de granadas &#8211; Esteban Reyes Acosta<\/p>\n<p><a href=\"https:\/\/edicion.fundacionoccident.org\/poesia\/ganadores\/categoria-juvenil-castellano\" target=\"_blank\" rel=\"noopener\">Leer poema<\/a><\/p>\n<p><strong>Categoria Infantil (10-13 anys)<\/strong><\/p>\n<p>Emilia &#8211; Anna Salichs Raso<\/p>\n<p><a href=\"\/poesia\/ganadores\/categoria-infantil-castellano\" target=\"_blank\" rel=\"noopener\">Leer poema<\/a><\/p>\n<p><strong>Llengua catalana<\/strong><\/p>\n<p><strong>Categoria Adults (+ 18 anys)<\/strong><\/p>\n<p>\u00daltim cap\u00edtol i fi &#8211; Maria Vict\u00f2ria Also Valma\u00f1a<\/p>\n<p><a href=\"https:\/\/edicion.fundacionoccident.org\/poesia\/ganadores\/categoria-adutos-catalan\" target=\"_blank\" rel=\"noopener\">Leer poema<\/a><\/p>\n<p><strong>Categoria Juvenil (14-17 anys)<\/strong><\/p>\n<p>Cadenes invisibles &#8211; Sandra Guill\u00e9n Garc\u00eda<\/p>\n<p><a href=\"\/poesia\/ganadores\/categoria-juvenil-catala\" target=\"_blank\" rel=\"noopener\">Leer poema<\/a><\/p>\n<p><strong>Categoria Infantil (10-13 anys)<\/strong><\/p>\n<p>T\u2019en Recordes? &#8211; Anouk Borr\u00e0s Hern\u00e1ndez<br \/>\n<a href=\"\/poesia\/ganadores\/categoria-infantil-catalan\" target=\"_blank\" rel=\"noopener\">Leer poema<\/a><\/p>\n<p>[\/et_pb_text][\/et_pb_column][et_pb_column type=&#8221;1_2&#8243;][et_pb_text use_border_color=&#8221;off&#8221; border_color=&#8221;#ffffff&#8221; border_style=&#8221;solid&#8221; background_color=&#8221;rgba(234,234,234,0.49)&#8221; custom_css_main_element=&#8221;padding: 40px;&#8221; background_position=&#8221;top_left&#8221; background_repeat=&#8221;repeat&#8221; background_size=&#8221;initial&#8221; _builder_version=&#8221;3.17.6&#8243;]<\/p>\n<h2 class=\"h3\">Ganadores de otras ediciones<\/h2>\n<p><a href=\"https:\/\/edicion.fundacionoccident.org\/poesia\/wp-content\/uploads\/2025\/06\/poemas-ganadores-2024.pdf\" target=\"_blank\" rel=\"noopener\">Descargar ganadores de 2024<\/a><br \/><a href=\"https:\/\/edicion.fundacionoccident.org\/poesia\/wp-content\/uploads\/2024\/06\/Poemas-Ganadores-2023.pdf\" target=\"_blank\" rel=\"noopener\">Descargar ganadores de 2023<\/a><br \/><a href=\"\/poesia\/wp-content\/uploads\/2023\/06\/Poemas-Ganadores-2022.pdf\" target=\"_blank\" rel=\"noopener noreferrer\">Descargar ganadores de 2022&nbsp;<\/a><br \/><a href=\"\/poesia\/wp-content\/uploads\/2021\/06\/poemas-concurso-poesia-14-edicion.pdf\" target=\"_blank\" rel=\"noopener noreferrer\">Descargar ganadores de 2021&nbsp;<\/a><br \/><a href=\"\/poesia\/wp-content\/uploads\/2021\/02\/ganadores-2020.pdf\" target=\"_blank\" rel=\"noopener\">Descargar ganadores de 2020<\/a><br \/><a href=\"\/poesia\/wp-content\/uploads\/2020\/06\/ganadores2019.pdf\" target=\"_blank\" rel=\"noopener noreferrer\">Descargar ganadores de 2019<\/a><br \/><a href=\"\/poesia\/wp-content\/uploads\/2018\/06\/ganadores2018.pdf\" target=\"_blank\" rel=\"noopener noreferrer\">Descargar ganadores de 2018<\/a><br \/><a href=\"\/poesia\/wp-content\/uploads\/2017\/12\/ganadores-2017.pdf\" target=\"_blank\" rel=\"noopener noreferrer\">Descargar ganadores de 2017<\/a><br \/><a href=\"\/poesia\/wp-content\/uploads\/2017\/08\/poemas-ganadores-2016-v2.pdf\" target=\"_blank\" rel=\"noopener noreferrer\">Descargar ganadores de 2016<\/a><br \/><a href=\"\/poesia\/wp-content\/uploads\/2016\/09\/Poemas_ganadores_2015.pdf\" target=\"_blank\" rel=\"noopener noreferrer\">Descargar ganadores de 2015<\/a><br \/><a href=\"\/poesia\/wp-content\/uploads\/2016\/09\/Poemas_ganadores_2014.pdf\" target=\"_blank\" rel=\"noopener noreferrer\">Descargar ganadores de 2014<\/a><\/p>\n<p>[\/et_pb_text][\/et_pb_column][\/et_pb_row][\/et_pb_section]<\/p>\n","protected":false},"excerpt":{"rendered":"<p>[et_pb_section bb_built=&#8221;1&#8243; admin_label=&#8221;section&#8221;][et_pb_row background_position=&#8221;top_left&#8221; background_repeat=&#8221;repeat&#8221; background_size=&#8221;initial&#8221;][et_pb_column type=&#8221;4_4&#8243;][et_pb_text use_border_color=&#8221;off&#8221; background_position=&#8221;top_left&#8221; background_repeat=&#8221;repeat&#8221; background_size=&#8221;initial&#8221; _builder_version=&#8221;3.17.6&#8243;] Guanyadors XVIII Concurs de Poesia Fundaci\u00f3n Occident [\/et_pb_text][\/et_pb_column][\/et_pb_row][et_pb_row background_position=&#8221;top_left&#8221; background_repeat=&#8221;repeat&#8221; background_size=&#8221;initial&#8221;][et_pb_column type=&#8221;1_2&#8243;][et_pb_text use_border_color=&#8221;off&#8221; background_color=&#8221;rgba(234,234,234,0.49)&#8221; custom_css_main_element=&#8221;padding:40px;&#8221; background_position=&#8221;top_left&#8221; background_repeat=&#8221;repeat&#8221; background_size=&#8221;initial&#8221; _builder_version=&#8221;3.17.6&#8243;] Llengua castellana Categoria Adults (+ 18 anys) Insomnio &#8211; Ricardo P\u00e9rez Hern\u00e1ndez Leer poema Categoria Juvenil (14-17 anys) Y ahora qui\u00e9n cuida el \u00e1rbol [&hellip;]<\/p>\n","protected":false},"author":27,"featured_media":0,"parent":0,"menu_order":0,"comment_status":"closed","ping_status":"closed","template":"","meta":{"footnotes":""},"class_list":["post-1751","page","type-page","status-publish","hentry"],"yoast_head":"<!-- This site is optimized with the Yoast SEO plugin v26.3 - https:\/\/yoast.com\/wordpress\/plugins\/seo\/ -->\n<title>Guanyadors de totes les edicions - Concurs de Poesia<\/title>\n<meta name=\"description\" content=\"Coneix els guanyadors de totes les edicions i categories del Concurs de Poesia Fundaci\u00f3 Jes\u00fas Serra, escollits pel nostre prestigi\u00f3s jurat.\" \/>\n<meta name=\"robots\" content=\"index, follow, max-snippet:-1, max-image-preview:large, max-video-preview:-1\" \/>\n<link rel=\"canonical\" href=\"https:\/\/edicion.fundacionoccident.org\/poesia\/wp-json\/wp\/v2\/pages\/1751\" \/>\n<meta property=\"og:locale\" content=\"es_ES\" \/>\n<meta property=\"og:type\" content=\"article\" \/>\n<meta property=\"og:title\" content=\"Guanyadors de totes les edicions - Concurs de Poesia\" \/>\n<meta property=\"og:description\" content=\"Coneix els guanyadors de totes les edicions i categories del Concurs de Poesia Fundaci\u00f3 Jes\u00fas Serra, escollits pel nostre prestigi\u00f3s jurat.\" \/>\n<meta property=\"og:url\" content=\"https:\/\/edicion.fundacionoccident.org\/poesia\/cat\/guanyadors\" \/>\n<meta property=\"og:site_name\" content=\"Concurso de Poes\u00eda Jes\u00fas Serra\" \/>\n<meta property=\"article:modified_time\" content=\"2025-06-19T12:20:16+00:00\" \/>\n<meta name=\"twitter:card\" content=\"summary_large_image\" \/>\n<meta name=\"twitter:label1\" content=\"Tiempo de lectura\" \/>\n\t<meta name=\"twitter:data1\" content=\"1 minuto\" \/>\n<!-- \/ Yoast SEO plugin. -->","yoast_head_json":{"title":"Guanyadors de totes les edicions - Concurs de Poesia","description":"Coneix els guanyadors de totes les edicions i categories del Concurs de Poesia Fundaci\u00f3 Jes\u00fas Serra, escollits pel nostre prestigi\u00f3s jurat.","robots":{"index":"index","follow":"follow","max-snippet":"max-snippet:-1","max-image-preview":"max-image-preview:large","max-video-preview":"max-video-preview:-1"},"canonical":"https:\/\/edicion.fundacionoccident.org\/poesia\/wp-json\/wp\/v2\/pages\/1751","og_locale":"es_ES","og_type":"article","og_title":"Guanyadors de totes les edicions - Concurs de Poesia","og_description":"Coneix els guanyadors de totes les edicions i categories del Concurs de Poesia Fundaci\u00f3 Jes\u00fas Serra, escollits pel nostre prestigi\u00f3s jurat.","og_url":"https:\/\/edicion.fundacionoccident.org\/poesia\/cat\/guanyadors","og_site_name":"Concurso de Poes\u00eda Jes\u00fas Serra","article_modified_time":"2025-06-19T12:20:16+00:00","twitter_card":"summary_large_image","twitter_misc":{"Tiempo de lectura":"1 minuto"},"schema":{"@context":"https:\/\/schema.org","@graph":[{"@type":"WebPage","@id":"https:\/\/edicion.fundacionoccident.org\/poesia\/cat\/guanyadors","url":"https:\/\/edicion.fundacionoccident.org\/poesia\/cat\/guanyadors","name":"Guanyadors de totes les edicions - Concurs de Poesia","isPartOf":{"@id":"https:\/\/edicion.fundacionoccident.org\/poesia\/#website"},"datePublished":"2020-06-26T15:01:27+00:00","dateModified":"2025-06-19T12:20:16+00:00","description":"Coneix els guanyadors de totes les edicions i categories del Concurs de Poesia Fundaci\u00f3 Jes\u00fas Serra, escollits pel nostre prestigi\u00f3s jurat.","breadcrumb":{"@id":"https:\/\/edicion.fundacionoccident.org\/poesia\/cat\/guanyadors#breadcrumb"},"inLanguage":"es","potentialAction":[{"@type":"ReadAction","target":["https:\/\/edicion.fundacionoccident.org\/poesia\/cat\/guanyadors"]}]},{"@type":"BreadcrumbList","@id":"https:\/\/edicion.fundacionoccident.org\/poesia\/cat\/guanyadors#breadcrumb","itemListElement":[{"@type":"ListItem","position":1,"name":"Inicio \u00bb Concurso de Poes\u00eda","item":"https:\/\/edicion.fundacionoccident.org\/poesia\/"},{"@type":"ListItem","position":2,"name":"Guanyadors"}]},{"@type":"WebSite","@id":"https:\/\/edicion.fundacionoccident.org\/poesia\/#website","url":"https:\/\/edicion.fundacionoccident.org\/poesia\/","name":"Concurso de Poes\u00eda Jes\u00fas Serra","description":"","potentialAction":[{"@type":"SearchAction","target":{"@type":"EntryPoint","urlTemplate":"https:\/\/edicion.fundacionoccident.org\/poesia\/?s={search_term_string}"},"query-input":{"@type":"PropertyValueSpecification","valueRequired":true,"valueName":"search_term_string"}}],"inLanguage":"es"}]}},"_links":{"self":[{"href":"https:\/\/edicion.fundacionoccident.org\/poesia\/wp-json\/wp\/v2\/pages\/1751","targetHints":{"allow":["GET"]}}],"collection":[{"href":"https:\/\/edicion.fundacionoccident.org\/poesia\/wp-json\/wp\/v2\/pages"}],"about":[{"href":"https:\/\/edicion.fundacionoccident.org\/poesia\/wp-json\/wp\/v2\/types\/page"}],"author":[{"embeddable":true,"href":"https:\/\/edicion.fundacionoccident.org\/poesia\/wp-json\/wp\/v2\/users\/27"}],"replies":[{"embeddable":true,"href":"https:\/\/edicion.fundacionoccident.org\/poesia\/wp-json\/wp\/v2\/comments?post=1751"}],"version-history":[{"count":22,"href":"https:\/\/edicion.fundacionoccident.org\/poesia\/wp-json\/wp\/v2\/pages\/1751\/revisions"}],"predecessor-version":[{"id":16080,"href":"https:\/\/edicion.fundacionoccident.org\/poesia\/wp-json\/wp\/v2\/pages\/1751\/revisions\/16080"}],"wp:attachment":[{"href":"https:\/\/edicion.fundacionoccident.org\/poesia\/wp-json\/wp\/v2\/media?parent=1751"}],"curies":[{"name":"wp","href":"https:\/\/api.w.org\/{rel}","templated":true}]}}