{"id":295,"date":"2016-02-22T10:43:44","date_gmt":"2016-02-22T09:43:44","guid":{"rendered":"http:\/\/edicion.fundacionjesusserra.org\/poesia\/\/pre\/?page_id=295"},"modified":"2026-02-25T12:24:27","modified_gmt":"2026-02-25T11:24:27","slug":"bases-concurs","status":"publish","type":"page","link":"https:\/\/edicion.fundacionoccident.org\/poesia\/cat\/bases-concurs","title":{"rendered":"Bases"},"content":{"rendered":"<p>[et_pb_section bb_built=&#8221;1&#8243; fullwidth=&#8221;off&#8221; specialty=&#8221;off&#8221;][et_pb_row _builder_version=&#8221;3.17.6&#8243;][et_pb_column type=&#8221;2_3&#8243;][et_pb_text use_border_color=&#8221;off&#8221; custom_css_main_element=&#8221;li {margin-bottom: 20px;}&#8221; disabled=&#8221;off&#8221; background_position=&#8221;top_left&#8221; background_repeat=&#8221;repeat&#8221; background_size=&#8221;initial&#8221; _builder_version=&#8221;3.17.6&#8243;]<\/p>\n<h1>Bases de participaci\u00f3 XIX Concurs de Poesia Jes\u00fas Serra<\/h1>\n<\/p>\n<p>La Fundaci\u00f3 convoca el XIX Concurs de Poesia Jes\u00fas Serra en el qual es premiaran les obres d&#8217;autors an\u00f2nims en diferents categories.<\/p>\n<ul>\n<li>Al concurs hi podran participar totes les persones que ho desitgin, sigui quina sigui la seva nacionalitat.<\/li>\n<li>La inscripci\u00f3 es far\u00e0 \u00fanicament a trav\u00e9s del lloc web i haur\u00e0 de contenir les dades personals i de l\u2019obra, l\u2019original tamb\u00e9 s\u2019adjuntar\u00e0 a un document Word o PDF.<\/li>\n<li>El tema dels poemes ser\u00e0 lliure. Les obres han de tenir una extensi\u00f3 m\u00e0xima de 60 versos.<\/li>\n<li>El termini d&#8217;admissi\u00f3 d&#8217;originals ser\u00e0 del 25 de febrer de 2026 fins al 27 d&#8217;abril del 2026 a les #12:00 (UTC\/GMT +1), i en la categoria d&#8217;adults (+26 anys) pot tancar-se abans quan s&#8217;arribi, en total, a 1.000 poemes presentats en aquesta categoria en tots dos idiomes.<\/li>\n<li>La decisi\u00f3 del jurat ser\u00e0 inapel\u00b7lable i es far\u00e0 p\u00fablic la setmana anterior a l&#8217;acte de lliurament dels Premis. El jurat est\u00e0 compost per 7 membres. Tots ells, ja siguin professionals o diletants, mantenen una vinculaci\u00f3 amb el m\u00f3n de les lletres.<\/li>\n<li>La cerim\u00f2nia tindr\u00e0 lloc entre el 26 de juny i el 10 de juliol de 2026 a Barcelona.<\/li>\n<\/ul>\n<p>[\/et_pb_text][et_pb_button _builder_version=&#8221;3.17.6&#8243; button_text=&#8221;Descarregar bases en PDF&#8221; button_url=&#8221;\/poesia\/wp-content\/uploads\/2026\/02\/2026-BASES-XIX-POESIA-FOC_CAT.pdf&#8221; url_new_window=&#8221;on&#8221; button_alignment=&#8221;center&#8221; background_layout=&#8221;dark&#8221; \/][\/et_pb_column][et_pb_column type=&#8221;1_3&#8243;][et_pb_text use_border_color=&#8221;off&#8221; custom_css_main_element=&#8221;li {margin-bottom: 20px;}&#8221; disabled=&#8221;off&#8221; background_position=&#8221;top_left&#8221; background_repeat=&#8221;repeat&#8221; background_size=&#8221;initial&#8221; _builder_version=&#8221;3.17.6&#8243;]<\/p>\n<h2>Premis del concurs<\/h2>\n<p>Es premiar\u00e0 el millor poema escrit en cadascun dels dos idiomes i en cadascuna de les seg\u00fcents categories:<\/p>\n<hr>\n<h3>Categoria Adults:<\/h3>\n<p>a partir de 26 anys (inclosos).<\/p>\n<h4>Premis:<\/h4>\n<p>Catal\u00e0: 2.500\u20ac<br \/>Castell\u00e0: 2.500\u20ac<\/p>\n<h3>Categoria Adults Joves:<\/h3>\n<p>18 i 25 anys (els dos inclosos).<\/p>\n<h4>Premis:<\/h4>\n<p>Catal\u00e0: 2.500\u20ac<br \/>Castell\u00e0: 2.500\u20ac<\/p>\n<h3>Categoria Juvenil:<\/h3>\n<p>de 14 a 17 anys (els dos inclosos).<\/p>\n<h4>Premis:<\/h4>\n<p>Catal\u00e0: 1.500\u20ac<br \/>Castell\u00e0: 1.500\u20ac<\/p>\n<h3>Categoria Infantil:<\/h3>\n<p>de 10 a 13 anys (els dos inclosos).<\/p>\n<h4>Premis:<\/h4>\n<p>Catal\u00e0: 800\u20ac<br \/>Castell\u00e0: 800\u20ac<\/p>\n<p>[\/et_pb_text][\/et_pb_column][\/et_pb_row][\/et_pb_section]<\/p>\n","protected":false},"excerpt":{"rendered":"<p>[et_pb_section bb_built=&#8221;1&#8243; fullwidth=&#8221;off&#8221; specialty=&#8221;off&#8221;][et_pb_row _builder_version=&#8221;3.17.6&#8243;][et_pb_column type=&#8221;2_3&#8243;][et_pb_text use_border_color=&#8221;off&#8221; custom_css_main_element=&#8221;li {margin-bottom: 20px;}&#8221; disabled=&#8221;off&#8221; background_position=&#8221;top_left&#8221; background_repeat=&#8221;repeat&#8221; background_size=&#8221;initial&#8221; _builder_version=&#8221;3.17.6&#8243;] Bases de participaci\u00f3 XIX Concurs de Poesia Jes\u00fas Serra La Fundaci\u00f3 convoca el XIX Concurs de Poesia Jes\u00fas Serra en el qual es premiaran les obres d&#8217;autors an\u00f2nims en diferents categories. Al concurs hi podran participar totes les persones que [&hellip;]<\/p>\n","protected":false},"author":27,"featured_media":0,"parent":0,"menu_order":0,"comment_status":"closed","ping_status":"closed","template":"","meta":{"footnotes":""},"class_list":["post-295","page","type-page","status-publish","hentry"],"yoast_head":"<!-- This site is optimized with the Yoast SEO plugin v26.3 - https:\/\/yoast.com\/wordpress\/plugins\/seo\/ -->\n<title>Bases de participaci\u00f3: informaci\u00f3 - Concurs Poesia<\/title>\n<meta name=\"description\" content=\"Consulta les bases per al Concurs de Poesia de la Fundaci\u00f3 Jes\u00fas Serra: poemes en catal\u00e0 i castell\u00e0, inscripcions, tem\u00e0tica, terminis...\" \/>\n<meta name=\"robots\" content=\"index, follow, max-snippet:-1, max-image-preview:large, max-video-preview:-1\" \/>\n<link rel=\"canonical\" href=\"https:\/\/edicion.fundacionoccident.org\/poesia\/wp-json\/wp\/v2\/pages\/295\" \/>\n<meta property=\"og:locale\" content=\"es_ES\" \/>\n<meta property=\"og:type\" content=\"article\" \/>\n<meta property=\"og:title\" content=\"Bases de participaci\u00f3: informaci\u00f3 - Concurs Poesia\" \/>\n<meta property=\"og:description\" content=\"Consulta les bases per al Concurs de Poesia de la Fundaci\u00f3 Jes\u00fas Serra: poemes en catal\u00e0 i castell\u00e0, inscripcions, tem\u00e0tica, terminis...\" \/>\n<meta property=\"og:url\" content=\"https:\/\/edicion.fundacionoccident.org\/poesia\/cat\/bases-concurs\" \/>\n<meta property=\"og:site_name\" content=\"Concurso de Poes\u00eda Jes\u00fas Serra\" \/>\n<meta property=\"article:modified_time\" content=\"2026-02-25T11:24:27+00:00\" \/>\n<meta name=\"twitter:card\" content=\"summary_large_image\" \/>\n<meta name=\"twitter:label1\" content=\"Tiempo de lectura\" \/>\n\t<meta name=\"twitter:data1\" content=\"2 minutos\" \/>\n<!-- \/ Yoast SEO plugin. -->","yoast_head_json":{"title":"Bases de participaci\u00f3: informaci\u00f3 - Concurs Poesia","description":"Consulta les bases per al Concurs de Poesia de la Fundaci\u00f3 Jes\u00fas Serra: poemes en catal\u00e0 i castell\u00e0, inscripcions, tem\u00e0tica, terminis...","robots":{"index":"index","follow":"follow","max-snippet":"max-snippet:-1","max-image-preview":"max-image-preview:large","max-video-preview":"max-video-preview:-1"},"canonical":"https:\/\/edicion.fundacionoccident.org\/poesia\/wp-json\/wp\/v2\/pages\/295","og_locale":"es_ES","og_type":"article","og_title":"Bases de participaci\u00f3: informaci\u00f3 - Concurs Poesia","og_description":"Consulta les bases per al Concurs de Poesia de la Fundaci\u00f3 Jes\u00fas Serra: poemes en catal\u00e0 i castell\u00e0, inscripcions, tem\u00e0tica, terminis...","og_url":"https:\/\/edicion.fundacionoccident.org\/poesia\/cat\/bases-concurs","og_site_name":"Concurso de Poes\u00eda Jes\u00fas Serra","article_modified_time":"2026-02-25T11:24:27+00:00","twitter_card":"summary_large_image","twitter_misc":{"Tiempo de lectura":"2 minutos"},"schema":{"@context":"https:\/\/schema.org","@graph":[{"@type":"WebPage","@id":"https:\/\/edicion.fundacionoccident.org\/poesia\/cat\/bases-concurs","url":"https:\/\/edicion.fundacionoccident.org\/poesia\/cat\/bases-concurs","name":"Bases de participaci\u00f3: informaci\u00f3 - Concurs Poesia","isPartOf":{"@id":"https:\/\/edicion.fundacionoccident.org\/poesia\/#website"},"datePublished":"2016-02-22T09:43:44+00:00","dateModified":"2026-02-25T11:24:27+00:00","description":"Consulta les bases per al Concurs de Poesia de la Fundaci\u00f3 Jes\u00fas Serra: poemes en catal\u00e0 i castell\u00e0, inscripcions, tem\u00e0tica, terminis...","breadcrumb":{"@id":"https:\/\/edicion.fundacionoccident.org\/poesia\/cat\/bases-concurs#breadcrumb"},"inLanguage":"es","potentialAction":[{"@type":"ReadAction","target":["https:\/\/edicion.fundacionoccident.org\/poesia\/cat\/bases-concurs"]}]},{"@type":"BreadcrumbList","@id":"https:\/\/edicion.fundacionoccident.org\/poesia\/cat\/bases-concurs#breadcrumb","itemListElement":[{"@type":"ListItem","position":1,"name":"Inicio \u00bb Concurso de Poes\u00eda","item":"https:\/\/edicion.fundacionoccident.org\/poesia\/"},{"@type":"ListItem","position":2,"name":"Bases"}]},{"@type":"WebSite","@id":"https:\/\/edicion.fundacionoccident.org\/poesia\/#website","url":"https:\/\/edicion.fundacionoccident.org\/poesia\/","name":"Concurso de Poes\u00eda Jes\u00fas Serra","description":"","potentialAction":[{"@type":"SearchAction","target":{"@type":"EntryPoint","urlTemplate":"https:\/\/edicion.fundacionoccident.org\/poesia\/?s={search_term_string}"},"query-input":{"@type":"PropertyValueSpecification","valueRequired":true,"valueName":"search_term_string"}}],"inLanguage":"es"}]}},"_links":{"self":[{"href":"https:\/\/edicion.fundacionoccident.org\/poesia\/wp-json\/wp\/v2\/pages\/295","targetHints":{"allow":["GET"]}}],"collection":[{"href":"https:\/\/edicion.fundacionoccident.org\/poesia\/wp-json\/wp\/v2\/pages"}],"about":[{"href":"https:\/\/edicion.fundacionoccident.org\/poesia\/wp-json\/wp\/v2\/types\/page"}],"author":[{"embeddable":true,"href":"https:\/\/edicion.fundacionoccident.org\/poesia\/wp-json\/wp\/v2\/users\/27"}],"replies":[{"embeddable":true,"href":"https:\/\/edicion.fundacionoccident.org\/poesia\/wp-json\/wp\/v2\/comments?post=295"}],"version-history":[{"count":73,"href":"https:\/\/edicion.fundacionoccident.org\/poesia\/wp-json\/wp\/v2\/pages\/295\/revisions"}],"predecessor-version":[{"id":16200,"href":"https:\/\/edicion.fundacionoccident.org\/poesia\/wp-json\/wp\/v2\/pages\/295\/revisions\/16200"}],"wp:attachment":[{"href":"https:\/\/edicion.fundacionoccident.org\/poesia\/wp-json\/wp\/v2\/media?parent=295"}],"curies":[{"name":"wp","href":"https:\/\/api.w.org\/{rel}","templated":true}]}}