{"id":344,"date":"2016-10-03T09:43:02","date_gmt":"2016-10-03T07:43:02","guid":{"rendered":"http:\/\/edicion.fundacionjesusserra.org\/poesia\/\/pre\/?page_id=344"},"modified":"2026-02-25T08:48:48","modified_gmt":"2026-02-25T07:48:48","slug":"participa-concurs","status":"publish","type":"page","link":"https:\/\/edicion.fundacionoccident.org\/poesia\/cat\/participa-concurs","title":{"rendered":"Participa"},"content":{"rendered":"<p>[et_pb_section bb_built=&#8221;1&#8243; admin_label=&#8221;section&#8221; transparent_background=&#8221;off&#8221; allow_player_pause=&#8221;off&#8221; inner_shadow=&#8221;off&#8221; parallax=&#8221;off&#8221; parallax_method=&#8221;on&#8221; padding_mobile=&#8221;off&#8221; make_fullwidth=&#8221;off&#8221; use_custom_width=&#8221;off&#8221; width_unit=&#8221;off&#8221; custom_width_px=&#8221;1080px&#8221; custom_width_percent=&#8221;80%&#8221; make_equal=&#8221;off&#8221; use_custom_gutter=&#8221;off&#8221; fullwidth=&#8221;off&#8221; specialty=&#8221;off&#8221; disabled=&#8221;off&#8221; custom_padding_tablet=&#8221;50px|0|50px|0&#8243; custom_padding_last_edited=&#8221;on|desktop&#8221; prev_background_color=&#8221;#000000&#8243; next_background_color=&#8221;#000000&#8243;][et_pb_row admin_label=&#8221;row&#8221; make_fullwidth=&#8221;off&#8221; use_custom_width=&#8221;off&#8221; width_unit=&#8221;off&#8221; custom_width_px=&#8221;1080px&#8221; custom_width_percent=&#8221;80%&#8221; use_custom_gutter=&#8221;off&#8221; gutter_width=&#8221;3&#8243; padding_mobile=&#8221;off&#8221; allow_player_pause=&#8221;off&#8221; parallax=&#8221;off&#8221; parallax_method=&#8221;on&#8221; make_equal=&#8221;off&#8221; column_padding_mobile=&#8221;on&#8221; parallax_1=&#8221;off&#8221; parallax_method_1=&#8221;on&#8221; parallax_2=&#8221;off&#8221; parallax_method_2=&#8221;on&#8221; parallax_3=&#8221;off&#8221; parallax_method_3=&#8221;on&#8221; parallax_4=&#8221;off&#8221; parallax_method_4=&#8221;on&#8221; disabled=&#8221;off&#8221; background_position=&#8221;top_left&#8221; background_repeat=&#8221;repeat&#8221; background_size=&#8221;initial&#8221;][et_pb_column type=&#8221;4_4&#8243;][et_pb_text use_border_color=&#8221;off&#8221; disabled=&#8221;off&#8221; background_position=&#8221;top_left&#8221; background_repeat=&#8221;repeat&#8221; background_size=&#8221;initial&#8221; _builder_version=&#8221;3.17.6&#8243;]<\/p>\n<p class=\"h2\" style=\"text-align: center\"><strong>XIX CONCURS DE POESIA JES\u00daS SERRA<\/strong><\/p>\n<p>[\/et_pb_text][\/et_pb_column][\/et_pb_row][et_pb_row make_fullwidth=&#8221;off&#8221; use_custom_width=&#8221;off&#8221; width_unit=&#8221;off&#8221; custom_width_px=&#8221;1080px&#8221; custom_width_percent=&#8221;80%&#8221; use_custom_gutter=&#8221;off&#8221; gutter_width=&#8221;3&#8243; padding_mobile=&#8221;off&#8221; allow_player_pause=&#8221;off&#8221; parallax=&#8221;off&#8221; parallax_method=&#8221;on&#8221; make_equal=&#8221;off&#8221; column_padding_mobile=&#8221;on&#8221; parallax_1=&#8221;off&#8221; parallax_method_1=&#8221;on&#8221; parallax_2=&#8221;off&#8221; parallax_method_2=&#8221;on&#8221; parallax_3=&#8221;off&#8221; parallax_method_3=&#8221;on&#8221; parallax_4=&#8221;off&#8221; parallax_method_4=&#8221;on&#8221; disabled=&#8221;off&#8221; background_position=&#8221;top_left&#8221; background_repeat=&#8221;repeat&#8221; background_size=&#8221;initial&#8221;][et_pb_column type=&#8221;1_3&#8243;][et_pb_image src=&#8221;https:\/\/edicion.fundacionoccident.org\/poesia\/wp-content\/uploads\/2026\/02\/LCDC_F-OCCIDENT_POESIA_470x470_CAT@2x.png&#8221; use_border_color=&#8221;off&#8221; disabled=&#8221;off&#8221; animation_style=&#8221;slide&#8221; animation_duration=&#8221;500ms&#8221; animation_intensity_slide=&#8221;10%&#8221; animation_direction=&#8221;left&#8221; _builder_version=&#8221;3.17.6&#8243;]<\/p>\n<p>[\/et_pb_image][\/et_pb_column][et_pb_column type=&#8221;2_3&#8243;][et_pb_text use_border_color=&#8221;off&#8221; disabled=&#8221;off&#8221; background_position=&#8221;top_left&#8221; background_repeat=&#8221;repeat&#8221; background_size=&#8221;initial&#8221; _builder_version=&#8221;3.17.6&#8243;]<\/p>\n<p>Participa en el Concurs de Poesia Jes\u00fas Serra registrant-te en la plataforma de Fundaci\u00f3 Occident<\/p>\n<p>[\/et_pb_text][et_pb_button button_url=&#8221;https:\/\/fundacionoccident.eu-1.smartsimple.eu\/s_Login.jsp&#8221; button_text=&#8221;Participa&#8221; button_alignment=&#8221;left&#8221; background_layout=&#8221;dark&#8221; disabled=&#8221;off&#8221; button_text_size__hover_enabled=&#8221;off&#8221; button_text_size__hover=&#8221;null&#8221; button_one_text_size__hover_enabled=&#8221;off&#8221; button_one_text_size__hover=&#8221;null&#8221; button_two_text_size__hover_enabled=&#8221;off&#8221; button_two_text_size__hover=&#8221;null&#8221; button_text_color__hover_enabled=&#8221;off&#8221; button_text_color__hover=&#8221;null&#8221; button_one_text_color__hover_enabled=&#8221;off&#8221; button_one_text_color__hover=&#8221;null&#8221; button_two_text_color__hover_enabled=&#8221;off&#8221; button_two_text_color__hover=&#8221;null&#8221; button_border_width__hover_enabled=&#8221;off&#8221; button_border_width__hover=&#8221;null&#8221; button_one_border_width__hover_enabled=&#8221;off&#8221; button_one_border_width__hover=&#8221;null&#8221; button_two_border_width__hover_enabled=&#8221;off&#8221; button_two_border_width__hover=&#8221;null&#8221; button_border_color__hover_enabled=&#8221;off&#8221; button_border_color__hover=&#8221;null&#8221; button_one_border_color__hover_enabled=&#8221;off&#8221; button_one_border_color__hover=&#8221;null&#8221; button_two_border_color__hover_enabled=&#8221;off&#8221; button_two_border_color__hover=&#8221;null&#8221; button_border_radius__hover_enabled=&#8221;off&#8221; button_border_radius__hover=&#8221;null&#8221; button_one_border_radius__hover_enabled=&#8221;off&#8221; button_one_border_radius__hover=&#8221;null&#8221; button_two_border_radius__hover_enabled=&#8221;off&#8221; button_two_border_radius__hover=&#8221;null&#8221; button_letter_spacing__hover_enabled=&#8221;on&#8221; button_letter_spacing__hover=&#8221;0&#8243; button_one_letter_spacing__hover_enabled=&#8221;off&#8221; button_one_letter_spacing__hover=&#8221;null&#8221; button_two_letter_spacing__hover_enabled=&#8221;off&#8221; button_two_letter_spacing__hover=&#8221;null&#8221; button_bg_color__hover_enabled=&#8221;off&#8221; button_bg_color__hover=&#8221;null&#8221; button_one_bg_color__hover_enabled=&#8221;off&#8221; button_one_bg_color__hover=&#8221;null&#8221; button_two_bg_color__hover_enabled=&#8221;off&#8221; button_two_bg_color__hover=&#8221;null&#8221; _builder_version=&#8221;3.17.6&#8243;]<\/p>\n<p>[\/et_pb_button][\/et_pb_column][\/et_pb_row][\/et_pb_section]<\/p>\n","protected":false},"excerpt":{"rendered":"<p>[et_pb_section bb_built=&#8221;1&#8243; admin_label=&#8221;section&#8221; transparent_background=&#8221;off&#8221; allow_player_pause=&#8221;off&#8221; inner_shadow=&#8221;off&#8221; parallax=&#8221;off&#8221; parallax_method=&#8221;on&#8221; padding_mobile=&#8221;off&#8221; make_fullwidth=&#8221;off&#8221; use_custom_width=&#8221;off&#8221; width_unit=&#8221;off&#8221; custom_width_px=&#8221;1080px&#8221; custom_width_percent=&#8221;80%&#8221; make_equal=&#8221;off&#8221; use_custom_gutter=&#8221;off&#8221; fullwidth=&#8221;off&#8221; specialty=&#8221;off&#8221; disabled=&#8221;off&#8221; custom_padding_tablet=&#8221;50px|0|50px|0&#8243; custom_padding_last_edited=&#8221;on|desktop&#8221; prev_background_color=&#8221;#000000&#8243; next_background_color=&#8221;#000000&#8243;][et_pb_row admin_label=&#8221;row&#8221; make_fullwidth=&#8221;off&#8221; use_custom_width=&#8221;off&#8221; width_unit=&#8221;off&#8221; custom_width_px=&#8221;1080px&#8221; custom_width_percent=&#8221;80%&#8221; use_custom_gutter=&#8221;off&#8221; gutter_width=&#8221;3&#8243; padding_mobile=&#8221;off&#8221; allow_player_pause=&#8221;off&#8221; parallax=&#8221;off&#8221; parallax_method=&#8221;on&#8221; make_equal=&#8221;off&#8221; column_padding_mobile=&#8221;on&#8221; parallax_1=&#8221;off&#8221; parallax_method_1=&#8221;on&#8221; parallax_2=&#8221;off&#8221; parallax_method_2=&#8221;on&#8221; parallax_3=&#8221;off&#8221; parallax_method_3=&#8221;on&#8221; parallax_4=&#8221;off&#8221; parallax_method_4=&#8221;on&#8221; disabled=&#8221;off&#8221; background_position=&#8221;top_left&#8221; background_repeat=&#8221;repeat&#8221; background_size=&#8221;initial&#8221;][et_pb_column type=&#8221;4_4&#8243;][et_pb_text use_border_color=&#8221;off&#8221; disabled=&#8221;off&#8221; background_position=&#8221;top_left&#8221; background_repeat=&#8221;repeat&#8221; background_size=&#8221;initial&#8221; [&hellip;]<\/p>\n","protected":false},"author":27,"featured_media":0,"parent":0,"menu_order":0,"comment_status":"closed","ping_status":"closed","template":"","meta":{"footnotes":""},"class_list":["post-344","page","type-page","status-publish","hentry"],"yoast_head":"<!-- This site is optimized with the Yoast SEO plugin v26.3 - https:\/\/yoast.com\/wordpress\/plugins\/seo\/ -->\n<title>Participa-hi: accedeix a les inscripcions - Concurs Poesia<\/title>\n<meta name=\"description\" content=\"Anima&#039;t a participar en el Concurs de Poesia de la Fundaci\u00f3 Jes\u00fas Serra. Coneix-ne les bases i accedeix a les inscripcions de la nova edici\u00f3.\" \/>\n<meta name=\"robots\" content=\"index, follow, max-snippet:-1, max-image-preview:large, max-video-preview:-1\" \/>\n<link rel=\"canonical\" href=\"https:\/\/edicion.fundacionoccident.org\/poesia\/wp-json\/wp\/v2\/pages\/344\" \/>\n<meta property=\"og:locale\" content=\"es_ES\" \/>\n<meta property=\"og:type\" content=\"article\" \/>\n<meta property=\"og:title\" content=\"Participa-hi: accedeix a les inscripcions - Concurs Poesia\" \/>\n<meta property=\"og:description\" content=\"Anima&#039;t a participar en el Concurs de Poesia de la Fundaci\u00f3 Jes\u00fas Serra. Coneix-ne les bases i accedeix a les inscripcions de la nova edici\u00f3.\" \/>\n<meta property=\"og:url\" content=\"https:\/\/edicion.fundacionoccident.org\/poesia\/cat\/participa-concurs\" \/>\n<meta property=\"og:site_name\" content=\"Concurso de Poes\u00eda Jes\u00fas Serra\" \/>\n<meta property=\"article:modified_time\" content=\"2026-02-25T07:48:48+00:00\" \/>\n<meta name=\"twitter:card\" content=\"summary_large_image\" \/>\n<meta name=\"twitter:label1\" content=\"Tiempo de lectura\" \/>\n\t<meta name=\"twitter:data1\" content=\"1 minuto\" \/>\n<!-- \/ Yoast SEO plugin. -->","yoast_head_json":{"title":"Participa-hi: accedeix a les inscripcions - Concurs Poesia","description":"Anima't a participar en el Concurs de Poesia de la Fundaci\u00f3 Jes\u00fas Serra. Coneix-ne les bases i accedeix a les inscripcions de la nova edici\u00f3.","robots":{"index":"index","follow":"follow","max-snippet":"max-snippet:-1","max-image-preview":"max-image-preview:large","max-video-preview":"max-video-preview:-1"},"canonical":"https:\/\/edicion.fundacionoccident.org\/poesia\/wp-json\/wp\/v2\/pages\/344","og_locale":"es_ES","og_type":"article","og_title":"Participa-hi: accedeix a les inscripcions - Concurs Poesia","og_description":"Anima't a participar en el Concurs de Poesia de la Fundaci\u00f3 Jes\u00fas Serra. Coneix-ne les bases i accedeix a les inscripcions de la nova edici\u00f3.","og_url":"https:\/\/edicion.fundacionoccident.org\/poesia\/cat\/participa-concurs","og_site_name":"Concurso de Poes\u00eda Jes\u00fas Serra","article_modified_time":"2026-02-25T07:48:48+00:00","twitter_card":"summary_large_image","twitter_misc":{"Tiempo de lectura":"1 minuto"},"schema":{"@context":"https:\/\/schema.org","@graph":[{"@type":"WebPage","@id":"https:\/\/edicion.fundacionoccident.org\/poesia\/cat\/participa-concurs","url":"https:\/\/edicion.fundacionoccident.org\/poesia\/cat\/participa-concurs","name":"Participa-hi: accedeix a les inscripcions - Concurs Poesia","isPartOf":{"@id":"https:\/\/edicion.fundacionoccident.org\/poesia\/#website"},"datePublished":"2016-10-03T07:43:02+00:00","dateModified":"2026-02-25T07:48:48+00:00","description":"Anima't a participar en el Concurs de Poesia de la Fundaci\u00f3 Jes\u00fas Serra. Coneix-ne les bases i accedeix a les inscripcions de la nova edici\u00f3.","breadcrumb":{"@id":"https:\/\/edicion.fundacionoccident.org\/poesia\/cat\/participa-concurs#breadcrumb"},"inLanguage":"es","potentialAction":[{"@type":"ReadAction","target":["https:\/\/edicion.fundacionoccident.org\/poesia\/cat\/participa-concurs"]}]},{"@type":"BreadcrumbList","@id":"https:\/\/edicion.fundacionoccident.org\/poesia\/cat\/participa-concurs#breadcrumb","itemListElement":[{"@type":"ListItem","position":1,"name":"Inicio \u00bb Concurso de Poes\u00eda","item":"https:\/\/edicion.fundacionoccident.org\/poesia\/"},{"@type":"ListItem","position":2,"name":"Participa"}]},{"@type":"WebSite","@id":"https:\/\/edicion.fundacionoccident.org\/poesia\/#website","url":"https:\/\/edicion.fundacionoccident.org\/poesia\/","name":"Concurso de Poes\u00eda Jes\u00fas Serra","description":"","potentialAction":[{"@type":"SearchAction","target":{"@type":"EntryPoint","urlTemplate":"https:\/\/edicion.fundacionoccident.org\/poesia\/?s={search_term_string}"},"query-input":{"@type":"PropertyValueSpecification","valueRequired":true,"valueName":"search_term_string"}}],"inLanguage":"es"}]}},"_links":{"self":[{"href":"https:\/\/edicion.fundacionoccident.org\/poesia\/wp-json\/wp\/v2\/pages\/344","targetHints":{"allow":["GET"]}}],"collection":[{"href":"https:\/\/edicion.fundacionoccident.org\/poesia\/wp-json\/wp\/v2\/pages"}],"about":[{"href":"https:\/\/edicion.fundacionoccident.org\/poesia\/wp-json\/wp\/v2\/types\/page"}],"author":[{"embeddable":true,"href":"https:\/\/edicion.fundacionoccident.org\/poesia\/wp-json\/wp\/v2\/users\/27"}],"replies":[{"embeddable":true,"href":"https:\/\/edicion.fundacionoccident.org\/poesia\/wp-json\/wp\/v2\/comments?post=344"}],"version-history":[{"count":34,"href":"https:\/\/edicion.fundacionoccident.org\/poesia\/wp-json\/wp\/v2\/pages\/344\/revisions"}],"predecessor-version":[{"id":16186,"href":"https:\/\/edicion.fundacionoccident.org\/poesia\/wp-json\/wp\/v2\/pages\/344\/revisions\/16186"}],"wp:attachment":[{"href":"https:\/\/edicion.fundacionoccident.org\/poesia\/wp-json\/wp\/v2\/media?parent=344"}],"curies":[{"name":"wp","href":"https:\/\/api.w.org\/{rel}","templated":true}]}}