{"id":476,"date":"2017-03-31T16:02:39","date_gmt":"2017-03-31T14:02:39","guid":{"rendered":"http:\/\/edicion.fundacionjesusserra.org\/poesia\/\/?page_id=476"},"modified":"2025-04-25T12:01:34","modified_gmt":"2025-04-25T10:01:34","slug":"participa-concurs-finalitzat","status":"publish","type":"page","link":"https:\/\/edicion.fundacionoccident.org\/poesia\/cat\/participa-concurs-finalitzat","title":{"rendered":"Participa &#8211; Finalitzat"},"content":{"rendered":"<p>[et_pb_section bb_built=&#8221;1&#8243; admin_label=&#8221;section&#8221; transparent_background=&#8221;off&#8221; allow_player_pause=&#8221;off&#8221; inner_shadow=&#8221;off&#8221; parallax=&#8221;off&#8221; parallax_method=&#8221;on&#8221; padding_mobile=&#8221;off&#8221; make_fullwidth=&#8221;off&#8221; use_custom_width=&#8221;off&#8221; width_unit=&#8221;off&#8221; custom_width_px=&#8221;1080px&#8221; custom_width_percent=&#8221;80%&#8221; make_equal=&#8221;off&#8221; use_custom_gutter=&#8221;off&#8221; fullwidth=&#8221;off&#8221; specialty=&#8221;off&#8221; disabled=&#8221;off&#8221; custom_padding_tablet=&#8221;50px|0|50px|0&#8243; custom_padding_last_edited=&#8221;on|desktop&#8221; prev_background_color=&#8221;#000000&#8243; next_background_color=&#8221;#000000&#8243;][et_pb_row admin_label=&#8221;row&#8221; make_fullwidth=&#8221;off&#8221; use_custom_width=&#8221;off&#8221; width_unit=&#8221;off&#8221; custom_width_px=&#8221;1080px&#8221; custom_width_percent=&#8221;80%&#8221; use_custom_gutter=&#8221;off&#8221; gutter_width=&#8221;3&#8243; padding_mobile=&#8221;off&#8221; allow_player_pause=&#8221;off&#8221; parallax=&#8221;off&#8221; parallax_method=&#8221;on&#8221; make_equal=&#8221;off&#8221; column_padding_mobile=&#8221;on&#8221; parallax_1=&#8221;off&#8221; parallax_method_1=&#8221;on&#8221; parallax_2=&#8221;off&#8221; parallax_method_2=&#8221;on&#8221; parallax_3=&#8221;off&#8221; parallax_method_3=&#8221;on&#8221; parallax_4=&#8221;off&#8221; parallax_method_4=&#8221;on&#8221; disabled=&#8221;off&#8221; background_position=&#8221;top_left&#8221; background_repeat=&#8221;repeat&#8221; background_size=&#8221;initial&#8221;][et_pb_column type=&#8221;4_4&#8243;][et_pb_text use_border_color=&#8221;off&#8221; disabled=&#8221;off&#8221; background_position=&#8221;top_left&#8221; background_repeat=&#8221;repeat&#8221; background_size=&#8221;initial&#8221; _builder_version=&#8221;3.17.6&#8243;]<\/p>\n<h1>XVIII Concurs de Poesia Jes\u00fas Serra de la Fundaci\u00f3 Occident<\/h1>\n<p>[\/et_pb_text][et_pb_text use_border_color=&#8221;off&#8221; disabled=&#8221;off&#8221; background_position=&#8221;top_left&#8221; background_repeat=&#8221;repeat&#8221; background_size=&#8221;initial&#8221; _builder_version=&#8221;3.17.6&#8243; disabled_on=&#8221;off|off|off&#8221;]<\/p>\n<p>No s\u2019admeten m\u00e9s obres, el termini de participaci\u00f3 ha acabat.<\/p>\n<p>Els guanyadors es donaran a con\u00e8ixer a mitjans de juny.<\/p>\n<p>[\/et_pb_text][\/et_pb_column][\/et_pb_row][\/et_pb_section]<\/p>\n","protected":false},"excerpt":{"rendered":"<p>[et_pb_section bb_built=&#8221;1&#8243; admin_label=&#8221;section&#8221; transparent_background=&#8221;off&#8221; allow_player_pause=&#8221;off&#8221; inner_shadow=&#8221;off&#8221; parallax=&#8221;off&#8221; parallax_method=&#8221;on&#8221; padding_mobile=&#8221;off&#8221; make_fullwidth=&#8221;off&#8221; use_custom_width=&#8221;off&#8221; width_unit=&#8221;off&#8221; custom_width_px=&#8221;1080px&#8221; custom_width_percent=&#8221;80%&#8221; make_equal=&#8221;off&#8221; use_custom_gutter=&#8221;off&#8221; fullwidth=&#8221;off&#8221; specialty=&#8221;off&#8221; disabled=&#8221;off&#8221; custom_padding_tablet=&#8221;50px|0|50px|0&#8243; custom_padding_last_edited=&#8221;on|desktop&#8221; prev_background_color=&#8221;#000000&#8243; next_background_color=&#8221;#000000&#8243;][et_pb_row admin_label=&#8221;row&#8221; make_fullwidth=&#8221;off&#8221; use_custom_width=&#8221;off&#8221; width_unit=&#8221;off&#8221; custom_width_px=&#8221;1080px&#8221; custom_width_percent=&#8221;80%&#8221; use_custom_gutter=&#8221;off&#8221; gutter_width=&#8221;3&#8243; padding_mobile=&#8221;off&#8221; allow_player_pause=&#8221;off&#8221; parallax=&#8221;off&#8221; parallax_method=&#8221;on&#8221; make_equal=&#8221;off&#8221; column_padding_mobile=&#8221;on&#8221; parallax_1=&#8221;off&#8221; parallax_method_1=&#8221;on&#8221; parallax_2=&#8221;off&#8221; parallax_method_2=&#8221;on&#8221; parallax_3=&#8221;off&#8221; parallax_method_3=&#8221;on&#8221; parallax_4=&#8221;off&#8221; parallax_method_4=&#8221;on&#8221; disabled=&#8221;off&#8221; background_position=&#8221;top_left&#8221; background_repeat=&#8221;repeat&#8221; background_size=&#8221;initial&#8221;][et_pb_column type=&#8221;4_4&#8243;][et_pb_text use_border_color=&#8221;off&#8221; disabled=&#8221;off&#8221; background_position=&#8221;top_left&#8221; background_repeat=&#8221;repeat&#8221; background_size=&#8221;initial&#8221; [&hellip;]<\/p>\n","protected":false},"author":27,"featured_media":0,"parent":0,"menu_order":0,"comment_status":"closed","ping_status":"closed","template":"","meta":{"footnotes":""},"class_list":["post-476","page","type-page","status-publish","hentry"],"yoast_head":"<!-- This site is optimized with the Yoast SEO plugin v26.3 - https:\/\/yoast.com\/wordpress\/plugins\/seo\/ -->\n<title>Participa - Finalitzat: inscripci\u00f3 tancada - Concurs de Poesia<\/title>\n<meta name=\"description\" content=\"Les inscripcions al Concurs de Poesia de la Fundaci\u00f3 Jes\u00fas Serra han estat tancades. Entra i coneix els nous terminis i els poemes guanyadors.\" \/>\n<meta name=\"robots\" content=\"index, follow, max-snippet:-1, max-image-preview:large, max-video-preview:-1\" \/>\n<link rel=\"canonical\" href=\"https:\/\/edicion.fundacionoccident.org\/poesia\/wp-json\/wp\/v2\/pages\/476\" \/>\n<meta property=\"og:locale\" content=\"es_ES\" \/>\n<meta property=\"og:type\" content=\"article\" \/>\n<meta property=\"og:title\" content=\"Participa - Finalitzat: inscripci\u00f3 tancada - Concurs de Poesia\" \/>\n<meta property=\"og:description\" content=\"Les inscripcions al Concurs de Poesia de la Fundaci\u00f3 Jes\u00fas Serra han estat tancades. Entra i coneix els nous terminis i els poemes guanyadors.\" \/>\n<meta property=\"og:url\" content=\"https:\/\/edicion.fundacionoccident.org\/poesia\/cat\/participa-concurs-finalitzat\" \/>\n<meta property=\"og:site_name\" content=\"Concurso de Poes\u00eda Jes\u00fas Serra\" \/>\n<meta property=\"article:modified_time\" content=\"2025-04-25T10:01:34+00:00\" \/>\n<meta name=\"twitter:card\" content=\"summary_large_image\" \/>\n<meta name=\"twitter:label1\" content=\"Tiempo de lectura\" \/>\n\t<meta name=\"twitter:data1\" content=\"1 minuto\" \/>\n<!-- \/ Yoast SEO plugin. -->","yoast_head_json":{"title":"Participa - Finalitzat: inscripci\u00f3 tancada - Concurs de Poesia","description":"Les inscripcions al Concurs de Poesia de la Fundaci\u00f3 Jes\u00fas Serra han estat tancades. Entra i coneix els nous terminis i els poemes guanyadors.","robots":{"index":"index","follow":"follow","max-snippet":"max-snippet:-1","max-image-preview":"max-image-preview:large","max-video-preview":"max-video-preview:-1"},"canonical":"https:\/\/edicion.fundacionoccident.org\/poesia\/wp-json\/wp\/v2\/pages\/476","og_locale":"es_ES","og_type":"article","og_title":"Participa - Finalitzat: inscripci\u00f3 tancada - Concurs de Poesia","og_description":"Les inscripcions al Concurs de Poesia de la Fundaci\u00f3 Jes\u00fas Serra han estat tancades. Entra i coneix els nous terminis i els poemes guanyadors.","og_url":"https:\/\/edicion.fundacionoccident.org\/poesia\/cat\/participa-concurs-finalitzat","og_site_name":"Concurso de Poes\u00eda Jes\u00fas Serra","article_modified_time":"2025-04-25T10:01:34+00:00","twitter_card":"summary_large_image","twitter_misc":{"Tiempo de lectura":"1 minuto"},"schema":{"@context":"https:\/\/schema.org","@graph":[{"@type":"WebPage","@id":"https:\/\/edicion.fundacionoccident.org\/poesia\/cat\/participa-concurs-finalitzat","url":"https:\/\/edicion.fundacionoccident.org\/poesia\/cat\/participa-concurs-finalitzat","name":"Participa - Finalitzat: inscripci\u00f3 tancada - Concurs de Poesia","isPartOf":{"@id":"https:\/\/edicion.fundacionoccident.org\/poesia\/#website"},"datePublished":"2017-03-31T14:02:39+00:00","dateModified":"2025-04-25T10:01:34+00:00","description":"Les inscripcions al Concurs de Poesia de la Fundaci\u00f3 Jes\u00fas Serra han estat tancades. Entra i coneix els nous terminis i els poemes guanyadors.","breadcrumb":{"@id":"https:\/\/edicion.fundacionoccident.org\/poesia\/cat\/participa-concurs-finalitzat#breadcrumb"},"inLanguage":"es","potentialAction":[{"@type":"ReadAction","target":["https:\/\/edicion.fundacionoccident.org\/poesia\/cat\/participa-concurs-finalitzat"]}]},{"@type":"BreadcrumbList","@id":"https:\/\/edicion.fundacionoccident.org\/poesia\/cat\/participa-concurs-finalitzat#breadcrumb","itemListElement":[{"@type":"ListItem","position":1,"name":"Inicio \u00bb Concurso de Poes\u00eda","item":"https:\/\/edicion.fundacionoccident.org\/poesia\/"},{"@type":"ListItem","position":2,"name":"Participa &#8211; Finalitzat"}]},{"@type":"WebSite","@id":"https:\/\/edicion.fundacionoccident.org\/poesia\/#website","url":"https:\/\/edicion.fundacionoccident.org\/poesia\/","name":"Concurso de Poes\u00eda Jes\u00fas Serra","description":"","potentialAction":[{"@type":"SearchAction","target":{"@type":"EntryPoint","urlTemplate":"https:\/\/edicion.fundacionoccident.org\/poesia\/?s={search_term_string}"},"query-input":{"@type":"PropertyValueSpecification","valueRequired":true,"valueName":"search_term_string"}}],"inLanguage":"es"}]}},"_links":{"self":[{"href":"https:\/\/edicion.fundacionoccident.org\/poesia\/wp-json\/wp\/v2\/pages\/476","targetHints":{"allow":["GET"]}}],"collection":[{"href":"https:\/\/edicion.fundacionoccident.org\/poesia\/wp-json\/wp\/v2\/pages"}],"about":[{"href":"https:\/\/edicion.fundacionoccident.org\/poesia\/wp-json\/wp\/v2\/types\/page"}],"author":[{"embeddable":true,"href":"https:\/\/edicion.fundacionoccident.org\/poesia\/wp-json\/wp\/v2\/users\/27"}],"replies":[{"embeddable":true,"href":"https:\/\/edicion.fundacionoccident.org\/poesia\/wp-json\/wp\/v2\/comments?post=476"}],"version-history":[{"count":54,"href":"https:\/\/edicion.fundacionoccident.org\/poesia\/wp-json\/wp\/v2\/pages\/476\/revisions"}],"predecessor-version":[{"id":15794,"href":"https:\/\/edicion.fundacionoccident.org\/poesia\/wp-json\/wp\/v2\/pages\/476\/revisions\/15794"}],"wp:attachment":[{"href":"https:\/\/edicion.fundacionoccident.org\/poesia\/wp-json\/wp\/v2\/media?parent=476"}],"curies":[{"name":"wp","href":"https:\/\/api.w.org\/{rel}","templated":true}]}}