{"id":6028,"date":"2022-06-17T12:02:54","date_gmt":"2022-06-17T10:02:54","guid":{"rendered":"https:\/\/edicion.fundacionjesusserra.org\/poesia\/?page_id=6028"},"modified":"2023-06-22T13:27:27","modified_gmt":"2023-06-22T11:27:27","slug":"categoria-b-catala","status":"publish","type":"page","link":"https:\/\/edicion.fundacionoccident.org\/poesia\/cat\/guanyadors\/categoria-b-catala","title":{"rendered":"Categoria B Catal\u00e0"},"content":{"rendered":"<p>[et_pb_section bb_built=&#8221;1&#8243;][et_pb_row][et_pb_column type=&#8221;4_4&#8243;][et_pb_text _builder_version=&#8221;3.17.6&#8243;]<\/p>\n<div style=\"max-width: 800px; margin: 0 auto; text-align: center\">\n<h1 style=\"text-align: center;\">CATAL\u00c0 &#8211; categoria B<\/h1>\n<p>&nbsp;<\/p>\n<h3>Vernal<\/h3>\n<p>&nbsp;<\/p>\n<p>Baixo les escales amb una parsim\u00f2nia que no s\u00e9 recon\u00e8ixer<br \/>\ni premo, amb una consci\u00e8ncia impr\u00f2pia en la meva rutina,<br \/>\nel petit bot\u00f3 del sem\u00e0for.<br \/>\n<br \/>\nMoc tots els dits dels peus per comprovar que,<br \/>\nefectivament, encara hi ha terra sota meu.<br \/>\nUna alenada d&#8217;alleujament se m\u2019escapa imprevista.<br \/>\n<br \/>\nPoc em preocupa el que sona pels auriculars.<br \/>\nLa mediocre melodia pop que s\u2019escolta<br \/>\nfa que el meu cap es mogui, a destemps,<br \/>\ni en un segon massa r\u00e0pid de comptar,<br \/>\nem puc enfonsar en les tenebres de la ment.<br \/>\n<br \/>\nIgnorant unes mirades gens dissimulades,<br \/>\nsomric, vestida amb una camisa tacada del pare,<br \/>\nposada de la manera menys afavoridora possible.<br \/>\nPetit intent d\u2019imperfecci\u00f3 per voluntat pr\u00f2pia.<br \/>\n<br \/>\nMalgrat haver renunciat als calendaris,<br \/>\ns\u00e9 que ha arribat la primavera,<br \/>\nvella amiga confusa a qui he trobat a faltar.<br \/>\nHa sigut ella la qui m\u2019ha tret fora a passejar.<br \/>\n<br \/>\nSense rumb definit, avan\u00e7o:<br \/>\nPrimer molt a poc a poc,<br \/>\nper\u00f2 en veure que el carrer se m\u2019empassa,<br \/>\ncomen\u00e7o a caminar;<br \/>\ndespr\u00e9s salto, i salto ben alt,<br \/>\npr\u00e0cticament es tracta d\u2019un ball<br \/>\nentre les meves cames i el cel.<br \/>\n<br \/>\nFinalment puc c\u00f3rrer, lliure i sense fre,<br \/>\ncom si particip\u00e9s en l\u2019\u00fanica cursa<br \/>\nla meta de la qual \u00e9s inabastable: L&#8217;horitz\u00f3.<br \/>\n<br \/>\nPart de mi seguiria perseguint-lo,<br \/>\namb br\u00faixola en m\u00e0 apuntant al nord,<br \/>\nbuscant un sentit a aquest m\u00f3n boig,<br \/>\nper\u00f2 m\u2019aturen les ganes de realitat.<br \/>\n<br \/>\nEm deixo caure com puc a l\u2019asfalt, esgotada.<br \/>\nLa suor se m\u2019emporta les vergonyes<br \/>\ni les exhalacions substitueixen les paraules,<br \/>\nmassa fortes per pronunciar-les en veu alta.<br \/>\n<br \/>\nBatecs descoordinats em serveixen d\u2019aixopluc<br \/>\nper la maror de pensaments que m\u2019atabalen<br \/>\nper\u00f2 tamb\u00e9 m\u2019impossibiliten aixecar-me<br \/>\ni tornar-ho a intentar.<br \/>\n<br \/>\n\u00c9s aleshores que la mem\u00f2ria em torna<br \/>\na aquella expressi\u00f3, que mentre m\u2019agafava,<br \/>\ndol\u00e7a per\u00f2 ferma, pronunciava,<br \/>\namb una saviesa cansada, ratllant l\u2019amargura:<br \/>\n\u201cPassi el que passi, la vida continua\u201d.<br \/>\nAquesta \u00e9s l\u2019\u00fanica veritat que em queda.<br \/>\n<br \/>\nQuan el sol es comen\u00e7a a pondre en un potser,<br \/>\ntorno a sentir-me cada rac\u00f3 del cos,<br \/>\ni comprovo, un per un, els petits tatuatges visibles<br \/>\nque a vegades deixa el dolor.<br \/>\nAquests sempre tacaran la meva pell,<br \/>\ncom a recordatori diari de qu\u00e8 significa estar viu.<br \/>\n<br \/>\nAra s\u00ed, puc afirmar amb certesa la meva exist\u00e8ncia,<br \/>\no com a m\u00ednim, la d\u2019aquest vell carrer,<br \/>\ni em deixo guiar a casa per una cara coneguda:<br \/>\nEl bell sat\u00e8l\u00b7lit anomenat lluna.<\/p>\n<p style=\"text-align: right!important;\">Abril Galofr\u00e9 Utset<\/p>\n<\/div>\n<p>[\/et_pb_text][\/et_pb_column][\/et_pb_row][\/et_pb_section]<\/p>\n","protected":false},"excerpt":{"rendered":"<p>[et_pb_section bb_built=&#8221;1&#8243;][et_pb_row][et_pb_column type=&#8221;4_4&#8243;][et_pb_text _builder_version=&#8221;3.17.6&#8243;] CATAL\u00c0 &#8211; categoria B &nbsp; Vernal &nbsp; Baixo les escales amb una parsim\u00f2nia que no s\u00e9 recon\u00e8ixer i premo, amb una consci\u00e8ncia impr\u00f2pia en la meva rutina, el petit bot\u00f3 del sem\u00e0for. Moc tots els dits dels peus per comprovar que, efectivament, encara hi ha terra sota meu. Una alenada d&#8217;alleujament [&hellip;]<\/p>\n","protected":false},"author":12,"featured_media":0,"parent":1751,"menu_order":0,"comment_status":"closed","ping_status":"closed","template":"","meta":{"footnotes":""},"class_list":["post-6028","page","type-page","status-publish","hentry"],"yoast_head":"<!-- This site is optimized with the Yoast SEO plugin v26.3 - https:\/\/yoast.com\/wordpress\/plugins\/seo\/ -->\n<title>Categoria B Catal\u00e0 - Concurso de Poes\u00eda Jes\u00fas Serra<\/title>\n<meta name=\"robots\" content=\"index, follow, max-snippet:-1, max-image-preview:large, max-video-preview:-1\" \/>\n<link rel=\"canonical\" href=\"https:\/\/edicion.fundacionoccident.org\/poesia\/wp-json\/wp\/v2\/pages\/6028\" \/>\n<meta property=\"og:locale\" content=\"es_ES\" \/>\n<meta property=\"og:type\" content=\"article\" \/>\n<meta property=\"og:title\" content=\"Categoria B Catal\u00e0 - Concurso de Poes\u00eda Jes\u00fas Serra\" \/>\n<meta property=\"og:description\" content=\"[et_pb_section bb_built=&#8221;1&#8243;][et_pb_row][et_pb_column type=&#8221;4_4&#8243;][et_pb_text _builder_version=&#8221;3.17.6&#8243;] CATAL\u00c0 &#8211; categoria B &nbsp; Vernal &nbsp; Baixo les escales amb una parsim\u00f2nia que no s\u00e9 recon\u00e8ixer i premo, amb una consci\u00e8ncia impr\u00f2pia en la meva rutina, el petit bot\u00f3 del sem\u00e0for. Moc tots els dits dels peus per comprovar que, efectivament, encara hi ha terra sota meu. Una alenada d&#8217;alleujament [&hellip;]\" \/>\n<meta property=\"og:url\" content=\"https:\/\/edicion.fundacionoccident.org\/poesia\/cat\/guanyadors\/categoria-b-catala\" \/>\n<meta property=\"og:site_name\" content=\"Concurso de Poes\u00eda Jes\u00fas Serra\" \/>\n<meta property=\"article:modified_time\" content=\"2023-06-22T11:27:27+00:00\" \/>\n<meta name=\"twitter:card\" content=\"summary_large_image\" \/>\n<meta name=\"twitter:label1\" content=\"Tiempo de lectura\" \/>\n\t<meta name=\"twitter:data1\" content=\"2 minutos\" \/>\n<!-- \/ Yoast SEO plugin. -->","yoast_head_json":{"title":"Categoria B Catal\u00e0 - Concurso de Poes\u00eda Jes\u00fas Serra","robots":{"index":"index","follow":"follow","max-snippet":"max-snippet:-1","max-image-preview":"max-image-preview:large","max-video-preview":"max-video-preview:-1"},"canonical":"https:\/\/edicion.fundacionoccident.org\/poesia\/wp-json\/wp\/v2\/pages\/6028","og_locale":"es_ES","og_type":"article","og_title":"Categoria B Catal\u00e0 - Concurso de Poes\u00eda Jes\u00fas Serra","og_description":"[et_pb_section bb_built=&#8221;1&#8243;][et_pb_row][et_pb_column type=&#8221;4_4&#8243;][et_pb_text _builder_version=&#8221;3.17.6&#8243;] CATAL\u00c0 &#8211; categoria B &nbsp; Vernal &nbsp; Baixo les escales amb una parsim\u00f2nia que no s\u00e9 recon\u00e8ixer i premo, amb una consci\u00e8ncia impr\u00f2pia en la meva rutina, el petit bot\u00f3 del sem\u00e0for. Moc tots els dits dels peus per comprovar que, efectivament, encara hi ha terra sota meu. Una alenada d&#8217;alleujament [&hellip;]","og_url":"https:\/\/edicion.fundacionoccident.org\/poesia\/cat\/guanyadors\/categoria-b-catala","og_site_name":"Concurso de Poes\u00eda Jes\u00fas Serra","article_modified_time":"2023-06-22T11:27:27+00:00","twitter_card":"summary_large_image","twitter_misc":{"Tiempo de lectura":"2 minutos"},"schema":{"@context":"https:\/\/schema.org","@graph":[{"@type":"WebPage","@id":"https:\/\/edicion.fundacionoccident.org\/poesia\/cat\/guanyadors\/categoria-b-catala","url":"https:\/\/edicion.fundacionoccident.org\/poesia\/cat\/guanyadors\/categoria-b-catala","name":"Categoria B Catal\u00e0 - Concurso de Poes\u00eda Jes\u00fas Serra","isPartOf":{"@id":"https:\/\/edicion.fundacionoccident.org\/poesia\/#website"},"datePublished":"2022-06-17T10:02:54+00:00","dateModified":"2023-06-22T11:27:27+00:00","breadcrumb":{"@id":"https:\/\/edicion.fundacionoccident.org\/poesia\/cat\/guanyadors\/categoria-b-catala#breadcrumb"},"inLanguage":"es","potentialAction":[{"@type":"ReadAction","target":["https:\/\/edicion.fundacionoccident.org\/poesia\/cat\/guanyadors\/categoria-b-catala"]}]},{"@type":"BreadcrumbList","@id":"https:\/\/edicion.fundacionoccident.org\/poesia\/cat\/guanyadors\/categoria-b-catala#breadcrumb","itemListElement":[{"@type":"ListItem","position":1,"name":"Inicio \u00bb Concurso de Poes\u00eda","item":"https:\/\/edicion.fundacionoccident.org\/poesia\/"},{"@type":"ListItem","position":2,"name":"Guanyadors","item":"https:\/\/edicion.fundacionoccident.org\/poesia\/cat\/guanyadors"},{"@type":"ListItem","position":3,"name":"Categoria B Catal\u00e0"}]},{"@type":"WebSite","@id":"https:\/\/edicion.fundacionoccident.org\/poesia\/#website","url":"https:\/\/edicion.fundacionoccident.org\/poesia\/","name":"Concurso de Poes\u00eda Jes\u00fas Serra","description":"","potentialAction":[{"@type":"SearchAction","target":{"@type":"EntryPoint","urlTemplate":"https:\/\/edicion.fundacionoccident.org\/poesia\/?s={search_term_string}"},"query-input":{"@type":"PropertyValueSpecification","valueRequired":true,"valueName":"search_term_string"}}],"inLanguage":"es"}]}},"_links":{"self":[{"href":"https:\/\/edicion.fundacionoccident.org\/poesia\/wp-json\/wp\/v2\/pages\/6028","targetHints":{"allow":["GET"]}}],"collection":[{"href":"https:\/\/edicion.fundacionoccident.org\/poesia\/wp-json\/wp\/v2\/pages"}],"about":[{"href":"https:\/\/edicion.fundacionoccident.org\/poesia\/wp-json\/wp\/v2\/types\/page"}],"author":[{"embeddable":true,"href":"https:\/\/edicion.fundacionoccident.org\/poesia\/wp-json\/wp\/v2\/users\/12"}],"replies":[{"embeddable":true,"href":"https:\/\/edicion.fundacionoccident.org\/poesia\/wp-json\/wp\/v2\/comments?post=6028"}],"version-history":[{"count":8,"href":"https:\/\/edicion.fundacionoccident.org\/poesia\/wp-json\/wp\/v2\/pages\/6028\/revisions"}],"predecessor-version":[{"id":9481,"href":"https:\/\/edicion.fundacionoccident.org\/poesia\/wp-json\/wp\/v2\/pages\/6028\/revisions\/9481"}],"up":[{"embeddable":true,"href":"https:\/\/edicion.fundacionoccident.org\/poesia\/wp-json\/wp\/v2\/pages\/1751"}],"wp:attachment":[{"href":"https:\/\/edicion.fundacionoccident.org\/poesia\/wp-json\/wp\/v2\/media?parent=6028"}],"curies":[{"name":"wp","href":"https:\/\/api.w.org\/{rel}","templated":true}]}}