{"id":4328,"date":"2017-03-15T19:26:32","date_gmt":"2017-03-15T19:26:32","guid":{"rendered":"http:\/\/edicion.fundacionjesusserra.org\/tennis\/solidaritat"},"modified":"2020-09-10T07:57:28","modified_gmt":"2020-09-10T07:57:28","slug":"solidaritat","status":"publish","type":"page","link":"https:\/\/edicion.fundacionoccident.org\/tennis\/cat\/solidaritat","title":{"rendered":"Solidaritat"},"content":{"rendered":"<p>[vc_row css_animation=&#8221;&#8221; row_type=&#8221;row&#8221; use_row_as_full_screen_section=&#8221;no&#8221; type=&#8221;full_width&#8221; angled_section=&#8221;no&#8221; text_align=&#8221;left&#8221; background_image_as_pattern=&#8221;without_pattern&#8221;][vc_column][vc_single_image image=&#8221;3249&#8243; img_size=&#8221;1600&#215;481&#8243; qode_css_animation=&#8221;&#8221;][\/vc_column][\/vc_row][vc_row css_animation=&#8221;&#8221; row_type=&#8221;row&#8221; use_row_as_full_screen_section=&#8221;no&#8221; type=&#8221;grid&#8221; anchor=&#8221;1600&#8243; angled_section=&#8221;no&#8221; text_align=&#8221;left&#8221; background_image_as_pattern=&#8221;without_pattern&#8221; background_color=&#8221;#ffffff&#8221; css=&#8221;.vc_custom_1489498678216{margin-right: 0px !important;margin-left: 0px !important;}&#8221;][vc_column width=&#8221;1\/2&#8243;][vc_empty_space height=&#8221;60px&#8221;][vc_row_inner row_type=&#8221;row&#8221; type=&#8221;full_width&#8221; text_align=&#8221;left&#8221; css_animation=&#8221;&#8221; css=&#8221;.vc_custom_1519635516420{padding-right: 30px !important;padding-left: 30px !important;}&#8221;][vc_column_inner][vc_column_text]<\/p>\n<h1>Solidaritat<\/h1>\n<p>[\/vc_column_text][vc_empty_space height=&#8221;20px&#8221;][vc_column_text]El\u00a0<strong>Xpress Tennis Cup<\/strong> estar\u00e0 present l&#8217;associaci\u00f3 ben\u00e8fica <strong><a href=\"http:\/\/tennisaid.org\">Tennis Aid<\/a><\/strong>. Va n\u00e9ixer el 2014 amb la finalitat d&#8217;aportar equipament esportiu i brindar assist\u00e8ncia t\u00e8cnica a entrenadors que promouen el tennis en zones desfavorides del m\u00f3n. Els seus fundadors, Mart\u00edn Roca i Abel Rinc\u00f3n, estan molt lligats al m\u00f3n del tennis ja que tots dos s\u00f3n entrenadors.<\/p>\n<p>&nbsp;<\/p>\n<p>Actualment, compten amb projectes a Cambodja, Uganda.[\/vc_column_text][vc_empty_space][vc_single_image image=&#8221;558&#8243; img_size=&#8221;full&#8221; qode_css_animation=&#8221;&#8221;][\/vc_column_inner][\/vc_row_inner][vc_empty_space height=&#8221;90px&#8221;][\/vc_column][vc_column width=&#8221;1\/2&#8243;][vc_empty_space height=&#8221;60px&#8221;][vc_row_inner row_type=&#8221;row&#8221; type=&#8221;full_width&#8221; text_align=&#8221;left&#8221; css_animation=&#8221;&#8221; css=&#8221;.vc_custom_1519635481683{padding-right: 30px !important;padding-left: 30px !important;}&#8221;][vc_column_inner][vc_empty_space height=&#8221;20px&#8221;][vc_single_image image=&#8221;557&#8243; img_size=&#8221;full&#8221; qode_css_animation=&#8221;&#8221;][vc_empty_space height=&#8221;70px&#8221;][vc_column_text]En totes les seus del <strong>Xpress Tennis Cup<\/strong> estaran presents i els assistents podran portar el material esportiu que no facin servir i dipositar-lo a les caixes de <a href=\"http:\/\/tennisaid.org\"><strong>Tennis Aid<\/strong><\/a>.<\/p>\n<p>&nbsp;<\/p>\n<p>A m\u00e9s, des de l&#8217;organitzaci\u00f3 us animem a col\u00b7laborar amb <strong>Tennis Aid<\/strong>, passant pel seu estand que estar\u00e0 ubicat al village i adquirir material com samarretes, polseres en benefici a les iniciatives de l&#8217;associaci\u00f3 ben\u00e8fica.[\/vc_column_text][\/vc_column_inner][\/vc_row_inner][\/vc_column][\/vc_row][vc_row css_animation=&#8221;&#8221; row_type=&#8221;row&#8221; use_row_as_full_screen_section=&#8221;no&#8221; type=&#8221;full_width&#8221; angled_section=&#8221;no&#8221; text_align=&#8221;left&#8221; background_image_as_pattern=&#8221;without_pattern&#8221;][vc_column][vc_video link=&#8221;https:\/\/www.youtube.com\/watch?v=gvUnGIH-a-U&amp;feature=youtu.be&#8221;][\/vc_column][\/vc_row]<\/p>\n","protected":false},"excerpt":{"rendered":"<p>[vc_row css_animation=&#8221;&#8221; row_type=&#8221;row&#8221; use_row_as_full_screen_section=&#8221;no&#8221; type=&#8221;full_width&#8221; angled_section=&#8221;no&#8221; text_align=&#8221;left&#8221; background_image_as_pattern=&#8221;without_pattern&#8221;][vc_column][vc_single_image image=&#8221;3249&#8243; img_size=&#8221;1600&#215;481&#8243; qode_css_animation=&#8221;&#8221;][\/vc_column][\/vc_row][vc_row css_animation=&#8221;&#8221; row_type=&#8221;row&#8221; use_row_as_full_screen_section=&#8221;no&#8221; type=&#8221;grid&#8221; anchor=&#8221;1600&#8243; angled_section=&#8221;no&#8221; text_align=&#8221;left&#8221; background_image_as_pattern=&#8221;without_pattern&#8221; background_color=&#8221;#ffffff&#8221; css=&#8221;.vc_custom_1489498678216{margin-right: 0px !important;margin-left: 0px !important;}&#8221;][vc_column width=&#8221;1\/2&#8243;][vc_empty_space height=&#8221;60px&#8221;][vc_row_inner row_type=&#8221;row&#8221; type=&#8221;full_width&#8221; text_align=&#8221;left&#8221; css_animation=&#8221;&#8221; css=&#8221;.vc_custom_1519635516420{padding-right: 30px !important;padding-left: 30px !important;}&#8221;][vc_column_inner][vc_column_text] Solidaritat [\/vc_column_text][vc_empty_space height=&#8221;20px&#8221;][vc_column_text]El\u00a0Xpress Tennis Cup estar\u00e0 present l&#8217;associaci\u00f3 ben\u00e8fica&#8230;<\/p>\n","protected":false},"author":6,"featured_media":0,"parent":0,"menu_order":0,"comment_status":"closed","ping_status":"closed","template":"full_width.php","meta":{"footnotes":"","_links_to":"","_links_to_target":""},"class_list":["post-4328","page","type-page","status-publish","hentry"],"yoast_head":"<!-- This site is optimized with the Yoast SEO plugin v26.3 - https:\/\/yoast.com\/wordpress\/plugins\/seo\/ -->\n<title>Solidaritat: associaci\u00f3 ben\u00e8fica Tennis Aid - Xpress Tennis Cup | FJS<\/title>\n<meta name=\"description\" content=\"L&#039;Xpress Tennis Cup de la Fundaci\u00f3 Jes\u00fas Serra compta amb l&#039;associaci\u00f3 ben\u00e8fica Tennis Aid, l&#039;acci\u00f3 de la qual \u00e9s ajudar zones desafavorides.\" \/>\n<meta name=\"robots\" content=\"index, follow, max-snippet:-1, max-image-preview:large, max-video-preview:-1\" \/>\n<link rel=\"canonical\" href=\"https:\/\/edicion.fundacionoccident.org\/tennis\/wp-json\/wp\/v2\/pages\/4328\" \/>\n<meta property=\"og:locale\" content=\"es_ES\" \/>\n<meta property=\"og:type\" content=\"article\" \/>\n<meta property=\"og:title\" content=\"Solidaritat: associaci\u00f3 ben\u00e8fica Tennis Aid - Xpress Tennis Cup | FJS\" \/>\n<meta property=\"og:description\" content=\"L&#039;Xpress Tennis Cup de la Fundaci\u00f3 Jes\u00fas Serra compta amb l&#039;associaci\u00f3 ben\u00e8fica Tennis Aid, l&#039;acci\u00f3 de la qual \u00e9s ajudar zones desafavorides.\" \/>\n<meta property=\"og:url\" content=\"https:\/\/edicion.fundacionoccident.org\/tennis\/cat\/solidaritat\" \/>\n<meta property=\"og:site_name\" content=\"Xpress Tennis Cup\" \/>\n<meta property=\"article:modified_time\" content=\"2020-09-10T07:57:28+00:00\" \/>\n<meta name=\"twitter:card\" content=\"summary_large_image\" \/>\n<meta name=\"twitter:label1\" content=\"Tiempo de lectura\" \/>\n\t<meta name=\"twitter:data1\" content=\"2 minutos\" \/>\n<script type=\"application\/ld+json\" class=\"yoast-schema-graph\">{\"@context\":\"https:\/\/schema.org\",\"@graph\":[{\"@type\":\"WebPage\",\"@id\":\"https:\/\/edicion.fundacionoccident.org\/tennis\/cat\/solidaritat\",\"url\":\"https:\/\/edicion.fundacionoccident.org\/tennis\/cat\/solidaritat\",\"name\":\"Solidaritat: associaci\u00f3 ben\u00e8fica Tennis Aid - Xpress Tennis Cup | FJS\",\"isPartOf\":{\"@id\":\"https:\/\/edicion.fundacionoccident.org\/tennis\/#website\"},\"datePublished\":\"2017-03-15T19:26:32+00:00\",\"dateModified\":\"2020-09-10T07:57:28+00:00\",\"description\":\"L'Xpress Tennis Cup de la Fundaci\u00f3 Jes\u00fas Serra compta amb l'associaci\u00f3 ben\u00e8fica Tennis Aid, l'acci\u00f3 de la qual \u00e9s ajudar zones desafavorides.\",\"breadcrumb\":{\"@id\":\"https:\/\/edicion.fundacionoccident.org\/tennis\/cat\/solidaritat#breadcrumb\"},\"inLanguage\":\"es\",\"potentialAction\":[{\"@type\":\"ReadAction\",\"target\":[\"https:\/\/edicion.fundacionoccident.org\/tennis\/cat\/solidaritat\"]}]},{\"@type\":\"BreadcrumbList\",\"@id\":\"https:\/\/edicion.fundacionoccident.org\/tennis\/cat\/solidaritat#breadcrumb\",\"itemListElement\":[{\"@type\":\"ListItem\",\"position\":1,\"name\":\"Portada\",\"item\":\"https:\/\/edicion.fundacionoccident.org\/tennis\/\"},{\"@type\":\"ListItem\",\"position\":2,\"name\":\"Solidaritat\"}]},{\"@type\":\"WebSite\",\"@id\":\"https:\/\/edicion.fundacionoccident.org\/tennis\/#website\",\"url\":\"https:\/\/edicion.fundacionoccident.org\/tennis\/\",\"name\":\"Xpress Tennis Cup\",\"description\":\"Fundaci\u00f3 Jes\u00fas Serra\",\"potentialAction\":[{\"@type\":\"SearchAction\",\"target\":{\"@type\":\"EntryPoint\",\"urlTemplate\":\"https:\/\/edicion.fundacionoccident.org\/tennis\/?s={search_term_string}\"},\"query-input\":{\"@type\":\"PropertyValueSpecification\",\"valueRequired\":true,\"valueName\":\"search_term_string\"}}],\"inLanguage\":\"es\"}]}<\/script>\n<!-- \/ Yoast SEO plugin. -->","yoast_head_json":{"title":"Solidaritat: associaci\u00f3 ben\u00e8fica Tennis Aid - Xpress Tennis Cup | FJS","description":"L'Xpress Tennis Cup de la Fundaci\u00f3 Jes\u00fas Serra compta amb l'associaci\u00f3 ben\u00e8fica Tennis Aid, l'acci\u00f3 de la qual \u00e9s ajudar zones desafavorides.","robots":{"index":"index","follow":"follow","max-snippet":"max-snippet:-1","max-image-preview":"max-image-preview:large","max-video-preview":"max-video-preview:-1"},"canonical":"https:\/\/edicion.fundacionoccident.org\/tennis\/wp-json\/wp\/v2\/pages\/4328","og_locale":"es_ES","og_type":"article","og_title":"Solidaritat: associaci\u00f3 ben\u00e8fica Tennis Aid - Xpress Tennis Cup | FJS","og_description":"L'Xpress Tennis Cup de la Fundaci\u00f3 Jes\u00fas Serra compta amb l'associaci\u00f3 ben\u00e8fica Tennis Aid, l'acci\u00f3 de la qual \u00e9s ajudar zones desafavorides.","og_url":"https:\/\/edicion.fundacionoccident.org\/tennis\/cat\/solidaritat","og_site_name":"Xpress Tennis Cup","article_modified_time":"2020-09-10T07:57:28+00:00","twitter_card":"summary_large_image","twitter_misc":{"Tiempo de lectura":"2 minutos"},"schema":{"@context":"https:\/\/schema.org","@graph":[{"@type":"WebPage","@id":"https:\/\/edicion.fundacionoccident.org\/tennis\/cat\/solidaritat","url":"https:\/\/edicion.fundacionoccident.org\/tennis\/cat\/solidaritat","name":"Solidaritat: associaci\u00f3 ben\u00e8fica Tennis Aid - Xpress Tennis Cup | FJS","isPartOf":{"@id":"https:\/\/edicion.fundacionoccident.org\/tennis\/#website"},"datePublished":"2017-03-15T19:26:32+00:00","dateModified":"2020-09-10T07:57:28+00:00","description":"L'Xpress Tennis Cup de la Fundaci\u00f3 Jes\u00fas Serra compta amb l'associaci\u00f3 ben\u00e8fica Tennis Aid, l'acci\u00f3 de la qual \u00e9s ajudar zones desafavorides.","breadcrumb":{"@id":"https:\/\/edicion.fundacionoccident.org\/tennis\/cat\/solidaritat#breadcrumb"},"inLanguage":"es","potentialAction":[{"@type":"ReadAction","target":["https:\/\/edicion.fundacionoccident.org\/tennis\/cat\/solidaritat"]}]},{"@type":"BreadcrumbList","@id":"https:\/\/edicion.fundacionoccident.org\/tennis\/cat\/solidaritat#breadcrumb","itemListElement":[{"@type":"ListItem","position":1,"name":"Portada","item":"https:\/\/edicion.fundacionoccident.org\/tennis\/"},{"@type":"ListItem","position":2,"name":"Solidaritat"}]},{"@type":"WebSite","@id":"https:\/\/edicion.fundacionoccident.org\/tennis\/#website","url":"https:\/\/edicion.fundacionoccident.org\/tennis\/","name":"Xpress Tennis Cup","description":"Fundaci\u00f3 Jes\u00fas Serra","potentialAction":[{"@type":"SearchAction","target":{"@type":"EntryPoint","urlTemplate":"https:\/\/edicion.fundacionoccident.org\/tennis\/?s={search_term_string}"},"query-input":{"@type":"PropertyValueSpecification","valueRequired":true,"valueName":"search_term_string"}}],"inLanguage":"es"}]}},"_links":{"self":[{"href":"https:\/\/edicion.fundacionoccident.org\/tennis\/wp-json\/wp\/v2\/pages\/4328","targetHints":{"allow":["GET"]}}],"collection":[{"href":"https:\/\/edicion.fundacionoccident.org\/tennis\/wp-json\/wp\/v2\/pages"}],"about":[{"href":"https:\/\/edicion.fundacionoccident.org\/tennis\/wp-json\/wp\/v2\/types\/page"}],"author":[{"embeddable":true,"href":"https:\/\/edicion.fundacionoccident.org\/tennis\/wp-json\/wp\/v2\/users\/6"}],"replies":[{"embeddable":true,"href":"https:\/\/edicion.fundacionoccident.org\/tennis\/wp-json\/wp\/v2\/comments?post=4328"}],"version-history":[{"count":2,"href":"https:\/\/edicion.fundacionoccident.org\/tennis\/wp-json\/wp\/v2\/pages\/4328\/revisions"}],"predecessor-version":[{"id":6062,"href":"https:\/\/edicion.fundacionoccident.org\/tennis\/wp-json\/wp\/v2\/pages\/4328\/revisions\/6062"}],"wp:attachment":[{"href":"https:\/\/edicion.fundacionoccident.org\/tennis\/wp-json\/wp\/v2\/media?parent=4328"}],"curies":[{"name":"wp","href":"https:\/\/api.w.org\/{rel}","templated":true}]}}