{"id":4439,"date":"2017-03-31T08:27:54","date_gmt":"2017-03-31T08:27:54","guid":{"rendered":"http:\/\/edicion.fundacionjesusserra.org\/tennis\/preguntes-frequents"},"modified":"2025-11-25T12:59:56","modified_gmt":"2025-11-25T11:59:56","slug":"preguntes-frequents","status":"publish","type":"page","link":"https:\/\/edicion.fundacionoccident.org\/tennis\/cat\/preguntes-frequents","title":{"rendered":"Preguntes Freq\u00fcents"},"content":{"rendered":"<p>[vc_row css_animation=&#8221;&#8221; row_type=&#8221;row&#8221; use_row_as_full_screen_section=&#8221;no&#8221; type=&#8221;full_width&#8221; angled_section=&#8221;no&#8221; text_align=&#8221;left&#8221; background_image_as_pattern=&#8221;without_pattern&#8221;][vc_column][vc_single_image image=&#8221;322&#8243; img_size=&#8221;1600&#215;481&#8243; qode_css_animation=&#8221;&#8221;][vc_empty_space][\/vc_column][\/vc_row][vc_row css_animation=&#8221;&#8221; row_type=&#8221;row&#8221; use_row_as_full_screen_section=&#8221;no&#8221; type=&#8221;grid&#8221; anchor=&#8221;1600&#8243; angled_section=&#8221;no&#8221; text_align=&#8221;left&#8221; background_image_as_pattern=&#8221;without_pattern&#8221; background_color=&#8221;#ffffff&#8221; css=&#8221;.vc_custom_1489498678216{margin-right: 0px !important;margin-left: 0px !important;}&#8221;][vc_column][vc_row_inner row_type=&#8221;row&#8221; type=&#8221;full_width&#8221; text_align=&#8221;left&#8221; css_animation=&#8221;&#8221;][vc_column_inner][vc_empty_space][vc_video link=&#8221;https:\/\/www.youtube.com\/watch?v=1emXYw-CSu0&amp;t=&#8221; el_width=&#8221;50&#8243; align=&#8221;center&#8221;][\/vc_column_inner][\/vc_row_inner][\/vc_column][\/vc_row][vc_row css_animation=&#8221;&#8221; row_type=&#8221;row&#8221; use_row_as_full_screen_section=&#8221;no&#8221; type=&#8221;grid&#8221; anchor=&#8221;1600&#8243; angled_section=&#8221;no&#8221; text_align=&#8221;left&#8221; background_image_as_pattern=&#8221;without_pattern&#8221; background_color=&#8221;#ffffff&#8221; css=&#8221;.vc_custom_1489498678216{margin-right: 0px !important;margin-left: 0px !important;}&#8221;][vc_column][vc_empty_space height=&#8221;60px&#8221;][vc_row_inner row_type=&#8221;row&#8221; type=&#8221;full_width&#8221; text_align=&#8221;left&#8221; css_animation=&#8221;&#8221;][vc_column_inner][vc_column_text]<\/p>\n<h1>Preguntes freq\u00fcents<\/h1>\n<p>[\/vc_column_text][vc_empty_space height=&#8221;20px&#8221;][vc_column_text]<span style=\"font-weight: 400;\">En aquest apartat trobar\u00e0s les respostes als dubtes i preguntes m\u00e9s freq\u00fcents relacionades amb el Xpress Tennis Cup.<\/span><\/p>\n<p>&nbsp;<\/p>\n<p>&nbsp;<\/p>\n<p><span style=\"color: #000000;\"><strong>Normativa general Xpress Tennis Cup<\/strong><\/span><\/p>\n<p>(disponible al final d&#8217;aquest apartat)<\/p>\n<p>&nbsp;<\/p>\n<p><strong><span style=\"color: #000000;\">Qu\u00e8 \u00e9s l&#8217;Xpress Tennis Cup?<\/span><br \/>\n<\/strong><span style=\"font-weight: 400;\">Xpress Tennis Cup \u00e9s el nou projecte esportiu de la Fundaci\u00f3 Occident. Es tracta d\u2019un format innovador, competint per equips amb partits xpress de 20 minuts.<br \/>\nL\u2019objectiu d\u2019aquest campionat \u00e9s refor\u00e7ar els valors de l\u2019esport, l\u2019esfor\u00e7 personal, el treball en equip i la solidaritat entre els joves.<\/span><\/p>\n<p>&nbsp;<\/p>\n<p><span style=\"font-weight: 400;\"><span style=\"color: #000000;\"><strong>Cal tenir llic\u00e8ncia federativa?<\/strong><\/span><br \/>\nNo \u00e9s indispensable tenir llic\u00e8ncia federativa, per tant, es poden inscriure nens\/es sense llic\u00e8ncia federativa.<\/span><\/p>\n<p>&nbsp;<\/p>\n<p><span style=\"font-weight: 400;\"><span style=\"color: #000000;\"><strong>On i quan es juga?<\/strong><\/span><br \/>\n&#8211; Catalunya: <a href=\"\/tennis\/cat\/catalunya-girona\">Girona<\/a>\u00a0\u2013\u00a0<a href=\"\/tennis\/cat\/catalunya-lleida\">Lleida<\/a>\u00a0\u2013\u00a0<a href=\"\/tennis\/cat\/catalunya-tarragona\">Tarragona<\/a>\u00a0\u2013\u00a0<a href=\"\/tennis\/cat\/catalunya-barcelona\">Barcelona<\/a>\u00a0\u2013\u00a0<a href=\"\/tennis\/cat\/catalunya\">Gran Final Catalunya<\/a><br \/>\n&#8211; Comunitat de Madrid: <a href=\"\/tennis\/cat\/comunitat-madrid\">Madrid dissabte <\/a>\u2013 <a href=\"\/tennis\/cat\/comunitat-madrid\">Madrid diumenge<\/a><br \/>\n&#8211;\u00a0Comunitat Valenciana: <a href=\"\/tennis\/cat\/alacant\">Alacant<\/a>\u00a0\u2013\u00a0<a href=\"\/tennis\/cat\/castello\">Castell\u00f3<\/a>\u00a0\u2013\u00a0<a href=\"\/tennis\/cat\/valencia-fase\">Val\u00e8ncia<\/a>\u00a0\u2013\u00a0<a href=\"\/tennis\/cat\/comunitat-valenciana\">Gran Final Comunitat Valenciana<\/a><\/span><\/p>\n<p>&#8211; Pa\u00eds Basc: <a href=\"https:\/\/www.fundacionoccident.org\/cat\/xpress-tennis-cup\/campionat-de-tennis-infantil-guipuzcoa-xpress-tennis-cup-fundacion-occident\">Guip\u00fazcoa<\/a> <span style=\"font-weight: 400;\">\u2013<\/span> <a href=\"https:\/\/www.fundacionoccident.org\/cat\/xpress-tennis-cup\/campionat-de-tennis-infantil-alava-xpress-tennis-cup-fundacio-occident\">\u00c1lava<\/a> <span style=\"font-weight: 400;\">\u2013<\/span> <a href=\"https:\/\/www.fundacionoccident.org\/cat\/xpress-tennis-cup\/campionat-de-tennis-infantil-vizcaya-xpress-tennis-cup-fundacio-occident\">Vizcaya<\/a> <span style=\"font-weight: 400;\">\u2013 <a href=\"https:\/\/www.fundacionoccident.org\/cat\/xpress-tennis-cup\/vizcaya-gran-final-2\">Gran Final Pa\u00eds Basc<\/a><\/span><\/p>\n<p>&nbsp;<\/p>\n<p><span style=\"font-weight: 400;\"><span style=\"color: #000000;\"><strong>Qui pot jugar?<\/strong><\/span><br \/>\nVa adre\u00e7at a nens i nenes d\u2019entre 5 i 12 anys que competeixen per equips representant els seus clubs esportius.<br \/>\n&#8211; Categoria Minitennis (nascuts del 2018 en endavant).<br \/>\n&#8211; Categoria Sub-10 (nascuts del 2016 en endavant).<br \/>\n&#8211; Categor\u00eda Sub-12 (nascuts del 2014 en endavant).<\/span><\/p>\n<p>&nbsp;<\/p>\n<p><span style=\"font-weight: 400;\"><span style=\"color: #000000;\"><strong>La Gran Final<\/strong><\/span><br \/>\nEls guanyadors i finalistes de cadascuna de les modalitats i categories de les fases provincials, tindran una pla\u00e7a assegurada a la Gran Final.<br \/>\n<\/span><\/p>\n<p>&nbsp;<\/p>\n<p><span style=\"font-weight: 400;\"><span style=\"color: #000000;\"><strong>Funcionament dels partits<\/strong><\/span><br \/>\nCada partit t\u00e9 una durada de 20 minuts. Cada ronda es disputar\u00e0 1 partit individual i 1 partit de dobles\u00a0seguint el sistema de rotaci\u00f3 de jugadors: durant el partit, el jugador\/parella que guanya el punt, disputa el seg\u00fcent punt (m\u00e0xim 2 punts seguits) i el jugador\/parella que perd el punt, es canvia pel seu company\/parella d\u2019equip.<\/span>[\/vc_column_text][\/vc_column_inner][\/vc_row_inner][vc_row_inner row_type=&#8221;row&#8221; type=&#8221;full_width&#8221; text_align=&#8221;left&#8221; css_animation=&#8221;&#8221;][vc_column_inner][vc_column_text]<strong><span style=\"color: #000000;\">Composici\u00f3 equips<\/span><br \/>\n<\/strong>Els equips podran estar compostos d&#8217;un m\u00ednim de 3 i un m\u00e0xim de 8 integrants (des de l&#8217;organitzaci\u00f3, suggerim que sigui entre 5 o 6 integrants).<\/p>\n<p>&nbsp;<\/p>\n<p><span style=\"color: #000000;\"><strong>Qu\u00e8 haig de fer per inscriure\u2019m?<\/strong><\/span><br \/>\nMolt f\u00e0cil! Parla amb el teu club, formeu un equip d&#8217;entre 3 i 8 integrants i apunteu-vos a l&#8217;apartat <span style=\"text-decoration: underline;\"><a href=\"\/tennis\/cat\/participa-campionat\" target=\"_blank\" rel=\"noopener noreferrer\">d&#8217;inscripcions<\/a><\/span> de la web.<\/p>\n<p>&nbsp;<\/p>\n<p><span style=\"color: #000000;\"><strong>Quin cost t\u00e9 la inscripci\u00f3?<\/strong><\/span><br \/>\nLa inscripci\u00f3 \u00e9s totalment gratu\u00efta. Ja no tens excusa! \u00a0\ud83d\ude09<\/p>\n<p>&nbsp;<\/p>\n<p><span style=\"color: #000000;\"><strong>\u00c9s per tots els nivells?<\/strong><\/span><br \/>\nL&#8217;Xpress Tennis Cup est\u00e0 dirigit a nens\/es d&#8217;un nivell iniciaci\u00f3\/perfeccionament, \u00e9s a dir, pel &#8220;tennis base&#8221;.<br \/>\nEn cas d\u2019estar federat, la classificaci\u00f3 m\u00e0xima del jugador ser\u00e0 a partir de la posici\u00f3 40 del r\u00e0nquing en categories Sub-10 (benjam\u00ed) i Sub-12 (alev\u00ed).<\/p>\n<p>&nbsp;<\/p>\n<p><span style=\"color: #000000;\"><strong>Hi haur\u00e0 village?<\/strong><\/span><br \/>\nHi haur\u00e0 una zona de village on els participants i familiars podran gaudir de diverses activitats vinculades al tennis.<\/p>\n<p>&nbsp;<\/p>\n<p><span style=\"color: #000000;\"><strong>Perqu\u00e8 m\u2019haig d\u2019inscriure al Xpress Tennis Cup?<\/strong><\/span><br \/>\nPerqu\u00e8 \u00e9s un torneig especial, diferent. Volem fer-te part\u00edcep d&#8217;aquesta festa del tennis que hem preparat per tu!<\/p>\n<p>&nbsp;<\/p>\n<h3><\/h3>\n<p>Consulta la <a href=\"\/tennis\/cat\/normativa-campionat\" target=\"_blank\" rel=\"noopener noreferrer\"><span style=\"text-decoration: underline;\">Normativa general del Xpress Tennis Cup<\/span><\/a>[\/vc_column_text][\/vc_column_inner][\/vc_row_inner][\/vc_column][\/vc_row][vc_row css_animation=&#8221;&#8221; row_type=&#8221;row&#8221; use_row_as_full_screen_section=&#8221;no&#8221; type=&#8221;full_width&#8221; angled_section=&#8221;no&#8221; text_align=&#8221;left&#8221; background_image_as_pattern=&#8221;without_pattern&#8221;][vc_column][\/vc_column][\/vc_row]<\/p>\n","protected":false},"excerpt":{"rendered":"<p>[vc_row css_animation=&#8221;&#8221; row_type=&#8221;row&#8221; use_row_as_full_screen_section=&#8221;no&#8221; type=&#8221;full_width&#8221; angled_section=&#8221;no&#8221; text_align=&#8221;left&#8221; background_image_as_pattern=&#8221;without_pattern&#8221;][vc_column][vc_single_image image=&#8221;322&#8243; img_size=&#8221;1600&#215;481&#8243; qode_css_animation=&#8221;&#8221;][vc_empty_space][\/vc_column][\/vc_row][vc_row css_animation=&#8221;&#8221; row_type=&#8221;row&#8221; use_row_as_full_screen_section=&#8221;no&#8221; type=&#8221;grid&#8221; anchor=&#8221;1600&#8243; angled_section=&#8221;no&#8221; text_align=&#8221;left&#8221; background_image_as_pattern=&#8221;without_pattern&#8221; background_color=&#8221;#ffffff&#8221; css=&#8221;.vc_custom_1489498678216{margin-right: 0px !important;margin-left: 0px !important;}&#8221;][vc_column][vc_row_inner row_type=&#8221;row&#8221; type=&#8221;full_width&#8221; text_align=&#8221;left&#8221; css_animation=&#8221;&#8221;][vc_column_inner][vc_empty_space][vc_video link=&#8221;https:\/\/www.youtube.com\/watch?v=1emXYw-CSu0&amp;t=&#8221; el_width=&#8221;50&#8243; align=&#8221;center&#8221;][\/vc_column_inner][\/vc_row_inner][\/vc_column][\/vc_row][vc_row css_animation=&#8221;&#8221; row_type=&#8221;row&#8221; use_row_as_full_screen_section=&#8221;no&#8221; type=&#8221;grid&#8221; anchor=&#8221;1600&#8243; angled_section=&#8221;no&#8221; text_align=&#8221;left&#8221; background_image_as_pattern=&#8221;without_pattern&#8221; background_color=&#8221;#ffffff&#8221; css=&#8221;.vc_custom_1489498678216{margin-right: 0px !important;margin-left: 0px&#8230;<\/p>\n","protected":false},"author":6,"featured_media":0,"parent":0,"menu_order":0,"comment_status":"closed","ping_status":"closed","template":"full_width.php","meta":{"footnotes":"","_links_to":"","_links_to_target":""},"class_list":["post-4439","page","type-page","status-publish","hentry"],"yoast_head":"<!-- This site is optimized with the Yoast SEO plugin v26.3 - https:\/\/yoast.com\/wordpress\/plugins\/seo\/ -->\n<title>Preguntes freq\u00fcents (FAQ) - Xpress Tennis Cup | Fundaci\u00f3 Occident<\/title>\n<meta name=\"description\" content=\"Troba aqu\u00ed les respostes als dubtes i preguntes m\u00e9s freq\u00fcents relacionats amb l&#039;Xpress Tennis Cup de la Fundaci\u00f3 Occident.\" \/>\n<meta name=\"robots\" content=\"index, follow, max-snippet:-1, max-image-preview:large, max-video-preview:-1\" \/>\n<link rel=\"canonical\" href=\"https:\/\/edicion.fundacionoccident.org\/tennis\/wp-json\/wp\/v2\/pages\/4439\" \/>\n<meta property=\"og:locale\" content=\"es_ES\" \/>\n<meta property=\"og:type\" content=\"article\" \/>\n<meta property=\"og:title\" content=\"Preguntes freq\u00fcents (FAQ) - Xpress Tennis Cup | Fundaci\u00f3 Occident\" \/>\n<meta property=\"og:description\" content=\"Troba aqu\u00ed les respostes als dubtes i preguntes m\u00e9s freq\u00fcents relacionats amb l&#039;Xpress Tennis Cup de la Fundaci\u00f3 Occident.\" \/>\n<meta property=\"og:url\" content=\"https:\/\/edicion.fundacionoccident.org\/tennis\/cat\/preguntes-frequents\" \/>\n<meta property=\"og:site_name\" content=\"Xpress Tennis Cup\" \/>\n<meta property=\"article:modified_time\" content=\"2025-11-25T11:59:56+00:00\" \/>\n<meta name=\"twitter:card\" content=\"summary_large_image\" \/>\n<meta name=\"twitter:label1\" content=\"Tiempo de lectura\" \/>\n\t<meta name=\"twitter:data1\" content=\"3 minutos\" \/>\n<script type=\"application\/ld+json\" class=\"yoast-schema-graph\">{\"@context\":\"https:\/\/schema.org\",\"@graph\":[{\"@type\":\"WebPage\",\"@id\":\"https:\/\/edicion.fundacionoccident.org\/tennis\/cat\/preguntes-frequents\",\"url\":\"https:\/\/edicion.fundacionoccident.org\/tennis\/cat\/preguntes-frequents\",\"name\":\"Preguntes freq\u00fcents (FAQ) - Xpress Tennis Cup | Fundaci\u00f3 Occident\",\"isPartOf\":{\"@id\":\"https:\/\/edicion.fundacionoccident.org\/tennis\/#website\"},\"datePublished\":\"2017-03-31T08:27:54+00:00\",\"dateModified\":\"2025-11-25T11:59:56+00:00\",\"description\":\"Troba aqu\u00ed les respostes als dubtes i preguntes m\u00e9s freq\u00fcents relacionats amb l'Xpress Tennis Cup de la Fundaci\u00f3 Occident.\",\"breadcrumb\":{\"@id\":\"https:\/\/edicion.fundacionoccident.org\/tennis\/cat\/preguntes-frequents#breadcrumb\"},\"inLanguage\":\"es\",\"potentialAction\":[{\"@type\":\"ReadAction\",\"target\":[\"https:\/\/edicion.fundacionoccident.org\/tennis\/cat\/preguntes-frequents\"]}]},{\"@type\":\"BreadcrumbList\",\"@id\":\"https:\/\/edicion.fundacionoccident.org\/tennis\/cat\/preguntes-frequents#breadcrumb\",\"itemListElement\":[{\"@type\":\"ListItem\",\"position\":1,\"name\":\"Portada\",\"item\":\"https:\/\/edicion.fundacionoccident.org\/tennis\/\"},{\"@type\":\"ListItem\",\"position\":2,\"name\":\"Preguntes Freq\u00fcents\"}]},{\"@type\":\"WebSite\",\"@id\":\"https:\/\/edicion.fundacionoccident.org\/tennis\/#website\",\"url\":\"https:\/\/edicion.fundacionoccident.org\/tennis\/\",\"name\":\"Xpress Tennis Cup\",\"description\":\"Fundaci\u00f3 Jes\u00fas Serra\",\"potentialAction\":[{\"@type\":\"SearchAction\",\"target\":{\"@type\":\"EntryPoint\",\"urlTemplate\":\"https:\/\/edicion.fundacionoccident.org\/tennis\/?s={search_term_string}\"},\"query-input\":{\"@type\":\"PropertyValueSpecification\",\"valueRequired\":true,\"valueName\":\"search_term_string\"}}],\"inLanguage\":\"es\"}]}<\/script>\n<!-- \/ Yoast SEO plugin. -->","yoast_head_json":{"title":"Preguntes freq\u00fcents (FAQ) - Xpress Tennis Cup | Fundaci\u00f3 Occident","description":"Troba aqu\u00ed les respostes als dubtes i preguntes m\u00e9s freq\u00fcents relacionats amb l'Xpress Tennis Cup de la Fundaci\u00f3 Occident.","robots":{"index":"index","follow":"follow","max-snippet":"max-snippet:-1","max-image-preview":"max-image-preview:large","max-video-preview":"max-video-preview:-1"},"canonical":"https:\/\/edicion.fundacionoccident.org\/tennis\/wp-json\/wp\/v2\/pages\/4439","og_locale":"es_ES","og_type":"article","og_title":"Preguntes freq\u00fcents (FAQ) - Xpress Tennis Cup | Fundaci\u00f3 Occident","og_description":"Troba aqu\u00ed les respostes als dubtes i preguntes m\u00e9s freq\u00fcents relacionats amb l'Xpress Tennis Cup de la Fundaci\u00f3 Occident.","og_url":"https:\/\/edicion.fundacionoccident.org\/tennis\/cat\/preguntes-frequents","og_site_name":"Xpress Tennis Cup","article_modified_time":"2025-11-25T11:59:56+00:00","twitter_card":"summary_large_image","twitter_misc":{"Tiempo de lectura":"3 minutos"},"schema":{"@context":"https:\/\/schema.org","@graph":[{"@type":"WebPage","@id":"https:\/\/edicion.fundacionoccident.org\/tennis\/cat\/preguntes-frequents","url":"https:\/\/edicion.fundacionoccident.org\/tennis\/cat\/preguntes-frequents","name":"Preguntes freq\u00fcents (FAQ) - Xpress Tennis Cup | Fundaci\u00f3 Occident","isPartOf":{"@id":"https:\/\/edicion.fundacionoccident.org\/tennis\/#website"},"datePublished":"2017-03-31T08:27:54+00:00","dateModified":"2025-11-25T11:59:56+00:00","description":"Troba aqu\u00ed les respostes als dubtes i preguntes m\u00e9s freq\u00fcents relacionats amb l'Xpress Tennis Cup de la Fundaci\u00f3 Occident.","breadcrumb":{"@id":"https:\/\/edicion.fundacionoccident.org\/tennis\/cat\/preguntes-frequents#breadcrumb"},"inLanguage":"es","potentialAction":[{"@type":"ReadAction","target":["https:\/\/edicion.fundacionoccident.org\/tennis\/cat\/preguntes-frequents"]}]},{"@type":"BreadcrumbList","@id":"https:\/\/edicion.fundacionoccident.org\/tennis\/cat\/preguntes-frequents#breadcrumb","itemListElement":[{"@type":"ListItem","position":1,"name":"Portada","item":"https:\/\/edicion.fundacionoccident.org\/tennis\/"},{"@type":"ListItem","position":2,"name":"Preguntes Freq\u00fcents"}]},{"@type":"WebSite","@id":"https:\/\/edicion.fundacionoccident.org\/tennis\/#website","url":"https:\/\/edicion.fundacionoccident.org\/tennis\/","name":"Xpress Tennis Cup","description":"Fundaci\u00f3 Jes\u00fas Serra","potentialAction":[{"@type":"SearchAction","target":{"@type":"EntryPoint","urlTemplate":"https:\/\/edicion.fundacionoccident.org\/tennis\/?s={search_term_string}"},"query-input":{"@type":"PropertyValueSpecification","valueRequired":true,"valueName":"search_term_string"}}],"inLanguage":"es"}]}},"_links":{"self":[{"href":"https:\/\/edicion.fundacionoccident.org\/tennis\/wp-json\/wp\/v2\/pages\/4439","targetHints":{"allow":["GET"]}}],"collection":[{"href":"https:\/\/edicion.fundacionoccident.org\/tennis\/wp-json\/wp\/v2\/pages"}],"about":[{"href":"https:\/\/edicion.fundacionoccident.org\/tennis\/wp-json\/wp\/v2\/types\/page"}],"author":[{"embeddable":true,"href":"https:\/\/edicion.fundacionoccident.org\/tennis\/wp-json\/wp\/v2\/users\/6"}],"replies":[{"embeddable":true,"href":"https:\/\/edicion.fundacionoccident.org\/tennis\/wp-json\/wp\/v2\/comments?post=4439"}],"version-history":[{"count":16,"href":"https:\/\/edicion.fundacionoccident.org\/tennis\/wp-json\/wp\/v2\/pages\/4439\/revisions"}],"predecessor-version":[{"id":9545,"href":"https:\/\/edicion.fundacionoccident.org\/tennis\/wp-json\/wp\/v2\/pages\/4439\/revisions\/9545"}],"wp:attachment":[{"href":"https:\/\/edicion.fundacionoccident.org\/tennis\/wp-json\/wp\/v2\/media?parent=4439"}],"curies":[{"name":"wp","href":"https:\/\/api.w.org\/{rel}","templated":true}]}}