{"id":4462,"date":"2018-04-23T10:26:23","date_gmt":"2018-04-23T10:26:23","guid":{"rendered":"http:\/\/edicion.fundacionjesusserra.org\/tennis\/galeria-imatges-2017"},"modified":"2024-01-04T16:45:52","modified_gmt":"2024-01-04T15:45:52","slug":"galeria-fotos-2017","status":"publish","type":"page","link":"https:\/\/edicion.fundacionoccident.org\/tennis\/cat\/galeria-fotos-2017","title":{"rendered":"Galeria 2017"},"content":{"rendered":"<p>[vc_row css_animation=&#8221;&#8221; row_type=&#8221;row&#8221; use_row_as_full_screen_section=&#8221;no&#8221; type=&#8221;full_width&#8221; angled_section=&#8221;no&#8221; text_align=&#8221;left&#8221; background_image_as_pattern=&#8221;without_pattern&#8221;][vc_column][vc_empty_space][\/vc_column][\/vc_row][vc_row css_animation=&#8221;&#8221; row_type=&#8221;row&#8221; use_row_as_full_screen_section=&#8221;no&#8221; type=&#8221;grid&#8221; angled_section=&#8221;no&#8221; text_align=&#8221;center&#8221; background_image_as_pattern=&#8221;without_pattern&#8221; background_color=&#8221;#ffffff&#8221;][vc_column width=&#8221;1\/2&#8243;][vc_empty_space][vc_video link=&#8221;https:\/\/www.youtube.com\/watch?v=Wa1nT3sSutI&#8221;][vc_empty_space][\/vc_column][vc_column width=&#8221;1\/2&#8243;][vc_empty_space][vc_column_text]<\/p>\n<h1 style=\"text-align: left;\">Resum Xpress Tennis Cup 2017<\/h1>\n<p>&nbsp;<\/p>\n<p style=\"text-align: left;\">Un resum del que ha estat la primera edici\u00f3 del Xpress Tennis Cup &#8211; Fundaci\u00f3 Occident, amb m\u00e9s de 800 inscrits amb un total de 4 Fases Provincials (Fase Lleida, Girona, Tarragona i Barcelona) i una Gran Final entre tots els finalistes i guanyadors de les fases provincials.<\/p>\n<p>[\/vc_column_text][vc_empty_space][\/vc_column][\/vc_row][vc_row css_animation=&#8221;&#8221; row_type=&#8221;row&#8221; use_row_as_full_screen_section=&#8221;no&#8221; type=&#8221;full_width&#8221; angled_section=&#8221;no&#8221; text_align=&#8221;left&#8221; background_image_as_pattern=&#8221;without_pattern&#8221;][vc_column][vc_empty_space][\/vc_column][\/vc_row][vc_row css_animation=&#8221;&#8221; row_type=&#8221;row&#8221; use_row_as_full_screen_section=&#8221;no&#8221; type=&#8221;grid&#8221; angled_section=&#8221;no&#8221; text_align=&#8221;center&#8221; background_image_as_pattern=&#8221;without_pattern&#8221; background_color=&#8221;#ffffff&#8221;][vc_column width=&#8221;1\/2&#8243;][vc_empty_space][vc_video link=&#8221;https:\/\/www.youtube.com\/watch?v=89-t9pkLU5U&#8221;][vc_empty_space][\/vc_column][vc_column width=&#8221;1\/2&#8243;][vc_empty_space][vc_column_text]<\/p>\n<h2 style=\"text-align: left;\">Fase Lleida (2017- 04-22 )<\/h2>\n<p>&nbsp;<\/p>\n<h3 style=\"text-align: left;\">Galeria imatges<\/h3>\n<h4 style=\"text-align: left;\"><a href=\"https:\/\/goo.gl\/photos\/12y5fpFxGUhJqgNJA\" target=\"_blank\" rel=\"noopener noreferrer\"><span style=\"text-decoration: underline;\">Totes les imatges\u00a0\u00bb<\/span><\/a><\/h4>\n<p>&nbsp;<\/p>\n<h3 style=\"text-align: left;\">Video<\/h3>\n<h4 style=\"text-align: left;\"><span style=\"text-decoration: underline;\"><a href=\"https:\/\/www.youtube.com\/watch?v=rJ0z1OsriLg\" target=\"_blank\" rel=\"noopener noreferrer\">Resum videogr\u00e0fic \u00bb<\/a><\/span><\/h4>\n<p>[\/vc_column_text][vc_empty_space][\/vc_column][\/vc_row][vc_row css_animation=&#8221;&#8221; row_type=&#8221;row&#8221; use_row_as_full_screen_section=&#8221;no&#8221; type=&#8221;full_width&#8221; angled_section=&#8221;no&#8221; text_align=&#8221;left&#8221; background_image_as_pattern=&#8221;without_pattern&#8221;][vc_column][vc_empty_space][\/vc_column][\/vc_row][vc_row css_animation=&#8221;&#8221; row_type=&#8221;row&#8221; use_row_as_full_screen_section=&#8221;no&#8221; type=&#8221;grid&#8221; angled_section=&#8221;no&#8221; text_align=&#8221;center&#8221; background_image_as_pattern=&#8221;without_pattern&#8221; background_color=&#8221;#ffffff&#8221;][vc_column width=&#8221;1\/2&#8243;][vc_empty_space][vc_video link=&#8221;https:\/\/www.youtube.com\/watch?v=l6cBxfH-RDA&#8221;][vc_empty_space][\/vc_column][vc_column width=&#8221;1\/2&#8243;][vc_empty_space][vc_column_text]<\/p>\n<h2 style=\"text-align: left;\">Fase Girona\u00a0(2017- 05-06)<\/h2>\n<p>&nbsp;<\/p>\n<h3 style=\"text-align: left;\">Galeria imatges<\/h3>\n<h4 style=\"text-align: left;\"><a href=\"https:\/\/goo.gl\/photos\/7HsA3rhuav6NM5nt6\" target=\"_blank\" rel=\"noopener noreferrer\"><span style=\"text-decoration: underline;\">Totes les imatges\u00a0\u00bb<\/span><\/a><\/h4>\n<p>&nbsp;<\/p>\n<h3 style=\"text-align: left;\">Video<\/h3>\n<h4 style=\"text-align: left;\"><a href=\"https:\/\/youtu.be\/61osCAddTBo\"><span style=\"text-decoration: underline;\">Resum videogr\u00e0fic \u00bb<\/span><\/a><\/h4>\n<p>[\/vc_column_text][vc_empty_space][\/vc_column][\/vc_row][vc_row css_animation=&#8221;&#8221; row_type=&#8221;row&#8221; use_row_as_full_screen_section=&#8221;no&#8221; type=&#8221;full_width&#8221; angled_section=&#8221;no&#8221; text_align=&#8221;left&#8221; background_image_as_pattern=&#8221;without_pattern&#8221;][vc_column][vc_empty_space][\/vc_column][\/vc_row][vc_row css_animation=&#8221;&#8221; row_type=&#8221;row&#8221; use_row_as_full_screen_section=&#8221;no&#8221; type=&#8221;grid&#8221; angled_section=&#8221;no&#8221; text_align=&#8221;center&#8221; background_image_as_pattern=&#8221;without_pattern&#8221; background_color=&#8221;#ffffff&#8221;][vc_column width=&#8221;1\/2&#8243;][vc_empty_space][vc_video link=&#8221;https:\/\/www.youtube.com\/watch?v=svujA0SCans&#8221;][vc_empty_space][\/vc_column][vc_column width=&#8221;1\/2&#8243;][vc_empty_space][vc_column_text]<\/p>\n<h2 style=\"text-align: left;\">Fase Tarragona\u00a0(2017- 05-13)<\/h2>\n<p>&nbsp;<\/p>\n<h3 style=\"text-align: left;\">Galeria imatges<\/h3>\n<h4 style=\"text-align: left;\"><a href=\"https:\/\/goo.gl\/photos\/pz9pKvfpHCEVUSNp8\"><span style=\"text-decoration: underline;\">Totes les imatges\u00a0\u00bb<\/span><\/a><\/h4>\n<p>&nbsp;<\/p>\n<h3 style=\"text-align: left;\">Video<\/h3>\n<h4 style=\"text-align: left;\"><a href=\"https:\/\/youtu.be\/N4gmtcb0LtQ\" target=\"_blank\" rel=\"noopener noreferrer\"><span style=\"text-decoration: underline;\">Resum videogr\u00e0fic \u00bb<\/span><\/a><\/h4>\n<p>[\/vc_column_text][vc_empty_space][\/vc_column][\/vc_row][vc_row css_animation=&#8221;&#8221; row_type=&#8221;row&#8221; use_row_as_full_screen_section=&#8221;no&#8221; type=&#8221;full_width&#8221; angled_section=&#8221;no&#8221; text_align=&#8221;left&#8221; background_image_as_pattern=&#8221;without_pattern&#8221;][vc_column][vc_empty_space][\/vc_column][\/vc_row][vc_row css_animation=&#8221;&#8221; row_type=&#8221;row&#8221; use_row_as_full_screen_section=&#8221;no&#8221; type=&#8221;grid&#8221; angled_section=&#8221;no&#8221; text_align=&#8221;center&#8221; background_image_as_pattern=&#8221;without_pattern&#8221; background_color=&#8221;#ffffff&#8221;][vc_column width=&#8221;1\/2&#8243;][vc_empty_space][vc_video link=&#8221;https:\/\/www.youtube.com\/watch?v=4TeiOfbkk3o&#8221;][vc_empty_space][\/vc_column][vc_column width=&#8221;1\/2&#8243;][vc_empty_space][vc_column_text]<\/p>\n<h2 style=\"text-align: left;\">Fase Barcelona\u00a0(2017- 05-27)<\/h2>\n<p>&nbsp;<\/p>\n<h4 style=\"text-align: left;\">Galeria imatges<\/h4>\n<h4 style=\"text-align: left;\"><a href=\"https:\/\/goo.gl\/photos\/czgyr6GQrcEhzVuM9\" target=\"_blank\" rel=\"noopener noreferrer\"><span style=\"text-decoration: underline;\">Totes les imatges\u00a0\u00bb<\/span><\/a><\/h4>\n<p>&nbsp;<\/p>\n<h3 style=\"text-align: left;\">Video<\/h3>\n<h4 style=\"text-align: left;\"><a href=\"https:\/\/youtu.be\/Q9lTt3q2l4I\" target=\"_blank\" rel=\"noopener noreferrer\"><span style=\"text-decoration: underline;\">Resum videogr\u00e0fic \u00bb<\/span><\/a><\/h4>\n<p>[\/vc_column_text][vc_empty_space][\/vc_column][\/vc_row][vc_row css_animation=&#8221;&#8221; row_type=&#8221;row&#8221; use_row_as_full_screen_section=&#8221;no&#8221; type=&#8221;full_width&#8221; angled_section=&#8221;no&#8221; text_align=&#8221;left&#8221; background_image_as_pattern=&#8221;without_pattern&#8221;][vc_column][vc_empty_space][\/vc_column][\/vc_row][vc_row css_animation=&#8221;&#8221; row_type=&#8221;row&#8221; use_row_as_full_screen_section=&#8221;no&#8221; type=&#8221;grid&#8221; angled_section=&#8221;no&#8221; text_align=&#8221;center&#8221; background_image_as_pattern=&#8221;without_pattern&#8221; background_color=&#8221;#ffffff&#8221;][vc_column width=&#8221;1\/2&#8243;][vc_empty_space][vc_video link=&#8221;https:\/\/www.youtube.com\/watch?v=XZBI37o3hu4&#8243;][vc_empty_space][\/vc_column][vc_column width=&#8221;1\/2&#8243;][vc_empty_space][vc_column_text]<\/p>\n<h2 style=\"text-align: left;\">Gran Final\u00a0(2017- 05-28)<\/h2>\n<p>&nbsp;<\/p>\n<h3 style=\"text-align: left;\">Galeria imatges<\/h3>\n<h4 style=\"text-align: left;\"><a href=\"https:\/\/goo.gl\/photos\/d2BDAejZoGb68eDB6\" target=\"_blank\" rel=\"noopener noreferrer\"><span style=\"text-decoration: underline;\">Totes les imatges\u00a0\u00bb<\/span><\/a><\/h4>\n<p>&nbsp;<\/p>\n<h3 style=\"text-align: left;\">Video<\/h3>\n<h4 style=\"text-align: left;\"><a href=\"https:\/\/youtu.be\/-aDoEhrwAIM\" target=\"_blank\" rel=\"noopener noreferrer\"><span style=\"text-decoration: underline;\">Resum videogr\u00e0fic \u00bb<\/span><\/a><\/h4>\n<p>[\/vc_column_text][vc_empty_space][\/vc_column][\/vc_row]<\/p>\n","protected":false},"excerpt":{"rendered":"<p>[vc_row css_animation=&#8221;&#8221; row_type=&#8221;row&#8221; use_row_as_full_screen_section=&#8221;no&#8221; type=&#8221;full_width&#8221; angled_section=&#8221;no&#8221; text_align=&#8221;left&#8221; background_image_as_pattern=&#8221;without_pattern&#8221;][vc_column][vc_empty_space][\/vc_column][\/vc_row][vc_row css_animation=&#8221;&#8221; row_type=&#8221;row&#8221; use_row_as_full_screen_section=&#8221;no&#8221; type=&#8221;grid&#8221; angled_section=&#8221;no&#8221; text_align=&#8221;center&#8221; background_image_as_pattern=&#8221;without_pattern&#8221; background_color=&#8221;#ffffff&#8221;][vc_column width=&#8221;1\/2&#8243;][vc_empty_space][vc_video link=&#8221;https:\/\/www.youtube.com\/watch?v=Wa1nT3sSutI&#8221;][vc_empty_space][\/vc_column][vc_column width=&#8221;1\/2&#8243;][vc_empty_space][vc_column_text] Resum Xpress Tennis Cup 2017 &nbsp; Un resum del que ha estat la primera edici\u00f3 del Xpress Tennis Cup &#8211; Fundaci\u00f3 Occident, amb m\u00e9s de 800&#8230;<\/p>\n","protected":false},"author":6,"featured_media":0,"parent":0,"menu_order":0,"comment_status":"closed","ping_status":"closed","template":"full_width.php","meta":{"footnotes":"","_links_to":"","_links_to_target":""},"class_list":["post-4462","page","type-page","status-publish","hentry"],"yoast_head":"<!-- This site is optimized with the Yoast SEO plugin v26.3 - https:\/\/yoast.com\/wordpress\/plugins\/seo\/ -->\n<title>Galeria de l&#039;Edici\u00f3 2017 - Xpress Tennis Cup | FJS<\/title>\n<meta name=\"description\" content=\"Accedeix a la nostra galeria de fotos i v\u00eddeos per viure la primera edici\u00f3 de l&#039;Xpress Tennis Cup organitzat per la Fundaci\u00f3 Jes\u00fas Serra.\" \/>\n<meta name=\"robots\" content=\"index, follow, max-snippet:-1, max-image-preview:large, max-video-preview:-1\" \/>\n<link rel=\"canonical\" href=\"https:\/\/edicion.fundacionoccident.org\/tennis\/wp-json\/wp\/v2\/pages\/4462\" \/>\n<meta property=\"og:locale\" content=\"es_ES\" \/>\n<meta property=\"og:type\" content=\"article\" \/>\n<meta property=\"og:title\" content=\"Galeria de l&#039;Edici\u00f3 2017 - Xpress Tennis Cup | FJS\" \/>\n<meta property=\"og:description\" content=\"Accedeix a la nostra galeria de fotos i v\u00eddeos per viure la primera edici\u00f3 de l&#039;Xpress Tennis Cup organitzat per la Fundaci\u00f3 Jes\u00fas Serra.\" \/>\n<meta property=\"og:url\" content=\"https:\/\/edicion.fundacionoccident.org\/tennis\/cat\/galeria-fotos-2017\" \/>\n<meta property=\"og:site_name\" content=\"Xpress Tennis Cup\" \/>\n<meta property=\"article:modified_time\" content=\"2024-01-04T15:45:52+00:00\" \/>\n<meta name=\"twitter:card\" content=\"summary_large_image\" \/>\n<meta name=\"twitter:label1\" content=\"Tiempo de lectura\" \/>\n\t<meta name=\"twitter:data1\" content=\"4 minutos\" \/>\n<script type=\"application\/ld+json\" class=\"yoast-schema-graph\">{\"@context\":\"https:\/\/schema.org\",\"@graph\":[{\"@type\":\"WebPage\",\"@id\":\"https:\/\/edicion.fundacionoccident.org\/tennis\/cat\/galeria-fotos-2017\",\"url\":\"https:\/\/edicion.fundacionoccident.org\/tennis\/cat\/galeria-fotos-2017\",\"name\":\"Galeria de l'Edici\u00f3 2017 - Xpress Tennis Cup | FJS\",\"isPartOf\":{\"@id\":\"https:\/\/edicion.fundacionoccident.org\/tennis\/#website\"},\"datePublished\":\"2018-04-23T10:26:23+00:00\",\"dateModified\":\"2024-01-04T15:45:52+00:00\",\"description\":\"Accedeix a la nostra galeria de fotos i v\u00eddeos per viure la primera edici\u00f3 de l'Xpress Tennis Cup organitzat per la Fundaci\u00f3 Jes\u00fas Serra.\",\"breadcrumb\":{\"@id\":\"https:\/\/edicion.fundacionoccident.org\/tennis\/cat\/galeria-fotos-2017#breadcrumb\"},\"inLanguage\":\"es\",\"potentialAction\":[{\"@type\":\"ReadAction\",\"target\":[\"https:\/\/edicion.fundacionoccident.org\/tennis\/cat\/galeria-fotos-2017\"]}]},{\"@type\":\"BreadcrumbList\",\"@id\":\"https:\/\/edicion.fundacionoccident.org\/tennis\/cat\/galeria-fotos-2017#breadcrumb\",\"itemListElement\":[{\"@type\":\"ListItem\",\"position\":1,\"name\":\"Portada\",\"item\":\"https:\/\/edicion.fundacionoccident.org\/tennis\/\"},{\"@type\":\"ListItem\",\"position\":2,\"name\":\"Galeria 2017\"}]},{\"@type\":\"WebSite\",\"@id\":\"https:\/\/edicion.fundacionoccident.org\/tennis\/#website\",\"url\":\"https:\/\/edicion.fundacionoccident.org\/tennis\/\",\"name\":\"Xpress Tennis Cup\",\"description\":\"Fundaci\u00f3 Jes\u00fas Serra\",\"potentialAction\":[{\"@type\":\"SearchAction\",\"target\":{\"@type\":\"EntryPoint\",\"urlTemplate\":\"https:\/\/edicion.fundacionoccident.org\/tennis\/?s={search_term_string}\"},\"query-input\":{\"@type\":\"PropertyValueSpecification\",\"valueRequired\":true,\"valueName\":\"search_term_string\"}}],\"inLanguage\":\"es\"}]}<\/script>\n<!-- \/ Yoast SEO plugin. -->","yoast_head_json":{"title":"Galeria de l'Edici\u00f3 2017 - Xpress Tennis Cup | FJS","description":"Accedeix a la nostra galeria de fotos i v\u00eddeos per viure la primera edici\u00f3 de l'Xpress Tennis Cup organitzat per la Fundaci\u00f3 Jes\u00fas Serra.","robots":{"index":"index","follow":"follow","max-snippet":"max-snippet:-1","max-image-preview":"max-image-preview:large","max-video-preview":"max-video-preview:-1"},"canonical":"https:\/\/edicion.fundacionoccident.org\/tennis\/wp-json\/wp\/v2\/pages\/4462","og_locale":"es_ES","og_type":"article","og_title":"Galeria de l'Edici\u00f3 2017 - Xpress Tennis Cup | FJS","og_description":"Accedeix a la nostra galeria de fotos i v\u00eddeos per viure la primera edici\u00f3 de l'Xpress Tennis Cup organitzat per la Fundaci\u00f3 Jes\u00fas Serra.","og_url":"https:\/\/edicion.fundacionoccident.org\/tennis\/cat\/galeria-fotos-2017","og_site_name":"Xpress Tennis Cup","article_modified_time":"2024-01-04T15:45:52+00:00","twitter_card":"summary_large_image","twitter_misc":{"Tiempo de lectura":"4 minutos"},"schema":{"@context":"https:\/\/schema.org","@graph":[{"@type":"WebPage","@id":"https:\/\/edicion.fundacionoccident.org\/tennis\/cat\/galeria-fotos-2017","url":"https:\/\/edicion.fundacionoccident.org\/tennis\/cat\/galeria-fotos-2017","name":"Galeria de l'Edici\u00f3 2017 - Xpress Tennis Cup | FJS","isPartOf":{"@id":"https:\/\/edicion.fundacionoccident.org\/tennis\/#website"},"datePublished":"2018-04-23T10:26:23+00:00","dateModified":"2024-01-04T15:45:52+00:00","description":"Accedeix a la nostra galeria de fotos i v\u00eddeos per viure la primera edici\u00f3 de l'Xpress Tennis Cup organitzat per la Fundaci\u00f3 Jes\u00fas Serra.","breadcrumb":{"@id":"https:\/\/edicion.fundacionoccident.org\/tennis\/cat\/galeria-fotos-2017#breadcrumb"},"inLanguage":"es","potentialAction":[{"@type":"ReadAction","target":["https:\/\/edicion.fundacionoccident.org\/tennis\/cat\/galeria-fotos-2017"]}]},{"@type":"BreadcrumbList","@id":"https:\/\/edicion.fundacionoccident.org\/tennis\/cat\/galeria-fotos-2017#breadcrumb","itemListElement":[{"@type":"ListItem","position":1,"name":"Portada","item":"https:\/\/edicion.fundacionoccident.org\/tennis\/"},{"@type":"ListItem","position":2,"name":"Galeria 2017"}]},{"@type":"WebSite","@id":"https:\/\/edicion.fundacionoccident.org\/tennis\/#website","url":"https:\/\/edicion.fundacionoccident.org\/tennis\/","name":"Xpress Tennis Cup","description":"Fundaci\u00f3 Jes\u00fas Serra","potentialAction":[{"@type":"SearchAction","target":{"@type":"EntryPoint","urlTemplate":"https:\/\/edicion.fundacionoccident.org\/tennis\/?s={search_term_string}"},"query-input":{"@type":"PropertyValueSpecification","valueRequired":true,"valueName":"search_term_string"}}],"inLanguage":"es"}]}},"_links":{"self":[{"href":"https:\/\/edicion.fundacionoccident.org\/tennis\/wp-json\/wp\/v2\/pages\/4462","targetHints":{"allow":["GET"]}}],"collection":[{"href":"https:\/\/edicion.fundacionoccident.org\/tennis\/wp-json\/wp\/v2\/pages"}],"about":[{"href":"https:\/\/edicion.fundacionoccident.org\/tennis\/wp-json\/wp\/v2\/types\/page"}],"author":[{"embeddable":true,"href":"https:\/\/edicion.fundacionoccident.org\/tennis\/wp-json\/wp\/v2\/users\/6"}],"replies":[{"embeddable":true,"href":"https:\/\/edicion.fundacionoccident.org\/tennis\/wp-json\/wp\/v2\/comments?post=4462"}],"version-history":[{"count":9,"href":"https:\/\/edicion.fundacionoccident.org\/tennis\/wp-json\/wp\/v2\/pages\/4462\/revisions"}],"predecessor-version":[{"id":8470,"href":"https:\/\/edicion.fundacionoccident.org\/tennis\/wp-json\/wp\/v2\/pages\/4462\/revisions\/8470"}],"wp:attachment":[{"href":"https:\/\/edicion.fundacionoccident.org\/tennis\/wp-json\/wp\/v2\/media?parent=4462"}],"curies":[{"name":"wp","href":"https:\/\/api.w.org\/{rel}","templated":true}]}}