{"id":5432,"date":"2019-01-12T06:26:22","date_gmt":"2019-01-12T06:26:22","guid":{"rendered":"http:\/\/edicion.fundacionjesusserra.org\/tennis\/?page_id=5432"},"modified":"2025-11-25T13:21:57","modified_gmt":"2025-11-25T12:21:57","slug":"comunitat-valenciana","status":"publish","type":"page","link":"https:\/\/edicion.fundacionoccident.org\/tennis\/cat\/comunitat-valenciana","title":{"rendered":"Gran Final &#8211; Comunitat Valenciana"},"content":{"rendered":"<p>[vc_row css_animation=&#8221;&#8221; row_type=&#8221;row&#8221; use_row_as_full_screen_section=&#8221;no&#8221; type=&#8221;full_width&#8221; angled_section=&#8221;no&#8221; text_align=&#8221;left&#8221; background_image_as_pattern=&#8221;without_pattern&#8221;][vc_column][vc_single_image image=&#8221;9190&#8243; img_size=&#8221;full&#8221; qode_css_animation=&#8221;&#8221;][\/vc_column][\/vc_row][vc_row css_animation=&#8221;&#8221; row_type=&#8221;row&#8221; use_row_as_full_screen_section=&#8221;no&#8221; type=&#8221;grid&#8221; angled_section=&#8221;no&#8221; text_align=&#8221;left&#8221; background_image_as_pattern=&#8221;without_pattern&#8221; css=&#8221;.vc_custom_1547052376870{padding-top: 20px !important;padding-bottom: 20px !important;}&#8221;][vc_column width=&#8221;1\/2&#8243;][vc_empty_space height=&#8221;75px&#8221;][vc_video link=&#8221;https:\/\/youtu.be\/-M518kc8tl4&#8243; el_width=&#8221;90&#8243;][\/vc_column][vc_column width=&#8221;1\/2&#8243;][vc_column_text]<\/p>\n<h1 style=\"text-align: left;\"><strong>Gran Final &#8211; Comunitat Valenciana<\/strong><\/h1>\n<p>[\/vc_column_text][vc_column_text css=&#8221;.vc_custom_1547270957098{padding-top: 20px !important;padding-bottom: 20px !important;}&#8221;]<\/p>\n<h2 style=\"text-align: left;\"><strong>Informaci\u00f3 General<\/strong><\/h2>\n<p>[\/vc_column_text][vc_column_text]<strong>SEU:<\/strong> Club Espa\u00f1ol de Tenis<br \/>\n<strong>DATA:<\/strong> 26\/04\/2026<br \/>\n<strong>HORARIS:<\/strong> de 14:30 a 19:30<br \/>\n<strong>CATEGORIES:<\/strong><br \/>\nParticiparan els equips finalistes i guanyadors Fases Provincials<br \/>\n&#8211; Sub 10 (equips masculins i femenins)<br \/>\n&#8211; Sub 12 (equips masculins i femenins)<\/p>\n<p><strong>INSCRIPCIONS:<\/strong> <a href=\"\/tennis\/cat\/participa-campionat\" target=\"_blank\" rel=\"noopener noreferrer\">Formulari Inscripci\u00f3 \u00bb<\/a><br \/>\n<strong>NORMATIVA:<\/strong> <a href=\"\/tennis\/cat\/normativa-campionat\" target=\"_blank\" rel=\"noopener noreferrer\">Consulta la Normativa \u00bb<\/a>[\/vc_column_text][\/vc_column][\/vc_row][vc_row css_animation=&#8221;&#8221; row_type=&#8221;row&#8221; use_row_as_full_screen_section=&#8221;no&#8221; type=&#8221;grid&#8221; angled_section=&#8221;no&#8221; text_align=&#8221;left&#8221; background_image_as_pattern=&#8221;without_pattern&#8221;][vc_column css=&#8221;.vc_custom_1547054076596{padding-bottom: 20px !important;}&#8221;][vc_separator type=&#8221;normal&#8221; color=&#8221;#dddddd&#8221;][\/vc_column][\/vc_row][vc_row css_animation=&#8221;&#8221; row_type=&#8221;row&#8221; use_row_as_full_screen_section=&#8221;no&#8221; type=&#8221;grid&#8221; angled_section=&#8221;no&#8221; text_align=&#8221;left&#8221; background_image_as_pattern=&#8221;without_pattern&#8221;][vc_column width=&#8221;1\/3&#8243;][vc_single_image image=&#8221;21&#8243; qode_css_animation=&#8221;&#8221; css=&#8221;.vc_custom_1547152561869{padding-top: 10px !important;padding-bottom: 10px !important;}&#8221;][vc_column_text css=&#8221;.vc_custom_1547152593184{padding-bottom: 20px !important;}&#8221;]<\/p>\n<h2 style=\"text-align: left;\"><strong>Programa<\/strong><\/h2>\n<p>[\/vc_column_text][vc_column_text]<strong>PISTES D&#8217;ENTRENAMENT:<\/strong> A partir de les 13:30h<br \/>\n<strong>ARRIBADA:<\/strong> Desde les 13:30h<br \/>\n<strong>INICI DE PARTITS:<\/strong> 14:30h<br \/>\n<strong>FINALS:<\/strong> 19:30h*<br \/>\n<strong>DESFILADA D&#8217;EQUIPS I LLIURAMENT DE PREMIS:<\/strong> 19:45h*<\/p>\n<p>&nbsp;<\/p>\n<p>(*) Programa orientatiu. Pot variar en funci\u00f3 del n\u00famero d&#8217;inscrits, condicions meteorol\u00f2giques o altres factors.[\/vc_column_text][\/vc_column][vc_column width=&#8221;1\/3&#8243;][vc_single_image image=&#8221;124&#8243; qode_css_animation=&#8221;&#8221; css=&#8221;.vc_custom_1547152569435{padding-top: 10px !important;padding-bottom: 10px !important;}&#8221;][vc_column_text css=&#8221;.vc_custom_1547152598476{padding-bottom: 20px !important;}&#8221;]<\/p>\n<h2 style=\"text-align: left;\"><strong>Timing<\/strong><\/h2>\n<p>[\/vc_column_text][vc_column_text]<strong>QUADRES I ORDRE DE JOC:<\/strong> Properament[\/vc_column_text][\/vc_column][vc_column width=&#8221;1\/3&#8243;][vc_single_image image=&#8221;115&#8243; qode_css_animation=&#8221;&#8221; css=&#8221;.vc_custom_1547152574702{padding-top: 10px !important;padding-bottom: 10px !important;}&#8221;][vc_column_text css=&#8221;.vc_custom_1600686983875{padding-bottom: 20px !important;}&#8221;]<\/p>\n<h2 style=\"text-align: left;\"><strong>Quadres i Ordre de joc<br \/>\n(pr\u00f2ximament)<\/strong><\/h2>\n<p>[\/vc_column_text][vc_column_text]<strong>GRUPS:<\/strong> <span style=\"text-decoration: underline;\">Distribuci\u00f3 Grups i Equips \u00bb<\/span><br \/>\n<strong>ORDRE DE JOC:<\/strong> <span style=\"text-decoration: underline;\">Ordre de Joc \u00bb<\/span><\/p>\n<p>Si detectes alguna incid\u00e8ncia i\/o error, si us plau, <a href=\"\/tennis\/cat\/contacte\">contacta amb nosaltres<\/a>.[\/vc_column_text][\/vc_column][\/vc_row][vc_row css_animation=&#8221;&#8221; row_type=&#8221;row&#8221; use_row_as_full_screen_section=&#8221;no&#8221; type=&#8221;grid&#8221; angled_section=&#8221;no&#8221; text_align=&#8221;left&#8221; background_image_as_pattern=&#8221;without_pattern&#8221; css=&#8221;.vc_custom_1547152674950{padding-top: 20px !important;padding-bottom: 20px !important;}&#8221;][vc_column css=&#8221;.vc_custom_1547054076596{padding-bottom: 20px !important;}&#8221;][\/vc_column][\/vc_row][vc_row css_animation=&#8221;&#8221; row_type=&#8221;row&#8221; use_row_as_full_screen_section=&#8221;no&#8221; type=&#8221;full_width&#8221; angled_section=&#8221;no&#8221; text_align=&#8221;left&#8221; background_image=&#8221;6293&#8243; background_image_as_pattern=&#8221;without_pattern&#8221; css=&#8221;.vc_custom_1600771145462{padding-top: 20px !important;}&#8221;][vc_column css=&#8221;.vc_custom_1547054097900{padding-top: 20px !important;padding-bottom: 20px !important;}&#8221;][vc_empty_space height=&#8221;350&#8243;][\/vc_column][\/vc_row]<\/p>\n","protected":false},"excerpt":{"rendered":"<p>[vc_row css_animation=&#8221;&#8221; row_type=&#8221;row&#8221; use_row_as_full_screen_section=&#8221;no&#8221; type=&#8221;full_width&#8221; angled_section=&#8221;no&#8221; text_align=&#8221;left&#8221; background_image_as_pattern=&#8221;without_pattern&#8221;][vc_column][vc_single_image image=&#8221;9190&#8243; img_size=&#8221;full&#8221; qode_css_animation=&#8221;&#8221;][\/vc_column][\/vc_row][vc_row css_animation=&#8221;&#8221; row_type=&#8221;row&#8221; use_row_as_full_screen_section=&#8221;no&#8221; type=&#8221;grid&#8221; angled_section=&#8221;no&#8221; text_align=&#8221;left&#8221; background_image_as_pattern=&#8221;without_pattern&#8221; css=&#8221;.vc_custom_1547052376870{padding-top: 20px !important;padding-bottom: 20px !important;}&#8221;][vc_column width=&#8221;1\/2&#8243;][vc_empty_space height=&#8221;75px&#8221;][vc_video link=&#8221;https:\/\/youtu.be\/-M518kc8tl4&#8243; el_width=&#8221;90&#8243;][\/vc_column][vc_column width=&#8221;1\/2&#8243;][vc_column_text] Gran Final &#8211; Comunitat Valenciana [\/vc_column_text][vc_column_text css=&#8221;.vc_custom_1547270957098{padding-top: 20px !important;padding-bottom: 20px !important;}&#8221;] Informaci\u00f3 General [\/vc_column_text][vc_column_text]SEU: Club Espa\u00f1ol de&#8230;<\/p>\n","protected":false},"author":6,"featured_media":0,"parent":0,"menu_order":0,"comment_status":"closed","ping_status":"closed","template":"full_width.php","meta":{"footnotes":"","_links_to":"","_links_to_target":""},"class_list":["post-5432","page","type-page","status-publish","hentry"],"yoast_head":"<!-- This site is optimized with the Yoast SEO plugin v26.3 - https:\/\/yoast.com\/wordpress\/plugins\/seo\/ -->\n<title>Gran Final Comunitat Valenciana - Xpress Tennis Cup | Fundacio Occident<\/title>\n<meta name=\"description\" content=\"Tota la informaci\u00f3 de la Gran Final Comunitat Valenciana Xpress Tennis Cup: programa, dates, horaris, categories, normativa... T&#039;esperem!\" \/>\n<meta name=\"robots\" content=\"index, follow, max-snippet:-1, max-image-preview:large, max-video-preview:-1\" \/>\n<link rel=\"canonical\" href=\"https:\/\/edicion.fundacionoccident.org\/tennis\/wp-json\/wp\/v2\/pages\/5432\" \/>\n<meta property=\"og:locale\" content=\"es_ES\" \/>\n<meta property=\"og:type\" content=\"article\" \/>\n<meta property=\"og:title\" content=\"Gran Final Comunitat Valenciana - Xpress Tennis Cup | Fundacio Occident\" \/>\n<meta property=\"og:description\" content=\"Tota la informaci\u00f3 de la Gran Final Comunitat Valenciana Xpress Tennis Cup: programa, dates, horaris, categories, normativa... T&#039;esperem!\" \/>\n<meta property=\"og:url\" content=\"https:\/\/edicion.fundacionoccident.org\/tennis\/cat\/comunitat-valenciana\" \/>\n<meta property=\"og:site_name\" content=\"Xpress Tennis Cup\" \/>\n<meta property=\"article:modified_time\" content=\"2025-11-25T12:21:57+00:00\" \/>\n<meta name=\"twitter:card\" content=\"summary_large_image\" \/>\n<meta name=\"twitter:label1\" content=\"Tiempo de lectura\" \/>\n\t<meta name=\"twitter:data1\" content=\"2 minutos\" \/>\n<script type=\"application\/ld+json\" class=\"yoast-schema-graph\">{\"@context\":\"https:\/\/schema.org\",\"@graph\":[{\"@type\":\"WebPage\",\"@id\":\"https:\/\/edicion.fundacionoccident.org\/tennis\/cat\/comunitat-valenciana\",\"url\":\"https:\/\/edicion.fundacionoccident.org\/tennis\/cat\/comunitat-valenciana\",\"name\":\"Gran Final Comunitat Valenciana - Xpress Tennis Cup | Fundacio Occident\",\"isPartOf\":{\"@id\":\"https:\/\/edicion.fundacionoccident.org\/tennis\/#website\"},\"datePublished\":\"2019-01-12T06:26:22+00:00\",\"dateModified\":\"2025-11-25T12:21:57+00:00\",\"description\":\"Tota la informaci\u00f3 de la Gran Final Comunitat Valenciana Xpress Tennis Cup: programa, dates, horaris, categories, normativa... T'esperem!\",\"breadcrumb\":{\"@id\":\"https:\/\/edicion.fundacionoccident.org\/tennis\/cat\/comunitat-valenciana#breadcrumb\"},\"inLanguage\":\"es\",\"potentialAction\":[{\"@type\":\"ReadAction\",\"target\":[\"https:\/\/edicion.fundacionoccident.org\/tennis\/cat\/comunitat-valenciana\"]}]},{\"@type\":\"BreadcrumbList\",\"@id\":\"https:\/\/edicion.fundacionoccident.org\/tennis\/cat\/comunitat-valenciana#breadcrumb\",\"itemListElement\":[{\"@type\":\"ListItem\",\"position\":1,\"name\":\"Portada\",\"item\":\"https:\/\/edicion.fundacionoccident.org\/tennis\/\"},{\"@type\":\"ListItem\",\"position\":2,\"name\":\"Gran Final &#8211; Comunitat Valenciana\"}]},{\"@type\":\"WebSite\",\"@id\":\"https:\/\/edicion.fundacionoccident.org\/tennis\/#website\",\"url\":\"https:\/\/edicion.fundacionoccident.org\/tennis\/\",\"name\":\"Xpress Tennis Cup\",\"description\":\"Fundaci\u00f3 Jes\u00fas Serra\",\"potentialAction\":[{\"@type\":\"SearchAction\",\"target\":{\"@type\":\"EntryPoint\",\"urlTemplate\":\"https:\/\/edicion.fundacionoccident.org\/tennis\/?s={search_term_string}\"},\"query-input\":{\"@type\":\"PropertyValueSpecification\",\"valueRequired\":true,\"valueName\":\"search_term_string\"}}],\"inLanguage\":\"es\"}]}<\/script>\n<!-- \/ Yoast SEO plugin. -->","yoast_head_json":{"title":"Gran Final Comunitat Valenciana - Xpress Tennis Cup | Fundacio Occident","description":"Tota la informaci\u00f3 de la Gran Final Comunitat Valenciana Xpress Tennis Cup: programa, dates, horaris, categories, normativa... T'esperem!","robots":{"index":"index","follow":"follow","max-snippet":"max-snippet:-1","max-image-preview":"max-image-preview:large","max-video-preview":"max-video-preview:-1"},"canonical":"https:\/\/edicion.fundacionoccident.org\/tennis\/wp-json\/wp\/v2\/pages\/5432","og_locale":"es_ES","og_type":"article","og_title":"Gran Final Comunitat Valenciana - Xpress Tennis Cup | Fundacio Occident","og_description":"Tota la informaci\u00f3 de la Gran Final Comunitat Valenciana Xpress Tennis Cup: programa, dates, horaris, categories, normativa... T'esperem!","og_url":"https:\/\/edicion.fundacionoccident.org\/tennis\/cat\/comunitat-valenciana","og_site_name":"Xpress Tennis Cup","article_modified_time":"2025-11-25T12:21:57+00:00","twitter_card":"summary_large_image","twitter_misc":{"Tiempo de lectura":"2 minutos"},"schema":{"@context":"https:\/\/schema.org","@graph":[{"@type":"WebPage","@id":"https:\/\/edicion.fundacionoccident.org\/tennis\/cat\/comunitat-valenciana","url":"https:\/\/edicion.fundacionoccident.org\/tennis\/cat\/comunitat-valenciana","name":"Gran Final Comunitat Valenciana - Xpress Tennis Cup | Fundacio Occident","isPartOf":{"@id":"https:\/\/edicion.fundacionoccident.org\/tennis\/#website"},"datePublished":"2019-01-12T06:26:22+00:00","dateModified":"2025-11-25T12:21:57+00:00","description":"Tota la informaci\u00f3 de la Gran Final Comunitat Valenciana Xpress Tennis Cup: programa, dates, horaris, categories, normativa... T'esperem!","breadcrumb":{"@id":"https:\/\/edicion.fundacionoccident.org\/tennis\/cat\/comunitat-valenciana#breadcrumb"},"inLanguage":"es","potentialAction":[{"@type":"ReadAction","target":["https:\/\/edicion.fundacionoccident.org\/tennis\/cat\/comunitat-valenciana"]}]},{"@type":"BreadcrumbList","@id":"https:\/\/edicion.fundacionoccident.org\/tennis\/cat\/comunitat-valenciana#breadcrumb","itemListElement":[{"@type":"ListItem","position":1,"name":"Portada","item":"https:\/\/edicion.fundacionoccident.org\/tennis\/"},{"@type":"ListItem","position":2,"name":"Gran Final &#8211; Comunitat Valenciana"}]},{"@type":"WebSite","@id":"https:\/\/edicion.fundacionoccident.org\/tennis\/#website","url":"https:\/\/edicion.fundacionoccident.org\/tennis\/","name":"Xpress Tennis Cup","description":"Fundaci\u00f3 Jes\u00fas Serra","potentialAction":[{"@type":"SearchAction","target":{"@type":"EntryPoint","urlTemplate":"https:\/\/edicion.fundacionoccident.org\/tennis\/?s={search_term_string}"},"query-input":{"@type":"PropertyValueSpecification","valueRequired":true,"valueName":"search_term_string"}}],"inLanguage":"es"}]}},"_links":{"self":[{"href":"https:\/\/edicion.fundacionoccident.org\/tennis\/wp-json\/wp\/v2\/pages\/5432","targetHints":{"allow":["GET"]}}],"collection":[{"href":"https:\/\/edicion.fundacionoccident.org\/tennis\/wp-json\/wp\/v2\/pages"}],"about":[{"href":"https:\/\/edicion.fundacionoccident.org\/tennis\/wp-json\/wp\/v2\/types\/page"}],"author":[{"embeddable":true,"href":"https:\/\/edicion.fundacionoccident.org\/tennis\/wp-json\/wp\/v2\/users\/6"}],"replies":[{"embeddable":true,"href":"https:\/\/edicion.fundacionoccident.org\/tennis\/wp-json\/wp\/v2\/comments?post=5432"}],"version-history":[{"count":30,"href":"https:\/\/edicion.fundacionoccident.org\/tennis\/wp-json\/wp\/v2\/pages\/5432\/revisions"}],"predecessor-version":[{"id":9554,"href":"https:\/\/edicion.fundacionoccident.org\/tennis\/wp-json\/wp\/v2\/pages\/5432\/revisions\/9554"}],"wp:attachment":[{"href":"https:\/\/edicion.fundacionoccident.org\/tennis\/wp-json\/wp\/v2\/media?parent=5432"}],"curies":[{"name":"wp","href":"https:\/\/api.w.org\/{rel}","templated":true}]}}