{"id":5448,"date":"2020-06-05T11:24:42","date_gmt":"2020-06-05T11:24:42","guid":{"rendered":"http:\/\/edicion.fundacionjesusserra.org\/tennis\/?page_id=5448"},"modified":"2025-11-25T12:49:34","modified_gmt":"2025-11-25T11:49:34","slug":"normativa-campionat","status":"publish","type":"page","link":"https:\/\/edicion.fundacionoccident.org\/tennis\/cat\/normativa-campionat","title":{"rendered":"Normativa"},"content":{"rendered":"<p>[vc_row css_animation=&#8221;&#8221; row_type=&#8221;row&#8221; use_row_as_full_screen_section=&#8221;no&#8221; type=&#8221;full_width&#8221; angled_section=&#8221;no&#8221; text_align=&#8221;left&#8221; background_image_as_pattern=&#8221;without_pattern&#8221;][vc_column][vc_single_image image=&#8221;9277&#8243; img_size=&#8221;1600&#215;481&#8243; alignment=&#8221;center&#8221; qode_css_animation=&#8221;&#8221;][\/vc_column][\/vc_row][vc_row css_animation=&#8221;&#8221; row_type=&#8221;row&#8221; use_row_as_full_screen_section=&#8221;no&#8221; type=&#8221;grid&#8221; anchor=&#8221;1600&#8243; angled_section=&#8221;no&#8221; text_align=&#8221;left&#8221; background_image_as_pattern=&#8221;without_pattern&#8221; background_color=&#8221;#ffffff&#8221; css=&#8221;.vc_custom_1489498678216{margin-right: 0px !important;margin-left: 0px !important;}&#8221;][vc_column][vc_empty_space height=&#8221;60px&#8221;][vc_row_inner row_type=&#8221;row&#8221; type=&#8221;full_width&#8221; text_align=&#8221;left&#8221; css_animation=&#8221;&#8221; css=&#8221;.vc_custom_1519635227727{padding-right: 30px !important;padding-left: 30px !important;}&#8221;][vc_column_inner][vc_column_text]<\/p>\n<h1><strong>Normativa Xpress Tennis Cup<\/strong><\/h1>\n<p>[\/vc_column_text][vc_empty_space height=&#8221;20px&#8221;][vc_column_text]<strong><span style=\"color: #000000;\">Recorda que tenim un apartat per resoldre els teus dubtes,<\/span><\/strong> <span style=\"text-decoration: underline; color: #808080;\"><a href=\"\/tennis\/cat\/preguntes-frequents\" target=\"_blank\" rel=\"noopener noreferrer\">m\u00e9s info\u00bb<\/a>.<\/span><\/p>\n<p>&nbsp;<\/p>\n<h3>1. Objectius i introducci\u00f3<\/h3>\n<p>&#8211; Xpress Tennis Cup \u00e9s un projecte esportiu de la Fundaci\u00f3 Occident.<br \/>\n&#8211; Es tracta d&#8217;un format innovador, en qu\u00e8 es competeix per equips en partits xpress de 20 minuts.<br \/>\n&#8211; L&#8217;objectiu d&#8217;aquest campionat \u00e9s refor\u00e7ar els valors de l&#8217;esport, l&#8217;esfor\u00e7 personal, el treball en equip i la solidaritat entre els joves.<br \/>\n&#8211; S&#8217;adre\u00e7a a nens i nenes d&#8217;entre 5 i 12 anys, que competiran per equips en representaci\u00f3 dels seus clubs esportius.<br \/>\n&#8211; El campionat tindr\u00e0 un total de tres circuits diferenciats (Catalu\u00f1a, Comunitat de Madrid, Comunitat Valenciana i Pa\u00eds Basc). Cada circuit el componen les fases provincials corresponents.<br \/>\n&#8211; Els guanyadors i finalistes de cadascuna de les modalitats i categories de les fases provincials tindran una pla\u00e7a assegurada a la gran final.<\/p>\n<p>&nbsp;<\/p>\n<h3>2. Format<\/h3>\n<p><u><strong>Categoria Minitennis<\/strong><br \/>\n<\/u>Nascuts del 2018 en endavant.<br \/>\nPista: Minitennis (10,97-12,8 m x 4,27-6,1 m).<br \/>\nXarxa: altura al punt central de la xarxa de 0.8-0,84 m.<br \/>\nPilota: Tip 3 (vermella).<br \/>\nServei:<br \/>\n&#8211; Els dos serveis s&#8217;hauran de fer per sota (posant la pilota en joc).<br \/>\n\u2013 Servir\u00e0 sempre l&#8217;equip que guanyi el punt anterior.<br \/>\nDurada dels partits: 20 minuts.<br \/>\nRondes: en cada ronda es disputar\u00e0 1 partit individual i 1 partit de dobles.<br \/>\nSistema de rotaci\u00f3 dels jugadors: durant el partit, el jugador\/parella que guanya el punt disputa el punt seg\u00fcent (m\u00e0xim 2 punts seguits) i el jugador\/parella que perd el punt es canvia pel seu company\/parella d&#8217;equip.<\/p>\n<p>&nbsp;<\/p>\n<p><u><strong>Categoria Sub-10<\/strong><br \/>\n<\/u>Nascuts del 2016 en endavant.<br \/>\nPista: 3\u20444 de pista (17,68-18,29 m x 6,1-8,23 m).<br \/>\nXarxa: altura al punt central de la xarxa de 0,8-0,9 m.<br \/>\nPilota: Tip 2 (taronja).<br \/>\nServei:<br \/>\n\u2013 Els dos serveis seran lliures (per dalt o per baix).<br \/>\n\u2013 Se servir\u00e0 en direcci\u00f3 al quadre de servei que correspongui.<br \/>\n\u2013 Servir\u00e0 sempre l&#8217;equip que guanyi el punt anterior.<br \/>\nDurada dels partits: 20 minuts.<br \/>\nRondes: en cada ronda es disputar\u00e0 1 partit individual i 1 partit de dobles.<br \/>\nSistema rotaci\u00f3 jugadors:<br \/>\nDurant el partit, el jugador\/parella que guanya el punt disputa el punt seg\u00fcent (m\u00e0xim 2 punts seguits) i el jugador\/parella que perd el punt es canvia pel seu company\/parella d&#8217;equip.<br \/>\nEn acabar el tie break hi ha canvi de camp i es poden fer canvis entre els jugadors del mateix equip que estan jugant i els que estan descansant.<\/p>\n<p>&nbsp;<\/p>\n<p><u><strong>Categoria Sub-12<\/strong><br \/>\n<\/u>Nascuts del 2014 en endavant.<br \/>\nPista: sencera (23,77 x 8,23 m).<br \/>\nXarxa: altura al punt central de la xarxa de 0,91 m.<br \/>\nPilota: Tip 1 (verd).<br \/>\nServei:<br \/>\n\u2013 El primer servei haur\u00e0 de ser per dalt i el segon servei ser\u00e0 lliure (per dalt o per baix).<br \/>\n\u2013 Se servir\u00e0 en direcci\u00f3 al quadre de servei que correspongui.<br \/>\n\u2013 Servir\u00e0 sempre l&#8217;equip que guanyi el punt anterior.<br \/>\nDurada dels partits: 20 minuts.<br \/>\nRondes: en cada ronda es disputar\u00e0 1 partit individual i 1 partit de dobles.<br \/>\nDurant el partit:<br \/>\n\u2013 Partit individual: a la pista nom\u00e9s hi podr\u00e0 haver 2 jugadors de cada equip i la resta s&#8217;esperaran al lateral de la pista.<br \/>\n\u2013 Partit de dobles: a la pista nom\u00e9s hi podr\u00e0 haver 4 jugadors de cada equip (2 parelles) i la resta s&#8217;esperaran al lateral de la pista.<br \/>\nSistema de rotaci\u00f3 dels jugadors:<br \/>\nDurant el partit, el jugador\/parella que guanya el punt disputa el punt seg\u00fcent (m\u00e0xim 2 punts seguits) i el jugador\/parella que perd el punt es canvia pel seu company\/parella d&#8217;equip.<br \/>\nEn acabar el tie break hi ha canvi de camp i es poden fer canvis entre els jugadors del mateix equip que estan jugant i els que estan descansant.<\/p>\n<p>&nbsp;<\/p>\n<h3>3. Puntuaci\u00f3<\/h3>\n<p>\u2013 Tie breaks a 7 punts.<br \/>\n\u2013 Es disputen tots els tie breaks que siguin possibles durant els 20 minuts de durada del partit.<br \/>\n\u2013 En finalitzar cada tie break, es fa canvi de costat de pista.<br \/>\n\u2013 Quan falti 1 minut per a la conclusi\u00f3 del partit, els responsables del torneig informaran amb un av\u00eds sonor (xiulet) la disputa dels 2 \u00faltims punts del partit.<br \/>\n\u2013 Els partits guanyats per incompareixen\u00e7a (WO) o falta de jugadors es consideraran guanyats pel resultat de 7\/0 i 7\/0.<\/p>\n<p>&nbsp;<\/p>\n<h3>4. Guanyadors<\/h3>\n<p><strong><span style=\"text-decoration: underline;\">Minitennis<\/span><\/strong><br \/>\nNo hi haur\u00e0 guanyadors ni perdedors.<\/p>\n<p>&nbsp;<\/p>\n<p><strong><span style=\"text-decoration: underline;\">Sub-10 i Sub-12<\/span><\/strong><br \/>\nL&#8217;equip vencedor ser\u00e0 el que hagi guanyat m\u00e9s tie breaks (acabats) entre tots els partits (individual i dobles).<\/p>\n<p>En cas d&#8217;empat entre equips, guanyar\u00e0 l&#8217;equip que m\u00e9s punts hagi guanyat (tamb\u00e9 computant els punts de tie breaks no acabats) entre els partits individual i de dobles.<br \/>\nEn cas que encara persisteixi l&#8217;empat, guanyaria l&#8217;equip que tingui millor difer\u00e8ncia entre punts guanyats i punts perduts (tamb\u00e9 computant els punts de tie breaks no acabats) entre els partits individual i de dobles.<br \/>\nEn cas que encara persisteixi, es disputar\u00e0 un tie break de desempat.<\/p>\n<p>&nbsp;<\/p>\n<p><u><strong>Fase round robin<\/strong><br \/>\n<\/u>Dividits en grups, els equips jugaran una fase round robin (tots contra tots).<\/p>\n<p>&nbsp;<\/p>\n<p><u><strong>Fase final<\/strong><br \/>\n<\/u>Despr\u00e9s de disputar la fase round robin, passaran a la fase final els 2 equips de cada grup que tinguin m\u00e9s enfrontaments guanyats.<br \/>\nEl primer equip classificat del Grup A jugar\u00e0 les semifinals contra el segon equip classificat del Grup B. El primer equip classificat del Grup B jugar\u00e0 les semifinals contra el segon equip classificat del Grup A. Els dos tercers jugaran entre si.<br \/>\nEn cas que hi hagi alguna variaci\u00f3 en el global dels equips inscrits, el format s&#8217;adaptar\u00e0 a criteri de l&#8217;organitzaci\u00f3.<\/p>\n<p>&nbsp;<\/p>\n<h3>5. Equips<\/h3>\n<p>Els equips estan formats entre 3 i 8 jugadors.<br \/>\nSi un equip compareix amb 1 o 2 jugadors, podr\u00e0 jugar els 40\u2018 d&#8217;eliminat\u00f2ria, per\u00f2 una part de 20\u2019 del partit la perd per 7\/0 i 7\/0 per no tenir 3 jugadors.<\/p>\n<p>&nbsp;<\/p>\n<p><strong><span style=\"text-decoration: underline;\">Minitennis<\/span><\/strong><br \/>\nNombre m\u00e0xim d&#8217;equips per la seva provincial:<br \/>\n8 equips (equips mixtos).<\/p>\n<p>&nbsp;<\/p>\n<p><strong><span style=\"text-decoration: underline;\">Sub-10<\/span><\/strong><br \/>\nModalitats i nombre m\u00e0xim d&#8217;equips per la seva provincial:<br \/>\nFemen\u00ed: 8 equips.<br \/>\nMascul\u00ed: 8 equips.<\/p>\n<p>&nbsp;<\/p>\n<p><strong><span style=\"text-decoration: underline;\">Sub-12<\/span><\/strong><br \/>\nModalitats i nombre m\u00e0xim d&#8217;equips per la seva provincial:<br \/>\nFemen\u00ed: 8 equips.<br \/>\nMascul\u00ed: 8 equips.<\/p>\n<p>&nbsp;<\/p>\n<h3>6. Capitans<\/h3>\n<p>\u2013 Cada club haur\u00e0 d&#8217;aportar el nombre suficient de capitans per tenir en tot moment el control dels equips del seu club.<br \/>\n\u2013 Durant el transcurs del torneig, el capit\u00e0 de cada equip haur\u00e0 de ser a la pista mentre jugui el seu equip.<br \/>\n\u2013 Quan el seu equip no jugui i esperi el seg\u00fcent torn, el capit\u00e0 ser\u00e0 responsable de mantenir junt el seu equip i portar-lo a la pista puntualment quan sigui el seu torn.<br \/>\n\u2013 Els capitans hauran de ser majors d&#8217;edat i con\u00e8ixer la normativa de la competici\u00f3. Responsables de convocar el seu equip per disputar la jornada.<br \/>\n\u2013 Responsables de lliurar la llista de jugadors a l&#8217;\u00e0rbitre.<br \/>\n\u2013 Encarregats de fer els canvis i de fer-ho de manera correcta, respectant el reglament.<br \/>\n\u2013 Encarregats d&#8217;informar els pares i familiars de les caracter\u00edstiques de la competici\u00f3.<br \/>\n\u2013 A la banqueta no podr\u00e0 parlar amb els seus jugadors durant la disputa dels punts.<br \/>\n\u2013 Procurar\u00e0 mantenir l&#8217;ordre a la seva banqueta.<\/p>\n<p>&nbsp;<\/p>\n<h3>7. Bases<\/h3>\n<p>\u2013 En cas d&#8217;estar federat, la classificaci\u00f3 m\u00e0xima de la federaci\u00f3 territorial de tenis corresponent del jugador ser\u00e0 a partir de la posici\u00f3 40 del r\u00e0nquing en categories sub-10 (benjam\u00ed) i sub-12 (alev\u00ed). La classificaci\u00f3 que es tindr\u00e0 en compte per verificar el r\u00e0nquing ser\u00e0 la classificaci\u00f3 en el moment d&#8217;acabar el termini d&#8217;inscripci\u00f3 de cada fase.<br \/>\n\u2013 El r\u00e0nquing del participant v\u00e0lid per al campionat es verificar\u00e0 un cop hagi acabat el termini d&#8217;inscripcions.<br \/>\n\u2013 Els equips inscrits i que no es presentin tindran una penalitzaci\u00f3 en futures edicions.<br \/>\n\u2013 \u00c9s condici\u00f3 indispensable per obtenir els premis i regals la pres\u00e8ncia f\u00edsica del destinatari a l&#8217;acte de lliurament.<br \/>\n\u2013 El torneig vetlla pels valors del tenis. Qualsevol comportament considerat antiesportiu ser\u00e0 motiu de desqualificaci\u00f3.<\/p>\n<p>&nbsp;<\/p>\n<h3>8. Inscripcions<\/h3>\n<p>&#8211; Les <span style=\"text-decoration: underline;\"><a href=\"\/tennis\/cat\/participa-campionat\" target=\"_blank\" rel=\"noopener noreferrer\">inscripcions<\/a><\/span> es poden fer exclusivament en l\u00ednia al web del campionat Xpress Tennis Cup.<br \/>\n&#8211; L&#8217;organitzaci\u00f3 establir\u00e0 un termini d&#8217;inscripci\u00f3.<br \/>\n\u2013 Qualsevol inscripci\u00f3 feta fora d&#8217;aquest termini no tindr\u00e0 garantida la seva participaci\u00f3 en el torneig.<br \/>\n\u2013 La llic\u00e8ncia federativa no \u00e9s \u00e9s obligat\u00f2ria.<\/p>\n<p>&nbsp;<\/p>\n<h3>9. Casos concrets<\/h3>\n<p>Qualsevol altra situaci\u00f3 que es pugui donar durant el campionat i que no estigui reflectida en el reglament ser\u00e0 estudiada pel jutge \u00e0rbitre o la comissi\u00f3 esportiva si aquesta n&#8217;\u00e9s part implicada.<\/p>\n<p>&nbsp;<\/p>\n<h3>10. Bons tennistes<\/h3>\n<p>Consulta <span style=\"text-decoration: underline;\"><a href=\"\/tennis\/wp-content\/uploads\/2020\/09\/NORMAS_2-1.pdf\" target=\"_blank\" rel=\"noopener noreferrer\">aqu\u00ed<\/a><\/span> si ets un tennista exemplar. Si compleixes amb tot, ets un bon tennista!<\/p>\n<p>&nbsp;<\/p>\n<p>&nbsp;<\/p>\n<h4>Disposicions finals<\/h4>\n<p>&nbsp;<\/p>\n<p>Amb la inscripci\u00f3 i\/o la participaci\u00f3 en aquesta activitat, tots els participants coneixen i accepten aquesta normativa i queden informats del seg\u00fcent:<br \/>\nEn compliment de la LOPD 15\/1999, us informem que les dades personals que faciliteu s&#8217;incorporaran a un fitxer responsabilitat de You First Sports per als serveis de gesti\u00f3 i administraci\u00f3 prestats per l&#8217;organitzaci\u00f3, aix\u00ed com per a l&#8217;enviament per qualsevol mitj\u00e0 de comunicacions relatives a les activitats pr\u00f2pies de You First Sports.<br \/>\nLlevat que h\u00e0giu manifestat la vostra oposici\u00f3 al tractament de la vostra imatge, autoritzeu You First Sports perqu\u00e8 utilitzi i reprodueixi les imatges obtingudes en les activitats organitzades per You First Sports amb finalitats divulgatives i\/o promocionals. En el cas de menors d&#8217;edat, el consentiment s&#8217;entendr\u00e0 atorgat per la persona que n&#8217;autoritza la inscripci\u00f3.<br \/>\nUs informem que, en facilitar les vostres dades, doneu el vostre consentiment perqu\u00e8 You First Sports pugui tractar-les d&#8217;acord amb les finalitats esmentades. Podeu exercir els vostres drets d&#8217;acc\u00e9s, rectificaci\u00f3, cancel\u00b7laci\u00f3 i oposici\u00f3 adre\u00e7ant-vos per escrit, acreditant la identitat, al domicili social esmentat m\u00e9s amunt.<br \/>\nEls que subscriuen coneixen i accepten les bases de participaci\u00f3 i la normativa aplicable, que estan disponibles a\u00a0<a href=\"\/cat\/xpress-tennis-cup\">Xpress Tennis Cup<\/a><\/p>\n<p>L&#8217;organitzaci\u00f3 pot limitar o restringir en qualsevol moment el nombre d&#8217;inscripcions.[\/vc_column_text][vc_empty_space height=&#8221;90px&#8221;][\/vc_column_inner][\/vc_row_inner][\/vc_column][\/vc_row]<\/p>\n","protected":false},"excerpt":{"rendered":"<p>[vc_row css_animation=&#8221;&#8221; row_type=&#8221;row&#8221; use_row_as_full_screen_section=&#8221;no&#8221; type=&#8221;full_width&#8221; angled_section=&#8221;no&#8221; text_align=&#8221;left&#8221; background_image_as_pattern=&#8221;without_pattern&#8221;][vc_column][vc_single_image image=&#8221;9277&#8243; img_size=&#8221;1600&#215;481&#8243; alignment=&#8221;center&#8221; qode_css_animation=&#8221;&#8221;][\/vc_column][\/vc_row][vc_row css_animation=&#8221;&#8221; row_type=&#8221;row&#8221; use_row_as_full_screen_section=&#8221;no&#8221; type=&#8221;grid&#8221; anchor=&#8221;1600&#8243; angled_section=&#8221;no&#8221; text_align=&#8221;left&#8221; background_image_as_pattern=&#8221;without_pattern&#8221; background_color=&#8221;#ffffff&#8221; css=&#8221;.vc_custom_1489498678216{margin-right: 0px !important;margin-left: 0px !important;}&#8221;][vc_column][vc_empty_space height=&#8221;60px&#8221;][vc_row_inner row_type=&#8221;row&#8221; type=&#8221;full_width&#8221; text_align=&#8221;left&#8221; css_animation=&#8221;&#8221; css=&#8221;.vc_custom_1519635227727{padding-right: 30px !important;padding-left: 30px !important;}&#8221;][vc_column_inner][vc_column_text] Normativa Xpress Tennis Cup [\/vc_column_text][vc_empty_space height=&#8221;20px&#8221;][vc_column_text]Recorda que tenim un&#8230;<\/p>\n","protected":false},"author":6,"featured_media":0,"parent":0,"menu_order":0,"comment_status":"closed","ping_status":"closed","template":"full_width.php","meta":{"footnotes":"","_links_to":"","_links_to_target":""},"class_list":["post-5448","page","type-page","status-publish","hentry"],"yoast_head":"<!-- This site is optimized with the Yoast SEO plugin v26.3 - https:\/\/yoast.com\/wordpress\/plugins\/seo\/ -->\n<title>Preguntes freq\u00fcents (FAQ) - Xpress Tennis Cup | Fundaci\u00f3 Occident<\/title>\n<meta name=\"description\" content=\"Troba aqu\u00ed les respostes als dubtes i preguntes m\u00e9s freq\u00fcents relacionats amb l&#039;Xpress Tennis Cup de la Fundaci\u00f3 Occident.\" \/>\n<meta name=\"robots\" content=\"index, follow, max-snippet:-1, max-image-preview:large, max-video-preview:-1\" \/>\n<link rel=\"canonical\" href=\"https:\/\/edicion.fundacionoccident.org\/tennis\/wp-json\/wp\/v2\/pages\/5448\" \/>\n<meta property=\"og:locale\" content=\"es_ES\" \/>\n<meta property=\"og:type\" content=\"article\" \/>\n<meta property=\"og:title\" content=\"Preguntes freq\u00fcents (FAQ) - Xpress Tennis Cup | Fundaci\u00f3 Occident\" \/>\n<meta property=\"og:description\" content=\"Troba aqu\u00ed les respostes als dubtes i preguntes m\u00e9s freq\u00fcents relacionats amb l&#039;Xpress Tennis Cup de la Fundaci\u00f3 Occident.\" \/>\n<meta property=\"og:url\" content=\"https:\/\/edicion.fundacionoccident.org\/tennis\/cat\/normativa-campionat\" \/>\n<meta property=\"og:site_name\" content=\"Xpress Tennis Cup\" \/>\n<meta property=\"article:modified_time\" content=\"2025-11-25T11:49:34+00:00\" \/>\n<meta name=\"twitter:card\" content=\"summary_large_image\" \/>\n<meta name=\"twitter:label1\" content=\"Tiempo de lectura\" \/>\n\t<meta name=\"twitter:data1\" content=\"8 minutos\" \/>\n<script type=\"application\/ld+json\" class=\"yoast-schema-graph\">{\"@context\":\"https:\/\/schema.org\",\"@graph\":[{\"@type\":\"WebPage\",\"@id\":\"https:\/\/edicion.fundacionoccident.org\/tennis\/cat\/normativa-campionat\",\"url\":\"https:\/\/edicion.fundacionoccident.org\/tennis\/cat\/normativa-campionat\",\"name\":\"Preguntes freq\u00fcents (FAQ) - Xpress Tennis Cup | Fundaci\u00f3 Occident\",\"isPartOf\":{\"@id\":\"https:\/\/edicion.fundacionoccident.org\/tennis\/#website\"},\"datePublished\":\"2020-06-05T11:24:42+00:00\",\"dateModified\":\"2025-11-25T11:49:34+00:00\",\"description\":\"Troba aqu\u00ed les respostes als dubtes i preguntes m\u00e9s freq\u00fcents relacionats amb l'Xpress Tennis Cup de la Fundaci\u00f3 Occident.\",\"breadcrumb\":{\"@id\":\"https:\/\/edicion.fundacionoccident.org\/tennis\/cat\/normativa-campionat#breadcrumb\"},\"inLanguage\":\"es\",\"potentialAction\":[{\"@type\":\"ReadAction\",\"target\":[\"https:\/\/edicion.fundacionoccident.org\/tennis\/cat\/normativa-campionat\"]}]},{\"@type\":\"BreadcrumbList\",\"@id\":\"https:\/\/edicion.fundacionoccident.org\/tennis\/cat\/normativa-campionat#breadcrumb\",\"itemListElement\":[{\"@type\":\"ListItem\",\"position\":1,\"name\":\"Portada\",\"item\":\"https:\/\/edicion.fundacionoccident.org\/tennis\/\"},{\"@type\":\"ListItem\",\"position\":2,\"name\":\"Normativa\"}]},{\"@type\":\"WebSite\",\"@id\":\"https:\/\/edicion.fundacionoccident.org\/tennis\/#website\",\"url\":\"https:\/\/edicion.fundacionoccident.org\/tennis\/\",\"name\":\"Xpress Tennis Cup\",\"description\":\"Fundaci\u00f3 Jes\u00fas Serra\",\"potentialAction\":[{\"@type\":\"SearchAction\",\"target\":{\"@type\":\"EntryPoint\",\"urlTemplate\":\"https:\/\/edicion.fundacionoccident.org\/tennis\/?s={search_term_string}\"},\"query-input\":{\"@type\":\"PropertyValueSpecification\",\"valueRequired\":true,\"valueName\":\"search_term_string\"}}],\"inLanguage\":\"es\"}]}<\/script>\n<!-- \/ Yoast SEO plugin. -->","yoast_head_json":{"title":"Preguntes freq\u00fcents (FAQ) - Xpress Tennis Cup | Fundaci\u00f3 Occident","description":"Troba aqu\u00ed les respostes als dubtes i preguntes m\u00e9s freq\u00fcents relacionats amb l'Xpress Tennis Cup de la Fundaci\u00f3 Occident.","robots":{"index":"index","follow":"follow","max-snippet":"max-snippet:-1","max-image-preview":"max-image-preview:large","max-video-preview":"max-video-preview:-1"},"canonical":"https:\/\/edicion.fundacionoccident.org\/tennis\/wp-json\/wp\/v2\/pages\/5448","og_locale":"es_ES","og_type":"article","og_title":"Preguntes freq\u00fcents (FAQ) - Xpress Tennis Cup | Fundaci\u00f3 Occident","og_description":"Troba aqu\u00ed les respostes als dubtes i preguntes m\u00e9s freq\u00fcents relacionats amb l'Xpress Tennis Cup de la Fundaci\u00f3 Occident.","og_url":"https:\/\/edicion.fundacionoccident.org\/tennis\/cat\/normativa-campionat","og_site_name":"Xpress Tennis Cup","article_modified_time":"2025-11-25T11:49:34+00:00","twitter_card":"summary_large_image","twitter_misc":{"Tiempo de lectura":"8 minutos"},"schema":{"@context":"https:\/\/schema.org","@graph":[{"@type":"WebPage","@id":"https:\/\/edicion.fundacionoccident.org\/tennis\/cat\/normativa-campionat","url":"https:\/\/edicion.fundacionoccident.org\/tennis\/cat\/normativa-campionat","name":"Preguntes freq\u00fcents (FAQ) - Xpress Tennis Cup | Fundaci\u00f3 Occident","isPartOf":{"@id":"https:\/\/edicion.fundacionoccident.org\/tennis\/#website"},"datePublished":"2020-06-05T11:24:42+00:00","dateModified":"2025-11-25T11:49:34+00:00","description":"Troba aqu\u00ed les respostes als dubtes i preguntes m\u00e9s freq\u00fcents relacionats amb l'Xpress Tennis Cup de la Fundaci\u00f3 Occident.","breadcrumb":{"@id":"https:\/\/edicion.fundacionoccident.org\/tennis\/cat\/normativa-campionat#breadcrumb"},"inLanguage":"es","potentialAction":[{"@type":"ReadAction","target":["https:\/\/edicion.fundacionoccident.org\/tennis\/cat\/normativa-campionat"]}]},{"@type":"BreadcrumbList","@id":"https:\/\/edicion.fundacionoccident.org\/tennis\/cat\/normativa-campionat#breadcrumb","itemListElement":[{"@type":"ListItem","position":1,"name":"Portada","item":"https:\/\/edicion.fundacionoccident.org\/tennis\/"},{"@type":"ListItem","position":2,"name":"Normativa"}]},{"@type":"WebSite","@id":"https:\/\/edicion.fundacionoccident.org\/tennis\/#website","url":"https:\/\/edicion.fundacionoccident.org\/tennis\/","name":"Xpress Tennis Cup","description":"Fundaci\u00f3 Jes\u00fas Serra","potentialAction":[{"@type":"SearchAction","target":{"@type":"EntryPoint","urlTemplate":"https:\/\/edicion.fundacionoccident.org\/tennis\/?s={search_term_string}"},"query-input":{"@type":"PropertyValueSpecification","valueRequired":true,"valueName":"search_term_string"}}],"inLanguage":"es"}]}},"_links":{"self":[{"href":"https:\/\/edicion.fundacionoccident.org\/tennis\/wp-json\/wp\/v2\/pages\/5448","targetHints":{"allow":["GET"]}}],"collection":[{"href":"https:\/\/edicion.fundacionoccident.org\/tennis\/wp-json\/wp\/v2\/pages"}],"about":[{"href":"https:\/\/edicion.fundacionoccident.org\/tennis\/wp-json\/wp\/v2\/types\/page"}],"author":[{"embeddable":true,"href":"https:\/\/edicion.fundacionoccident.org\/tennis\/wp-json\/wp\/v2\/users\/6"}],"replies":[{"embeddable":true,"href":"https:\/\/edicion.fundacionoccident.org\/tennis\/wp-json\/wp\/v2\/comments?post=5448"}],"version-history":[{"count":29,"href":"https:\/\/edicion.fundacionoccident.org\/tennis\/wp-json\/wp\/v2\/pages\/5448\/revisions"}],"predecessor-version":[{"id":9542,"href":"https:\/\/edicion.fundacionoccident.org\/tennis\/wp-json\/wp\/v2\/pages\/5448\/revisions\/9542"}],"wp:attachment":[{"href":"https:\/\/edicion.fundacionoccident.org\/tennis\/wp-json\/wp\/v2\/media?parent=5448"}],"curies":[{"name":"wp","href":"https:\/\/api.w.org\/{rel}","templated":true}]}}