{"id":6781,"date":"2021-01-20T16:26:17","date_gmt":"2021-01-20T15:26:17","guid":{"rendered":"http:\/\/edicion.fundacionjesusserra.org\/tennis\/?page_id=6781"},"modified":"2024-01-11T13:07:23","modified_gmt":"2024-01-11T12:07:23","slug":"avis-legal","status":"publish","type":"page","link":"https:\/\/edicion.fundacionoccident.org\/tennis\/cat\/avis-legal","title":{"rendered":"Av\u00eds legal"},"content":{"rendered":"<p><b>AV\u00cdS LEGAL<\/b><\/p>\n<p><b>Identificaci\u00f3 de l\u2019entitat<\/b><\/p>\n<p><span style=\"font-weight: 400;\">La informaci\u00f3 que cont\u00e9 aquesta p\u00e0gina web oficial fa refer\u00e8ncia a Fundaci\u00f3 Occident (d\u2019ara endavant, la fundaci\u00f3), amb NIF G-61559076 i domicili social a l\u2019avinguda Alcalde Barnils, 63, 08174, Sant Cugat del Vall\u00e8s (Barcelona), inscrita en el Registre de Fundacions amb el n\u00fam. 355.<\/span><\/p>\n<p><b>Objecte del web<\/b><\/p>\n<p><span style=\"font-weight: 400;\">Les p\u00e0gines que cont\u00e9 aquest web oficial tenen per objecte facilitar que el p\u00fablic en general conegui la fundaci\u00f3 i les activitats que desenvolupa. La fundaci\u00f3 es reserva la facultat d\u2019efectuar, en qualsevol moment i sense avisar, modificacions a la informaci\u00f3 que cont\u00e9 la seva p\u00e0gina web o de la seva configuraci\u00f3 i presentaci\u00f3.<\/span><\/p>\n<p><b>Protecci\u00f3 de dades personals<\/b><\/p>\n<p><span style=\"font-weight: 400;\">La informaci\u00f3 completa relativa a la regulaci\u00f3 sobre la protecci\u00f3 de les dades personals es troba publicada a aquest mateix lloc web oficial, concretament en l\u2019apartat espec\u00edfic Pol\u00edtica de Privacitat situat al costat d\u2019aquest Av\u00eds Legal.<\/span><\/p>\n<p><b>Condicions d\u2019acc\u00e9s al lloc web i disponibilitat<\/b><\/p>\n<p><span style=\"font-weight: 400;\">L\u2019acc\u00e9s als continguts generals d\u2019aquest lloc web t\u00e9 car\u00e0cter gratu\u00eft per a tots els usuaris, i no exigeix una subscripci\u00f3 o registre previs. Aquest servei est\u00e0 disponible les 24 hores del dia els 365 dies de l\u2019any, llevat de les interrupcions requerides per al manteniment i la millora del sistema.<\/span><\/p>\n<p><b>Exoneraci\u00f3 de responsabilitats<\/b><\/p>\n<p><span style=\"font-weight: 400;\">En navegar per aquesta p\u00e0gina web oficial, l\u2019usuari exonera la fundaci\u00f3 en els casos seg\u00fcents:<\/span><\/p>\n<ol>\n<li style=\"font-weight: 400;\" aria-level=\"1\"><b>Per \u00fas indegut: <\/b><span style=\"font-weight: 400;\">En accedir a aquesta p\u00e0gina web, s\u2019accepta que la fundaci\u00f3 no \u00e9s responsable de cap conseq\u00fc\u00e8ncia, dany o perjudici derivats de l\u2019\u00fas indegut de la informaci\u00f3 que cont\u00e9 aquest web, o de l\u2019acc\u00e9s indegut a altres mat\u00e8ries a internet a trav\u00e9s de les connexions amb aquesta p\u00e0gina web.<\/span><\/li>\n<li style=\"font-weight: 400;\" aria-level=\"1\"><b>Per continguts de tercers<\/b><span style=\"font-weight: 400;\">: El lloc web pot contenir enlla\u00e7os d\u2019hipertext redirigits cap a altres p\u00e0gines de la World Wide Web que s\u00f3n completament independents d\u2019aquest lloc web oficial. La fundaci\u00f3 no respondr\u00e0 ni garantir\u00e0, de cap manera, la inexactitud, insufici\u00e8ncia o falta d\u2019autenticitat de la informaci\u00f3 que subministren aquests tercers, sigui qualsevol persona o entitat, f\u00edsica o jur\u00eddica, amb personalitat jur\u00eddica pr\u00f2pia o sense, a trav\u00e9s d\u2019aquests enlla\u00e7os d\u2019hipertext.<\/span><\/li>\n<li style=\"font-weight: 400;\" aria-level=\"1\"><b>Per errades tecnol\u00f2giques alienes o pr\u00f2pies: <\/b><span style=\"font-weight: 400;\">La fundaci\u00f3 no ser\u00e0 responsable: (i) dels possibles danys o perjudicis que es puguin derivar d\u2019interfer\u00e8ncies, omissions, interrupcions, virus inform\u00e0tics, avaries telef\u00f2niques o desconnexions en el funcionament operatiu del sistema escollit (xarxa telef\u00f2nica, Internet, etc.), motivades per causes alienes a la fundaci\u00f3, (ii) de retards o bloquejos en l\u2019\u00fas del sistema escollit causats per defici\u00e8ncies o sobrec\u00e0rregues de l\u00ednies telef\u00f2niques o sobrec\u00e0rregues en el centre de processament de dades de l\u2019entitat, en el sistema d\u2019internet o en altres sistemes electr\u00f2nics, (iii) de danys que puguin ser a causa de terceres persones mitjan\u00e7ant intromissions il\u00b7leg\u00edtimes en el sistema escollit fora del control de la fundaci\u00f3. Aix\u00ed mateix, s\u2019exonera la fundaci\u00f3 de cap responsabilitat davant de qualsevol dany o perjudici que l\u2019usuari en qu\u00e8 l\u2019usuari pugui inc\u00f3rrer com a conseq\u00fc\u00e8ncia d\u2019errors, defectes o omissions en la informaci\u00f3 que proporciona la fundaci\u00f3, sempre que provingui de fonts alienes.<\/span><\/li>\n<\/ol>\n<p><b>Propietat intel\u00b7lectual<\/b><\/p>\n<p><span style=\"font-weight: 400;\">El copyright del material que cont\u00e9 aquesta p\u00e0gina web \u00e9s propietat de la fundaci\u00f3, llevat del que pertany a les seves empreses i entitats col\u00b7laboradores amb les quals hagi signat el contracte o conveni corresponents. L\u2019acc\u00e9s gratu\u00eft als continguts generals d\u2019aquesta p\u00e0gina web no implica altres drets o llic\u00e8ncia reproduir-los o distribuir-los sense l\u2019autoritzaci\u00f3 expressa de la fundaci\u00f3. Les marques, logotips, dissenys, imatges, mapes, b\u00e0ners, continguts, programari i els seus diferents codis font i objecte, aix\u00ed com altres elements integradors d\u2019aquest web, estan protegits per les lleis de propietat industrial i intel\u00b7lectual, i els tractats internacionals pertinents. La reproducci\u00f3, distribuci\u00f3, manipulaci\u00f3 o fragmentaci\u00f3 no autoritzats del codi font, dels algoritmes incorporats, o de les bases de dades, de forma total o parcial, donar\u00e0 lloc a greus penalitzacions tant civils com penals i ser\u00e0 objecte de totes les accions judicials que corresponguin d\u2019acord amb la legislaci\u00f3. En el cas dels dissenys o gr\u00e0fics que apareguin en aquesta p\u00e0gina web i que siguin de titularitat d\u2019empreses o entitats col\u00b7laboradores de la fundaci\u00f3, tamb\u00e9 s\u00f3n aplicables aquestes condicions i el mateix r\u00e8gim de protecci\u00f3, excepte amb el consentiment expr\u00e9s i per escrit d\u2019aquestes empreses o entitats.<\/span><\/p>\n<p><b>LSSICE: llei de serveis de la societat de la informaci\u00f3 i del comer\u00e7 electr\u00f2nic<\/b><\/p>\n<p><span style=\"font-weight: 400;\">La fundaci\u00f3 es compromet a complir les obligacions derivades de la Llei 34\/2002, d\u201911 de juliol, de serveis de la societat de la informaci\u00f3 i del comer\u00e7 electr\u00f2nic. En compliment del que estableix l\u2019article 10 d\u2019aquesta llei, s\u2019informa que les dades identificatives completes de la fundaci\u00f3 es detallen al primer apartat d\u2019aquest av\u00eds legal, \u201cIdentificaci\u00f3 de la fundaci\u00f3\u201d.<\/span><\/p>\n<p><span style=\"font-weight: 400;\">Per posar-se en contacte amb la fundaci\u00f3, la p\u00e0gina web posa a disposici\u00f3 dels usuaris diversos canals de contacte.<\/span><\/p>\n<p><b>Per\u00edode mitj\u00e0 de pagament de prove\u00efdors<\/b><\/p>\n<p><span style=\"font-weight: 400;\">En relaci\u00f3 amb el que preveu la Disposici\u00f3 Addicional 3a de la Llei 15\/2010, de 5 de juliol, de modificaci\u00f3 de la Llei 3\/2004, de 29 de desembre, per la qual s\u2019estableixen mesures de lluita contra la morositat en les operacions comercials de les societats mercantils, i d\u2019acord amb el principi de transpar\u00e8ncia que regeix l\u2019actuaci\u00f3 de la fundaci\u00f3, s\u2019informa que la fundaci\u00f3 t\u00e9 un per\u00edode mitj\u00e0 de pagament als seus prove\u00efdors de 25 dies, \u00e9s a dir, inferior al termini m\u00e0xim legal de pagament.<\/span><\/p>\n<p><b>Llei aplicable i jurisdicci\u00f3<\/b><\/p>\n<p><span style=\"font-weight: 400;\">Per a q\u00fcestions litigioses derivades de l\u2019exist\u00e8ncia, l\u2019acc\u00e9s, l\u2019\u00fas o el contingut d\u2019aquestes condicions generals, tant l\u2019usuari com la fundaci\u00f3, amb ren\u00fancia expressa a qualsevol altre privilegi que pugui correspondre en aquest cas, se sotmetran a la jurisdicci\u00f3 i compet\u00e8ncia exclusiva dels jutjats i tribunals de Barcelona.<\/span><\/p>\n","protected":false},"excerpt":{"rendered":"<p>AV\u00cdS LEGAL Identificaci\u00f3 de l\u2019entitat La informaci\u00f3 que cont\u00e9 aquesta p\u00e0gina web oficial fa refer\u00e8ncia a Fundaci\u00f3 Occident (d\u2019ara endavant, la fundaci\u00f3), amb NIF G-61559076 i domicili social a l\u2019avinguda Alcalde Barnils, 63, 08174, Sant Cugat del Vall\u00e8s (Barcelona), inscrita en el Registre de Fundacions&#8230;<\/p>\n","protected":false},"author":6,"featured_media":0,"parent":0,"menu_order":0,"comment_status":"closed","ping_status":"closed","template":"","meta":{"footnotes":"","_links_to":"","_links_to_target":""},"class_list":["post-6781","page","type-page","status-publish","hentry"],"yoast_head":"<!-- This site is optimized with the Yoast SEO plugin v26.3 - https:\/\/yoast.com\/wordpress\/plugins\/seo\/ -->\n<title>Av\u00eds legal - Xpress Tennis Cup<\/title>\n<meta name=\"robots\" content=\"index, follow, max-snippet:-1, max-image-preview:large, max-video-preview:-1\" \/>\n<link rel=\"canonical\" href=\"https:\/\/edicion.fundacionoccident.org\/tennis\/wp-json\/wp\/v2\/pages\/6781\" \/>\n<meta property=\"og:locale\" content=\"es_ES\" \/>\n<meta property=\"og:type\" content=\"article\" \/>\n<meta property=\"og:title\" content=\"Av\u00eds legal - Xpress Tennis Cup\" \/>\n<meta property=\"og:description\" content=\"AV\u00cdS LEGAL Identificaci\u00f3 de l\u2019entitat La informaci\u00f3 que cont\u00e9 aquesta p\u00e0gina web oficial fa refer\u00e8ncia a Fundaci\u00f3 Occident (d\u2019ara endavant, la fundaci\u00f3), amb NIF G-61559076 i domicili social a l\u2019avinguda Alcalde Barnils, 63, 08174, Sant Cugat del Vall\u00e8s (Barcelona), inscrita en el Registre de Fundacions...\" \/>\n<meta property=\"og:url\" content=\"https:\/\/edicion.fundacionoccident.org\/tennis\/cat\/avis-legal\" \/>\n<meta property=\"og:site_name\" content=\"Xpress Tennis Cup\" \/>\n<meta property=\"article:modified_time\" content=\"2024-01-11T12:07:23+00:00\" \/>\n<meta name=\"twitter:card\" content=\"summary_large_image\" \/>\n<meta name=\"twitter:label1\" content=\"Tiempo de lectura\" \/>\n\t<meta name=\"twitter:data1\" content=\"5 minutos\" \/>\n<script type=\"application\/ld+json\" class=\"yoast-schema-graph\">{\"@context\":\"https:\/\/schema.org\",\"@graph\":[{\"@type\":\"WebPage\",\"@id\":\"https:\/\/edicion.fundacionoccident.org\/tennis\/cat\/avis-legal\",\"url\":\"https:\/\/edicion.fundacionoccident.org\/tennis\/cat\/avis-legal\",\"name\":\"Av\u00eds legal - Xpress Tennis Cup\",\"isPartOf\":{\"@id\":\"https:\/\/edicion.fundacionoccident.org\/tennis\/#website\"},\"datePublished\":\"2021-01-20T15:26:17+00:00\",\"dateModified\":\"2024-01-11T12:07:23+00:00\",\"breadcrumb\":{\"@id\":\"https:\/\/edicion.fundacionoccident.org\/tennis\/cat\/avis-legal#breadcrumb\"},\"inLanguage\":\"es\",\"potentialAction\":[{\"@type\":\"ReadAction\",\"target\":[\"https:\/\/edicion.fundacionoccident.org\/tennis\/cat\/avis-legal\"]}]},{\"@type\":\"BreadcrumbList\",\"@id\":\"https:\/\/edicion.fundacionoccident.org\/tennis\/cat\/avis-legal#breadcrumb\",\"itemListElement\":[{\"@type\":\"ListItem\",\"position\":1,\"name\":\"Portada\",\"item\":\"https:\/\/edicion.fundacionoccident.org\/tennis\/\"},{\"@type\":\"ListItem\",\"position\":2,\"name\":\"Av\u00eds legal\"}]},{\"@type\":\"WebSite\",\"@id\":\"https:\/\/edicion.fundacionoccident.org\/tennis\/#website\",\"url\":\"https:\/\/edicion.fundacionoccident.org\/tennis\/\",\"name\":\"Xpress Tennis Cup\",\"description\":\"Fundaci\u00f3 Jes\u00fas Serra\",\"potentialAction\":[{\"@type\":\"SearchAction\",\"target\":{\"@type\":\"EntryPoint\",\"urlTemplate\":\"https:\/\/edicion.fundacionoccident.org\/tennis\/?s={search_term_string}\"},\"query-input\":{\"@type\":\"PropertyValueSpecification\",\"valueRequired\":true,\"valueName\":\"search_term_string\"}}],\"inLanguage\":\"es\"}]}<\/script>\n<!-- \/ Yoast SEO plugin. -->","yoast_head_json":{"title":"Av\u00eds legal - Xpress Tennis Cup","robots":{"index":"index","follow":"follow","max-snippet":"max-snippet:-1","max-image-preview":"max-image-preview:large","max-video-preview":"max-video-preview:-1"},"canonical":"https:\/\/edicion.fundacionoccident.org\/tennis\/wp-json\/wp\/v2\/pages\/6781","og_locale":"es_ES","og_type":"article","og_title":"Av\u00eds legal - Xpress Tennis Cup","og_description":"AV\u00cdS LEGAL Identificaci\u00f3 de l\u2019entitat La informaci\u00f3 que cont\u00e9 aquesta p\u00e0gina web oficial fa refer\u00e8ncia a Fundaci\u00f3 Occident (d\u2019ara endavant, la fundaci\u00f3), amb NIF G-61559076 i domicili social a l\u2019avinguda Alcalde Barnils, 63, 08174, Sant Cugat del Vall\u00e8s (Barcelona), inscrita en el Registre de Fundacions...","og_url":"https:\/\/edicion.fundacionoccident.org\/tennis\/cat\/avis-legal","og_site_name":"Xpress Tennis Cup","article_modified_time":"2024-01-11T12:07:23+00:00","twitter_card":"summary_large_image","twitter_misc":{"Tiempo de lectura":"5 minutos"},"schema":{"@context":"https:\/\/schema.org","@graph":[{"@type":"WebPage","@id":"https:\/\/edicion.fundacionoccident.org\/tennis\/cat\/avis-legal","url":"https:\/\/edicion.fundacionoccident.org\/tennis\/cat\/avis-legal","name":"Av\u00eds legal - Xpress Tennis Cup","isPartOf":{"@id":"https:\/\/edicion.fundacionoccident.org\/tennis\/#website"},"datePublished":"2021-01-20T15:26:17+00:00","dateModified":"2024-01-11T12:07:23+00:00","breadcrumb":{"@id":"https:\/\/edicion.fundacionoccident.org\/tennis\/cat\/avis-legal#breadcrumb"},"inLanguage":"es","potentialAction":[{"@type":"ReadAction","target":["https:\/\/edicion.fundacionoccident.org\/tennis\/cat\/avis-legal"]}]},{"@type":"BreadcrumbList","@id":"https:\/\/edicion.fundacionoccident.org\/tennis\/cat\/avis-legal#breadcrumb","itemListElement":[{"@type":"ListItem","position":1,"name":"Portada","item":"https:\/\/edicion.fundacionoccident.org\/tennis\/"},{"@type":"ListItem","position":2,"name":"Av\u00eds legal"}]},{"@type":"WebSite","@id":"https:\/\/edicion.fundacionoccident.org\/tennis\/#website","url":"https:\/\/edicion.fundacionoccident.org\/tennis\/","name":"Xpress Tennis Cup","description":"Fundaci\u00f3 Jes\u00fas Serra","potentialAction":[{"@type":"SearchAction","target":{"@type":"EntryPoint","urlTemplate":"https:\/\/edicion.fundacionoccident.org\/tennis\/?s={search_term_string}"},"query-input":{"@type":"PropertyValueSpecification","valueRequired":true,"valueName":"search_term_string"}}],"inLanguage":"es"}]}},"_links":{"self":[{"href":"https:\/\/edicion.fundacionoccident.org\/tennis\/wp-json\/wp\/v2\/pages\/6781","targetHints":{"allow":["GET"]}}],"collection":[{"href":"https:\/\/edicion.fundacionoccident.org\/tennis\/wp-json\/wp\/v2\/pages"}],"about":[{"href":"https:\/\/edicion.fundacionoccident.org\/tennis\/wp-json\/wp\/v2\/types\/page"}],"author":[{"embeddable":true,"href":"https:\/\/edicion.fundacionoccident.org\/tennis\/wp-json\/wp\/v2\/users\/6"}],"replies":[{"embeddable":true,"href":"https:\/\/edicion.fundacionoccident.org\/tennis\/wp-json\/wp\/v2\/comments?post=6781"}],"version-history":[{"count":2,"href":"https:\/\/edicion.fundacionoccident.org\/tennis\/wp-json\/wp\/v2\/pages\/6781\/revisions"}],"predecessor-version":[{"id":8508,"href":"https:\/\/edicion.fundacionoccident.org\/tennis\/wp-json\/wp\/v2\/pages\/6781\/revisions\/8508"}],"wp:attachment":[{"href":"https:\/\/edicion.fundacionoccident.org\/tennis\/wp-json\/wp\/v2\/media?parent=6781"}],"curies":[{"name":"wp","href":"https:\/\/api.w.org\/{rel}","templated":true}]}}