{"id":7344,"date":"2021-11-19T14:21:04","date_gmt":"2021-11-19T13:21:04","guid":{"rendered":"https:\/\/edicion.fundacionjesusserra.org\/tennis\/?page_id=7344"},"modified":"2024-12-03T12:58:18","modified_gmt":"2024-12-03T11:58:18","slug":"torneo-padel-cup","status":"publish","type":"page","link":"https:\/\/edicion.fundacionoccident.org\/tennis\/cat\/torneo-padel-cup","title":{"rendered":"Torneo Xpress Padel Cup"},"content":{"rendered":"<p>[vc_row css_animation=&#8221;&#8221; row_type=&#8221;row&#8221; use_row_as_full_screen_section=&#8221;no&#8221; type=&#8221;full_width&#8221; angled_section=&#8221;no&#8221; text_align=&#8221;left&#8221; background_image_as_pattern=&#8221;without_pattern&#8221;][vc_column][vc_single_image image=&#8221;8641&#8243; img_size=&#8221;full&#8221; qode_css_animation=&#8221;&#8221;][\/vc_column][\/vc_row][vc_row css_animation=&#8221;&#8221; row_type=&#8221;row&#8221; use_row_as_full_screen_section=&#8221;no&#8221; type=&#8221;grid&#8221; angled_section=&#8221;no&#8221; text_align=&#8221;left&#8221; background_image_as_pattern=&#8221;without_pattern&#8221; background_color=&#8221;#dadadc&#8221; css=&#8221;.vc_custom_1547145214092{padding-top: 40px !important;background-color: #ffffff !important;}&#8221;][vc_column][vc_column_text]<\/p>\n<h1 style=\"text-align: center;\">Xpress Padel Cup \u2013 El campionat de p\u00e0del per a empleats i mediadors Fundaci\u00f3 Occident<\/h1>\n<p>[\/vc_column_text][vc_empty_space height=&#8221;40&#8243;][vc_row_inner row_type=&#8221;row&#8221; type=&#8221;full_width&#8221; text_align=&#8221;left&#8221; css_animation=&#8221;&#8221; css=&#8221;.vc_custom_1547145258519{padding-bottom: 40px !important;}&#8221;][vc_column_inner][vc_column_text]<\/p>\n<p style=\"text-align: center;\">La Fundaci\u00f3 Occident, del GCO, i Wilson posen en marxa la 2\u00aa edici\u00f3 del <strong>Xpress Padel Cup<\/strong>. Es tracta d&#8217;un campionat de p\u00e0del\u00a0 del qual \u00e9s impulsar la pr\u00e0ctica d&#8217;aquest esport entre els empleats i mediadors de GCO, prioritzant els valors i la diversi\u00f3 per sobre de la competici\u00f3.<\/p>\n<p style=\"text-align: center;\">El torneig estar\u00e0 present a tres localitzacions a nivell nacional: Madrid, Bilbao, Val\u00e8ncia y Barcelona.<\/p>\n<p>[\/vc_column_text][\/vc_column_inner][\/vc_row_inner][vc_column_text]<\/p>\n<p style=\"text-align: center!important;\"><a class=\"button-cta\" href=\"\/tennis\/participa\" target=\"_blank\" rel=\"noopener noreferrer\">Participa<\/a><\/p>\n<p>[\/vc_column_text][\/vc_column][\/vc_row][vc_row css_animation=&#8221;&#8221; row_type=&#8221;row&#8221; use_row_as_full_screen_section=&#8221;no&#8221; type=&#8221;grid&#8221; angled_section=&#8221;no&#8221; text_align=&#8221;left&#8221; background_image_as_pattern=&#8221;without_pattern&#8221;][vc_column][vc_empty_space height=&#8221;100px&#8221;][vc_column_text]<\/p>\n<h2 style=\"text-align: center;\">\u00bfEn qu\u00e8 consisteix Xpress Padel Cup?<\/h2>\n<p>[\/vc_column_text][vc_empty_space height=&#8221;50px&#8221;][vc_column_text]<\/p>\n<p style=\"text-align: center;\">Xpress Padel Cup \u00e9s el projecte esportiu impulsat per la <strong>Fundaci\u00f3 Occident<\/strong> del GCO. La Xpress Padel Cup es va crear amb la voluntat de fomentar el p\u00e0del base amb una gran festa i un format innovador.<\/p>\n<p>[\/vc_column_text][vc_empty_space height=&#8221;50px&#8221;][\/vc_column][\/vc_row][vc_row css_animation=&#8221;&#8221; row_type=&#8221;row&#8221; use_row_as_full_screen_section=&#8221;no&#8221; type=&#8221;grid&#8221; angled_section=&#8221;no&#8221; text_align=&#8221;left&#8221; background_image_as_pattern=&#8221;without_pattern&#8221;][vc_column width=&#8221;1\/3&#8243;][vc_single_image image=&#8221;5998&#8243; img_size=&#8221;66&#215;75&#8243; alignment=&#8221;center&#8221; qode_css_animation=&#8221;&#8221;][vc_empty_space height=&#8221;20px&#8221;][vc_column_text]<\/p>\n<h3 style=\"text-align: center;\"><b>Format<\/b><\/h3>\n<p>&nbsp;<\/p>\n<p style=\"text-align: center;\">Xpress Padel Cup se celebra en una prova que reunir\u00e0 a participants de<strong> Catalunya, Pa\u00eds Basc, Comunitat Valenciana i la Comunitat de Madrid.<\/strong><\/p>\n<p>[\/vc_column_text][\/vc_column][vc_column width=&#8221;1\/3&#8243;][vc_single_image image=&#8221;5997&#8243; img_size=&#8221;66&#215;75&#8243; alignment=&#8221;center&#8221; qode_css_animation=&#8221;&#8221;][vc_empty_space height=&#8221;20px&#8221;][vc_column_text]<\/p>\n<h3 style=\"text-align: center;\">Participaci\u00f3<\/h3>\n<p>&nbsp;<\/p>\n<p style=\"text-align: center;\">Creat amb la voluntat de fomentar el p\u00e0del base, el torneig est\u00e0 obert a tots els empleats i mediadors de GCO qu\u00e8 hi vulgui participar.<\/p>\n<p>&nbsp;<\/p>\n<p style=\"text-align: center;\"><span style=\"font-weight: 400;\">Les inscripcions s\u00f3n gratu\u00eftes, i es poden realitzar a trav\u00e9s del seg\u00fcent link: <\/span><span style=\"text-decoration: underline;\"><span style=\"font-weight: 400;\">inscripci\u00f3 online<\/span><\/span><span style=\"font-weight: 400;\">.<\/span><\/p>\n<p style=\"text-align: center;\"><strong>\u00a1Les places s\u00f3n molt limitades!<\/strong><\/p>\n<p>[\/vc_column_text][\/vc_column][vc_column width=&#8221;1\/3&#8243;][vc_single_image image=&#8221;5994&#8243; img_size=&#8221;66&#215;75&#8243; alignment=&#8221;center&#8221; qode_css_animation=&#8221;&#8221;][vc_empty_space height=&#8221;20px&#8221;][vc_column_text]<\/p>\n<h3 style=\"text-align: center;\"><b>Premis<\/b><\/h3>\n<p>&nbsp;<\/p>\n<p style=\"text-align: center;\">Els participants rebran un complet welcome pack amb molts productes.<\/p>\n<p>&nbsp;<\/p>\n<p style=\"text-align: center;\">Les parelles finalistes i guanyadors rebran un trofeu i un obsequi del nostre col laborador Wilson<\/p>\n<p>[\/vc_column_text][\/vc_column][\/vc_row][vc_row css_animation=&#8221;&#8221; row_type=&#8221;row&#8221; use_row_as_full_screen_section=&#8221;no&#8221; type=&#8221;grid&#8221; angled_section=&#8221;no&#8221; text_align=&#8221;left&#8221; background_image_as_pattern=&#8221;without_pattern&#8221; background_color=&#8221;#dadadc&#8221; css=&#8221;.vc_custom_1547145214092{padding-top: 40px !important;background-color: #ffffff !important;}&#8221;][vc_column][vc_empty_space height=&#8221;50px&#8221;][vc_column_text]<\/p>\n<h2 style=\"text-align: center;\">Dates i seus 2\u00aa edici\u00f3 del campionat de p\u00e0del per a empleats i mediadors<\/h2>\n<p>[\/vc_column_text][vc_empty_space height=&#8221;20px&#8221;][vc_row_inner row_type=&#8221;row&#8221; type=&#8221;full_width&#8221; text_align=&#8221;left&#8221; css_animation=&#8221;&#8221; css=&#8221;.vc_custom_1547145258519{padding-bottom: 40px !important;}&#8221;][vc_column_inner width=&#8221;1\/3&#8243;][vc_empty_space height=&#8221;20px&#8221;][vc_column_text]<\/p>\n<h3>Torneig de Madrid<\/h3>\n<p><strong>Data i lloc: <\/strong>(pendent de confirmar)<\/p>\n<p><strong>Horari: <\/strong>(pendent de confirmar)[\/vc_column_text][\/vc_column_inner][vc_column_inner width=&#8221;1\/3&#8243;][vc_empty_space height=&#8221;20px&#8221;][vc_column_text]<\/p>\n<h3>Torneig de Bilbao<\/h3>\n<p><strong>Data i lloc: <\/strong>(pendent de confirmar)<\/p>\n<p><strong>Horari: <\/strong>(pendent de confirmar)[\/vc_column_text][\/vc_column_inner][vc_column_inner width=&#8221;1\/3&#8243;][vc_empty_space height=&#8221;20px&#8221;][vc_column_text]<\/p>\n<h3>Torneig de Catalunya<\/h3>\n<p><strong>Data i lloc: <\/strong>(pendent de confirmar)<\/p>\n<p><strong>Horari:\u00a0<\/strong>(pendent de confirmar)[\/vc_column_text][\/vc_column_inner][vc_column_inner width=&#8221;1\/3&#8243;][\/vc_column_inner][\/vc_row_inner][\/vc_column][\/vc_row][vc_row css_animation=&#8221;&#8221; row_type=&#8221;row&#8221; use_row_as_full_screen_section=&#8221;no&#8221; type=&#8221;full_width&#8221; angled_section=&#8221;no&#8221; text_align=&#8221;left&#8221; background_image_as_pattern=&#8221;without_pattern&#8221;][vc_column][vc_empty_space height=&#8221;50px&#8221;][vc_column_text]<\/p>\n<div>\n<div>\n<h2 style=\"text-align: center;\">M\u00e9s informaci\u00f3 sobre el torneig de p\u00e0del<\/h2>\n<\/div>\n<\/div>\n<div class=\"traductor-checkbox form-group\">\n<div class=\"row\">\n<div class=\"col-sm-offset-2 col-sm-5\"><\/div>\n<\/div>\n<\/div>\n<p>[\/vc_column_text][vc_empty_space height=&#8221;20px&#8221;][\/vc_column][\/vc_row][vc_row css_animation=&#8221;&#8221; row_type=&#8221;row&#8221; use_row_as_full_screen_section=&#8221;no&#8221; type=&#8221;grid&#8221; angled_section=&#8221;no&#8221; text_align=&#8221;center&#8221; background_image_as_pattern=&#8221;without_pattern&#8221; background_color=&#8221;#ffffff&#8221; padding_top=&#8221;40&#8243; css=&#8221;.vc_custom_1489168344094{background-color: #ffffff !important;}&#8221;][vc_column width=&#8221;1\/3&#8243;][vc_row_inner row_type=&#8221;row&#8221; type=&#8221;full_width&#8221; text_align=&#8221;left&#8221; css_animation=&#8221;&#8221;][vc_column_inner width=&#8221;1\/4&#8243;][vc_single_image image=&#8221;5995&#8243; img_size=&#8221;66&#215;75&#8243; qode_css_animation=&#8221;&#8221;][\/vc_column_inner][vc_column_inner width=&#8221;3\/4&#8243;][vc_column_text]<\/p>\n<h3>Normativa<\/h3>\n<p>[\/vc_column_text][vc_column_text]<\/p>\n<div id=\"tw-target-text-container\" class=\"tw-ta-container tw-nfl\">\n<p class=\"tw-data-text tw-ta tw-text-medium\" dir=\"ltr\" data-placeholder=\"Traducci\u00f3n\">Tot el que necessites saber sobre l&#8217;edici\u00f3 d&#8217;enguany.<\/p>\n<\/div>\n<p>[\/vc_column_text][\/vc_column_inner][\/vc_row_inner][vc_row_inner row_type=&#8221;row&#8221; type=&#8221;full_width&#8221; text_align=&#8221;left&#8221; padding_top=&#8221;35&#8243; css_animation=&#8221;&#8221;][vc_column_inner width=&#8221;1\/4&#8243;][vc_single_image image=&#8221;5999&#8243; img_size=&#8221;66&#215;75&#8243; qode_css_animation=&#8221;&#8221;][\/vc_column_inner][vc_column_inner width=&#8221;3\/4&#8243;][vc_column_text]<\/p>\n<h3><a href=\"\/tennis\/solidaridad\">Solidaritat<\/a><\/h3>\n<p>[\/vc_column_text][vc_column_text]Al Xpress Padel Cup podr\u00e0s descobrir i ajudar a una gran iniciativa lligada al p\u00e0del[\/vc_column_text][\/vc_column_inner][\/vc_row_inner][\/vc_column][vc_column width=&#8221;1\/3&#8243;][vc_row_inner row_type=&#8221;row&#8221; type=&#8221;full_width&#8221; text_align=&#8221;left&#8221; padding_top=&#8221;35&#8243; css_animation=&#8221;&#8221;][vc_column_inner width=&#8221;1\/4&#8243;][vc_single_image image=&#8221;5996&#8243; img_size=&#8221;66&#215;75&#8243; qode_css_animation=&#8221;&#8221;][\/vc_column_inner][vc_column_inner width=&#8221;3\/4&#8243;][vc_column_text]<\/p>\n<h3>Inscripci\u00f3<\/h3>\n<p>[\/vc_column_text][vc_column_text]Tota la informaci\u00f3 necess\u00e0ria per inscriure&#8217;t a la seu del torneig[\/vc_column_text][\/vc_column_inner][\/vc_row_inner][\/vc_column][vc_column width=&#8221;1\/3&#8243;][vc_row_inner row_type=&#8221;row&#8221; type=&#8221;full_width&#8221; text_align=&#8221;left&#8221; padding_top=&#8221;35&#8243; css_animation=&#8221;&#8221;][vc_column_inner width=&#8221;1\/4&#8243;][vc_single_image image=&#8221;5993&#8243; img_size=&#8221;66&#215;75&#8243; qode_css_animation=&#8221;&#8221;][\/vc_column_inner][vc_column_inner width=&#8221;3\/4&#8243;][vc_column_text]<\/p>\n<h3>Galeria<\/h3>\n<p>[\/vc_column_text][vc_column_text]Si has participat en el nostre torneig, aqu\u00ed podr\u00e0s veure totes les imatges i v\u00eddeo[\/vc_column_text][\/vc_column_inner][\/vc_row_inner][\/vc_column][\/vc_row][vc_row css_animation=&#8221;&#8221; row_type=&#8221;row&#8221; use_row_as_full_screen_section=&#8221;no&#8221; type=&#8221;full_width&#8221; angled_section=&#8221;no&#8221; text_align=&#8221;left&#8221; background_image_as_pattern=&#8221;without_pattern&#8221;][vc_column][vc_empty_space height=&#8221;80px&#8221;][vc_column_text]<\/p>\n<h2 style=\"text-align: center;\">Coneix Fundaci\u00f3 Occident<\/h2>\n<p>[\/vc_column_text][vc_empty_space height=&#8221;50px&#8221;][vc_video link=&#8221;https:\/\/youtu.be\/k-yzp9uBBhM&#8221; el_width=&#8221;50&#8243; align=&#8221;center&#8221;][vc_empty_space height=&#8221;20px&#8221;][\/vc_column][\/vc_row][vc_row css_animation=&#8221;&#8221; row_type=&#8221;row&#8221; use_row_as_full_screen_section=&#8221;no&#8221; type=&#8221;full_width&#8221; angled_section=&#8221;no&#8221; text_align=&#8221;left&#8221; background_image_as_pattern=&#8221;without_pattern&#8221;][vc_column][vc_empty_space height=&#8221;80px&#8221;][vc_column_text css=&#8221;.vc_custom_1704382509119{padding-bottom: 20px !important;}&#8221;]<\/p>\n<h2 style=\"text-align: center;\">Patrocinadors del campionat de p\u00e0del per a joves de la Fundaci\u00f3 Occident<\/h2>\n<p>[\/vc_column_text][\/vc_column][\/vc_row][vc_row css_animation=&#8221;&#8221; row_type=&#8221;row&#8221; use_row_as_full_screen_section=&#8221;no&#8221; type=&#8221;grid&#8221; angled_section=&#8221;no&#8221; text_align=&#8221;left&#8221; background_image_as_pattern=&#8221;without_pattern&#8221;][vc_column css=&#8221;.vc_custom_1601558146827{margin-top: 60px !important;}&#8221;][vc_column_text el_class=&#8221;h3&#8243;]<\/p>\n<p style=\"text-align: left;\"><strong>Una iniciativa de<\/strong><\/p>\n<p>[\/vc_column_text][vc_separator type=&#8221;normal&#8221;][vc_single_image image=&#8221;8588&#8243; img_size=&#8221;medium&#8221; alignment=&#8221;center&#8221; onclick=&#8221;custom_link&#8221; img_link_target=&#8221;_blank&#8221; qode_css_animation=&#8221;&#8221; css=&#8221;.vc_custom_1706098288028{margin-top: 35px !important;}&#8221; link=&#8221;https:\/\/www.fundacionoccident.org\/&#8221;][vc_empty_space height=&#8221;75px&#8221;][vc_column_text el_class=&#8221;h3&#8243;]<\/p>\n<p style=\"text-align: left;\"><strong>Col\u00b7laborador oficial<\/strong><\/p>\n<p>[\/vc_column_text][vc_separator type=&#8221;normal&#8221;][vc_single_image image=&#8221;6459&#8243; img_size=&#8221;196&#215;48&#8243; alignment=&#8221;center&#8221; onclick=&#8221;custom_link&#8221; img_link_target=&#8221;_blank&#8221; qode_css_animation=&#8221;&#8221; css=&#8221;.vc_custom_1603294791410{margin-top: 35px !important;}&#8221; link=&#8221;https:\/\/www.wilson.com\/es-es&#8221;][vc_empty_space height=&#8221;75px&#8221;][vc_column_text el_class=&#8221;h3&#8243;]<\/p>\n<p style=\"text-align: left;\"><strong>Partners<\/strong><\/p>\n<p>[\/vc_column_text][vc_separator type=&#8221;normal&#8221;][vc_row_inner row_type=&#8221;row&#8221; type=&#8221;full_width&#8221; text_align=&#8221;left&#8221; css_animation=&#8221;&#8221;][vc_column_inner width=&#8221;1\/3&#8243;][vc_empty_space height=&#8221;35px&#8221;][vc_single_image image=&#8221;6854&#8243; img_size=&#8221;130&#215;98&#8243; alignment=&#8221;center&#8221; onclick=&#8221;custom_link&#8221; qode_css_animation=&#8221;&#8221; link=&#8221;https:\/\/www.nectina.com\/&#8221;][\/vc_column_inner][\/vc_row_inner][\/vc_column][\/vc_row][vc_row css_animation=&#8221;&#8221; row_type=&#8221;row&#8221; use_row_as_full_screen_section=&#8221;no&#8221; type=&#8221;full_width&#8221; angled_section=&#8221;no&#8221; text_align=&#8221;left&#8221; background_image_as_pattern=&#8221;without_pattern&#8221;][vc_column][vc_empty_space height=&#8221;120px&#8221;][\/vc_column][\/vc_row]<\/p>\n","protected":false},"excerpt":{"rendered":"<p>[vc_row css_animation=&#8221;&#8221; row_type=&#8221;row&#8221; use_row_as_full_screen_section=&#8221;no&#8221; type=&#8221;full_width&#8221; angled_section=&#8221;no&#8221; text_align=&#8221;left&#8221; background_image_as_pattern=&#8221;without_pattern&#8221;][vc_column][vc_single_image image=&#8221;8641&#8243; img_size=&#8221;full&#8221; qode_css_animation=&#8221;&#8221;][\/vc_column][\/vc_row][vc_row css_animation=&#8221;&#8221; row_type=&#8221;row&#8221; use_row_as_full_screen_section=&#8221;no&#8221; type=&#8221;grid&#8221; angled_section=&#8221;no&#8221; text_align=&#8221;left&#8221; background_image_as_pattern=&#8221;without_pattern&#8221; background_color=&#8221;#dadadc&#8221; css=&#8221;.vc_custom_1547145214092{padding-top: 40px !important;background-color: #ffffff !important;}&#8221;][vc_column][vc_column_text] Xpress Padel Cup \u2013 El campionat de p\u00e0del per a empleats i mediadors Fundaci\u00f3 Occident [\/vc_column_text][vc_empty_space height=&#8221;40&#8243;][vc_row_inner row_type=&#8221;row&#8221; type=&#8221;full_width&#8221; text_align=&#8221;left&#8221; css_animation=&#8221;&#8221;&#8230;<\/p>\n","protected":false},"author":9,"featured_media":0,"parent":0,"menu_order":0,"comment_status":"closed","ping_status":"closed","template":"full_width.php","meta":{"footnotes":"","_links_to":"","_links_to_target":""},"class_list":["post-7344","page","type-page","status-publish","hentry"],"yoast_head":"<!-- This site is optimized with the Yoast SEO plugin v26.3 - https:\/\/yoast.com\/wordpress\/plugins\/seo\/ -->\n<title>Xpress Padel Cup | Campionat de p\u00e0del | Fundaci\u00f3 Occident<\/title>\n<meta name=\"description\" content=\"Xpress Padel Cup \u00e9s un campionat de p\u00e0del amb el qual la Fundaci\u00f3 Occident es proposa impulsar la pr\u00e0ctica del p\u00e0del i els seus valors.\" \/>\n<meta name=\"robots\" content=\"index, follow, max-snippet:-1, max-image-preview:large, max-video-preview:-1\" \/>\n<link rel=\"canonical\" href=\"https:\/\/edicion.fundacionoccident.org\/tennis\/wp-json\/wp\/v2\/pages\/7344\" \/>\n<meta property=\"og:locale\" content=\"es_ES\" \/>\n<meta property=\"og:type\" content=\"article\" \/>\n<meta property=\"og:title\" content=\"Xpress Padel Cup | Campionat de p\u00e0del | Fundaci\u00f3 Occident\" \/>\n<meta property=\"og:description\" content=\"Xpress Padel Cup \u00e9s un campionat de p\u00e0del amb el qual la Fundaci\u00f3 Occident es proposa impulsar la pr\u00e0ctica del p\u00e0del i els seus valors.\" \/>\n<meta property=\"og:url\" content=\"https:\/\/edicion.fundacionoccident.org\/tennis\/cat\/torneo-padel-cup\" \/>\n<meta property=\"og:site_name\" content=\"Xpress Tennis Cup\" \/>\n<meta property=\"article:modified_time\" content=\"2024-12-03T11:58:18+00:00\" \/>\n<meta name=\"twitter:card\" content=\"summary_large_image\" \/>\n<meta name=\"twitter:label1\" content=\"Tiempo de lectura\" \/>\n\t<meta name=\"twitter:data1\" content=\"3 minutos\" \/>\n<script type=\"application\/ld+json\" class=\"yoast-schema-graph\">{\"@context\":\"https:\/\/schema.org\",\"@graph\":[{\"@type\":\"WebPage\",\"@id\":\"https:\/\/edicion.fundacionoccident.org\/tennis\/cat\/torneo-padel-cup\",\"url\":\"https:\/\/edicion.fundacionoccident.org\/tennis\/cat\/torneo-padel-cup\",\"name\":\"Xpress Padel Cup | Campionat de p\u00e0del | Fundaci\u00f3 Occident\",\"isPartOf\":{\"@id\":\"https:\/\/edicion.fundacionoccident.org\/tennis\/#website\"},\"datePublished\":\"2021-11-19T13:21:04+00:00\",\"dateModified\":\"2024-12-03T11:58:18+00:00\",\"description\":\"Xpress Padel Cup \u00e9s un campionat de p\u00e0del amb el qual la Fundaci\u00f3 Occident es proposa impulsar la pr\u00e0ctica del p\u00e0del i els seus valors.\",\"breadcrumb\":{\"@id\":\"https:\/\/edicion.fundacionoccident.org\/tennis\/cat\/torneo-padel-cup#breadcrumb\"},\"inLanguage\":\"es\",\"potentialAction\":[{\"@type\":\"ReadAction\",\"target\":[\"https:\/\/edicion.fundacionoccident.org\/tennis\/cat\/torneo-padel-cup\"]}]},{\"@type\":\"BreadcrumbList\",\"@id\":\"https:\/\/edicion.fundacionoccident.org\/tennis\/cat\/torneo-padel-cup#breadcrumb\",\"itemListElement\":[{\"@type\":\"ListItem\",\"position\":1,\"name\":\"Portada\",\"item\":\"https:\/\/edicion.fundacionoccident.org\/tennis\/\"},{\"@type\":\"ListItem\",\"position\":2,\"name\":\"Torneo Xpress Padel Cup\"}]},{\"@type\":\"WebSite\",\"@id\":\"https:\/\/edicion.fundacionoccident.org\/tennis\/#website\",\"url\":\"https:\/\/edicion.fundacionoccident.org\/tennis\/\",\"name\":\"Xpress Tennis Cup\",\"description\":\"Fundaci\u00f3 Jes\u00fas Serra\",\"potentialAction\":[{\"@type\":\"SearchAction\",\"target\":{\"@type\":\"EntryPoint\",\"urlTemplate\":\"https:\/\/edicion.fundacionoccident.org\/tennis\/?s={search_term_string}\"},\"query-input\":{\"@type\":\"PropertyValueSpecification\",\"valueRequired\":true,\"valueName\":\"search_term_string\"}}],\"inLanguage\":\"es\"}]}<\/script>\n<!-- \/ Yoast SEO plugin. -->","yoast_head_json":{"title":"Xpress Padel Cup | Campionat de p\u00e0del | Fundaci\u00f3 Occident","description":"Xpress Padel Cup \u00e9s un campionat de p\u00e0del amb el qual la Fundaci\u00f3 Occident es proposa impulsar la pr\u00e0ctica del p\u00e0del i els seus valors.","robots":{"index":"index","follow":"follow","max-snippet":"max-snippet:-1","max-image-preview":"max-image-preview:large","max-video-preview":"max-video-preview:-1"},"canonical":"https:\/\/edicion.fundacionoccident.org\/tennis\/wp-json\/wp\/v2\/pages\/7344","og_locale":"es_ES","og_type":"article","og_title":"Xpress Padel Cup | Campionat de p\u00e0del | Fundaci\u00f3 Occident","og_description":"Xpress Padel Cup \u00e9s un campionat de p\u00e0del amb el qual la Fundaci\u00f3 Occident es proposa impulsar la pr\u00e0ctica del p\u00e0del i els seus valors.","og_url":"https:\/\/edicion.fundacionoccident.org\/tennis\/cat\/torneo-padel-cup","og_site_name":"Xpress Tennis Cup","article_modified_time":"2024-12-03T11:58:18+00:00","twitter_card":"summary_large_image","twitter_misc":{"Tiempo de lectura":"3 minutos"},"schema":{"@context":"https:\/\/schema.org","@graph":[{"@type":"WebPage","@id":"https:\/\/edicion.fundacionoccident.org\/tennis\/cat\/torneo-padel-cup","url":"https:\/\/edicion.fundacionoccident.org\/tennis\/cat\/torneo-padel-cup","name":"Xpress Padel Cup | Campionat de p\u00e0del | Fundaci\u00f3 Occident","isPartOf":{"@id":"https:\/\/edicion.fundacionoccident.org\/tennis\/#website"},"datePublished":"2021-11-19T13:21:04+00:00","dateModified":"2024-12-03T11:58:18+00:00","description":"Xpress Padel Cup \u00e9s un campionat de p\u00e0del amb el qual la Fundaci\u00f3 Occident es proposa impulsar la pr\u00e0ctica del p\u00e0del i els seus valors.","breadcrumb":{"@id":"https:\/\/edicion.fundacionoccident.org\/tennis\/cat\/torneo-padel-cup#breadcrumb"},"inLanguage":"es","potentialAction":[{"@type":"ReadAction","target":["https:\/\/edicion.fundacionoccident.org\/tennis\/cat\/torneo-padel-cup"]}]},{"@type":"BreadcrumbList","@id":"https:\/\/edicion.fundacionoccident.org\/tennis\/cat\/torneo-padel-cup#breadcrumb","itemListElement":[{"@type":"ListItem","position":1,"name":"Portada","item":"https:\/\/edicion.fundacionoccident.org\/tennis\/"},{"@type":"ListItem","position":2,"name":"Torneo Xpress Padel Cup"}]},{"@type":"WebSite","@id":"https:\/\/edicion.fundacionoccident.org\/tennis\/#website","url":"https:\/\/edicion.fundacionoccident.org\/tennis\/","name":"Xpress Tennis Cup","description":"Fundaci\u00f3 Jes\u00fas Serra","potentialAction":[{"@type":"SearchAction","target":{"@type":"EntryPoint","urlTemplate":"https:\/\/edicion.fundacionoccident.org\/tennis\/?s={search_term_string}"},"query-input":{"@type":"PropertyValueSpecification","valueRequired":true,"valueName":"search_term_string"}}],"inLanguage":"es"}]}},"_links":{"self":[{"href":"https:\/\/edicion.fundacionoccident.org\/tennis\/wp-json\/wp\/v2\/pages\/7344","targetHints":{"allow":["GET"]}}],"collection":[{"href":"https:\/\/edicion.fundacionoccident.org\/tennis\/wp-json\/wp\/v2\/pages"}],"about":[{"href":"https:\/\/edicion.fundacionoccident.org\/tennis\/wp-json\/wp\/v2\/types\/page"}],"author":[{"embeddable":true,"href":"https:\/\/edicion.fundacionoccident.org\/tennis\/wp-json\/wp\/v2\/users\/9"}],"replies":[{"embeddable":true,"href":"https:\/\/edicion.fundacionoccident.org\/tennis\/wp-json\/wp\/v2\/comments?post=7344"}],"version-history":[{"count":34,"href":"https:\/\/edicion.fundacionoccident.org\/tennis\/wp-json\/wp\/v2\/pages\/7344\/revisions"}],"predecessor-version":[{"id":9088,"href":"https:\/\/edicion.fundacionoccident.org\/tennis\/wp-json\/wp\/v2\/pages\/7344\/revisions\/9088"}],"wp:attachment":[{"href":"https:\/\/edicion.fundacionoccident.org\/tennis\/wp-json\/wp\/v2\/media?parent=7344"}],"curies":[{"name":"wp","href":"https:\/\/api.w.org\/{rel}","templated":true}]}}