{"id":7347,"date":"2021-11-19T14:37:03","date_gmt":"2021-11-19T13:37:03","guid":{"rendered":"https:\/\/edicion.fundacionjesusserra.org\/tennis\/?page_id=7347"},"modified":"2024-05-09T17:24:45","modified_gmt":"2024-05-09T15:24:45","slug":"normativa-xpress-padel-cup","status":"publish","type":"page","link":"https:\/\/edicion.fundacionoccident.org\/tennis\/cat\/torneo-padel-cup\/normativa-xpress-padel-cup","title":{"rendered":"Normativa Xpress Padel Cup"},"content":{"rendered":"<p>[vc_row css_animation=&#8221;&#8221; row_type=&#8221;row&#8221; use_row_as_full_screen_section=&#8221;no&#8221; type=&#8221;full_width&#8221; angled_section=&#8221;no&#8221; text_align=&#8221;left&#8221; background_image_as_pattern=&#8221;without_pattern&#8221;][vc_column][vc_single_image image=&#8221;8641&#8243; img_size=&#8221;1600&#215;481&#8243; alignment=&#8221;center&#8221; qode_css_animation=&#8221;&#8221;][\/vc_column][\/vc_row][vc_row css_animation=&#8221;&#8221; row_type=&#8221;row&#8221; use_row_as_full_screen_section=&#8221;no&#8221; type=&#8221;grid&#8221; anchor=&#8221;1600&#8243; angled_section=&#8221;no&#8221; text_align=&#8221;left&#8221; background_image_as_pattern=&#8221;without_pattern&#8221; background_color=&#8221;#ffffff&#8221; css=&#8221;.vc_custom_1489498678216{margin-right: 0px !important;margin-left: 0px !important;}&#8221;][vc_column][vc_empty_space height=&#8221;60px&#8221;][vc_row_inner row_type=&#8221;row&#8221; type=&#8221;full_width&#8221; text_align=&#8221;left&#8221; css_animation=&#8221;&#8221; css=&#8221;.vc_custom_1519635227727{padding-right: 30px !important;padding-left: 30px !important;}&#8221;][vc_column_inner][vc_column_text]<\/p>\n<h1><strong>Normativa Xpress Padel Cup<\/strong><\/h1>\n<p>[\/vc_column_text][vc_empty_space height=&#8221;20px&#8221;][vc_column_text]<\/p>\n<h3><strong>1. Objectius i introducci\u00f3<\/strong><\/h3>\n<p>\u2013\u00a0<span class=\"hiddenSpellError\">Xpress<\/span>\u00a0<span class=\"hiddenSpellError\">Padel<\/span> Cup \u00e9s un projecte esportiu de la Fundaci\u00f3 Occident.<br \/>\n\u2013Es tracta d&#8217;un format innovador ja utilitzat en el nostre torneig de\u00a0Tenis, competint per equips amb partits\u00a0<span class=\"hiddenSpellError\">xpress<\/span>\u00a0de 20 minuts.<br \/>\n\u2013 L&#8217;objectiu d&#8217;aquest campionat \u00e9s refor\u00e7ar els valors de l&#8217;esport, l&#8217;esfor\u00e7 personal, el treball en equip i la solidaritat entre els participants.<br \/>\n\u2013 Va dirigit a empleats i mediadors de GCO que competiran per parelles en una primera fase classificagtoria de grups i rondes finals.<\/p>\n<p>-El campionat comptar\u00e0 amb un torneig en Madrid, Getxo (Bilbao) i San Cugat (Barcelona).<\/p>\n<p>\u2013 Els guanyadors i finalistes de cadascuna de les categories seran premiats al final de l&#8217;esdeveniment.<\/p>\n<p>&nbsp;<\/p>\n<h3><strong>2. Format<\/strong><\/h3>\n<p><span class=\"Y2IQFc\" lang=\"ca\">El torneig es dur\u00e0 a terme en dues jornades de cap de setmana (dissabte i diumenge) on participaran 15 parelles de nivell principiant, dissabte, i 15 parelles de nivell mitj\u00e0-avan\u00e7at, diumenge.<\/span><\/p>\n<p id=\"tw-target-text\" class=\"tw-data-text tw-text-large tw-ta\" dir=\"ltr\" data-placeholder=\"Traducci\u00f3n\" aria-label=\"Texto traducido\" data-ved=\"2ahUKEwi2quj3nIOFAxVDUqQEHaqoCY8Q3ewLegQIBRAU\"><span class=\"Y2IQFc\" lang=\"ca\">Les 15 parelles que juguin cada dia seran formades a l&#8217;atzar independentment del g\u00e8nere o l&#8217;edat.<\/span><\/p>\n<p id=\"tw-target-text\" class=\"tw-data-text tw-text-large tw-ta\" dir=\"ltr\" data-placeholder=\"Traducci\u00f3n\" aria-label=\"Texto traducido\" data-ved=\"2ahUKEwi2quj3nIOFAxVDUqQEHaqoCY8Q3ewLegQIBRAU\"><span class=\"Y2IQFc\" lang=\"ca\">El format de joc ser\u00e0 una primera fase de grups on es classificaran les 3 primeres, 3 segones i 2 millors terceres parelles de cadascun dels tres grups que hi hagi. Quedaran de tal manera 8 parelles que jugaran ronda de quarts, semifinal i final del torneig.<\/span><\/p>\n<p><strong>Format de joc:<\/strong><br \/>\nPista: P\u00e0del (mides est\u00e0ndard:\u00a0<span class=\"hiddenSpellError\">10x20m<\/span>)<br \/>\nXarxa: al\u00e7ada al punt central de la xarxa\u00a0<span class=\"hiddenGrammarError\">0.88m<\/span>.<br \/>\nPilota: normals<br \/>\n<span class=\"hiddenGrammarError\">Durada partits<\/span>: 20 minuts.<\/p>\n<p>Servei:<\/p>\n<p>\u2013 Els serveis s&#8217;hauran de fer per baix (posant la pilota en joc).<br \/>\n\u2013<span class=\"Y2IQFc\" lang=\"ca\">Servir\u00e0 sempre l&#8217;equip que guanyi el punt anterior. Despr\u00e9s de cada joc, trauran els jugadors que no ho van fer a l&#8217;anterior joc i es canviar\u00e0 de costat de pista.<\/span><\/p>\n<p id=\"tw-target-text\" class=\"tw-data-text tw-text-large tw-ta\" dir=\"ltr\" data-placeholder=\"Traducci\u00f3n\" aria-label=\"Texto traducido\" data-ved=\"2ahUKEwi2quj3nIOFAxVDUqQEHaqoCY8Q3ewLegQIBRAU\"><span class=\"Y2IQFc\" lang=\"ca\">Cada partit tindr\u00e0 una durada de 20 minuts. Totes les parelles jugaran un m\u00ednim de 4 partits (80 minuts). <\/span><\/p>\n<p class=\"tw-data-text tw-text-large tw-ta\" dir=\"ltr\" data-placeholder=\"Traducci\u00f3n\" aria-label=\"Texto traducido\" data-ved=\"2ahUKEwi2quj3nIOFAxVDUqQEHaqoCY8Q3ewLegQIBRAU\"><span class=\"Y2IQFc\" lang=\"ca\">Es jugar\u00e0 amb el sistema de joc de tiebreak de 7 punts. En cas que hi hagi empat a 6, hi haur\u00e0 un punt d&#8217;or. <\/span><\/p>\n<p class=\"tw-data-text tw-text-large tw-ta\" dir=\"ltr\" data-placeholder=\"Traducci\u00f3n\" aria-label=\"Texto traducido\" data-ved=\"2ahUKEwi2quj3nIOFAxVDUqQEHaqoCY8Q3ewLegQIBRAU\"><span class=\"Y2IQFc\" lang=\"ca\">Es jugaran tants tiebreaks com temps en els 20 minuts de partit.<\/span><\/p>\n<h3><strong>3. Puntuaci\u00f3<\/strong><\/h3>\n<p>\u2013 Jocs amb punt\u00a0d&#8217;or.<br \/>\n\u2013 Es disputaran el nombre de jocs que siguin possibles en els 20 minuts de durada del partit.<br \/>\n\u2013 Quan falti un minut per a la conclusi\u00f3 del partit, els responsables del torneig informaran amb un av\u00eds sonor (pit) la disputa dels dos \u00faltims punts del partit.<br \/>\n\u2013 Els partits guanyats per incompareixen\u00e7a o falta de jugadors es consideraran guanyats pel resultat de 7-0.<\/p>\n<p>&nbsp;<\/p>\n<h3><strong>4. Guanyadors<\/strong><\/h3>\n<p id=\"tw-target-text\" class=\"tw-data-text tw-text-large tw-ta\" dir=\"ltr\" data-placeholder=\"Traducci\u00f3n\" aria-label=\"Texto traducido\" data-ved=\"2ahUKEwi2quj3nIOFAxVDUqQEHaqoCY8Q3ewLegQIBRAU\"><span class=\"Y2IQFc\" lang=\"ca\">La parella vencedora ser\u00e0 la que hagi guanyat m\u00e9s jocs o tiebreaks (finalitzats) al partit disputat.<\/span><\/p>\n<p id=\"tw-target-text\" class=\"tw-data-text tw-text-large tw-ta\" dir=\"ltr\" data-placeholder=\"Traducci\u00f3n\" aria-label=\"Texto traducido\" data-ved=\"2ahUKEwi2quj3nIOFAxVDUqQEHaqoCY8Q3ewLegQIBRAU\"><span class=\"Y2IQFc\" lang=\"ca\">En cas d&#8217;empat entre parellas, guanyar\u00e0 la parella que hagi guanyat m\u00e9s punts (tamb\u00e9 computant punts de jocs no finalitzats). Si encara persisteix l&#8217;empat, es disputar\u00e0 un joc extra de desempat.<\/span><\/p>\n<p><strong>Fase round robin<\/strong><\/p>\n<p>Dividits en grups, els equips jugaran fase round robin (tots contra tots).<\/p>\n<p><strong>Fase final<\/strong><\/p>\n<p id=\"tw-target-text\" class=\"tw-data-text tw-text-large tw-ta\" dir=\"ltr\" data-placeholder=\"Traducci\u00f3n\" aria-label=\"Texto traducido\" data-ved=\"2ahUKEwi2quj3nIOFAxVDUqQEHaqoCY8Q3ewLegQIBRAU\"><span class=\"Y2IQFc\" lang=\"ca\">Despr\u00e9s de disputar la fase round robin, passaran a la fase final les 3 primeres parelles, les 3 segones millors parelles i 2 millors terceres parelles dels tres grups.<\/span><\/p>\n<p id=\"tw-target-text\" class=\"tw-data-text tw-text-large tw-ta\" dir=\"ltr\" data-placeholder=\"Traducci\u00f3n\" aria-label=\"Texto traducido\" data-ved=\"2ahUKEwi2quj3nIOFAxVDUqQEHaqoCY8Q3ewLegQIBRAU\"><span class=\"Y2IQFc\" lang=\"ca\">Tamb\u00e9 es jugaran partits per tercer i quart lloc. En cas que hi hagi alguna variaci\u00f3 al global dels equips inscrits, el format s&#8217;adaptar\u00e0 segons criteris de l&#8217;organitzaci\u00f3.<\/span><\/p>\n<p class=\"tw-data-text tw-text-large tw-ta\" dir=\"ltr\" data-placeholder=\"Traducci\u00f3n\" aria-label=\"Texto traducido\" data-ved=\"2ahUKEwi2quj3nIOFAxVDUqQEHaqoCY8Q3ewLegQIBRAU\">En el cas que hi hagi alguna variaci\u00f3 en el global dels equips inscrits, el format\u00a0s&#8217;adaptar\u00e0\u00a0segons criteris de\u00a0l&#8217;organitzaci\u00f3.<\/p>\n<h3><strong>5. Inscripcions<\/strong><\/h3>\n<p>\u2013 Les inscripcions es poden fer exclusivament mitjan\u00e7ant el formulari que facilita l&#8217;organitzaci\u00f3.<\/p>\n<p>\u2013\u00a0L&#8217;organitzaci\u00f3\u00a0establir\u00e0 un termini\u00a0d&#8217;inscripci\u00f3.<br \/>\n\u2013 Qualsevol inscripci\u00f3 efectuada fora\u00a0d&#8217;aquest\u00a0termini no t\u00e9 garantida la seva participaci\u00f3 el torneig.<br \/>\n\u2013 No \u00e9s obligat\u00f2ria la llic\u00e8ncia federativa.<\/p>\n<p>&nbsp;<\/p>\n<h3><strong>6. Casos concrets<\/strong><\/h3>\n<p>Qualsevol altra situaci\u00f3 que es pugui donar durant el campionat i que no estigui reflectida en el reglament ser\u00e0 estudiada pel jutge \u00e0rbitre o la comissi\u00f3 esportiva si aquesta \u00e9s part implicada.<\/p>\n<p>&nbsp;<\/p>\n<p><strong>Disposicions Finals<\/strong><\/p>\n<p>Con la inscripci\u00f3n y \/ o participaci\u00f3n en esta actividad, todos los participantes conocen y aceptan la presente normativa, as\u00ed como quedan informados de lo siguiente:<\/p>\n<p>El responsable del tratamiento es la FUNDACI\u00d3N OCCIDENT, con N.I.F G-61.559.076 y domicilio social en la Avenida Alcalde Barnils, n\u00ba 63 de 08174 Sant Cugat del Vall\u00e8s (Barcelona), inscrita en el Registro de Fundaciones con el n\u00ba 355.<\/p>\n<p>A trav\u00e9s de la cumplimentaci\u00f3n del formulario inscripci\u00f3n prestan su consentimiento expreso para el tratamiento de los datos personales relativos a su imagen y\/o voz captados por la FUNDACI\u00d3N OCCIDENT, as\u00ed como, en su caso, su consentimiento expl\u00edcito para el tratamiento de los datos personales de salud, que se muestren en las im\u00e1genes captadas en el transcurso de la actividad organizada por \u00e9sta con la finalidad de ser divulgadas en su p\u00e1gina web, redes sociales, plataformas y revista.<\/p>\n<p>La autorizaci\u00f3n para la cesi\u00f3n de los derechos de imagen incluye todos los derechos de reproducci\u00f3n, transformaci\u00f3n, distribuci\u00f3n y comunicaci\u00f3n p\u00fablica de la grabaci\u00f3n o im\u00e1genes captadas. Se le advierte que la publicaci\u00f3n de las im\u00e1genes y\/o voz implica la comunicaci\u00f3n de dichos datos a terceros.<\/p>\n<p>La base legal del tratamiento es la obtenci\u00f3n del consentimiento del interesado, por lo que Ud. consiente de forma expresa y expl\u00edcita a trav\u00e9s de la marcaci\u00f3n de la casilla correspondiente en este documento, rubricado con su firma, el tratamiento de sus datos, que incluyen su imagen y\/o voz, as\u00ed como los de su hijo, hija o menor o incapacitado a su cargo y, en su caso, datos de salud. El interesado tendr\u00e1 derecho a retirar su consentimiento en cualquier momento. La retirada del consentimiento no afectar\u00e1 a la licitud del tratamiento basada en el consentimiento previo a su retirada.<\/p>\n<p>S\u00f3lo se tratar\u00e1n los datos para los fines que se han informado y obtenido su consentimiento y no se aplicar\u00e1n o utilizar\u00e1n con distinto fin, ni se comunicar\u00e1n a terceros, salvo obligaci\u00f3n legal. Los datos personales se conservar\u00e1n mientras sea necesario para el cumplimiento de su finalidad, aunque se podr\u00e1n conservar, debidamente bloqueados, en tanto pudieran derivarse responsabilidades de su relaci\u00f3n o que le resulte de aplicaci\u00f3n alguna excepci\u00f3n legal.<\/p>\n<p>En cualquier momento puede ejercer los derechos de acceso, rectificaci\u00f3n, supresi\u00f3n y oposici\u00f3n, limitar el tratamiento de sus datos, o ejercer el derecho a la portabilidad de \u00e9stos. Todo ello, mediante escrito, dirigido a la direcci\u00f3n de correo electr\u00f3nico <a href=\"mailto:dpo@gco.com\">dpo@gco.com<\/a> o a la direcci\u00f3n postal de la FUNDACI\u00d3N OCCIDENT indicada con anterioridad. En caso de disconformidad con el tratamiento, tambi\u00e9n tiene derecho a presentar una reclamaci\u00f3n ante la Agencia Espa\u00f1ola de Protecci\u00f3n de Datos (<a href=\"http:\/\/www.aepd.es\">www.aepd.es<\/a>).[\/vc_column_text][vc_empty_space height=&#8221;90px&#8221;][\/vc_column_inner][\/vc_row_inner][\/vc_column][\/vc_row]<\/p>\n","protected":false},"excerpt":{"rendered":"<p>[vc_row css_animation=&#8221;&#8221; row_type=&#8221;row&#8221; use_row_as_full_screen_section=&#8221;no&#8221; type=&#8221;full_width&#8221; angled_section=&#8221;no&#8221; text_align=&#8221;left&#8221; background_image_as_pattern=&#8221;without_pattern&#8221;][vc_column][vc_single_image image=&#8221;8641&#8243; img_size=&#8221;1600&#215;481&#8243; alignment=&#8221;center&#8221; qode_css_animation=&#8221;&#8221;][\/vc_column][\/vc_row][vc_row css_animation=&#8221;&#8221; row_type=&#8221;row&#8221; use_row_as_full_screen_section=&#8221;no&#8221; type=&#8221;grid&#8221; anchor=&#8221;1600&#8243; angled_section=&#8221;no&#8221; text_align=&#8221;left&#8221; background_image_as_pattern=&#8221;without_pattern&#8221; background_color=&#8221;#ffffff&#8221; css=&#8221;.vc_custom_1489498678216{margin-right: 0px !important;margin-left: 0px !important;}&#8221;][vc_column][vc_empty_space height=&#8221;60px&#8221;][vc_row_inner row_type=&#8221;row&#8221; type=&#8221;full_width&#8221; text_align=&#8221;left&#8221; css_animation=&#8221;&#8221; css=&#8221;.vc_custom_1519635227727{padding-right: 30px !important;padding-left: 30px !important;}&#8221;][vc_column_inner][vc_column_text] Normativa Xpress Padel Cup [\/vc_column_text][vc_empty_space height=&#8221;20px&#8221;][vc_column_text] 1. Objectius i&#8230;<\/p>\n","protected":false},"author":9,"featured_media":0,"parent":7344,"menu_order":0,"comment_status":"closed","ping_status":"closed","template":"full_width.php","meta":{"footnotes":"","_links_to":"","_links_to_target":""},"class_list":["post-7347","page","type-page","status-publish","hentry"],"yoast_head":"<!-- This site is optimized with the Yoast SEO plugin v26.3 - https:\/\/yoast.com\/wordpress\/plugins\/seo\/ -->\n<title>Normativa Xpress Padel Cup - Xpress Tennis Cup<\/title>\n<meta name=\"robots\" content=\"index, follow, max-snippet:-1, max-image-preview:large, max-video-preview:-1\" \/>\n<link rel=\"canonical\" href=\"https:\/\/edicion.fundacionoccident.org\/tennis\/wp-json\/wp\/v2\/pages\/7347\" \/>\n<meta property=\"og:locale\" content=\"es_ES\" \/>\n<meta property=\"og:type\" content=\"article\" \/>\n<meta property=\"og:title\" content=\"Normativa Xpress Padel Cup - Xpress Tennis Cup\" \/>\n<meta property=\"og:description\" content=\"[vc_row css_animation=&#8221;&#8221; row_type=&#8221;row&#8221; use_row_as_full_screen_section=&#8221;no&#8221; type=&#8221;full_width&#8221; angled_section=&#8221;no&#8221; text_align=&#8221;left&#8221; background_image_as_pattern=&#8221;without_pattern&#8221;][vc_column][vc_single_image image=&#8221;8641&#8243; img_size=&#8221;1600&#215;481&#8243; alignment=&#8221;center&#8221; qode_css_animation=&#8221;&#8221;][\/vc_column][\/vc_row][vc_row css_animation=&#8221;&#8221; row_type=&#8221;row&#8221; use_row_as_full_screen_section=&#8221;no&#8221; type=&#8221;grid&#8221; anchor=&#8221;1600&#8243; angled_section=&#8221;no&#8221; text_align=&#8221;left&#8221; background_image_as_pattern=&#8221;without_pattern&#8221; background_color=&#8221;#ffffff&#8221; css=&#8221;.vc_custom_1489498678216{margin-right: 0px !important;margin-left: 0px !important;}&#8221;][vc_column][vc_empty_space height=&#8221;60px&#8221;][vc_row_inner row_type=&#8221;row&#8221; type=&#8221;full_width&#8221; text_align=&#8221;left&#8221; css_animation=&#8221;&#8221; css=&#8221;.vc_custom_1519635227727{padding-right: 30px !important;padding-left: 30px !important;}&#8221;][vc_column_inner][vc_column_text] Normativa Xpress Padel Cup [\/vc_column_text][vc_empty_space height=&#8221;20px&#8221;][vc_column_text] 1. Objectius i...\" \/>\n<meta property=\"og:url\" content=\"https:\/\/edicion.fundacionoccident.org\/tennis\/cat\/torneo-padel-cup\/normativa-xpress-padel-cup\" \/>\n<meta property=\"og:site_name\" content=\"Xpress Tennis Cup\" \/>\n<meta property=\"article:modified_time\" content=\"2024-05-09T15:24:45+00:00\" \/>\n<meta name=\"twitter:card\" content=\"summary_large_image\" \/>\n<meta name=\"twitter:label1\" content=\"Tiempo de lectura\" \/>\n\t<meta name=\"twitter:data1\" content=\"5 minutos\" \/>\n<script type=\"application\/ld+json\" class=\"yoast-schema-graph\">{\"@context\":\"https:\/\/schema.org\",\"@graph\":[{\"@type\":\"WebPage\",\"@id\":\"https:\/\/edicion.fundacionoccident.org\/tennis\/cat\/torneo-padel-cup\/normativa-xpress-padel-cup\",\"url\":\"https:\/\/edicion.fundacionoccident.org\/tennis\/cat\/torneo-padel-cup\/normativa-xpress-padel-cup\",\"name\":\"Normativa Xpress Padel Cup - Xpress Tennis Cup\",\"isPartOf\":{\"@id\":\"https:\/\/edicion.fundacionoccident.org\/tennis\/#website\"},\"datePublished\":\"2021-11-19T13:37:03+00:00\",\"dateModified\":\"2024-05-09T15:24:45+00:00\",\"breadcrumb\":{\"@id\":\"https:\/\/edicion.fundacionoccident.org\/tennis\/cat\/torneo-padel-cup\/normativa-xpress-padel-cup#breadcrumb\"},\"inLanguage\":\"es\",\"potentialAction\":[{\"@type\":\"ReadAction\",\"target\":[\"https:\/\/edicion.fundacionoccident.org\/tennis\/cat\/torneo-padel-cup\/normativa-xpress-padel-cup\"]}]},{\"@type\":\"BreadcrumbList\",\"@id\":\"https:\/\/edicion.fundacionoccident.org\/tennis\/cat\/torneo-padel-cup\/normativa-xpress-padel-cup#breadcrumb\",\"itemListElement\":[{\"@type\":\"ListItem\",\"position\":1,\"name\":\"Portada\",\"item\":\"https:\/\/edicion.fundacionoccident.org\/tennis\/\"},{\"@type\":\"ListItem\",\"position\":2,\"name\":\"Torneo Xpress Padel Cup\",\"item\":\"https:\/\/edicion.fundacionoccident.org\/tennis\/cat\/torneo-padel-cup\"},{\"@type\":\"ListItem\",\"position\":3,\"name\":\"Normativa Xpress Padel Cup\"}]},{\"@type\":\"WebSite\",\"@id\":\"https:\/\/edicion.fundacionoccident.org\/tennis\/#website\",\"url\":\"https:\/\/edicion.fundacionoccident.org\/tennis\/\",\"name\":\"Xpress Tennis Cup\",\"description\":\"Fundaci\u00f3 Jes\u00fas Serra\",\"potentialAction\":[{\"@type\":\"SearchAction\",\"target\":{\"@type\":\"EntryPoint\",\"urlTemplate\":\"https:\/\/edicion.fundacionoccident.org\/tennis\/?s={search_term_string}\"},\"query-input\":{\"@type\":\"PropertyValueSpecification\",\"valueRequired\":true,\"valueName\":\"search_term_string\"}}],\"inLanguage\":\"es\"}]}<\/script>\n<!-- \/ Yoast SEO plugin. -->","yoast_head_json":{"title":"Normativa Xpress Padel Cup - Xpress Tennis Cup","robots":{"index":"index","follow":"follow","max-snippet":"max-snippet:-1","max-image-preview":"max-image-preview:large","max-video-preview":"max-video-preview:-1"},"canonical":"https:\/\/edicion.fundacionoccident.org\/tennis\/wp-json\/wp\/v2\/pages\/7347","og_locale":"es_ES","og_type":"article","og_title":"Normativa Xpress Padel Cup - Xpress Tennis Cup","og_description":"[vc_row css_animation=&#8221;&#8221; row_type=&#8221;row&#8221; use_row_as_full_screen_section=&#8221;no&#8221; type=&#8221;full_width&#8221; angled_section=&#8221;no&#8221; text_align=&#8221;left&#8221; background_image_as_pattern=&#8221;without_pattern&#8221;][vc_column][vc_single_image image=&#8221;8641&#8243; img_size=&#8221;1600&#215;481&#8243; alignment=&#8221;center&#8221; qode_css_animation=&#8221;&#8221;][\/vc_column][\/vc_row][vc_row css_animation=&#8221;&#8221; row_type=&#8221;row&#8221; use_row_as_full_screen_section=&#8221;no&#8221; type=&#8221;grid&#8221; anchor=&#8221;1600&#8243; angled_section=&#8221;no&#8221; text_align=&#8221;left&#8221; background_image_as_pattern=&#8221;without_pattern&#8221; background_color=&#8221;#ffffff&#8221; css=&#8221;.vc_custom_1489498678216{margin-right: 0px !important;margin-left: 0px !important;}&#8221;][vc_column][vc_empty_space height=&#8221;60px&#8221;][vc_row_inner row_type=&#8221;row&#8221; type=&#8221;full_width&#8221; text_align=&#8221;left&#8221; css_animation=&#8221;&#8221; css=&#8221;.vc_custom_1519635227727{padding-right: 30px !important;padding-left: 30px !important;}&#8221;][vc_column_inner][vc_column_text] Normativa Xpress Padel Cup [\/vc_column_text][vc_empty_space height=&#8221;20px&#8221;][vc_column_text] 1. Objectius i...","og_url":"https:\/\/edicion.fundacionoccident.org\/tennis\/cat\/torneo-padel-cup\/normativa-xpress-padel-cup","og_site_name":"Xpress Tennis Cup","article_modified_time":"2024-05-09T15:24:45+00:00","twitter_card":"summary_large_image","twitter_misc":{"Tiempo de lectura":"5 minutos"},"schema":{"@context":"https:\/\/schema.org","@graph":[{"@type":"WebPage","@id":"https:\/\/edicion.fundacionoccident.org\/tennis\/cat\/torneo-padel-cup\/normativa-xpress-padel-cup","url":"https:\/\/edicion.fundacionoccident.org\/tennis\/cat\/torneo-padel-cup\/normativa-xpress-padel-cup","name":"Normativa Xpress Padel Cup - Xpress Tennis Cup","isPartOf":{"@id":"https:\/\/edicion.fundacionoccident.org\/tennis\/#website"},"datePublished":"2021-11-19T13:37:03+00:00","dateModified":"2024-05-09T15:24:45+00:00","breadcrumb":{"@id":"https:\/\/edicion.fundacionoccident.org\/tennis\/cat\/torneo-padel-cup\/normativa-xpress-padel-cup#breadcrumb"},"inLanguage":"es","potentialAction":[{"@type":"ReadAction","target":["https:\/\/edicion.fundacionoccident.org\/tennis\/cat\/torneo-padel-cup\/normativa-xpress-padel-cup"]}]},{"@type":"BreadcrumbList","@id":"https:\/\/edicion.fundacionoccident.org\/tennis\/cat\/torneo-padel-cup\/normativa-xpress-padel-cup#breadcrumb","itemListElement":[{"@type":"ListItem","position":1,"name":"Portada","item":"https:\/\/edicion.fundacionoccident.org\/tennis\/"},{"@type":"ListItem","position":2,"name":"Torneo Xpress Padel Cup","item":"https:\/\/edicion.fundacionoccident.org\/tennis\/cat\/torneo-padel-cup"},{"@type":"ListItem","position":3,"name":"Normativa Xpress Padel Cup"}]},{"@type":"WebSite","@id":"https:\/\/edicion.fundacionoccident.org\/tennis\/#website","url":"https:\/\/edicion.fundacionoccident.org\/tennis\/","name":"Xpress Tennis Cup","description":"Fundaci\u00f3 Jes\u00fas Serra","potentialAction":[{"@type":"SearchAction","target":{"@type":"EntryPoint","urlTemplate":"https:\/\/edicion.fundacionoccident.org\/tennis\/?s={search_term_string}"},"query-input":{"@type":"PropertyValueSpecification","valueRequired":true,"valueName":"search_term_string"}}],"inLanguage":"es"}]}},"_links":{"self":[{"href":"https:\/\/edicion.fundacionoccident.org\/tennis\/wp-json\/wp\/v2\/pages\/7347","targetHints":{"allow":["GET"]}}],"collection":[{"href":"https:\/\/edicion.fundacionoccident.org\/tennis\/wp-json\/wp\/v2\/pages"}],"about":[{"href":"https:\/\/edicion.fundacionoccident.org\/tennis\/wp-json\/wp\/v2\/types\/page"}],"author":[{"embeddable":true,"href":"https:\/\/edicion.fundacionoccident.org\/tennis\/wp-json\/wp\/v2\/users\/9"}],"replies":[{"embeddable":true,"href":"https:\/\/edicion.fundacionoccident.org\/tennis\/wp-json\/wp\/v2\/comments?post=7347"}],"version-history":[{"count":19,"href":"https:\/\/edicion.fundacionoccident.org\/tennis\/wp-json\/wp\/v2\/pages\/7347\/revisions"}],"predecessor-version":[{"id":8872,"href":"https:\/\/edicion.fundacionoccident.org\/tennis\/wp-json\/wp\/v2\/pages\/7347\/revisions\/8872"}],"up":[{"embeddable":true,"href":"https:\/\/edicion.fundacionoccident.org\/tennis\/wp-json\/wp\/v2\/pages\/7344"}],"wp:attachment":[{"href":"https:\/\/edicion.fundacionoccident.org\/tennis\/wp-json\/wp\/v2\/media?parent=7347"}],"curies":[{"name":"wp","href":"https:\/\/api.w.org\/{rel}","templated":true}]}}