{"id":7349,"date":"2021-11-19T14:41:03","date_gmt":"2021-11-19T13:41:03","guid":{"rendered":"https:\/\/edicion.fundacionjesusserra.org\/tennis\/?page_id=7349"},"modified":"2024-04-03T12:26:03","modified_gmt":"2024-04-03T10:26:03","slug":"participa-xpress-padel-cup","status":"publish","type":"page","link":"https:\/\/edicion.fundacionoccident.org\/tennis\/cat\/torneo-padel-cup\/participa-xpress-padel-cup","title":{"rendered":"Participa Xpress Padel Cup"},"content":{"rendered":"<p>[vc_row css_animation=&#8221;&#8221; row_type=&#8221;row&#8221; use_row_as_full_screen_section=&#8221;no&#8221; type=&#8221;full_width&#8221; angled_section=&#8221;no&#8221; text_align=&#8221;left&#8221; background_image_as_pattern=&#8221;without_pattern&#8221;][vc_column][vc_column_text]<\/p>\n<h1>Inscripci\u00f3 Xpress Padel Cup<\/h1>\n<p>[\/vc_column_text][vc_column_text]Llegir atentament les instruccions i seguir els passos seg\u00fcents:<\/p>\n<p><span style=\"color: #000000;\"><strong>Pas 1 \u2013 Formulari inscripci\u00f3<\/strong><\/span><\/p>\n<ul>\n<li><a href=\"https:\/\/www.fundacionoccident.org\/xpress-tennis-cup\/wp-content\/uploads\/2024\/02\/Formulario-inscripcio\u0301n-XTC-24.xlsx\" target=\"_blank\" rel=\"noopener noreferrer\"><span style=\"text-decoration: underline;\">Desc\u00e0rgat aqu\u00ed el formulari d&#8217;inscripci\u00f3<\/span><\/a><\/li>\n<li>Omple totes les dades<\/li>\n<li>Tramet el formulari a l&#8217;organitzaci\u00f3: <a href=\"mailto:xpresstenniscup@gmail.com\">xpresstenniscup@gmail.com<\/a><\/li>\n<\/ul>\n<p><span style=\"color: #000000;\"><strong>Pas 2 \u2013 Consentiment de imatge i veu<\/strong><\/span><\/p>\n<ul>\n<li><a href=\"https:\/\/www.fundacionoccident.org\/xpress-tennis-cup\/wp-content\/uploads\/2024\/04\/Cesio%CC%81n-derechos-imagen.docx\">Desc\u00e0rgat aqu\u00ed el formulari d&#8217;inscripci\u00f3<\/a><\/li>\n<li>Omple totes les dades<\/li>\n<li>Trament el formulari a l&#8217;organitzacio: <a href=\"mailto:xpresstenniscup@fundacionoccident.com\">xpresstenniscup@fundacionoccident.com<\/a><\/li>\n<\/ul>\n<p>El responsable de cada club ser\u00e0 l&#8217;encarregat de fer arribar aquest document a l&#8217;organitzaci\u00f3-<\/p>\n<p>&nbsp;<\/p>\n<p><strong>Important:<\/strong><\/p>\n<ul>\n<li>La pla\u00e7a d&#8217;inscripci\u00f3 quedar\u00e0 reservada en completar e pas 1.<\/li>\n<li>El termini d&#8217;inscripci\u00f3 finalitza el dilluns abans de cada prova o quan es completin les places disponibles<\/li>\n<\/ul>\n<p>&nbsp;<\/p>\n<p><strong>Normativa i FAQ:<\/strong>\u00a0\u00a0<span style=\"text-decoration: underline;\"><a href=\"http:\/\/www.fundacionoccident.org\/tennis\/faq\" target=\"_blank\" rel=\"noopener noreferrer\">Tota la informaci\u00f3 \u00bb<\/a><\/span><\/p>\n<p>&nbsp;<\/p>\n<p>Qualsevol dubte, <a href=\"http:\/\/www.fundacionoccident.org\/tennis\/contacto\"><span style=\"text-decoration: underline;\">contacta amb nosaltres<\/span><\/a>.[\/vc_column_text][vc_empty_space][\/vc_column][\/vc_row]<\/p>\n","protected":false},"excerpt":{"rendered":"<p>[vc_row css_animation=&#8221;&#8221; row_type=&#8221;row&#8221; use_row_as_full_screen_section=&#8221;no&#8221; type=&#8221;full_width&#8221; angled_section=&#8221;no&#8221; text_align=&#8221;left&#8221; background_image_as_pattern=&#8221;without_pattern&#8221;][vc_column][vc_column_text] Inscripci\u00f3 Xpress Padel Cup [\/vc_column_text][vc_column_text]Llegir atentament les instruccions i seguir els passos seg\u00fcents: Pas 1 \u2013 Formulari inscripci\u00f3 Desc\u00e0rgat aqu\u00ed el formulari d&#8217;inscripci\u00f3 Omple totes les dades Tramet el formulari a l&#8217;organitzaci\u00f3: xpresstenniscup@gmail.com Pas 2 \u2013 Consentiment&#8230;<\/p>\n","protected":false},"author":9,"featured_media":0,"parent":7344,"menu_order":0,"comment_status":"closed","ping_status":"closed","template":"","meta":{"footnotes":"","_links_to":"","_links_to_target":""},"class_list":["post-7349","page","type-page","status-publish","hentry"],"yoast_head":"<!-- This site is optimized with the Yoast SEO plugin v26.3 - https:\/\/yoast.com\/wordpress\/plugins\/seo\/ -->\n<title>Participa Xpress Padel Cup - Xpress Tennis Cup<\/title>\n<meta name=\"robots\" content=\"index, follow, max-snippet:-1, max-image-preview:large, max-video-preview:-1\" \/>\n<link rel=\"canonical\" href=\"https:\/\/edicion.fundacionoccident.org\/tennis\/wp-json\/wp\/v2\/pages\/7349\" \/>\n<meta property=\"og:locale\" content=\"es_ES\" \/>\n<meta property=\"og:type\" content=\"article\" \/>\n<meta property=\"og:title\" content=\"Participa Xpress Padel Cup - Xpress Tennis Cup\" \/>\n<meta property=\"og:description\" content=\"[vc_row css_animation=&#8221;&#8221; row_type=&#8221;row&#8221; use_row_as_full_screen_section=&#8221;no&#8221; type=&#8221;full_width&#8221; angled_section=&#8221;no&#8221; text_align=&#8221;left&#8221; background_image_as_pattern=&#8221;without_pattern&#8221;][vc_column][vc_column_text] Inscripci\u00f3 Xpress Padel Cup [\/vc_column_text][vc_column_text]Llegir atentament les instruccions i seguir els passos seg\u00fcents: Pas 1 \u2013 Formulari inscripci\u00f3 Desc\u00e0rgat aqu\u00ed el formulari d&#8217;inscripci\u00f3 Omple totes les dades Tramet el formulari a l&#8217;organitzaci\u00f3: xpresstenniscup@gmail.com Pas 2 \u2013 Consentiment...\" \/>\n<meta property=\"og:url\" content=\"https:\/\/edicion.fundacionoccident.org\/tennis\/cat\/torneo-padel-cup\/participa-xpress-padel-cup\" \/>\n<meta property=\"og:site_name\" content=\"Xpress Tennis Cup\" \/>\n<meta property=\"article:modified_time\" content=\"2024-04-03T10:26:03+00:00\" \/>\n<meta name=\"twitter:card\" content=\"summary_large_image\" \/>\n<meta name=\"twitter:label1\" content=\"Tiempo de lectura\" \/>\n\t<meta name=\"twitter:data1\" content=\"1 minuto\" \/>\n<script type=\"application\/ld+json\" class=\"yoast-schema-graph\">{\"@context\":\"https:\/\/schema.org\",\"@graph\":[{\"@type\":\"WebPage\",\"@id\":\"https:\/\/edicion.fundacionoccident.org\/tennis\/cat\/torneo-padel-cup\/participa-xpress-padel-cup\",\"url\":\"https:\/\/edicion.fundacionoccident.org\/tennis\/cat\/torneo-padel-cup\/participa-xpress-padel-cup\",\"name\":\"Participa Xpress Padel Cup - Xpress Tennis Cup\",\"isPartOf\":{\"@id\":\"https:\/\/edicion.fundacionoccident.org\/tennis\/#website\"},\"datePublished\":\"2021-11-19T13:41:03+00:00\",\"dateModified\":\"2024-04-03T10:26:03+00:00\",\"breadcrumb\":{\"@id\":\"https:\/\/edicion.fundacionoccident.org\/tennis\/cat\/torneo-padel-cup\/participa-xpress-padel-cup#breadcrumb\"},\"inLanguage\":\"es\",\"potentialAction\":[{\"@type\":\"ReadAction\",\"target\":[\"https:\/\/edicion.fundacionoccident.org\/tennis\/cat\/torneo-padel-cup\/participa-xpress-padel-cup\"]}]},{\"@type\":\"BreadcrumbList\",\"@id\":\"https:\/\/edicion.fundacionoccident.org\/tennis\/cat\/torneo-padel-cup\/participa-xpress-padel-cup#breadcrumb\",\"itemListElement\":[{\"@type\":\"ListItem\",\"position\":1,\"name\":\"Portada\",\"item\":\"https:\/\/edicion.fundacionoccident.org\/tennis\/\"},{\"@type\":\"ListItem\",\"position\":2,\"name\":\"Torneo Xpress Padel Cup\",\"item\":\"https:\/\/edicion.fundacionoccident.org\/tennis\/cat\/torneo-padel-cup\"},{\"@type\":\"ListItem\",\"position\":3,\"name\":\"Participa Xpress Padel Cup\"}]},{\"@type\":\"WebSite\",\"@id\":\"https:\/\/edicion.fundacionoccident.org\/tennis\/#website\",\"url\":\"https:\/\/edicion.fundacionoccident.org\/tennis\/\",\"name\":\"Xpress Tennis Cup\",\"description\":\"Fundaci\u00f3 Jes\u00fas Serra\",\"potentialAction\":[{\"@type\":\"SearchAction\",\"target\":{\"@type\":\"EntryPoint\",\"urlTemplate\":\"https:\/\/edicion.fundacionoccident.org\/tennis\/?s={search_term_string}\"},\"query-input\":{\"@type\":\"PropertyValueSpecification\",\"valueRequired\":true,\"valueName\":\"search_term_string\"}}],\"inLanguage\":\"es\"}]}<\/script>\n<!-- \/ Yoast SEO plugin. -->","yoast_head_json":{"title":"Participa Xpress Padel Cup - Xpress Tennis Cup","robots":{"index":"index","follow":"follow","max-snippet":"max-snippet:-1","max-image-preview":"max-image-preview:large","max-video-preview":"max-video-preview:-1"},"canonical":"https:\/\/edicion.fundacionoccident.org\/tennis\/wp-json\/wp\/v2\/pages\/7349","og_locale":"es_ES","og_type":"article","og_title":"Participa Xpress Padel Cup - Xpress Tennis Cup","og_description":"[vc_row css_animation=&#8221;&#8221; row_type=&#8221;row&#8221; use_row_as_full_screen_section=&#8221;no&#8221; type=&#8221;full_width&#8221; angled_section=&#8221;no&#8221; text_align=&#8221;left&#8221; background_image_as_pattern=&#8221;without_pattern&#8221;][vc_column][vc_column_text] Inscripci\u00f3 Xpress Padel Cup [\/vc_column_text][vc_column_text]Llegir atentament les instruccions i seguir els passos seg\u00fcents: Pas 1 \u2013 Formulari inscripci\u00f3 Desc\u00e0rgat aqu\u00ed el formulari d&#8217;inscripci\u00f3 Omple totes les dades Tramet el formulari a l&#8217;organitzaci\u00f3: xpresstenniscup@gmail.com Pas 2 \u2013 Consentiment...","og_url":"https:\/\/edicion.fundacionoccident.org\/tennis\/cat\/torneo-padel-cup\/participa-xpress-padel-cup","og_site_name":"Xpress Tennis Cup","article_modified_time":"2024-04-03T10:26:03+00:00","twitter_card":"summary_large_image","twitter_misc":{"Tiempo de lectura":"1 minuto"},"schema":{"@context":"https:\/\/schema.org","@graph":[{"@type":"WebPage","@id":"https:\/\/edicion.fundacionoccident.org\/tennis\/cat\/torneo-padel-cup\/participa-xpress-padel-cup","url":"https:\/\/edicion.fundacionoccident.org\/tennis\/cat\/torneo-padel-cup\/participa-xpress-padel-cup","name":"Participa Xpress Padel Cup - Xpress Tennis Cup","isPartOf":{"@id":"https:\/\/edicion.fundacionoccident.org\/tennis\/#website"},"datePublished":"2021-11-19T13:41:03+00:00","dateModified":"2024-04-03T10:26:03+00:00","breadcrumb":{"@id":"https:\/\/edicion.fundacionoccident.org\/tennis\/cat\/torneo-padel-cup\/participa-xpress-padel-cup#breadcrumb"},"inLanguage":"es","potentialAction":[{"@type":"ReadAction","target":["https:\/\/edicion.fundacionoccident.org\/tennis\/cat\/torneo-padel-cup\/participa-xpress-padel-cup"]}]},{"@type":"BreadcrumbList","@id":"https:\/\/edicion.fundacionoccident.org\/tennis\/cat\/torneo-padel-cup\/participa-xpress-padel-cup#breadcrumb","itemListElement":[{"@type":"ListItem","position":1,"name":"Portada","item":"https:\/\/edicion.fundacionoccident.org\/tennis\/"},{"@type":"ListItem","position":2,"name":"Torneo Xpress Padel Cup","item":"https:\/\/edicion.fundacionoccident.org\/tennis\/cat\/torneo-padel-cup"},{"@type":"ListItem","position":3,"name":"Participa Xpress Padel Cup"}]},{"@type":"WebSite","@id":"https:\/\/edicion.fundacionoccident.org\/tennis\/#website","url":"https:\/\/edicion.fundacionoccident.org\/tennis\/","name":"Xpress Tennis Cup","description":"Fundaci\u00f3 Jes\u00fas Serra","potentialAction":[{"@type":"SearchAction","target":{"@type":"EntryPoint","urlTemplate":"https:\/\/edicion.fundacionoccident.org\/tennis\/?s={search_term_string}"},"query-input":{"@type":"PropertyValueSpecification","valueRequired":true,"valueName":"search_term_string"}}],"inLanguage":"es"}]}},"_links":{"self":[{"href":"https:\/\/edicion.fundacionoccident.org\/tennis\/wp-json\/wp\/v2\/pages\/7349","targetHints":{"allow":["GET"]}}],"collection":[{"href":"https:\/\/edicion.fundacionoccident.org\/tennis\/wp-json\/wp\/v2\/pages"}],"about":[{"href":"https:\/\/edicion.fundacionoccident.org\/tennis\/wp-json\/wp\/v2\/types\/page"}],"author":[{"embeddable":true,"href":"https:\/\/edicion.fundacionoccident.org\/tennis\/wp-json\/wp\/v2\/users\/9"}],"replies":[{"embeddable":true,"href":"https:\/\/edicion.fundacionoccident.org\/tennis\/wp-json\/wp\/v2\/comments?post=7349"}],"version-history":[{"count":10,"href":"https:\/\/edicion.fundacionoccident.org\/tennis\/wp-json\/wp\/v2\/pages\/7349\/revisions"}],"predecessor-version":[{"id":8710,"href":"https:\/\/edicion.fundacionoccident.org\/tennis\/wp-json\/wp\/v2\/pages\/7349\/revisions\/8710"}],"up":[{"embeddable":true,"href":"https:\/\/edicion.fundacionoccident.org\/tennis\/wp-json\/wp\/v2\/pages\/7344"}],"wp:attachment":[{"href":"https:\/\/edicion.fundacionoccident.org\/tennis\/wp-json\/wp\/v2\/media?parent=7349"}],"curies":[{"name":"wp","href":"https:\/\/api.w.org\/{rel}","templated":true}]}}