{"id":9111,"date":"2024-12-03T16:14:33","date_gmt":"2024-12-03T15:14:33","guid":{"rendered":"https:\/\/edicion.fundacionoccident.org\/tennis\/?page_id=9111"},"modified":"2025-11-25T13:57:47","modified_gmt":"2025-11-25T12:57:47","slug":"campionat-de-tennis-infantil-alava-xpress-tennis-cup-fundacio-occident","status":"publish","type":"page","link":"https:\/\/edicion.fundacionoccident.org\/tennis\/cat\/campionat-de-tennis-infantil-alava-xpress-tennis-cup-fundacio-occident","title":{"rendered":"\u00c1lava &#8211; Euskadi"},"content":{"rendered":"<p>[vc_row css_animation=&#8221;&#8221; row_type=&#8221;row&#8221; use_row_as_full_screen_section=&#8221;no&#8221; type=&#8221;full_width&#8221; angled_section=&#8221;no&#8221; text_align=&#8221;left&#8221; background_image_as_pattern=&#8221;without_pattern&#8221;][vc_column][vc_single_image image=&#8221;9178&#8243; img_size=&#8221;full&#8221; qode_css_animation=&#8221;&#8221;][\/vc_column][\/vc_row][vc_row css_animation=&#8221;&#8221; row_type=&#8221;row&#8221; use_row_as_full_screen_section=&#8221;no&#8221; type=&#8221;grid&#8221; angled_section=&#8221;no&#8221; text_align=&#8221;left&#8221; background_image_as_pattern=&#8221;without_pattern&#8221; css=&#8221;.vc_custom_1547052376870{padding-top: 20px !important;padding-bottom: 20px !important;}&#8221;][vc_column width=&#8221;1\/2&#8243;][vc_empty_space height=&#8221;75px&#8221;][vc_video link=&#8221;https:\/\/youtu.be\/vZgv_ByUgg4&#8243; el_width=&#8221;90&#8243;][\/vc_column][vc_column width=&#8221;1\/2&#8243;][vc_column_text]<\/p>\n<h1 style=\"text-align: left;\"><strong>\u00c1lava<\/strong><\/h1>\n<p>[\/vc_column_text][vc_column_text css=&#8221;.vc_custom_1733238168481{padding-top: 20px !important;padding-bottom: 20px !important;}&#8221;]<\/p>\n<h2 style=\"text-align: left;\"><strong>Informacio General<\/strong><\/h2>\n<p>[\/vc_column_text][vc_column_text]<strong>SEU:<\/strong> Pe\u00f1a Vitoriana Tenis Club<br \/>\n<strong>DATA:<\/strong> 07\/06\/2026<br \/>\n<strong>HORARIS:<\/strong> de 14:30 a 19:30<br \/>\n<strong>CATEGORIES:<\/strong><br \/>\n&#8211; Minitenis (mixtos)<br \/>\n&#8211; Sub 10 (equips masculins i femenins)<br \/>\n&#8211; Sub 12 (equips masculins i femenins)<\/p>\n<p><strong>INSCRIPCIONS:<\/strong> <a href=\"\/tennis\/participa\" target=\"_blank\" rel=\"noopener noreferrer\">Formulari Inscripci\u00f3 \u00bb<\/a><br \/>\n<strong>NORMATIVA:<\/strong> <a href=\"\/tennis\/normativa\" target=\"_blank\" rel=\"noopener noreferrer\">Consulta la Normativa \u00bb<\/a>[\/vc_column_text][\/vc_column][\/vc_row][vc_row css_animation=&#8221;&#8221; row_type=&#8221;row&#8221; use_row_as_full_screen_section=&#8221;no&#8221; type=&#8221;grid&#8221; angled_section=&#8221;no&#8221; text_align=&#8221;left&#8221; background_image_as_pattern=&#8221;without_pattern&#8221;][vc_column css=&#8221;.vc_custom_1547054076596{padding-bottom: 20px !important;}&#8221;][vc_separator type=&#8221;normal&#8221; color=&#8221;#dddddd&#8221;][\/vc_column][\/vc_row][vc_row css_animation=&#8221;&#8221; row_type=&#8221;row&#8221; use_row_as_full_screen_section=&#8221;no&#8221; type=&#8221;grid&#8221; angled_section=&#8221;no&#8221; text_align=&#8221;left&#8221; background_image_as_pattern=&#8221;without_pattern&#8221;][vc_column width=&#8221;1\/3&#8243;][vc_single_image image=&#8221;21&#8243; qode_css_animation=&#8221;&#8221; css=&#8221;.vc_custom_1547152561869{padding-top: 10px !important;padding-bottom: 10px !important;}&#8221;][vc_column_text css=&#8221;.vc_custom_1547152593184{padding-bottom: 20px !important;}&#8221;]<\/p>\n<h2 style=\"text-align: left;\"><strong>Programa<\/strong><\/h2>\n<p>[\/vc_column_text][vc_column_text]<strong>PISTES D&#8217;ENTRENAMENT:<\/strong> A partir de les 13:30h<br \/>\n<strong>ARRIBADA:<\/strong> Desde las 13:30h<br \/>\n<strong>INICI DE PARTITS:<\/strong> 14:30h<br \/>\n<strong>FINALS:<\/strong> 19:30h*<br \/>\n<strong>DESFILADA EQUIPS I LLIURAMENTE DE PREMIS:<\/strong> 19:45h*<\/p>\n<p>&nbsp;<\/p>\n<p>(*) Programa orientatiu. Pot variar en funci\u00f3 del n\u00famero d&#8217;inscrits, condicions metereol\u00f2giques o altres factors.[\/vc_column_text][\/vc_column][vc_column width=&#8221;1\/3&#8243;][vc_single_image image=&#8221;124&#8243; qode_css_animation=&#8221;&#8221; css=&#8221;.vc_custom_1547152569435{padding-top: 10px !important;padding-bottom: 10px !important;}&#8221;][vc_column_text css=&#8221;.vc_custom_1547152598476{padding-bottom: 20px !important;}&#8221;]<\/p>\n<h2 style=\"text-align: left;\"><strong>Timing<\/strong><\/h2>\n<p>[\/vc_column_text][vc_column_text]<strong>TERMINI INSCRIPCIONS:<\/strong> Properament<br \/>\n<strong>LLISTAT ACCEPTATS:<\/strong> Properament<br \/>\n<strong>SORTEIG:<\/strong> Properament<br \/>\n<strong>QUADRES I ORDRE DE JOC:<\/strong> Properament[\/vc_column_text][\/vc_column][vc_column width=&#8221;1\/3&#8243;][vc_single_image image=&#8221;115&#8243; qode_css_animation=&#8221;&#8221; css=&#8221;.vc_custom_1547152574702{padding-top: 10px !important;padding-bottom: 10px !important;}&#8221;][vc_column_text css=&#8221;.vc_custom_1733238669455{padding-bottom: 20px !important;}&#8221;]<\/p>\n<h2 style=\"text-align: left;\"><strong>Quadre de joc<\/strong><\/h2>\n<p>[\/vc_column_text][vc_column_text]<strong>GRUPS:<\/strong> <span style=\"text-decoration: underline;\">Distribuci\u00f3 Grups i Equips \u00bb<\/span><br \/>\n<strong>ORDRE DE JOC:<\/strong> <span style=\"text-decoration: underline;\">Orden de Joc Minitennis \u00bb Orde de Joc Sub 10 i Sub 12 \u00bb<\/span><\/p>\n<p>Si detectes alguna incid\u00e8ncia i\/o error, si us plau, <a href=\"\/tennis\/contacto\">contacta amb nosaltres<\/a>.[\/vc_column_text][\/vc_column][\/vc_row][vc_row css_animation=&#8221;&#8221; row_type=&#8221;row&#8221; use_row_as_full_screen_section=&#8221;no&#8221; type=&#8221;grid&#8221; angled_section=&#8221;no&#8221; text_align=&#8221;left&#8221; background_image_as_pattern=&#8221;without_pattern&#8221; css=&#8221;.vc_custom_1547152674950{padding-top: 20px !important;padding-bottom: 20px !important;}&#8221;][vc_column css=&#8221;.vc_custom_1547054076596{padding-bottom: 20px !important;}&#8221;][\/vc_column][\/vc_row][vc_row css_animation=&#8221;&#8221; row_type=&#8221;row&#8221; use_row_as_full_screen_section=&#8221;no&#8221; type=&#8221;full_width&#8221; angled_section=&#8221;no&#8221; text_align=&#8221;left&#8221; background_image=&#8221;6305&#8243; background_image_as_pattern=&#8221;without_pattern&#8221; css=&#8221;.vc_custom_1600771610670{padding-top: 20px !important;}&#8221;][vc_column css=&#8221;.vc_custom_1547054097900{padding-top: 20px !important;padding-bottom: 20px !important;}&#8221;][vc_empty_space height=&#8221;350&#8243;][\/vc_column][\/vc_row]<\/p>\n","protected":false},"excerpt":{"rendered":"<p>[vc_row css_animation=&#8221;&#8221; row_type=&#8221;row&#8221; use_row_as_full_screen_section=&#8221;no&#8221; type=&#8221;full_width&#8221; angled_section=&#8221;no&#8221; text_align=&#8221;left&#8221; background_image_as_pattern=&#8221;without_pattern&#8221;][vc_column][vc_single_image image=&#8221;9178&#8243; img_size=&#8221;full&#8221; qode_css_animation=&#8221;&#8221;][\/vc_column][\/vc_row][vc_row css_animation=&#8221;&#8221; row_type=&#8221;row&#8221; use_row_as_full_screen_section=&#8221;no&#8221; type=&#8221;grid&#8221; angled_section=&#8221;no&#8221; text_align=&#8221;left&#8221; background_image_as_pattern=&#8221;without_pattern&#8221; css=&#8221;.vc_custom_1547052376870{padding-top: 20px !important;padding-bottom: 20px !important;}&#8221;][vc_column width=&#8221;1\/2&#8243;][vc_empty_space height=&#8221;75px&#8221;][vc_video link=&#8221;https:\/\/youtu.be\/vZgv_ByUgg4&#8243; el_width=&#8221;90&#8243;][\/vc_column][vc_column width=&#8221;1\/2&#8243;][vc_column_text] \u00c1lava [\/vc_column_text][vc_column_text css=&#8221;.vc_custom_1733238168481{padding-top: 20px !important;padding-bottom: 20px !important;}&#8221;] Informacio General [\/vc_column_text][vc_column_text]SEU: Pe\u00f1a Vitoriana Tenis Club DATA: 07\/06\/2026 HORARIS:&#8230;<\/p>\n","protected":false},"author":14,"featured_media":0,"parent":0,"menu_order":0,"comment_status":"closed","ping_status":"closed","template":"full_width.php","meta":{"footnotes":"","_links_to":"","_links_to_target":""},"class_list":["post-9111","page","type-page","status-publish","hentry"],"yoast_head":"<!-- This site is optimized with the Yoast SEO plugin v26.3 - https:\/\/yoast.com\/wordpress\/plugins\/seo\/ -->\n<title>\u00c1lava - Euskadi - Xpress Tennis Cup<\/title>\n<meta name=\"description\" content=\"Consulta tota la informaci\u00f3 de l&#039;Xpress Tennis Cup \u00c1lava: programa, dates, horaris, categories, normativa, inscripcions... T&#039;esperem!\" \/>\n<meta name=\"robots\" content=\"index, follow, max-snippet:-1, max-image-preview:large, max-video-preview:-1\" \/>\n<link rel=\"canonical\" href=\"https:\/\/edicion.fundacionoccident.org\/tennis\/wp-json\/wp\/v2\/pages\/9111\" \/>\n<meta property=\"og:locale\" content=\"es_ES\" \/>\n<meta property=\"og:type\" content=\"article\" \/>\n<meta property=\"og:title\" content=\"\u00c1lava - Euskadi - Xpress Tennis Cup\" \/>\n<meta property=\"og:description\" content=\"Consulta tota la informaci\u00f3 de l&#039;Xpress Tennis Cup \u00c1lava: programa, dates, horaris, categories, normativa, inscripcions... T&#039;esperem!\" \/>\n<meta property=\"og:url\" content=\"https:\/\/edicion.fundacionoccident.org\/tennis\/cat\/campionat-de-tennis-infantil-alava-xpress-tennis-cup-fundacio-occident\" \/>\n<meta property=\"og:site_name\" content=\"Xpress Tennis Cup\" \/>\n<meta property=\"article:modified_time\" content=\"2025-11-25T12:57:47+00:00\" \/>\n<meta name=\"twitter:card\" content=\"summary_large_image\" \/>\n<meta name=\"twitter:label1\" content=\"Tiempo de lectura\" \/>\n\t<meta name=\"twitter:data1\" content=\"2 minutos\" \/>\n<script type=\"application\/ld+json\" class=\"yoast-schema-graph\">{\"@context\":\"https:\/\/schema.org\",\"@graph\":[{\"@type\":\"WebPage\",\"@id\":\"https:\/\/edicion.fundacionoccident.org\/tennis\/cat\/campionat-de-tennis-infantil-alava-xpress-tennis-cup-fundacio-occident\",\"url\":\"https:\/\/edicion.fundacionoccident.org\/tennis\/cat\/campionat-de-tennis-infantil-alava-xpress-tennis-cup-fundacio-occident\",\"name\":\"\u00c1lava - Euskadi - Xpress Tennis Cup\",\"isPartOf\":{\"@id\":\"https:\/\/edicion.fundacionoccident.org\/tennis\/#website\"},\"datePublished\":\"2024-12-03T15:14:33+00:00\",\"dateModified\":\"2025-11-25T12:57:47+00:00\",\"description\":\"Consulta tota la informaci\u00f3 de l'Xpress Tennis Cup \u00c1lava: programa, dates, horaris, categories, normativa, inscripcions... T'esperem!\",\"breadcrumb\":{\"@id\":\"https:\/\/edicion.fundacionoccident.org\/tennis\/cat\/campionat-de-tennis-infantil-alava-xpress-tennis-cup-fundacio-occident#breadcrumb\"},\"inLanguage\":\"es\",\"potentialAction\":[{\"@type\":\"ReadAction\",\"target\":[\"https:\/\/edicion.fundacionoccident.org\/tennis\/cat\/campionat-de-tennis-infantil-alava-xpress-tennis-cup-fundacio-occident\"]}]},{\"@type\":\"BreadcrumbList\",\"@id\":\"https:\/\/edicion.fundacionoccident.org\/tennis\/cat\/campionat-de-tennis-infantil-alava-xpress-tennis-cup-fundacio-occident#breadcrumb\",\"itemListElement\":[{\"@type\":\"ListItem\",\"position\":1,\"name\":\"Portada\",\"item\":\"https:\/\/edicion.fundacionoccident.org\/tennis\/\"},{\"@type\":\"ListItem\",\"position\":2,\"name\":\"\u00c1lava &#8211; Euskadi\"}]},{\"@type\":\"WebSite\",\"@id\":\"https:\/\/edicion.fundacionoccident.org\/tennis\/#website\",\"url\":\"https:\/\/edicion.fundacionoccident.org\/tennis\/\",\"name\":\"Xpress Tennis Cup\",\"description\":\"Fundaci\u00f3 Jes\u00fas Serra\",\"potentialAction\":[{\"@type\":\"SearchAction\",\"target\":{\"@type\":\"EntryPoint\",\"urlTemplate\":\"https:\/\/edicion.fundacionoccident.org\/tennis\/?s={search_term_string}\"},\"query-input\":{\"@type\":\"PropertyValueSpecification\",\"valueRequired\":true,\"valueName\":\"search_term_string\"}}],\"inLanguage\":\"es\"}]}<\/script>\n<!-- \/ Yoast SEO plugin. -->","yoast_head_json":{"title":"\u00c1lava - Euskadi - Xpress Tennis Cup","description":"Consulta tota la informaci\u00f3 de l'Xpress Tennis Cup \u00c1lava: programa, dates, horaris, categories, normativa, inscripcions... T'esperem!","robots":{"index":"index","follow":"follow","max-snippet":"max-snippet:-1","max-image-preview":"max-image-preview:large","max-video-preview":"max-video-preview:-1"},"canonical":"https:\/\/edicion.fundacionoccident.org\/tennis\/wp-json\/wp\/v2\/pages\/9111","og_locale":"es_ES","og_type":"article","og_title":"\u00c1lava - Euskadi - Xpress Tennis Cup","og_description":"Consulta tota la informaci\u00f3 de l'Xpress Tennis Cup \u00c1lava: programa, dates, horaris, categories, normativa, inscripcions... T'esperem!","og_url":"https:\/\/edicion.fundacionoccident.org\/tennis\/cat\/campionat-de-tennis-infantil-alava-xpress-tennis-cup-fundacio-occident","og_site_name":"Xpress Tennis Cup","article_modified_time":"2025-11-25T12:57:47+00:00","twitter_card":"summary_large_image","twitter_misc":{"Tiempo de lectura":"2 minutos"},"schema":{"@context":"https:\/\/schema.org","@graph":[{"@type":"WebPage","@id":"https:\/\/edicion.fundacionoccident.org\/tennis\/cat\/campionat-de-tennis-infantil-alava-xpress-tennis-cup-fundacio-occident","url":"https:\/\/edicion.fundacionoccident.org\/tennis\/cat\/campionat-de-tennis-infantil-alava-xpress-tennis-cup-fundacio-occident","name":"\u00c1lava - Euskadi - Xpress Tennis Cup","isPartOf":{"@id":"https:\/\/edicion.fundacionoccident.org\/tennis\/#website"},"datePublished":"2024-12-03T15:14:33+00:00","dateModified":"2025-11-25T12:57:47+00:00","description":"Consulta tota la informaci\u00f3 de l'Xpress Tennis Cup \u00c1lava: programa, dates, horaris, categories, normativa, inscripcions... T'esperem!","breadcrumb":{"@id":"https:\/\/edicion.fundacionoccident.org\/tennis\/cat\/campionat-de-tennis-infantil-alava-xpress-tennis-cup-fundacio-occident#breadcrumb"},"inLanguage":"es","potentialAction":[{"@type":"ReadAction","target":["https:\/\/edicion.fundacionoccident.org\/tennis\/cat\/campionat-de-tennis-infantil-alava-xpress-tennis-cup-fundacio-occident"]}]},{"@type":"BreadcrumbList","@id":"https:\/\/edicion.fundacionoccident.org\/tennis\/cat\/campionat-de-tennis-infantil-alava-xpress-tennis-cup-fundacio-occident#breadcrumb","itemListElement":[{"@type":"ListItem","position":1,"name":"Portada","item":"https:\/\/edicion.fundacionoccident.org\/tennis\/"},{"@type":"ListItem","position":2,"name":"\u00c1lava &#8211; Euskadi"}]},{"@type":"WebSite","@id":"https:\/\/edicion.fundacionoccident.org\/tennis\/#website","url":"https:\/\/edicion.fundacionoccident.org\/tennis\/","name":"Xpress Tennis Cup","description":"Fundaci\u00f3 Jes\u00fas Serra","potentialAction":[{"@type":"SearchAction","target":{"@type":"EntryPoint","urlTemplate":"https:\/\/edicion.fundacionoccident.org\/tennis\/?s={search_term_string}"},"query-input":{"@type":"PropertyValueSpecification","valueRequired":true,"valueName":"search_term_string"}}],"inLanguage":"es"}]}},"_links":{"self":[{"href":"https:\/\/edicion.fundacionoccident.org\/tennis\/wp-json\/wp\/v2\/pages\/9111","targetHints":{"allow":["GET"]}}],"collection":[{"href":"https:\/\/edicion.fundacionoccident.org\/tennis\/wp-json\/wp\/v2\/pages"}],"about":[{"href":"https:\/\/edicion.fundacionoccident.org\/tennis\/wp-json\/wp\/v2\/types\/page"}],"author":[{"embeddable":true,"href":"https:\/\/edicion.fundacionoccident.org\/tennis\/wp-json\/wp\/v2\/users\/14"}],"replies":[{"embeddable":true,"href":"https:\/\/edicion.fundacionoccident.org\/tennis\/wp-json\/wp\/v2\/comments?post=9111"}],"version-history":[{"count":7,"href":"https:\/\/edicion.fundacionoccident.org\/tennis\/wp-json\/wp\/v2\/pages\/9111\/revisions"}],"predecessor-version":[{"id":9572,"href":"https:\/\/edicion.fundacionoccident.org\/tennis\/wp-json\/wp\/v2\/pages\/9111\/revisions\/9572"}],"wp:attachment":[{"href":"https:\/\/edicion.fundacionoccident.org\/tennis\/wp-json\/wp\/v2\/media?parent=9111"}],"curies":[{"name":"wp","href":"https:\/\/api.w.org\/{rel}","templated":true}]}}