{"id":1068,"date":"2019-02-28T16:44:33","date_gmt":"2019-02-28T16:44:33","guid":{"rendered":"http:\/\/edicion.fundacionjesusserra.org\/poesia\/\/?page_id=1068"},"modified":"2025-07-09T10:49:50","modified_gmt":"2025-07-09T08:49:50","slug":"fotos","status":"publish","type":"page","link":"https:\/\/edicion.fundacionoccident.org\/poesia\/fotos","title":{"rendered":"Fotos"},"content":{"rendered":"<p>[et_pb_section bb_built=&#8221;1&#8243; fullwidth=&#8221;off&#8221; specialty=&#8221;off&#8221;][et_pb_row _builder_version=&#8221;3.17.6&#8243;][et_pb_column type=&#8221;1_3&#8243;][et_pb_text use_border_color=&#8221;off&#8221; custom_css_main_element=&#8221;li {margin-bottom: 20px;}&#8221; disabled=&#8221;off&#8221; background_position=&#8221;top_left&#8221; background_repeat=&#8221;repeat&#8221; background_size=&#8221;initial&#8221; _builder_version=&#8221;3.17.6&#8243;]<\/p>\n<p><a href=\"\/poesia\/videos\"><span style=\"color: #de2641;\"> &gt; V\u00eddeos<\/span><\/a><br \/><span style=\"color: #333333;\"> &gt; Galer\u00eda fotogr\u00e1fica<\/span><\/p>\n<p>[\/et_pb_text][\/et_pb_column][et_pb_column type=&#8221;2_3&#8243;][et_pb_text _builder_version=&#8221;3.17.6&#8243;]<\/p>\n<h1>Galer\u00eda fotogr\u00e1fica<\/h1>\n<p>[\/et_pb_text][et_pb_text _builder_version=&#8221;3.17.6&#8243;]<\/p>\n<p><span class=\"h3\" style=\"color: #333333;\">XVIII Concurso de Poes\u00eda Jes\u00fas Serra<\/span><\/p>\n<p>[\/et_pb_text][et_pb_gallery admin_label=&#8221;XVIII Concurso Poes\u00eda Jes\u00fas Serra&#8221; _builder_version=&#8221;3.17.6&#8243; zoom_icon_color=&#8221;#0a0000&#8243; hover_overlay_color=&#8221;rgba(255,255,255,0.9)&#8221; posts_number=&#8221;9&#8243; gallery_ids=&#8221;16110,16111,16112,16113,16114,16115,16116,16117,16118&#8243; \/][et_pb_divider _builder_version=&#8221;3.17.6&#8243; \/][\/et_pb_column][\/et_pb_row][et_pb_row _builder_version=&#8221;3.17.6&#8243;][et_pb_column type=&#8221;1_3&#8243;][\/et_pb_column][et_pb_column type=&#8221;2_3&#8243;][et_pb_text _builder_version=&#8221;3.17.6&#8243;]<\/p>\n<p><span class=\"h3\" style=\"color: #333333;\">XVII Concurso de Poes\u00eda Jes\u00fas Serra<\/span><\/p>\n<p>[\/et_pb_text][et_pb_gallery admin_label=&#8221;XVII Concurso Poes\u00eda Jes\u00fas Serra&#8221; _builder_version=&#8221;3.17.6&#8243; zoom_icon_color=&#8221;#0a0000&#8243; hover_overlay_color=&#8221;rgba(255,255,255,0.9)&#8221; posts_number=&#8221;8&#8243; gallery_ids=&#8221;12607,12608,12609,12610,12611,12612,12613,12614&#8243; \/][et_pb_divider _builder_version=&#8221;3.17.6&#8243; \/][\/et_pb_column][\/et_pb_row][et_pb_row _builder_version=&#8221;3.17.6&#8243;][et_pb_column type=&#8221;1_3&#8243;][\/et_pb_column][et_pb_column type=&#8221;2_3&#8243;][et_pb_text _builder_version=&#8221;3.17.6&#8243;]<\/p>\n<p><span class=\"h3\" style=\"color: #333333;\">XVI Concurso de Poes\u00eda Jes\u00fas Serra<\/span><\/p>\n<p>[\/et_pb_text][et_pb_gallery admin_label=&#8221;XVI Concurso Poes\u00eda Jes\u00fas Serra&#8221; _builder_version=&#8221;3.17.6&#8243; zoom_icon_color=&#8221;#0a0000&#8243; hover_overlay_color=&#8221;rgba(255,255,255,0.9)&#8221; posts_number=&#8221;9&#8243; gallery_ids=&#8221;9603,9608,9605,9602,9604,9609,9606,9607&#8243; \/][et_pb_divider _builder_version=&#8221;3.17.6&#8243; \/][\/et_pb_column][\/et_pb_row][et_pb_row _builder_version=&#8221;3.17.6&#8243;][et_pb_column type=&#8221;1_3&#8243;][\/et_pb_column][et_pb_column type=&#8221;2_3&#8243;][et_pb_text _builder_version=&#8221;3.17.6&#8243;]<\/p>\n<p><span class=\"h3\" style=\"color: #333333;\">XV Concurso de Poes\u00eda Jes\u00fas Serra<\/span><\/p>\n<p>[\/et_pb_text][et_pb_gallery admin_label=&#8221;XV Concurso Poes\u00eda Jes\u00fas Serra&#8221; _builder_version=&#8221;3.17.6&#8243; zoom_icon_color=&#8221;#0a0000&#8243; hover_overlay_color=&#8221;rgba(255,255,255,0.9)&#8221; posts_number=&#8221;9&#8243; gallery_ids=&#8221;6119,6120,6121,6122,6123,6124,6125,6126,6127&#8243; \/][et_pb_divider _builder_version=&#8221;3.17.6&#8243; \/][\/et_pb_column][\/et_pb_row][et_pb_row _builder_version=&#8221;3.17.6&#8243;][et_pb_column type=&#8221;1_3&#8243;][\/et_pb_column][et_pb_column type=&#8221;2_3&#8243;][et_pb_text _builder_version=&#8221;3.17.6&#8243;]<\/p>\n<p><span class=\"h3\" style=\"color: #333333;\">XIV Concurso de Poes\u00eda Jes\u00fas Serra<\/span><\/p>\n<p>[\/et_pb_text][et_pb_gallery admin_label=&#8221;XIV Concurso Poes\u00eda Jes\u00fas Serra&#8221; _builder_version=&#8221;3.17.6&#8243; zoom_icon_color=&#8221;#0a0000&#8243; hover_overlay_color=&#8221;rgba(255,255,255,0.9)&#8221; posts_number=&#8221;11&#8243; gallery_ids=&#8221;2354,2337,2336,2335,2334,2333,2332,2331,2330,2329,2328&#8243; \/][et_pb_divider _builder_version=&#8221;3.17.6&#8243; \/][\/et_pb_column][\/et_pb_row][et_pb_row _builder_version=&#8221;3.17.6&#8243;][et_pb_column type=&#8221;1_3&#8243;][\/et_pb_column][et_pb_column type=&#8221;2_3&#8243;][et_pb_text _builder_version=&#8221;3.17.6&#8243;]<\/p>\n<p><span class=\"h3\" style=\"color: #333333;\">XII Concurso de Poes\u00eda Jes\u00fas Serra<\/span><\/p>\n<p>[\/et_pb_text][et_pb_gallery admin_label=&#8221;XII Edici\u00f3n del Concurso de Poes\u00eda Jes\u00fas Serra&#8221; _builder_version=&#8221;3.17.6&#8243; posts_number=&#8221;3&#8243; show_pagination=&#8221;off&#8221; zoom_icon_color=&#8221;#0a0000&#8243; hover_overlay_color=&#8221;rgba(255,255,255,0.9)&#8221; gallery_ids=&#8221;2120,2119,2118&#8243; \/][et_pb_divider _builder_version=&#8221;3.17.6&#8243; color=&#8221;#c6c6c6&#8243; \/][\/et_pb_column][\/et_pb_row][et_pb_row _builder_version=&#8221;3.17.6&#8243;][et_pb_column type=&#8221;1_3&#8243;][\/et_pb_column][et_pb_column type=&#8221;2_3&#8243;][et_pb_text _builder_version=&#8221;3.17.6&#8243;]<\/p>\n<p><span class=\"h3\" style=\"color: #333333;\">XI Concurso de Poes\u00eda Jes\u00fas Serra<\/span><\/p>\n<p>[\/et_pb_text][et_pb_gallery admin_label=&#8221;XI Edici\u00f3n del Concurso de Poes\u00eda Jes\u00fas Serra&#8221; _builder_version=&#8221;3.17.6&#8243; posts_number=&#8221;12&#8243; show_pagination=&#8221;off&#8221; zoom_icon_color=&#8221;#0a0000&#8243; hover_overlay_color=&#8221;rgba(255,255,255,0.9)&#8221; gallery_ids=&#8221;1310,1309,1307,1303,1298,1306,1299,1304,1300,1308,1292,1293&#8243; \/][et_pb_divider _builder_version=&#8221;3.17.6&#8243; color=&#8221;#c6c6c6&#8243; \/][\/et_pb_column][\/et_pb_row][et_pb_row _builder_version=&#8221;3.17.6&#8243;][et_pb_column type=&#8221;1_3&#8243;][\/et_pb_column][et_pb_column type=&#8221;2_3&#8243;][et_pb_text _builder_version=&#8221;3.17.6&#8243;]<\/p>\n<p><span class=\"h3\" style=\"color: #333333;\">X Concurso de Poes\u00eda Jes\u00fas Serra<\/span><\/p>\n<p>[\/et_pb_text][et_pb_gallery admin_label=&#8221;X Edici\u00f3n del Concurso de Poes\u00eda Jes\u00fas Serra&#8221; _builder_version=&#8221;3.17.6&#8243; posts_number=&#8221;11&#8243; show_pagination=&#8221;off&#8221; zoom_icon_color=&#8221;#0a0000&#8243; hover_overlay_color=&#8221;rgba(255,255,255,0.9)&#8221; gallery_ids=&#8221;1305,1296,1299,1301,1148,1146,1143,1145,1155,1152,1144&#8243; \/][et_pb_divider _builder_version=&#8221;3.17.6&#8243; color=&#8221;#c6c6c6&#8243; \/][\/et_pb_column][\/et_pb_row][et_pb_row _builder_version=&#8221;3.17.6&#8243;][et_pb_column type=&#8221;1_3&#8243;][\/et_pb_column][et_pb_column type=&#8221;2_3&#8243;][et_pb_text _builder_version=&#8221;3.17.6&#8243;]<\/p>\n<p><span class=\"h3\" style=\"color: #333333;\">IX Concurso de Poes\u00eda Jes\u00fas Serra<\/span><\/p>\n<p>[\/et_pb_text][et_pb_gallery admin_label=&#8221;IX Edici\u00f3n del Concurso de Poes\u00eda Jes\u00fas Serra&#8221; _builder_version=&#8221;3.17.6&#8243; posts_number=&#8221;2&#8243; show_pagination=&#8221;off&#8221; zoom_icon_color=&#8221;#0a0000&#8243; hover_overlay_color=&#8221;rgba(255,255,255,0.9)&#8221; gallery_ids=&#8221;1150,1149&#8243; \/][et_pb_divider _builder_version=&#8221;3.17.6&#8243; color=&#8221;#c6c6c6&#8243; \/][\/et_pb_column][\/et_pb_row][\/et_pb_section]<\/p>\n","protected":false},"excerpt":{"rendered":"<p>[et_pb_section bb_built=&#8221;1&#8243; fullwidth=&#8221;off&#8221; specialty=&#8221;off&#8221;][et_pb_row _builder_version=&#8221;3.17.6&#8243;][et_pb_column type=&#8221;1_3&#8243;][et_pb_text use_border_color=&#8221;off&#8221; custom_css_main_element=&#8221;li {margin-bottom: 20px;}&#8221; disabled=&#8221;off&#8221; background_position=&#8221;top_left&#8221; background_repeat=&#8221;repeat&#8221; background_size=&#8221;initial&#8221; _builder_version=&#8221;3.17.6&#8243;] &gt; V\u00eddeos &gt; Galer\u00eda fotogr\u00e1fica [\/et_pb_text][\/et_pb_column][et_pb_column type=&#8221;2_3&#8243;][et_pb_text _builder_version=&#8221;3.17.6&#8243;] Galer\u00eda fotogr\u00e1fica [\/et_pb_text][et_pb_text _builder_version=&#8221;3.17.6&#8243;] XVIII Concurso de Poes\u00eda Jes\u00fas Serra [\/et_pb_text][et_pb_gallery admin_label=&#8221;XVIII Concurso Poes\u00eda Jes\u00fas Serra&#8221; _builder_version=&#8221;3.17.6&#8243; zoom_icon_color=&#8221;#0a0000&#8243; hover_overlay_color=&#8221;rgba(255,255,255,0.9)&#8221; posts_number=&#8221;9&#8243; gallery_ids=&#8221;16110,16111,16112,16113,16114,16115,16116,16117,16118&#8243; \/][et_pb_divider _builder_version=&#8221;3.17.6&#8243; \/][\/et_pb_column][\/et_pb_row][et_pb_row _builder_version=&#8221;3.17.6&#8243;][et_pb_column type=&#8221;1_3&#8243;][\/et_pb_column][et_pb_column type=&#8221;2_3&#8243;][et_pb_text _builder_version=&#8221;3.17.6&#8243;] XVII Concurso de Poes\u00eda [&hellip;]<\/p>\n","protected":false},"author":27,"featured_media":0,"parent":0,"menu_order":0,"comment_status":"closed","ping_status":"closed","template":"","meta":{"footnotes":""},"class_list":["post-1068","page","type-page","status-publish","hentry"],"yoast_head":"<!-- This site is optimized with the Yoast SEO plugin v26.3 - https:\/\/yoast.com\/wordpress\/plugins\/seo\/ -->\n<title>Galer\u00eda de Fotos del evento - Concurso de Poes\u00eda<\/title>\n<meta name=\"description\" content=\"En nuestra galer\u00eda fotogr\u00e1fica acceder\u00e1s a las fotos de los eventos relacionados con el Concurso de Poes\u00eda de la Fundaci\u00f3n Jes\u00fas Serra.\" \/>\n<meta name=\"robots\" content=\"index, follow, max-snippet:-1, max-image-preview:large, max-video-preview:-1\" \/>\n<link rel=\"canonical\" href=\"https:\/\/edicion.fundacionoccident.org\/poesia\/wp-json\/wp\/v2\/pages\/1068\" \/>\n<meta property=\"og:locale\" content=\"es_ES\" \/>\n<meta property=\"og:type\" content=\"article\" \/>\n<meta property=\"og:title\" content=\"Galer\u00eda de Fotos del evento - Concurso de Poes\u00eda\" \/>\n<meta property=\"og:description\" content=\"En nuestra galer\u00eda fotogr\u00e1fica acceder\u00e1s a las fotos de los eventos relacionados con el Concurso de Poes\u00eda de la Fundaci\u00f3n Jes\u00fas Serra.\" \/>\n<meta property=\"og:url\" content=\"https:\/\/edicion.fundacionoccident.org\/poesia\/fotos\" \/>\n<meta property=\"og:site_name\" content=\"Concurso de Poes\u00eda Jes\u00fas Serra\" \/>\n<meta property=\"article:modified_time\" content=\"2025-07-09T08:49:50+00:00\" \/>\n<meta name=\"twitter:card\" content=\"summary_large_image\" \/>\n<meta name=\"twitter:label1\" content=\"Tiempo de lectura\" \/>\n\t<meta name=\"twitter:data1\" content=\"4 minutos\" \/>\n<!-- \/ Yoast SEO plugin. -->","yoast_head_json":{"title":"Galer\u00eda de Fotos del evento - Concurso de Poes\u00eda","description":"En nuestra galer\u00eda fotogr\u00e1fica acceder\u00e1s a las fotos de los eventos relacionados con el Concurso de Poes\u00eda de la Fundaci\u00f3n Jes\u00fas Serra.","robots":{"index":"index","follow":"follow","max-snippet":"max-snippet:-1","max-image-preview":"max-image-preview:large","max-video-preview":"max-video-preview:-1"},"canonical":"https:\/\/edicion.fundacionoccident.org\/poesia\/wp-json\/wp\/v2\/pages\/1068","og_locale":"es_ES","og_type":"article","og_title":"Galer\u00eda de Fotos del evento - Concurso de Poes\u00eda","og_description":"En nuestra galer\u00eda fotogr\u00e1fica acceder\u00e1s a las fotos de los eventos relacionados con el Concurso de Poes\u00eda de la Fundaci\u00f3n Jes\u00fas Serra.","og_url":"https:\/\/edicion.fundacionoccident.org\/poesia\/fotos","og_site_name":"Concurso de Poes\u00eda Jes\u00fas Serra","article_modified_time":"2025-07-09T08:49:50+00:00","twitter_card":"summary_large_image","twitter_misc":{"Tiempo de lectura":"4 minutos"},"schema":{"@context":"https:\/\/schema.org","@graph":[{"@type":"WebPage","@id":"https:\/\/edicion.fundacionoccident.org\/poesia\/fotos","url":"https:\/\/edicion.fundacionoccident.org\/poesia\/fotos","name":"Galer\u00eda de Fotos del evento - Concurso de Poes\u00eda","isPartOf":{"@id":"https:\/\/edicion.fundacionoccident.org\/poesia\/#website"},"datePublished":"2019-02-28T16:44:33+00:00","dateModified":"2025-07-09T08:49:50+00:00","description":"En nuestra galer\u00eda fotogr\u00e1fica acceder\u00e1s a las fotos de los eventos relacionados con el Concurso de Poes\u00eda de la Fundaci\u00f3n Jes\u00fas Serra.","breadcrumb":{"@id":"https:\/\/edicion.fundacionoccident.org\/poesia\/fotos#breadcrumb"},"inLanguage":"es","potentialAction":[{"@type":"ReadAction","target":["https:\/\/edicion.fundacionoccident.org\/poesia\/fotos"]}]},{"@type":"BreadcrumbList","@id":"https:\/\/edicion.fundacionoccident.org\/poesia\/fotos#breadcrumb","itemListElement":[{"@type":"ListItem","position":1,"name":"Inicio \u00bb Concurso de Poes\u00eda","item":"https:\/\/edicion.fundacionoccident.org\/poesia\/"},{"@type":"ListItem","position":2,"name":"Fotos"}]},{"@type":"WebSite","@id":"https:\/\/edicion.fundacionoccident.org\/poesia\/#website","url":"https:\/\/edicion.fundacionoccident.org\/poesia\/","name":"Concurso de Poes\u00eda Jes\u00fas Serra","description":"","potentialAction":[{"@type":"SearchAction","target":{"@type":"EntryPoint","urlTemplate":"https:\/\/edicion.fundacionoccident.org\/poesia\/?s={search_term_string}"},"query-input":{"@type":"PropertyValueSpecification","valueRequired":true,"valueName":"search_term_string"}}],"inLanguage":"es"}]}},"_links":{"self":[{"href":"https:\/\/edicion.fundacionoccident.org\/poesia\/wp-json\/wp\/v2\/pages\/1068","targetHints":{"allow":["GET"]}}],"collection":[{"href":"https:\/\/edicion.fundacionoccident.org\/poesia\/wp-json\/wp\/v2\/pages"}],"about":[{"href":"https:\/\/edicion.fundacionoccident.org\/poesia\/wp-json\/wp\/v2\/types\/page"}],"author":[{"embeddable":true,"href":"https:\/\/edicion.fundacionoccident.org\/poesia\/wp-json\/wp\/v2\/users\/27"}],"replies":[{"embeddable":true,"href":"https:\/\/edicion.fundacionoccident.org\/poesia\/wp-json\/wp\/v2\/comments?post=1068"}],"version-history":[{"count":50,"href":"https:\/\/edicion.fundacionoccident.org\/poesia\/wp-json\/wp\/v2\/pages\/1068\/revisions"}],"predecessor-version":[{"id":16147,"href":"https:\/\/edicion.fundacionoccident.org\/poesia\/wp-json\/wp\/v2\/pages\/1068\/revisions\/16147"}],"wp:attachment":[{"href":"https:\/\/edicion.fundacionoccident.org\/poesia\/wp-json\/wp\/v2\/media?parent=1068"}],"curies":[{"name":"wp","href":"https:\/\/api.w.org\/{rel}","templated":true}]}}