{"id":12561,"date":"2024-06-19T13:37:10","date_gmt":"2024-06-19T11:37:10","guid":{"rendered":"https:\/\/edicion.fundacionoccident.org\/poesia\/ganadores\/categoria-a-castellano-copy"},"modified":"2025-06-19T11:46:40","modified_gmt":"2025-06-19T09:46:40","slug":"categoria-adultos-castellano","status":"publish","type":"page","link":"https:\/\/edicion.fundacionoccident.org\/poesia\/ganadores\/categoria-adultos-castellano","title":{"rendered":"Categor\u00eda Adultos &#8211; Lengua Castellana"},"content":{"rendered":"<p>[et_pb_section bb_built=&#8221;1&#8243;][et_pb_row][et_pb_column type=&#8221;4_4&#8243;][et_pb_text _builder_version=&#8221;3.17.6&#8243; link_option_url_new_window=&#8221;on&#8221;]<\/p>\n<div style=\"max-width: 800px; margin: 0 auto; text-align: center;\">\n<h1 style=\"text-align: center;\">CASTELLANO &#8211; categor\u00eda Adultos<\/h1>\n<p>&nbsp;<\/p>\n<h3><b>Insomnio<\/b><\/h3>\n<h3><\/h3>\n<p><span style=\"font-weight: 400;\">Sugiero soplar hasta que se desvanezca <\/span><br \/>\n<span style=\"font-weight: 400;\">la estructura de las cosas<\/span><br \/>\n<span style=\"font-weight: 400;\">que pueden esperar hasta ma\u00f1ana.<\/span><br \/>\n<span style=\"font-weight: 400;\">Requiero agua para los espacios vac\u00edos<\/span><br \/>\n<span style=\"font-weight: 400;\">del p\u00e1ramo que engulle nuestros pasos<\/span><br \/>\n<span style=\"font-weight: 400;\">sin registrar en este balance<\/span><br \/>\n<span style=\"font-weight: 400;\">una entrada de noches venideras.<\/span><br \/>\n<span style=\"font-weight: 400;\">Luego, cuando la luz sea inminente,<\/span><br \/>\n<span style=\"font-weight: 400;\">comprendamos el camino<\/span><br \/>\n<span style=\"font-weight: 400;\">celebrando el protocolo ineludible del viaje.<\/span><br \/>\n<span style=\"font-weight: 400;\">Camino y veo<\/span><br \/>\n<span style=\"font-weight: 400;\">farolas tuertas, calles en calma:<\/span><br \/>\n<span style=\"font-weight: 400;\">nana de acera de madrugada<\/span><br \/>\n<span style=\"font-weight: 400;\">(madre, nuestra distancia <\/span><br \/>\n<span style=\"font-weight: 400;\">me pide a veces volver a casa).<\/span><br \/>\n<span style=\"font-weight: 400;\">Pasos de cebra que nadie pasa,<\/span><br \/>\n<span style=\"font-weight: 400;\">asfalto arrobado en almohadas blancas.<\/span><br \/>\n<span style=\"font-weight: 400;\">Edificios disfrazados de manzana<\/span><br \/>\n<span style=\"font-weight: 400;\">Ventana. Alcoba. Persiana.<\/span><br \/>\n<span style=\"font-weight: 400;\">Cuerpos que rizan risas trenzadas<\/span><br \/>\n<span style=\"font-weight: 400;\">(padre, quede tranquilo,<\/span><br \/>\n<span style=\"font-weight: 400;\">sigue el silencio junto al camino).<\/span><br \/>\n<span style=\"font-weight: 400;\">Nana de acera en la madrugada,<\/span><br \/>\n<span style=\"font-weight: 400;\">ciudad dormida, ciudad callada.<\/span><br \/>\n<span style=\"font-weight: 400;\">So\u00f1ar ayer es una promesa lejana<\/span><br \/>\n<span style=\"font-weight: 400;\">que quiero cumplir despierto<\/span><br \/>\n<span style=\"font-weight: 400;\">alineando con miradas diagonales<\/span><br \/>\n<span style=\"font-weight: 400;\">v\u00e9rtices y lados distra\u00eddos<\/span><br \/>\n<span style=\"font-weight: 400;\">bajo silencios en espiral,<\/span><br \/>\n<span style=\"font-weight: 400;\">intento vano de circundar una desgana.<\/span><br \/>\n<span style=\"font-weight: 400;\">Encuadrar nuestros futuros imperfectos<\/span><br \/>\n<span style=\"font-weight: 400;\">\u2014tan condicionales<\/span><br \/>\n<span style=\"font-weight: 400;\">y en todo subjuntivos\u2014<\/span><br \/>\n<span style=\"font-weight: 400;\">que plenos de posibilidad y deseo<\/span><br \/>\n<span style=\"font-weight: 400;\">a ratos escondidos callan.<\/span><br \/>\n<span style=\"font-weight: 400;\">Miramos entonces ahora m\u00e1s tarde<\/span><br \/>\n<span style=\"font-weight: 400;\">sopesando opciones<\/span><br \/>\n<span style=\"font-weight: 400;\">sin posibilidad alguna<\/span><br \/>\n<span style=\"font-weight: 400;\">\u2014qui\u00e9n sabe calibrar<\/span><br \/>\n<span style=\"font-weight: 400;\">la mec\u00e1nica pluscuamperfecta\u2014.<\/span><span style=\"font-weight: 400;\">Recordamos as\u00ed un despu\u00e9s quiz\u00e1 pudiere<\/span><br \/>\n<span style=\"font-weight: 400;\">paseando tangentes escarchadas, esperando<span style=\"font-weight: 400;\"><br \/>\n<span style=\"font-weight: 400;\">un evangelio de piel estremecida<\/span><br \/>\n<span style=\"font-weight: 400;\">resucitados en la gram\u00e1tica del sue\u00f1o.<\/span><br \/>\n<span style=\"font-weight: 400;\">Dormido quise matar la noche<br \/>\n<span style=\"font-weight: 400;\">esta noche de silencios embozados<\/span><br \/>\n<span style=\"font-weight: 400;\">que afila el borde de las aceras.<\/span><br \/>\n<span style=\"font-weight: 400;\">Para matar esta noche es necesario<\/span><br \/>\n<span style=\"font-weight: 400;\">hacer de las estrellas impactos de bala,<\/span><br \/>\n<span style=\"font-weight: 400;\">que la luna nos sirva de diana<\/span><br \/>\n<span style=\"font-weight: 400;\">y los ecos de sus brillos se pierdan<\/span><br \/>\n<span style=\"font-weight: 400;\">calle abajo. Para matar la noche <\/span><br \/>\n<span style=\"font-weight: 400;\">es necesario paciencia,<\/span><br \/>\n<span style=\"font-weight: 400;\">es necesario esperar<\/span><br \/>\n<span style=\"font-weight: 400;\">que la ma\u00f1ana termine este trabajo.<\/span><\/p>\n<p style=\"text-align: right;\">Ricardo P\u00e9rez Hern\u00e1ndez<\/p>\n<h3><\/h3>\n<\/div>\n<p>[\/et_pb_text][\/et_pb_column][\/et_pb_row][\/et_pb_section]<\/p>\n","protected":false},"excerpt":{"rendered":"<p>[et_pb_section bb_built=&#8221;1&#8243;][et_pb_row][et_pb_column type=&#8221;4_4&#8243;][et_pb_text _builder_version=&#8221;3.17.6&#8243; link_option_url_new_window=&#8221;on&#8221;] CASTELLANO &#8211; categor\u00eda Adultos &nbsp; Insomnio Sugiero soplar hasta que se desvanezca la estructura de las cosas que pueden esperar hasta ma\u00f1ana. Requiero agua para los espacios vac\u00edos del p\u00e1ramo que engulle nuestros pasos sin registrar en este balance una entrada de noches venideras. Luego, cuando la luz sea inminente, [&hellip;]<\/p>\n","protected":false},"author":17,"featured_media":0,"parent":11,"menu_order":0,"comment_status":"closed","ping_status":"closed","template":"","meta":{"footnotes":""},"class_list":["post-12561","page","type-page","status-publish","hentry"],"yoast_head":"<!-- This site is optimized with the Yoast SEO plugin v26.3 - https:\/\/yoast.com\/wordpress\/plugins\/seo\/ -->\n<title>Categor\u00eda Adultos - Concurso Poes\u00eda Jes\u00fas Serra<\/title>\n<meta name=\"description\" content=\"Descubre el ganador de la categor\u00eda Adultos en lengua castellana para el Concurso de Poes\u00eda Jes\u00fas Serra.\" \/>\n<meta name=\"robots\" content=\"index, follow, max-snippet:-1, max-image-preview:large, max-video-preview:-1\" \/>\n<link rel=\"canonical\" href=\"https:\/\/edicion.fundacionoccident.org\/poesia\/wp-json\/wp\/v2\/pages\/12561\" \/>\n<meta property=\"og:locale\" content=\"es_ES\" \/>\n<meta property=\"og:type\" content=\"article\" \/>\n<meta property=\"og:title\" content=\"Categor\u00eda Adultos - Concurso Poes\u00eda Jes\u00fas Serra\" \/>\n<meta property=\"og:description\" content=\"Descubre el ganador de la categor\u00eda Adultos en lengua castellana para el Concurso de Poes\u00eda Jes\u00fas Serra.\" \/>\n<meta property=\"og:url\" content=\"https:\/\/edicion.fundacionoccident.org\/poesia\/ganadores\/categoria-adultos-castellano\" \/>\n<meta property=\"og:site_name\" content=\"Concurso de Poes\u00eda Jes\u00fas Serra\" \/>\n<meta property=\"article:modified_time\" content=\"2025-06-19T09:46:40+00:00\" \/>\n<meta name=\"twitter:card\" content=\"summary_large_image\" \/>\n<meta name=\"twitter:label1\" content=\"Tiempo de lectura\" \/>\n\t<meta name=\"twitter:data1\" content=\"2 minutos\" \/>\n<!-- \/ Yoast SEO plugin. -->","yoast_head_json":{"title":"Categor\u00eda Adultos - Concurso Poes\u00eda Jes\u00fas Serra","description":"Descubre el ganador de la categor\u00eda Adultos en lengua castellana para el Concurso de Poes\u00eda Jes\u00fas Serra.","robots":{"index":"index","follow":"follow","max-snippet":"max-snippet:-1","max-image-preview":"max-image-preview:large","max-video-preview":"max-video-preview:-1"},"canonical":"https:\/\/edicion.fundacionoccident.org\/poesia\/wp-json\/wp\/v2\/pages\/12561","og_locale":"es_ES","og_type":"article","og_title":"Categor\u00eda Adultos - Concurso Poes\u00eda Jes\u00fas Serra","og_description":"Descubre el ganador de la categor\u00eda Adultos en lengua castellana para el Concurso de Poes\u00eda Jes\u00fas Serra.","og_url":"https:\/\/edicion.fundacionoccident.org\/poesia\/ganadores\/categoria-adultos-castellano","og_site_name":"Concurso de Poes\u00eda Jes\u00fas Serra","article_modified_time":"2025-06-19T09:46:40+00:00","twitter_card":"summary_large_image","twitter_misc":{"Tiempo de lectura":"2 minutos"},"schema":{"@context":"https:\/\/schema.org","@graph":[{"@type":"WebPage","@id":"https:\/\/edicion.fundacionoccident.org\/poesia\/ganadores\/categoria-adultos-castellano","url":"https:\/\/edicion.fundacionoccident.org\/poesia\/ganadores\/categoria-adultos-castellano","name":"Categor\u00eda Adultos - Concurso Poes\u00eda Jes\u00fas Serra","isPartOf":{"@id":"https:\/\/edicion.fundacionoccident.org\/poesia\/#website"},"datePublished":"2024-06-19T11:37:10+00:00","dateModified":"2025-06-19T09:46:40+00:00","description":"Descubre el ganador de la categor\u00eda Adultos en lengua castellana para el Concurso de Poes\u00eda Jes\u00fas Serra.","breadcrumb":{"@id":"https:\/\/edicion.fundacionoccident.org\/poesia\/ganadores\/categoria-adultos-castellano#breadcrumb"},"inLanguage":"es","potentialAction":[{"@type":"ReadAction","target":["https:\/\/edicion.fundacionoccident.org\/poesia\/ganadores\/categoria-adultos-castellano"]}]},{"@type":"BreadcrumbList","@id":"https:\/\/edicion.fundacionoccident.org\/poesia\/ganadores\/categoria-adultos-castellano#breadcrumb","itemListElement":[{"@type":"ListItem","position":1,"name":"Inicio \u00bb Concurso de Poes\u00eda","item":"https:\/\/edicion.fundacionoccident.org\/poesia\/"},{"@type":"ListItem","position":2,"name":"Ganadores","item":"https:\/\/edicion.fundacionoccident.org\/poesia\/ganadores"},{"@type":"ListItem","position":3,"name":"Categor\u00eda Adultos &#8211; Lengua Castellana"}]},{"@type":"WebSite","@id":"https:\/\/edicion.fundacionoccident.org\/poesia\/#website","url":"https:\/\/edicion.fundacionoccident.org\/poesia\/","name":"Concurso de Poes\u00eda Jes\u00fas Serra","description":"","potentialAction":[{"@type":"SearchAction","target":{"@type":"EntryPoint","urlTemplate":"https:\/\/edicion.fundacionoccident.org\/poesia\/?s={search_term_string}"},"query-input":{"@type":"PropertyValueSpecification","valueRequired":true,"valueName":"search_term_string"}}],"inLanguage":"es"}]}},"_links":{"self":[{"href":"https:\/\/edicion.fundacionoccident.org\/poesia\/wp-json\/wp\/v2\/pages\/12561","targetHints":{"allow":["GET"]}}],"collection":[{"href":"https:\/\/edicion.fundacionoccident.org\/poesia\/wp-json\/wp\/v2\/pages"}],"about":[{"href":"https:\/\/edicion.fundacionoccident.org\/poesia\/wp-json\/wp\/v2\/types\/page"}],"author":[{"embeddable":true,"href":"https:\/\/edicion.fundacionoccident.org\/poesia\/wp-json\/wp\/v2\/users\/17"}],"replies":[{"embeddable":true,"href":"https:\/\/edicion.fundacionoccident.org\/poesia\/wp-json\/wp\/v2\/comments?post=12561"}],"version-history":[{"count":3,"href":"https:\/\/edicion.fundacionoccident.org\/poesia\/wp-json\/wp\/v2\/pages\/12561\/revisions"}],"predecessor-version":[{"id":16043,"href":"https:\/\/edicion.fundacionoccident.org\/poesia\/wp-json\/wp\/v2\/pages\/12561\/revisions\/16043"}],"up":[{"embeddable":true,"href":"https:\/\/edicion.fundacionoccident.org\/poesia\/wp-json\/wp\/v2\/pages\/11"}],"wp:attachment":[{"href":"https:\/\/edicion.fundacionoccident.org\/poesia\/wp-json\/wp\/v2\/media?parent=12561"}],"curies":[{"name":"wp","href":"https:\/\/api.w.org\/{rel}","templated":true}]}}