{"id":12564,"date":"2024-06-19T13:44:04","date_gmt":"2024-06-19T11:44:04","guid":{"rendered":"https:\/\/edicion.fundacionoccident.org\/poesia\/ganadores\/categoria-a-catalan-copy"},"modified":"2025-06-19T12:52:16","modified_gmt":"2025-06-19T10:52:16","slug":"categoria-adutos-catalan","status":"publish","type":"page","link":"https:\/\/edicion.fundacionoccident.org\/poesia\/ganadores\/categoria-adutos-catalan","title":{"rendered":"Categor\u00eda Adultos &#8211; Catal\u00e1n"},"content":{"rendered":"<p>[et_pb_section bb_built=&#8221;1&#8243;][et_pb_row][et_pb_column type=&#8221;4_4&#8243;][et_pb_text _builder_version=&#8221;3.17.6&#8243;]<\/p>\n<div style=\"max-width: 800px; margin: 0 auto; text-align: center;\">\n<h1 style=\"text-align: center;\">CATAL\u00c1N &#8211; categor\u00eda Adultos<\/h1>\n<p>&nbsp;<\/p>\n<h3><b>\u00daltim cap\u00edtol i fi<\/b><\/h3>\n<h3><\/h3>\n<p><span style=\"font-weight: 400;\">Obro la porta de casa,<\/span><br \/>\n<span style=\"font-weight: 400;\">surto al carrer i \u00e9s fosc.<\/span><br \/>\n<span style=\"font-weight: 400;\">S\u00f3n les set de la tarda,<\/span><br \/>\n<span style=\"font-weight: 400;\">som al febrer i el sol ja s&#8217;ha post.<\/span><br \/>\n<span style=\"font-weight: 400;\">Els fars del teu Volkswagen Golf<\/span><br \/>\n<span style=\"font-weight: 400;\">il-luminen l&#8217;avinguda.<\/span><br \/>\n<span style=\"font-weight: 400;\">Portes pressa, penso,<\/span><br \/>\n<span style=\"font-weight: 400;\">el brunzit del motor em deixa abatuda.<\/span><br \/>\n<span style=\"font-weight: 400;\">Miro a dreta i esquerra,<\/span><br \/>\n<span style=\"font-weight: 400;\">m&#8217;afanyo a creuar la cal\u00e7ada.<\/span><br \/>\n<span style=\"font-weight: 400;\">Obro la porta,<\/span><br \/>\n<span style=\"font-weight: 400;\">entro, i m&#8217;assec d&#8217;una revolada.<\/span><br \/>\n<span style=\"font-weight: 400;\">Em faig forta<\/span><br \/>\n<span style=\"font-weight: 400;\">i et dono la bossa amb les teves coses.<\/span><br \/>\n<span style=\"font-weight: 400;\">Tot de records<\/span><br \/>\n<span style=\"font-weight: 400;\">i als meus ulls les imatges es fan borroses.<\/span><br \/>\n<span style=\"font-weight: 400;\">No goso mirar-te,<\/span><br \/>\n<span style=\"font-weight: 400;\">el teu perfum em crema a la gola.<\/span><br \/>\n<span style=\"font-weight: 400;\">Abaixo el cap,<\/span><br \/>\n<span style=\"font-weight: 400;\">que m&#8217;agafis la m\u00e0 no em consola.<\/span><br \/>\n<span style=\"font-weight: 400;\">T&#8217;escures la gola,<\/span><br \/>\n<span style=\"font-weight: 400;\">em dius que has quedat.<\/span><br \/>\n<span style=\"font-weight: 400;\">El motor encara brunzeix,<\/span><br \/>\n<span style=\"font-weight: 400;\">mires l&#8217;hora al m\u00f2bil, que poc has tardat.<\/span><br \/>\n<span style=\"font-weight: 400;\">Faig el cor fort<\/span><br \/>\n<span style=\"font-weight: 400;\">per girar el cap i mirar-te per \u00faltima vegada.<\/span><br \/>\n<span style=\"font-weight: 400;\">No vull marxar,<\/span><br \/>\n<span style=\"font-weight: 400;\">per\u00f2 estiro la maneta i torno a ser al carrer. Tinc la cara mullada.<\/span><\/p>\n<p style=\"text-align: right;\">Maria Vict\u00f2ria Also Valma\u00f1a<\/p>\n<h3><\/h3>\n<\/div>\n<p>[\/et_pb_text][\/et_pb_column][\/et_pb_row][\/et_pb_section]<\/p>\n","protected":false},"excerpt":{"rendered":"<p>[et_pb_section bb_built=&#8221;1&#8243;][et_pb_row][et_pb_column type=&#8221;4_4&#8243;][et_pb_text _builder_version=&#8221;3.17.6&#8243;] CATAL\u00c1N &#8211; categor\u00eda Adultos &nbsp; \u00daltim cap\u00edtol i fi Obro la porta de casa, surto al carrer i \u00e9s fosc. S\u00f3n les set de la tarda, som al febrer i el sol ja s&#8217;ha post. Els fars del teu Volkswagen Golf il-luminen l&#8217;avinguda. Portes pressa, penso, el brunzit del motor em [&hellip;]<\/p>\n","protected":false},"author":17,"featured_media":0,"parent":11,"menu_order":0,"comment_status":"closed","ping_status":"closed","template":"","meta":{"footnotes":""},"class_list":["post-12564","page","type-page","status-publish","hentry"],"yoast_head":"<!-- This site is optimized with the Yoast SEO plugin v26.3 - https:\/\/yoast.com\/wordpress\/plugins\/seo\/ -->\n<title>Categor\u00eda Adultos Catal\u00e1n - Concurso de Poes\u00eda Jes\u00fas Serra<\/title>\n<meta name=\"description\" content=\"\u00bfQuieres saber qui\u00e9n ha ganador el Concurso Poes\u00eda Jes\u00fas Serra para la categor\u00eda Adultos en lengua catalana? Entra y desc\u00fabrelo.\" \/>\n<meta name=\"robots\" content=\"index, follow, max-snippet:-1, max-image-preview:large, max-video-preview:-1\" \/>\n<link rel=\"canonical\" href=\"https:\/\/edicion.fundacionoccident.org\/poesia\/wp-json\/wp\/v2\/pages\/12564\" \/>\n<meta property=\"og:locale\" content=\"es_ES\" \/>\n<meta property=\"og:type\" content=\"article\" \/>\n<meta property=\"og:title\" content=\"Categor\u00eda Adultos Catal\u00e1n - Concurso de Poes\u00eda Jes\u00fas Serra\" \/>\n<meta property=\"og:description\" content=\"\u00bfQuieres saber qui\u00e9n ha ganador el Concurso Poes\u00eda Jes\u00fas Serra para la categor\u00eda Adultos en lengua catalana? Entra y desc\u00fabrelo.\" \/>\n<meta property=\"og:url\" content=\"https:\/\/edicion.fundacionoccident.org\/poesia\/ganadores\/categoria-adutos-catalan\" \/>\n<meta property=\"og:site_name\" content=\"Concurso de Poes\u00eda Jes\u00fas Serra\" \/>\n<meta property=\"article:modified_time\" content=\"2025-06-19T10:52:16+00:00\" \/>\n<meta name=\"twitter:card\" content=\"summary_large_image\" \/>\n<meta name=\"twitter:label1\" content=\"Tiempo de lectura\" \/>\n\t<meta name=\"twitter:data1\" content=\"1 minuto\" \/>\n<!-- \/ Yoast SEO plugin. -->","yoast_head_json":{"title":"Categor\u00eda Adultos Catal\u00e1n - Concurso de Poes\u00eda Jes\u00fas Serra","description":"\u00bfQuieres saber qui\u00e9n ha ganador el Concurso Poes\u00eda Jes\u00fas Serra para la categor\u00eda Adultos en lengua catalana? Entra y desc\u00fabrelo.","robots":{"index":"index","follow":"follow","max-snippet":"max-snippet:-1","max-image-preview":"max-image-preview:large","max-video-preview":"max-video-preview:-1"},"canonical":"https:\/\/edicion.fundacionoccident.org\/poesia\/wp-json\/wp\/v2\/pages\/12564","og_locale":"es_ES","og_type":"article","og_title":"Categor\u00eda Adultos Catal\u00e1n - Concurso de Poes\u00eda Jes\u00fas Serra","og_description":"\u00bfQuieres saber qui\u00e9n ha ganador el Concurso Poes\u00eda Jes\u00fas Serra para la categor\u00eda Adultos en lengua catalana? Entra y desc\u00fabrelo.","og_url":"https:\/\/edicion.fundacionoccident.org\/poesia\/ganadores\/categoria-adutos-catalan","og_site_name":"Concurso de Poes\u00eda Jes\u00fas Serra","article_modified_time":"2025-06-19T10:52:16+00:00","twitter_card":"summary_large_image","twitter_misc":{"Tiempo de lectura":"1 minuto"},"schema":{"@context":"https:\/\/schema.org","@graph":[{"@type":"WebPage","@id":"https:\/\/edicion.fundacionoccident.org\/poesia\/ganadores\/categoria-adutos-catalan","url":"https:\/\/edicion.fundacionoccident.org\/poesia\/ganadores\/categoria-adutos-catalan","name":"Categor\u00eda Adultos Catal\u00e1n - Concurso de Poes\u00eda Jes\u00fas Serra","isPartOf":{"@id":"https:\/\/edicion.fundacionoccident.org\/poesia\/#website"},"datePublished":"2024-06-19T11:44:04+00:00","dateModified":"2025-06-19T10:52:16+00:00","description":"\u00bfQuieres saber qui\u00e9n ha ganador el Concurso Poes\u00eda Jes\u00fas Serra para la categor\u00eda Adultos en lengua catalana? Entra y desc\u00fabrelo.","breadcrumb":{"@id":"https:\/\/edicion.fundacionoccident.org\/poesia\/ganadores\/categoria-adutos-catalan#breadcrumb"},"inLanguage":"es","potentialAction":[{"@type":"ReadAction","target":["https:\/\/edicion.fundacionoccident.org\/poesia\/ganadores\/categoria-adutos-catalan"]}]},{"@type":"BreadcrumbList","@id":"https:\/\/edicion.fundacionoccident.org\/poesia\/ganadores\/categoria-adutos-catalan#breadcrumb","itemListElement":[{"@type":"ListItem","position":1,"name":"Inicio \u00bb Concurso de Poes\u00eda","item":"https:\/\/edicion.fundacionoccident.org\/poesia\/"},{"@type":"ListItem","position":2,"name":"Ganadores","item":"https:\/\/edicion.fundacionoccident.org\/poesia\/ganadores"},{"@type":"ListItem","position":3,"name":"Categor\u00eda Adultos &#8211; Catal\u00e1n"}]},{"@type":"WebSite","@id":"https:\/\/edicion.fundacionoccident.org\/poesia\/#website","url":"https:\/\/edicion.fundacionoccident.org\/poesia\/","name":"Concurso de Poes\u00eda Jes\u00fas Serra","description":"","potentialAction":[{"@type":"SearchAction","target":{"@type":"EntryPoint","urlTemplate":"https:\/\/edicion.fundacionoccident.org\/poesia\/?s={search_term_string}"},"query-input":{"@type":"PropertyValueSpecification","valueRequired":true,"valueName":"search_term_string"}}],"inLanguage":"es"}]}},"_links":{"self":[{"href":"https:\/\/edicion.fundacionoccident.org\/poesia\/wp-json\/wp\/v2\/pages\/12564","targetHints":{"allow":["GET"]}}],"collection":[{"href":"https:\/\/edicion.fundacionoccident.org\/poesia\/wp-json\/wp\/v2\/pages"}],"about":[{"href":"https:\/\/edicion.fundacionoccident.org\/poesia\/wp-json\/wp\/v2\/types\/page"}],"author":[{"embeddable":true,"href":"https:\/\/edicion.fundacionoccident.org\/poesia\/wp-json\/wp\/v2\/users\/17"}],"replies":[{"embeddable":true,"href":"https:\/\/edicion.fundacionoccident.org\/poesia\/wp-json\/wp\/v2\/comments?post=12564"}],"version-history":[{"count":7,"href":"https:\/\/edicion.fundacionoccident.org\/poesia\/wp-json\/wp\/v2\/pages\/12564\/revisions"}],"predecessor-version":[{"id":16074,"href":"https:\/\/edicion.fundacionoccident.org\/poesia\/wp-json\/wp\/v2\/pages\/12564\/revisions\/16074"}],"up":[{"embeddable":true,"href":"https:\/\/edicion.fundacionoccident.org\/poesia\/wp-json\/wp\/v2\/pages\/11"}],"wp:attachment":[{"href":"https:\/\/edicion.fundacionoccident.org\/poesia\/wp-json\/wp\/v2\/media?parent=12564"}],"curies":[{"name":"wp","href":"https:\/\/api.w.org\/{rel}","templated":true}]}}