{"id":12568,"date":"2024-06-19T13:49:57","date_gmt":"2024-06-19T11:49:57","guid":{"rendered":"https:\/\/edicion.fundacionoccident.org\/poesia\/ganadores\/categoria-b-castellano-copy"},"modified":"2025-06-19T12:54:59","modified_gmt":"2025-06-19T10:54:59","slug":"categoria-juvenil-castellano","status":"publish","type":"page","link":"https:\/\/edicion.fundacionoccident.org\/poesia\/ganadores\/categoria-juvenil-castellano","title":{"rendered":"Categor\u00eda Juvenil Castellano"},"content":{"rendered":"<p>[et_pb_section bb_built=&#8221;1&#8243;][et_pb_row][et_pb_column type=&#8221;4_4&#8243;][et_pb_text _builder_version=&#8221;3.17.6&#8243;]<\/p>\n<div style=\"max-width: 800px; margin: 0 auto; text-align: center;\">\n<h1 style=\"text-align: center;\">CASTELLANO &#8211; categor\u00eda Juvenil<\/h1>\n<p>&nbsp;<\/p>\n<h3><b>Y ahora qui\u00e9n cuida el \u00e1rbol de granadas<\/b><\/h3>\n<h3><\/h3>\n<p><span style=\"font-weight: 400;\">En la casa de los abuelos<\/span><br \/>\n<span style=\"font-weight: 400;\">hab\u00eda un \u00e1rbol de granadas.<\/span><br \/>\n<span style=\"font-weight: 400;\">\u00bfRecuerdas?, las baj\u00e1bamos con un palo,<\/span><br \/>\n<span style=\"font-weight: 400;\">y a veces tambi\u00e9n el tamarindo, m\u00e1s abajo,<\/span><br \/>\n<span style=\"font-weight: 400;\">en la calle donde viv\u00eda Capit\u00e1n,<\/span><br \/>\n<span style=\"font-weight: 400;\">el perro sin casa que ten\u00eda a todos vigilados.<\/span><br \/>\n<span style=\"font-weight: 400;\">La calle era un retiro de viejos,<\/span><br \/>\n<span style=\"font-weight: 400;\">pero los fines de semana se llenaba de nietos,<\/span><br \/>\n<span style=\"font-weight: 400;\">y corr\u00edamos todos,<\/span><br \/>\n<span style=\"font-weight: 400;\">como si el mundo fuera solo esa cuadra.<\/span><br \/>\n<span style=\"font-weight: 400;\">En la casa de enfrente jug\u00e1bamos bingo.<\/span><br \/>\n<span style=\"font-weight: 400;\">Mi abuela se vest\u00eda como para un baile,<\/span><br \/>\n<span style=\"font-weight: 400;\">me echaba perfume,<\/span><br \/>\n<span style=\"font-weight: 400;\">como si el cart\u00f3n con dibujos raros<\/span><br \/>\n<span style=\"font-weight: 400;\">fuera una invitaci\u00f3n formal.<\/span><br \/>\n<span style=\"font-weight: 400;\">Yo no entend\u00eda los nombres, ella marcaba por m\u00ed.<\/span><br \/>\n<span style=\"font-weight: 400;\">Gan\u00e1bamos a veces,<\/span><br \/>\n<span style=\"font-weight: 400;\">pero lo mejor era la comida para picar.<\/span><br \/>\n<span style=\"font-weight: 400;\">Mi abuelo ten\u00eda su templo,<\/span><br \/>\n<span style=\"font-weight: 400;\">en la otra esquina,<\/span><br \/>\n<span style=\"font-weight: 400;\">una casa con rocola y domin\u00f3,<\/span><br \/>\n<span style=\"font-weight: 400;\">monedas sin valor que a\u00fan hac\u00edan sonar las canciones<\/span><br \/>\n<span style=\"font-weight: 400;\">de un pa\u00eds que parec\u00eda no doler tanto.<\/span><br \/>\n<span style=\"font-weight: 400;\">Y hab\u00eda uvas.<\/span><br \/>\n<span style=\"font-weight: 400;\">En el garaje sin techo,<\/span><br \/>\n<span style=\"font-weight: 400;\">las tablas de madera escond\u00edan<\/span><br \/>\n<span style=\"font-weight: 400;\">una mata de uvas que parec\u00eda una enredadera.<\/span><br \/>\n<span style=\"font-weight: 400;\">Yo las revisaba cada verano,<\/span><br \/>\n<span style=\"font-weight: 400;\">d\u00eda tras d\u00eda, esperando el milagro.<\/span><br \/>\n<span style=\"font-weight: 400;\">Y cuando por fin estaban listas,<\/span><br \/>\n<span style=\"font-weight: 400;\">se sent\u00eda como encontrar un tesoro.<\/span><br \/>\n<span style=\"font-weight: 400;\">Nunca supe si sab\u00edan tan bien<\/span><br \/>\n<span style=\"font-weight: 400;\">o si era solo la espera.<\/span><br \/>\n<span style=\"font-weight: 400;\">\u00bfY ahora qui\u00e9n cuida el \u00e1rbol de granadas?<\/span><br \/>\n<span style=\"font-weight: 400;\">\u00bfQui\u00e9n llena la piscina inflable?<\/span><br \/>\n<span style=\"font-weight: 400;\">\u00bfQui\u00e9n conoce el nombre de todos los vecinos?<\/span><br \/>\n<span style=\"font-weight: 400;\">\u00bfQui\u00e9n escucha las historias de la Venezuela que ya no es?<\/span><br \/>\n<span style=\"font-weight: 400;\">Mis primos cruzaron el oc\u00e9ano.<\/span><br \/>\n<span style=\"font-weight: 400;\">Yo me qued\u00e9 un tiempo m\u00e1s.<\/span><br \/>\n<span style=\"font-weight: 400;\">Luego me fui tambi\u00e9n.<\/span><br \/>\n<span style=\"font-weight: 400;\">Nos volvimos a ver en otro pa\u00eds,<\/span><br \/>\n<span style=\"font-weight: 400;\">con otras estaciones, otras palabras,<\/span><br \/>\n<span style=\"font-weight: 400;\">pero las mismas ganas de volver.<\/span><br \/>\n<span style=\"font-weight: 400;\">Ahora los abuelos tambi\u00e9n vienen.<\/span><br \/>\n<span style=\"font-weight: 400;\">Pero la casa ya no es suya.<\/span><br \/>\n<span style=\"font-weight: 400;\">Y las hallacas no se arman en cadena.<\/span><br \/>\n<span style=\"font-weight: 400;\">Y el domin\u00f3 no suena igual sin la brisa que entraba por la reja de siempre.<\/span><br \/>\n<span style=\"font-weight: 400;\">Pero estamos aqu\u00ed.<\/span><br \/>\n<span style=\"font-weight: 400;\">No en Cuman\u00e1, no en Matur\u00edn.<\/span><br \/>\n<span style=\"font-weight: 400;\">Pero juntos. Y eso basta.<\/span><br \/>\n<span style=\"font-weight: 400;\">Eso es m\u00e1s que bastante.<\/span><br \/>\n<span style=\"font-weight: 400;\">Y a veces, cuando cierro los ojos,<\/span><br \/>\n<span style=\"font-weight: 400;\">Capit\u00e1n me ladra desde la acera,<\/span><br \/>\n<span style=\"font-weight: 400;\">y el palo est\u00e1 en mi mano,<\/span><br \/>\n<span style=\"font-weight: 400;\">y mi abuela me llama para marcar la ficha,<\/span><br \/>\n<span style=\"font-weight: 400;\">y mi abuelo mete la moneda que ya no vale,<\/span><br \/>\n<span style=\"font-weight: 400;\">y suena la canci\u00f3n de siempre.<\/span><br \/>\n<span style=\"font-weight: 400;\">Y las uvas est\u00e1n listas.<\/span><br \/>\n<span style=\"font-weight: 400;\">Y las uvas est\u00e1n listas.<\/span><br \/>\n<span style=\"font-weight: 400;\">Y yo, yo sigo siendo ese ni\u00f1o que cre\u00eda que todo durar\u00eda para siempre.<\/span><\/div>\n<p style=\"text-align: right;\">Esteban Reyes Acosta<\/p>\n<h3><\/h3>\n<p><\/span><\/span><\/span><\/div>\n<p>[\/et_pb_text][\/et_pb_column][\/et_pb_row][\/et_pb_section]<\/p>\n","protected":false},"excerpt":{"rendered":"<p>[et_pb_section bb_built=&#8221;1&#8243;][et_pb_row][et_pb_column type=&#8221;4_4&#8243;][et_pb_text _builder_version=&#8221;3.17.6&#8243;] CASTELLANO &#8211; categor\u00eda Juvenil &nbsp; Y ahora qui\u00e9n cuida el \u00e1rbol de granadas En la casa de los abuelos hab\u00eda un \u00e1rbol de granadas. \u00bfRecuerdas?, las baj\u00e1bamos con un palo, y a veces tambi\u00e9n el tamarindo, m\u00e1s abajo, en la calle donde viv\u00eda Capit\u00e1n, el perro sin casa que ten\u00eda a [&hellip;]<\/p>\n","protected":false},"author":17,"featured_media":0,"parent":11,"menu_order":0,"comment_status":"closed","ping_status":"closed","template":"","meta":{"footnotes":""},"class_list":["post-12568","page","type-page","status-publish","hentry"],"yoast_head":"<!-- This site is optimized with the Yoast SEO plugin v26.3 - https:\/\/yoast.com\/wordpress\/plugins\/seo\/ -->\n<title>Categoria Juvenil Castellano - Concurso de Poes\u00eda Jes\u00fas Serra<\/title>\n<meta name=\"description\" content=\"\u00bfSabes qui\u00e9n ha ganado la categor\u00eda Juvenil en lengua castellana para el Concurso de Poes\u00eda Jes\u00fas Serra? Entra e inf\u00f3rmate.\" \/>\n<meta name=\"robots\" content=\"index, follow, max-snippet:-1, max-image-preview:large, max-video-preview:-1\" \/>\n<link rel=\"canonical\" href=\"https:\/\/edicion.fundacionoccident.org\/poesia\/wp-json\/wp\/v2\/pages\/12568\" \/>\n<meta property=\"og:locale\" content=\"es_ES\" \/>\n<meta property=\"og:type\" content=\"article\" \/>\n<meta property=\"og:title\" content=\"Categoria Juvenil Castellano - Concurso de Poes\u00eda Jes\u00fas Serra\" \/>\n<meta property=\"og:description\" content=\"\u00bfSabes qui\u00e9n ha ganado la categor\u00eda Juvenil en lengua castellana para el Concurso de Poes\u00eda Jes\u00fas Serra? Entra e inf\u00f3rmate.\" \/>\n<meta property=\"og:url\" content=\"https:\/\/edicion.fundacionoccident.org\/poesia\/ganadores\/categoria-juvenil-castellano\" \/>\n<meta property=\"og:site_name\" content=\"Concurso de Poes\u00eda Jes\u00fas Serra\" \/>\n<meta property=\"article:modified_time\" content=\"2025-06-19T10:54:59+00:00\" \/>\n<meta name=\"twitter:card\" content=\"summary_large_image\" \/>\n<meta name=\"twitter:label1\" content=\"Tiempo de lectura\" \/>\n\t<meta name=\"twitter:data1\" content=\"2 minutos\" \/>\n<!-- \/ Yoast SEO plugin. -->","yoast_head_json":{"title":"Categoria Juvenil Castellano - Concurso de Poes\u00eda Jes\u00fas Serra","description":"\u00bfSabes qui\u00e9n ha ganado la categor\u00eda Juvenil en lengua castellana para el Concurso de Poes\u00eda Jes\u00fas Serra? Entra e inf\u00f3rmate.","robots":{"index":"index","follow":"follow","max-snippet":"max-snippet:-1","max-image-preview":"max-image-preview:large","max-video-preview":"max-video-preview:-1"},"canonical":"https:\/\/edicion.fundacionoccident.org\/poesia\/wp-json\/wp\/v2\/pages\/12568","og_locale":"es_ES","og_type":"article","og_title":"Categoria Juvenil Castellano - Concurso de Poes\u00eda Jes\u00fas Serra","og_description":"\u00bfSabes qui\u00e9n ha ganado la categor\u00eda Juvenil en lengua castellana para el Concurso de Poes\u00eda Jes\u00fas Serra? Entra e inf\u00f3rmate.","og_url":"https:\/\/edicion.fundacionoccident.org\/poesia\/ganadores\/categoria-juvenil-castellano","og_site_name":"Concurso de Poes\u00eda Jes\u00fas Serra","article_modified_time":"2025-06-19T10:54:59+00:00","twitter_card":"summary_large_image","twitter_misc":{"Tiempo de lectura":"2 minutos"},"schema":{"@context":"https:\/\/schema.org","@graph":[{"@type":"WebPage","@id":"https:\/\/edicion.fundacionoccident.org\/poesia\/ganadores\/categoria-juvenil-castellano","url":"https:\/\/edicion.fundacionoccident.org\/poesia\/ganadores\/categoria-juvenil-castellano","name":"Categoria Juvenil Castellano - Concurso de Poes\u00eda Jes\u00fas Serra","isPartOf":{"@id":"https:\/\/edicion.fundacionoccident.org\/poesia\/#website"},"datePublished":"2024-06-19T11:49:57+00:00","dateModified":"2025-06-19T10:54:59+00:00","description":"\u00bfSabes qui\u00e9n ha ganado la categor\u00eda Juvenil en lengua castellana para el Concurso de Poes\u00eda Jes\u00fas Serra? Entra e inf\u00f3rmate.","breadcrumb":{"@id":"https:\/\/edicion.fundacionoccident.org\/poesia\/ganadores\/categoria-juvenil-castellano#breadcrumb"},"inLanguage":"es","potentialAction":[{"@type":"ReadAction","target":["https:\/\/edicion.fundacionoccident.org\/poesia\/ganadores\/categoria-juvenil-castellano"]}]},{"@type":"BreadcrumbList","@id":"https:\/\/edicion.fundacionoccident.org\/poesia\/ganadores\/categoria-juvenil-castellano#breadcrumb","itemListElement":[{"@type":"ListItem","position":1,"name":"Inicio \u00bb Concurso de Poes\u00eda","item":"https:\/\/edicion.fundacionoccident.org\/poesia\/"},{"@type":"ListItem","position":2,"name":"Ganadores","item":"https:\/\/edicion.fundacionoccident.org\/poesia\/ganadores"},{"@type":"ListItem","position":3,"name":"Categor\u00eda Juvenil Castellano"}]},{"@type":"WebSite","@id":"https:\/\/edicion.fundacionoccident.org\/poesia\/#website","url":"https:\/\/edicion.fundacionoccident.org\/poesia\/","name":"Concurso de Poes\u00eda Jes\u00fas Serra","description":"","potentialAction":[{"@type":"SearchAction","target":{"@type":"EntryPoint","urlTemplate":"https:\/\/edicion.fundacionoccident.org\/poesia\/?s={search_term_string}"},"query-input":{"@type":"PropertyValueSpecification","valueRequired":true,"valueName":"search_term_string"}}],"inLanguage":"es"}]}},"_links":{"self":[{"href":"https:\/\/edicion.fundacionoccident.org\/poesia\/wp-json\/wp\/v2\/pages\/12568","targetHints":{"allow":["GET"]}}],"collection":[{"href":"https:\/\/edicion.fundacionoccident.org\/poesia\/wp-json\/wp\/v2\/pages"}],"about":[{"href":"https:\/\/edicion.fundacionoccident.org\/poesia\/wp-json\/wp\/v2\/types\/page"}],"author":[{"embeddable":true,"href":"https:\/\/edicion.fundacionoccident.org\/poesia\/wp-json\/wp\/v2\/users\/17"}],"replies":[{"embeddable":true,"href":"https:\/\/edicion.fundacionoccident.org\/poesia\/wp-json\/wp\/v2\/comments?post=12568"}],"version-history":[{"count":7,"href":"https:\/\/edicion.fundacionoccident.org\/poesia\/wp-json\/wp\/v2\/pages\/12568\/revisions"}],"predecessor-version":[{"id":16075,"href":"https:\/\/edicion.fundacionoccident.org\/poesia\/wp-json\/wp\/v2\/pages\/12568\/revisions\/16075"}],"up":[{"embeddable":true,"href":"https:\/\/edicion.fundacionoccident.org\/poesia\/wp-json\/wp\/v2\/pages\/11"}],"wp:attachment":[{"href":"https:\/\/edicion.fundacionoccident.org\/poesia\/wp-json\/wp\/v2\/media?parent=12568"}],"curies":[{"name":"wp","href":"https:\/\/api.w.org\/{rel}","templated":true}]}}