{"id":12574,"date":"2024-06-19T14:53:40","date_gmt":"2024-06-19T12:53:40","guid":{"rendered":"https:\/\/edicion.fundacionoccident.org\/poesia\/ganadores\/categoria-b-catalan-copy"},"modified":"2025-06-19T12:59:39","modified_gmt":"2025-06-19T10:59:39","slug":"categoria-juvenil-catala","status":"publish","type":"page","link":"https:\/\/edicion.fundacionoccident.org\/poesia\/ganadores\/categoria-juvenil-catala","title":{"rendered":"Categor\u00eda Juvenil Catal\u00e0"},"content":{"rendered":"<p>[et_pb_section bb_built=&#8221;1&#8243;][et_pb_row][et_pb_column type=&#8221;4_4&#8243;][et_pb_text _builder_version=&#8221;3.17.6&#8243;]<\/p>\n<div style=\"max-width: 800px; margin: 0 auto; text-align: center;\">\n<h1 style=\"text-align: center;\">CATAL\u00c1N &#8211; categor\u00eda Juvenil<\/h1>\n<p>&nbsp;<\/p>\n<h3><b>Cadenes Invisibles<\/b><\/h3>\n<h3><\/h3>\n<p><span style=\"font-weight: 400;\">A l&#8217;ombra callada d&#8217;un fred rac\u00f3,<\/span><br \/>\n<span style=\"font-weight: 400;\">un cor s&#8217;apaga sense cap so.<\/span><br \/>\n<span style=\"font-weight: 400;\">Els crits ofegats ning\u00fa no escolta,<\/span><br \/>\n<span style=\"font-weight: 400;\">les ll\u00e0grimes cauen, per\u00f2 ning\u00fa les nota.<\/span><br \/>\n<span style=\"font-weight: 400;\">El mirall li menteix, li mostra el malson,<\/span><br \/>\n<span style=\"font-weight: 400;\">no veu la bellesa, nom\u00e9s la dissort.<\/span><br \/>\n<span style=\"font-weight: 400;\">Li xiuxiueja Ets massa, ets poc,<\/span><br \/>\n<span style=\"font-weight: 400;\">no vals la pena, fuig, fes el joc.<\/span><br \/>\n<span style=\"font-weight: 400;\">Compta les calories com compta els mals dies,<\/span><br \/>\n<span style=\"font-weight: 400;\">morint-se de gana en cadenes invisibles.<\/span><br \/>\n<span style=\"font-weight: 400;\">Cada mossegada \u00e9s culpa i dolor,<\/span><br \/>\n<span style=\"font-weight: 400;\">cada v\u00f2mit, un crit que ressona al seu cor.<\/span><br \/>\n<span style=\"font-weight: 400;\">Les m\u00e0nigues llargues oculten ferides,<\/span><br \/>\n<span style=\"font-weight: 400;\">cicatrius marcades com veus reprimides.<\/span><br \/>\n<span style=\"font-weight: 400;\">\u00c9s dolor? \u00c9s calma? \u00c9s c\u00e0stig o por?<\/span><br \/>\n<span style=\"font-weight: 400;\">Cada tall parla, per\u00f2 sense so.<\/span><br \/>\n<span style=\"font-weight: 400;\">Les nits s\u00f3n fosques, el pes insuportable,<\/span><br \/>\n<span style=\"font-weight: 400;\">les veus l&#8217;encerclen com crits insondables.<\/span><br \/>\n<span style=\"font-weight: 400;\">El full de la vida trontolla a la m\u00e0,<\/span><br \/>\n<span style=\"font-weight: 400;\">i el buit la crida vine ja.<\/span><br \/>\n<span style=\"font-weight: 400;\">Per\u00f2 entre la fosca, un fil l&#8217;abra\u00e7a,<\/span><br \/>\n<span style=\"font-weight: 400;\">una veu suau que encara l&#8217;estreny.<\/span><br \/>\n<span style=\"font-weight: 400;\">No ets nom\u00e9s por, ni tampoc frac\u00e0s,<\/span><br \/>\n<span style=\"font-weight: 400;\">ets llum i for\u00e7a, ets vida i pas.<\/span><br \/>\n<span style=\"font-weight: 400;\">El sol encara pot escalfar,<\/span><br \/>\n<span style=\"font-weight: 400;\">si prens la m\u00e0 que et vol salvar.<\/span><br \/>\n<span style=\"font-weight: 400;\">No ets un n\u00famero en una balan\u00e7a,<\/span><br \/>\n<span style=\"font-weight: 400;\">ets \u00e0nima pura que mereix esperan\u00e7a.<\/span><br \/>\n<span style=\"font-weight: 400;\">Les cicatrius no diuen la fi,<\/span><br \/>\n<span style=\"font-weight: 400;\">s\u00f3n marca de guerra, s\u00f3n crits en dest\u00ed.<\/span><br \/>\n<span style=\"font-weight: 400;\">Si avui resisteixes i et quedes aqu\u00ed,<\/span><br \/>\n<span style=\"font-weight: 400;\">pot ser dem\u00e0&#8230; puguis somiure aix\u00ed.<\/span><\/p>\n<p style=\"text-align: right;\">Sandra Guill\u00e9n Garc\u00eda<\/p>\n<h3><\/h3>\n<p><\/span><\/span><\/span><\/div>\n<p>[\/et_pb_text][\/et_pb_column][\/et_pb_row][\/et_pb_section]<\/p>\n","protected":false},"excerpt":{"rendered":"<p>[et_pb_section bb_built=&#8221;1&#8243;][et_pb_row][et_pb_column type=&#8221;4_4&#8243;][et_pb_text _builder_version=&#8221;3.17.6&#8243;] CATAL\u00c1N &#8211; categor\u00eda Juvenil &nbsp; Cadenes Invisibles A l&#8217;ombra callada d&#8217;un fred rac\u00f3, un cor s&#8217;apaga sense cap so. Els crits ofegats ning\u00fa no escolta, les ll\u00e0grimes cauen, per\u00f2 ning\u00fa les nota. El mirall li menteix, li mostra el malson, no veu la bellesa, nom\u00e9s la dissort. Li xiuxiueja Ets massa, [&hellip;]<\/p>\n","protected":false},"author":17,"featured_media":0,"parent":11,"menu_order":0,"comment_status":"closed","ping_status":"closed","template":"","meta":{"footnotes":""},"class_list":["post-12574","page","type-page","status-publish","hentry"],"yoast_head":"<!-- This site is optimized with the Yoast SEO plugin v26.3 - https:\/\/yoast.com\/wordpress\/plugins\/seo\/ -->\n<title>Categor\u00eda Juvenil Catal\u00e1n - Concurso de Poes\u00eda Jes\u00fas Serra<\/title>\n<meta name=\"robots\" content=\"index, follow, max-snippet:-1, max-image-preview:large, max-video-preview:-1\" \/>\n<link rel=\"canonical\" href=\"https:\/\/edicion.fundacionoccident.org\/poesia\/wp-json\/wp\/v2\/pages\/12574\" \/>\n<meta property=\"og:locale\" content=\"es_ES\" \/>\n<meta property=\"og:type\" content=\"article\" \/>\n<meta property=\"og:title\" content=\"Categor\u00eda Juvenil Catal\u00e1n - Concurso de Poes\u00eda Jes\u00fas Serra\" \/>\n<meta property=\"og:description\" content=\"[et_pb_section bb_built=&#8221;1&#8243;][et_pb_row][et_pb_column type=&#8221;4_4&#8243;][et_pb_text _builder_version=&#8221;3.17.6&#8243;] CATAL\u00c1N &#8211; categor\u00eda Juvenil &nbsp; Cadenes Invisibles A l&#8217;ombra callada d&#8217;un fred rac\u00f3, un cor s&#8217;apaga sense cap so. Els crits ofegats ning\u00fa no escolta, les ll\u00e0grimes cauen, per\u00f2 ning\u00fa les nota. El mirall li menteix, li mostra el malson, no veu la bellesa, nom\u00e9s la dissort. Li xiuxiueja Ets massa, [&hellip;]\" \/>\n<meta property=\"og:url\" content=\"https:\/\/edicion.fundacionoccident.org\/poesia\/ganadores\/categoria-juvenil-catala\" \/>\n<meta property=\"og:site_name\" content=\"Concurso de Poes\u00eda Jes\u00fas Serra\" \/>\n<meta property=\"article:modified_time\" content=\"2025-06-19T10:59:39+00:00\" \/>\n<meta name=\"twitter:card\" content=\"summary_large_image\" \/>\n<meta name=\"twitter:label1\" content=\"Tiempo de lectura\" \/>\n\t<meta name=\"twitter:data1\" content=\"1 minuto\" \/>\n<!-- \/ Yoast SEO plugin. -->","yoast_head_json":{"title":"Categor\u00eda Juvenil Catal\u00e1n - Concurso de Poes\u00eda Jes\u00fas Serra","robots":{"index":"index","follow":"follow","max-snippet":"max-snippet:-1","max-image-preview":"max-image-preview:large","max-video-preview":"max-video-preview:-1"},"canonical":"https:\/\/edicion.fundacionoccident.org\/poesia\/wp-json\/wp\/v2\/pages\/12574","og_locale":"es_ES","og_type":"article","og_title":"Categor\u00eda Juvenil Catal\u00e1n - Concurso de Poes\u00eda Jes\u00fas Serra","og_description":"[et_pb_section bb_built=&#8221;1&#8243;][et_pb_row][et_pb_column type=&#8221;4_4&#8243;][et_pb_text _builder_version=&#8221;3.17.6&#8243;] CATAL\u00c1N &#8211; categor\u00eda Juvenil &nbsp; Cadenes Invisibles A l&#8217;ombra callada d&#8217;un fred rac\u00f3, un cor s&#8217;apaga sense cap so. Els crits ofegats ning\u00fa no escolta, les ll\u00e0grimes cauen, per\u00f2 ning\u00fa les nota. El mirall li menteix, li mostra el malson, no veu la bellesa, nom\u00e9s la dissort. Li xiuxiueja Ets massa, [&hellip;]","og_url":"https:\/\/edicion.fundacionoccident.org\/poesia\/ganadores\/categoria-juvenil-catala","og_site_name":"Concurso de Poes\u00eda Jes\u00fas Serra","article_modified_time":"2025-06-19T10:59:39+00:00","twitter_card":"summary_large_image","twitter_misc":{"Tiempo de lectura":"1 minuto"},"schema":{"@context":"https:\/\/schema.org","@graph":[{"@type":"WebPage","@id":"https:\/\/edicion.fundacionoccident.org\/poesia\/ganadores\/categoria-juvenil-catala","url":"https:\/\/edicion.fundacionoccident.org\/poesia\/ganadores\/categoria-juvenil-catala","name":"Categor\u00eda Juvenil Catal\u00e1n - Concurso de Poes\u00eda Jes\u00fas Serra","isPartOf":{"@id":"https:\/\/edicion.fundacionoccident.org\/poesia\/#website"},"datePublished":"2024-06-19T12:53:40+00:00","dateModified":"2025-06-19T10:59:39+00:00","breadcrumb":{"@id":"https:\/\/edicion.fundacionoccident.org\/poesia\/ganadores\/categoria-juvenil-catala#breadcrumb"},"inLanguage":"es","potentialAction":[{"@type":"ReadAction","target":["https:\/\/edicion.fundacionoccident.org\/poesia\/ganadores\/categoria-juvenil-catala"]}]},{"@type":"BreadcrumbList","@id":"https:\/\/edicion.fundacionoccident.org\/poesia\/ganadores\/categoria-juvenil-catala#breadcrumb","itemListElement":[{"@type":"ListItem","position":1,"name":"Inicio \u00bb Concurso de Poes\u00eda","item":"https:\/\/edicion.fundacionoccident.org\/poesia\/"},{"@type":"ListItem","position":2,"name":"Ganadores","item":"https:\/\/edicion.fundacionoccident.org\/poesia\/ganadores"},{"@type":"ListItem","position":3,"name":"Categor\u00eda Juvenil Catal\u00e0"}]},{"@type":"WebSite","@id":"https:\/\/edicion.fundacionoccident.org\/poesia\/#website","url":"https:\/\/edicion.fundacionoccident.org\/poesia\/","name":"Concurso de Poes\u00eda Jes\u00fas Serra","description":"","potentialAction":[{"@type":"SearchAction","target":{"@type":"EntryPoint","urlTemplate":"https:\/\/edicion.fundacionoccident.org\/poesia\/?s={search_term_string}"},"query-input":{"@type":"PropertyValueSpecification","valueRequired":true,"valueName":"search_term_string"}}],"inLanguage":"es"}]}},"_links":{"self":[{"href":"https:\/\/edicion.fundacionoccident.org\/poesia\/wp-json\/wp\/v2\/pages\/12574","targetHints":{"allow":["GET"]}}],"collection":[{"href":"https:\/\/edicion.fundacionoccident.org\/poesia\/wp-json\/wp\/v2\/pages"}],"about":[{"href":"https:\/\/edicion.fundacionoccident.org\/poesia\/wp-json\/wp\/v2\/types\/page"}],"author":[{"embeddable":true,"href":"https:\/\/edicion.fundacionoccident.org\/poesia\/wp-json\/wp\/v2\/users\/17"}],"replies":[{"embeddable":true,"href":"https:\/\/edicion.fundacionoccident.org\/poesia\/wp-json\/wp\/v2\/comments?post=12574"}],"version-history":[{"count":4,"href":"https:\/\/edicion.fundacionoccident.org\/poesia\/wp-json\/wp\/v2\/pages\/12574\/revisions"}],"predecessor-version":[{"id":16076,"href":"https:\/\/edicion.fundacionoccident.org\/poesia\/wp-json\/wp\/v2\/pages\/12574\/revisions\/16076"}],"up":[{"embeddable":true,"href":"https:\/\/edicion.fundacionoccident.org\/poesia\/wp-json\/wp\/v2\/pages\/11"}],"wp:attachment":[{"href":"https:\/\/edicion.fundacionoccident.org\/poesia\/wp-json\/wp\/v2\/media?parent=12574"}],"curies":[{"name":"wp","href":"https:\/\/api.w.org\/{rel}","templated":true}]}}