{"id":12577,"date":"2024-06-19T14:58:44","date_gmt":"2024-06-19T12:58:44","guid":{"rendered":"https:\/\/edicion.fundacionoccident.org\/poesia\/ganadores\/categoria-b-catalan-copy"},"modified":"2025-06-19T13:07:45","modified_gmt":"2025-06-19T11:07:45","slug":"categoria-infantil-catalan","status":"publish","type":"page","link":"https:\/\/edicion.fundacionoccident.org\/poesia\/ganadores\/categoria-infantil-catalan","title":{"rendered":"Categor\u00eda Infantil Catal\u00e1n"},"content":{"rendered":"<p>[et_pb_section bb_built=&#8221;1&#8243;][et_pb_row][et_pb_column type=&#8221;4_4&#8243;][et_pb_text _builder_version=&#8221;3.17.6&#8243;]<\/p>\n<div style=\"max-width: 800px; margin: 0 auto; text-align: center;\">\n<h1 style=\"text-align: center;\">CATAL\u00c1N &#8211; categor\u00eda Infantil<\/h1>\n<p>&nbsp;<\/p>\n<h3><b>T&#8217;en recordes?<\/b><\/h3>\n<h3><\/h3>\n<p><span style=\"font-weight: 400;\">Eren com les dotze i mitja del de mat\u00ed,<\/span><br \/>\n<span style=\"font-weight: 400;\">est\u00e0vem cadasc\u00fa entretinguts al jard\u00ed.<\/span><br \/>\n<span style=\"font-weight: 400;\">I tu all\u00e0 amb la mare ben amagadeta,<\/span><br \/>\n<span style=\"font-weight: 400;\">en aquella petita calentona coveta.<\/span><br \/>\n<span style=\"font-weight: 400;\">Fins que va arribar un moment, en el que et vam trobar,<\/span><br \/>\n<span style=\"font-weight: 400;\">I de l&#8217;emoci\u00f3, ens vam posar tots a plorar.<\/span><br \/>\n<span style=\"font-weight: 400;\">Erets molt juganera,<\/span><br \/>\n<span style=\"font-weight: 400;\">per\u00f2 tamb\u00e9 a vegades, molt empipanera.<\/span><br \/>\n<span style=\"font-weight: 400;\">Quan el germanet et feia acaricies,<\/span><br \/>\n<span style=\"font-weight: 400;\">els teus peuets, d&#8217;alegria els movies.<\/span><br \/>\n<span style=\"font-weight: 400;\">I aquella escalfor de la mare tant tendra,<\/span><br \/>\n<span style=\"font-weight: 400;\">et deixava feta com una boleta.<\/span><br \/>\n<span style=\"font-weight: 400;\">Sab\u00edem que a alg\u00fa t&#8217;hi ha semblaries,<\/span><br \/>\n<span style=\"font-weight: 400;\">i que amb els ulls d&#8217;alg\u00fa, et despertaries.<\/span><br \/>\n<span style=\"font-weight: 400;\">Ser\u00e0 rossa, castanya, p\u00e8l-roja o potser morena?<\/span><br \/>\n<span style=\"font-weight: 400;\">L&#8217;\u00fanic que sab\u00edem, \u00e9s que series una dol\u00e7a nena.<\/span><br \/>\n<span style=\"font-weight: 400;\">D&#8217;alguna manera, un nom haur\u00edem de triar,<\/span><br \/>\n<span style=\"font-weight: 400;\">i et vam posar el de la iaia, per un futur arribar a recordar.<\/span><br \/>\n<span style=\"font-weight: 400;\">Tabac d&#8217;estr\u00e8s, exercici dels nervis i ungles de l&#8217;ansietat.<\/span><br \/>\n<span style=\"font-weight: 400;\">A l&#8217;estiu, tu i el dolor a la mare f\u00e8ieu costat.<\/span><br \/>\n<span style=\"font-weight: 400;\">&#8220;No patiu, mengeu vosaltres que no tinc gana&#8221;<\/span><br \/>\n<span style=\"font-weight: 400;\">Ens va dir mentre menj\u00e0vem arr\u00f2s a la cubana.<\/span><br \/>\n<span style=\"font-weight: 400;\">Fins que es va tornar en una dita de cada dia,<\/span><br \/>\n<span style=\"font-weight: 400;\">en aquell moment, de la preocupaci\u00f3, el nostre cor bullia.<\/span><br \/>\n<span style=\"font-weight: 400;\">Sempre ens preocup\u00e0vem per ella i tamb\u00e9 per tu.<\/span><br \/>\n<span style=\"font-weight: 400;\">No vol\u00edem que ta&#8221; mare es pos\u00e9s freda com Nept\u00fa.<\/span><br \/>\n<span style=\"font-weight: 400;\">Impactada, emocionada i ansiosa em vaig quedar,<\/span><br \/>\n<span style=\"font-weight: 400;\">quan em vaig adonar que poc m\u00e9s t&#8217;havia d&#8217;esperar.<\/span><br \/>\n<span style=\"font-weight: 400;\">Quan em vaig assabentar que naixeries amb flors al voltant,<\/span><br \/>\n<span style=\"font-weight: 400;\">Quan et veia per les fotos de tant en tant,<\/span><br \/>\n<span style=\"font-weight: 400;\">Quan des de dins del teu amagatall, ens miraves amb tendresa<\/span><br \/>\n<span style=\"font-weight: 400;\">Quan t&#8217;imaginava als meus bra\u00e7os, quina bellesa!<\/span><br \/>\n<span style=\"font-weight: 400;\">M\u00e9s tard, a mig m\u00e9s a mitja primavera,<\/span><br \/>\n<span style=\"font-weight: 400;\">estava morta de fam davant la nevera.<\/span><br \/>\n<span style=\"font-weight: 400;\">I ni en aquell moment ni mai hauria parat a pensar,<\/span><br \/>\n<span style=\"font-weight: 400;\">que un sol missatge, la gana em fes abandonar.<\/span><br \/>\n<span style=\"font-weight: 400;\">&#8220;Hola! Hi ha alg\u00fa que et vol con\u00e8ixer, t\u00e9 ganes de veure&#8217;t!&#8221;<\/span><br \/>\n<span style=\"font-weight: 400;\">Mentre el llegia mil cops plena de ll\u00e0grimes, el gos es va esverar, pobret!<\/span><br \/>\n<span style=\"font-weight: 400;\">\u00d2ndia! S\u00ed que han passat r\u00e0pidament les mem\u00f2ries,<\/span><br \/>\n<span style=\"font-weight: 400;\">les emocions, els moments, i les experi\u00e8ncies.<\/span><br \/>\n<span style=\"font-weight: 400;\">Aquest, no ha estat un poema \u00fanic, ha estat un record.<\/span><br \/>\n<span style=\"font-weight: 400;\">Si en cap moment has vist el missatge i el vols descobrir,<\/span><br \/>\n<span style=\"font-weight: 400;\">crec que el poema, m\u00e9s d&#8217;un cop haur\u00e0s de llegir.<\/span><\/p>\n<p style=\"text-align: right;\">Anouk Borr\u00e0s Hern\u00e1ndez<\/p>\n<h3><\/h3>\n<p><\/span><\/span><\/span><\/div>\n<p>[\/et_pb_text][\/et_pb_column][\/et_pb_row][\/et_pb_section]<\/p>\n","protected":false},"excerpt":{"rendered":"<p>[et_pb_section bb_built=&#8221;1&#8243;][et_pb_row][et_pb_column type=&#8221;4_4&#8243;][et_pb_text _builder_version=&#8221;3.17.6&#8243;] CATAL\u00c1N &#8211; categor\u00eda Infantil &nbsp; T&#8217;en recordes? Eren com les dotze i mitja del de mat\u00ed, est\u00e0vem cadasc\u00fa entretinguts al jard\u00ed. I tu all\u00e0 amb la mare ben amagadeta, en aquella petita calentona coveta. Fins que va arribar un moment, en el que et vam trobar, I de l&#8217;emoci\u00f3, ens vam [&hellip;]<\/p>\n","protected":false},"author":17,"featured_media":0,"parent":11,"menu_order":0,"comment_status":"closed","ping_status":"closed","template":"","meta":{"footnotes":""},"class_list":["post-12577","page","type-page","status-publish","hentry"],"yoast_head":"<!-- This site is optimized with the Yoast SEO plugin v26.3 - https:\/\/yoast.com\/wordpress\/plugins\/seo\/ -->\n<title>Categor\u00eda Infantil Catal\u00e1n - Concurso de Poes\u00eda Jes\u00fas Serra<\/title>\n<meta name=\"robots\" content=\"index, follow, max-snippet:-1, max-image-preview:large, max-video-preview:-1\" \/>\n<link rel=\"canonical\" href=\"https:\/\/edicion.fundacionoccident.org\/poesia\/wp-json\/wp\/v2\/pages\/12577\" \/>\n<meta property=\"og:locale\" content=\"es_ES\" \/>\n<meta property=\"og:type\" content=\"article\" \/>\n<meta property=\"og:title\" content=\"Categor\u00eda Infantil Catal\u00e1n - Concurso de Poes\u00eda Jes\u00fas Serra\" \/>\n<meta property=\"og:description\" content=\"[et_pb_section bb_built=&#8221;1&#8243;][et_pb_row][et_pb_column type=&#8221;4_4&#8243;][et_pb_text _builder_version=&#8221;3.17.6&#8243;] CATAL\u00c1N &#8211; categor\u00eda Infantil &nbsp; T&#8217;en recordes? Eren com les dotze i mitja del de mat\u00ed, est\u00e0vem cadasc\u00fa entretinguts al jard\u00ed. I tu all\u00e0 amb la mare ben amagadeta, en aquella petita calentona coveta. Fins que va arribar un moment, en el que et vam trobar, I de l&#8217;emoci\u00f3, ens vam [&hellip;]\" \/>\n<meta property=\"og:url\" content=\"https:\/\/edicion.fundacionoccident.org\/poesia\/ganadores\/categoria-infantil-catalan\" \/>\n<meta property=\"og:site_name\" content=\"Concurso de Poes\u00eda Jes\u00fas Serra\" \/>\n<meta property=\"article:modified_time\" content=\"2025-06-19T11:07:45+00:00\" \/>\n<meta name=\"twitter:card\" content=\"summary_large_image\" \/>\n<meta name=\"twitter:label1\" content=\"Tiempo de lectura\" \/>\n\t<meta name=\"twitter:data1\" content=\"2 minutos\" \/>\n<!-- \/ Yoast SEO plugin. -->","yoast_head_json":{"title":"Categor\u00eda Infantil Catal\u00e1n - Concurso de Poes\u00eda Jes\u00fas Serra","robots":{"index":"index","follow":"follow","max-snippet":"max-snippet:-1","max-image-preview":"max-image-preview:large","max-video-preview":"max-video-preview:-1"},"canonical":"https:\/\/edicion.fundacionoccident.org\/poesia\/wp-json\/wp\/v2\/pages\/12577","og_locale":"es_ES","og_type":"article","og_title":"Categor\u00eda Infantil Catal\u00e1n - Concurso de Poes\u00eda Jes\u00fas Serra","og_description":"[et_pb_section bb_built=&#8221;1&#8243;][et_pb_row][et_pb_column type=&#8221;4_4&#8243;][et_pb_text _builder_version=&#8221;3.17.6&#8243;] CATAL\u00c1N &#8211; categor\u00eda Infantil &nbsp; T&#8217;en recordes? Eren com les dotze i mitja del de mat\u00ed, est\u00e0vem cadasc\u00fa entretinguts al jard\u00ed. I tu all\u00e0 amb la mare ben amagadeta, en aquella petita calentona coveta. Fins que va arribar un moment, en el que et vam trobar, I de l&#8217;emoci\u00f3, ens vam [&hellip;]","og_url":"https:\/\/edicion.fundacionoccident.org\/poesia\/ganadores\/categoria-infantil-catalan","og_site_name":"Concurso de Poes\u00eda Jes\u00fas Serra","article_modified_time":"2025-06-19T11:07:45+00:00","twitter_card":"summary_large_image","twitter_misc":{"Tiempo de lectura":"2 minutos"},"schema":{"@context":"https:\/\/schema.org","@graph":[{"@type":"WebPage","@id":"https:\/\/edicion.fundacionoccident.org\/poesia\/ganadores\/categoria-infantil-catalan","url":"https:\/\/edicion.fundacionoccident.org\/poesia\/ganadores\/categoria-infantil-catalan","name":"Categor\u00eda Infantil Catal\u00e1n - Concurso de Poes\u00eda Jes\u00fas Serra","isPartOf":{"@id":"https:\/\/edicion.fundacionoccident.org\/poesia\/#website"},"datePublished":"2024-06-19T12:58:44+00:00","dateModified":"2025-06-19T11:07:45+00:00","breadcrumb":{"@id":"https:\/\/edicion.fundacionoccident.org\/poesia\/ganadores\/categoria-infantil-catalan#breadcrumb"},"inLanguage":"es","potentialAction":[{"@type":"ReadAction","target":["https:\/\/edicion.fundacionoccident.org\/poesia\/ganadores\/categoria-infantil-catalan"]}]},{"@type":"BreadcrumbList","@id":"https:\/\/edicion.fundacionoccident.org\/poesia\/ganadores\/categoria-infantil-catalan#breadcrumb","itemListElement":[{"@type":"ListItem","position":1,"name":"Inicio \u00bb Concurso de Poes\u00eda","item":"https:\/\/edicion.fundacionoccident.org\/poesia\/"},{"@type":"ListItem","position":2,"name":"Ganadores","item":"https:\/\/edicion.fundacionoccident.org\/poesia\/ganadores"},{"@type":"ListItem","position":3,"name":"Categor\u00eda Infantil Catal\u00e1n"}]},{"@type":"WebSite","@id":"https:\/\/edicion.fundacionoccident.org\/poesia\/#website","url":"https:\/\/edicion.fundacionoccident.org\/poesia\/","name":"Concurso de Poes\u00eda Jes\u00fas Serra","description":"","potentialAction":[{"@type":"SearchAction","target":{"@type":"EntryPoint","urlTemplate":"https:\/\/edicion.fundacionoccident.org\/poesia\/?s={search_term_string}"},"query-input":{"@type":"PropertyValueSpecification","valueRequired":true,"valueName":"search_term_string"}}],"inLanguage":"es"}]}},"_links":{"self":[{"href":"https:\/\/edicion.fundacionoccident.org\/poesia\/wp-json\/wp\/v2\/pages\/12577","targetHints":{"allow":["GET"]}}],"collection":[{"href":"https:\/\/edicion.fundacionoccident.org\/poesia\/wp-json\/wp\/v2\/pages"}],"about":[{"href":"https:\/\/edicion.fundacionoccident.org\/poesia\/wp-json\/wp\/v2\/types\/page"}],"author":[{"embeddable":true,"href":"https:\/\/edicion.fundacionoccident.org\/poesia\/wp-json\/wp\/v2\/users\/17"}],"replies":[{"embeddable":true,"href":"https:\/\/edicion.fundacionoccident.org\/poesia\/wp-json\/wp\/v2\/comments?post=12577"}],"version-history":[{"count":5,"href":"https:\/\/edicion.fundacionoccident.org\/poesia\/wp-json\/wp\/v2\/pages\/12577\/revisions"}],"predecessor-version":[{"id":16078,"href":"https:\/\/edicion.fundacionoccident.org\/poesia\/wp-json\/wp\/v2\/pages\/12577\/revisions\/16078"}],"up":[{"embeddable":true,"href":"https:\/\/edicion.fundacionoccident.org\/poesia\/wp-json\/wp\/v2\/pages\/11"}],"wp:attachment":[{"href":"https:\/\/edicion.fundacionoccident.org\/poesia\/wp-json\/wp\/v2\/media?parent=12577"}],"curies":[{"name":"wp","href":"https:\/\/api.w.org\/{rel}","templated":true}]}}