{"id":189,"date":"2016-02-22T10:43:44","date_gmt":"2016-02-22T09:43:44","guid":{"rendered":"http:\/\/edicion.fundacionjesusserra.org\/poesia\/\/pre\/?page_id=189"},"modified":"2026-02-25T12:21:03","modified_gmt":"2026-02-25T11:21:03","slug":"bases","status":"publish","type":"page","link":"https:\/\/edicion.fundacionoccident.org\/poesia\/bases","title":{"rendered":"Bases"},"content":{"rendered":"<p>[et_pb_section bb_built=&#8221;1&#8243; fullwidth=&#8221;off&#8221; specialty=&#8221;off&#8221;][et_pb_row _builder_version=&#8221;3.17.6&#8243; custom_margin=&#8221;0px|||&#8221; custom_padding=&#8221;0px|||&#8221;][et_pb_column type=&#8221;2_3&#8243;][et_pb_text use_border_color=&#8221;off&#8221; custom_css_main_element=&#8221;li {margin-bottom: 20px;}&#8221; disabled=&#8221;off&#8221; background_position=&#8221;top_left&#8221; background_repeat=&#8221;repeat&#8221; background_size=&#8221;initial&#8221; _builder_version=&#8221;3.17.6&#8243;]<\/p>\n<h1>Bases de participaci\u00f3n XIX Concurso de Poes\u00eda Jes\u00fas Serra<\/h1>\n<\/p>\n<p>La Fundaci\u00f3n convoca el XIX Concurso de Poes\u00eda Jes\u00fas Serra en el que se premiar\u00e1n las obras de autores an\u00f3nimos en diferentes categor\u00edas.<\/p>\n<ul>\n<li>En el concurso de poemas podr\u00e1n participar todas las personas que lo deseen, sea cual sea su nacionalidad.<\/li>\n<li>La inscripci\u00f3n se realizar\u00e1 \u00fanicamente a trav\u00e9s del sitio web y deber\u00e1 contener los datos personales y de la obra, y el original se adjuntar\u00e1 en un documento Word o PDF.<\/li>\n<li>El tema de los poemas ser\u00e1 libre. Las obras deber\u00e1n tener una extensi\u00f3n m\u00e1xima de 60 versos.<\/li>\n<li>El plazo de admisi\u00f3n de originales ser\u00e1 del 25 de febrero de 2026 hasta el 27 de abril del 2026 a las 12:00 (UTC\/GMT +1), y en la categor\u00eda de adultos (+26 a\u00f1os)  puede cerrarse antes cuando se llegue, en total, a 1.000 poemas presentados en dicha categor\u00eda en ambos idiomas.<\/li>\n<li>El fallo del jurado ser\u00e1 inapelable y se har\u00e1 p\u00fablico la semana anterior al acto de entrega de los Premios. El jurado est\u00e1 compuesto por 7 miembros. Todos ellos, ya sean profesionales o diletantes, mantienen una vinculaci\u00f3n con el mundo de las letras.<\/li>\n<li>La ceremonia tendr\u00e1 lugar entre el 26 de junio y el 10 de julio de 2026 en Barcelona.<\/li>\n<li><a href=\"\/concurso-poesia\">M\u00e1s informaci\u00f3n<\/a> y <a href=\"\/concurso-poesia\/contacto\">contacto<\/a>.<\/li>\n<\/ul>\n<p>[\/et_pb_text][et_pb_button _builder_version=&#8221;3.17.6&#8243; button_text=&#8221;Descargar bases en PDF&#8221; button_url=&#8221;\/poesia\/wp-content\/uploads\/2026\/02\/2026-BASES-XIX-POESIA-FOC_CAST.pdf&#8221; url_new_window=&#8221;on&#8221; button_alignment=&#8221;center&#8221; background_layout=&#8221;dark&#8221; \/][\/et_pb_column][et_pb_column type=&#8221;1_3&#8243;][et_pb_text use_border_color=&#8221;off&#8221; custom_css_main_element=&#8221;li {margin-bottom: 20px;}&#8221; disabled=&#8221;off&#8221; background_position=&#8221;top_left&#8221; background_repeat=&#8221;repeat&#8221; background_size=&#8221;initial&#8221; _builder_version=&#8221;3.17.6&#8243;]<\/p>\n<h2>Premios del concurso<\/h2>\n<p>Se premiar\u00e1 el mejor poema escrito en cada uno de los dos idiomas y en cada una de las siguientes categor\u00edas.<\/p>\n<hr>\n<h3>Categor\u00eda Adultos:<\/h3>\n<p>A partir de 26 a\u00f1os (incluidos).<\/p>\n<h4>Premios:<\/h4>\n<p>Catal\u00e1n: 2.500\u20ac<br \/>Castellano: 2.500\u20ac<\/p>\n<h3>Categor\u00eda Adultos J\u00f3venes:<\/h3>\n<p>Entre 18 y 25 a\u00f1os (ambos incluidos)<\/p>\n<h4>Premios:<\/h4>\n<p>Catal\u00e1n: 2.500\u20ac<br \/>Castellano: 2.500\u20ac<\/p>\n<h3>Categor\u00eda Juvenil:<\/h3>\n<p>de 14 a 17 a\u00f1os (los dos incluidos).<\/p>\n<h4>Premios:<\/h4>\n<p>Catal\u00e1n: 1.500\u20ac<br \/>Castellano: 1.500\u20ac<\/p>\n<h3>Categor\u00eda Infantil:<\/h3>\n<p>De 10 a 13 a\u00f1os(los dos incluidos).<\/p>\n<h4>Premios:<\/h4>\n<p>Catal\u00e1n: 800\u20ac<br \/>Castellano: 800\u20ac<\/p>\n<p>[\/et_pb_text][\/et_pb_column][\/et_pb_row][\/et_pb_section]<\/p>\n","protected":false},"excerpt":{"rendered":"<p>[et_pb_section bb_built=&#8221;1&#8243; fullwidth=&#8221;off&#8221; specialty=&#8221;off&#8221;][et_pb_row _builder_version=&#8221;3.17.6&#8243; custom_margin=&#8221;0px|||&#8221; custom_padding=&#8221;0px|||&#8221;][et_pb_column type=&#8221;2_3&#8243;][et_pb_text use_border_color=&#8221;off&#8221; custom_css_main_element=&#8221;li {margin-bottom: 20px;}&#8221; disabled=&#8221;off&#8221; background_position=&#8221;top_left&#8221; background_repeat=&#8221;repeat&#8221; background_size=&#8221;initial&#8221; _builder_version=&#8221;3.17.6&#8243;] Bases de participaci\u00f3n XIX Concurso de Poes\u00eda Jes\u00fas Serra La Fundaci\u00f3n convoca el XIX Concurso de Poes\u00eda Jes\u00fas Serra en el que se premiar\u00e1n las obras de autores an\u00f3nimos en diferentes categor\u00edas. En el concurso de poemas podr\u00e1n [&hellip;]<\/p>\n","protected":false},"author":27,"featured_media":0,"parent":0,"menu_order":0,"comment_status":"closed","ping_status":"closed","template":"","meta":{"footnotes":""},"class_list":["post-189","page","type-page","status-publish","hentry"],"yoast_head":"<!-- This site is optimized with the Yoast SEO plugin v26.3 - https:\/\/yoast.com\/wordpress\/plugins\/seo\/ -->\n<title>Bases de Participaci\u00f3n: Informaci\u00f3n - Concurso Poes\u00eda<\/title>\n<meta name=\"description\" content=\"Consulta las bases para el Concurso de Poes\u00eda de la Fundaci\u00f3n Jes\u00fas Serra: poemas en catal\u00e1n y castellano, inscripciones, tem\u00e1tica, plazos...\" \/>\n<meta name=\"robots\" content=\"index, follow, max-snippet:-1, max-image-preview:large, max-video-preview:-1\" \/>\n<link rel=\"canonical\" href=\"https:\/\/edicion.fundacionoccident.org\/poesia\/wp-json\/wp\/v2\/pages\/189\" \/>\n<meta property=\"og:locale\" content=\"es_ES\" \/>\n<meta property=\"og:type\" content=\"article\" \/>\n<meta property=\"og:title\" content=\"Bases de Participaci\u00f3n: Informaci\u00f3n - Concurso Poes\u00eda\" \/>\n<meta property=\"og:description\" content=\"Consulta las bases para el Concurso de Poes\u00eda de la Fundaci\u00f3n Jes\u00fas Serra: poemas en catal\u00e1n y castellano, inscripciones, tem\u00e1tica, plazos...\" \/>\n<meta property=\"og:url\" content=\"https:\/\/edicion.fundacionoccident.org\/poesia\/bases\" \/>\n<meta property=\"og:site_name\" content=\"Concurso de Poes\u00eda Jes\u00fas Serra\" \/>\n<meta property=\"article:modified_time\" content=\"2026-02-25T11:21:03+00:00\" \/>\n<meta name=\"twitter:card\" content=\"summary_large_image\" \/>\n<meta name=\"twitter:label1\" content=\"Tiempo de lectura\" \/>\n\t<meta name=\"twitter:data1\" content=\"2 minutos\" \/>\n<!-- \/ Yoast SEO plugin. -->","yoast_head_json":{"title":"Bases de Participaci\u00f3n: Informaci\u00f3n - Concurso Poes\u00eda","description":"Consulta las bases para el Concurso de Poes\u00eda de la Fundaci\u00f3n Jes\u00fas Serra: poemas en catal\u00e1n y castellano, inscripciones, tem\u00e1tica, plazos...","robots":{"index":"index","follow":"follow","max-snippet":"max-snippet:-1","max-image-preview":"max-image-preview:large","max-video-preview":"max-video-preview:-1"},"canonical":"https:\/\/edicion.fundacionoccident.org\/poesia\/wp-json\/wp\/v2\/pages\/189","og_locale":"es_ES","og_type":"article","og_title":"Bases de Participaci\u00f3n: Informaci\u00f3n - Concurso Poes\u00eda","og_description":"Consulta las bases para el Concurso de Poes\u00eda de la Fundaci\u00f3n Jes\u00fas Serra: poemas en catal\u00e1n y castellano, inscripciones, tem\u00e1tica, plazos...","og_url":"https:\/\/edicion.fundacionoccident.org\/poesia\/bases","og_site_name":"Concurso de Poes\u00eda Jes\u00fas Serra","article_modified_time":"2026-02-25T11:21:03+00:00","twitter_card":"summary_large_image","twitter_misc":{"Tiempo de lectura":"2 minutos"},"schema":{"@context":"https:\/\/schema.org","@graph":[{"@type":"WebPage","@id":"https:\/\/edicion.fundacionoccident.org\/poesia\/bases","url":"https:\/\/edicion.fundacionoccident.org\/poesia\/bases","name":"Bases de Participaci\u00f3n: Informaci\u00f3n - Concurso Poes\u00eda","isPartOf":{"@id":"https:\/\/edicion.fundacionoccident.org\/poesia\/#website"},"datePublished":"2016-02-22T09:43:44+00:00","dateModified":"2026-02-25T11:21:03+00:00","description":"Consulta las bases para el Concurso de Poes\u00eda de la Fundaci\u00f3n Jes\u00fas Serra: poemas en catal\u00e1n y castellano, inscripciones, tem\u00e1tica, plazos...","breadcrumb":{"@id":"https:\/\/edicion.fundacionoccident.org\/poesia\/bases#breadcrumb"},"inLanguage":"es","potentialAction":[{"@type":"ReadAction","target":["https:\/\/edicion.fundacionoccident.org\/poesia\/bases"]}]},{"@type":"BreadcrumbList","@id":"https:\/\/edicion.fundacionoccident.org\/poesia\/bases#breadcrumb","itemListElement":[{"@type":"ListItem","position":1,"name":"Inicio \u00bb Concurso de Poes\u00eda","item":"https:\/\/edicion.fundacionoccident.org\/poesia\/"},{"@type":"ListItem","position":2,"name":"Bases"}]},{"@type":"WebSite","@id":"https:\/\/edicion.fundacionoccident.org\/poesia\/#website","url":"https:\/\/edicion.fundacionoccident.org\/poesia\/","name":"Concurso de Poes\u00eda Jes\u00fas Serra","description":"","potentialAction":[{"@type":"SearchAction","target":{"@type":"EntryPoint","urlTemplate":"https:\/\/edicion.fundacionoccident.org\/poesia\/?s={search_term_string}"},"query-input":{"@type":"PropertyValueSpecification","valueRequired":true,"valueName":"search_term_string"}}],"inLanguage":"es"}]}},"_links":{"self":[{"href":"https:\/\/edicion.fundacionoccident.org\/poesia\/wp-json\/wp\/v2\/pages\/189","targetHints":{"allow":["GET"]}}],"collection":[{"href":"https:\/\/edicion.fundacionoccident.org\/poesia\/wp-json\/wp\/v2\/pages"}],"about":[{"href":"https:\/\/edicion.fundacionoccident.org\/poesia\/wp-json\/wp\/v2\/types\/page"}],"author":[{"embeddable":true,"href":"https:\/\/edicion.fundacionoccident.org\/poesia\/wp-json\/wp\/v2\/users\/27"}],"replies":[{"embeddable":true,"href":"https:\/\/edicion.fundacionoccident.org\/poesia\/wp-json\/wp\/v2\/comments?post=189"}],"version-history":[{"count":82,"href":"https:\/\/edicion.fundacionoccident.org\/poesia\/wp-json\/wp\/v2\/pages\/189\/revisions"}],"predecessor-version":[{"id":16199,"href":"https:\/\/edicion.fundacionoccident.org\/poesia\/wp-json\/wp\/v2\/pages\/189\/revisions\/16199"}],"wp:attachment":[{"href":"https:\/\/edicion.fundacionoccident.org\/poesia\/wp-json\/wp\/v2\/media?parent=189"}],"curies":[{"name":"wp","href":"https:\/\/api.w.org\/{rel}","templated":true}]}}