{"id":224,"date":"2016-10-03T09:03:45","date_gmt":"2016-10-03T07:03:45","guid":{"rendered":"http:\/\/edicion.fundacionjesusserra.org\/poesia\/\/pre\/?page_id=224"},"modified":"2020-11-05T12:12:51","modified_gmt":"2020-11-05T11:12:51","slug":"contacto","status":"publish","type":"page","link":"https:\/\/edicion.fundacionoccident.org\/poesia\/contacto","title":{"rendered":"Contacto"},"content":{"rendered":"<p>[et_pb_section bb_built=&#8221;1&#8243; admin_label=&#8221;section&#8221;][et_pb_row admin_label=&#8221;row&#8221; background_position=&#8221;top_left&#8221; background_repeat=&#8221;repeat&#8221; background_size=&#8221;initial&#8221;][et_pb_column type=&#8221;4_4&#8243;][et_pb_code _builder_version=&#8221;3.17.6&#8243;]\n<div class=\"wpcf7 no-js\" id=\"wpcf7-f1932-o1\" lang=\"es-ES\" dir=\"ltr\" data-wpcf7-id=\"1932\">\n<div class=\"screen-reader-response\"><p role=\"status\" aria-live=\"polite\" aria-atomic=\"true\"><\/p> <ul><\/ul><\/div>\n<form action=\"\/poesia\/wp-json\/wp\/v2\/pages\/224#wpcf7-f1932-o1\" method=\"post\" class=\"wpcf7-form init\" aria-label=\"Formulario de contacto\" novalidate=\"novalidate\" data-status=\"init\">\n<fieldset class=\"hidden-fields-container\"><input type=\"hidden\" name=\"_wpcf7\" value=\"1932\" \/><input type=\"hidden\" name=\"_wpcf7_version\" value=\"6.1.3\" \/><input type=\"hidden\" name=\"_wpcf7_locale\" value=\"es_ES\" \/><input type=\"hidden\" name=\"_wpcf7_unit_tag\" value=\"wpcf7-f1932-o1\" \/><input type=\"hidden\" name=\"_wpcf7_container_post\" value=\"0\" \/><input type=\"hidden\" name=\"_wpcf7_posted_data_hash\" value=\"\" \/>\n<\/fieldset>\n<p><label> Nombre (requerido)<br \/>\n<span class=\"wpcf7-form-control-wrap\" data-name=\"your-name\"><input size=\"40\" maxlength=\"400\" class=\"wpcf7-form-control wpcf7-text wpcf7-validates-as-required\" aria-required=\"true\" aria-invalid=\"false\" value=\"\" type=\"text\" name=\"your-name\" \/><\/span> <\/label>\n<\/p>\n<p><label> Correo electr\u00f3nico (requerido)<br \/>\n<span class=\"wpcf7-form-control-wrap\" data-name=\"your-email\"><input size=\"40\" maxlength=\"400\" class=\"wpcf7-form-control wpcf7-email wpcf7-validates-as-required wpcf7-text wpcf7-validates-as-email\" aria-required=\"true\" aria-invalid=\"false\" value=\"\" type=\"email\" name=\"your-email\" \/><\/span> <\/label>\n<\/p>\n<p><label> Asunto<br \/>\n<span class=\"wpcf7-form-control-wrap\" data-name=\"your-subject\"><input size=\"40\" maxlength=\"400\" class=\"wpcf7-form-control wpcf7-text\" aria-invalid=\"false\" value=\"\" type=\"text\" name=\"your-subject\" \/><\/span> <\/label>\n<\/p>\n<p><label> Mensaje<br \/>\n<span class=\"wpcf7-form-control-wrap\" data-name=\"your-message\"><textarea cols=\"40\" rows=\"10\" maxlength=\"2000\" class=\"wpcf7-form-control wpcf7-textarea\" aria-invalid=\"false\" name=\"your-message\"><\/textarea><\/span> <\/label>\n<\/p>\n<p><label> <span class=\"wpcf7-form-control-wrap\" data-name=\"politica\"><span class=\"wpcf7-form-control wpcf7-checkbox wpcf7-validates-as-required\"><span class=\"wpcf7-list-item first last\"><input type=\"checkbox\" name=\"politica[]\" value=\"\" \/><span class=\"wpcf7-list-item-label\"><\/span><\/span><\/span><\/span> He le\u00eddo y acepto la <a target='_blank' href='https:\/\/www.fundacionoccident.org\/politica-de-privacidad'>pol\u00edtica de privacidad<\/a><\/label>\n<\/p>\n<p><div id=\"cf7sr-69e5499f1e03a\" class=\"cf7sr-g-recaptcha\" data-theme=\"light\" data-type=\"image\" data-size=\"normal\" data-sitekey=\"6LfCfN8ZAAAAAPsdB8O_XX5owxMllLF030OMYR-W\"><\/div><span class=\"wpcf7-form-control-wrap cf7sr-recaptcha\" data-name=\"cf7sr-recaptcha\"><input type=\"hidden\" name=\"cf7sr-recaptcha\" value=\"\" class=\"wpcf7-form-control\"><\/span>\n<\/p>\n<p><input class=\"wpcf7-form-control wpcf7-submit has-spinner\" type=\"submit\" value=\"Enviar\" \/>\n<\/p>\n<style>\n input[type=text],\n input[type=email],\n textarea {\n width: 100%;\n padding: 16px;\n border-width: 0;\n -webkit-border-radius: 0;\n -moz-border-radius: 0;\n border-radius: 0;\n color: #999;\n background-color: #eee;\n font-size: 14px;\n -webkit-appearance: none;\n }\n input[type=submit]{\n font-size: 15px;\n background: #dc0028;\n border-width: 0px!important;\n border-color: #686868;\n font-weight: bold;\n font-style: normal;\n text-transform: none;\n text-decoration: none;\n color: #fff;\n padding: 5px 15px;\n border-radius: 3px;\n }\n .wpcf7 form.invalid .wpcf7-response-output, .wpcf7 form.unaccepted .wpcf7-response-output{\n color: #dc332e;\n border-color: #dc332e;\n }\n .wpcf7 form.sent .wpcf7-response-output {\n color: #46b450;\n border-color: #46b450;\n }\n<\/style><div class=\"wpcf7-response-output\" aria-hidden=\"true\"><\/div>\n<\/form>\n<\/div>\n[\/et_pb_code][\/et_pb_column][\/et_pb_row][\/et_pb_section]<\/p>\n","protected":false},"excerpt":{"rendered":"<p>[et_pb_section bb_built=&#8221;1&#8243; admin_label=&#8221;section&#8221;][et_pb_row admin_label=&#8221;row&#8221; background_position=&#8221;top_left&#8221; background_repeat=&#8221;repeat&#8221; background_size=&#8221;initial&#8221;][et_pb_column type=&#8221;4_4&#8243;][et_pb_code _builder_version=&#8221;3.17.6&#8243;][\/et_pb_code][\/et_pb_column][\/et_pb_row][\/et_pb_section]<\/p>\n","protected":false},"author":27,"featured_media":0,"parent":0,"menu_order":0,"comment_status":"closed","ping_status":"closed","template":"","meta":{"footnotes":""},"class_list":["post-224","page","type-page","status-publish","hentry"],"yoast_head":"<!-- This site is optimized with the Yoast SEO plugin v26.3 - https:\/\/yoast.com\/wordpress\/plugins\/seo\/ -->\n<title>Contacta con Nosotros - Concurso de Poes\u00eda<\/title>\n<meta name=\"description\" content=\"Contacta con la Fundaci\u00f3n Jes\u00fas Serra para cualquier cuesti\u00f3n relativa al Concurso de Poes\u00eda, celebrado desde 2007 en castellano y catal\u00e1n.\" \/>\n<meta name=\"robots\" content=\"index, follow, max-snippet:-1, max-image-preview:large, max-video-preview:-1\" \/>\n<link rel=\"canonical\" href=\"https:\/\/edicion.fundacionoccident.org\/poesia\/wp-json\/wp\/v2\/pages\/224\" \/>\n<meta property=\"og:locale\" content=\"es_ES\" \/>\n<meta property=\"og:type\" content=\"article\" \/>\n<meta property=\"og:title\" content=\"Contacta con Nosotros - Concurso de Poes\u00eda\" \/>\n<meta property=\"og:description\" content=\"Contacta con la Fundaci\u00f3n Jes\u00fas Serra para cualquier cuesti\u00f3n relativa al Concurso de Poes\u00eda, celebrado desde 2007 en castellano y catal\u00e1n.\" \/>\n<meta property=\"og:url\" content=\"https:\/\/edicion.fundacionoccident.org\/poesia\/contacto\" \/>\n<meta property=\"og:site_name\" content=\"Concurso de Poes\u00eda Jes\u00fas Serra\" \/>\n<meta property=\"article:modified_time\" content=\"2020-11-05T11:12:51+00:00\" \/>\n<meta name=\"twitter:card\" content=\"summary_large_image\" \/>\n<!-- \/ Yoast SEO plugin. -->","yoast_head_json":{"title":"Contacta con Nosotros - Concurso de Poes\u00eda","description":"Contacta con la Fundaci\u00f3n Jes\u00fas Serra para cualquier cuesti\u00f3n relativa al Concurso de Poes\u00eda, celebrado desde 2007 en castellano y catal\u00e1n.","robots":{"index":"index","follow":"follow","max-snippet":"max-snippet:-1","max-image-preview":"max-image-preview:large","max-video-preview":"max-video-preview:-1"},"canonical":"https:\/\/edicion.fundacionoccident.org\/poesia\/wp-json\/wp\/v2\/pages\/224","og_locale":"es_ES","og_type":"article","og_title":"Contacta con Nosotros - Concurso de Poes\u00eda","og_description":"Contacta con la Fundaci\u00f3n Jes\u00fas Serra para cualquier cuesti\u00f3n relativa al Concurso de Poes\u00eda, celebrado desde 2007 en castellano y catal\u00e1n.","og_url":"https:\/\/edicion.fundacionoccident.org\/poesia\/contacto","og_site_name":"Concurso de Poes\u00eda Jes\u00fas Serra","article_modified_time":"2020-11-05T11:12:51+00:00","twitter_card":"summary_large_image","schema":{"@context":"https:\/\/schema.org","@graph":[{"@type":"WebPage","@id":"https:\/\/edicion.fundacionoccident.org\/poesia\/contacto","url":"https:\/\/edicion.fundacionoccident.org\/poesia\/contacto","name":"Contacta con Nosotros - Concurso de Poes\u00eda","isPartOf":{"@id":"https:\/\/edicion.fundacionoccident.org\/poesia\/#website"},"datePublished":"2016-10-03T07:03:45+00:00","dateModified":"2020-11-05T11:12:51+00:00","description":"Contacta con la Fundaci\u00f3n Jes\u00fas Serra para cualquier cuesti\u00f3n relativa al Concurso de Poes\u00eda, celebrado desde 2007 en castellano y catal\u00e1n.","breadcrumb":{"@id":"https:\/\/edicion.fundacionoccident.org\/poesia\/contacto#breadcrumb"},"inLanguage":"es","potentialAction":[{"@type":"ReadAction","target":["https:\/\/edicion.fundacionoccident.org\/poesia\/contacto"]}]},{"@type":"BreadcrumbList","@id":"https:\/\/edicion.fundacionoccident.org\/poesia\/contacto#breadcrumb","itemListElement":[{"@type":"ListItem","position":1,"name":"Inicio \u00bb Concurso de Poes\u00eda","item":"https:\/\/edicion.fundacionoccident.org\/poesia\/"},{"@type":"ListItem","position":2,"name":"Contacto"}]},{"@type":"WebSite","@id":"https:\/\/edicion.fundacionoccident.org\/poesia\/#website","url":"https:\/\/edicion.fundacionoccident.org\/poesia\/","name":"Concurso de Poes\u00eda Jes\u00fas Serra","description":"","potentialAction":[{"@type":"SearchAction","target":{"@type":"EntryPoint","urlTemplate":"https:\/\/edicion.fundacionoccident.org\/poesia\/?s={search_term_string}"},"query-input":{"@type":"PropertyValueSpecification","valueRequired":true,"valueName":"search_term_string"}}],"inLanguage":"es"}]}},"_links":{"self":[{"href":"https:\/\/edicion.fundacionoccident.org\/poesia\/wp-json\/wp\/v2\/pages\/224","targetHints":{"allow":["GET"]}}],"collection":[{"href":"https:\/\/edicion.fundacionoccident.org\/poesia\/wp-json\/wp\/v2\/pages"}],"about":[{"href":"https:\/\/edicion.fundacionoccident.org\/poesia\/wp-json\/wp\/v2\/types\/page"}],"author":[{"embeddable":true,"href":"https:\/\/edicion.fundacionoccident.org\/poesia\/wp-json\/wp\/v2\/users\/27"}],"replies":[{"embeddable":true,"href":"https:\/\/edicion.fundacionoccident.org\/poesia\/wp-json\/wp\/v2\/comments?post=224"}],"version-history":[{"count":14,"href":"https:\/\/edicion.fundacionoccident.org\/poesia\/wp-json\/wp\/v2\/pages\/224\/revisions"}],"predecessor-version":[{"id":1934,"href":"https:\/\/edicion.fundacionoccident.org\/poesia\/wp-json\/wp\/v2\/pages\/224\/revisions\/1934"}],"wp:attachment":[{"href":"https:\/\/edicion.fundacionoccident.org\/poesia\/wp-json\/wp\/v2\/media?parent=224"}],"curies":[{"name":"wp","href":"https:\/\/api.w.org\/{rel}","templated":true}]}}