{"id":6034,"date":"2022-06-17T12:07:50","date_gmt":"2022-06-17T10:07:50","guid":{"rendered":"https:\/\/edicion.fundacionjesusserra.org\/poesia\/?page_id=6034"},"modified":"2023-06-22T13:25:53","modified_gmt":"2023-06-22T11:25:53","slug":"categoria-a-catalan","status":"publish","type":"page","link":"https:\/\/edicion.fundacionoccident.org\/poesia\/ganadores\/categoria-a-catalan","title":{"rendered":"Categor\u00eda A Catal\u00e1n"},"content":{"rendered":"<p>[et_pb_section bb_built=&#8221;1&#8243;][et_pb_row][et_pb_column type=&#8221;4_4&#8243;][et_pb_text _builder_version=&#8221;3.17.6&#8243;]<\/p>\n<div style=\"max-width: 800px; margin: 0 auto; text-align: center\">\n<h1 style=\"text-align: center;\">CATAL\u00c1N &#8211; categor\u00eda A<\/h1>\n<p>&nbsp;<\/p>\n<h3>Deix\u00e0rem de veure la mare<\/h3>\n<p>&nbsp;<br \/>\nun dia<br \/>\ndues setmanes<br \/>\ntres mesos<br \/>\n<br \/>\nens vam fer nit<br \/>\n<br \/>\ni l\u2019\u00e0via<br \/>\nombr\u00edvola<br \/>\nescor\u00e7ada<br \/>\ntota ella surera<br \/>\n<br \/>\nes comen\u00e7\u00e0 a buidar<br \/>\n<br \/>\nsense pressa<br \/>\nsense paraula<br \/>\nsense esma<br \/>\n<br \/>\nva comen\u00e7ar<br \/>\na buidar-se el cap<br \/>\n<br \/>\ncom buidava carbasses<br \/>\ncada novembre<br \/>\nper posar-hi una espelma<br \/>\ni fer-nos crema per sopar<br \/>\n<br \/>\nva comen\u00e7ar<br \/>\na buidar-se el cap<br \/>\n<br \/>\nper\u00f2 no era novembre<br \/>\ni no ens va fer sopar<br \/>\nnom\u00e9s<br \/>\nva encendre una espelma<br \/>\n<br \/>\nse la volia empassar<br \/>\n<br \/>\nva comen\u00e7ar<br \/>\na buidar-se el cap<br \/>\n<br \/>\nconservant tan sols<br \/>\nun record umbilical<br \/>\nuna petita llum dins seu<br \/>\ncom una carbassa<br \/>\nla nit de Tots Sants<br \/>\n<br \/>\ni continu\u00e0<br \/>\nbuidant-se el cos<br \/>\n<br \/>\ncom qui prepara una mudan\u00e7a<br \/>\ni buida un calaix<br \/>\nun armari<br \/>\nuna vida<br \/>\nuna llar<br \/>\n<br \/>\ni continu\u00e0<br \/>\nbuidant-se el cos<br \/>\n<br \/>\ncom qui es proposa hibernar<br \/>\ni es buida de gana<br \/>\nde set<br \/>\nde somnis<br \/>\nde fred<br \/>\n<br \/>\nsense pressa<br \/>\nsense paraula<br \/>\nsense esma<br \/>\n<br \/>\ni continu\u00e0<br \/>\nbuidant-se el cos<br \/>\n<br \/>\nfins reduir-se<br \/>\na l\u2019estructura m\u00ednima<br \/>\nper sostenir-se dempeus<br \/>\ncom el fr\u00e0gil encanyissat<br \/>\nde la tomaquera de l\u2019hort<br \/>\n<br \/>\nque ella i la mare<br \/>\nhavien plantat<\/p>\n<p style=\"text-align: right!important;\">Carme Casas Mart\u00ednez<\/p>\n<\/div>\n<p>[\/et_pb_text][\/et_pb_column][\/et_pb_row][\/et_pb_section]<\/p>\n","protected":false},"excerpt":{"rendered":"<p>[et_pb_section bb_built=&#8221;1&#8243;][et_pb_row][et_pb_column type=&#8221;4_4&#8243;][et_pb_text _builder_version=&#8221;3.17.6&#8243;] CATAL\u00c1N &#8211; categor\u00eda A &nbsp; Deix\u00e0rem de veure la mare &nbsp; un dia dues setmanes tres mesos ens vam fer nit i l\u2019\u00e0via ombr\u00edvola escor\u00e7ada tota ella surera es comen\u00e7\u00e0 a buidar sense pressa sense paraula sense esma va comen\u00e7ar a buidar-se el cap com buidava carbasses cada novembre per posar-hi [&hellip;]<\/p>\n","protected":false},"author":12,"featured_media":0,"parent":11,"menu_order":0,"comment_status":"closed","ping_status":"closed","template":"","meta":{"footnotes":""},"class_list":["post-6034","page","type-page","status-publish","hentry"],"yoast_head":"<!-- This site is optimized with the Yoast SEO plugin v26.3 - https:\/\/yoast.com\/wordpress\/plugins\/seo\/ -->\n<title>Categor\u00eda A Catal\u00e1n - Concurso de Poes\u00eda Jes\u00fas Serra<\/title>\n<meta name=\"robots\" content=\"index, follow, max-snippet:-1, max-image-preview:large, max-video-preview:-1\" \/>\n<link rel=\"canonical\" href=\"https:\/\/edicion.fundacionoccident.org\/poesia\/wp-json\/wp\/v2\/pages\/6034\" \/>\n<meta property=\"og:locale\" content=\"es_ES\" \/>\n<meta property=\"og:type\" content=\"article\" \/>\n<meta property=\"og:title\" content=\"Categor\u00eda A Catal\u00e1n - Concurso de Poes\u00eda Jes\u00fas Serra\" \/>\n<meta property=\"og:description\" content=\"[et_pb_section bb_built=&#8221;1&#8243;][et_pb_row][et_pb_column type=&#8221;4_4&#8243;][et_pb_text _builder_version=&#8221;3.17.6&#8243;] CATAL\u00c1N &#8211; categor\u00eda A &nbsp; Deix\u00e0rem de veure la mare &nbsp; un dia dues setmanes tres mesos ens vam fer nit i l\u2019\u00e0via ombr\u00edvola escor\u00e7ada tota ella surera es comen\u00e7\u00e0 a buidar sense pressa sense paraula sense esma va comen\u00e7ar a buidar-se el cap com buidava carbasses cada novembre per posar-hi [&hellip;]\" \/>\n<meta property=\"og:url\" content=\"https:\/\/edicion.fundacionoccident.org\/poesia\/ganadores\/categoria-a-catalan\" \/>\n<meta property=\"og:site_name\" content=\"Concurso de Poes\u00eda Jes\u00fas Serra\" \/>\n<meta property=\"article:modified_time\" content=\"2023-06-22T11:25:53+00:00\" \/>\n<meta name=\"twitter:card\" content=\"summary_large_image\" \/>\n<meta name=\"twitter:label1\" content=\"Tiempo de lectura\" \/>\n\t<meta name=\"twitter:data1\" content=\"1 minuto\" \/>\n<!-- \/ Yoast SEO plugin. -->","yoast_head_json":{"title":"Categor\u00eda A Catal\u00e1n - Concurso de Poes\u00eda Jes\u00fas Serra","robots":{"index":"index","follow":"follow","max-snippet":"max-snippet:-1","max-image-preview":"max-image-preview:large","max-video-preview":"max-video-preview:-1"},"canonical":"https:\/\/edicion.fundacionoccident.org\/poesia\/wp-json\/wp\/v2\/pages\/6034","og_locale":"es_ES","og_type":"article","og_title":"Categor\u00eda A Catal\u00e1n - Concurso de Poes\u00eda Jes\u00fas Serra","og_description":"[et_pb_section bb_built=&#8221;1&#8243;][et_pb_row][et_pb_column type=&#8221;4_4&#8243;][et_pb_text _builder_version=&#8221;3.17.6&#8243;] CATAL\u00c1N &#8211; categor\u00eda A &nbsp; Deix\u00e0rem de veure la mare &nbsp; un dia dues setmanes tres mesos ens vam fer nit i l\u2019\u00e0via ombr\u00edvola escor\u00e7ada tota ella surera es comen\u00e7\u00e0 a buidar sense pressa sense paraula sense esma va comen\u00e7ar a buidar-se el cap com buidava carbasses cada novembre per posar-hi [&hellip;]","og_url":"https:\/\/edicion.fundacionoccident.org\/poesia\/ganadores\/categoria-a-catalan","og_site_name":"Concurso de Poes\u00eda Jes\u00fas Serra","article_modified_time":"2023-06-22T11:25:53+00:00","twitter_card":"summary_large_image","twitter_misc":{"Tiempo de lectura":"1 minuto"},"schema":{"@context":"https:\/\/schema.org","@graph":[{"@type":"WebPage","@id":"https:\/\/edicion.fundacionoccident.org\/poesia\/ganadores\/categoria-a-catalan","url":"https:\/\/edicion.fundacionoccident.org\/poesia\/ganadores\/categoria-a-catalan","name":"Categor\u00eda A Catal\u00e1n - Concurso de Poes\u00eda Jes\u00fas Serra","isPartOf":{"@id":"https:\/\/edicion.fundacionoccident.org\/poesia\/#website"},"datePublished":"2022-06-17T10:07:50+00:00","dateModified":"2023-06-22T11:25:53+00:00","breadcrumb":{"@id":"https:\/\/edicion.fundacionoccident.org\/poesia\/ganadores\/categoria-a-catalan#breadcrumb"},"inLanguage":"es","potentialAction":[{"@type":"ReadAction","target":["https:\/\/edicion.fundacionoccident.org\/poesia\/ganadores\/categoria-a-catalan"]}]},{"@type":"BreadcrumbList","@id":"https:\/\/edicion.fundacionoccident.org\/poesia\/ganadores\/categoria-a-catalan#breadcrumb","itemListElement":[{"@type":"ListItem","position":1,"name":"Inicio \u00bb Concurso de Poes\u00eda","item":"https:\/\/edicion.fundacionoccident.org\/poesia\/"},{"@type":"ListItem","position":2,"name":"Ganadores","item":"https:\/\/edicion.fundacionoccident.org\/poesia\/ganadores"},{"@type":"ListItem","position":3,"name":"Categor\u00eda A Catal\u00e1n"}]},{"@type":"WebSite","@id":"https:\/\/edicion.fundacionoccident.org\/poesia\/#website","url":"https:\/\/edicion.fundacionoccident.org\/poesia\/","name":"Concurso de Poes\u00eda Jes\u00fas Serra","description":"","potentialAction":[{"@type":"SearchAction","target":{"@type":"EntryPoint","urlTemplate":"https:\/\/edicion.fundacionoccident.org\/poesia\/?s={search_term_string}"},"query-input":{"@type":"PropertyValueSpecification","valueRequired":true,"valueName":"search_term_string"}}],"inLanguage":"es"}]}},"_links":{"self":[{"href":"https:\/\/edicion.fundacionoccident.org\/poesia\/wp-json\/wp\/v2\/pages\/6034","targetHints":{"allow":["GET"]}}],"collection":[{"href":"https:\/\/edicion.fundacionoccident.org\/poesia\/wp-json\/wp\/v2\/pages"}],"about":[{"href":"https:\/\/edicion.fundacionoccident.org\/poesia\/wp-json\/wp\/v2\/types\/page"}],"author":[{"embeddable":true,"href":"https:\/\/edicion.fundacionoccident.org\/poesia\/wp-json\/wp\/v2\/users\/12"}],"replies":[{"embeddable":true,"href":"https:\/\/edicion.fundacionoccident.org\/poesia\/wp-json\/wp\/v2\/comments?post=6034"}],"version-history":[{"count":3,"href":"https:\/\/edicion.fundacionoccident.org\/poesia\/wp-json\/wp\/v2\/pages\/6034\/revisions"}],"predecessor-version":[{"id":9477,"href":"https:\/\/edicion.fundacionoccident.org\/poesia\/wp-json\/wp\/v2\/pages\/6034\/revisions\/9477"}],"up":[{"embeddable":true,"href":"https:\/\/edicion.fundacionoccident.org\/poesia\/wp-json\/wp\/v2\/pages\/11"}],"wp:attachment":[{"href":"https:\/\/edicion.fundacionoccident.org\/poesia\/wp-json\/wp\/v2\/media?parent=6034"}],"curies":[{"name":"wp","href":"https:\/\/api.w.org\/{rel}","templated":true}]}}