{"id":689,"date":"2017-11-20T10:34:28","date_gmt":"2017-11-20T10:34:28","guid":{"rendered":""},"modified":"2026-03-10T09:44:16","modified_gmt":"2026-03-10T08:44:16","slug":"jury","status":"publish","type":"page","link":"http:\/\/edicion.fundacionoccident.org\/investigacion\/eng\/jury","title":{"rendered":"Jury"},"content":{"rendered":"<p>[et_pb_section bb_built=&#8221;1&#8243; admin_label=&#8221;section&#8221; transparent_background=&#8221;off&#8221; allow_player_pause=&#8221;off&#8221; inner_shadow=&#8221;off&#8221; parallax=&#8221;off&#8221; parallax_method=&#8221;on&#8221; padding_mobile=&#8221;off&#8221; make_fullwidth=&#8221;off&#8221; use_custom_width=&#8221;off&#8221; width_unit=&#8221;off&#8221; custom_width_px=&#8221;1080px&#8221; custom_width_percent=&#8221;80%&#8221; make_equal=&#8221;off&#8221; use_custom_gutter=&#8221;off&#8221; fullwidth=&#8221;off&#8221; specialty=&#8221;off&#8221; disabled=&#8221;off&#8221; custom_padding_tablet=&#8221;50px|0|50px|0&#8243; custom_padding_last_edited=&#8221;on|desktop&#8221; prev_background_color=&#8221;#000000&#8243; next_background_color=&#8221;#000000&#8243;][et_pb_row make_fullwidth=&#8221;off&#8221; use_custom_width=&#8221;off&#8221; width_unit=&#8221;off&#8221; custom_width_px=&#8221;1080px&#8221; custom_width_percent=&#8221;80%&#8221; use_custom_gutter=&#8221;off&#8221; gutter_width=&#8221;3&#8243; padding_mobile=&#8221;off&#8221; allow_player_pause=&#8221;off&#8221; parallax=&#8221;off&#8221; parallax_method=&#8221;on&#8221; make_equal=&#8221;off&#8221; column_padding_mobile=&#8221;on&#8221; parallax_1=&#8221;off&#8221; parallax_method_1=&#8221;on&#8221; parallax_2=&#8221;off&#8221; parallax_method_2=&#8221;on&#8221; parallax_3=&#8221;off&#8221; parallax_method_3=&#8221;on&#8221; parallax_4=&#8221;off&#8221; parallax_method_4=&#8221;on&#8221; disabled=&#8221;off&#8221; background_position=&#8221;top_left&#8221; background_repeat=&#8221;repeat&#8221; background_size=&#8221;initial&#8221;][et_pb_column type=&#8221;4_4&#8243;][et_pb_text use_border_color=&#8221;off&#8221; disabled=&#8221;off&#8221; background_position=&#8221;top_left&#8221; background_repeat=&#8221;repeat&#8221; background_size=&#8221;initial&#8221; _builder_version=&#8221;3.9&#8243;]<\/p>\n<h1>Jury of the Research Awards Jes\u00fas Serra<\/h1>\n<p>[\/et_pb_text][\/et_pb_column][\/et_pb_row][et_pb_row admin_label=&#8221;row&#8221; make_fullwidth=&#8221;off&#8221; use_custom_width=&#8221;off&#8221; width_unit=&#8221;off&#8221; custom_width_px=&#8221;1080px&#8221; custom_width_percent=&#8221;80%&#8221; use_custom_gutter=&#8221;off&#8221; gutter_width=&#8221;3&#8243; padding_mobile=&#8221;off&#8221; allow_player_pause=&#8221;off&#8221; parallax=&#8221;off&#8221; parallax_method=&#8221;on&#8221; make_equal=&#8221;off&#8221; column_padding_mobile=&#8221;on&#8221; parallax_1=&#8221;off&#8221; parallax_method_1=&#8221;on&#8221; parallax_2=&#8221;off&#8221; parallax_method_2=&#8221;on&#8221; parallax_3=&#8221;off&#8221; parallax_method_3=&#8221;on&#8221; parallax_4=&#8221;off&#8221; parallax_method_4=&#8221;on&#8221; disabled=&#8221;off&#8221; background_position=&#8221;top_left&#8221; background_repeat=&#8221;repeat&#8221; background_size=&#8221;initial&#8221;][et_pb_column type=&#8221;1_2&#8243;][et_pb_image src=&#8221;\/investigacion\/wp-content\/uploads\/2025\/04\/Fotos-BN_Lina.jpg&#8221; align=&#8221;center&#8221; max_width=&#8221;250px&#8221; use_border_color=&#8221;off&#8221; disabled=&#8221;off&#8221; animation_style=&#8221;fade&#8221; animation_duration=&#8221;500ms&#8221; animation_intensity_slide=&#8221;10%&#8221; _builder_version=&#8221;3.9&#8243; force_fullwidth=&#8221;on&#8221; \/][et_pb_text use_border_color=&#8221;off&#8221; disabled=&#8221;off&#8221; background_position=&#8221;top_left&#8221; background_repeat=&#8221;repeat&#8221; background_size=&#8221;initial&#8221; _builder_version=&#8221;3.9&#8243;]<\/p>\n<h2>Lina Badimon &#8211;<br \/>president of the jury<\/h2>\n<p style=\"text-align: justify\">Scientific Director of the Cardiovascular Research Foundation for Health Promotion and Innovation (FICSI)<\/p>\n<p style=\"text-align: justify\">Internationally recognized for her contributions to the study of cardiovascular and cardiometabolic disease, her research focuses on atherosclerosis, thrombosis, and ischemic diseases. She is the Director of the UNESCO Chair in Biomedical Sciences Training and Research and Vice President of Scientific Affairs at the European Society of Cardiology (ESC). She has authored over 490 publications in leading scientific journals, with an H-index of 69.<\/p>\n<p>[\/et_pb_text][\/et_pb_column][et_pb_column type=&#8221;1_2&#8243;][et_pb_image src=&#8221;\/investigacion\/wp-content\/uploads\/2025\/04\/Fotos-BN_Arkaitz.jpg&#8221; animation=&#8221;fade_in&#8221; sticky=&#8221;off&#8221; align=&#8221;center&#8221; max_width=&#8221;250px&#8221; use_border_color=&#8221;off&#8221; border_color=&#8221;#ffffff&#8221; border_style=&#8221;solid&#8221; disabled=&#8221;off&#8221; animation_style=&#8221;fade&#8221; animation_duration=&#8221;500ms&#8221; animation_intensity_slide=&#8221;10%&#8221; _builder_version=&#8221;3.9&#8243; force_fullwidth=&#8221;on&#8221; \/][et_pb_text use_border_color=&#8221;off&#8221; disabled=&#8221;off&#8221; background_position=&#8221;top_left&#8221; background_repeat=&#8221;repeat&#8221; background_size=&#8221;initial&#8221; _builder_version=&#8221;3.9&#8243;]<\/p>\n<h2>Arkaitz Carracedo<\/h2>\n<p style=\"text-align: justify\">Ikerbasque Research Professor at the Center for Cooperative Research in Biosciences (CIC bioGUNE)<\/p>\n<p style=\"text-align: justify\">After earning his PhD in Biochemistry and Molecular Biology from the Complutense University of Madrid, he completed postdoctoral training at MSKCC (New York) and BIDMC (Boston). In 2010, he established his own research line at CIC bioGUNE, focused on studying cancer cell metabolism. Since 2011, he has been an Ikerbasque Research Professor, an Associate Professor since 2012, and, as of 2024, a Distinguished Scientist at the University of the Basque Country. With 132 publications and the organization of international conferences, his work has been recognized and funded by major institutions, including three ERC projects from the European Research Council.<\/p>\n<p>[\/et_pb_text][\/et_pb_column][\/et_pb_row][et_pb_row admin_label=&#8221;row&#8221; make_fullwidth=&#8221;off&#8221; use_custom_width=&#8221;off&#8221; width_unit=&#8221;off&#8221; custom_width_px=&#8221;1080px&#8221; custom_width_percent=&#8221;80%&#8221; use_custom_gutter=&#8221;off&#8221; gutter_width=&#8221;3&#8243; padding_mobile=&#8221;off&#8221; allow_player_pause=&#8221;off&#8221; parallax=&#8221;off&#8221; parallax_method=&#8221;on&#8221; make_equal=&#8221;off&#8221; column_padding_mobile=&#8221;on&#8221; parallax_1=&#8221;off&#8221; parallax_method_1=&#8221;on&#8221; parallax_2=&#8221;off&#8221; parallax_method_2=&#8221;on&#8221; parallax_3=&#8221;off&#8221; parallax_method_3=&#8221;on&#8221; parallax_4=&#8221;off&#8221; parallax_method_4=&#8221;on&#8221; disabled=&#8221;off&#8221; background_position=&#8221;top_left&#8221; background_repeat=&#8221;repeat&#8221; background_size=&#8221;initial&#8221;][et_pb_column type=&#8221;1_2&#8243;][et_pb_image src=&#8221;\/investigacion\/wp-content\/uploads\/2025\/04\/Fotos-BN_Borja.jpg&#8221; align=&#8221;center&#8221; max_width=&#8221;250px&#8221; use_border_color=&#8221;off&#8221; disabled=&#8221;off&#8221; animation_style=&#8221;fade&#8221; animation_duration=&#8221;500ms&#8221; animation_intensity_slide=&#8221;10%&#8221; _builder_version=&#8221;3.9&#8243; force_fullwidth=&#8221;on&#8221; \/][et_pb_text use_border_color=&#8221;off&#8221; disabled=&#8221;off&#8221; background_position=&#8221;top_left&#8221; background_repeat=&#8221;repeat&#8221; background_size=&#8221;initial&#8221; _builder_version=&#8221;3.9&#8243;]<\/p>\n<h2>Borja Ib\u00e1\u00f1ez<\/h2>\n<p>Scientific Director of the Spanish National Center for Cardiovascular Research (CNIC)<\/p>\n<p style=\"text-align: justify\">Holding a PhD in Medicine from the Autonomous University of Madrid, he combines his work at CNIC with his role as a cardiologist at the Fundaci\u00f3n Jim\u00e9nez D\u00edaz Hospital and as a group leader at the CIBER for Cardiovascular Diseases (CIBERCV). A specialist in myocardial diseases, his research focuses on acute myocardial infarction, heart failure, and cardiotoxicity associated with cancer treatments. His leadership as chair of the clinical practice guidelines for the treatment of acute myocardial infarction by the European Society of Cardiology was instrumental in shaping strategies to combat heart attacks.<\/p>\n<p>[\/et_pb_text][\/et_pb_column][et_pb_column type=&#8221;1_2&#8243;][et_pb_image src=&#8221;\/investigacion\/wp-content\/uploads\/2025\/04\/Fotos-BN_Pedro.jpg&#8221; align=&#8221;center&#8221; max_width=&#8221;250px&#8221; use_border_color=&#8221;off&#8221; disabled=&#8221;off&#8221; animation_style=&#8221;fade&#8221; animation_duration=&#8221;500ms&#8221; animation_intensity_slide=&#8221;10%&#8221; _builder_version=&#8221;3.9&#8243; force_fullwidth=&#8221;on&#8221; \/][et_pb_text use_border_color=&#8221;off&#8221; disabled=&#8221;off&#8221; background_position=&#8221;top_left&#8221; background_repeat=&#8221;repeat&#8221; background_size=&#8221;initial&#8221; _builder_version=&#8221;3.9&#8243;]<\/p>\n<h2>Pedro Mata<\/h2>\n<p>Founder and President of the Spanish Familial Hypercholesterolemia Foundation<\/p>\n<p style=\"text-align: justify\">A specialist in Internal Medicine, he served as Associate Chief of Internal Medicine at the Fundaci\u00f3n Jim\u00e9nez D\u00edaz University Hospital until 2013. His research focuses on the epidemiological, clinical, and molecular study of familial hypercholesterolemia (FH). He is also President of the Ibero-American Network for Familial Hypercholesterolemia and was the director of the prospective cohort study on FH in Spain (SAFEHEART), a program designed to identify prognostic factors influencing the development of coronary artery disease and mortality in genetically diagnosed patients.<\/p>\n<p>[\/et_pb_text][\/et_pb_column][\/et_pb_row][et_pb_row admin_label=&#8221;row&#8221; make_fullwidth=&#8221;off&#8221; use_custom_width=&#8221;off&#8221; width_unit=&#8221;off&#8221; custom_width_px=&#8221;1080px&#8221; custom_width_percent=&#8221;80%&#8221; use_custom_gutter=&#8221;off&#8221; gutter_width=&#8221;3&#8243; padding_mobile=&#8221;off&#8221; allow_player_pause=&#8221;off&#8221; parallax=&#8221;off&#8221; parallax_method=&#8221;on&#8221; make_equal=&#8221;off&#8221; column_padding_mobile=&#8221;on&#8221; parallax_1=&#8221;off&#8221; parallax_method_1=&#8221;on&#8221; parallax_2=&#8221;off&#8221; parallax_method_2=&#8221;on&#8221; parallax_3=&#8221;off&#8221; parallax_method_3=&#8221;on&#8221; parallax_4=&#8221;off&#8221; parallax_method_4=&#8221;on&#8221; disabled=&#8221;off&#8221; background_position=&#8221;top_left&#8221; background_repeat=&#8221;repeat&#8221; background_size=&#8221;initial&#8221;][et_pb_column type=&#8221;1_2&#8243;][et_pb_image src=&#8221;\/investigacion\/wp-content\/uploads\/2025\/04\/Fotos-BN_Mercedes.jpg&#8221; align=&#8221;center&#8221; max_width=&#8221;250px&#8221; use_border_color=&#8221;off&#8221; disabled=&#8221;off&#8221; animation_style=&#8221;fade&#8221; animation_duration=&#8221;500ms&#8221; animation_intensity_slide=&#8221;10%&#8221; _builder_version=&#8221;3.9&#8243; force_fullwidth=&#8221;on&#8221; \/][et_pb_text use_border_color=&#8221;off&#8221; disabled=&#8221;off&#8221; background_position=&#8221;top_left&#8221; background_repeat=&#8221;repeat&#8221; background_size=&#8221;initial&#8221; _builder_version=&#8221;3.9&#8243;]<\/p>\n<h2>Mercedes Rinc\u00f3n<\/h2>\n<p>Professor in the Department of Immunology and Microbiology at the University of Colorado\n<\/p>\n<p>She holds a PhD in Biomedicine from the Autonomous University of Madrid and completed her postdoctoral training at Yale University School of Medicine. A globally recognized immunologist, her research spans areas such as allergies, asthma, and arthritis, among others. She has published 168 articles in journals such as <em>Science, Immunity, and Nature Communications<\/em>, and has served on numerous panels for the National Institutes of Health (NIH). She is the inventor of 8 patents and is also the co-founder of the startup Mitotherapeutix.<\/p>\n<p>[\/et_pb_text][\/et_pb_column][et_pb_column type=&#8221;1_2&#8243;][et_pb_image _builder_version=&#8221;3.9&#8243; src=&#8221;\/investigacion\/wp-content\/uploads\/2025\/04\/Fotos-BN_Guadalupe.jpg&#8221; force_fullwidth=&#8221;on&#8221; \/][et_pb_text use_border_color=&#8221;off&#8221; disabled=&#8221;off&#8221; background_position=&#8221;top_left&#8221; background_repeat=&#8221;repeat&#8221; background_size=&#8221;initial&#8221; _builder_version=&#8221;3.9&#8243;]<\/p>\n<h2>Guadalupe Sabio<\/h2>\n<p>Group Leader at the Spanish National Cancer Research Center (CNIO)<\/p>\n<p>She holds a PhD in Biochemistry from the Medical Research Council and worked as an associate researcher at the University of Massachusetts Medical School (USA) before returning to Spain in 2009 with a Ram\u00f3n y Cajal fellowship to study obesity-related diseases. In 2011, she joined CNIC as a principal investigator, and since 2024, she has led the Metabolic Disease Interaction Group at CNIO. Her research focuses on how metabolic dysfunction and chronic inflammation resulting from obesity trigger diseases such as diabetes, cancer, and cardiovascular conditions.<\/p>\n<p>[\/et_pb_text][\/et_pb_column][\/et_pb_row][et_pb_row admin_label=&#8221;row&#8221; make_fullwidth=&#8221;off&#8221; use_custom_width=&#8221;off&#8221; width_unit=&#8221;off&#8221; custom_width_px=&#8221;1080px&#8221; custom_width_percent=&#8221;80%&#8221; use_custom_gutter=&#8221;off&#8221; gutter_width=&#8221;3&#8243; padding_mobile=&#8221;off&#8221; allow_player_pause=&#8221;off&#8221; parallax=&#8221;off&#8221; parallax_method=&#8221;on&#8221; make_equal=&#8221;off&#8221; column_padding_mobile=&#8221;on&#8221; parallax_1=&#8221;off&#8221; parallax_method_1=&#8221;on&#8221; parallax_2=&#8221;off&#8221; parallax_method_2=&#8221;on&#8221; parallax_3=&#8221;off&#8221; parallax_method_3=&#8221;on&#8221; parallax_4=&#8221;off&#8221; parallax_method_4=&#8221;on&#8221; disabled=&#8221;off&#8221; background_position=&#8221;top_left&#8221; background_repeat=&#8221;repeat&#8221; background_size=&#8221;initial&#8221;][et_pb_column type=&#8221;1_2&#8243;][et_pb_image src=&#8221;http:\/\/edicion.fundacionoccident.org\/investigacion\/wp-content\/uploads\/2026\/03\/Fotos-BN_Jordi.jpg&#8221; align=&#8221;center&#8221; max_width=&#8221;250px&#8221; use_border_color=&#8221;off&#8221; disabled=&#8221;off&#8221; animation_style=&#8221;fade&#8221; animation_duration=&#8221;500ms&#8221; animation_intensity_slide=&#8221;10%&#8221; _builder_version=&#8221;3.9&#8243; force_fullwidth=&#8221;on&#8221; \/][et_pb_text use_border_color=&#8221;off&#8221; disabled=&#8221;off&#8221; background_position=&#8221;top_left&#8221; background_repeat=&#8221;repeat&#8221; background_size=&#8221;initial&#8221; _builder_version=&#8221;3.9&#8243;]<\/p>\n<h2>Jordi Mayneris Perxachs<\/h2>\n<p>Group leader at the Institut d\u2019Investigaci\u00f3 Biom\u00e8dica de Girona (IDIBGI)<\/p>\n<p>With a PhD in Computational Chemistry from the University of Barcelona, he specialized in Systems Biology and Omics Sciences during postdoctoral fellowships at the University of Reading and Imperial College London. There, he investigated the cardioprotective effects of omega-3 fatty acids and the role of the microbiome in malnutrition. After leading projects at EURECAT on polyphenols and metabolic health, he joined the  Institut d\u2019Investigaci\u00f3 Biom\u00e8dica de Girona (IDIBGI)) in 2019. Since 2024, he has led the Integrative Systems Medicine and Biology group, focusing his research on microbiota-brain communication, obesity, cognition, and mental and metabolic health.<\/p>\n<p>[\/et_pb_text][\/et_pb_column][et_pb_column type=&#8221;1_2&#8243;][et_pb_image _builder_version=&#8221;3.9&#8243; src=&#8221;http:\/\/edicion.fundacionoccident.org\/investigacion\/wp-content\/uploads\/2026\/03\/Fotos-BN_AnaBelen.jpg&#8221; force_fullwidth=&#8221;on&#8221; \/][et_pb_text use_border_color=&#8221;off&#8221; disabled=&#8221;off&#8221; background_position=&#8221;top_left&#8221; background_repeat=&#8221;repeat&#8221; background_size=&#8221;initial&#8221; _builder_version=&#8221;3.9&#8243;]<\/p>\n<h2>Ana Bel\u00e9n Crujeiras<\/h2>\n<p>Group leader at the Santiago de Compostela Health Research Institute &#8211; Galician Health Service (IDIS-SERGAS)<\/p>\n<p>With a Degree in Biology from the University of Santiago de Compostela and a PhD in Physiology and Nutrition from the University of Navarra, she leads the Epigenomics in Endocrinology and Nutrition group at theHealth Research Institute of Santiago de Compostela (IDIS) and at CIBER for the Physiopathology of Obesity and Nutrition (CIBERobn). She is a professor in the Endocrinology doctoral program at the USC, as well as an associate editor and member of several editorial committees. Her research analyzes how diet and nutritional status influence health through epigenetic mechanisms, particularly in obesity, cancer, and associated comorbidities.<\/p>\n<p>[\/et_pb_text][\/et_pb_column][\/et_pb_row][et_pb_row admin_label=&#8221;row&#8221; make_fullwidth=&#8221;off&#8221; use_custom_width=&#8221;off&#8221; width_unit=&#8221;off&#8221; custom_width_px=&#8221;1080px&#8221; custom_width_percent=&#8221;80%&#8221; use_custom_gutter=&#8221;off&#8221; gutter_width=&#8221;3&#8243; padding_mobile=&#8221;off&#8221; allow_player_pause=&#8221;off&#8221; parallax=&#8221;off&#8221; parallax_method=&#8221;on&#8221; make_equal=&#8221;off&#8221; column_padding_mobile=&#8221;on&#8221; parallax_1=&#8221;off&#8221; parallax_method_1=&#8221;on&#8221; parallax_2=&#8221;off&#8221; parallax_method_2=&#8221;on&#8221; parallax_3=&#8221;off&#8221; parallax_method_3=&#8221;on&#8221; parallax_4=&#8221;off&#8221; parallax_method_4=&#8221;on&#8221; disabled=&#8221;off&#8221; background_position=&#8221;top_left&#8221; background_repeat=&#8221;repeat&#8221; background_size=&#8221;initial&#8221;][et_pb_column type=&#8221;1_2&#8243;][et_pb_image _builder_version=&#8221;3.9&#8243; src=&#8221;\/investigacion\/wp-content\/uploads\/2025\/04\/Fotos-BN_Laura.jpg&#8221; force_fullwidth=&#8221;on&#8221; \/][et_pb_text _builder_version=&#8221;3.9&#8243;]<\/p>\n<p>President of Fundaci\u00f3n Occident<\/p>\n<p>Secretary and spokesperson of the Jury<\/p>\n<p>[\/et_pb_text][\/et_pb_column][et_pb_column type=&#8221;1_2&#8243;][\/et_pb_column][\/et_pb_row][\/et_pb_section]<\/p>\n","protected":false},"excerpt":{"rendered":"<p>[et_pb_section bb_built=&#8221;1&#8243; admin_label=&#8221;section&#8221; transparent_background=&#8221;off&#8221; allow_player_pause=&#8221;off&#8221; inner_shadow=&#8221;off&#8221; parallax=&#8221;off&#8221; parallax_method=&#8221;on&#8221; padding_mobile=&#8221;off&#8221; make_fullwidth=&#8221;off&#8221; use_custom_width=&#8221;off&#8221; width_unit=&#8221;off&#8221; custom_width_px=&#8221;1080px&#8221; custom_width_percent=&#8221;80%&#8221; make_equal=&#8221;off&#8221; use_custom_gutter=&#8221;off&#8221; fullwidth=&#8221;off&#8221; specialty=&#8221;off&#8221; disabled=&#8221;off&#8221; custom_padding_tablet=&#8221;50px|0|50px|0&#8243; custom_padding_last_edited=&#8221;on|desktop&#8221; prev_background_color=&#8221;#000000&#8243; next_background_color=&#8221;#000000&#8243;][et_pb_row make_fullwidth=&#8221;off&#8221; use_custom_width=&#8221;off&#8221; width_unit=&#8221;off&#8221; custom_width_px=&#8221;1080px&#8221; custom_width_percent=&#8221;80%&#8221; use_custom_gutter=&#8221;off&#8221; gutter_width=&#8221;3&#8243; padding_mobile=&#8221;off&#8221; allow_player_pause=&#8221;off&#8221; parallax=&#8221;off&#8221; parallax_method=&#8221;on&#8221; make_equal=&#8221;off&#8221; column_padding_mobile=&#8221;on&#8221; parallax_1=&#8221;off&#8221; parallax_method_1=&#8221;on&#8221; parallax_2=&#8221;off&#8221; parallax_method_2=&#8221;on&#8221; parallax_3=&#8221;off&#8221; parallax_method_3=&#8221;on&#8221; parallax_4=&#8221;off&#8221; parallax_method_4=&#8221;on&#8221; disabled=&#8221;off&#8221; background_position=&#8221;top_left&#8221; background_repeat=&#8221;repeat&#8221; background_size=&#8221;initial&#8221;][et_pb_column type=&#8221;4_4&#8243;][et_pb_text use_border_color=&#8221;off&#8221; disabled=&#8221;off&#8221; background_position=&#8221;top_left&#8221; background_repeat=&#8221;repeat&#8221; background_size=&#8221;initial&#8221; _builder_version=&#8221;3.9&#8243;] [&hellip;]<\/p>\n","protected":false},"author":7,"featured_media":0,"parent":0,"menu_order":0,"comment_status":"closed","ping_status":"closed","template":"","meta":{"footnotes":""},"class_list":["post-689","page","type-page","status-publish","hentry"],"_links":{"self":[{"href":"http:\/\/edicion.fundacionoccident.org\/investigacion\/wp-json\/wp\/v2\/pages\/689","targetHints":{"allow":["GET"]}}],"collection":[{"href":"http:\/\/edicion.fundacionoccident.org\/investigacion\/wp-json\/wp\/v2\/pages"}],"about":[{"href":"http:\/\/edicion.fundacionoccident.org\/investigacion\/wp-json\/wp\/v2\/types\/page"}],"author":[{"embeddable":true,"href":"http:\/\/edicion.fundacionoccident.org\/investigacion\/wp-json\/wp\/v2\/users\/7"}],"replies":[{"embeddable":true,"href":"http:\/\/edicion.fundacionoccident.org\/investigacion\/wp-json\/wp\/v2\/comments?post=689"}],"version-history":[{"count":46,"href":"http:\/\/edicion.fundacionoccident.org\/investigacion\/wp-json\/wp\/v2\/pages\/689\/revisions"}],"predecessor-version":[{"id":5752,"href":"http:\/\/edicion.fundacionoccident.org\/investigacion\/wp-json\/wp\/v2\/pages\/689\/revisions\/5752"}],"wp:attachment":[{"href":"http:\/\/edicion.fundacionoccident.org\/investigacion\/wp-json\/wp\/v2\/media?parent=689"}],"curies":[{"name":"wp","href":"https:\/\/api.w.org\/{rel}","templated":true}]}}