{"id":7,"date":"2016-09-21T16:38:23","date_gmt":"2016-09-21T16:38:23","guid":{"rendered":""},"modified":"2026-03-10T09:05:45","modified_gmt":"2026-03-10T08:05:45","slug":"jurado","status":"publish","type":"page","link":"http:\/\/edicion.fundacionoccident.org\/investigacion\/jurado","title":{"rendered":"Jurado"},"content":{"rendered":"<p>[et_pb_section bb_built=&#8221;1&#8243; admin_label=&#8221;section&#8221; transparent_background=&#8221;off&#8221; allow_player_pause=&#8221;off&#8221; inner_shadow=&#8221;off&#8221; parallax=&#8221;off&#8221; parallax_method=&#8221;on&#8221; padding_mobile=&#8221;off&#8221; make_fullwidth=&#8221;off&#8221; use_custom_width=&#8221;off&#8221; width_unit=&#8221;off&#8221; custom_width_px=&#8221;1080px&#8221; custom_width_percent=&#8221;80%&#8221; make_equal=&#8221;off&#8221; use_custom_gutter=&#8221;off&#8221; fullwidth=&#8221;off&#8221; specialty=&#8221;off&#8221; disabled=&#8221;off&#8221; custom_padding_tablet=&#8221;50px|0|50px|0&#8243; custom_padding_last_edited=&#8221;on|desktop&#8221; prev_background_color=&#8221;#000000&#8243; next_background_color=&#8221;#000000&#8243;][et_pb_row make_fullwidth=&#8221;off&#8221; use_custom_width=&#8221;off&#8221; width_unit=&#8221;off&#8221; custom_width_px=&#8221;1080px&#8221; custom_width_percent=&#8221;80%&#8221; use_custom_gutter=&#8221;off&#8221; gutter_width=&#8221;3&#8243; padding_mobile=&#8221;off&#8221; allow_player_pause=&#8221;off&#8221; parallax=&#8221;off&#8221; parallax_method=&#8221;on&#8221; make_equal=&#8221;off&#8221; column_padding_mobile=&#8221;on&#8221; parallax_1=&#8221;off&#8221; parallax_method_1=&#8221;on&#8221; parallax_2=&#8221;off&#8221; parallax_method_2=&#8221;on&#8221; parallax_3=&#8221;off&#8221; parallax_method_3=&#8221;on&#8221; parallax_4=&#8221;off&#8221; parallax_method_4=&#8221;on&#8221; disabled=&#8221;off&#8221; background_position=&#8221;top_left&#8221; background_repeat=&#8221;repeat&#8221; background_size=&#8221;initial&#8221;][et_pb_column type=&#8221;4_4&#8243;][et_pb_text use_border_color=&#8221;off&#8221; disabled=&#8221;off&#8221; background_position=&#8221;top_left&#8221; background_repeat=&#8221;repeat&#8221; background_size=&#8221;initial&#8221; _builder_version=&#8221;3.9&#8243;]<\/p>\n<h1>Jurado de los Premios a la Investigaci\u00f3n Jes\u00fas Serra<\/h1>\n<p>[\/et_pb_text][\/et_pb_column][\/et_pb_row][et_pb_row admin_label=&#8221;row&#8221; make_fullwidth=&#8221;off&#8221; use_custom_width=&#8221;off&#8221; width_unit=&#8221;off&#8221; custom_width_px=&#8221;1080px&#8221; custom_width_percent=&#8221;80%&#8221; use_custom_gutter=&#8221;off&#8221; gutter_width=&#8221;3&#8243; padding_mobile=&#8221;off&#8221; allow_player_pause=&#8221;off&#8221; parallax=&#8221;off&#8221; parallax_method=&#8221;on&#8221; make_equal=&#8221;off&#8221; column_padding_mobile=&#8221;on&#8221; parallax_1=&#8221;off&#8221; parallax_method_1=&#8221;on&#8221; parallax_2=&#8221;off&#8221; parallax_method_2=&#8221;on&#8221; parallax_3=&#8221;off&#8221; parallax_method_3=&#8221;on&#8221; parallax_4=&#8221;off&#8221; parallax_method_4=&#8221;on&#8221; disabled=&#8221;off&#8221; background_position=&#8221;top_left&#8221; background_repeat=&#8221;repeat&#8221; background_size=&#8221;initial&#8221;][et_pb_column type=&#8221;1_2&#8243;][et_pb_image src=&#8221;\/investigacion\/wp-content\/uploads\/2025\/04\/Fotos-BN_Lina.jpg&#8221; align=&#8221;center&#8221; max_width=&#8221;250px&#8221; use_border_color=&#8221;off&#8221; disabled=&#8221;off&#8221; alt=&#8221;Dra. Maria A. Blasco \u2013 presidenta del jurado&#8221; title_text=&#8221;Dra. Maria A. Blasco \u2013 presidenta del jurado&#8221; url=&#8221;\/investigacion\/jurado&#8221; animation_style=&#8221;fade&#8221; animation_duration=&#8221;500ms&#8221; animation_intensity_slide=&#8221;10%&#8221; _builder_version=&#8221;3.9&#8243; force_fullwidth=&#8221;on&#8221; \/][et_pb_text use_border_color=&#8221;off&#8221; disabled=&#8221;off&#8221; background_position=&#8221;top_left&#8221; background_repeat=&#8221;repeat&#8221; background_size=&#8221;initial&#8221; _builder_version=&#8221;3.9&#8243;]<\/p>\n<h2>Lina Badimon &#8211;<br \/>\npresidenta del jurado<\/h2>\n<p style=\"text-align: justify;\">Directora cient\u00edfica de la Fundaci\u00f3n de Investigaci\u00f3n Cardiovascular para la Promoci\u00f3n de la Salud y la Innovaci\u00f3n (FICSI)<\/p>\n<p style=\"text-align: justify;\">Reconocida internacionalmente por sus contribuciones al <strong>estudio de la enfermedad cardiovascular y cardiometab\u00f3lica<\/strong>, su estudio se centra en la aterosclerosis, la trombosis y las enfermedades isqu\u00e9micas. Es la Directora de la \u201cUNESCO Chair in Biomedical Sciences Training and Research\u201d y la vicepresidenta de Relaciones Cient\u00edficas en la \u201cEuropean Society of Cardiology\u201d (ESC). Cuenta con m\u00e1s de 490 publicaciones en los principales medios del sector cient\u00edfico, con un \u00edndice H de 69.<\/p>\n<p>[\/et_pb_text][\/et_pb_column][et_pb_column type=&#8221;1_2&#8243;][et_pb_image src=&#8221;\/investigacion\/wp-content\/uploads\/2025\/04\/Fotos-BN_Arkaitz.jpg&#8221; animation=&#8221;fade_in&#8221; sticky=&#8221;off&#8221; align=&#8221;center&#8221; max_width=&#8221;250px&#8221; use_border_color=&#8221;off&#8221; border_color=&#8221;#ffffff&#8221; border_style=&#8221;solid&#8221; disabled=&#8221;off&#8221; alt=&#8221;Dra. Mercedes Rinc\u00f3n&#8221; title_text=&#8221;Dra. Mercedes Rinc\u00f3n&#8221; animation_style=&#8221;fade&#8221; animation_duration=&#8221;500ms&#8221; animation_intensity_slide=&#8221;10%&#8221; _builder_version=&#8221;3.9&#8243; force_fullwidth=&#8221;on&#8221; \/][et_pb_text use_border_color=&#8221;off&#8221; disabled=&#8221;off&#8221; background_position=&#8221;top_left&#8221; background_repeat=&#8221;repeat&#8221; background_size=&#8221;initial&#8221; _builder_version=&#8221;3.9&#8243;]<\/p>\n<h2>Arkaitz Carracedo<\/h2>\n<p style=\"text-align: justify;\">Profesor de Investigaci\u00f3n Ikerbasque en el Centro de Investigaci\u00f3n Cooperativa en Biociencias (CIC bioGune)<\/p>\n<p style=\"text-align: justify;\">Tras doctorarse en Bioqu\u00edmica y Biolog\u00eda Molecular en la Universidad Complutense de Madrid, complet\u00f3 su postdoctorado en MSKCC (NY) y BIDMC (Boston). En 2010, estableci\u00f3 su l\u00ednea de investigaci\u00f3n en CIC bioGUNE, centrada en el estudio del <strong>metabolismo de las c\u00e9lulas cancerosas<\/strong>. Desde 2011 es Profesor de Investigaci\u00f3n Ikerbasque, desde 2012, Profesor Asociado y, desde 2024, Cient\u00edfico Distinguido en la Universidad del Pa\u00eds Vasco. Con 132 publicaciones y la organizaci\u00f3n de congresos internacionales, su trabajo ha sido reconocido y financiado por instituciones clave, incluyendo 3 proyectos ERC del Consejo Europeo de Investigaci\u00f3n.<\/p>\n<p>[\/et_pb_text][\/et_pb_column][\/et_pb_row][et_pb_row admin_label=&#8221;row&#8221; make_fullwidth=&#8221;off&#8221; use_custom_width=&#8221;off&#8221; width_unit=&#8221;off&#8221; custom_width_px=&#8221;1080px&#8221; custom_width_percent=&#8221;80%&#8221; use_custom_gutter=&#8221;off&#8221; gutter_width=&#8221;3&#8243; padding_mobile=&#8221;off&#8221; allow_player_pause=&#8221;off&#8221; parallax=&#8221;off&#8221; parallax_method=&#8221;on&#8221; make_equal=&#8221;off&#8221; column_padding_mobile=&#8221;on&#8221; parallax_1=&#8221;off&#8221; parallax_method_1=&#8221;on&#8221; parallax_2=&#8221;off&#8221; parallax_method_2=&#8221;on&#8221; parallax_3=&#8221;off&#8221; parallax_method_3=&#8221;on&#8221; parallax_4=&#8221;off&#8221; parallax_method_4=&#8221;on&#8221; disabled=&#8221;off&#8221; background_position=&#8221;top_left&#8221; background_repeat=&#8221;repeat&#8221; background_size=&#8221;initial&#8221;][et_pb_column type=&#8221;1_2&#8243;][et_pb_image src=&#8221;\/investigacion\/wp-content\/uploads\/2025\/04\/Fotos-BN_Borja.jpg&#8221; align=&#8221;center&#8221; max_width=&#8221;250px&#8221; use_border_color=&#8221;off&#8221; disabled=&#8221;off&#8221; alt=&#8221;Dr. Carlos Macaya Miguel&#8221; title_text=&#8221;Dr. Carlos Macaya Miguel&#8221; animation_style=&#8221;fade&#8221; animation_duration=&#8221;500ms&#8221; animation_intensity_slide=&#8221;10%&#8221; _builder_version=&#8221;3.9&#8243; force_fullwidth=&#8221;on&#8221; \/][et_pb_text use_border_color=&#8221;off&#8221; disabled=&#8221;off&#8221; background_position=&#8221;top_left&#8221; background_repeat=&#8221;repeat&#8221; background_size=&#8221;initial&#8221; _builder_version=&#8221;3.9&#8243;]<\/p>\n<h2>Borja Ib\u00e1\u00f1ez<\/h2>\n<p style=\"text-align: justify;\">Director cient\u00edfico del Centro Nacional de Investigaciones Cardiovasculares (CNIC)<\/p>\n<p style=\"text-align: justify;\">Doctor en Medicina por la Universidad Aut\u00f3noma de Madrid, compagina su labor en CNIC con su trabajo como cardi\u00f3logo en el Hospital Fundaci\u00f3n Jim\u00e9nez D\u00edaz y jefe de grupo en el CIBER de enfermedades cardiovasculares (CIBERCV). Especialista en <strong>enfermedades del miocardio<\/strong>, centra su investigaci\u00f3n en el infarto agudo de miocardio, la insuficiencia card\u00edaca y la cardiotoxicidad asociada al tratamiento oncol\u00f3gicos. Su liderazgo como presidente de las gu\u00edas de pr\u00e1ctica cl\u00ednica para el tratamiento del infarto agudo de miocardio por la Sociedad Europea de Cardiolog\u00eda fue clave para definir estrategias en la lucha contra el infarto.<\/p>\n<p>[\/et_pb_text][\/et_pb_column][et_pb_column type=&#8221;1_2&#8243;][et_pb_image src=&#8221;\/investigacion\/wp-content\/uploads\/2025\/04\/Fotos-BN_Pedro.jpg&#8221; align=&#8221;center&#8221; max_width=&#8221;250px&#8221; use_border_color=&#8221;off&#8221; disabled=&#8221;off&#8221; alt=&#8221;Prof. Lina Badimon&#8221; title_text=&#8221;Prof. Lina Badimon&#8221; animation_style=&#8221;fade&#8221; animation_duration=&#8221;500ms&#8221; animation_intensity_slide=&#8221;10%&#8221; _builder_version=&#8221;3.9&#8243; force_fullwidth=&#8221;on&#8221; \/][et_pb_text use_border_color=&#8221;off&#8221; disabled=&#8221;off&#8221; background_position=&#8221;top_left&#8221; background_repeat=&#8221;repeat&#8221; background_size=&#8221;initial&#8221; _builder_version=&#8221;3.9&#8243;]<\/p>\n<h2>Pedro Mata<\/h2>\n<p>Fundador y presidente de la Fundaci\u00f3n Espa\u00f1ola Hipercolesterolemia Familiar<\/p>\n<p style=\"text-align: justify;\">Especialista en Medicina Interna, ejerci\u00f3 como jefe asociado de Medicina Interna del Hospital Universitario de la Fundaci\u00f3n Jim\u00e9nez D\u00edaz hasta 2013. Su investigaci\u00f3n se centra en el estudio epidemiol\u00f3gico, cl\u00ednico y molecular de la hipercolesterolemia familiar (HF). Adem\u00e1s, tambi\u00e9n es presidente de la Red Iberoamericana de Hipercolesterolemia Familiar. Es el director del estudio prospectivo de una cohorte de HF en Espa\u00f1a (SAFEHEART), un programa dise\u00f1ado para conocer los factores pron\u00f3sticos que influyen en el desarrollo de la enfermedad coronaria y la mortalidad en pacientes con diagn\u00f3stico gen\u00e9tico de HF.<\/p>\n<p>[\/et_pb_text][\/et_pb_column][\/et_pb_row][et_pb_row admin_label=&#8221;row&#8221; make_fullwidth=&#8221;off&#8221; use_custom_width=&#8221;off&#8221; width_unit=&#8221;off&#8221; custom_width_px=&#8221;1080px&#8221; custom_width_percent=&#8221;80%&#8221; use_custom_gutter=&#8221;off&#8221; gutter_width=&#8221;3&#8243; padding_mobile=&#8221;off&#8221; allow_player_pause=&#8221;off&#8221; parallax=&#8221;off&#8221; parallax_method=&#8221;on&#8221; make_equal=&#8221;off&#8221; column_padding_mobile=&#8221;on&#8221; parallax_1=&#8221;off&#8221; parallax_method_1=&#8221;on&#8221; parallax_2=&#8221;off&#8221; parallax_method_2=&#8221;on&#8221; parallax_3=&#8221;off&#8221; parallax_method_3=&#8221;on&#8221; parallax_4=&#8221;off&#8221; parallax_method_4=&#8221;on&#8221; disabled=&#8221;off&#8221; background_position=&#8221;top_left&#8221; background_repeat=&#8221;repeat&#8221; background_size=&#8221;initial&#8221;][et_pb_column type=&#8221;1_2&#8243;][et_pb_image src=&#8221;\/investigacion\/wp-content\/uploads\/2025\/04\/Fotos-BN_Mercedes.jpg&#8221; align=&#8221;center&#8221; max_width=&#8221;250px&#8221; use_border_color=&#8221;off&#8221; disabled=&#8221;off&#8221; alt=&#8221;Dr. Pedro Mata L\u00f3pez MD, PhD&#8221; title_text=&#8221;Dr. Pedro Mata L\u00f3pez MD, PhD&#8221; animation_style=&#8221;fade&#8221; animation_duration=&#8221;500ms&#8221; animation_intensity_slide=&#8221;10%&#8221; _builder_version=&#8221;3.9&#8243; force_fullwidth=&#8221;on&#8221; \/][et_pb_text use_border_color=&#8221;off&#8221; disabled=&#8221;off&#8221; background_position=&#8221;top_left&#8221; background_repeat=&#8221;repeat&#8221; background_size=&#8221;initial&#8221; _builder_version=&#8221;3.9&#8243;]<\/p>\n<h2>Mercedes Rinc\u00f3n<\/h2>\n<p>Profesora del Departamento de Inmunolog\u00eda y Microbiolog\u00eda en la Facultad de Medicina en la Universidad de Colorado<\/p>\n<p>Doctora en Biomedicina por la Universidad Aut\u00f3noma de Madrid, realiz\u00f3 su postdoctorado en Yale University School of Medicine. Es una <strong>inmun\u00f3loga<\/strong> mundialmente reconocida con experiencia en campos de la investigaci\u00f3n como, entre otros, las alergias, el asma y la artritis. Ha publicado 168 art\u00edculos en revistas como <em>Science, Immunity y Nature Communications<\/em>, y ha colaborado en numerosos paneles del National Institute of Health (NIH). Es la inventora de 8 patentes. Adem\u00e1s, es co-fundadora de la startup Mitotherapeutix.<\/p>\n<p>[\/et_pb_text][\/et_pb_column][et_pb_column type=&#8221;1_2&#8243;][et_pb_image src=&#8221;\/investigacion\/wp-content\/uploads\/2025\/04\/Fotos-BN_Guadalupe.jpg&#8221; animation=&#8221;fade_in&#8221; sticky=&#8221;off&#8221; align=&#8221;center&#8221; max_width=&#8221;250px&#8221; use_border_color=&#8221;off&#8221; border_color=&#8221;#ffffff&#8221; border_style=&#8221;solid&#8221; disabled=&#8221;off&#8221; alt=&#8221;Ra\u00fal Zamora&#8221; title_text=&#8221;Dr. Pedro Mata L\u00f3pez MD, PhD&#8221; animation_style=&#8221;fade&#8221; animation_duration=&#8221;500ms&#8221; animation_intensity_slide=&#8221;10%&#8221; _builder_version=&#8221;3.9&#8243; force_fullwidth=&#8221;on&#8221; \/][et_pb_text use_border_color=&#8221;off&#8221; disabled=&#8221;off&#8221; background_position=&#8221;top_left&#8221; background_repeat=&#8221;repeat&#8221; background_size=&#8221;initial&#8221; _builder_version=&#8221;3.9&#8243;]<\/p>\n<h3>Guadalupe Sabio<\/h3>\n<p>Jefa de grupo en el Centro nacional de Investigaciones Oncol\u00f3gicas (CNIO)<\/p>\n<p>Doctora en Bioqu\u00edmica por el Medical Research Council, ejerci\u00f3 como investigadora asociada en la Facultad de Medicina de la Universidad de Massachusetts (Estados Unidos), hasta que en 2009 regres\u00f3 a Espa\u00f1a con un contrato Ram\u00f3n y Cajal para <strong>estudiar enfermedades asociadas a la obesidad<\/strong>. En 2011, se uni\u00f3 como investigadora principal en el CNIC y desde 2024, dirige el Grupo de Interacci\u00f3n entre las Enfermedades Metab\u00f3licas en el CNIO. Su foco de investigaci\u00f3n explora c\u00f3mo la disfunci\u00f3n metab\u00f3lica y la inflamaci\u00f3n cr\u00f3nica derivadas de la obesidad desencadenan enfermedades como la diabetes, el c\u00e1ncer y las enfermedades cardiovasculares.<\/p>\n<p>[\/et_pb_text][\/et_pb_column][\/et_pb_row][et_pb_row admin_label=&#8221;row&#8221; make_fullwidth=&#8221;off&#8221; use_custom_width=&#8221;off&#8221; width_unit=&#8221;off&#8221; custom_width_px=&#8221;1080px&#8221; custom_width_percent=&#8221;80%&#8221; use_custom_gutter=&#8221;off&#8221; gutter_width=&#8221;3&#8243; padding_mobile=&#8221;off&#8221; allow_player_pause=&#8221;off&#8221; parallax=&#8221;off&#8221; parallax_method=&#8221;on&#8221; make_equal=&#8221;off&#8221; column_padding_mobile=&#8221;on&#8221; parallax_1=&#8221;off&#8221; parallax_method_1=&#8221;on&#8221; parallax_2=&#8221;off&#8221; parallax_method_2=&#8221;on&#8221; parallax_3=&#8221;off&#8221; parallax_method_3=&#8221;on&#8221; parallax_4=&#8221;off&#8221; parallax_method_4=&#8221;on&#8221; disabled=&#8221;off&#8221; background_position=&#8221;top_left&#8221; background_repeat=&#8221;repeat&#8221; background_size=&#8221;initial&#8221;][et_pb_column type=&#8221;1_2&#8243;][et_pb_image src=&#8221;http:\/\/edicion.fundacionoccident.org\/investigacion\/wp-content\/uploads\/2026\/03\/Fotos-BN_Jordi.jpg&#8221; animation=&#8221;fade_in&#8221; sticky=&#8221;off&#8221; align=&#8221;center&#8221; max_width=&#8221;250px&#8221; use_border_color=&#8221;off&#8221; border_color=&#8221;#ffffff&#8221; border_style=&#8221;solid&#8221; disabled=&#8221;off&#8221; alt=&#8221;Ra\u00fal Zamora&#8221; title_text=&#8221;Dr. Pedro Mata L\u00f3pez MD, PhD&#8221; animation_style=&#8221;fade&#8221; animation_duration=&#8221;500ms&#8221; animation_intensity_slide=&#8221;10%&#8221; _builder_version=&#8221;3.9&#8243; force_fullwidth=&#8221;on&#8221; \/][et_pb_text use_border_color=&#8221;off&#8221; disabled=&#8221;off&#8221; background_position=&#8221;top_left&#8221; background_repeat=&#8221;repeat&#8221; background_size=&#8221;initial&#8221; _builder_version=&#8221;3.9&#8243;]<\/p>\n<h3>Jordi Mayneris Perxachs<\/h3>\n<p>Jefe de grupo de investigaci\u00f3n del Institut d\u2019Investigaci\u00f3 Biom\u00e8dica de Girona (IDIBGI)<\/p>\n<p>Doctor en Qu\u00edmica Computacional por la Universitat de Barcelona, se especializ\u00f3 en Biolog\u00eda de Sistemas y Ciencias \u00d3micas durante estancias postdoctorales en las universidades de Reading e Imperial College London, donde investig\u00f3 los efectos cardioprotectores de los \u00e1cidos grasos omega-3 y el papel del microbioma en la malnutrici\u00f3n. Tras liderar proyectos en EURECAT sobre polifenoles y salud metab\u00f3lica, en 2019 se incorpor\u00f3 al Instituto de Investigaci\u00f3n Biom\u00e9dica de Girona (IDIBGI). Desde 2024 dirige el grupo de Medicina y Biolog\u00eda de Sistemas Integrativos, centrando su investigaci\u00f3n en la comunicaci\u00f3n microbiota-cerebro, la obesidad, la cognici\u00f3n y la salud mental y metab\u00f3lica.<\/p>\n<p>[\/et_pb_text][\/et_pb_column][et_pb_column type=&#8221;1_2&#8243;][et_pb_image src=&#8221;http:\/\/edicion.fundacionoccident.org\/investigacion\/wp-content\/uploads\/2026\/03\/Fotos-BN_AnaBelen.jpg&#8221; animation=&#8221;fade_in&#8221; sticky=&#8221;off&#8221; align=&#8221;center&#8221; max_width=&#8221;250px&#8221; use_border_color=&#8221;off&#8221; border_color=&#8221;#ffffff&#8221; border_style=&#8221;solid&#8221; disabled=&#8221;off&#8221; alt=&#8221;Ra\u00fal Zamora&#8221; title_text=&#8221;Dr. Pedro Mata L\u00f3pez MD, PhD&#8221; animation_style=&#8221;fade&#8221; animation_duration=&#8221;500ms&#8221; animation_intensity_slide=&#8221;10%&#8221; _builder_version=&#8221;3.9&#8243; force_fullwidth=&#8221;on&#8221; \/][et_pb_text use_border_color=&#8221;off&#8221; disabled=&#8221;off&#8221; background_position=&#8221;top_left&#8221; background_repeat=&#8221;repeat&#8221; background_size=&#8221;initial&#8221; _builder_version=&#8221;3.9&#8243;]<\/p>\n<h3>Ana Bel\u00e9n Crujeiras<\/h3>\n<p>Jefa de grupo del Instituto de Investigaciones Sanitarias de Santiago &#8211; Servicio Galego de Sa\u00fade (IDIS-SERGAS)<\/p>\n<p>Licenciada en Biolog\u00eda por la Universidad de Santiago de Compostela y doctora en Fisiolog\u00eda y Alimentaci\u00f3n por la Universidad de Navarra, lidera el grupo de Epigen\u00f3mica en Endocrinolog\u00eda y Nutrici\u00f3n en el Instituto de Investigaci\u00f3n Sanitaria de Santiago (IDIS) y en el CIBER de Fisiopatolog\u00eda de la Obesidad y Nutrici\u00f3n (CIBERobn). Es profesora en el programa de doctorado de Endocrinolog\u00eda de la USC adem\u00e1s de editora asociada y miembro de varios comit\u00e9s editoriales. Su investigaci\u00f3n analiza c\u00f3mo la alimentaci\u00f3n y el estado nutricional influyen en la salud mediante mecanismos epigen\u00e9ticos, especialmente en obesidad, c\u00e1ncer y comorbilidades asociadas.<\/p>\n<p>[\/et_pb_text][\/et_pb_column][\/et_pb_row][et_pb_row admin_label=&#8221;row&#8221; make_fullwidth=&#8221;off&#8221; use_custom_width=&#8221;off&#8221; width_unit=&#8221;off&#8221; custom_width_px=&#8221;1080px&#8221; custom_width_percent=&#8221;80%&#8221; use_custom_gutter=&#8221;off&#8221; gutter_width=&#8221;3&#8243; padding_mobile=&#8221;off&#8221; allow_player_pause=&#8221;off&#8221; parallax=&#8221;off&#8221; parallax_method=&#8221;on&#8221; make_equal=&#8221;off&#8221; column_padding_mobile=&#8221;on&#8221; parallax_1=&#8221;off&#8221; parallax_method_1=&#8221;on&#8221; parallax_2=&#8221;off&#8221; parallax_method_2=&#8221;on&#8221; parallax_3=&#8221;off&#8221; parallax_method_3=&#8221;on&#8221; parallax_4=&#8221;off&#8221; parallax_method_4=&#8221;on&#8221; disabled=&#8221;off&#8221; background_position=&#8221;top_left&#8221; background_repeat=&#8221;repeat&#8221; background_size=&#8221;initial&#8221;][et_pb_column type=&#8221;1_2&#8243;][et_pb_image src=&#8221;\/investigacion\/wp-content\/uploads\/2025\/04\/Fotos-BN_Laura.jpg&#8221; animation=&#8221;fade_in&#8221; sticky=&#8221;off&#8221; align=&#8221;center&#8221; max_width=&#8221;250px&#8221; use_border_color=&#8221;off&#8221; border_color=&#8221;#ffffff&#8221; border_style=&#8221;solid&#8221; disabled=&#8221;off&#8221; alt=&#8221;Ra\u00fal Zamora&#8221; title_text=&#8221;Dr. Pedro Mata L\u00f3pez MD, PhD&#8221; animation_style=&#8221;fade&#8221; animation_duration=&#8221;500ms&#8221; animation_intensity_slide=&#8221;10%&#8221; _builder_version=&#8221;3.9&#8243; force_fullwidth=&#8221;on&#8221; \/][et_pb_text use_border_color=&#8221;off&#8221; disabled=&#8221;off&#8221; background_position=&#8221;top_left&#8221; background_repeat=&#8221;repeat&#8221; background_size=&#8221;initial&#8221; _builder_version=&#8221;3.9&#8243;]<\/p>\n<h2>Laura Halpern<\/h2>\n<p>Presidenta de Fundaci\u00f3n Occident<\/p>\n<p>Secretaria y Portavoz del Jurado.<\/p>\n<p>[\/et_pb_text][\/et_pb_column][et_pb_column type=&#8221;1_2&#8243;][\/et_pb_column][\/et_pb_row][\/et_pb_section]<\/p>\n","protected":false},"excerpt":{"rendered":"<p>[et_pb_section bb_built=&#8221;1&#8243; admin_label=&#8221;section&#8221; transparent_background=&#8221;off&#8221; allow_player_pause=&#8221;off&#8221; inner_shadow=&#8221;off&#8221; parallax=&#8221;off&#8221; parallax_method=&#8221;on&#8221; padding_mobile=&#8221;off&#8221; make_fullwidth=&#8221;off&#8221; use_custom_width=&#8221;off&#8221; width_unit=&#8221;off&#8221; custom_width_px=&#8221;1080px&#8221; custom_width_percent=&#8221;80%&#8221; make_equal=&#8221;off&#8221; use_custom_gutter=&#8221;off&#8221; fullwidth=&#8221;off&#8221; specialty=&#8221;off&#8221; disabled=&#8221;off&#8221; custom_padding_tablet=&#8221;50px|0|50px|0&#8243; custom_padding_last_edited=&#8221;on|desktop&#8221; prev_background_color=&#8221;#000000&#8243; next_background_color=&#8221;#000000&#8243;][et_pb_row make_fullwidth=&#8221;off&#8221; use_custom_width=&#8221;off&#8221; width_unit=&#8221;off&#8221; custom_width_px=&#8221;1080px&#8221; custom_width_percent=&#8221;80%&#8221; use_custom_gutter=&#8221;off&#8221; gutter_width=&#8221;3&#8243; padding_mobile=&#8221;off&#8221; allow_player_pause=&#8221;off&#8221; parallax=&#8221;off&#8221; parallax_method=&#8221;on&#8221; make_equal=&#8221;off&#8221; column_padding_mobile=&#8221;on&#8221; parallax_1=&#8221;off&#8221; parallax_method_1=&#8221;on&#8221; parallax_2=&#8221;off&#8221; parallax_method_2=&#8221;on&#8221; parallax_3=&#8221;off&#8221; parallax_method_3=&#8221;on&#8221; parallax_4=&#8221;off&#8221; parallax_method_4=&#8221;on&#8221; disabled=&#8221;off&#8221; background_position=&#8221;top_left&#8221; background_repeat=&#8221;repeat&#8221; background_size=&#8221;initial&#8221;][et_pb_column type=&#8221;4_4&#8243;][et_pb_text use_border_color=&#8221;off&#8221; disabled=&#8221;off&#8221; background_position=&#8221;top_left&#8221; background_repeat=&#8221;repeat&#8221; background_size=&#8221;initial&#8221; _builder_version=&#8221;3.9&#8243;] [&hellip;]<\/p>\n","protected":false},"author":7,"featured_media":0,"parent":0,"menu_order":0,"comment_status":"closed","ping_status":"closed","template":"","meta":{"footnotes":""},"class_list":["post-7","page","type-page","status-publish","hentry"],"_links":{"self":[{"href":"http:\/\/edicion.fundacionoccident.org\/investigacion\/wp-json\/wp\/v2\/pages\/7","targetHints":{"allow":["GET"]}}],"collection":[{"href":"http:\/\/edicion.fundacionoccident.org\/investigacion\/wp-json\/wp\/v2\/pages"}],"about":[{"href":"http:\/\/edicion.fundacionoccident.org\/investigacion\/wp-json\/wp\/v2\/types\/page"}],"author":[{"embeddable":true,"href":"http:\/\/edicion.fundacionoccident.org\/investigacion\/wp-json\/wp\/v2\/users\/7"}],"replies":[{"embeddable":true,"href":"http:\/\/edicion.fundacionoccident.org\/investigacion\/wp-json\/wp\/v2\/comments?post=7"}],"version-history":[{"count":103,"href":"http:\/\/edicion.fundacionoccident.org\/investigacion\/wp-json\/wp\/v2\/pages\/7\/revisions"}],"predecessor-version":[{"id":5739,"href":"http:\/\/edicion.fundacionoccident.org\/investigacion\/wp-json\/wp\/v2\/pages\/7\/revisions\/5739"}],"wp:attachment":[{"href":"http:\/\/edicion.fundacionoccident.org\/investigacion\/wp-json\/wp\/v2\/media?parent=7"}],"curies":[{"name":"wp","href":"https:\/\/api.w.org\/{rel}","templated":true}]}}