{"id":2127,"date":"2021-01-20T16:08:35","date_gmt":"2021-01-20T15:08:35","guid":{"rendered":"http:\/\/edicion.fundacionjesusserra.org\/investigacion\/?page_id=2127"},"modified":"2024-04-03T09:23:26","modified_gmt":"2024-04-03T07:23:26","slug":"aviso-legal","status":"publish","type":"page","link":"http:\/\/edicion.fundacionoccident.org\/investigacion\/aviso-legal","title":{"rendered":"Aviso legal"},"content":{"rendered":"<p><b>Condiciones generales de uso y pol\u00edtica de privacidad<\/b><\/p>\n<p><b>Identificaci\u00f3n de la entidad<\/b><\/p>\n<p><span style=\"font-weight: 400;\">La informaci\u00f3n contenida en esta p\u00e1gina web oficial hace referencia a <\/span><b>Fundaci\u00f3n Occident<\/b><span style=\"font-weight: 400;\"> (en adelante, la Fundaci\u00f3n), con N.I.F G-61.559.076 y domicilio social en la Avenida Alcalde Barnils, 63, 08174 Sant Cugat del Vall\u00e8s (Barcelona), inscrita en el Registro de Fundaciones con el n\u00ba 355.<\/span><\/p>\n<p><b>Objeto de la web<\/b><\/p>\n<p><span style=\"font-weight: 400;\">Las p\u00e1ginas contenidas en esta web oficial, tienen por objeto facilitar el conocimiento por el p\u00fablico en general de la Fundaci\u00f3n, de las actividades que desarrolla. La Fundaci\u00f3n se reserva la facultad de efectuar, en cualquier momento y sin previo aviso, modificaciones de la informaci\u00f3n contenida en su p\u00e1gina web o en la configuraci\u00f3n y presentaci\u00f3n de la misma.<\/span><\/p>\n<p><b>Protecci\u00f3n de datos personales<\/b><\/p>\n<p><span style=\"font-weight: 400;\">La informaci\u00f3n completa relativa a la regulaci\u00f3n sobre la protecci\u00f3n de los datos personales, se encuentra publicada en esta misma p\u00e1gina web oficial, concretamente en el apartado espec\u00edfico sobre \u201cPol\u00edtica de Privacidad\u201d situado junto a este Aviso Legal.<\/span><\/p>\n<p><b>Condiciones de acceso a la p\u00e1gina web y disponibilidad<\/b><\/p>\n<p><span style=\"font-weight: 400;\">El acceso a los contenidos generales de esta p\u00e1gina web tiene car\u00e1cter gratuito para todos los usuarios, y no exige la previa suscripci\u00f3n o registro de los mismos. Este servicio est\u00e1 disponible las 24 horas del d\u00eda los 365 d\u00edas del a\u00f1o, salvo las interrupciones requeridas para el mantenimiento y la mejora del sistema.<\/span><\/p>\n<p><b>Exoneraci\u00f3n de responsabilidades<\/b><\/p>\n<p><span style=\"font-weight: 400;\">Al navegar en esta p\u00e1gina web oficial, el usuario exonera a la Fundaci\u00f3n en los siguientes casos:<\/span><\/p>\n<ol>\n<li style=\"font-weight: 400;\" aria-level=\"1\"><b>Por uso indebido:<\/b><span style=\"font-weight: 400;\"> Al acceder a esta p\u00e1gina web, se acepta que la Fundaci\u00f3n no ser\u00e1 responsable de consecuencia, da\u00f1o o perjuicio alguno derivados del uso indebido de la informaci\u00f3n contenida en dicha web, o del acceso indebido a otras materias en Internet a trav\u00e9s de las conexiones con esta p\u00e1gina web.<\/span><\/li>\n<li style=\"font-weight: 400;\" aria-level=\"1\"><b>Por contenidos de terceros<\/b><span style=\"font-weight: 400;\">: La p\u00e1gina web puede contener enlaces de hipertexto redirigidos hacia otras p\u00e1ginas de la world wide web que son completamente independientes de esta p\u00e1gina web oficial. La Fundaci\u00f3n no responder\u00e1 ni garantizar\u00e1, en modo alguno, por la inexactitud, insuficiencia o falta de autenticidad de la informaci\u00f3n suministrada por dichos terceros, ya sea cualquier persona o entidad, f\u00edsica o jur\u00eddica, con o sin personalidad jur\u00eddica propia, a trav\u00e9s de dichos enlaces de hipertexto.<\/span><\/li>\n<li style=\"font-weight: 400;\" aria-level=\"1\"><b>Por fallos tecnol\u00f3gicos ajenos o propios:<\/b><span style=\"font-weight: 400;\"> La Fundaci\u00f3n no ser\u00e1 responsable: (i) de los posibles da\u00f1os o perjuicios que se pudieran derivar de interferencias, omisiones, interrupciones, virus inform\u00e1ticos, aver\u00edas telef\u00f3nicas o desconexiones en el funcionamiento operativo del sistema elegido (red telef\u00f3nica, Internet, etc.), motivadas por causas ajenas a la Fundaci\u00f3n, (ii) de retrasos o bloqueos en el uso del sistema elegido causados por deficiencias o sobrecargas de l\u00edneas telef\u00f3nicas o sobrecargas en el Centro de Proceso de datos de la entidad, en el sistema de internet o en otros sistemas electr\u00f3nicos,\u00a0 (iii) de da\u00f1os que puedan ser causados por terceras personas mediante intromisiones ileg\u00edtimas en el sistema elegido, fuera del control de la Fundaci\u00f3n. Asimismo, se exonera a la Fundaci\u00f3n, de responsabilidad ante cualquier da\u00f1o o perjuicio que pudiera sufrir el usuario como consecuencia de errores, defectos u omisiones en la informaci\u00f3n facilitada por la Fundaci\u00f3n, siempre que proceda de fuentes ajenas al mismo.<\/span><\/li>\n<\/ol>\n<p><b>Propiedad intelectual<\/b><\/p>\n<p><span style=\"font-weight: 400;\">El Copyright del material contenido en esta p\u00e1gina web es propiedad de la Fundaci\u00f3n, salvo aquellos que pertenezcan a sus empresas y entidades colaboradoras con las que exista firmado el correspondiente contrato o convenio. El acceso gratuito a los contenidos generales de esta p\u00e1gina web no implica otros derechos o licencia para su reproducci\u00f3n y\/o distribuci\u00f3n sin la autorizaci\u00f3n expresa de la Fundaci\u00f3n. Las marcas, logotipos, dise\u00f1os, im\u00e1genes, mapas, banners, contenidos, software y sus distintos c\u00f3digos fuente y objeto y dem\u00e1s elementos integradores de esta web est\u00e1n protegidos por las leyes de propiedad industrial e intelectual y tratados internacionales. La reproducci\u00f3n, distribuci\u00f3n, manipulaci\u00f3n o desensamblado no autorizado del c\u00f3digo fuente, de los algoritmos incorporados, o de las bases de datos, ya sea total o parcial, dar\u00e1 lugar a graves penalizaciones tanto civiles como penales y ser\u00e1 objeto de cuantas acciones judiciales correspondan en derecho. En el caso de los dise\u00f1os o gr\u00e1ficos que aparezcan en esta p\u00e1gina web y que sean de titularidad de empresas o entidades colaboradoras de la Fundaci\u00f3n, ser\u00e1n tambi\u00e9n de aplicaci\u00f3n las presentes condiciones y el mismo r\u00e9gimen de protecci\u00f3n, salvo consentimiento expreso y por escrito de tales empresas o entidades.<\/span><\/p>\n<p><b>Lssice: ley de servicios de la sociedad de la informaci\u00f3n y del comercio electr\u00f3nico<\/b><\/p>\n<p><span style=\"font-weight: 400;\">La Fundaci\u00f3n se compromete a cumplir con las obligaciones derivadas de la Ley 34\/2002, de 11 de julio, de Servicios de la Sociedad de la Informaci\u00f3n y del Comercio Electr\u00f3nico. En cumplimiento de lo establecido en el art\u00edculo 10 de la mencionada ley, se le informa que los datos identificativos completos de la Fundaci\u00f3n, se encuentran detallados en el primer apartado de este Aviso legal sobre \u201cIdentificaci\u00f3n de la entidad\u201d.<\/span><\/p>\n<p><span style=\"font-weight: 400;\">Para ponerse en contacto con la Fundaci\u00f3n, la p\u00e1gina web pone a su disposici\u00f3n diferentes canales de contacto.\u00a0<\/span><\/p>\n<p><b>Periodo medio de pago de proveedores<\/b><\/p>\n<p><span style=\"font-weight: 400;\">En relaci\u00f3n con lo previsto en la Disposici\u00f3n Adicional 3\u00aa de la Ley 15\/2010, de 5 de julio, de modificaci\u00f3n de la Ley 3\/2004, de 29 de diciembre, por la que se establecen medidas de lucha contra la morosidad en las operaciones comerciales de las sociedades mercantiles, y conforme el principio de transparencia que rige la actuaci\u00f3n de la Fundaci\u00f3n, se informa que la misma tiene un periodo medio de pago a sus proveedores de 1 d\u00eda, es decir, inferior al plazo m\u00e1ximo legal de pago.<\/span><\/p>\n<p><b>Ley aplicable y jurisdicci\u00f3n<\/b><\/p>\n<p><span style=\"font-weight: 400;\">Para cualquier cuesti\u00f3n litigiosa derivada de la existencia, acceso, utilizaci\u00f3n o contenido de las presentes condiciones generales o del contenido de la p\u00e1gina web, tanto el usuario como la Entidad con renuncia expresa a cualquier otro fuero que pudiera corresponderles, se someter\u00e1n a la jurisdicci\u00f3n y competencia exclusiva de los Juzgados y Tribunales del domicilio del usuario. En el supuesto de que el Usuario tenga su domicilio fuera de Espa\u00f1a, la Entidad y el Usuario, con renuncia expresa a cualquier otro fuero que pudiera corresponderles, se someten a la jurisdicci\u00f3n de los Juzgados y Tribunales del domicilio social de la Entidad.<\/span><\/p>\n","protected":false},"excerpt":{"rendered":"<p>Condiciones generales de uso y pol\u00edtica de privacidad Identificaci\u00f3n de la entidad La informaci\u00f3n contenida en esta p\u00e1gina web oficial hace referencia a Fundaci\u00f3n Occident (en adelante, la Fundaci\u00f3n), con N.I.F G-61.559.076 y domicilio social en la Avenida Alcalde Barnils, 63, 08174 Sant Cugat del Vall\u00e8s (Barcelona), inscrita en el Registro de Fundaciones con el [&hellip;]<\/p>\n","protected":false},"author":7,"featured_media":0,"parent":0,"menu_order":0,"comment_status":"closed","ping_status":"closed","template":"","meta":{"footnotes":""},"class_list":["post-2127","page","type-page","status-publish","hentry"],"_links":{"self":[{"href":"http:\/\/edicion.fundacionoccident.org\/investigacion\/wp-json\/wp\/v2\/pages\/2127","targetHints":{"allow":["GET"]}}],"collection":[{"href":"http:\/\/edicion.fundacionoccident.org\/investigacion\/wp-json\/wp\/v2\/pages"}],"about":[{"href":"http:\/\/edicion.fundacionoccident.org\/investigacion\/wp-json\/wp\/v2\/types\/page"}],"author":[{"embeddable":true,"href":"http:\/\/edicion.fundacionoccident.org\/investigacion\/wp-json\/wp\/v2\/users\/7"}],"replies":[{"embeddable":true,"href":"http:\/\/edicion.fundacionoccident.org\/investigacion\/wp-json\/wp\/v2\/comments?post=2127"}],"version-history":[{"count":3,"href":"http:\/\/edicion.fundacionoccident.org\/investigacion\/wp-json\/wp\/v2\/pages\/2127\/revisions"}],"predecessor-version":[{"id":4815,"href":"http:\/\/edicion.fundacionoccident.org\/investigacion\/wp-json\/wp\/v2\/pages\/2127\/revisions\/4815"}],"wp:attachment":[{"href":"http:\/\/edicion.fundacionoccident.org\/investigacion\/wp-json\/wp\/v2\/media?parent=2127"}],"curies":[{"name":"wp","href":"https:\/\/api.w.org\/{rel}","templated":true}]}}