{"id":2335,"date":"2021-06-07T15:30:50","date_gmt":"2021-06-07T13:30:50","guid":{"rendered":"http:\/\/edicion.fundacionjesusserra.org\/investigacion\/?page_id=2335"},"modified":"2026-03-10T09:07:32","modified_gmt":"2026-03-10T08:07:32","slug":"ganadores","status":"publish","type":"page","link":"http:\/\/edicion.fundacionoccident.org\/investigacion\/ganadores","title":{"rendered":"Ganadores"},"content":{"rendered":"<p>[et_pb_section bb_built=&#8221;1&#8243; admin_label=&#8221;section&#8221; next_background_color=&#8221;#000000&#8243;][et_pb_row background_position=&#8221;top_left&#8221; background_repeat=&#8221;repeat&#8221; background_size=&#8221;initial&#8221;][et_pb_column type=&#8221;3_4&#8243;][et_pb_text use_border_color=&#8221;off&#8221; background_position=&#8221;top_left&#8221; background_repeat=&#8221;repeat&#8221; background_size=&#8221;initial&#8221; _builder_version=&#8221;3.9&#8243;]<\/p>\n<h1>Ganadores de los Premios a la Investigaci\u00f3n Jes\u00fas Serra<\/h1>\n<p>[\/et_pb_text][et_pb_text use_border_color=&#8221;off&#8221; background_position=&#8221;top_left&#8221; background_repeat=&#8221;repeat&#8221; background_size=&#8221;initial&#8221; _builder_version=&#8221;3.9&#8243;]<\/p>\n<h2>Ganadores de la 7.\u00aa edici\u00f3n<\/h2>\n<p>[\/et_pb_text][\/et_pb_column][et_pb_column type=&#8221;1_4&#8243;][et_pb_button _builder_version=&#8221;3.9&#8243; button_text=&#8221;Ver ediciones anteriores&#8221; background_layout=&#8221;dark&#8221; button_url=&#8221;#anteriores_ediciones&#8221; \/][\/et_pb_column][\/et_pb_row][et_pb_row background_position=&#8221;top_left&#8221; background_repeat=&#8221;repeat&#8221; background_size=&#8221;initial&#8221;][et_pb_column type=&#8221;1_4&#8243;][et_pb_image src=&#8221;http:\/\/edicion.fundacionoccident.org\/investigacion\/wp-content\/uploads\/2025\/12\/ana-belen-crujeiras.jpg&#8221; align=&#8221;center&#8221; use_border_color=&#8221;off&#8221; max_width=&#8221;250px&#8221; animation_style=&#8221;fade&#8221; animation_duration=&#8221;500ms&#8221; animation_intensity_slide=&#8221;10%&#8221; _builder_version=&#8221;3.9&#8243; \/][\/et_pb_column][et_pb_column type=&#8221;3_4&#8243;][et_pb_text use_border_color=&#8221;off&#8221; border_color=&#8221;#ffffff&#8221; border_style=&#8221;solid&#8221; background_color=&#8221;rgba(234,234,234,0.49)&#8221; custom_css_main_element=&#8221;padding:40px;&#8221; custom_margin=&#8221;||10px|&#8221; background_position=&#8221;top_left&#8221; background_repeat=&#8221;repeat&#8221; background_size=&#8221;initial&#8221; _builder_version=&#8221;3.9&#8243;]<\/p>\n<h3>Ana Bel\u00e9n Crujeiras<\/h3>\n<p>&nbsp;<\/p>\n<h4>Ganadora categor\u00eda Cl\u00ednica<\/h4>\n<p>&nbsp;<\/p>\n<p><b>Jefa de grupo de investigaci\u00f3n en Epigen\u00f3mica en Endocrinolog\u00eda y Nutrici\u00f3n del Instituto de Investigaciones Sanitarias de Santiago y el Servicio Gallego de Salud (IDIS-SERGAS)<\/b><\/p>\n<p>La obesidad ser\u00e1 la principal causa prevenible de c\u00e1ncer en los pr\u00f3ximos a\u00f1os. En el caso del<br \/>\nc\u00e1ncer de mama, el m\u00e1s com\u00fan entre las mujeres y segunda causa de mortalidad femenina, la<br \/>\nobesidad no solo aumenta el riesgo de desarrollarlo, sino tambi\u00e9n el de reca\u00eddas tras el<br \/>\ntratamiento, dificultando la recuperaci\u00f3n y acelerando el envejecimiento de las supervivientes.<\/p>\n<p>Aunque sabemos que la obesidad empeora el pron\u00f3stico, todav\u00eda no existen estudios cl\u00ednicos<br \/>\nque eval\u00faen si perder peso mejora realmente la eficacia de los tratamientos oncol\u00f3gicos. El<br \/>\nproyecto de Crujeiras busca generar esta evidencia por primera vez. Para ello, estudiar\u00e1n a<br \/>\nmujeres en edad posmenop\u00e1usica con obesidad, con y sin c\u00e1ncer de mama, que seguir\u00e1n una<br \/>\ndieta cetog\u00e9nica baja en calor\u00edas \u2013un patr\u00f3n alimentario muy bajo en carbohidratos, moderado<br \/>\nen prote\u00ednas y en grasas saludables\u2013 o un tratamiento nutricional basado en dieta mediterr\u00e1nea para perder peso, comparando resultados con grupos de mujeres con peso saludable.<\/p>\n<p>Gracias al Premio a la Investigaci\u00f3n Jes\u00fas Serra, este proyecto permitir\u00e1 mejorar los tratamientos oncol\u00f3gicos, incorporando terapias nutricionales en el abordaje cl\u00ednico, avanzar en la medicina personalizada y promover estrategias de prevenci\u00f3n y sostenibilidad para reducir el impacto sanitario y social de la obesidad.<\/p>\n<p>Sobre Ana Bel\u00e9n Crujeiras: Licenciada en Biolog\u00eda por la Universidad de Santiago de Compostela (USC) y Doctora en Fisiolog\u00eda y Alimentaci\u00f3n por la Universidad de Navarra (UNAV), lidera el grupo de Epigen\u00f3mica en Endocrinolog\u00eda y Nutrici\u00f3n en el Instituto de Investigaci\u00f3n Sanitaria de Santiago (IDIS) y en el CIBER de Fisiopatolog\u00eda de la Obesidad y Nutrici\u00f3n (CIBERobn) y es profesora del programa de doctorado de Endocrinolog\u00eda en la Universidad de Santiago de Compostela. Su investigaci\u00f3n se centra en c\u00f3mo la alimentaci\u00f3n y el estado nutricional influyen en la salud a trav\u00e9s de mecanismos epigen\u00e9ticos, con especial inter\u00e9s en la obesidad y sus comorbilidades, entre las que se encuentra el c\u00e1ncer. Editora asociada y miembro de varios comit\u00e9s editoriales, tambi\u00e9n forma parte de la junta directiva de la Sociedad Espa\u00f1ola de Obesidad (SEEDO) y participa en programas de asesoramiento cient\u00edfico e iniciativas de salud p\u00fablica.<\/p>\n<p>[\/et_pb_text][\/et_pb_column][\/et_pb_row][et_pb_row background_position=&#8221;top_left&#8221; background_repeat=&#8221;repeat&#8221; background_size=&#8221;initial&#8221;][et_pb_column type=&#8221;1_4&#8243;][et_pb_image src=&#8221;http:\/\/edicion.fundacionoccident.org\/investigacion\/wp-content\/uploads\/2025\/12\/jordi-mayneris.jpg&#8221; align=&#8221;center&#8221; use_border_color=&#8221;off&#8221; max_width=&#8221;250px&#8221; animation_style=&#8221;fade&#8221; animation_duration=&#8221;500ms&#8221; animation_intensity_slide=&#8221;10%&#8221; _builder_version=&#8221;3.9&#8243; \/][\/et_pb_column][et_pb_column type=&#8221;3_4&#8243;][et_pb_text use_border_color=&#8221;off&#8221; border_color=&#8221;#ffffff&#8221; border_style=&#8221;solid&#8221; background_color=&#8221;rgba(234,234,234,0.49)&#8221; custom_css_main_element=&#8221;padding:40px;&#8221; background_position=&#8221;top_left&#8221; background_repeat=&#8221;repeat&#8221; background_size=&#8221;initial&#8221; _builder_version=&#8221;3.9&#8243;]<\/p>\n<h3>Jordi Mayneris-Perxchas<\/h3>\n<p>&nbsp;<\/p>\n<h4>Ganador categor\u00eda B\u00e1sica<\/h4>\n<p>&nbsp;<\/p>\n<p><b>Jefe de grupo de investigaci\u00f3n en Medicina y Biolog\u00eda Integrativa de Sistemas del Institut d\u2019Investigaci\u00f3 Biom\u00e8dica de Girona (IDIBGI)<\/b><br \/>\nLa obesidad afecta a m\u00e1s de 890 millones de personas. Entre los factores que contribuyen a esta epidemia destaca la adicci\u00f3n a la comida, un trastorno que afecta aproximadamente al 20 % de la poblaci\u00f3n y que se caracteriza por el consumo compulsivo de alimentos muy cal\u00f3ricos, ricos en az\u00facar, grasa o sal. Aunque comparte muchos mecanismos conductuales, cerebrales y neuropsicol\u00f3gicos con las adicciones a sustancias, hoy en d\u00eda no existen tratamientos eficaces para abordarla.<br \/>\nLa microbiota intestinal parece desempe\u00f1ar un papel clave en la regulaci\u00f3n del apetito, pero su relaci\u00f3n con la adicci\u00f3n a la comida a\u00fan se conoce poco. El proyecto de Jordi Mayneris Perxachs investiga c\u00f3mo una bacteria intestinal com\u00fan \u2014que adem\u00e1s act\u00faa como probi\u00f3tico natural\u2014 y los compuestos que produce podr\u00edan prevenir o tratar esta adicci\u00f3n. Para ello combina estudios en humanos y en modelos animales para entender c\u00f3mo la microbiota influye en el cerebro y en las conductas compulsivas. Con el Premio a la Investigaci\u00f3n Jes\u00fas Serra, el objetivo es identificar los mecanismos clave que vinculan microbiota y adicci\u00f3n a la comida y abrir la puerta a nuevas intervenciones naturales que ayuden a prevenir y tratar este trastorno, ofreciendo un enfoque innovador frente a la obesidad y sus consecuencias para la salud.<br \/>\nSobre Jordi Mayneris-Perxachs: Doctor en Qu\u00edmica Computacional por la Universidad de<br \/>\nBarcelona (UB), se especializ\u00f3 en Biolog\u00eda de Sistemas y Ciencias \u00d3micas en estancias<br \/>\npostdoctorales en las Universidades de Reading e Imperial College London. Tras liderar proyectos en EURECAT sobre polifenoles y salud metab\u00f3lica, en 2019 se incorpor\u00f3 al Institut d\u2019Investigaci\u00f3 Biom\u00e8dica de Girona (IDIBGI), centrando su investigaci\u00f3n en la comunicaci\u00f3n microbiota-cerebro en obesidad, funci\u00f3n cognitiva y depresi\u00f3n. Desde 2024, lidera el grupo de Medicina y Biolog\u00eda de Sistemas Integrativos en IDIBGI, donde explora las conexiones entre microbioma, adicci\u00f3n alimentaria, cognici\u00f3n, y salud mental y metab\u00f3lica, contando con publicaciones de alto impacto, seis patentes y reconocimiento nacional e internacional. Desde 2021 tambi\u00e9n forma parte del CIBER de las \u00e1reas Fisiopatolog\u00eda de la Obesidad y Nutrici\u00f3n (CIBEROBN).<\/p>\n<p>[\/et_pb_text][\/et_pb_column][\/et_pb_row][\/et_pb_section][et_pb_section bb_built=&#8221;1&#8243; specialty=&#8221;off&#8221; prev_background_color=&#8221;#000000&#8243; _builder_version=&#8221;3.9&#8243; custom_margin=&#8221;0px|||&#8221; custom_padding=&#8221;0px|||&#8221; module_id=&#8221;anteriores_ediciones&#8221;][et_pb_row _builder_version=&#8221;3.9&#8243; custom_margin=&#8221;0px|||&#8221; custom_padding=&#8221;0px|||&#8221;][et_pb_column type=&#8221;4_4&#8243;][et_pb_code _builder_version=&#8221;3.9&#8243;]<div id=\"accordions-&#x27;2331&#x27;\" class=\"accordions-&#x27;2331&#x27; accordions\" data-accordions={&quot;lazyLoad&quot;:false,&quot;id&quot;:&quot;&#x27;2331&#x27;&quot;,&quot;event&quot;:&quot;click&quot;,&quot;collapsible&quot;:&quot;true&quot;,&quot;heightStyle&quot;:false,&quot;animateStyle&quot;:&quot;swing&quot;,&quot;animateDelay&quot;:1000,&quot;navigation&quot;:true,&quot;active&quot;:999,&quot;expandedOther&quot;:&quot;no&quot;}>\r\n                <div class=\"items\" >\r\n    <p>Content missing<\/p>\r\n<\/div>\r\n\r\n\r\n\r\n            <\/div>[\/et_pb_code][\/et_pb_column][\/et_pb_row][\/et_pb_section]<\/p>\n","protected":false},"excerpt":{"rendered":"<p>[et_pb_section bb_built=&#8221;1&#8243; admin_label=&#8221;section&#8221; next_background_color=&#8221;#000000&#8243;][et_pb_row background_position=&#8221;top_left&#8221; background_repeat=&#8221;repeat&#8221; background_size=&#8221;initial&#8221;][et_pb_column type=&#8221;3_4&#8243;][et_pb_text use_border_color=&#8221;off&#8221; background_position=&#8221;top_left&#8221; background_repeat=&#8221;repeat&#8221; background_size=&#8221;initial&#8221; _builder_version=&#8221;3.9&#8243;] Ganadores de los Premios a la Investigaci\u00f3n Jes\u00fas Serra [\/et_pb_text][et_pb_text use_border_color=&#8221;off&#8221; background_position=&#8221;top_left&#8221; background_repeat=&#8221;repeat&#8221; background_size=&#8221;initial&#8221; _builder_version=&#8221;3.9&#8243;] Ganadores de la 7.\u00aa edici\u00f3n [\/et_pb_text][\/et_pb_column][et_pb_column type=&#8221;1_4&#8243;][et_pb_button _builder_version=&#8221;3.9&#8243; button_text=&#8221;Ver ediciones anteriores&#8221; background_layout=&#8221;dark&#8221; button_url=&#8221;#anteriores_ediciones&#8221; \/][\/et_pb_column][\/et_pb_row][et_pb_row background_position=&#8221;top_left&#8221; background_repeat=&#8221;repeat&#8221; background_size=&#8221;initial&#8221;][et_pb_column type=&#8221;1_4&#8243;][et_pb_image src=&#8221;http:\/\/edicion.fundacionoccident.org\/investigacion\/wp-content\/uploads\/2025\/12\/ana-belen-crujeiras.jpg&#8221; align=&#8221;center&#8221; use_border_color=&#8221;off&#8221; max_width=&#8221;250px&#8221; animation_style=&#8221;fade&#8221; animation_duration=&#8221;500ms&#8221; animation_intensity_slide=&#8221;10%&#8221; _builder_version=&#8221;3.9&#8243; \/][\/et_pb_column][et_pb_column [&hellip;]<\/p>\n","protected":false},"author":10,"featured_media":0,"parent":0,"menu_order":0,"comment_status":"closed","ping_status":"closed","template":"","meta":{"footnotes":""},"class_list":["post-2335","page","type-page","status-publish","hentry"],"_links":{"self":[{"href":"http:\/\/edicion.fundacionoccident.org\/investigacion\/wp-json\/wp\/v2\/pages\/2335","targetHints":{"allow":["GET"]}}],"collection":[{"href":"http:\/\/edicion.fundacionoccident.org\/investigacion\/wp-json\/wp\/v2\/pages"}],"about":[{"href":"http:\/\/edicion.fundacionoccident.org\/investigacion\/wp-json\/wp\/v2\/types\/page"}],"author":[{"embeddable":true,"href":"http:\/\/edicion.fundacionoccident.org\/investigacion\/wp-json\/wp\/v2\/users\/10"}],"replies":[{"embeddable":true,"href":"http:\/\/edicion.fundacionoccident.org\/investigacion\/wp-json\/wp\/v2\/comments?post=2335"}],"version-history":[{"count":36,"href":"http:\/\/edicion.fundacionoccident.org\/investigacion\/wp-json\/wp\/v2\/pages\/2335\/revisions"}],"predecessor-version":[{"id":5740,"href":"http:\/\/edicion.fundacionoccident.org\/investigacion\/wp-json\/wp\/v2\/pages\/2335\/revisions\/5740"}],"wp:attachment":[{"href":"http:\/\/edicion.fundacionoccident.org\/investigacion\/wp-json\/wp\/v2\/media?parent=2335"}],"curies":[{"name":"wp","href":"https:\/\/api.w.org\/{rel}","templated":true}]}}