{"id":295,"date":"2016-10-22T10:43:44","date_gmt":"2016-10-22T10:43:44","guid":{"rendered":""},"modified":"2026-03-10T08:51:19","modified_gmt":"2026-03-10T07:51:19","slug":"bases","status":"publish","type":"page","link":"http:\/\/edicion.fundacionoccident.org\/investigacion\/bases","title":{"rendered":"Bases"},"content":{"rendered":"<p>[et_pb_section bb_built=&#8221;1&#8243; fullwidth=&#8221;off&#8221; specialty=&#8221;off&#8221; _builder_version=&#8221;3.9&#8243; next_background_color=&#8221;#000000&#8243;][et_pb_row _builder_version=&#8221;3.9&#8243;][et_pb_column type=&#8221;4_4&#8243;][et_pb_text _builder_version=&#8221;3.9&#8243;]<\/p>\n<h1 style=\"line-height: 36px;\">Bases Premios a la Investigaci\u00f3n Jes\u00fas Serra<\/h1>\n<h1 style=\"line-height: 36px;\"><span style=\"color: #e4003a;\">8.\u00aa edici\u00f3n<\/span><\/h1>\n<p>Los Premios a la Investigaci\u00f3n Jes\u00fas Serra reconocen la trayectoria de excelencia y contribuciones excepcionales a la investigaci\u00f3n en alimentaci\u00f3n, nutrici\u00f3n y salud de cient\u00edficos j\u00f3venes que trabajan en Espa\u00f1a.<\/p>\n<hr \/>\n<h2 style=\"text-align: left; font-size: 19px;\"><span style=\"color: #e4003a;\">Dos categor\u00edas premian la trayectoria y el proyecto de los investigadores:<\/span><\/h2>\n<p style=\"text-align: left;\"><strong>1. Investigaci\u00f3n b\u00e1sica<\/strong><br \/>\n<strong> 2. Investigaci\u00f3n cl\u00ednica<\/strong><\/p>\n<hr \/>\n<p>[\/et_pb_text][et_pb_text _builder_version=&#8221;3.9&#8243;]<\/p>\n<p>Las investigaciones consideradas pueden realizarse en cualquiera de los siguientes campos de actividad:<\/p>\n<ul>\n<li style=\"list-style-type: none;\">\u2022 Nutrici\u00f3n cl\u00ednica<\/li>\n<li style=\"list-style-type: none;\">\u2022 Metabolismo<\/li>\n<li style=\"list-style-type: none;\">\u2022 Epidemiolog\u00eda<\/li>\n<li style=\"list-style-type: none;\">\u2022 Gen\u00e9tica y biolog\u00eda molecular<\/li>\n<li style=\"list-style-type: none;\">\u2022 Ciencia y tecnolog\u00eda de los alimentos<\/li>\n<li style=\"list-style-type: none;\">\u2022 Y, en general, investigaciones biom\u00e9dicas con intersecci\u00f3n con la nutrici\u00f3n.<\/li>\n<\/ul>\n<p>Tienen una dotaci\u00f3n econ\u00f3mica total de 100.000\u20ac brutos, que se reparten entre las dos categor\u00edas, b\u00e1sica y cl\u00ednica, con 50.000\u20ac para cada una.<\/p>\n<p>Dirigido a investigadores que no hayan cumplido 46 a\u00f1os el d\u00eda de cierre de esta convocatoria, el 28 de abril de 2026. Se podr\u00e1n superar los 46 a\u00f1os de edad si el candidato ha interrumpido su carrera temporalmente a consecuencia del nacimiento o adopci\u00f3n de hijos.<\/p>\n<p>Los candidatos deber\u00e1n estar avalados por sus jefes de proyecto o personas relevantes vinculadas a universidades, hospitales o centros de investigaci\u00f3n en Espa\u00f1a.<\/p>\n<p>La cumplimentaci\u00f3n y presentaci\u00f3n de las candidaturas deber\u00e1 realizarse en espa\u00f1ol o en ingl\u00e9s y obligatoriamente a trav\u00e9s de la web <b><a href=\"\/investigacion\">www.fundacionoccident.org\/premios-investigacion<\/a><\/b>.<\/p>\n<p>El plazo para la cumplimentaci\u00f3n y presentaci\u00f3n de las candidaturas deber\u00e1 realizarse entre <span style=\"font-weight: 400;\"> el 10 de marzo hasta el 28 de abril del 2026 a las 14h CET, ambos inclusive.<\/span><\/p>\n<p><a href=\"\/investigacion\/jurado\">El jurado<\/a> est\u00e1 formado por profesionales de reconocido prestigio del \u00e1mbito de la medicina y la biolog\u00eda de los principales centros de investigaci\u00f3n nacionales e internacionales.<\/p>\n<p>[\/et_pb_text][et_pb_button _builder_version=&#8221;3.9&#8243; button_text=&#8221;Bases&#8221; button_url=&#8221;http:\/\/edicion.fundacionoccident.org\/investigacion\/wp-content\/uploads\/2026\/03\/bases-premios-investigacion-8-edicion-esp.pdf&#8221; url_new_window=&#8221;on&#8221; button_alignment=&#8221;center&#8221; background_layout=&#8221;dark&#8221; \/][\/et_pb_column][\/et_pb_row][\/et_pb_section][et_pb_section bb_built=&#8221;1&#8243; admin_label=&#8221;section&#8221; width_unit=&#8221;off&#8221; specialty=&#8221;off&#8221; disabled=&#8221;on&#8221; custom_padding_tablet=&#8221;50px|0|50px|0&#8243; custom_padding_last_edited=&#8221;on|desktop&#8221; _builder_version=&#8221;3.9&#8243; disabled_on=&#8221;on|on|on&#8221; prev_background_color=&#8221;#000000&#8243;][et_pb_row admin_label=&#8221;row&#8221; make_fullwidth=&#8221;off&#8221; use_custom_width=&#8221;off&#8221; width_unit=&#8221;off&#8221; custom_width_px=&#8221;1080px&#8221; custom_width_percent=&#8221;80%&#8221; use_custom_gutter=&#8221;off&#8221; gutter_width=&#8221;3&#8243; padding_mobile=&#8221;off&#8221; allow_player_pause=&#8221;off&#8221; parallax=&#8221;off&#8221; parallax_method=&#8221;on&#8221; make_equal=&#8221;off&#8221; column_padding_mobile=&#8221;on&#8221; parallax_1=&#8221;off&#8221; parallax_method_1=&#8221;on&#8221; parallax_2=&#8221;off&#8221; parallax_method_2=&#8221;on&#8221; parallax_3=&#8221;off&#8221; parallax_method_3=&#8221;on&#8221; parallax_4=&#8221;off&#8221; parallax_method_4=&#8221;on&#8221; disabled=&#8221;off&#8221; background_position=&#8221;top_left&#8221; background_repeat=&#8221;repeat&#8221; background_size=&#8221;initial&#8221;][et_pb_column type=&#8221;1_2&#8243;][et_pb_text use_border_color=&#8221;off&#8221; custom_css_main_element=&#8221;li {margin-bottom: 20px;}&#8221; disabled=&#8221;off&#8221; background_position=&#8221;top_left&#8221; background_repeat=&#8221;repeat&#8221; background_size=&#8221;initial&#8221; _builder_version=&#8221;3.9&#8243;]<\/p>\n<h1 style=\"line-height: 36px;\">Bases Premios a la Investigaci\u00f3n<br \/>\nJes\u00fas Serra<span style=\"color: #e4003a;\"><br \/>\n7.\u00aa edici\u00f3n<\/span><\/h1>\n<p>Los Premios a la Investigaci\u00f3n Jes\u00fas Serra reconocen la trayectoria de excelencia y contribuciones excepcionales a la investigaci\u00f3n en alimentaci\u00f3n, nutrici\u00f3n y salud de cient\u00edficos j\u00f3venes que trabajan en Espa\u00f1a.<\/p>\n<hr \/>\n<p><img loading=\"lazy\" decoding=\"async\" class=\"wp-image-985 alignleft\" src=\"http:\/\/edicion.fundacionjesusserra.org\/investigacion\/wp-content\/uploads\/2017\/03\/logo-corredor-300x300.jpg\" alt=\"\" width=\"165\" height=\"165\" srcset=\"http:\/\/edicion.fundacionoccident.org\/investigacion\/wp-content\/uploads\/2017\/03\/logo-corredor-300x300.jpg 300w, http:\/\/edicion.fundacionoccident.org\/investigacion\/wp-content\/uploads\/2017\/03\/logo-corredor-150x150.jpg 150w, http:\/\/edicion.fundacionoccident.org\/investigacion\/wp-content\/uploads\/2017\/03\/logo-corredor.jpg 512w\" sizes=\"auto, (max-width: 165px) 100vw, 165px\" \/><\/p>\n<h2 style=\"text-align: left;\"><span style=\"color: #e4003a;\">Dos categor\u00edas premian la trayectoria y el proyecto de los investigadores:<\/span><\/h2>\n<p style=\"text-align: left;\"><strong>1. Investigaci\u00f3n b\u00e1sica<\/strong><br \/>\n<strong> 2. Investigaci\u00f3n cl\u00ednica<\/strong><\/p>\n<p>&nbsp;<\/p>\n<hr \/>\n<p>Las investigaciones consideradas pueden realizarse en cualquiera de los siguientes campos de actividad:<\/p>\n<ul>\n<li style=\"list-style-type: none;\">\u2022 Nutrici\u00f3n cl\u00ednica<\/li>\n<li style=\"list-style-type: none;\">\u2022 Metabolismo<\/li>\n<li style=\"list-style-type: none;\">\u2022 Epidemiolog\u00eda<\/li>\n<li style=\"list-style-type: none;\">\u2022 Gen\u00e9tica y biolog\u00eda molecular<\/li>\n<li style=\"list-style-type: none;\">\u2022 Ciencia y tecnolog\u00eda de los alimentos<\/li>\n<li style=\"list-style-type: none;\">\u2022 Y, en general, investigaciones biom\u00e9dicas con intersecci\u00f3n con la nutrici\u00f3n.<\/li>\n<\/ul>\n<p>[\/et_pb_text][\/et_pb_column][et_pb_column type=&#8221;1_2&#8243;][et_pb_text use_border_color=&#8221;off&#8221; border_style=&#8221;solid&#8221; custom_css_main_element=&#8221;li {margin-bottom: 20px;}&#8221; disabled=&#8221;off&#8221; border_color=&#8221;#ffffff&#8221; background_position=&#8221;top_left&#8221; background_repeat=&#8221;repeat&#8221; background_size=&#8221;initial&#8221; _builder_version=&#8221;3.9&#8243;]<\/p>\n<p>\u2022 Tienen una dotaci\u00f3n econ\u00f3mica total de 100.000\u20ac brutos, que se reparten entre las dos categor\u00edas, b\u00e1sica y cl\u00ednica, con 50.000\u20ac para cada una.<\/p>\n<p>\u2022 Dirigido a investigadores que no hayan cumplido 46 a\u00f1os el d\u00eda de cierre de esta convocatoria, el 20 de junio de 2025.\u00a0 Se podr\u00e1n superar los 46 a\u00f1os de edad si el candidato ha interrumpido su carrera temporalmente a consecuencia del nacimiento o adopci\u00f3n de hijos.<\/p>\n<p>\u2022 Los candidatos deber\u00e1n ser propuestos por sus jefes de proyecto o personas relevantes vinculadas a universidades, hospitales o centros de investigaci\u00f3n en Espa\u00f1a.<\/p>\n<p>\u2022 La cumplimentaci\u00f3n y presentaci\u00f3n de las candidaturas deber\u00e1 realizarse en espa\u00f1ol o en ingl\u00e9s y obligatoriamente a trav\u00e9s de la web <a href=\"\/investigacion\">www.fundacionoccident.org\/premios-investigacion<\/a>.<\/p>\n<p>\u2022 El plazo para la cumplimentaci\u00f3n y presentaci\u00f3n de las candidaturas deber\u00e1 realizarse entre <span style=\"font-weight: 400;\">el 29 de abril hasta el 20 de junio de 2025 a las 14h CET, ambos inclusive.<\/span><\/p>\n<p><a href=\"\/investigacion\/jurado\">\u2022 El jurado<\/a> est\u00e1 formado por profesionales de reconocido prestigio del \u00e1mbito de la medicina y la biolog\u00eda de los principales centros de investigaci\u00f3n nacionales e internacionales.<\/p>\n<p>[\/et_pb_text][et_pb_button button_url=&#8221;\/investigacion\/wp-content\/uploads\/2022\/01\/BASES_PremiosFJS2022-DEF.-CAST-11.01.pdf&#8221; button_text=&#8221;Bases&#8221; button_alignment=&#8221;left&#8221; background_layout=&#8221;dark&#8221; disabled=&#8221;off&#8221; _builder_version=&#8221;3.9&#8243; url_new_window=&#8221;on&#8221; \/][\/et_pb_column][\/et_pb_row][\/et_pb_section]<\/p>\n","protected":false},"excerpt":{"rendered":"<p>[et_pb_section bb_built=&#8221;1&#8243; fullwidth=&#8221;off&#8221; specialty=&#8221;off&#8221; _builder_version=&#8221;3.9&#8243; next_background_color=&#8221;#000000&#8243;][et_pb_row _builder_version=&#8221;3.9&#8243;][et_pb_column type=&#8221;4_4&#8243;][et_pb_text _builder_version=&#8221;3.9&#8243;] Bases Premios a la Investigaci\u00f3n Jes\u00fas Serra 8.\u00aa edici\u00f3n Los Premios a la Investigaci\u00f3n Jes\u00fas Serra reconocen la trayectoria de excelencia y contribuciones excepcionales a la investigaci\u00f3n en alimentaci\u00f3n, nutrici\u00f3n y salud de cient\u00edficos j\u00f3venes que trabajan en Espa\u00f1a. Dos categor\u00edas premian la trayectoria y el [&hellip;]<\/p>\n","protected":false},"author":7,"featured_media":0,"parent":0,"menu_order":0,"comment_status":"closed","ping_status":"closed","template":"","meta":{"footnotes":""},"class_list":["post-295","page","type-page","status-publish","hentry"],"_links":{"self":[{"href":"http:\/\/edicion.fundacionoccident.org\/investigacion\/wp-json\/wp\/v2\/pages\/295","targetHints":{"allow":["GET"]}}],"collection":[{"href":"http:\/\/edicion.fundacionoccident.org\/investigacion\/wp-json\/wp\/v2\/pages"}],"about":[{"href":"http:\/\/edicion.fundacionoccident.org\/investigacion\/wp-json\/wp\/v2\/types\/page"}],"author":[{"embeddable":true,"href":"http:\/\/edicion.fundacionoccident.org\/investigacion\/wp-json\/wp\/v2\/users\/7"}],"replies":[{"embeddable":true,"href":"http:\/\/edicion.fundacionoccident.org\/investigacion\/wp-json\/wp\/v2\/comments?post=295"}],"version-history":[{"count":70,"href":"http:\/\/edicion.fundacionoccident.org\/investigacion\/wp-json\/wp\/v2\/pages\/295\/revisions"}],"predecessor-version":[{"id":5727,"href":"http:\/\/edicion.fundacionoccident.org\/investigacion\/wp-json\/wp\/v2\/pages\/295\/revisions\/5727"}],"wp:attachment":[{"href":"http:\/\/edicion.fundacionoccident.org\/investigacion\/wp-json\/wp\/v2\/media?parent=295"}],"curies":[{"name":"wp","href":"https:\/\/api.w.org\/{rel}","templated":true}]}}