{"id":4560,"date":"2023-10-18T14:21:50","date_gmt":"2023-10-18T12:21:50","guid":{"rendered":"https:\/\/edicion.fundacionjesusserra.org\/investigacion\/?page_id=4560"},"modified":"2025-07-03T09:00:38","modified_gmt":"2025-07-03T07:00:38","slug":"asistencia-cerrada","status":"publish","type":"page","link":"http:\/\/edicion.fundacionoccident.org\/investigacion\/asistencia-cerrada","title":{"rendered":"Asistencia cerrada"},"content":{"rendered":"<p>[et_pb_section bb_built=&#8221;1&#8243;][et_pb_row][et_pb_column type=&#8221;4_4&#8243;][et_pb_code _builder_version=&#8221;3.9&#8243;]&lt;p&gt;&lt;span style=&quot;color: #000000; font-size: 19px&quot;&gt;Te comunicamos que ha finalizado el plazo de presentaci\u00f3n de candidaturas a los Premios a la Investigaci\u00f3n Jes\u00fas Serra.&lt;\/span&gt;&lt;\/p&gt;[\/et_pb_code][\/et_pb_column][\/et_pb_row][\/et_pb_section]<\/p>\n","protected":false},"excerpt":{"rendered":"<p>[et_pb_section bb_built=&#8221;1&#8243;][et_pb_row][et_pb_column type=&#8221;4_4&#8243;][et_pb_code _builder_version=&#8221;3.9&#8243;]&lt;p&gt;&lt;span style=&quot;color: #000000; font-size: 19px&quot;&gt;Te comunicamos que ha finalizado el plazo de presentaci\u00f3n de candidaturas a los Premios a la Investigaci\u00f3n Jes\u00fas Serra.&lt;\/span&gt;&lt;\/p&gt;[\/et_pb_code][\/et_pb_column][\/et_pb_row][\/et_pb_section]<\/p>\n","protected":false},"author":15,"featured_media":0,"parent":0,"menu_order":0,"comment_status":"closed","ping_status":"closed","template":"","meta":{"footnotes":""},"class_list":["post-4560","page","type-page","status-publish","hentry"],"_links":{"self":[{"href":"http:\/\/edicion.fundacionoccident.org\/investigacion\/wp-json\/wp\/v2\/pages\/4560","targetHints":{"allow":["GET"]}}],"collection":[{"href":"http:\/\/edicion.fundacionoccident.org\/investigacion\/wp-json\/wp\/v2\/pages"}],"about":[{"href":"http:\/\/edicion.fundacionoccident.org\/investigacion\/wp-json\/wp\/v2\/types\/page"}],"author":[{"embeddable":true,"href":"http:\/\/edicion.fundacionoccident.org\/investigacion\/wp-json\/wp\/v2\/users\/15"}],"replies":[{"embeddable":true,"href":"http:\/\/edicion.fundacionoccident.org\/investigacion\/wp-json\/wp\/v2\/comments?post=4560"}],"version-history":[{"count":10,"href":"http:\/\/edicion.fundacionoccident.org\/investigacion\/wp-json\/wp\/v2\/pages\/4560\/revisions"}],"predecessor-version":[{"id":5535,"href":"http:\/\/edicion.fundacionoccident.org\/investigacion\/wp-json\/wp\/v2\/pages\/4560\/revisions\/5535"}],"wp:attachment":[{"href":"http:\/\/edicion.fundacionoccident.org\/investigacion\/wp-json\/wp\/v2\/media?parent=4560"}],"curies":[{"name":"wp","href":"https:\/\/api.w.org\/{rel}","templated":true}]}}