{"id":5340,"date":"2025-04-29T16:03:00","date_gmt":"2025-04-29T14:03:00","guid":{"rendered":"https:\/\/edicion.fundacionoccident.org\/investigacion\/?page_id=5340"},"modified":"2026-03-10T08:55:08","modified_gmt":"2026-03-10T07:55:08","slug":"bases-accesit","status":"publish","type":"page","link":"http:\/\/edicion.fundacionoccident.org\/investigacion\/bases-accesit","title":{"rendered":"Bases Premio Especial"},"content":{"rendered":"<p>[et_pb_section bb_built=&#8221;1&#8243;][et_pb_row][et_pb_column type=&#8221;4_4&#8243;][et_pb_text _builder_version=&#8221;3.9&#8243;]<\/p>\n<h1 style=\"line-height: 36px;\">Bases Premio Especial de Comunicaci\u00f3n Cient\u00edfica Federico Halpern<\/h1>\n<h1 style=\"line-height: 36px;\"><span style=\"color: #e4003a;\">2.\u00aa edici\u00f3n<\/span><\/h1>\n<p>Por segundo a\u00f1o consecutivo, se convoca el Premio Especial de Comunicaci\u00f3n Cient\u00edfica Federico Halpern, integrados en los Premios a la Investigaci\u00f3n Jes\u00fas Serra, con el objetivo de reconocer y poner en valor la labor de periodistas, comunicadores, investigadores y creadores de contenido que destacan por su compromiso con la informaci\u00f3n y comunicaci\u00f3n sobre alimentaci\u00f3n, nutrici\u00f3n y salud basada en evidencia cient\u00edficas.Se premiar\u00e1n a personas con una trayectoria en esta tem\u00e1tica, aunque este no sea necesariamente el \u00fanico foco de su actividad profesional.<\/p>\n<hr>\n<h2 style=\"text-align: left; font-size: 19px;\"><span style=\"color: #e4003a;\">Dos categor\u00edas:<\/span><\/h2>\n<p style=\"text-align: left;\"><strong>1. Medios tradicionales:<\/strong> dirigido a periodistas, secciones o canales de comunicaci\u00f3n en peri\u00f3dicos, revistas, radio o televisi\u00f3n, tengan estos o no plataforma digital.<br \/>\n<strong>2. Nuevos formatos:<\/strong> dirigido a creadores de contenido o canales en formatos nativamente digitales, como blogs, redes sociales o p\u00f3dcast.<\/p>\n<hr>\n<p>[\/et_pb_text][et_pb_text _builder_version=&#8221;3.9&#8243;]<\/p>\n<h2>Nominaci\u00f3n de candidaturas<\/h2>\n<p>[\/et_pb_text][et_pb_text _builder_version=&#8221;3.9&#8243;]<\/p>\n<p>Los candidatos a estos galardones deber\u00e1n ser nominados por otros periodistas, comunicadores, investigadores y creadores de contenido, y los premiados ser\u00e1n seleccionados por un jurado compuesto por personas referentes en el sector cient\u00edfico y la comunicaci\u00f3n cient\u00edfica. Pueden presentar una nominaci\u00f3n cualquier persona que se encuentre en alguna de las siguientes situaciones profesionales:<\/p>\n<ul>\n<li>Investigadores que trabajen en universidades, hospitales y\/o centros de investigaci\u00f3n espa\u00f1oles.<\/li>\n<li>Periodistas con relaci\u00f3n contractual o colaboraci\u00f3n freelance con un medio de comunicaci\u00f3n espa\u00f1ol.<\/li>\n<li>Profesionales de los equipos de comunicaci\u00f3n en universidades, hospitales y centros de investigaci\u00f3n espa\u00f1oles.<\/li>\n<li>Socios de la Asociaci\u00f3n Espa\u00f1ola de Comunicaci\u00f3n Cient\u00edfica (AEC2) y de la Asociaci\u00f3n Nacional de Informadores de la Salud (ANIS).<\/li>\n<li>Socios de otras asociaciones de comunicaci\u00f3n cient\u00edfica en Espa\u00f1a.<\/li>\n<\/ul>\n<p>La 2.\u00aa edici\u00f3n del Premio Especial de Comunicaci\u00f3n Cient\u00edfica Federico Halpern est\u00e1 abierta a nominaciones desde el 10 de marzo hasta el 28 de abril a las 14h CET (2026), ambos inclusive. El envio de nominaciones debe realizarse a trav\u00e9s del <a href=\"https:\/\/docs.google.com\/forms\/d\/e\/1FAIpQLSeHfHtUdxCNN0UhsLlIRkRKaiCVtHQhtlHc-GiA3rQp-czBzg\/viewform\" target=\"_blank\" rel=\"noopener\"><strong>siguiente formulario<\/strong><\/a>.<\/p>\n<p>Los premios ser\u00e1n decididos por un jurado compuesto por cinco profesionales con amplia trayectoria en los campos de la investigaci\u00f3n y la comunicaci\u00f3n cient\u00edfica y de la salud.<\/p>\n<p>[\/et_pb_text][et_pb_button _builder_version=&#8221;3.9&#8243; button_text=&#8221;Bases Premio Especial&#8221; button_url=&#8221;http:\/\/edicion.fundacionoccident.org\/investigacion\/wp-content\/uploads\/2026\/03\/bases-premio-especial-comunicacion-esp.pdf&#8221; button_alignment=&#8221;center&#8221; background_layout=&#8221;dark&#8221; url_new_window=&#8221;on&#8221; \/][\/et_pb_column][\/et_pb_row][\/et_pb_section]<\/p>\n","protected":false},"excerpt":{"rendered":"<p>[et_pb_section bb_built=&#8221;1&#8243;][et_pb_row][et_pb_column type=&#8221;4_4&#8243;][et_pb_text _builder_version=&#8221;3.9&#8243;] Bases Premio Especial de Comunicaci\u00f3n Cient\u00edfica Federico Halpern 2.\u00aa edici\u00f3n Por segundo a\u00f1o consecutivo, se convoca el Premio Especial de Comunicaci\u00f3n Cient\u00edfica Federico Halpern, integrados en los Premios a la Investigaci\u00f3n Jes\u00fas Serra, con el objetivo de reconocer y poner en valor la labor de periodistas, comunicadores, investigadores y creadores de [&hellip;]<\/p>\n","protected":false},"author":15,"featured_media":0,"parent":0,"menu_order":0,"comment_status":"closed","ping_status":"closed","template":"","meta":{"footnotes":""},"class_list":["post-5340","page","type-page","status-publish","hentry"],"_links":{"self":[{"href":"http:\/\/edicion.fundacionoccident.org\/investigacion\/wp-json\/wp\/v2\/pages\/5340","targetHints":{"allow":["GET"]}}],"collection":[{"href":"http:\/\/edicion.fundacionoccident.org\/investigacion\/wp-json\/wp\/v2\/pages"}],"about":[{"href":"http:\/\/edicion.fundacionoccident.org\/investigacion\/wp-json\/wp\/v2\/types\/page"}],"author":[{"embeddable":true,"href":"http:\/\/edicion.fundacionoccident.org\/investigacion\/wp-json\/wp\/v2\/users\/15"}],"replies":[{"embeddable":true,"href":"http:\/\/edicion.fundacionoccident.org\/investigacion\/wp-json\/wp\/v2\/comments?post=5340"}],"version-history":[{"count":6,"href":"http:\/\/edicion.fundacionoccident.org\/investigacion\/wp-json\/wp\/v2\/pages\/5340\/revisions"}],"predecessor-version":[{"id":5730,"href":"http:\/\/edicion.fundacionoccident.org\/investigacion\/wp-json\/wp\/v2\/pages\/5340\/revisions\/5730"}],"wp:attachment":[{"href":"http:\/\/edicion.fundacionoccident.org\/investigacion\/wp-json\/wp\/v2\/media?parent=5340"}],"curies":[{"name":"wp","href":"https:\/\/api.w.org\/{rel}","templated":true}]}}