{"id":5345,"date":"2025-04-29T16:14:44","date_gmt":"2025-04-29T14:14:44","guid":{"rendered":"https:\/\/edicion.fundacionoccident.org\/investigacion\/?page_id=5345"},"modified":"2026-03-16T10:55:56","modified_gmt":"2026-03-16T09:55:56","slug":"jurado-accesit","status":"publish","type":"page","link":"http:\/\/edicion.fundacionoccident.org\/investigacion\/jurado-accesit","title":{"rendered":"Jurado Premio Especial"},"content":{"rendered":"<p>[et_pb_section bb_built=&#8221;1&#8243;][et_pb_row][et_pb_column type=&#8221;4_4&#8243;][et_pb_text _builder_version=&#8221;3.9&#8243;]<\/p>\n<h1>Jurado del Premio Especial de Comunicaci\u00f3n Cient\u00edfica Federico Halpern<\/h1>\n<p>[\/et_pb_text][\/et_pb_column][\/et_pb_row][et_pb_row][et_pb_column type=&#8221;1_2&#8243;][et_pb_image _builder_version=&#8221;3.9&#8243; src=&#8221;\/investigacion\/wp-content\/uploads\/2025\/04\/Fotos-BN_Teresa.jpg&#8221; \/][et_pb_text _builder_version=&#8221;3.9&#8243;]<\/p>\n<h2>Teresa Arnandis<\/h2>\n<p>Cient\u00edfica y divulgadora con amplia experiencia en investigaci\u00f3n biom\u00e9dica, docencia universitaria y divulgaci\u00f3n cient\u00edfica<\/p>\n<p>Doctora en Bioqu\u00edmica y Biomedicina Cum Laude por la Universidad de Valencia. Es tambi\u00e9n Licenciada en Farmacia y diplomada en \u00d3ptica y Optometr\u00eda, ambas con Premio Extraordinario. Tambi\u00e9n posee dos m\u00e1steres: uno en Investigaci\u00f3n Biom\u00e9dica y uno en Nutrici\u00f3n y Salud, y ha trabajado como investigadora en instituciones de prestigio internacional como el \u201cLaboratorio Nacional de Biotecnolog\u00eda\u201d y el \u201cBarts Cancer Institute\u201d de Londres. Ha recibido diversos premios por su excelencia acad\u00e9mica y su capacidad comunicativa y tambi\u00e9n ha sido incluida en la lista Forbes como una de las mejores divulgadoras cient\u00edficas de Espa\u00f1a.<\/p>\n<p>[\/et_pb_text][\/et_pb_column][et_pb_column type=&#8221;1_2&#8243;][et_pb_image _builder_version=&#8221;3.9&#8243; src=&#8221;\/investigacion\/wp-content\/uploads\/2025\/04\/Fotos-BN_Patricia.jpg&#8221; \/][et_pb_text _builder_version=&#8221;3.9&#8243;]<\/p>\n<h2>Patricia Matey<\/h2>\n<p>Vocal de la Junta Directiva de la Asociaci\u00f3n Nacional de Informadores de Salud (ANIS) y Periodista Especializada en salud, medicina y biomedicina<\/p>\n<p>Licenciada en Ciencias de la Informaci\u00f3n (Universidad Complutense de Madrid), es periodista especializada en informaci\u00f3n de salud, medicina y biociencia desde hace 33 a\u00f1os. Empez\u00f3 en el suplemento SALUD de EL MUNDO, donde posteriormente coordin\u00f3 los portales digitales Psiquiatr\u00eda Infantil y Sexualidad. Ha colaborado en distintos medios como El Pa\u00eds, La Joya. la revista LVR, Muy Interesante, Cambio 16, Indagando TV o El Confidencial, en el que ejerci\u00f3 de jefa de secci\u00f3n de Alimente durante cuatro a\u00f1os. Su trayectoria ha sido reconocida con los premios de periodismo de la Sociedad Espa\u00f1ola de Oncolog\u00eda M\u00e9dica, de la Asociaci\u00f3n Espa\u00f1ola de Derecho Farmac\u00e9utico, premio Boehringer-Ingelheim, premio Salud de la Mujer, premio de Comunicaci\u00f3n del Colegio Oficial de Psic\u00f3logos de Madrid o Premio de Periodismo de Pfizer. Actualmente, es la responsable de la secci\u00f3n Cu\u00eddate+ sobre longevidad saludable de 65YM\u00c1S.<\/p>\n<p>[\/et_pb_text][\/et_pb_column][\/et_pb_row][et_pb_row][et_pb_column type=&#8221;1_2&#8243;][et_pb_image _builder_version=&#8221;3.9&#8243; src=&#8221;\/investigacion\/wp-content\/uploads\/2025\/04\/Fotos-BN_Pablo.jpg&#8221; \/][et_pb_text _builder_version=&#8221;3.9&#8243;]<\/p>\n<h2>Pablo P\u00e9rez<\/h2>\n<p>Director cient\u00edfico del Instituto Maim\u00f3nides de Investigaci\u00f3n Biom\u00e9dica de C\u00f3rdoba (IMIBIC)<\/p>\n<p>Catedr\u00e1tico de Medicina de la Universidad de C\u00f3rdoba y especialista en Medicina Interna del Hospital Universitario Reina Sof\u00eda, se doctor\u00f3 en Nutrigen\u00f3mica en la Universidad de Tufts (Boston). Lidera proyectos de investigaci\u00f3n sobre los efectos del estilo de vida, especialmente la dieta mediterr\u00e1nea, en la prevenci\u00f3n y tratamiento de enfermedades cr\u00f3nicas como diabetes y enfermedades cardiovasculares. En reconocimiento a su trayectoria, fue galardonado con el Premio a la Investigaci\u00f3n Jes\u00fas Serra en 2018. Adem\u00e1s, comprometido con la divulgaci\u00f3n cient\u00edfica, promueve activamente h\u00e1bitos saludables a trav\u00e9s de congresos y medios especializados, contribuyendo a la mejora de la calidad de vida y las pol\u00edticas de salud p\u00fablica.<\/p>\n<p>[\/et_pb_text][\/et_pb_column][et_pb_column type=&#8221;1_2&#8243;][et_pb_image _builder_version=&#8221;3.9&#8243; src=&#8221;http:\/\/edicion.fundacionoccident.org\/investigacion\/wp-content\/uploads\/2026\/03\/Fotos-BN_Gemma.jpg&#8221; \/][et_pb_text _builder_version=&#8221;3.9&#8243;]<\/p>\n<h2>Gema Revuelta<\/h2>\n<p>Presidenta de la Asociaci\u00f3n Espa\u00f1ola de Comunicaci\u00f3n Cient\u00edfica (AEC2)<\/p>\n<p>Presidenta de la Asociaci\u00f3n Espa\u00f1ola de Comunicaci\u00f3n Cient\u00edfica (AEC2) y profesora de comunicaci\u00f3n cient\u00edfica en el Departamento de Medicina y Ciencias de la Vida de la Universidad Pompeu Fabra (UPF), en donde dirige tambi\u00e9n el Centro de Estudios de Ciencia, Comunicaci\u00f3n y Sociedad (CCS-UPF) y el M\u00e1ster en Comunicaci\u00f3n Cient\u00edfica, M\u00e9dica y Ambiental (en la Barcelona School of Management-UPF). Es acad\u00e9mica de la Reial Acad\u00e8mia de Medicina de Catalunya. Licenciada en Medicina, m\u00e1ster en Comunicaci\u00f3n Cient\u00edfica y doctora en Biomedicina, desde hace 30 a\u00f1os su actividad profesional se centra en la investigaci\u00f3n, la docencia y el fortalecimiento de la comunicaci\u00f3n cient\u00edfica.<\/p>\n<p>[\/et_pb_text][\/et_pb_column][\/et_pb_row][et_pb_row][et_pb_column type=&#8221;1_2&#8243;][et_pb_image _builder_version=&#8221;3.9&#8243; src=&#8221;http:\/\/edicion.fundacionoccident.org\/investigacion\/wp-content\/uploads\/2026\/03\/Fotos-BN_Cristina.jpg&#8221; \/][et_pb_text _builder_version=&#8221;3.9&#8243;]<\/p>\n<h2>Cristina S\u00e1ez<\/h2>\n<p>Periodista cient\u00edfica especializada en salud en Diari Ara<\/p>\n<p>Durante m\u00e1s de veinte a\u00f1os, ha desarrollado una s\u00f3lida trayectoria como periodista especializada en ciencia y salud, centrada en c\u00f3mo la investigaci\u00f3n biom\u00e9dica y nutricional influye en la vida cotidiana. Ha colaborado de forma continuada con medios como La Vanguardia, Ara \u2014donde actualmente es coordinadora de ciencia\u2014, National Geographic y Agencia SINC, abordando temas como microbiota, nutrici\u00f3n, envejecimiento y prevenci\u00f3n de enfermedades. Destaca por su capacidad divulgativa, que combina rigor cient\u00edfico y mirada humana. Ha trabajado tambi\u00e9n en radio, televisi\u00f3n y libros, y su labor ha sido reconocida con numerosos premios de periodismo cient\u00edfico.<\/p>\n<p>[\/et_pb_text][\/et_pb_column][et_pb_column type=&#8221;1_2&#8243;][et_pb_image _builder_version=&#8221;3.9&#8243; src=&#8221;http:\/\/edicion.fundacionoccident.org\/investigacion\/wp-content\/uploads\/2026\/03\/Fotos-BN_Podcast.jpg&#8221; \/][et_pb_text _builder_version=&#8221;3.9&#8243;]<\/p>\n<h2>Beatriz Robles y Laura Caorsi<\/h2>\n<p>Dietista-nutricionista, tecn\u00f3loga alimentaria y divulgadora cient\u00edfica<br \/>\nPeriodista y editora especializada en alimentaci\u00f3n, nutrici\u00f3n y salud<\/p>\n<p>Robles, licenciada en Ciencia y Tecnolog\u00eda de los Alimentos y graduada en Nutrici\u00f3n Humana y Diet\u00e9tica, y Caorsi, licenciada en Comunicaci\u00f3n Social y m\u00e1ster en Periodismo Multimedia destacan por su labor divulgativa en alimentaci\u00f3n y salud, colaborando con medios como Maldita.es, RTVE, El Pa\u00eds o Eroski Consumer, y publicando libros sobre el tema. Juntas presentan el p\u00f3dcast &#8220;A la guerra con una cuchara&#8221; y participan en proyectos de formaci\u00f3n, divulgaci\u00f3n y asesoramiento institucional, promoviendo h\u00e1bitos alimentarios conscientes y sostenibles.<\/p>\n<p>[\/et_pb_text][\/et_pb_column][\/et_pb_row][et_pb_row][et_pb_column type=&#8221;1_2&#8243;][et_pb_image _builder_version=&#8221;3.9&#8243; src=&#8221;\/investigacion\/wp-content\/uploads\/2025\/04\/Fotos-BN_Laura.jpg&#8221; \/][et_pb_text _builder_version=&#8221;3.9&#8243;]<\/p>\n<h2>Laura Halpern<\/h2>\n<p>Presidenta de Fundaci\u00f3n Occident<\/p>\n<p>[\/et_pb_text][\/et_pb_column][et_pb_column type=&#8221;1_2&#8243;][\/et_pb_column][\/et_pb_row][\/et_pb_section]<\/p>\n","protected":false},"excerpt":{"rendered":"<p>[et_pb_section bb_built=&#8221;1&#8243;][et_pb_row][et_pb_column type=&#8221;4_4&#8243;][et_pb_text _builder_version=&#8221;3.9&#8243;] Jurado del Premio Especial de Comunicaci\u00f3n Cient\u00edfica Federico Halpern [\/et_pb_text][\/et_pb_column][\/et_pb_row][et_pb_row][et_pb_column type=&#8221;1_2&#8243;][et_pb_image _builder_version=&#8221;3.9&#8243; src=&#8221;\/investigacion\/wp-content\/uploads\/2025\/04\/Fotos-BN_Teresa.jpg&#8221; \/][et_pb_text _builder_version=&#8221;3.9&#8243;] Teresa Arnandis Cient\u00edfica y divulgadora con amplia experiencia en investigaci\u00f3n biom\u00e9dica, docencia universitaria y divulgaci\u00f3n cient\u00edfica Doctora en Bioqu\u00edmica y Biomedicina Cum Laude por la Universidad de Valencia. Es tambi\u00e9n Licenciada en Farmacia y diplomada en [&hellip;]<\/p>\n","protected":false},"author":15,"featured_media":0,"parent":0,"menu_order":0,"comment_status":"closed","ping_status":"closed","template":"","meta":{"footnotes":""},"class_list":["post-5345","page","type-page","status-publish","hentry"],"_links":{"self":[{"href":"http:\/\/edicion.fundacionoccident.org\/investigacion\/wp-json\/wp\/v2\/pages\/5345","targetHints":{"allow":["GET"]}}],"collection":[{"href":"http:\/\/edicion.fundacionoccident.org\/investigacion\/wp-json\/wp\/v2\/pages"}],"about":[{"href":"http:\/\/edicion.fundacionoccident.org\/investigacion\/wp-json\/wp\/v2\/types\/page"}],"author":[{"embeddable":true,"href":"http:\/\/edicion.fundacionoccident.org\/investigacion\/wp-json\/wp\/v2\/users\/15"}],"replies":[{"embeddable":true,"href":"http:\/\/edicion.fundacionoccident.org\/investigacion\/wp-json\/wp\/v2\/comments?post=5345"}],"version-history":[{"count":7,"href":"http:\/\/edicion.fundacionoccident.org\/investigacion\/wp-json\/wp\/v2\/pages\/5345\/revisions"}],"predecessor-version":[{"id":5768,"href":"http:\/\/edicion.fundacionoccident.org\/investigacion\/wp-json\/wp\/v2\/pages\/5345\/revisions\/5768"}],"wp:attachment":[{"href":"http:\/\/edicion.fundacionoccident.org\/investigacion\/wp-json\/wp\/v2\/media?parent=5345"}],"curies":[{"name":"wp","href":"https:\/\/api.w.org\/{rel}","templated":true}]}}