{"id":5514,"date":"2025-07-03T09:01:41","date_gmt":"2025-07-03T07:01:41","guid":{"rendered":"https:\/\/edicion.fundacionoccident.org\/investigacion\/?page_id=5514"},"modified":"2025-07-03T09:03:14","modified_gmt":"2025-07-03T07:03:14","slug":"asistencia-cerrada-accesit","status":"publish","type":"page","link":"http:\/\/edicion.fundacionoccident.org\/investigacion\/asistencia-cerrada-accesit","title":{"rendered":"Asistencia cerrada Acc\u00e9sit"},"content":{"rendered":"<p>[et_pb_section bb_built=&#8221;1&#8243;][et_pb_row][et_pb_column type=&#8221;4_4&#8243;][et_pb_code _builder_version=&#8221;3.9&#8243;]&lt;p&gt;&lt;span style=&quot;color: #000000; font-size: 19px&quot;&gt;Te comunicamos que ha finalizado el plazo de presentaci\u00f3n de nominaciones al Acc\u00e9sit de Comunicaci\u00f3n Cient\u00edfica Federico Halpern.&lt;\/span&gt;&lt;\/p&gt;[\/et_pb_code][\/et_pb_column][\/et_pb_row][\/et_pb_section]<\/p>\n","protected":false},"excerpt":{"rendered":"<p>[et_pb_section bb_built=&#8221;1&#8243;][et_pb_row][et_pb_column type=&#8221;4_4&#8243;][et_pb_code _builder_version=&#8221;3.9&#8243;]&lt;p&gt;&lt;span style=&quot;color: #000000; font-size: 19px&quot;&gt;Te comunicamos que ha finalizado el plazo de presentaci\u00f3n de nominaciones al Acc\u00e9sit de Comunicaci\u00f3n Cient\u00edfica Federico Halpern.&lt;\/span&gt;&lt;\/p&gt;[\/et_pb_code][\/et_pb_column][\/et_pb_row][\/et_pb_section]<\/p>\n","protected":false},"author":15,"featured_media":0,"parent":0,"menu_order":0,"comment_status":"closed","ping_status":"closed","template":"","meta":{"footnotes":""},"class_list":["post-5514","page","type-page","status-publish","hentry"],"_links":{"self":[{"href":"http:\/\/edicion.fundacionoccident.org\/investigacion\/wp-json\/wp\/v2\/pages\/5514","targetHints":{"allow":["GET"]}}],"collection":[{"href":"http:\/\/edicion.fundacionoccident.org\/investigacion\/wp-json\/wp\/v2\/pages"}],"about":[{"href":"http:\/\/edicion.fundacionoccident.org\/investigacion\/wp-json\/wp\/v2\/types\/page"}],"author":[{"embeddable":true,"href":"http:\/\/edicion.fundacionoccident.org\/investigacion\/wp-json\/wp\/v2\/users\/15"}],"replies":[{"embeddable":true,"href":"http:\/\/edicion.fundacionoccident.org\/investigacion\/wp-json\/wp\/v2\/comments?post=5514"}],"version-history":[{"count":2,"href":"http:\/\/edicion.fundacionoccident.org\/investigacion\/wp-json\/wp\/v2\/pages\/5514\/revisions"}],"predecessor-version":[{"id":5519,"href":"http:\/\/edicion.fundacionoccident.org\/investigacion\/wp-json\/wp\/v2\/pages\/5514\/revisions\/5519"}],"wp:attachment":[{"href":"http:\/\/edicion.fundacionoccident.org\/investigacion\/wp-json\/wp\/v2\/media?parent=5514"}],"curies":[{"name":"wp","href":"https:\/\/api.w.org\/{rel}","templated":true}]}}