{"id":1108,"date":"2018-03-13T11:14:27","date_gmt":"2018-03-13T11:14:27","guid":{"rendered":"http:\/\/edicion.fundacionjesusserra.org\/esqui\/?page_id=1108"},"modified":"2024-01-08T12:34:25","modified_gmt":"2024-01-08T11:34:25","slug":"galeria-2018","status":"publish","type":"page","link":"http:\/\/edicion.fundacionoccident.org\/esqui\/galeria-2018","title":{"rendered":"Galer\u00eda 2018"},"content":{"rendered":"<p>[et_pb_section bb_built=&#8221;1&#8243; admin_label=&#8221;section&#8221; background_color=&#8221;#dd342f&#8221; custom_padding=&#8221;54px|0px|54px|0px&#8221; custom_padding_tablet=&#8221;50px|0|50px|0&#8243; custom_padding_last_edited=&#8221;on|desktop&#8221; _builder_version=&#8221;3.17.6&#8243; next_background_color=&#8221;#ffffff&#8221; inner_width=&#8221;auto&#8221; inner_max_width=&#8221;1080px&#8221;][et_pb_row admin_label=&#8221;row&#8221; padding_mobile=&#8221;off&#8221; column_padding_mobile=&#8221;on&#8221; _builder_version=&#8221;3.0.47&#8243; background_size=&#8221;initial&#8221; background_position=&#8221;top_left&#8221; background_repeat=&#8221;repeat&#8221; width=&#8221;80%&#8221; max_width=&#8221;1080px&#8221;][et_pb_column type=&#8221;1_2&#8243; custom_padding__hover=&#8221;|||&#8221; custom_padding=&#8221;|||&#8221;][et_pb_text background_layout=&#8221;dark&#8221; background_position=&#8221;top_left&#8221; background_repeat=&#8221;repeat&#8221; background_size=&#8221;initial&#8221; text_orientation=&#8221;left&#8221;]<\/p>\n<h1>Galer\u00eda de im\u00e1genes<\/h1>\n<p>[\/et_pb_text][\/et_pb_column][et_pb_column type=&#8221;1_2&#8243; custom_padding__hover=&#8221;|||&#8221; custom_padding=&#8221;|||&#8221;][et_pb_image _builder_version=&#8221;4.5.3&#8243; src=&#8221;http:\/\/edicion.fundacionoccident.org\/esqui\/wp-content\/uploads\/2024\/01\/Occident-Fundacion_ESP_BN_Neg_RGB.png&#8221; align=&#8221;right&#8221; max_width=&#8221;30%&#8221; disabled=&#8221;off&#8221; disabled_on=&#8221;on|off|off&#8221; align_last_edited=&#8221;on|desktop&#8221; align_tablet=&#8221;center&#8221; box_shadow_horizontal_tablet=&#8221;0px&#8221; box_shadow_vertical_tablet=&#8221;0px&#8221; box_shadow_blur_tablet=&#8221;40px&#8221; box_shadow_spread_tablet=&#8221;0px&#8221; vertical_offset_tablet=&#8221;0&#8243; horizontal_offset_tablet=&#8221;0&#8243; z_index_tablet=&#8221;0&#8243; \/][\/et_pb_column][\/et_pb_row][\/et_pb_section][et_pb_section bb_built=&#8221;1&#8243; admin_label=&#8221;section&#8221; custom_padding=&#8221;54px|0px|54px|0px&#8221; padding_mobile=&#8221;off&#8221; custom_padding_tablet=&#8221;50px|0|50px|0&#8243; custom_padding_last_edited=&#8221;on|desktop&#8221; prev_background_color=&#8221;#dd342f&#8221; inner_width=&#8221;auto&#8221; inner_max_width=&#8221;1080px&#8221;][et_pb_row admin_label=&#8221;row&#8221; make_fullwidth=&#8221;on&#8221; padding_mobile=&#8221;off&#8221; column_padding_mobile=&#8221;on&#8221; background_position=&#8221;top_left&#8221; background_repeat=&#8221;repeat&#8221; background_size=&#8221;initial&#8221; module_class=&#8221; et_pb_row_fullwidth et_pb_row_fullwidth&#8221; width=&#8221;89%&#8221; width_tablet=&#8221;80%&#8221; width_last_edited=&#8221;on|desktop&#8221; max_width=&#8221;89%&#8221; max_width_tablet=&#8221;80%&#8221; max_width_last_edited=&#8221;on|desktop&#8221;][et_pb_column type=&#8221;4_4&#8243; custom_padding__hover=&#8221;|||&#8221; custom_padding=&#8221;|||&#8221;][et_pb_text background_position=&#8221;top_left&#8221; background_repeat=&#8221;repeat&#8221; background_size=&#8221;initial&#8221; text_orientation=&#8221;left&#8221;]<\/p>\n<h2>&nbsp;11&ordf; edici&oacute;n &#8211; 2018<\/h2>\n<p>[\/et_pb_text][et_pb_text background_position=&#8221;top_left&#8221; background_repeat=&#8221;repeat&#8221; background_size=&#8221;initial&#8221; text_orientation=&#8221;left&#8221;]<\/p>\n<p>&nbsp;Aqu&iacute; puedes adquirir m&aacute;s fotograf&iacute;as del Trofeo de Esqu&iacute; Fundaci&oacute;n Jes&uacute;s Serra<\/p>\n<p>[\/et_pb_text][et_pb_button button_url=&#8221;http:\/\/www.fototur.net\/competicion-alpina\/album.php?id=334&amp;lang=es&#8221; url_new_window=&#8221;on&#8221; button_text=&#8221;M\u00e1s fotograf\u00edas&#8221; button_alignment=&#8221;left&#8221; background_color=&#8221;#0a0000&#8243; button_text_size__hover_enabled=&#8221;off&#8221; button_text_size__hover=&#8221;null&#8221; button_one_text_size__hover_enabled=&#8221;off&#8221; button_one_text_size__hover=&#8221;null&#8221; button_two_text_size__hover_enabled=&#8221;off&#8221; button_two_text_size__hover=&#8221;null&#8221; button_text_color__hover_enabled=&#8221;off&#8221; button_text_color__hover=&#8221;null&#8221; button_one_text_color__hover_enabled=&#8221;off&#8221; button_one_text_color__hover=&#8221;null&#8221; button_two_text_color__hover_enabled=&#8221;off&#8221; button_two_text_color__hover=&#8221;null&#8221; button_border_width__hover_enabled=&#8221;off&#8221; button_border_width__hover=&#8221;null&#8221; button_one_border_width__hover_enabled=&#8221;off&#8221; button_one_border_width__hover=&#8221;null&#8221; button_two_border_width__hover_enabled=&#8221;off&#8221; button_two_border_width__hover=&#8221;null&#8221; button_border_color__hover_enabled=&#8221;off&#8221; button_border_color__hover=&#8221;null&#8221; button_one_border_color__hover_enabled=&#8221;off&#8221; button_one_border_color__hover=&#8221;null&#8221; button_two_border_color__hover_enabled=&#8221;off&#8221; button_two_border_color__hover=&#8221;null&#8221; button_border_radius__hover_enabled=&#8221;off&#8221; button_border_radius__hover=&#8221;null&#8221; button_one_border_radius__hover_enabled=&#8221;off&#8221; button_one_border_radius__hover=&#8221;null&#8221; button_two_border_radius__hover_enabled=&#8221;off&#8221; button_two_border_radius__hover=&#8221;null&#8221; button_letter_spacing__hover_enabled=&#8221;off&#8221; button_letter_spacing__hover=&#8221;null&#8221; button_one_letter_spacing__hover_enabled=&#8221;off&#8221; button_one_letter_spacing__hover=&#8221;null&#8221; button_two_letter_spacing__hover_enabled=&#8221;off&#8221; button_two_letter_spacing__hover=&#8221;null&#8221; button_bg_color__hover_enabled=&#8221;off&#8221; button_bg_color__hover=&#8221;null&#8221; button_one_bg_color__hover_enabled=&#8221;off&#8221; button_one_bg_color__hover=&#8221;null&#8221; button_two_bg_color__hover_enabled=&#8221;off&#8221; button_two_bg_color__hover=&#8221;null&#8221; \/][et_pb_text background_position=&#8221;top_left&#8221; background_repeat=&#8221;repeat&#8221; background_size=&#8221;initial&#8221; text_orientation=&#8221;left&#8221;]<\/p>\n<p class=\"\">Reparto dorsales y presentaci&oacute;n carrera<\/p>\n<p>[\/et_pb_text][et_pb_gallery gallery_ids=&#8221;1123,1122,1118,1120,1119,1116,1117,1115&#8243; posts_number=&#8221;24&#8243; show_title_and_caption=&#8221;off&#8221; show_pagination=&#8221;off&#8221; \/][et_pb_text background_position=&#8221;top_left&#8221; background_repeat=&#8221;repeat&#8221; background_size=&#8221;initial&#8221; text_orientation=&#8221;left&#8221;]<\/p>\n<p>&nbsp;<\/p>\n<h3>Slalom Gigante<\/h3>\n<p>&nbsp;<\/p>\n<p>[\/et_pb_text][et_pb_gallery gallery_ids=&#8221;1124,1126,1127,1130,1131,1132,1133,1134,1135,1136,1137,1139,1140,1142,1143,1144,1214,1215,1222,1216,1217,1221,1220,1219,1218,1145,1147,1148,1149,1150,1151,1152,1154,1155,1157,1158,1159,1160,1161,1162&#8243; posts_number=&#8221;50&#8243; show_title_and_caption=&#8221;off&#8221; show_pagination=&#8221;off&#8221; \/][et_pb_text background_position=&#8221;top_left&#8221; background_repeat=&#8221;repeat&#8221; background_size=&#8221;initial&#8221; text_orientation=&#8221;left&#8221;]<\/p>\n<p>&nbsp;<\/p>\n<h3>Entrega de premios y sorteo regalos Slalom Gigante<\/h3>\n<p>&nbsp;<\/p>\n<p>[\/et_pb_text][et_pb_gallery gallery_ids=&#8221;1164,1165,1166,1167,1168,1170,1171,1173,1174,1175,1176,1177,1178,1179,1180,1181,1182,1183,1184,1185,1186,1187,1188,1189,1190,1191,1192,1193,1194,1195,1196,1197,1198,1199,1200,1201,1202,1203,1204,1205,1206,1207,1208,1209,1210,1211,1212,1213&#8243; posts_number=&#8221;50&#8243; show_title_and_caption=&#8221;off&#8221; show_pagination=&#8221;off&#8221; \/][et_pb_text background_position=&#8221;top_left&#8221; background_repeat=&#8221;repeat&#8221; background_size=&#8221;initial&#8221; text_orientation=&#8221;left&#8221;]<\/p>\n<p>&nbsp;<\/p>\n<h3>Slalom Paralelo<\/h3>\n<p>&nbsp;<\/p>\n<p>[\/et_pb_text][et_pb_gallery gallery_ids=&#8221;1223,1224,1225,1226,1227,1228,1229,1230,1231,1232,1233,1234,1235,1236,1237,1238,1239,1240,1241,1242,1243,1246,1248,1249,1250,1252,1254,1255,1258,1259,1260,1261,1262,1263,1264,1266,1268,1269,1270,1271,1272,1275,1276,1278,1279,1280,1281&#8243; posts_number=&#8221;80&#8243; show_title_and_caption=&#8221;off&#8221; show_pagination=&#8221;off&#8221; \/][\/et_pb_column][\/et_pb_row][\/et_pb_section]<\/p>\n","protected":false},"excerpt":{"rendered":"<p>[et_pb_section bb_built=&#8221;1&#8243; admin_label=&#8221;section&#8221; background_color=&#8221;#dd342f&#8221; custom_padding=&#8221;54px|0px|54px|0px&#8221; custom_padding_tablet=&#8221;50px|0|50px|0&#8243; custom_padding_last_edited=&#8221;on|desktop&#8221; _builder_version=&#8221;3.17.6&#8243; next_background_color=&#8221;#ffffff&#8221; inner_width=&#8221;auto&#8221; inner_max_width=&#8221;1080px&#8221;][et_pb_row admin_label=&#8221;row&#8221; padding_mobile=&#8221;off&#8221; column_padding_mobile=&#8221;on&#8221; _builder_version=&#8221;3.0.47&#8243; background_size=&#8221;initial&#8221; background_position=&#8221;top_left&#8221; background_repeat=&#8221;repeat&#8221; width=&#8221;80%&#8221; max_width=&#8221;1080px&#8221;][et_pb_column type=&#8221;1_2&#8243; custom_padding__hover=&#8221;|||&#8221; custom_padding=&#8221;|||&#8221;][et_pb_text background_layout=&#8221;dark&#8221; background_position=&#8221;top_left&#8221; background_repeat=&#8221;repeat&#8221; background_size=&#8221;initial&#8221; text_orientation=&#8221;left&#8221;] Galer\u00eda de im\u00e1genes [\/et_pb_text][\/et_pb_column][et_pb_column type=&#8221;1_2&#8243; custom_padding__hover=&#8221;|||&#8221; custom_padding=&#8221;|||&#8221;][et_pb_image _builder_version=&#8221;4.5.3&#8243; src=&#8221;http:\/\/edicion.fundacionoccident.org\/esqui\/wp-content\/uploads\/2024\/01\/Occident-Fundacion_ESP_BN_Neg_RGB.png&#8221; align=&#8221;right&#8221; max_width=&#8221;30%&#8221; disabled=&#8221;off&#8221; disabled_on=&#8221;on|off|off&#8221; align_last_edited=&#8221;on|desktop&#8221; align_tablet=&#8221;center&#8221; box_shadow_horizontal_tablet=&#8221;0px&#8221; box_shadow_vertical_tablet=&#8221;0px&#8221; box_shadow_blur_tablet=&#8221;40px&#8221; box_shadow_spread_tablet=&#8221;0px&#8221; vertical_offset_tablet=&#8221;0&#8243; horizontal_offset_tablet=&#8221;0&#8243; z_index_tablet=&#8221;0&#8243; \/][\/et_pb_column][\/et_pb_row][\/et_pb_section][et_pb_section bb_built=&#8221;1&#8243; admin_label=&#8221;section&#8221; custom_padding=&#8221;54px|0px|54px|0px&#8221; padding_mobile=&#8221;off&#8221; [&hellip;]<\/p>\n","protected":false},"author":6,"featured_media":0,"parent":0,"menu_order":0,"comment_status":"closed","ping_status":"closed","template":"","meta":{"_et_pb_use_builder":"on","_et_pb_old_content":"","_et_gb_content_width":"","footnotes":""},"class_list":["post-1108","page","type-page","status-publish","hentry"],"yoast_head":"<!-- This site is optimized with the Yoast SEO plugin v26.3 - https:\/\/yoast.com\/wordpress\/plugins\/seo\/ -->\n<title>Nuestra Galer\u00eda de Im\u00e1genes 2018 - Trofeo Esqu\u00ed<\/title>\n<meta name=\"description\" content=\"Descubre en nuestra galer\u00eda las fotos del Trofeo de Esqu\u00ed 2018. La 11\u00aa edici\u00f3n del campeonato de esqu\u00ed organizado por la Fundaci\u00f3n Jes\u00fas Serra.\" \/>\n<meta name=\"robots\" content=\"index, follow, max-snippet:-1, max-image-preview:large, max-video-preview:-1\" \/>\n<link rel=\"canonical\" href=\"http:\/\/edicion.fundacionoccident.org\/esqui\/wp-json\/wp\/v2\/pages\/1108\" \/>\n<meta property=\"og:locale\" content=\"es_ES\" \/>\n<meta property=\"og:type\" content=\"article\" \/>\n<meta property=\"og:title\" content=\"Nuestra Galer\u00eda de Im\u00e1genes 2018 - Trofeo Esqu\u00ed\" \/>\n<meta property=\"og:description\" content=\"Descubre en nuestra galer\u00eda las fotos del Trofeo de Esqu\u00ed 2018. La 11\u00aa edici\u00f3n del campeonato de esqu\u00ed organizado por la Fundaci\u00f3n Jes\u00fas Serra.\" \/>\n<meta property=\"og:url\" content=\"http:\/\/edicion.fundacionoccident.org\/esqui\/galeria-2018\" \/>\n<meta property=\"og:site_name\" content=\"Trofeo de esqu\u00ed Fundaci\u00f3n Jes\u00fas Serra\" \/>\n<meta property=\"article:modified_time\" content=\"2024-01-08T11:34:25+00:00\" \/>\n<meta name=\"twitter:card\" content=\"summary_large_image\" \/>\n<meta name=\"twitter:label1\" content=\"Tiempo de lectura\" \/>\n\t<meta name=\"twitter:data1\" content=\"4 minutos\" \/>\n<script type=\"application\/ld+json\" class=\"yoast-schema-graph\">{\"@context\":\"https:\/\/schema.org\",\"@graph\":[{\"@type\":\"WebPage\",\"@id\":\"http:\/\/edicion.fundacionoccident.org\/esqui\/galeria-2018\",\"url\":\"http:\/\/edicion.fundacionoccident.org\/esqui\/galeria-2018\",\"name\":\"Nuestra Galer\u00eda de Im\u00e1genes 2018 - Trofeo Esqu\u00ed\",\"isPartOf\":{\"@id\":\"http:\/\/edicion.fundacionoccident.org\/esqui\/#website\"},\"datePublished\":\"2018-03-13T11:14:27+00:00\",\"dateModified\":\"2024-01-08T11:34:25+00:00\",\"description\":\"Descubre en nuestra galer\u00eda las fotos del Trofeo de Esqu\u00ed 2018. La 11\u00aa edici\u00f3n del campeonato de esqu\u00ed organizado por la Fundaci\u00f3n Jes\u00fas Serra.\",\"breadcrumb\":{\"@id\":\"http:\/\/edicion.fundacionoccident.org\/esqui\/galeria-2018#breadcrumb\"},\"inLanguage\":\"es\",\"potentialAction\":[{\"@type\":\"ReadAction\",\"target\":[\"http:\/\/edicion.fundacionoccident.org\/esqui\/galeria-2018\"]}]},{\"@type\":\"BreadcrumbList\",\"@id\":\"http:\/\/edicion.fundacionoccident.org\/esqui\/galeria-2018#breadcrumb\",\"itemListElement\":[{\"@type\":\"ListItem\",\"position\":1,\"name\":\"Inicio \u00bb Trofeo de Esqu\u00ed\",\"item\":\"https:\/\/edicion.fundacionoccident.org\/esqui\/\"},{\"@type\":\"ListItem\",\"position\":2,\"name\":\"Galer\u00eda 2018\"}]},{\"@type\":\"WebSite\",\"@id\":\"http:\/\/edicion.fundacionoccident.org\/esqui\/#website\",\"url\":\"http:\/\/edicion.fundacionoccident.org\/esqui\/\",\"name\":\"Trofeo de esqu\u00ed Fundaci\u00f3n Jes\u00fas Serra\",\"description\":\"\",\"potentialAction\":[{\"@type\":\"SearchAction\",\"target\":{\"@type\":\"EntryPoint\",\"urlTemplate\":\"http:\/\/edicion.fundacionoccident.org\/esqui\/?s={search_term_string}\"},\"query-input\":{\"@type\":\"PropertyValueSpecification\",\"valueRequired\":true,\"valueName\":\"search_term_string\"}}],\"inLanguage\":\"es\"}]}<\/script>\n<!-- \/ Yoast SEO plugin. -->","yoast_head_json":{"title":"Nuestra Galer\u00eda de Im\u00e1genes 2018 - Trofeo Esqu\u00ed","description":"Descubre en nuestra galer\u00eda las fotos del Trofeo de Esqu\u00ed 2018. La 11\u00aa edici\u00f3n del campeonato de esqu\u00ed organizado por la Fundaci\u00f3n Jes\u00fas Serra.","robots":{"index":"index","follow":"follow","max-snippet":"max-snippet:-1","max-image-preview":"max-image-preview:large","max-video-preview":"max-video-preview:-1"},"canonical":"http:\/\/edicion.fundacionoccident.org\/esqui\/wp-json\/wp\/v2\/pages\/1108","og_locale":"es_ES","og_type":"article","og_title":"Nuestra Galer\u00eda de Im\u00e1genes 2018 - Trofeo Esqu\u00ed","og_description":"Descubre en nuestra galer\u00eda las fotos del Trofeo de Esqu\u00ed 2018. La 11\u00aa edici\u00f3n del campeonato de esqu\u00ed organizado por la Fundaci\u00f3n Jes\u00fas Serra.","og_url":"http:\/\/edicion.fundacionoccident.org\/esqui\/galeria-2018","og_site_name":"Trofeo de esqu\u00ed Fundaci\u00f3n Jes\u00fas Serra","article_modified_time":"2024-01-08T11:34:25+00:00","twitter_card":"summary_large_image","twitter_misc":{"Tiempo de lectura":"4 minutos"},"schema":{"@context":"https:\/\/schema.org","@graph":[{"@type":"WebPage","@id":"http:\/\/edicion.fundacionoccident.org\/esqui\/galeria-2018","url":"http:\/\/edicion.fundacionoccident.org\/esqui\/galeria-2018","name":"Nuestra Galer\u00eda de Im\u00e1genes 2018 - Trofeo Esqu\u00ed","isPartOf":{"@id":"http:\/\/edicion.fundacionoccident.org\/esqui\/#website"},"datePublished":"2018-03-13T11:14:27+00:00","dateModified":"2024-01-08T11:34:25+00:00","description":"Descubre en nuestra galer\u00eda las fotos del Trofeo de Esqu\u00ed 2018. La 11\u00aa edici\u00f3n del campeonato de esqu\u00ed organizado por la Fundaci\u00f3n Jes\u00fas Serra.","breadcrumb":{"@id":"http:\/\/edicion.fundacionoccident.org\/esqui\/galeria-2018#breadcrumb"},"inLanguage":"es","potentialAction":[{"@type":"ReadAction","target":["http:\/\/edicion.fundacionoccident.org\/esqui\/galeria-2018"]}]},{"@type":"BreadcrumbList","@id":"http:\/\/edicion.fundacionoccident.org\/esqui\/galeria-2018#breadcrumb","itemListElement":[{"@type":"ListItem","position":1,"name":"Inicio \u00bb Trofeo de Esqu\u00ed","item":"https:\/\/edicion.fundacionoccident.org\/esqui\/"},{"@type":"ListItem","position":2,"name":"Galer\u00eda 2018"}]},{"@type":"WebSite","@id":"http:\/\/edicion.fundacionoccident.org\/esqui\/#website","url":"http:\/\/edicion.fundacionoccident.org\/esqui\/","name":"Trofeo de esqu\u00ed Fundaci\u00f3n Jes\u00fas Serra","description":"","potentialAction":[{"@type":"SearchAction","target":{"@type":"EntryPoint","urlTemplate":"http:\/\/edicion.fundacionoccident.org\/esqui\/?s={search_term_string}"},"query-input":{"@type":"PropertyValueSpecification","valueRequired":true,"valueName":"search_term_string"}}],"inLanguage":"es"}]}},"_links":{"self":[{"href":"http:\/\/edicion.fundacionoccident.org\/esqui\/wp-json\/wp\/v2\/pages\/1108","targetHints":{"allow":["GET"]}}],"collection":[{"href":"http:\/\/edicion.fundacionoccident.org\/esqui\/wp-json\/wp\/v2\/pages"}],"about":[{"href":"http:\/\/edicion.fundacionoccident.org\/esqui\/wp-json\/wp\/v2\/types\/page"}],"author":[{"embeddable":true,"href":"http:\/\/edicion.fundacionoccident.org\/esqui\/wp-json\/wp\/v2\/users\/6"}],"replies":[{"embeddable":true,"href":"http:\/\/edicion.fundacionoccident.org\/esqui\/wp-json\/wp\/v2\/comments?post=1108"}],"version-history":[{"count":10,"href":"http:\/\/edicion.fundacionoccident.org\/esqui\/wp-json\/wp\/v2\/pages\/1108\/revisions"}],"predecessor-version":[{"id":3496,"href":"http:\/\/edicion.fundacionoccident.org\/esqui\/wp-json\/wp\/v2\/pages\/1108\/revisions\/3496"}],"wp:attachment":[{"href":"http:\/\/edicion.fundacionoccident.org\/esqui\/wp-json\/wp\/v2\/media?parent=1108"}],"curies":[{"name":"wp","href":"https:\/\/api.w.org\/{rel}","templated":true}]}}