{"id":1771,"date":"2019-03-12T15:08:50","date_gmt":"2019-03-12T15:08:50","guid":{"rendered":"http:\/\/edicion.fundacionjesusserra.org\/esqui\/?page_id=1771"},"modified":"2024-01-08T12:34:30","modified_gmt":"2024-01-08T11:34:30","slug":"galeria-2019","status":"publish","type":"page","link":"http:\/\/edicion.fundacionoccident.org\/esqui\/galeria-2019","title":{"rendered":"Galer\u00eda 2019"},"content":{"rendered":"<p>[et_pb_section bb_built=&#8221;1&#8243; admin_label=&#8221;section&#8221; background_color=&#8221;#dd342f&#8221; custom_padding=&#8221;54px|0px|54px|0px&#8221; custom_padding_tablet=&#8221;50px|0|50px|0&#8243; custom_padding_last_edited=&#8221;on|desktop&#8221; next_background_color=&#8221;#ffffff&#8221; _builder_version=&#8221;3.17.6&#8243; inner_width=&#8221;auto&#8221; inner_max_width=&#8221;1080px&#8221;][et_pb_row admin_label=&#8221;row&#8221; padding_mobile=&#8221;off&#8221; column_padding_mobile=&#8221;on&#8221; _builder_version=&#8221;3.0.47&#8243; background_size=&#8221;initial&#8221; background_position=&#8221;top_left&#8221; background_repeat=&#8221;repeat&#8221; width=&#8221;80%&#8221; max_width=&#8221;1080px&#8221;][et_pb_column type=&#8221;1_2&#8243; custom_padding__hover=&#8221;|||&#8221; custom_padding=&#8221;|||&#8221;][et_pb_text background_layout=&#8221;dark&#8221; background_position=&#8221;top_left&#8221; background_repeat=&#8221;repeat&#8221; background_size=&#8221;initial&#8221; text_orientation=&#8221;left&#8221;]<\/p>\n<h1>Galer\u00eda de im\u00e1genes<\/h1>\n<p>[\/et_pb_text][\/et_pb_column][et_pb_column type=&#8221;1_2&#8243; custom_padding__hover=&#8221;|||&#8221; custom_padding=&#8221;|||&#8221;][et_pb_image _builder_version=&#8221;4.5.3&#8243; src=&#8221;http:\/\/edicion.fundacionoccident.org\/esqui\/wp-content\/uploads\/2024\/01\/Occident-Fundacion_ESP_BN_Neg_RGB.png&#8221; align=&#8221;right&#8221; max_width=&#8221;30%&#8221; disabled=&#8221;off&#8221; disabled_on=&#8221;on|off|off&#8221; align_last_edited=&#8221;on|desktop&#8221; align_tablet=&#8221;center&#8221; box_shadow_horizontal_tablet=&#8221;0px&#8221; box_shadow_vertical_tablet=&#8221;0px&#8221; box_shadow_blur_tablet=&#8221;40px&#8221; box_shadow_spread_tablet=&#8221;0px&#8221; vertical_offset_tablet=&#8221;0&#8243; horizontal_offset_tablet=&#8221;0&#8243; z_index_tablet=&#8221;0&#8243; \/][\/et_pb_column][\/et_pb_row][\/et_pb_section][et_pb_section bb_built=&#8221;1&#8243; admin_label=&#8221;section&#8221; custom_padding=&#8221;54px|0px|54px|0px&#8221; padding_mobile=&#8221;off&#8221; custom_padding_tablet=&#8221;50px|0|50px|0&#8243; custom_padding_last_edited=&#8221;on|desktop&#8221; prev_background_color=&#8221;#dd342f&#8221; inner_width=&#8221;auto&#8221; inner_max_width=&#8221;1080px&#8221;][et_pb_row admin_label=&#8221;row&#8221; make_fullwidth=&#8221;on&#8221; padding_mobile=&#8221;off&#8221; column_padding_mobile=&#8221;on&#8221; background_position=&#8221;top_left&#8221; background_repeat=&#8221;repeat&#8221; background_size=&#8221;initial&#8221; module_class=&#8221; et_pb_row_fullwidth et_pb_row_fullwidth&#8221; width=&#8221;89%&#8221; width_tablet=&#8221;80%&#8221; width_last_edited=&#8221;on|desktop&#8221; max_width=&#8221;89%&#8221; max_width_tablet=&#8221;80%&#8221; max_width_last_edited=&#8221;on|desktop&#8221;][et_pb_column type=&#8221;4_4&#8243; custom_padding__hover=&#8221;|||&#8221; custom_padding=&#8221;|||&#8221;][et_pb_text background_position=&#8221;top_left&#8221; background_repeat=&#8221;repeat&#8221; background_size=&#8221;initial&#8221; _builder_version=&#8221;3.17.6&#8243; text_orientation=&#8221;left&#8221;]<\/p>\n<h2>\u00a012\u00aa edici\u00f3n &#8211; 2019<\/h2>\n<p>[\/et_pb_text][et_pb_text background_position=&#8221;top_left&#8221; background_repeat=&#8221;repeat&#8221; background_size=&#8221;initial&#8221; _builder_version=&#8221;3.17.6&#8243; text_orientation=&#8221;left&#8221;]<\/p>\n<div><strong>Aqu\u00ed puedes visualizar y descargarte todas las fotograf\u00edas:<\/strong><\/div>\n<div>&#8211; <strong>Ambiente pre y post Trofeo:<\/strong>\u00a0<span style=\"text-decoration: underline;\"><a href=\"https:\/\/photos.app.goo.gl\/ocKyCfWbXzH4Mn3s5\" target=\"_blank\" rel=\"noopener noreferrer\">Todas las fotograf\u00edas \u00bb<\/a><\/span><\/div>\n<div>&#8211; <strong>Fotograf\u00edas individuales Slalom Gigante:<\/strong>\u00a0<span style=\"text-decoration: underline;\"><a href=\"https:\/\/photos.app.goo.gl\/4bwJUHgBChhZWBm57\" target=\"_blank\" rel=\"noopener noreferrer\">Todas las fotograf\u00edas \u00bb<\/a><\/span><\/div>\n<div>&#8211; <strong>Podium Gigante:<\/strong>\u00a0<span style=\"text-decoration: underline;\"><a href=\"https:\/\/photos.app.goo.gl\/rdtjk3zeBroxn2sr8\" target=\"_blank\" rel=\"noopener noreferrer\">Todas las fotograf\u00edas \u00bb<\/a><\/span>\u00a0<\/div>\n<div>\n<div>&#8211; <strong>Fotograf\u00edas<\/strong><strong>\u00a0individuales Slalom Paralelo:<\/strong>\u00a0<span style=\"text-decoration: underline;\"><a href=\"https:\/\/photos.app.goo.gl\/Td1GCp3LWfo9rcNY7\" target=\"_blank\" rel=\"noopener noreferrer\">Todas las fotograf\u00edas \u00bb<\/a><\/span><\/div>\n<div>&#8211; <strong>Podium Paralelo:<\/strong>\u00a0<span style=\"text-decoration: underline;\"><a href=\"https:\/\/photos.app.goo.gl\/9YzGaLnoo2KWZaay5\" target=\"_blank\" rel=\"noopener noreferrer\">Todas las fotograf\u00edas \u00bb<\/a><\/span>\u00a0<\/div>\n<\/div>\n<p>[\/et_pb_text][et_pb_text background_position=&#8221;top_left&#8221; background_repeat=&#8221;repeat&#8221; background_size=&#8221;initial&#8221; _builder_version=&#8221;3.17.6&#8243; text_orientation=&#8221;left&#8221;]<\/p>\n<h2>\u00a1Comparte tus fotos y gana premios!<\/h2>\n<p>Comparte tus fotos del Trofeo de Esqu\u00ed Fundaci\u00f3n Occident y entra en el sorteo de:<br \/>\u2013 Una noche para 2 personas en el Hotel Montarto.<br \/>\u2013 Pack Reforcer (sudadera, camiseta, gorra y neceser).<br \/>\u2013 2 forfaits Baqueira-Beret.<br \/>\u2013 2 inscripciones para la pr\u00f3xima edici\u00f3n del #EsquiFJS.<\/p>\n<p><strong>Recuerda:<\/strong> comparte tus fotos en Instagram o Facebook e inserta #EsquiFJS y @fundacionjesusserra\u00a0en la publicaci\u00f3n<\/p>\n<p><strong>Bases del sorteo:\u00a0<\/strong><a href=\"http:\/\/www.fundacionoccident.org\/esqui\/bases-sorteo-comparte-fotos-2019\" target=\"_blank\" rel=\"noopener noreferrer\"><span style=\"text-decoration: underline;\">Aqu\u00ed puedes consultar las bases del Sorteo\u00a0\u00bb<\/span><\/a><\/p>\n<p>[\/et_pb_text][\/et_pb_column][\/et_pb_row][et_pb_row admin_label=&#8221;row&#8221; make_fullwidth=&#8221;on&#8221; padding_mobile=&#8221;off&#8221; column_padding_mobile=&#8221;on&#8221; background_position=&#8221;top_left&#8221; background_repeat=&#8221;repeat&#8221; background_size=&#8221;initial&#8221; module_class=&#8221; et_pb_row_fullwidth et_pb_row_fullwidth&#8221; width=&#8221;89%&#8221; width_tablet=&#8221;80%&#8221; width_last_edited=&#8221;on|desktop&#8221; max_width=&#8221;89%&#8221; max_width_tablet=&#8221;80%&#8221; max_width_last_edited=&#8221;on|desktop&#8221;][et_pb_column type=&#8221;4_4&#8243; custom_padding__hover=&#8221;|||&#8221; custom_padding=&#8221;|||&#8221;][et_pb_text background_position=&#8221;top_left&#8221; background_repeat=&#8221;repeat&#8221; background_size=&#8221;initial&#8221; _builder_version=&#8221;3.17.6&#8243; text_orientation=&#8221;left&#8221;]<\/p>\n<h2>\u00a0Ambiente<\/h2>\n<p>[\/et_pb_text][et_pb_gallery _builder_version=&#8221;3.17.6&#8243; gallery_ids=&#8221;1838,1840,1836,1839,1837,1778,1788,1779,1780,1781,1782,1783,1784,1785,1786,1787,1777,1789,1790,1791,1792,1793,1794,1795,1796,1797,1798,1799,1800,1801&#8243; posts_number=&#8221;30&#8243; zoom_icon_color=&#8221;#0a0000&#8243; hover_overlay_color=&#8221;rgba(255,255,255,0.9)&#8221; show_title_and_caption=&#8221;off&#8221; show_pagination=&#8221;off&#8221; \/][\/et_pb_column][\/et_pb_row][et_pb_row admin_label=&#8221;row&#8221; make_fullwidth=&#8221;on&#8221; padding_mobile=&#8221;off&#8221; column_padding_mobile=&#8221;on&#8221; background_position=&#8221;top_left&#8221; background_repeat=&#8221;repeat&#8221; background_size=&#8221;initial&#8221; module_class=&#8221; et_pb_row_fullwidth et_pb_row_fullwidth&#8221; width=&#8221;89%&#8221; width_tablet=&#8221;80%&#8221; width_last_edited=&#8221;on|desktop&#8221; max_width=&#8221;89%&#8221; max_width_tablet=&#8221;80%&#8221; max_width_last_edited=&#8221;on|desktop&#8221;][et_pb_column type=&#8221;4_4&#8243; custom_padding__hover=&#8221;|||&#8221; custom_padding=&#8221;|||&#8221;][et_pb_text background_position=&#8221;top_left&#8221; background_repeat=&#8221;repeat&#8221; background_size=&#8221;initial&#8221; _builder_version=&#8221;3.17.6&#8243; text_orientation=&#8221;left&#8221;]<\/p>\n<h2>Entrega de premios Slalom Gigante<\/h2>\n<p>[\/et_pb_text][et_pb_gallery _builder_version=&#8221;3.17.6&#8243; posts_number=&#8221;25&#8243; zoom_icon_color=&#8221;#0a0000&#8243; hover_overlay_color=&#8221;rgba(255,255,255,0.9)&#8221; gallery_ids=&#8221;1807,1808,1802,1803,1804,1805,1806,1809,1810,1811,1812,1813,1814,1815,1816,1817,1818,1819,1820,1821&#8243; show_title_and_caption=&#8221;off&#8221; show_pagination=&#8221;off&#8221; \/][\/et_pb_column][\/et_pb_row][et_pb_row admin_label=&#8221;row&#8221; make_fullwidth=&#8221;on&#8221; padding_mobile=&#8221;off&#8221; column_padding_mobile=&#8221;on&#8221; background_position=&#8221;top_left&#8221; background_repeat=&#8221;repeat&#8221; background_size=&#8221;initial&#8221; module_class=&#8221; et_pb_row_fullwidth et_pb_row_fullwidth&#8221; width=&#8221;89%&#8221; width_tablet=&#8221;80%&#8221; width_last_edited=&#8221;on|desktop&#8221; max_width=&#8221;89%&#8221; max_width_tablet=&#8221;80%&#8221; max_width_last_edited=&#8221;on|desktop&#8221;][et_pb_column type=&#8221;4_4&#8243; custom_padding__hover=&#8221;|||&#8221; custom_padding=&#8221;|||&#8221;][et_pb_text background_position=&#8221;top_left&#8221; background_repeat=&#8221;repeat&#8221; background_size=&#8221;initial&#8221; _builder_version=&#8221;3.17.6&#8243; text_orientation=&#8221;left&#8221;]<\/p>\n<h2>Entrega de premios Slalom Paralelo<\/h2>\n<p>[\/et_pb_text][et_pb_gallery _builder_version=&#8221;3.17.6&#8243; posts_number=&#8221;5&#8243; zoom_icon_color=&#8221;#0a0000&#8243; hover_overlay_color=&#8221;rgba(255,255,255,0.9)&#8221; gallery_ids=&#8221;1822,1823,1824,1825,1826&#8243; show_title_and_caption=&#8221;off&#8221; show_pagination=&#8221;off&#8221; \/][\/et_pb_column][\/et_pb_row][\/et_pb_section]<\/p>\n","protected":false},"excerpt":{"rendered":"<p>[et_pb_section bb_built=&#8221;1&#8243; admin_label=&#8221;section&#8221; background_color=&#8221;#dd342f&#8221; custom_padding=&#8221;54px|0px|54px|0px&#8221; custom_padding_tablet=&#8221;50px|0|50px|0&#8243; custom_padding_last_edited=&#8221;on|desktop&#8221; next_background_color=&#8221;#ffffff&#8221; _builder_version=&#8221;3.17.6&#8243; inner_width=&#8221;auto&#8221; inner_max_width=&#8221;1080px&#8221;][et_pb_row admin_label=&#8221;row&#8221; padding_mobile=&#8221;off&#8221; column_padding_mobile=&#8221;on&#8221; _builder_version=&#8221;3.0.47&#8243; background_size=&#8221;initial&#8221; background_position=&#8221;top_left&#8221; background_repeat=&#8221;repeat&#8221; width=&#8221;80%&#8221; max_width=&#8221;1080px&#8221;][et_pb_column type=&#8221;1_2&#8243; custom_padding__hover=&#8221;|||&#8221; custom_padding=&#8221;|||&#8221;][et_pb_text background_layout=&#8221;dark&#8221; background_position=&#8221;top_left&#8221; background_repeat=&#8221;repeat&#8221; background_size=&#8221;initial&#8221; text_orientation=&#8221;left&#8221;] Galer\u00eda de im\u00e1genes [\/et_pb_text][\/et_pb_column][et_pb_column type=&#8221;1_2&#8243; custom_padding__hover=&#8221;|||&#8221; custom_padding=&#8221;|||&#8221;][et_pb_image _builder_version=&#8221;4.5.3&#8243; src=&#8221;http:\/\/edicion.fundacionoccident.org\/esqui\/wp-content\/uploads\/2024\/01\/Occident-Fundacion_ESP_BN_Neg_RGB.png&#8221; align=&#8221;right&#8221; max_width=&#8221;30%&#8221; disabled=&#8221;off&#8221; disabled_on=&#8221;on|off|off&#8221; align_last_edited=&#8221;on|desktop&#8221; align_tablet=&#8221;center&#8221; box_shadow_horizontal_tablet=&#8221;0px&#8221; box_shadow_vertical_tablet=&#8221;0px&#8221; box_shadow_blur_tablet=&#8221;40px&#8221; box_shadow_spread_tablet=&#8221;0px&#8221; vertical_offset_tablet=&#8221;0&#8243; horizontal_offset_tablet=&#8221;0&#8243; z_index_tablet=&#8221;0&#8243; \/][\/et_pb_column][\/et_pb_row][\/et_pb_section][et_pb_section bb_built=&#8221;1&#8243; admin_label=&#8221;section&#8221; custom_padding=&#8221;54px|0px|54px|0px&#8221; padding_mobile=&#8221;off&#8221; [&hellip;]<\/p>\n","protected":false},"author":6,"featured_media":0,"parent":0,"menu_order":0,"comment_status":"closed","ping_status":"closed","template":"","meta":{"_et_pb_use_builder":"on","_et_pb_old_content":"","_et_gb_content_width":"","footnotes":""},"class_list":["post-1771","page","type-page","status-publish","hentry"],"yoast_head":"<!-- This site is optimized with the Yoast SEO plugin v26.3 - https:\/\/yoast.com\/wordpress\/plugins\/seo\/ -->\n<title>Nuestra Galer\u00eda de Im\u00e1genes 2019 - Trofeo Esqu\u00ed<\/title>\n<meta name=\"description\" content=\"Descubre en nuestra galer\u00eda las fotos del Trofeo de Esqu\u00ed 2019. La 12\u00aa edici\u00f3n del campeonato de esqu\u00ed organizado por la Fundaci\u00f3n Jes\u00fas Serra.\" \/>\n<meta name=\"robots\" content=\"index, follow, max-snippet:-1, max-image-preview:large, max-video-preview:-1\" \/>\n<link rel=\"canonical\" href=\"http:\/\/edicion.fundacionoccident.org\/esqui\/wp-json\/wp\/v2\/pages\/1771\" \/>\n<meta property=\"og:locale\" content=\"es_ES\" \/>\n<meta property=\"og:type\" content=\"article\" \/>\n<meta property=\"og:title\" content=\"Nuestra Galer\u00eda de Im\u00e1genes 2019 - Trofeo Esqu\u00ed\" \/>\n<meta property=\"og:description\" content=\"Descubre en nuestra galer\u00eda las fotos del Trofeo de Esqu\u00ed 2019. La 12\u00aa edici\u00f3n del campeonato de esqu\u00ed organizado por la Fundaci\u00f3n Jes\u00fas Serra.\" \/>\n<meta property=\"og:url\" content=\"http:\/\/edicion.fundacionoccident.org\/esqui\/galeria-2019\" \/>\n<meta property=\"og:site_name\" content=\"Trofeo de esqu\u00ed Fundaci\u00f3n Jes\u00fas Serra\" \/>\n<meta property=\"article:modified_time\" content=\"2024-01-08T11:34:30+00:00\" \/>\n<meta name=\"twitter:card\" content=\"summary_large_image\" \/>\n<meta name=\"twitter:label1\" content=\"Tiempo de lectura\" \/>\n\t<meta name=\"twitter:data1\" content=\"4 minutos\" \/>\n<script type=\"application\/ld+json\" class=\"yoast-schema-graph\">{\"@context\":\"https:\/\/schema.org\",\"@graph\":[{\"@type\":\"WebPage\",\"@id\":\"http:\/\/edicion.fundacionoccident.org\/esqui\/galeria-2019\",\"url\":\"http:\/\/edicion.fundacionoccident.org\/esqui\/galeria-2019\",\"name\":\"Nuestra Galer\u00eda de Im\u00e1genes 2019 - Trofeo Esqu\u00ed\",\"isPartOf\":{\"@id\":\"http:\/\/edicion.fundacionoccident.org\/esqui\/#website\"},\"datePublished\":\"2019-03-12T15:08:50+00:00\",\"dateModified\":\"2024-01-08T11:34:30+00:00\",\"description\":\"Descubre en nuestra galer\u00eda las fotos del Trofeo de Esqu\u00ed 2019. La 12\u00aa edici\u00f3n del campeonato de esqu\u00ed organizado por la Fundaci\u00f3n Jes\u00fas Serra.\",\"breadcrumb\":{\"@id\":\"http:\/\/edicion.fundacionoccident.org\/esqui\/galeria-2019#breadcrumb\"},\"inLanguage\":\"es\",\"potentialAction\":[{\"@type\":\"ReadAction\",\"target\":[\"http:\/\/edicion.fundacionoccident.org\/esqui\/galeria-2019\"]}]},{\"@type\":\"BreadcrumbList\",\"@id\":\"http:\/\/edicion.fundacionoccident.org\/esqui\/galeria-2019#breadcrumb\",\"itemListElement\":[{\"@type\":\"ListItem\",\"position\":1,\"name\":\"Inicio \u00bb Trofeo de Esqu\u00ed\",\"item\":\"https:\/\/edicion.fundacionoccident.org\/esqui\/\"},{\"@type\":\"ListItem\",\"position\":2,\"name\":\"Galer\u00eda 2019\"}]},{\"@type\":\"WebSite\",\"@id\":\"http:\/\/edicion.fundacionoccident.org\/esqui\/#website\",\"url\":\"http:\/\/edicion.fundacionoccident.org\/esqui\/\",\"name\":\"Trofeo de esqu\u00ed Fundaci\u00f3n Jes\u00fas Serra\",\"description\":\"\",\"potentialAction\":[{\"@type\":\"SearchAction\",\"target\":{\"@type\":\"EntryPoint\",\"urlTemplate\":\"http:\/\/edicion.fundacionoccident.org\/esqui\/?s={search_term_string}\"},\"query-input\":{\"@type\":\"PropertyValueSpecification\",\"valueRequired\":true,\"valueName\":\"search_term_string\"}}],\"inLanguage\":\"es\"}]}<\/script>\n<!-- \/ Yoast SEO plugin. -->","yoast_head_json":{"title":"Nuestra Galer\u00eda de Im\u00e1genes 2019 - Trofeo Esqu\u00ed","description":"Descubre en nuestra galer\u00eda las fotos del Trofeo de Esqu\u00ed 2019. La 12\u00aa edici\u00f3n del campeonato de esqu\u00ed organizado por la Fundaci\u00f3n Jes\u00fas Serra.","robots":{"index":"index","follow":"follow","max-snippet":"max-snippet:-1","max-image-preview":"max-image-preview:large","max-video-preview":"max-video-preview:-1"},"canonical":"http:\/\/edicion.fundacionoccident.org\/esqui\/wp-json\/wp\/v2\/pages\/1771","og_locale":"es_ES","og_type":"article","og_title":"Nuestra Galer\u00eda de Im\u00e1genes 2019 - Trofeo Esqu\u00ed","og_description":"Descubre en nuestra galer\u00eda las fotos del Trofeo de Esqu\u00ed 2019. La 12\u00aa edici\u00f3n del campeonato de esqu\u00ed organizado por la Fundaci\u00f3n Jes\u00fas Serra.","og_url":"http:\/\/edicion.fundacionoccident.org\/esqui\/galeria-2019","og_site_name":"Trofeo de esqu\u00ed Fundaci\u00f3n Jes\u00fas Serra","article_modified_time":"2024-01-08T11:34:30+00:00","twitter_card":"summary_large_image","twitter_misc":{"Tiempo de lectura":"4 minutos"},"schema":{"@context":"https:\/\/schema.org","@graph":[{"@type":"WebPage","@id":"http:\/\/edicion.fundacionoccident.org\/esqui\/galeria-2019","url":"http:\/\/edicion.fundacionoccident.org\/esqui\/galeria-2019","name":"Nuestra Galer\u00eda de Im\u00e1genes 2019 - Trofeo Esqu\u00ed","isPartOf":{"@id":"http:\/\/edicion.fundacionoccident.org\/esqui\/#website"},"datePublished":"2019-03-12T15:08:50+00:00","dateModified":"2024-01-08T11:34:30+00:00","description":"Descubre en nuestra galer\u00eda las fotos del Trofeo de Esqu\u00ed 2019. La 12\u00aa edici\u00f3n del campeonato de esqu\u00ed organizado por la Fundaci\u00f3n Jes\u00fas Serra.","breadcrumb":{"@id":"http:\/\/edicion.fundacionoccident.org\/esqui\/galeria-2019#breadcrumb"},"inLanguage":"es","potentialAction":[{"@type":"ReadAction","target":["http:\/\/edicion.fundacionoccident.org\/esqui\/galeria-2019"]}]},{"@type":"BreadcrumbList","@id":"http:\/\/edicion.fundacionoccident.org\/esqui\/galeria-2019#breadcrumb","itemListElement":[{"@type":"ListItem","position":1,"name":"Inicio \u00bb Trofeo de Esqu\u00ed","item":"https:\/\/edicion.fundacionoccident.org\/esqui\/"},{"@type":"ListItem","position":2,"name":"Galer\u00eda 2019"}]},{"@type":"WebSite","@id":"http:\/\/edicion.fundacionoccident.org\/esqui\/#website","url":"http:\/\/edicion.fundacionoccident.org\/esqui\/","name":"Trofeo de esqu\u00ed Fundaci\u00f3n Jes\u00fas Serra","description":"","potentialAction":[{"@type":"SearchAction","target":{"@type":"EntryPoint","urlTemplate":"http:\/\/edicion.fundacionoccident.org\/esqui\/?s={search_term_string}"},"query-input":{"@type":"PropertyValueSpecification","valueRequired":true,"valueName":"search_term_string"}}],"inLanguage":"es"}]}},"_links":{"self":[{"href":"http:\/\/edicion.fundacionoccident.org\/esqui\/wp-json\/wp\/v2\/pages\/1771","targetHints":{"allow":["GET"]}}],"collection":[{"href":"http:\/\/edicion.fundacionoccident.org\/esqui\/wp-json\/wp\/v2\/pages"}],"about":[{"href":"http:\/\/edicion.fundacionoccident.org\/esqui\/wp-json\/wp\/v2\/types\/page"}],"author":[{"embeddable":true,"href":"http:\/\/edicion.fundacionoccident.org\/esqui\/wp-json\/wp\/v2\/users\/6"}],"replies":[{"embeddable":true,"href":"http:\/\/edicion.fundacionoccident.org\/esqui\/wp-json\/wp\/v2\/comments?post=1771"}],"version-history":[{"count":15,"href":"http:\/\/edicion.fundacionoccident.org\/esqui\/wp-json\/wp\/v2\/pages\/1771\/revisions"}],"predecessor-version":[{"id":3504,"href":"http:\/\/edicion.fundacionoccident.org\/esqui\/wp-json\/wp\/v2\/pages\/1771\/revisions\/3504"}],"wp:attachment":[{"href":"http:\/\/edicion.fundacionoccident.org\/esqui\/wp-json\/wp\/v2\/media?parent=1771"}],"curies":[{"name":"wp","href":"https:\/\/api.w.org\/{rel}","templated":true}]}}