{"id":551,"date":"2016-12-26T11:35:47","date_gmt":"2016-12-26T11:35:47","guid":{"rendered":"http:\/\/edicion.fundacionjesusserra.org\/esqui\/pre\/?page_id=551"},"modified":"2025-02-26T13:18:30","modified_gmt":"2025-02-26T12:18:30","slug":"terminos-condiciones-uso","status":"publish","type":"page","link":"http:\/\/edicion.fundacionoccident.org\/esqui\/terminos-condiciones-uso","title":{"rendered":"T\u00e9rminos y condiciones de uso"},"content":{"rendered":"<p>Mediante el presente escrito, la organizaci\u00f3n del Trofeo de esqu\u00ed Fundaci\u00f3n Occident presenta sus pol\u00edticas de uso de sus servicios, que deben ser le\u00eddas y observadas por todos y cada uno de los inscritos a dicho Trofeo.<\/p>\n<p><strong>LEA ATENTAMENTE ESTAS POLITICAS DE USO ANTES DE USAR ESTE SERVICIO.<\/strong><\/p>\n<p>Al usar el sitio www.fundacionoccident.org\/trofeo-esqui , usted acepta estas pol\u00edticas de uso. En el supuesto caso que hubiese modificaciones en estas pol\u00edticas, la organizaci\u00f3n del evento se reserva el derecho, a su discreci\u00f3n, de cambiar, modificar, a\u00f1adir o suprimir partes de los presentes t\u00e9rminos en cualquier momento, siempre avisando con antelaci\u00f3n a todos aquellos que ya se han inscrito. Se recomienda la visita peri\u00f3dica de estos t\u00e9rminos. El uso continuo del sitio de www.fundacionoccident.org\/trofeo-esqui despu\u00e9s de la incorporaci\u00f3n de cambios a los presentes t\u00e9rminos implicar\u00e1 la aceptaci\u00f3n de dichos cambios.<\/p>\n<p><strong>Pol\u00edtica de venta<\/strong><\/p>\n<p>El usuario deber\u00e1 realizar la inscripci\u00f3n al evento a trav\u00e9s de la p\u00e1gina web de www.fundacionoccident.org\/trofeo-esqui en el correspondiente apartado de inscripci\u00f3n.<\/p>\n<p>El usuario no estar\u00e1 formalmente inscrito hasta que no haya realizado la inscripci\u00f3n y el pago de la misma. Una vez realizado esto quedar\u00e1 confirmada su inscripci\u00f3n. Si llegado el d\u00eda del inicio del evento el usuario no tiene formalizado el pago, el usuario no tiene derecho a plaza y por tanto su derecho a asistencia.<\/p>\n<p>Los pagos podr\u00e1n realizarse mediante nuestro TPV virtual usando tarjetas.<\/p>\n<p><strong>Pol\u00edtica de devoluci\u00f3n<\/strong><\/p>\n<p>El usuario tiene derecho a la devoluci\u00f3n del importe de la inscripci\u00f3n en los siguientes t\u00e9rminos y condiciones:<\/p>\n<p>Las cancelaciones deben informarse por escrito como m\u00e1ximo una semana antes a la celebraci\u00f3n del evento, enviando un email a esqui@fundacionoccident.com. No se aceptan cancelaciones informadas por ninguna otra v\u00eda. En dicho email deben constar todos los datos de la inscripci\u00f3n, incluyendo Nombre del Inscrito, categor\u00eda y datos de contacto.<\/p>\n<p><strong>Tasas de devoluci\u00f3n<\/strong><\/p>\n<p>Para las cancelaciones informadas como m\u00e1ximo una semana antes del comienzo del evento se reembolsar\u00e1 el importe total de la inscripci\u00f3n.<\/p>\n<p>Las devoluciones se realizar\u00e1n dentro de los 30 d\u00edas naturales posteriores a la solicitud de cancelaci\u00f3n, por transferencia electr\u00f3nica a nombre de quien la realiz\u00f3.<\/p>\n<p><strong>Pol\u00edtica de cancelaci\u00f3n<\/strong><\/p>\n<p>La organizaci\u00f3n se reserva el derecho de posponer o cancelar el evento por razones de meteorolog\u00eda adversa u otros motivos de seguridad. En estos casos, ser\u00e1n reintegrados totalmente los pagos recibidos por inscripciones sin posibilidad expresa de ning\u00fan otro tipo de compensaci\u00f3n.<\/p>\n<p><strong>Datos fiscales del cobrador\u00a0 \u00a0 \u00a0 \u00a0 \u00a0 \u00a0 \u00a0 \u00a0 \u00a0 \u00a0 \u00a0 \u00a0 \u00a0 \u00a0 \u00a0 \u00a0 en nombre de<\/strong><\/p>\n<p>U1ST SPORTS MARKETING,S.L. \u00a0 \u00a0 \u00a0 \u00a0 \u00a0 \u00a0 \u00a0 \u00a0 \u00a0 \u00a0 \u00a0 \u00a0Fundaci\u00f3n Occident<br \/>\nC\/Colombia, 12\u00a0 \u00a0 \u00a0 \u00a0 \u00a0 \u00a0 \u00a0 \u00a0 \u00a0 \u00a0 \u00a0 \u00a0 \u00a0 \u00a0 \u00a0 \u00a0 \u00a0 \u00a0 \u00a0 \u00a0 \u00a0 \u00a0 \u00a0 \u00a0 \u00a0 \u00a0 \u00a0 Avda. Alcalde Barnils, 63<br \/>\n28006 &#8211; Madrid\u00a0 \u00a0 \u00a0 \u00a0 \u00a0 \u00a0 \u00a0 \u00a0 \u00a0 \u00a0 \u00a0 \u00a0 \u00a0 \u00a0 \u00a0 \u00a0 \u00a0 \u00a0 \u00a0 \u00a0 \u00a0 \u00a0 \u00a0 \u00a0 \u00a0 \u00a0 \u00a0 08174 Sant Cugat del Vall\u00e8s<br \/>\n(Madrid), Espa\u00f1a \u00a0 \u00a0 \u00a0 \u00a0 \u00a0 \u00a0 \u00a0 \u00a0 \u00a0 \u00a0 \u00a0 \u00a0 \u00a0 \u00a0 \u00a0 \u00a0 \u00a0 \u00a0 \u00a0 \u00a0 \u00a0 \u00a0 \u00a0 \u00a0 \u00a0 (Barcelona), Espa\u00f1a<br \/>\nCIF: B-84457324 \u00a0 \u00a0 \u00a0 \u00a0 \u00a0 \u00a0 \u00a0 \u00a0 \u00a0 \u00a0 \u00a0 \u00a0 \u00a0 \u00a0 \u00a0 \u00a0 \u00a0 \u00a0 \u00a0 \u00a0 \u00a0 \u00a0 \u00a0 \u00a0 \u00a0 CIF: G-61559076<\/p>\n<p>&nbsp;<\/p>\n<p>&nbsp;<\/p>\n<p>&nbsp;<\/p>\n","protected":false},"excerpt":{"rendered":"<p>Mediante el presente escrito, la organizaci\u00f3n del Trofeo de esqu\u00ed Fundaci\u00f3n Occident presenta sus pol\u00edticas de uso de sus servicios, que deben ser le\u00eddas y observadas por todos y cada uno de los inscritos a dicho Trofeo. LEA ATENTAMENTE ESTAS POLITICAS DE USO ANTES DE USAR ESTE SERVICIO. Al usar el sitio www.fundacionoccident.org\/trofeo-esqui , usted [&hellip;]<\/p>\n","protected":false},"author":6,"featured_media":0,"parent":0,"menu_order":0,"comment_status":"closed","ping_status":"closed","template":"","meta":{"_et_pb_use_builder":"off","_et_pb_old_content":"","_et_gb_content_width":"","footnotes":""},"class_list":["post-551","page","type-page","status-publish","hentry"],"yoast_head":"<!-- This site is optimized with the Yoast SEO plugin v26.3 - https:\/\/yoast.com\/wordpress\/plugins\/seo\/ -->\n<title>T\u00e9rminos y Condiciones de Uso - Trofeo Esqu\u00ed<\/title>\n<meta name=\"description\" content=\"Conoce las pol\u00edticas de uso del Trofeo de Esqu\u00ed Fundaci\u00f3n Jes\u00fas Serra. Deben ser le\u00eddas y observadas por todos los inscritos al trofeo.\" \/>\n<meta name=\"robots\" content=\"index, follow, max-snippet:-1, max-image-preview:large, max-video-preview:-1\" \/>\n<link rel=\"canonical\" href=\"http:\/\/edicion.fundacionoccident.org\/esqui\/wp-json\/wp\/v2\/pages\/551\" \/>\n<meta property=\"og:locale\" content=\"es_ES\" \/>\n<meta property=\"og:type\" content=\"article\" \/>\n<meta property=\"og:title\" content=\"T\u00e9rminos y Condiciones de Uso - Trofeo Esqu\u00ed\" \/>\n<meta property=\"og:description\" content=\"Conoce las pol\u00edticas de uso del Trofeo de Esqu\u00ed Fundaci\u00f3n Jes\u00fas Serra. Deben ser le\u00eddas y observadas por todos los inscritos al trofeo.\" \/>\n<meta property=\"og:url\" content=\"http:\/\/edicion.fundacionoccident.org\/esqui\/terminos-condiciones-uso\" \/>\n<meta property=\"og:site_name\" content=\"Trofeo de esqu\u00ed Fundaci\u00f3n Jes\u00fas Serra\" \/>\n<meta property=\"article:modified_time\" content=\"2025-02-26T12:18:30+00:00\" \/>\n<meta name=\"twitter:card\" content=\"summary_large_image\" \/>\n<meta name=\"twitter:label1\" content=\"Tiempo de lectura\" \/>\n\t<meta name=\"twitter:data1\" content=\"2 minutos\" \/>\n<script type=\"application\/ld+json\" class=\"yoast-schema-graph\">{\"@context\":\"https:\/\/schema.org\",\"@graph\":[{\"@type\":\"WebPage\",\"@id\":\"http:\/\/edicion.fundacionoccident.org\/esqui\/terminos-condiciones-uso\",\"url\":\"http:\/\/edicion.fundacionoccident.org\/esqui\/terminos-condiciones-uso\",\"name\":\"T\u00e9rminos y Condiciones de Uso - Trofeo Esqu\u00ed\",\"isPartOf\":{\"@id\":\"http:\/\/edicion.fundacionoccident.org\/esqui\/#website\"},\"datePublished\":\"2016-12-26T11:35:47+00:00\",\"dateModified\":\"2025-02-26T12:18:30+00:00\",\"description\":\"Conoce las pol\u00edticas de uso del Trofeo de Esqu\u00ed Fundaci\u00f3n Jes\u00fas Serra. Deben ser le\u00eddas y observadas por todos los inscritos al trofeo.\",\"breadcrumb\":{\"@id\":\"http:\/\/edicion.fundacionoccident.org\/esqui\/terminos-condiciones-uso#breadcrumb\"},\"inLanguage\":\"es\",\"potentialAction\":[{\"@type\":\"ReadAction\",\"target\":[\"http:\/\/edicion.fundacionoccident.org\/esqui\/terminos-condiciones-uso\"]}]},{\"@type\":\"BreadcrumbList\",\"@id\":\"http:\/\/edicion.fundacionoccident.org\/esqui\/terminos-condiciones-uso#breadcrumb\",\"itemListElement\":[{\"@type\":\"ListItem\",\"position\":1,\"name\":\"Inicio \u00bb Trofeo de Esqu\u00ed\",\"item\":\"https:\/\/edicion.fundacionoccident.org\/esqui\/\"},{\"@type\":\"ListItem\",\"position\":2,\"name\":\"T\u00e9rminos y condiciones de uso\"}]},{\"@type\":\"WebSite\",\"@id\":\"http:\/\/edicion.fundacionoccident.org\/esqui\/#website\",\"url\":\"http:\/\/edicion.fundacionoccident.org\/esqui\/\",\"name\":\"Trofeo de esqu\u00ed Fundaci\u00f3n Jes\u00fas Serra\",\"description\":\"\",\"potentialAction\":[{\"@type\":\"SearchAction\",\"target\":{\"@type\":\"EntryPoint\",\"urlTemplate\":\"http:\/\/edicion.fundacionoccident.org\/esqui\/?s={search_term_string}\"},\"query-input\":{\"@type\":\"PropertyValueSpecification\",\"valueRequired\":true,\"valueName\":\"search_term_string\"}}],\"inLanguage\":\"es\"}]}<\/script>\n<!-- \/ Yoast SEO plugin. -->","yoast_head_json":{"title":"T\u00e9rminos y Condiciones de Uso - Trofeo Esqu\u00ed","description":"Conoce las pol\u00edticas de uso del Trofeo de Esqu\u00ed Fundaci\u00f3n Jes\u00fas Serra. Deben ser le\u00eddas y observadas por todos los inscritos al trofeo.","robots":{"index":"index","follow":"follow","max-snippet":"max-snippet:-1","max-image-preview":"max-image-preview:large","max-video-preview":"max-video-preview:-1"},"canonical":"http:\/\/edicion.fundacionoccident.org\/esqui\/wp-json\/wp\/v2\/pages\/551","og_locale":"es_ES","og_type":"article","og_title":"T\u00e9rminos y Condiciones de Uso - Trofeo Esqu\u00ed","og_description":"Conoce las pol\u00edticas de uso del Trofeo de Esqu\u00ed Fundaci\u00f3n Jes\u00fas Serra. Deben ser le\u00eddas y observadas por todos los inscritos al trofeo.","og_url":"http:\/\/edicion.fundacionoccident.org\/esqui\/terminos-condiciones-uso","og_site_name":"Trofeo de esqu\u00ed Fundaci\u00f3n Jes\u00fas Serra","article_modified_time":"2025-02-26T12:18:30+00:00","twitter_card":"summary_large_image","twitter_misc":{"Tiempo de lectura":"2 minutos"},"schema":{"@context":"https:\/\/schema.org","@graph":[{"@type":"WebPage","@id":"http:\/\/edicion.fundacionoccident.org\/esqui\/terminos-condiciones-uso","url":"http:\/\/edicion.fundacionoccident.org\/esqui\/terminos-condiciones-uso","name":"T\u00e9rminos y Condiciones de Uso - Trofeo Esqu\u00ed","isPartOf":{"@id":"http:\/\/edicion.fundacionoccident.org\/esqui\/#website"},"datePublished":"2016-12-26T11:35:47+00:00","dateModified":"2025-02-26T12:18:30+00:00","description":"Conoce las pol\u00edticas de uso del Trofeo de Esqu\u00ed Fundaci\u00f3n Jes\u00fas Serra. Deben ser le\u00eddas y observadas por todos los inscritos al trofeo.","breadcrumb":{"@id":"http:\/\/edicion.fundacionoccident.org\/esqui\/terminos-condiciones-uso#breadcrumb"},"inLanguage":"es","potentialAction":[{"@type":"ReadAction","target":["http:\/\/edicion.fundacionoccident.org\/esqui\/terminos-condiciones-uso"]}]},{"@type":"BreadcrumbList","@id":"http:\/\/edicion.fundacionoccident.org\/esqui\/terminos-condiciones-uso#breadcrumb","itemListElement":[{"@type":"ListItem","position":1,"name":"Inicio \u00bb Trofeo de Esqu\u00ed","item":"https:\/\/edicion.fundacionoccident.org\/esqui\/"},{"@type":"ListItem","position":2,"name":"T\u00e9rminos y condiciones de uso"}]},{"@type":"WebSite","@id":"http:\/\/edicion.fundacionoccident.org\/esqui\/#website","url":"http:\/\/edicion.fundacionoccident.org\/esqui\/","name":"Trofeo de esqu\u00ed Fundaci\u00f3n Jes\u00fas Serra","description":"","potentialAction":[{"@type":"SearchAction","target":{"@type":"EntryPoint","urlTemplate":"http:\/\/edicion.fundacionoccident.org\/esqui\/?s={search_term_string}"},"query-input":{"@type":"PropertyValueSpecification","valueRequired":true,"valueName":"search_term_string"}}],"inLanguage":"es"}]}},"_links":{"self":[{"href":"http:\/\/edicion.fundacionoccident.org\/esqui\/wp-json\/wp\/v2\/pages\/551","targetHints":{"allow":["GET"]}}],"collection":[{"href":"http:\/\/edicion.fundacionoccident.org\/esqui\/wp-json\/wp\/v2\/pages"}],"about":[{"href":"http:\/\/edicion.fundacionoccident.org\/esqui\/wp-json\/wp\/v2\/types\/page"}],"author":[{"embeddable":true,"href":"http:\/\/edicion.fundacionoccident.org\/esqui\/wp-json\/wp\/v2\/users\/6"}],"replies":[{"embeddable":true,"href":"http:\/\/edicion.fundacionoccident.org\/esqui\/wp-json\/wp\/v2\/comments?post=551"}],"version-history":[{"count":14,"href":"http:\/\/edicion.fundacionoccident.org\/esqui\/wp-json\/wp\/v2\/pages\/551\/revisions"}],"predecessor-version":[{"id":3930,"href":"http:\/\/edicion.fundacionoccident.org\/esqui\/wp-json\/wp\/v2\/pages\/551\/revisions\/3930"}],"wp:attachment":[{"href":"http:\/\/edicion.fundacionoccident.org\/esqui\/wp-json\/wp\/v2\/media?parent=551"}],"curies":[{"name":"wp","href":"https:\/\/api.w.org\/{rel}","templated":true}]}}