{"id":907,"date":"2018-01-12T12:53:27","date_gmt":"2018-01-12T12:53:27","guid":{"rendered":"http:\/\/edicion.fundacionjesusserra.org\/esqui\/?page_id=907"},"modified":"2024-01-08T12:37:35","modified_gmt":"2024-01-08T11:37:35","slug":"ganadores-2016","status":"publish","type":"page","link":"http:\/\/edicion.fundacionoccident.org\/esqui\/ganadores-2016","title":{"rendered":"Ganadores 2016"},"content":{"rendered":"<p>[et_pb_section bb_built=&#8221;1&#8243; admin_label=&#8221;section&#8221; background_color=&#8221;#dd342f&#8221; custom_padding=&#8221;54px|0px|54px|0px&#8221; custom_padding_tablet=&#8221;50px|0|50px|0&#8243; custom_padding_last_edited=&#8221;on|desktop&#8221; next_background_color=&#8221;#ffffff&#8221; _builder_version=&#8221;3.17.6&#8243; inner_width=&#8221;auto&#8221; inner_max_width=&#8221;1080px&#8221;][et_pb_row admin_label=&#8221;row&#8221; padding_mobile=&#8221;off&#8221; column_padding_mobile=&#8221;on&#8221; _builder_version=&#8221;3.0.47&#8243; background_size=&#8221;initial&#8221; background_position=&#8221;top_left&#8221; background_repeat=&#8221;repeat&#8221; width=&#8221;80%&#8221; max_width=&#8221;1080px&#8221;][et_pb_column type=&#8221;1_2&#8243; custom_padding__hover=&#8221;|||&#8221; custom_padding=&#8221;|||&#8221;][et_pb_text background_layout=&#8221;dark&#8221; text_orientation=&#8221;left&#8221; use_border_color=&#8221;off&#8221; border_color=&#8221;#ffffff&#8221; border_style=&#8221;solid&#8221; background_position=&#8221;top_left&#8221; background_repeat=&#8221;repeat&#8221; background_size=&#8221;initial&#8221;]<\/p>\n<h1>Ganadores<\/h1>\n<p>[\/et_pb_text][\/et_pb_column][et_pb_column type=&#8221;1_2&#8243; custom_padding__hover=&#8221;|||&#8221; custom_padding=&#8221;|||&#8221;][et_pb_image _builder_version=&#8221;4.5.3&#8243; src=&#8221;http:\/\/edicion.fundacionoccident.org\/esqui\/wp-content\/uploads\/2024\/01\/Occident-Fundacion_ESP_BN_Neg_RGB.png&#8221; align=&#8221;right&#8221; max_width=&#8221;30%&#8221; disabled=&#8221;off&#8221; disabled_on=&#8221;on|off|off&#8221; align_last_edited=&#8221;on|desktop&#8221; align_tablet=&#8221;center&#8221; box_shadow_horizontal_tablet=&#8221;0px&#8221; box_shadow_vertical_tablet=&#8221;0px&#8221; box_shadow_blur_tablet=&#8221;40px&#8221; box_shadow_spread_tablet=&#8221;0px&#8221; vertical_offset_tablet=&#8221;0&#8243; horizontal_offset_tablet=&#8221;0&#8243; z_index_tablet=&#8221;0&#8243; \/][\/et_pb_column][\/et_pb_row][\/et_pb_section][et_pb_section bb_built=&#8221;1&#8243; background_color=&#8221;#ffffff&#8221; padding_mobile=&#8221;off&#8221; custom_padding_tablet=&#8221;50px|0|50px|0&#8243; custom_padding_last_edited=&#8221;on|desktop&#8221; prev_background_color=&#8221;#dd342f&#8221; inner_width=&#8221;auto&#8221; inner_max_width=&#8221;1080px&#8221;][et_pb_row admin_label=&#8221;row&#8221; custom_padding=&#8221;||0px|&#8221; custom_padding_tablet=&#8221;||0px|&#8221; custom_padding_phone=&#8221;||0px|&#8221; padding_mobile=&#8221;off&#8221; column_padding_mobile=&#8221;on&#8221; custom_padding_last_edited=&#8221;on|tablet&#8221; background_position=&#8221;top_left&#8221; background_repeat=&#8221;repeat&#8221; background_size=&#8221;initial&#8221; width=&#8221;80%&#8221; max_width=&#8221;1080px&#8221;][et_pb_column type=&#8221;4_4&#8243; custom_padding__hover=&#8221;|||&#8221; custom_padding=&#8221;|||&#8221;][et_pb_text background_position=&#8221;top_left&#8221; background_repeat=&#8221;repeat&#8221; background_size=&#8221;initial&#8221; text_orientation=&#8221;left&#8221;]<\/p>\n<h2><span style=\"color: #000000;\">Ganadores <\/span><span style=\"color: #000000;\">del 9\u00ba Trofeo de esqu\u00ed Fundaci\u00f3n Occident<\/span><\/h2>\n<h3><strong>2016<\/strong><\/h3>\n<p>[\/et_pb_text][et_pb_text background_position=&#8221;top_left&#8221; background_repeat=&#8221;repeat&#8221; background_size=&#8221;initial&#8221; text_orientation=&#8221;left&#8221;]<\/p>\n<p><\/p>\n<p>[\/et_pb_text][et_pb_image src=&#8221;http:\/\/www.fundacionoccident.org\/esqui\/wp-content\/uploads\/2016\/12\/galeria-2016-16.jpg&#8221; animation_style=&#8221;slide&#8221; animation_duration=&#8221;500ms&#8221; animation_intensity_slide=&#8221;10%&#8221; animation_direction=&#8221;left&#8221; show_bottom_space=&#8221;on&#8221; align_last_edited=&#8221;on|desktop&#8221; align_tablet=&#8221;center&#8221;]<\/p>\n<p><\/p>\n<p>[\/et_pb_image][\/et_pb_column][\/et_pb_row][et_pb_row admin_label=&#8221;row&#8221; padding_mobile=&#8221;off&#8221; column_padding_mobile=&#8221;on&#8221; background_position=&#8221;top_left&#8221; background_repeat=&#8221;repeat&#8221; background_size=&#8221;initial&#8221; width=&#8221;80%&#8221; max_width=&#8221;1080px&#8221;][et_pb_column type=&#8221;4_4&#8243; custom_padding__hover=&#8221;|||&#8221; custom_padding=&#8221;|||&#8221;][et_pb_text module_class=&#8221;verde&#8221; custom_margin=&#8221;||8px|&#8221; background_position=&#8221;top_left&#8221; background_repeat=&#8221;repeat&#8221; background_size=&#8221;initial&#8221; text_orientation=&#8221;left&#8221;]<\/p>\n<h3>Paralelo<\/h3>\n<p>[\/et_pb_text][et_pb_divider color=&#8221;#26b090&#8243; show_divider=&#8221;on&#8221; height=&#8221;1px&#8221; divider_position=&#8221;bottom&#8221; divider_weight=&#8221;3px&#8221; hide_on_mobile=&#8221;off&#8221;]<\/p>\n<p><\/p>\n<p>[\/et_pb_divider][\/et_pb_column][\/et_pb_row][et_pb_row admin_label=&#8221;row&#8221; padding_mobile=&#8221;off&#8221; column_padding_mobile=&#8221;on&#8221; background_position=&#8221;top_left&#8221; background_repeat=&#8221;repeat&#8221; background_size=&#8221;initial&#8221; width=&#8221;80%&#8221; max_width=&#8221;1080px&#8221;][et_pb_column type=&#8221;1_2&#8243; custom_padding__hover=&#8221;|||&#8221; custom_padding=&#8221;|||&#8221;][et_pb_text custom_css_main_element=&#8221;li {margin-bottom: 20px;}&#8221; background_layout=&#8221;light&#8221; text_orientation=&#8221;left&#8221; use_border_color=&#8221;off&#8221; border_color=&#8221;#ffffff&#8221; border_style=&#8221;solid&#8221; background_position=&#8221;top_left&#8221; background_repeat=&#8221;repeat&#8221; background_size=&#8221;initial&#8221;]<\/p>\n<p>\n<strong>Categor\u00eda Mujeres<\/strong><\/p>\n<ol>\n<li>Luc\u00eda Guerra<\/li>\n<li>Jana Carbonell<\/li>\n<li>Laura Soria<\/li>\n<\/ol>\n<p>&nbsp;<\/p>\n<p>[\/et_pb_text][\/et_pb_column][et_pb_column type=&#8221;1_2&#8243; custom_padding__hover=&#8221;|||&#8221; custom_padding=&#8221;|||&#8221;][et_pb_text custom_css_main_element=&#8221;li {margin-bottom: 20px;}&#8221; background_layout=&#8221;light&#8221; text_orientation=&#8221;left&#8221; use_border_color=&#8221;off&#8221; border_color=&#8221;#ffffff&#8221; border_style=&#8221;solid&#8221; background_position=&#8221;top_left&#8221; background_repeat=&#8221;repeat&#8221; background_size=&#8221;initial&#8221;]<\/p>\n<p>\n<strong>Categor\u00eda Hombres<\/strong><\/p>\n<ol>\n<li>Arnau Puig<\/li>\n<li>Antxon Isusi<\/li>\n<li>Miguel Escayola<\/li>\n<\/ol>\n<p>[\/et_pb_text][\/et_pb_column][\/et_pb_row][et_pb_row admin_label=&#8221;row&#8221; padding_mobile=&#8221;off&#8221; column_padding_mobile=&#8221;on&#8221; background_position=&#8221;top_left&#8221; background_repeat=&#8221;repeat&#8221; background_size=&#8221;initial&#8221; width=&#8221;80%&#8221; max_width=&#8221;1080px&#8221;][et_pb_column type=&#8221;4_4&#8243; custom_padding__hover=&#8221;|||&#8221; custom_padding=&#8221;|||&#8221;][et_pb_text module_class=&#8221;verde&#8221; custom_margin=&#8221;||8px|&#8221; background_position=&#8221;top_left&#8221; background_repeat=&#8221;repeat&#8221; background_size=&#8221;initial&#8221; text_orientation=&#8221;left&#8221;]<\/p>\n<h3>Slalom Gigante<\/h3>\n<p>[\/et_pb_text][et_pb_divider color=&#8221;#26b090&#8243; show_divider=&#8221;on&#8221; height=&#8221;1px&#8221; divider_position=&#8221;bottom&#8221; divider_weight=&#8221;3px&#8221; hide_on_mobile=&#8221;off&#8221;]<\/p>\n<p><\/p>\n<p>[\/et_pb_divider][\/et_pb_column][\/et_pb_row][et_pb_row admin_label=&#8221;row&#8221; padding_mobile=&#8221;off&#8221; column_padding_mobile=&#8221;on&#8221; background_position=&#8221;top_left&#8221; background_repeat=&#8221;repeat&#8221; background_size=&#8221;initial&#8221; width=&#8221;80%&#8221; max_width=&#8221;1080px&#8221;][et_pb_column type=&#8221;1_2&#8243; custom_padding__hover=&#8221;|||&#8221; custom_padding=&#8221;|||&#8221;][et_pb_text custom_css_main_element=&#8221;li {margin-bottom: 20px;}&#8221; background_layout=&#8221;light&#8221; text_orientation=&#8221;left&#8221; use_border_color=&#8221;off&#8221; border_color=&#8221;#ffffff&#8221; border_style=&#8221;solid&#8221; background_position=&#8221;top_left&#8221; background_repeat=&#8221;repeat&#8221; background_size=&#8221;initial&#8221;]<\/p>\n<p>\n<strong>Veteranos 1 &#8211; Categor\u00eda Mujeres\u00a0<\/strong><\/p>\n<ol>\n<li>Miren Marque\u00f1o<\/li>\n<li>Almudena Ere\u00f1o<\/li>\n<li>Eugenia Bertrand<\/li>\n<\/ol>\n<p><strong>Veteranos 1 &#8211; Categor\u00eda Hombres\u00a0<\/strong><\/p>\n<ol>\n<li>Agustin Hube<\/li>\n<li>Alex Jaeschke<\/li>\n<li>Carlos Dominguez<\/li>\n<\/ol>\n<p><strong>Veteranos 2 &#8211; Categor\u00eda Mujeres<\/strong><\/p>\n<ol>\n<li>Olga Morros Figuerelo<\/li>\n<li>Lucia Mallol de la Fuente<\/li>\n<li>Eli Stamp<\/li>\n<\/ol>\n<p><strong>Veteranos 2 &#8211; Categor\u00eda Hombres\u00a0<\/strong><\/p>\n<ol>\n<li>Rafa Mombiedro de Castellarnau<\/li>\n<li>David Palobart<\/li>\n<li>Sergi Fuchs Baqu\u00e9<\/li>\n<\/ol>\n<p><strong>Veteranos 3 &#8211; Categor\u00eda Hombres\u00a0<\/strong><\/p>\n<ol>\n<li>Javier Cardenhes Solano<\/li>\n<li>Jorge Galindo Dedieu<\/li>\n<li>Alberto Fucale<\/li>\n<\/ol>\n<p><strong>Veteranos 4 &#8211; Categor\u00eda Mujeres<\/strong><\/p>\n<ol>\n<li>Montse Puigrefagut<\/li>\n<li>Carmen Puertas<\/li>\n<li>Teresa Rigau<\/li>\n<\/ol>\n<p><strong>Veteranos 4 &#8211; Categor\u00eda Hombres\u00a0<\/strong><\/p>\n<ol>\n<li>Jesus Puente Beneria<\/li>\n<li>Antoni Blanch Torres<\/li>\n<li>Angel Garcia<\/li>\n<\/ol>\n<p><strong>Veteranos 5 &#8211; Categor\u00eda Mujeres<\/strong><\/p>\n<ol>\n<li>Rosa Cerveto<\/li>\n<li>Elena Ellacuria<\/li>\n<li>Eugenia Alonso Garcia-Nava<\/li>\n<\/ol>\n<p><strong>Veteranos 5 &#8211; Categor\u00eda Hombres\u00a0<\/strong><\/p>\n<ol>\n<li>Jaime Llinas<\/li>\n<li>Juan Miguel Vidal Regard<\/li>\n<li>Pepe Penche Ayesta<\/li>\n<\/ol>\n<p><strong>Veteranos 6 &#8211; Categor\u00eda Mujeres<\/strong><\/p>\n<ol>\n<li>Concha Manen Espinos<\/li>\n<li>M.Asumpta Serra Farre<\/li>\n<li>Clara Cerveto<\/li>\n<\/ol>\n<p><strong>Veteranos 6 &#8211; Categor\u00eda Hombres\u00a0<\/strong><\/p>\n<ol>\n<li>Francesc Izard i Gavarra<\/li>\n<li>David Rodriguez Alonso<\/li>\n<li>I\u00f1igo Bertrand Ruiz de Velazco<\/li>\n<\/ol>\n<p>&nbsp;<\/p>\n<p>[\/et_pb_text][\/et_pb_column][et_pb_column type=&#8221;1_2&#8243; custom_padding__hover=&#8221;|||&#8221; custom_padding=&#8221;|||&#8221;][et_pb_text custom_css_main_element=&#8221;li {margin-bottom: 20px;}&#8221; background_layout=&#8221;light&#8221; text_orientation=&#8221;left&#8221; use_border_color=&#8221;off&#8221; border_color=&#8221;#ffffff&#8221; border_style=&#8221;solid&#8221; background_position=&#8221;top_left&#8221; background_repeat=&#8221;repeat&#8221; background_size=&#8221;initial&#8221;]<\/p>\n<p>\n&nbsp;<\/p>\n<p><strong>INFANTIL 1 &#8211; Categor\u00eda Mujeres<\/strong><\/p>\n<ol>\n<li>Ana Ramon<\/li>\n<li>Arrieta Rodriguez<\/li>\n<li>Maria Ruiz Fernandez<\/li>\n<\/ol>\n<p><strong>INFANTIL 1 &#8211; Categor\u00eda\u00a0Hombres<\/strong><\/p>\n<ol>\n<li>Octavi Aris<\/li>\n<li>Tomas Barata Mercadal<\/li>\n<li>Tommy Marcet<\/li>\n<\/ol>\n<p><strong>INFANTIL 2 &#8211; Categor\u00eda Mujeres<\/strong><\/p>\n<ol>\n<li>Clara Marti Montserrat<\/li>\n<li>Lisa Barat Vallcorba<\/li>\n<li>Carlota Pomes Domenech<\/li>\n<\/ol>\n<p><strong>INFANTIL 2 &#8211; Categor\u00eda\u00a0Hombres<\/strong><\/p>\n<ol>\n<li>Isidre Sans Soria<\/li>\n<li>Gabriel Gutierrez<\/li>\n<li>Alvaro Chalbaud<\/li>\n<\/ol>\n<p><strong>SENIOR &#8211; Categor\u00eda Mujeres<\/strong><\/p>\n<ol>\n<li>Lucia Guerra Martin<\/li>\n<li>Jana Carbonell Pous<\/li>\n<li>Ana Tarracena<\/li>\n<\/ol>\n<p><strong>SENIOR &#8211; Categor\u00eda\u00a0Hombres<\/strong><\/p>\n<ol>\n<li>Miguel Escayola Mercadal<\/li>\n<li>Eduardo Puente<\/li>\n<li>Arnau Puig<\/li>\n<\/ol>\n<p><strong>JUVENIL &#8211; Categor\u00eda Mujeres<\/strong><\/p>\n<ol>\n<li>Laura Soria Fuentes<\/li>\n<\/ol>\n<p><strong>JUVENIL &#8211; Categor\u00eda\u00a0Hombres<\/strong><\/p>\n<ol>\n<li>Jordi Blanch Plana<\/li>\n<li>Jose Luis Aparicio Halpern<\/li>\n<li>Alejandro Halpern Pastor<\/li>\n<\/ol>\n<p><strong>\u00c9LITE &#8211; Categor\u00eda Mujeres<\/strong><\/p>\n<ol>\n<li>Ana Esteve<\/li>\n<li>Nuria Tornero<\/li>\n<li>Miren Miquel<\/li>\n<\/ol>\n<p><strong>\u00c9LITE &#8211; Categor\u00eda\u00a0Hombres<\/strong><\/p>\n<ol>\n<li>Pol Carrera<\/li>\n<li>Aingeru Garay<\/li>\n<li>Gabriel Barios<\/li>\n<\/ol>\n<p>[\/et_pb_text][\/et_pb_column][\/et_pb_row][et_pb_row background_position=&#8221;top_left&#8221; background_repeat=&#8221;repeat&#8221; background_size=&#8221;initial&#8221; text_orientation=&#8221;left&#8221; width=&#8221;80%&#8221; max_width=&#8221;1080px&#8221;][et_pb_column type=&#8221;4_4&#8243; custom_padding__hover=&#8221;|||&#8221; custom_padding=&#8221;|||&#8221;][et_pb_button button_url=&#8221;https:\/\/www.fundacionoccident.org\/trofeo-esqui\/resultados&#8221; button_text=&#8221;Volver a Ganadores&#8221; button_alignment=&#8221;center&#8221; button_text_size__hover_enabled=&#8221;off&#8221; button_text_size__hover=&#8221;null&#8221; button_one_text_size__hover_enabled=&#8221;off&#8221; button_one_text_size__hover=&#8221;null&#8221; button_two_text_size__hover_enabled=&#8221;off&#8221; button_two_text_size__hover=&#8221;null&#8221; button_text_color__hover_enabled=&#8221;off&#8221; button_text_color__hover=&#8221;null&#8221; button_one_text_color__hover_enabled=&#8221;off&#8221; button_one_text_color__hover=&#8221;null&#8221; button_two_text_color__hover_enabled=&#8221;off&#8221; button_two_text_color__hover=&#8221;null&#8221; button_border_width__hover_enabled=&#8221;off&#8221; button_border_width__hover=&#8221;null&#8221; button_one_border_width__hover_enabled=&#8221;off&#8221; button_one_border_width__hover=&#8221;null&#8221; button_two_border_width__hover_enabled=&#8221;off&#8221; button_two_border_width__hover=&#8221;null&#8221; button_border_color__hover_enabled=&#8221;off&#8221; button_border_color__hover=&#8221;null&#8221; button_one_border_color__hover_enabled=&#8221;off&#8221; button_one_border_color__hover=&#8221;null&#8221; button_two_border_color__hover_enabled=&#8221;off&#8221; button_two_border_color__hover=&#8221;null&#8221; button_border_radius__hover_enabled=&#8221;off&#8221; button_border_radius__hover=&#8221;null&#8221; button_one_border_radius__hover_enabled=&#8221;off&#8221; button_one_border_radius__hover=&#8221;null&#8221; button_two_border_radius__hover_enabled=&#8221;off&#8221; button_two_border_radius__hover=&#8221;null&#8221; button_letter_spacing__hover_enabled=&#8221;on&#8221; button_letter_spacing__hover=&#8221;0&#8243; button_one_letter_spacing__hover_enabled=&#8221;off&#8221; button_one_letter_spacing__hover=&#8221;null&#8221; button_two_letter_spacing__hover_enabled=&#8221;off&#8221; button_two_letter_spacing__hover=&#8221;null&#8221; button_bg_color__hover_enabled=&#8221;off&#8221; button_bg_color__hover=&#8221;null&#8221; button_one_bg_color__hover_enabled=&#8221;off&#8221; button_one_bg_color__hover=&#8221;null&#8221; button_two_bg_color__hover_enabled=&#8221;off&#8221; button_two_bg_color__hover=&#8221;null&#8221; _builder_version=&#8221;3.17.6&#8243;]<\/p>\n<p><\/p>\n<p>[\/et_pb_button][\/et_pb_column][\/et_pb_row][\/et_pb_section]<\/p>\n","protected":false},"excerpt":{"rendered":"<p>[et_pb_section bb_built=&#8221;1&#8243; admin_label=&#8221;section&#8221; background_color=&#8221;#dd342f&#8221; custom_padding=&#8221;54px|0px|54px|0px&#8221; custom_padding_tablet=&#8221;50px|0|50px|0&#8243; custom_padding_last_edited=&#8221;on|desktop&#8221; next_background_color=&#8221;#ffffff&#8221; _builder_version=&#8221;3.17.6&#8243; inner_width=&#8221;auto&#8221; inner_max_width=&#8221;1080px&#8221;][et_pb_row admin_label=&#8221;row&#8221; padding_mobile=&#8221;off&#8221; column_padding_mobile=&#8221;on&#8221; _builder_version=&#8221;3.0.47&#8243; background_size=&#8221;initial&#8221; background_position=&#8221;top_left&#8221; background_repeat=&#8221;repeat&#8221; width=&#8221;80%&#8221; max_width=&#8221;1080px&#8221;][et_pb_column type=&#8221;1_2&#8243; custom_padding__hover=&#8221;|||&#8221; custom_padding=&#8221;|||&#8221;][et_pb_text background_layout=&#8221;dark&#8221; text_orientation=&#8221;left&#8221; use_border_color=&#8221;off&#8221; border_color=&#8221;#ffffff&#8221; border_style=&#8221;solid&#8221; background_position=&#8221;top_left&#8221; background_repeat=&#8221;repeat&#8221; background_size=&#8221;initial&#8221;] Ganadores [\/et_pb_text][\/et_pb_column][et_pb_column type=&#8221;1_2&#8243; custom_padding__hover=&#8221;|||&#8221; custom_padding=&#8221;|||&#8221;][et_pb_image _builder_version=&#8221;4.5.3&#8243; src=&#8221;http:\/\/edicion.fundacionoccident.org\/esqui\/wp-content\/uploads\/2024\/01\/Occident-Fundacion_ESP_BN_Neg_RGB.png&#8221; align=&#8221;right&#8221; max_width=&#8221;30%&#8221; disabled=&#8221;off&#8221; disabled_on=&#8221;on|off|off&#8221; align_last_edited=&#8221;on|desktop&#8221; align_tablet=&#8221;center&#8221; box_shadow_horizontal_tablet=&#8221;0px&#8221; box_shadow_vertical_tablet=&#8221;0px&#8221; box_shadow_blur_tablet=&#8221;40px&#8221; box_shadow_spread_tablet=&#8221;0px&#8221; vertical_offset_tablet=&#8221;0&#8243; horizontal_offset_tablet=&#8221;0&#8243; z_index_tablet=&#8221;0&#8243; \/][\/et_pb_column][\/et_pb_row][\/et_pb_section][et_pb_section bb_built=&#8221;1&#8243; background_color=&#8221;#ffffff&#8221; padding_mobile=&#8221;off&#8221; [&hellip;]<\/p>\n","protected":false},"author":6,"featured_media":0,"parent":0,"menu_order":0,"comment_status":"closed","ping_status":"closed","template":"","meta":{"_et_pb_use_builder":"on","_et_pb_old_content":"","_et_gb_content_width":"","footnotes":""},"class_list":["post-907","page","type-page","status-publish","hentry"],"yoast_head":"<!-- This site is optimized with the Yoast SEO plugin v26.3 - https:\/\/yoast.com\/wordpress\/plugins\/seo\/ -->\n<title>Ganadores 2016 de todas las categor\u00edas - Trofeo Esqu\u00ed<\/title>\n<meta name=\"description\" content=\"Conoce a los ganadores del Trofeo de Esqu\u00ed 2016 organizado por la Fundaci\u00f3n Jes\u00fas Serra en todas sus categor\u00edas: infantil, juvenil, veteranos...\" \/>\n<meta name=\"robots\" content=\"index, follow, max-snippet:-1, max-image-preview:large, max-video-preview:-1\" \/>\n<link rel=\"canonical\" href=\"http:\/\/edicion.fundacionoccident.org\/esqui\/wp-json\/wp\/v2\/pages\/907\" \/>\n<meta property=\"og:locale\" content=\"es_ES\" \/>\n<meta property=\"og:type\" content=\"article\" \/>\n<meta property=\"og:title\" content=\"Ganadores 2016 de todas las categor\u00edas - Trofeo Esqu\u00ed\" \/>\n<meta property=\"og:description\" content=\"Conoce a los ganadores del Trofeo de Esqu\u00ed 2016 organizado por la Fundaci\u00f3n Jes\u00fas Serra en todas sus categor\u00edas: infantil, juvenil, veteranos...\" \/>\n<meta property=\"og:url\" content=\"http:\/\/edicion.fundacionoccident.org\/esqui\/ganadores-2016\" \/>\n<meta property=\"og:site_name\" content=\"Trofeo de esqu\u00ed Fundaci\u00f3n Jes\u00fas Serra\" \/>\n<meta property=\"article:modified_time\" content=\"2024-01-08T11:37:35+00:00\" \/>\n<meta name=\"twitter:card\" content=\"summary_large_image\" \/>\n<meta name=\"twitter:label1\" content=\"Tiempo de lectura\" \/>\n\t<meta name=\"twitter:data1\" content=\"7 minutos\" \/>\n<script type=\"application\/ld+json\" class=\"yoast-schema-graph\">{\"@context\":\"https:\/\/schema.org\",\"@graph\":[{\"@type\":\"WebPage\",\"@id\":\"http:\/\/edicion.fundacionoccident.org\/esqui\/ganadores-2016\",\"url\":\"http:\/\/edicion.fundacionoccident.org\/esqui\/ganadores-2016\",\"name\":\"Ganadores 2016 de todas las categor\u00edas - Trofeo Esqu\u00ed\",\"isPartOf\":{\"@id\":\"http:\/\/edicion.fundacionoccident.org\/esqui\/#website\"},\"datePublished\":\"2018-01-12T12:53:27+00:00\",\"dateModified\":\"2024-01-08T11:37:35+00:00\",\"description\":\"Conoce a los ganadores del Trofeo de Esqu\u00ed 2016 organizado por la Fundaci\u00f3n Jes\u00fas Serra en todas sus categor\u00edas: infantil, juvenil, veteranos...\",\"breadcrumb\":{\"@id\":\"http:\/\/edicion.fundacionoccident.org\/esqui\/ganadores-2016#breadcrumb\"},\"inLanguage\":\"es\",\"potentialAction\":[{\"@type\":\"ReadAction\",\"target\":[\"http:\/\/edicion.fundacionoccident.org\/esqui\/ganadores-2016\"]}]},{\"@type\":\"BreadcrumbList\",\"@id\":\"http:\/\/edicion.fundacionoccident.org\/esqui\/ganadores-2016#breadcrumb\",\"itemListElement\":[{\"@type\":\"ListItem\",\"position\":1,\"name\":\"Inicio \u00bb Trofeo de Esqu\u00ed\",\"item\":\"https:\/\/edicion.fundacionoccident.org\/esqui\/\"},{\"@type\":\"ListItem\",\"position\":2,\"name\":\"Ganadores 2016\"}]},{\"@type\":\"WebSite\",\"@id\":\"http:\/\/edicion.fundacionoccident.org\/esqui\/#website\",\"url\":\"http:\/\/edicion.fundacionoccident.org\/esqui\/\",\"name\":\"Trofeo de esqu\u00ed Fundaci\u00f3n Jes\u00fas Serra\",\"description\":\"\",\"potentialAction\":[{\"@type\":\"SearchAction\",\"target\":{\"@type\":\"EntryPoint\",\"urlTemplate\":\"http:\/\/edicion.fundacionoccident.org\/esqui\/?s={search_term_string}\"},\"query-input\":{\"@type\":\"PropertyValueSpecification\",\"valueRequired\":true,\"valueName\":\"search_term_string\"}}],\"inLanguage\":\"es\"}]}<\/script>\n<!-- \/ Yoast SEO plugin. -->","yoast_head_json":{"title":"Ganadores 2016 de todas las categor\u00edas - Trofeo Esqu\u00ed","description":"Conoce a los ganadores del Trofeo de Esqu\u00ed 2016 organizado por la Fundaci\u00f3n Jes\u00fas Serra en todas sus categor\u00edas: infantil, juvenil, veteranos...","robots":{"index":"index","follow":"follow","max-snippet":"max-snippet:-1","max-image-preview":"max-image-preview:large","max-video-preview":"max-video-preview:-1"},"canonical":"http:\/\/edicion.fundacionoccident.org\/esqui\/wp-json\/wp\/v2\/pages\/907","og_locale":"es_ES","og_type":"article","og_title":"Ganadores 2016 de todas las categor\u00edas - Trofeo Esqu\u00ed","og_description":"Conoce a los ganadores del Trofeo de Esqu\u00ed 2016 organizado por la Fundaci\u00f3n Jes\u00fas Serra en todas sus categor\u00edas: infantil, juvenil, veteranos...","og_url":"http:\/\/edicion.fundacionoccident.org\/esqui\/ganadores-2016","og_site_name":"Trofeo de esqu\u00ed Fundaci\u00f3n Jes\u00fas Serra","article_modified_time":"2024-01-08T11:37:35+00:00","twitter_card":"summary_large_image","twitter_misc":{"Tiempo de lectura":"7 minutos"},"schema":{"@context":"https:\/\/schema.org","@graph":[{"@type":"WebPage","@id":"http:\/\/edicion.fundacionoccident.org\/esqui\/ganadores-2016","url":"http:\/\/edicion.fundacionoccident.org\/esqui\/ganadores-2016","name":"Ganadores 2016 de todas las categor\u00edas - Trofeo Esqu\u00ed","isPartOf":{"@id":"http:\/\/edicion.fundacionoccident.org\/esqui\/#website"},"datePublished":"2018-01-12T12:53:27+00:00","dateModified":"2024-01-08T11:37:35+00:00","description":"Conoce a los ganadores del Trofeo de Esqu\u00ed 2016 organizado por la Fundaci\u00f3n Jes\u00fas Serra en todas sus categor\u00edas: infantil, juvenil, veteranos...","breadcrumb":{"@id":"http:\/\/edicion.fundacionoccident.org\/esqui\/ganadores-2016#breadcrumb"},"inLanguage":"es","potentialAction":[{"@type":"ReadAction","target":["http:\/\/edicion.fundacionoccident.org\/esqui\/ganadores-2016"]}]},{"@type":"BreadcrumbList","@id":"http:\/\/edicion.fundacionoccident.org\/esqui\/ganadores-2016#breadcrumb","itemListElement":[{"@type":"ListItem","position":1,"name":"Inicio \u00bb Trofeo de Esqu\u00ed","item":"https:\/\/edicion.fundacionoccident.org\/esqui\/"},{"@type":"ListItem","position":2,"name":"Ganadores 2016"}]},{"@type":"WebSite","@id":"http:\/\/edicion.fundacionoccident.org\/esqui\/#website","url":"http:\/\/edicion.fundacionoccident.org\/esqui\/","name":"Trofeo de esqu\u00ed Fundaci\u00f3n Jes\u00fas Serra","description":"","potentialAction":[{"@type":"SearchAction","target":{"@type":"EntryPoint","urlTemplate":"http:\/\/edicion.fundacionoccident.org\/esqui\/?s={search_term_string}"},"query-input":{"@type":"PropertyValueSpecification","valueRequired":true,"valueName":"search_term_string"}}],"inLanguage":"es"}]}},"_links":{"self":[{"href":"http:\/\/edicion.fundacionoccident.org\/esqui\/wp-json\/wp\/v2\/pages\/907","targetHints":{"allow":["GET"]}}],"collection":[{"href":"http:\/\/edicion.fundacionoccident.org\/esqui\/wp-json\/wp\/v2\/pages"}],"about":[{"href":"http:\/\/edicion.fundacionoccident.org\/esqui\/wp-json\/wp\/v2\/types\/page"}],"author":[{"embeddable":true,"href":"http:\/\/edicion.fundacionoccident.org\/esqui\/wp-json\/wp\/v2\/users\/6"}],"replies":[{"embeddable":true,"href":"http:\/\/edicion.fundacionoccident.org\/esqui\/wp-json\/wp\/v2\/comments?post=907"}],"version-history":[{"count":9,"href":"http:\/\/edicion.fundacionoccident.org\/esqui\/wp-json\/wp\/v2\/pages\/907\/revisions"}],"predecessor-version":[{"id":3505,"href":"http:\/\/edicion.fundacionoccident.org\/esqui\/wp-json\/wp\/v2\/pages\/907\/revisions\/3505"}],"wp:attachment":[{"href":"http:\/\/edicion.fundacionoccident.org\/esqui\/wp-json\/wp\/v2\/media?parent=907"}],"curies":[{"name":"wp","href":"https:\/\/api.w.org\/{rel}","templated":true}]}}