{"id":317,"date":"2017-03-15T19:26:32","date_gmt":"2017-03-15T19:26:32","guid":{"rendered":"http:\/\/edicion.fundacionjesusserra.org\/tennis\/?page_id=317"},"modified":"2020-09-10T07:57:22","modified_gmt":"2020-09-10T07:57:22","slug":"solidaridad","status":"publish","type":"page","link":"https:\/\/edicion.fundacionoccident.org\/tennis\/solidaridad","title":{"rendered":"Solidaridad"},"content":{"rendered":"<p>[vc_row css_animation=&#8221;&#8221; row_type=&#8221;row&#8221; use_row_as_full_screen_section=&#8221;no&#8221; type=&#8221;full_width&#8221; angled_section=&#8221;no&#8221; text_align=&#8221;left&#8221; background_image_as_pattern=&#8221;without_pattern&#8221;][vc_column][vc_single_image image=&#8221;3249&#8243; img_size=&#8221;1600&#215;481&#8243; qode_css_animation=&#8221;&#8221;][\/vc_column][\/vc_row][vc_row css_animation=&#8221;&#8221; row_type=&#8221;row&#8221; use_row_as_full_screen_section=&#8221;no&#8221; type=&#8221;grid&#8221; anchor=&#8221;1600&#8243; angled_section=&#8221;no&#8221; text_align=&#8221;left&#8221; background_image_as_pattern=&#8221;without_pattern&#8221; background_color=&#8221;#ffffff&#8221; css=&#8221;.vc_custom_1489498678216{margin-right: 0px !important;margin-left: 0px !important;}&#8221;][vc_column width=&#8221;1\/2&#8243;][vc_empty_space height=&#8221;60px&#8221;][vc_row_inner row_type=&#8221;row&#8221; type=&#8221;full_width&#8221; text_align=&#8221;left&#8221; css_animation=&#8221;&#8221; css=&#8221;.vc_custom_1519635424677{padding-left: 30px !important;}&#8221;][vc_column_inner][vc_column_text]<\/p>\n<h1>Solidaridad<\/h1>\n<p>[\/vc_column_text][vc_empty_space height=&#8221;20px&#8221;][vc_column_text]En el\u00a0<strong>Xpress Tennis Cup<\/strong> estar\u00e1 presente la asociaci\u00f3n ben\u00e9fica <a href=\"http:\/\/tennisaid.org\"><strong>Tennis Aid<\/strong><\/a>. Nacida en 2014, su fin es aportar equipamiento deportivo y brindar asistencia t\u00e9cnica a entrenadores que promueven el tenis en zonas desfavorecidas del mundo. Sus fundadores, Mart\u00edn Roca y Abel Rinc\u00f3n, est\u00e1n muy ligados al mundo del tenis ya que ambos son entrenadores.<\/p>\n<p>&nbsp;<\/p>\n<p>Actualmente, cuentan con proyectos en Camboya, Uganda, entre otros.[\/vc_column_text][vc_empty_space][vc_single_image image=&#8221;558&#8243; img_size=&#8221;full&#8221; qode_css_animation=&#8221;&#8221;][\/vc_column_inner][\/vc_row_inner][vc_empty_space height=&#8221;90px&#8221;][\/vc_column][vc_column width=&#8221;1\/2&#8243;][vc_empty_space height=&#8221;60px&#8221;][vc_row_inner row_type=&#8221;row&#8221; type=&#8221;full_width&#8221; text_align=&#8221;left&#8221; css_animation=&#8221;&#8221; css=&#8221;.vc_custom_1519635430856{padding-right: 30px !important;padding-left: 30px !important;}&#8221;][vc_column_inner][vc_empty_space height=&#8221;20px&#8221;][vc_single_image image=&#8221;557&#8243; img_size=&#8221;full&#8221; qode_css_animation=&#8221;&#8221;][vc_empty_space height=&#8221;70px&#8221;][vc_column_text]En todas las sedes del\u00a0<strong>Xpress Tennis Cup<\/strong> estar\u00e1n presentes, por lo que todos los asistentes podr\u00e1n llevar el material de tenis que no utilicen y depositarlo en las cajas de <a href=\"http:\/\/tennisaid.org\"><strong>Tennis Aid<\/strong><\/a>.<\/p>\n<p>&nbsp;<\/p>\n<p>Adem\u00e1s, desde la organizaci\u00f3n os animamos a colaborar con <strong>Tennis Aid,<\/strong> pasando por su stand que estar\u00e1 ubicado en el village y adquiriendo material como camisetas o pulseras en beneficio a las iniciativas de la asociaci\u00f3n ben\u00e9fica.[\/vc_column_text][\/vc_column_inner][\/vc_row_inner][\/vc_column][\/vc_row][vc_row css_animation=&#8221;&#8221; row_type=&#8221;row&#8221; use_row_as_full_screen_section=&#8221;no&#8221; type=&#8221;full_width&#8221; angled_section=&#8221;no&#8221; text_align=&#8221;left&#8221; background_image_as_pattern=&#8221;without_pattern&#8221;][vc_column][vc_video link=&#8221;https:\/\/www.youtube.com\/watch?v=gvUnGIH-a-U&amp;feature=youtu.be&#8221;][\/vc_column][\/vc_row]<\/p>\n","protected":false},"excerpt":{"rendered":"<p>[vc_row css_animation=&#8221;&#8221; row_type=&#8221;row&#8221; use_row_as_full_screen_section=&#8221;no&#8221; type=&#8221;full_width&#8221; angled_section=&#8221;no&#8221; text_align=&#8221;left&#8221; background_image_as_pattern=&#8221;without_pattern&#8221;][vc_column][vc_single_image image=&#8221;3249&#8243; img_size=&#8221;1600&#215;481&#8243; qode_css_animation=&#8221;&#8221;][\/vc_column][\/vc_row][vc_row css_animation=&#8221;&#8221; row_type=&#8221;row&#8221; use_row_as_full_screen_section=&#8221;no&#8221; type=&#8221;grid&#8221; anchor=&#8221;1600&#8243; angled_section=&#8221;no&#8221; text_align=&#8221;left&#8221; background_image_as_pattern=&#8221;without_pattern&#8221; background_color=&#8221;#ffffff&#8221; css=&#8221;.vc_custom_1489498678216{margin-right: 0px !important;margin-left: 0px !important;}&#8221;][vc_column width=&#8221;1\/2&#8243;][vc_empty_space height=&#8221;60px&#8221;][vc_row_inner row_type=&#8221;row&#8221; type=&#8221;full_width&#8221; text_align=&#8221;left&#8221; css_animation=&#8221;&#8221; css=&#8221;.vc_custom_1519635424677{padding-left: 30px !important;}&#8221;][vc_column_inner][vc_column_text] Solidaridad [\/vc_column_text][vc_empty_space height=&#8221;20px&#8221;][vc_column_text]En el\u00a0Xpress Tennis Cup estar\u00e1 presente la asociaci\u00f3n ben\u00e9fica&#8230;<\/p>\n","protected":false},"author":6,"featured_media":0,"parent":0,"menu_order":0,"comment_status":"closed","ping_status":"closed","template":"full_width.php","meta":{"footnotes":"","_links_to":"","_links_to_target":""},"class_list":["post-317","page","type-page","status-publish","hentry"],"yoast_head":"<!-- This site is optimized with the Yoast SEO plugin v26.3 - https:\/\/yoast.com\/wordpress\/plugins\/seo\/ -->\n<title>Solidaridad: asociaci\u00f3n ben\u00e9fica Tennis Aid - Xpress Tennis Cup | FJS<\/title>\n<meta name=\"description\" content=\"El Xpress Tennis Cup de la Fundaci\u00f3n Jes\u00fas Serra cuenta con la asociaci\u00f3n ben\u00e9fica Tennis Aid, cuya acci\u00f3n es ayudar a zonas desfavorecidas.\" \/>\n<meta name=\"robots\" content=\"index, follow, max-snippet:-1, max-image-preview:large, max-video-preview:-1\" \/>\n<link rel=\"canonical\" href=\"https:\/\/edicion.fundacionoccident.org\/tennis\/wp-json\/wp\/v2\/pages\/317\" \/>\n<meta property=\"og:locale\" content=\"es_ES\" \/>\n<meta property=\"og:type\" content=\"article\" \/>\n<meta property=\"og:title\" content=\"Solidaridad: asociaci\u00f3n ben\u00e9fica Tennis Aid - Xpress Tennis Cup | FJS\" \/>\n<meta property=\"og:description\" content=\"El Xpress Tennis Cup de la Fundaci\u00f3n Jes\u00fas Serra cuenta con la asociaci\u00f3n ben\u00e9fica Tennis Aid, cuya acci\u00f3n es ayudar a zonas desfavorecidas.\" \/>\n<meta property=\"og:url\" content=\"https:\/\/edicion.fundacionoccident.org\/tennis\/solidaridad\" \/>\n<meta property=\"og:site_name\" content=\"Xpress Tennis Cup\" \/>\n<meta property=\"article:modified_time\" content=\"2020-09-10T07:57:22+00:00\" \/>\n<meta name=\"twitter:card\" content=\"summary_large_image\" \/>\n<meta name=\"twitter:label1\" content=\"Tiempo de lectura\" \/>\n\t<meta name=\"twitter:data1\" content=\"2 minutos\" \/>\n<script type=\"application\/ld+json\" class=\"yoast-schema-graph\">{\"@context\":\"https:\/\/schema.org\",\"@graph\":[{\"@type\":\"WebPage\",\"@id\":\"https:\/\/edicion.fundacionoccident.org\/tennis\/solidaridad\",\"url\":\"https:\/\/edicion.fundacionoccident.org\/tennis\/solidaridad\",\"name\":\"Solidaridad: asociaci\u00f3n ben\u00e9fica Tennis Aid - Xpress Tennis Cup | FJS\",\"isPartOf\":{\"@id\":\"https:\/\/edicion.fundacionoccident.org\/tennis\/#website\"},\"datePublished\":\"2017-03-15T19:26:32+00:00\",\"dateModified\":\"2020-09-10T07:57:22+00:00\",\"description\":\"El Xpress Tennis Cup de la Fundaci\u00f3n Jes\u00fas Serra cuenta con la asociaci\u00f3n ben\u00e9fica Tennis Aid, cuya acci\u00f3n es ayudar a zonas desfavorecidas.\",\"breadcrumb\":{\"@id\":\"https:\/\/edicion.fundacionoccident.org\/tennis\/solidaridad#breadcrumb\"},\"inLanguage\":\"es\",\"potentialAction\":[{\"@type\":\"ReadAction\",\"target\":[\"https:\/\/edicion.fundacionoccident.org\/tennis\/solidaridad\"]}]},{\"@type\":\"BreadcrumbList\",\"@id\":\"https:\/\/edicion.fundacionoccident.org\/tennis\/solidaridad#breadcrumb\",\"itemListElement\":[{\"@type\":\"ListItem\",\"position\":1,\"name\":\"Portada\",\"item\":\"https:\/\/edicion.fundacionoccident.org\/tennis\/\"},{\"@type\":\"ListItem\",\"position\":2,\"name\":\"Solidaridad\"}]},{\"@type\":\"WebSite\",\"@id\":\"https:\/\/edicion.fundacionoccident.org\/tennis\/#website\",\"url\":\"https:\/\/edicion.fundacionoccident.org\/tennis\/\",\"name\":\"Xpress Tennis Cup\",\"description\":\"Fundaci\u00f3 Jes\u00fas Serra\",\"potentialAction\":[{\"@type\":\"SearchAction\",\"target\":{\"@type\":\"EntryPoint\",\"urlTemplate\":\"https:\/\/edicion.fundacionoccident.org\/tennis\/?s={search_term_string}\"},\"query-input\":{\"@type\":\"PropertyValueSpecification\",\"valueRequired\":true,\"valueName\":\"search_term_string\"}}],\"inLanguage\":\"es\"}]}<\/script>\n<!-- \/ Yoast SEO plugin. -->","yoast_head_json":{"title":"Solidaridad: asociaci\u00f3n ben\u00e9fica Tennis Aid - Xpress Tennis Cup | FJS","description":"El Xpress Tennis Cup de la Fundaci\u00f3n Jes\u00fas Serra cuenta con la asociaci\u00f3n ben\u00e9fica Tennis Aid, cuya acci\u00f3n es ayudar a zonas desfavorecidas.","robots":{"index":"index","follow":"follow","max-snippet":"max-snippet:-1","max-image-preview":"max-image-preview:large","max-video-preview":"max-video-preview:-1"},"canonical":"https:\/\/edicion.fundacionoccident.org\/tennis\/wp-json\/wp\/v2\/pages\/317","og_locale":"es_ES","og_type":"article","og_title":"Solidaridad: asociaci\u00f3n ben\u00e9fica Tennis Aid - Xpress Tennis Cup | FJS","og_description":"El Xpress Tennis Cup de la Fundaci\u00f3n Jes\u00fas Serra cuenta con la asociaci\u00f3n ben\u00e9fica Tennis Aid, cuya acci\u00f3n es ayudar a zonas desfavorecidas.","og_url":"https:\/\/edicion.fundacionoccident.org\/tennis\/solidaridad","og_site_name":"Xpress Tennis Cup","article_modified_time":"2020-09-10T07:57:22+00:00","twitter_card":"summary_large_image","twitter_misc":{"Tiempo de lectura":"2 minutos"},"schema":{"@context":"https:\/\/schema.org","@graph":[{"@type":"WebPage","@id":"https:\/\/edicion.fundacionoccident.org\/tennis\/solidaridad","url":"https:\/\/edicion.fundacionoccident.org\/tennis\/solidaridad","name":"Solidaridad: asociaci\u00f3n ben\u00e9fica Tennis Aid - Xpress Tennis Cup | FJS","isPartOf":{"@id":"https:\/\/edicion.fundacionoccident.org\/tennis\/#website"},"datePublished":"2017-03-15T19:26:32+00:00","dateModified":"2020-09-10T07:57:22+00:00","description":"El Xpress Tennis Cup de la Fundaci\u00f3n Jes\u00fas Serra cuenta con la asociaci\u00f3n ben\u00e9fica Tennis Aid, cuya acci\u00f3n es ayudar a zonas desfavorecidas.","breadcrumb":{"@id":"https:\/\/edicion.fundacionoccident.org\/tennis\/solidaridad#breadcrumb"},"inLanguage":"es","potentialAction":[{"@type":"ReadAction","target":["https:\/\/edicion.fundacionoccident.org\/tennis\/solidaridad"]}]},{"@type":"BreadcrumbList","@id":"https:\/\/edicion.fundacionoccident.org\/tennis\/solidaridad#breadcrumb","itemListElement":[{"@type":"ListItem","position":1,"name":"Portada","item":"https:\/\/edicion.fundacionoccident.org\/tennis\/"},{"@type":"ListItem","position":2,"name":"Solidaridad"}]},{"@type":"WebSite","@id":"https:\/\/edicion.fundacionoccident.org\/tennis\/#website","url":"https:\/\/edicion.fundacionoccident.org\/tennis\/","name":"Xpress Tennis Cup","description":"Fundaci\u00f3 Jes\u00fas Serra","potentialAction":[{"@type":"SearchAction","target":{"@type":"EntryPoint","urlTemplate":"https:\/\/edicion.fundacionoccident.org\/tennis\/?s={search_term_string}"},"query-input":{"@type":"PropertyValueSpecification","valueRequired":true,"valueName":"search_term_string"}}],"inLanguage":"es"}]}},"_links":{"self":[{"href":"https:\/\/edicion.fundacionoccident.org\/tennis\/wp-json\/wp\/v2\/pages\/317","targetHints":{"allow":["GET"]}}],"collection":[{"href":"https:\/\/edicion.fundacionoccident.org\/tennis\/wp-json\/wp\/v2\/pages"}],"about":[{"href":"https:\/\/edicion.fundacionoccident.org\/tennis\/wp-json\/wp\/v2\/types\/page"}],"author":[{"embeddable":true,"href":"https:\/\/edicion.fundacionoccident.org\/tennis\/wp-json\/wp\/v2\/users\/6"}],"replies":[{"embeddable":true,"href":"https:\/\/edicion.fundacionoccident.org\/tennis\/wp-json\/wp\/v2\/comments?post=317"}],"version-history":[{"count":24,"href":"https:\/\/edicion.fundacionoccident.org\/tennis\/wp-json\/wp\/v2\/pages\/317\/revisions"}],"predecessor-version":[{"id":4327,"href":"https:\/\/edicion.fundacionoccident.org\/tennis\/wp-json\/wp\/v2\/pages\/317\/revisions\/4327"}],"wp:attachment":[{"href":"https:\/\/edicion.fundacionoccident.org\/tennis\/wp-json\/wp\/v2\/media?parent=317"}],"curies":[{"name":"wp","href":"https:\/\/api.w.org\/{rel}","templated":true}]}}