{"id":3226,"date":"2018-02-20T17:58:26","date_gmt":"2018-02-20T17:58:26","guid":{"rendered":"http:\/\/edicion.fundacionjesusserra.org\/tennis\/?page_id=3226"},"modified":"2025-07-23T10:45:35","modified_gmt":"2025-07-23T08:45:35","slug":"participa","status":"publish","type":"page","link":"https:\/\/edicion.fundacionoccident.org\/tennis\/participa","title":{"rendered":"Participa"},"content":{"rendered":"<p>[vc_row css_animation=&#8221;&#8221; row_type=&#8221;row&#8221; use_row_as_full_screen_section=&#8221;no&#8221; type=&#8221;full_width&#8221; angled_section=&#8221;no&#8221; text_align=&#8221;left&#8221; background_image_as_pattern=&#8221;without_pattern&#8221;][vc_column][vc_column_text]<\/p>\n<h1>Inscripci\u00f3n<\/h1>\n<p>[\/vc_column_text][vc_column_text]Leer atentamente las instrucciones y seguir los pasos siguientes:<\/p>\n<p>&nbsp;<\/p>\n<p><span style=\"color: #000000;\"><strong>Paso 1 \u2013 Formulario inscripci\u00f3n<\/strong><\/span><\/p>\n<ul>\n<li><a href=\"http:\/\/edicion.fundacionoccident.org\/tennis\/wp-content\/uploads\/2024\/02\/Formulario-inscripcio\u0301n-XTC-24.xlsx\" target=\"_blank\" rel=\"noopener noreferrer\"><span style=\"text-decoration: underline;\">Desc\u00e1rgate aqu\u00ed el formulario de inscripci\u00f3n<\/span><\/a><\/li>\n<li>Rellena todos los datos<\/li>\n<li>Env\u00eda el formulario a la organizaci\u00f3n: <a href=\"mailto:xpresstenniscup@fundacionoccident.com\">xpresstenniscup@fundacionoccident.com<\/a><\/li>\n<\/ul>\n<p>&nbsp;<\/p>\n<p>El responsable de cada club ser\u00e1 el encargado de hacer llegar este documento a la organizaci\u00f3n.<\/p>\n<p>&nbsp;<\/p>\n<p><span style=\"color: #000000;\"><strong>Paso 2 \u2013 Autorizaciones y compromiso de responsabilidad<\/strong><\/span><\/p>\n<ul>\n<li><a href=\"https:\/\/www.fundacionoccident.org\/xpress-tennis-cup\/wp-content\/uploads\/2024\/04\/Cesio%CC%81n-derechos-imagen.docx\" target=\"_blank\" rel=\"noopener noreferrer\"><span style=\"text-decoration: underline;\">Completa el formulario de &#8220;Autorizaci\u00f3n para la captaci\u00f3n y difusi\u00f3n de im\u00e1genes.<\/span><\/a><\/li>\n<li>Una vez hayas cumplimentado el documento, tienes que enviarlo al siguiente email: <a href=\"mailto:xpresstenniscup@fundacionoccident.com\">xpresstenniscup@fundacionoccident.com<\/a><\/li>\n<\/ul>\n<p>*El formulario lo tendr\u00e1 que completar el padre\/madre de cada participante antes de cada evento.<\/p>\n<p>&nbsp;<\/p>\n<p><strong>Importante:<\/strong><\/p>\n<ul>\n<li>La plaza del equipo quedar\u00e1 reservada al completar el paso 1<\/li>\n<li>Los participantes NO quedar\u00e1n inscritos hasta que la organizaci\u00f3n no reciba la &#8220;Autorizaci\u00f3n para la captaci\u00f3n y difusi\u00f3n de im\u00e1genes&#8221; correspondiente (queda registrado inmediatamente tras completarlo).<\/li>\n<li>El plazo de inscripci\u00f3n finaliza el lunes antes de cada prueba o cuando se completen las plazas disponibles (6 equipos por categor\u00eda, modalidad y sede)<\/li>\n<\/ul>\n<p>&nbsp;<\/p>\n<p><strong>Normativa y FAQ:<\/strong>\u00a0\u00a0<span style=\"text-decoration: underline;\"><a href=\"http:\/\/www.fundacionoccident.org\/tennis\/faq\" target=\"_blank\" rel=\"noopener noreferrer\">Toda la informaci\u00f3n \u00bb<\/a><\/span><\/p>\n<p>&nbsp;<\/p>\n<p>Cualquier duda, <a href=\"http:\/\/www.fundacionoccident.org\/tennis\/contacto\"><span style=\"text-decoration: underline;\">contacta con nosotros<\/span><\/a>.[\/vc_column_text][vc_empty_space][\/vc_column][\/vc_row]<\/p>\n","protected":false},"excerpt":{"rendered":"<p>[vc_row css_animation=&#8221;&#8221; row_type=&#8221;row&#8221; use_row_as_full_screen_section=&#8221;no&#8221; type=&#8221;full_width&#8221; angled_section=&#8221;no&#8221; text_align=&#8221;left&#8221; background_image_as_pattern=&#8221;without_pattern&#8221;][vc_column][vc_column_text] Inscripci\u00f3n [\/vc_column_text][vc_column_text]Leer atentamente las instrucciones y seguir los pasos siguientes: &nbsp; Paso 1 \u2013 Formulario inscripci\u00f3n Desc\u00e1rgate aqu\u00ed el formulario de inscripci\u00f3n Rellena todos los datos Env\u00eda el formulario a la organizaci\u00f3n: xpresstenniscup@fundacionoccident.com &nbsp; El responsable de&#8230;<\/p>\n","protected":false},"author":6,"featured_media":4456,"parent":0,"menu_order":0,"comment_status":"closed","ping_status":"closed","template":"","meta":{"footnotes":"","_links_to":"","_links_to_target":""},"class_list":["post-3226","page","type-page","status-publish","has-post-thumbnail","hentry"],"yoast_head":"<!-- This site is optimized with the Yoast SEO plugin v26.3 - https:\/\/yoast.com\/wordpress\/plugins\/seo\/ -->\n<title>Participa en el Campeonato infantil de tenis - Xpress Tennis Cup | FJS<\/title>\n<meta name=\"description\" content=\"An\u00edmate a participar en el campeonato infantil Xpress Tennis Cup de la Fundaci\u00f3n Jes\u00fas Serra. Conoce sus bases e inscr\u00edbete en la nueva edici\u00f3n.\" \/>\n<meta name=\"robots\" content=\"index, follow, max-snippet:-1, max-image-preview:large, max-video-preview:-1\" \/>\n<link rel=\"canonical\" href=\"https:\/\/edicion.fundacionoccident.org\/tennis\/wp-json\/wp\/v2\/pages\/3226\" \/>\n<meta property=\"og:locale\" content=\"es_ES\" \/>\n<meta property=\"og:type\" content=\"article\" \/>\n<meta property=\"og:title\" content=\"Participa en el Campeonato infantil de tenis - Xpress Tennis Cup | FJS\" \/>\n<meta property=\"og:description\" content=\"An\u00edmate a participar en el campeonato infantil Xpress Tennis Cup de la Fundaci\u00f3n Jes\u00fas Serra. Conoce sus bases e inscr\u00edbete en la nueva edici\u00f3n.\" \/>\n<meta property=\"og:url\" content=\"https:\/\/edicion.fundacionoccident.org\/tennis\/participa\" \/>\n<meta property=\"og:site_name\" content=\"Xpress Tennis Cup\" \/>\n<meta property=\"article:modified_time\" content=\"2025-07-23T08:45:35+00:00\" \/>\n<meta property=\"og:image\" content=\"https:\/\/edicion.fundacionoccident.org\/tennis\/wp-content\/uploads\/2018\/05\/FinalAlta-101-1024x683.jpg\" \/>\n\t<meta property=\"og:image:width\" content=\"1024\" \/>\n\t<meta property=\"og:image:height\" content=\"683\" \/>\n\t<meta property=\"og:image:type\" content=\"image\/jpeg\" \/>\n<meta name=\"twitter:card\" content=\"summary_large_image\" \/>\n<meta name=\"twitter:label1\" content=\"Tiempo de lectura\" \/>\n\t<meta name=\"twitter:data1\" content=\"1 minuto\" \/>\n<script type=\"application\/ld+json\" class=\"yoast-schema-graph\">{\"@context\":\"https:\/\/schema.org\",\"@graph\":[{\"@type\":\"WebPage\",\"@id\":\"https:\/\/edicion.fundacionoccident.org\/tennis\/participa\",\"url\":\"https:\/\/edicion.fundacionoccident.org\/tennis\/participa\",\"name\":\"Participa en el Campeonato infantil de tenis - Xpress Tennis Cup | FJS\",\"isPartOf\":{\"@id\":\"https:\/\/edicion.fundacionoccident.org\/tennis\/#website\"},\"primaryImageOfPage\":{\"@id\":\"https:\/\/edicion.fundacionoccident.org\/tennis\/participa#primaryimage\"},\"image\":{\"@id\":\"https:\/\/edicion.fundacionoccident.org\/tennis\/participa#primaryimage\"},\"thumbnailUrl\":\"https:\/\/edicion.fundacionoccident.org\/tennis\/wp-content\/uploads\/2018\/05\/FinalAlta-101.jpg\",\"datePublished\":\"2018-02-20T17:58:26+00:00\",\"dateModified\":\"2025-07-23T08:45:35+00:00\",\"description\":\"An\u00edmate a participar en el campeonato infantil Xpress Tennis Cup de la Fundaci\u00f3n Jes\u00fas Serra. Conoce sus bases e inscr\u00edbete en la nueva edici\u00f3n.\",\"breadcrumb\":{\"@id\":\"https:\/\/edicion.fundacionoccident.org\/tennis\/participa#breadcrumb\"},\"inLanguage\":\"es\",\"potentialAction\":[{\"@type\":\"ReadAction\",\"target\":[\"https:\/\/edicion.fundacionoccident.org\/tennis\/participa\"]}]},{\"@type\":\"ImageObject\",\"inLanguage\":\"es\",\"@id\":\"https:\/\/edicion.fundacionoccident.org\/tennis\/participa#primaryimage\",\"url\":\"https:\/\/edicion.fundacionoccident.org\/tennis\/wp-content\/uploads\/2018\/05\/FinalAlta-101.jpg\",\"contentUrl\":\"https:\/\/edicion.fundacionoccident.org\/tennis\/wp-content\/uploads\/2018\/05\/FinalAlta-101.jpg\",\"width\":5472,\"height\":3648},{\"@type\":\"BreadcrumbList\",\"@id\":\"https:\/\/edicion.fundacionoccident.org\/tennis\/participa#breadcrumb\",\"itemListElement\":[{\"@type\":\"ListItem\",\"position\":1,\"name\":\"Portada\",\"item\":\"https:\/\/edicion.fundacionoccident.org\/tennis\/\"},{\"@type\":\"ListItem\",\"position\":2,\"name\":\"Participa\"}]},{\"@type\":\"WebSite\",\"@id\":\"https:\/\/edicion.fundacionoccident.org\/tennis\/#website\",\"url\":\"https:\/\/edicion.fundacionoccident.org\/tennis\/\",\"name\":\"Xpress Tennis Cup\",\"description\":\"Fundaci\u00f3 Jes\u00fas Serra\",\"potentialAction\":[{\"@type\":\"SearchAction\",\"target\":{\"@type\":\"EntryPoint\",\"urlTemplate\":\"https:\/\/edicion.fundacionoccident.org\/tennis\/?s={search_term_string}\"},\"query-input\":{\"@type\":\"PropertyValueSpecification\",\"valueRequired\":true,\"valueName\":\"search_term_string\"}}],\"inLanguage\":\"es\"}]}<\/script>\n<!-- \/ Yoast SEO plugin. -->","yoast_head_json":{"title":"Participa en el Campeonato infantil de tenis - Xpress Tennis Cup | FJS","description":"An\u00edmate a participar en el campeonato infantil Xpress Tennis Cup de la Fundaci\u00f3n Jes\u00fas Serra. Conoce sus bases e inscr\u00edbete en la nueva edici\u00f3n.","robots":{"index":"index","follow":"follow","max-snippet":"max-snippet:-1","max-image-preview":"max-image-preview:large","max-video-preview":"max-video-preview:-1"},"canonical":"https:\/\/edicion.fundacionoccident.org\/tennis\/wp-json\/wp\/v2\/pages\/3226","og_locale":"es_ES","og_type":"article","og_title":"Participa en el Campeonato infantil de tenis - Xpress Tennis Cup | FJS","og_description":"An\u00edmate a participar en el campeonato infantil Xpress Tennis Cup de la Fundaci\u00f3n Jes\u00fas Serra. Conoce sus bases e inscr\u00edbete en la nueva edici\u00f3n.","og_url":"https:\/\/edicion.fundacionoccident.org\/tennis\/participa","og_site_name":"Xpress Tennis Cup","article_modified_time":"2025-07-23T08:45:35+00:00","og_image":[{"width":1024,"height":683,"url":"https:\/\/edicion.fundacionoccident.org\/tennis\/wp-content\/uploads\/2018\/05\/FinalAlta-101-1024x683.jpg","type":"image\/jpeg"}],"twitter_card":"summary_large_image","twitter_misc":{"Tiempo de lectura":"1 minuto"},"schema":{"@context":"https:\/\/schema.org","@graph":[{"@type":"WebPage","@id":"https:\/\/edicion.fundacionoccident.org\/tennis\/participa","url":"https:\/\/edicion.fundacionoccident.org\/tennis\/participa","name":"Participa en el Campeonato infantil de tenis - Xpress Tennis Cup | FJS","isPartOf":{"@id":"https:\/\/edicion.fundacionoccident.org\/tennis\/#website"},"primaryImageOfPage":{"@id":"https:\/\/edicion.fundacionoccident.org\/tennis\/participa#primaryimage"},"image":{"@id":"https:\/\/edicion.fundacionoccident.org\/tennis\/participa#primaryimage"},"thumbnailUrl":"https:\/\/edicion.fundacionoccident.org\/tennis\/wp-content\/uploads\/2018\/05\/FinalAlta-101.jpg","datePublished":"2018-02-20T17:58:26+00:00","dateModified":"2025-07-23T08:45:35+00:00","description":"An\u00edmate a participar en el campeonato infantil Xpress Tennis Cup de la Fundaci\u00f3n Jes\u00fas Serra. Conoce sus bases e inscr\u00edbete en la nueva edici\u00f3n.","breadcrumb":{"@id":"https:\/\/edicion.fundacionoccident.org\/tennis\/participa#breadcrumb"},"inLanguage":"es","potentialAction":[{"@type":"ReadAction","target":["https:\/\/edicion.fundacionoccident.org\/tennis\/participa"]}]},{"@type":"ImageObject","inLanguage":"es","@id":"https:\/\/edicion.fundacionoccident.org\/tennis\/participa#primaryimage","url":"https:\/\/edicion.fundacionoccident.org\/tennis\/wp-content\/uploads\/2018\/05\/FinalAlta-101.jpg","contentUrl":"https:\/\/edicion.fundacionoccident.org\/tennis\/wp-content\/uploads\/2018\/05\/FinalAlta-101.jpg","width":5472,"height":3648},{"@type":"BreadcrumbList","@id":"https:\/\/edicion.fundacionoccident.org\/tennis\/participa#breadcrumb","itemListElement":[{"@type":"ListItem","position":1,"name":"Portada","item":"https:\/\/edicion.fundacionoccident.org\/tennis\/"},{"@type":"ListItem","position":2,"name":"Participa"}]},{"@type":"WebSite","@id":"https:\/\/edicion.fundacionoccident.org\/tennis\/#website","url":"https:\/\/edicion.fundacionoccident.org\/tennis\/","name":"Xpress Tennis Cup","description":"Fundaci\u00f3 Jes\u00fas Serra","potentialAction":[{"@type":"SearchAction","target":{"@type":"EntryPoint","urlTemplate":"https:\/\/edicion.fundacionoccident.org\/tennis\/?s={search_term_string}"},"query-input":{"@type":"PropertyValueSpecification","valueRequired":true,"valueName":"search_term_string"}}],"inLanguage":"es"}]}},"_links":{"self":[{"href":"https:\/\/edicion.fundacionoccident.org\/tennis\/wp-json\/wp\/v2\/pages\/3226","targetHints":{"allow":["GET"]}}],"collection":[{"href":"https:\/\/edicion.fundacionoccident.org\/tennis\/wp-json\/wp\/v2\/pages"}],"about":[{"href":"https:\/\/edicion.fundacionoccident.org\/tennis\/wp-json\/wp\/v2\/types\/page"}],"author":[{"embeddable":true,"href":"https:\/\/edicion.fundacionoccident.org\/tennis\/wp-json\/wp\/v2\/users\/6"}],"replies":[{"embeddable":true,"href":"https:\/\/edicion.fundacionoccident.org\/tennis\/wp-json\/wp\/v2\/comments?post=3226"}],"version-history":[{"count":46,"href":"https:\/\/edicion.fundacionoccident.org\/tennis\/wp-json\/wp\/v2\/pages\/3226\/revisions"}],"predecessor-version":[{"id":9526,"href":"https:\/\/edicion.fundacionoccident.org\/tennis\/wp-json\/wp\/v2\/pages\/3226\/revisions\/9526"}],"wp:featuredmedia":[{"embeddable":true,"href":"https:\/\/edicion.fundacionoccident.org\/tennis\/wp-json\/wp\/v2\/media\/4456"}],"wp:attachment":[{"href":"https:\/\/edicion.fundacionoccident.org\/tennis\/wp-json\/wp\/v2\/media?parent=3226"}],"curies":[{"name":"wp","href":"https:\/\/api.w.org\/{rel}","templated":true}]}}