{"id":3783,"date":"2019-01-12T06:21:42","date_gmt":"2019-01-12T06:21:42","guid":{"rendered":"http:\/\/edicion.fundacionjesusserra.org\/tennis\/?page_id=3783"},"modified":"2025-11-25T13:37:40","modified_gmt":"2025-11-25T12:37:40","slug":"cataluna","status":"publish","type":"page","link":"https:\/\/edicion.fundacionoccident.org\/tennis\/cataluna","title":{"rendered":"Catalu\u00f1a &#8211; Gran Final"},"content":{"rendered":"<p>[vc_row css_animation=&#8221;&#8221; row_type=&#8221;row&#8221; use_row_as_full_screen_section=&#8221;no&#8221; type=&#8221;full_width&#8221; angled_section=&#8221;no&#8221; text_align=&#8221;left&#8221; background_image_as_pattern=&#8221;without_pattern&#8221;][vc_column][vc_single_image image=&#8221;9208&#8243; img_size=&#8221;full&#8221; qode_css_animation=&#8221;&#8221;][\/vc_column][\/vc_row][vc_row css_animation=&#8221;&#8221; row_type=&#8221;row&#8221; use_row_as_full_screen_section=&#8221;no&#8221; type=&#8221;grid&#8221; angled_section=&#8221;no&#8221; text_align=&#8221;left&#8221; background_image_as_pattern=&#8221;without_pattern&#8221; css=&#8221;.vc_custom_1547052376870{padding-top: 20px !important;padding-bottom: 20px !important;}&#8221;][vc_column width=&#8221;1\/2&#8243;][vc_empty_space height=&#8221;75px&#8221;][vc_video link=&#8221;https:\/\/www.youtube.com\/watch?v=tDWHih0PpX8&#8243; el_width=&#8221;90&#8243;][\/vc_column][vc_column width=&#8221;1\/2&#8243;][vc_column_text]<\/p>\n<h1 style=\"text-align: left;\"><strong>Gran Final &#8211; Catalu\u00f1a<\/strong><\/h1>\n<p>[\/vc_column_text][vc_column_text css=&#8221;.vc_custom_1547270957098{padding-top: 20px !important;padding-bottom: 20px !important;}&#8221;]<\/p>\n<h2 style=\"text-align: left;\"><strong>Informaci\u00f3n General<\/strong><\/h2>\n<p>[\/vc_column_text][vc_column_text]<strong>SEDE:<\/strong> CEM Tennis L&#8217;Hospitalet<br \/>\n<strong>FECHA:<\/strong> 24\/05\/2026<br \/>\n<strong>HORARIOS:<\/strong> de 14:30h a 19:30h<br \/>\n<strong>CATEGOR\u00cdAS:<\/strong><br \/>\nParticipar\u00e1n los equipos finalistas y ganadores Fases Provinciales<br \/>\n&#8211; Sub 10 (equipos masculinos y femeninos)<br \/>\n&#8211; Sub 12 (equipos masculinos y femeninos)<\/p>\n<p><strong>INSCRIPCIONES:<\/strong> <span style=\"text-decoration: underline;\"><a href=\"\/tennis\/participa\" target=\"_blank\" rel=\"noopener noreferrer\">Formulario Inscripci\u00f3n \u00bb<\/a><\/span><br \/>\n<strong>NORMATIVA:<\/strong> <span style=\"text-decoration: underline;\"><a href=\"\/tennis\/normativa\" target=\"_blank\" rel=\"noopener noreferrer\">Consulta la Normativa \u00bb<\/a><\/span>[\/vc_column_text][\/vc_column][\/vc_row][vc_row css_animation=&#8221;&#8221; row_type=&#8221;row&#8221; use_row_as_full_screen_section=&#8221;no&#8221; type=&#8221;grid&#8221; angled_section=&#8221;no&#8221; text_align=&#8221;left&#8221; background_image_as_pattern=&#8221;without_pattern&#8221;][vc_column css=&#8221;.vc_custom_1547054076596{padding-bottom: 20px !important;}&#8221;][vc_separator type=&#8221;normal&#8221; color=&#8221;#dddddd&#8221;][\/vc_column][\/vc_row][vc_row css_animation=&#8221;&#8221; row_type=&#8221;row&#8221; use_row_as_full_screen_section=&#8221;no&#8221; type=&#8221;grid&#8221; angled_section=&#8221;no&#8221; text_align=&#8221;left&#8221; background_image_as_pattern=&#8221;without_pattern&#8221;][vc_column width=&#8221;1\/3&#8243;][vc_single_image image=&#8221;21&#8243; qode_css_animation=&#8221;&#8221; css=&#8221;.vc_custom_1547152561869{padding-top: 10px !important;padding-bottom: 10px !important;}&#8221;][vc_column_text css=&#8221;.vc_custom_1547152593184{padding-bottom: 20px !important;}&#8221;]<\/p>\n<h2 style=\"text-align: left;\"><strong>Programa<\/strong><\/h2>\n<p>[\/vc_column_text][vc_column_text]<strong>PISTAS DE ENTRENAMIENTO:<\/strong> A partir de las 13:30h<br \/>\n<strong>LLEGADA:<\/strong> Desde las 13:30h<br \/>\n<strong>INICIO DE PARTIDOS:<\/strong> 14:30h<br \/>\n<strong>FINALES:<\/strong> 19:30h*<br \/>\n<strong>DESFILE EQUIPOS Y ENTREGA DE PREMIOS:<\/strong> 19:45h*<\/p>\n<p>&nbsp;<\/p>\n<p>(*) Programa orientativo. Puede variar en funci\u00f3n del n\u00famero de inscritos, condiciones meteorol\u00f3gicas u otros factores.[\/vc_column_text][\/vc_column][vc_column width=&#8221;1\/3&#8243;][vc_single_image image=&#8221;124&#8243; qode_css_animation=&#8221;&#8221; css=&#8221;.vc_custom_1547152569435{padding-top: 10px !important;padding-bottom: 10px !important;}&#8221;][vc_column_text css=&#8221;.vc_custom_1547152598476{padding-bottom: 20px !important;}&#8221;]<\/p>\n<h2 style=\"text-align: left;\"><strong>Timing<\/strong><\/h2>\n<p>[\/vc_column_text][vc_column_text]<strong>CUADROS Y ORDEN DE JUEGO:<\/strong> Properament[\/vc_column_text][\/vc_column][vc_column width=&#8221;1\/3&#8243;][vc_single_image image=&#8221;115&#8243; qode_css_animation=&#8221;&#8221; css=&#8221;.vc_custom_1547152574702{padding-top: 10px !important;padding-bottom: 10px !important;}&#8221;][vc_column_text css=&#8221;.vc_custom_1601888949478{padding-bottom: 20px !important;}&#8221;]<\/p>\n<h2 style=\"text-align: left;\"><strong>Cuadro de juego<br \/>\n<\/strong><\/h2>\n<p>[\/vc_column_text][vc_column_text]<strong>GRUPOS:<\/strong> <span style=\"text-decoration: underline;\">Distribuci\u00f3n Grupos y Equipos \u00bb<\/span><br \/>\n<strong>ORDEN DE JUEGO:<\/strong> <span style=\"text-decoration: underline;\">Orden de Juego \u00bb<\/span><\/p>\n<p>Si detectas alguna incidencia y\/o error, por favor, <a href=\"\/tennis\/contacto\">contacta con nosotros<\/a>.[\/vc_column_text][\/vc_column][\/vc_row][vc_row css_animation=&#8221;&#8221; row_type=&#8221;row&#8221; use_row_as_full_screen_section=&#8221;no&#8221; type=&#8221;grid&#8221; angled_section=&#8221;no&#8221; text_align=&#8221;left&#8221; background_image_as_pattern=&#8221;without_pattern&#8221; css=&#8221;.vc_custom_1547152674950{padding-top: 20px !important;padding-bottom: 20px !important;}&#8221;][vc_column css=&#8221;.vc_custom_1547054076596{padding-bottom: 20px !important;}&#8221;][\/vc_column][\/vc_row][vc_row css_animation=&#8221;&#8221; row_type=&#8221;row&#8221; use_row_as_full_screen_section=&#8221;no&#8221; type=&#8221;full_width&#8221; angled_section=&#8221;no&#8221; text_align=&#8221;left&#8221; background_image=&#8221;6305&#8243; background_image_as_pattern=&#8221;without_pattern&#8221; css=&#8221;.vc_custom_1600771564687{padding-top: 20px !important;}&#8221;][vc_column css=&#8221;.vc_custom_1547054097900{padding-top: 20px !important;padding-bottom: 20px !important;}&#8221;][vc_empty_space height=&#8221;350&#8243;][\/vc_column][\/vc_row]<\/p>\n","protected":false},"excerpt":{"rendered":"<p>[vc_row css_animation=&#8221;&#8221; row_type=&#8221;row&#8221; use_row_as_full_screen_section=&#8221;no&#8221; type=&#8221;full_width&#8221; angled_section=&#8221;no&#8221; text_align=&#8221;left&#8221; background_image_as_pattern=&#8221;without_pattern&#8221;][vc_column][vc_single_image image=&#8221;9208&#8243; img_size=&#8221;full&#8221; qode_css_animation=&#8221;&#8221;][\/vc_column][\/vc_row][vc_row css_animation=&#8221;&#8221; row_type=&#8221;row&#8221; use_row_as_full_screen_section=&#8221;no&#8221; type=&#8221;grid&#8221; angled_section=&#8221;no&#8221; text_align=&#8221;left&#8221; background_image_as_pattern=&#8221;without_pattern&#8221; css=&#8221;.vc_custom_1547052376870{padding-top: 20px !important;padding-bottom: 20px !important;}&#8221;][vc_column width=&#8221;1\/2&#8243;][vc_empty_space height=&#8221;75px&#8221;][vc_video link=&#8221;https:\/\/www.youtube.com\/watch?v=tDWHih0PpX8&#8243; el_width=&#8221;90&#8243;][\/vc_column][vc_column width=&#8221;1\/2&#8243;][vc_column_text] Gran Final &#8211; Catalu\u00f1a [\/vc_column_text][vc_column_text css=&#8221;.vc_custom_1547270957098{padding-top: 20px !important;padding-bottom: 20px !important;}&#8221;] Informaci\u00f3n General [\/vc_column_text][vc_column_text]SEDE: CEM Tennis L&#8217;Hospitalet FECHA:&#8230;<\/p>\n","protected":false},"author":6,"featured_media":0,"parent":0,"menu_order":0,"comment_status":"closed","ping_status":"closed","template":"full_width.php","meta":{"footnotes":"","_links_to":"","_links_to_target":""},"class_list":["post-3783","page","type-page","status-publish","hentry"],"yoast_head":"<!-- This site is optimized with the Yoast SEO plugin v26.3 - https:\/\/yoast.com\/wordpress\/plugins\/seo\/ -->\n<title>Gran Final Catalu\u00f1a Tenis infantil - Xpress Tennis Cup | FJS<\/title>\n<meta name=\"description\" content=\"Toda la informaci\u00f3n de la Gran Final Catalu\u00f1a Xpress Tennis Cup: programa, fechas, horarios, categor\u00edas, normativa, inscripciones\u2026 \u00a1Te esperamos!\" \/>\n<meta name=\"robots\" content=\"index, follow, max-snippet:-1, max-image-preview:large, max-video-preview:-1\" \/>\n<link rel=\"canonical\" href=\"https:\/\/edicion.fundacionoccident.org\/tennis\/wp-json\/wp\/v2\/pages\/3783\" \/>\n<meta property=\"og:locale\" content=\"es_ES\" \/>\n<meta property=\"og:type\" content=\"article\" \/>\n<meta property=\"og:title\" content=\"Gran Final Catalu\u00f1a Tenis infantil - Xpress Tennis Cup | FJS\" \/>\n<meta property=\"og:description\" content=\"Toda la informaci\u00f3n de la Gran Final Catalu\u00f1a Xpress Tennis Cup: programa, fechas, horarios, categor\u00edas, normativa, inscripciones\u2026 \u00a1Te esperamos!\" \/>\n<meta property=\"og:url\" content=\"https:\/\/edicion.fundacionoccident.org\/tennis\/cataluna\" \/>\n<meta property=\"og:site_name\" content=\"Xpress Tennis Cup\" \/>\n<meta property=\"article:modified_time\" content=\"2025-11-25T12:37:40+00:00\" \/>\n<meta name=\"twitter:card\" content=\"summary_large_image\" \/>\n<meta name=\"twitter:label1\" content=\"Tiempo de lectura\" \/>\n\t<meta name=\"twitter:data1\" content=\"2 minutos\" \/>\n<script type=\"application\/ld+json\" class=\"yoast-schema-graph\">{\"@context\":\"https:\/\/schema.org\",\"@graph\":[{\"@type\":\"WebPage\",\"@id\":\"https:\/\/edicion.fundacionoccident.org\/tennis\/cataluna\",\"url\":\"https:\/\/edicion.fundacionoccident.org\/tennis\/cataluna\",\"name\":\"Gran Final Catalu\u00f1a Tenis infantil - Xpress Tennis Cup | FJS\",\"isPartOf\":{\"@id\":\"https:\/\/edicion.fundacionoccident.org\/tennis\/#website\"},\"datePublished\":\"2019-01-12T06:21:42+00:00\",\"dateModified\":\"2025-11-25T12:37:40+00:00\",\"description\":\"Toda la informaci\u00f3n de la Gran Final Catalu\u00f1a Xpress Tennis Cup: programa, fechas, horarios, categor\u00edas, normativa, inscripciones\u2026 \u00a1Te esperamos!\",\"breadcrumb\":{\"@id\":\"https:\/\/edicion.fundacionoccident.org\/tennis\/cataluna#breadcrumb\"},\"inLanguage\":\"es\",\"potentialAction\":[{\"@type\":\"ReadAction\",\"target\":[\"https:\/\/edicion.fundacionoccident.org\/tennis\/cataluna\"]}]},{\"@type\":\"BreadcrumbList\",\"@id\":\"https:\/\/edicion.fundacionoccident.org\/tennis\/cataluna#breadcrumb\",\"itemListElement\":[{\"@type\":\"ListItem\",\"position\":1,\"name\":\"Portada\",\"item\":\"https:\/\/edicion.fundacionoccident.org\/tennis\/\"},{\"@type\":\"ListItem\",\"position\":2,\"name\":\"Catalu\u00f1a &#8211; Gran Final\"}]},{\"@type\":\"WebSite\",\"@id\":\"https:\/\/edicion.fundacionoccident.org\/tennis\/#website\",\"url\":\"https:\/\/edicion.fundacionoccident.org\/tennis\/\",\"name\":\"Xpress Tennis Cup\",\"description\":\"Fundaci\u00f3 Jes\u00fas Serra\",\"potentialAction\":[{\"@type\":\"SearchAction\",\"target\":{\"@type\":\"EntryPoint\",\"urlTemplate\":\"https:\/\/edicion.fundacionoccident.org\/tennis\/?s={search_term_string}\"},\"query-input\":{\"@type\":\"PropertyValueSpecification\",\"valueRequired\":true,\"valueName\":\"search_term_string\"}}],\"inLanguage\":\"es\"}]}<\/script>\n<!-- \/ Yoast SEO plugin. -->","yoast_head_json":{"title":"Gran Final Catalu\u00f1a Tenis infantil - Xpress Tennis Cup | FJS","description":"Toda la informaci\u00f3n de la Gran Final Catalu\u00f1a Xpress Tennis Cup: programa, fechas, horarios, categor\u00edas, normativa, inscripciones\u2026 \u00a1Te esperamos!","robots":{"index":"index","follow":"follow","max-snippet":"max-snippet:-1","max-image-preview":"max-image-preview:large","max-video-preview":"max-video-preview:-1"},"canonical":"https:\/\/edicion.fundacionoccident.org\/tennis\/wp-json\/wp\/v2\/pages\/3783","og_locale":"es_ES","og_type":"article","og_title":"Gran Final Catalu\u00f1a Tenis infantil - Xpress Tennis Cup | FJS","og_description":"Toda la informaci\u00f3n de la Gran Final Catalu\u00f1a Xpress Tennis Cup: programa, fechas, horarios, categor\u00edas, normativa, inscripciones\u2026 \u00a1Te esperamos!","og_url":"https:\/\/edicion.fundacionoccident.org\/tennis\/cataluna","og_site_name":"Xpress Tennis Cup","article_modified_time":"2025-11-25T12:37:40+00:00","twitter_card":"summary_large_image","twitter_misc":{"Tiempo de lectura":"2 minutos"},"schema":{"@context":"https:\/\/schema.org","@graph":[{"@type":"WebPage","@id":"https:\/\/edicion.fundacionoccident.org\/tennis\/cataluna","url":"https:\/\/edicion.fundacionoccident.org\/tennis\/cataluna","name":"Gran Final Catalu\u00f1a Tenis infantil - Xpress Tennis Cup | FJS","isPartOf":{"@id":"https:\/\/edicion.fundacionoccident.org\/tennis\/#website"},"datePublished":"2019-01-12T06:21:42+00:00","dateModified":"2025-11-25T12:37:40+00:00","description":"Toda la informaci\u00f3n de la Gran Final Catalu\u00f1a Xpress Tennis Cup: programa, fechas, horarios, categor\u00edas, normativa, inscripciones\u2026 \u00a1Te esperamos!","breadcrumb":{"@id":"https:\/\/edicion.fundacionoccident.org\/tennis\/cataluna#breadcrumb"},"inLanguage":"es","potentialAction":[{"@type":"ReadAction","target":["https:\/\/edicion.fundacionoccident.org\/tennis\/cataluna"]}]},{"@type":"BreadcrumbList","@id":"https:\/\/edicion.fundacionoccident.org\/tennis\/cataluna#breadcrumb","itemListElement":[{"@type":"ListItem","position":1,"name":"Portada","item":"https:\/\/edicion.fundacionoccident.org\/tennis\/"},{"@type":"ListItem","position":2,"name":"Catalu\u00f1a &#8211; Gran Final"}]},{"@type":"WebSite","@id":"https:\/\/edicion.fundacionoccident.org\/tennis\/#website","url":"https:\/\/edicion.fundacionoccident.org\/tennis\/","name":"Xpress Tennis Cup","description":"Fundaci\u00f3 Jes\u00fas Serra","potentialAction":[{"@type":"SearchAction","target":{"@type":"EntryPoint","urlTemplate":"https:\/\/edicion.fundacionoccident.org\/tennis\/?s={search_term_string}"},"query-input":{"@type":"PropertyValueSpecification","valueRequired":true,"valueName":"search_term_string"}}],"inLanguage":"es"}]}},"_links":{"self":[{"href":"https:\/\/edicion.fundacionoccident.org\/tennis\/wp-json\/wp\/v2\/pages\/3783","targetHints":{"allow":["GET"]}}],"collection":[{"href":"https:\/\/edicion.fundacionoccident.org\/tennis\/wp-json\/wp\/v2\/pages"}],"about":[{"href":"https:\/\/edicion.fundacionoccident.org\/tennis\/wp-json\/wp\/v2\/types\/page"}],"author":[{"embeddable":true,"href":"https:\/\/edicion.fundacionoccident.org\/tennis\/wp-json\/wp\/v2\/users\/6"}],"replies":[{"embeddable":true,"href":"https:\/\/edicion.fundacionoccident.org\/tennis\/wp-json\/wp\/v2\/comments?post=3783"}],"version-history":[{"count":43,"href":"https:\/\/edicion.fundacionoccident.org\/tennis\/wp-json\/wp\/v2\/pages\/3783\/revisions"}],"predecessor-version":[{"id":9563,"href":"https:\/\/edicion.fundacionoccident.org\/tennis\/wp-json\/wp\/v2\/pages\/3783\/revisions\/9563"}],"wp:attachment":[{"href":"https:\/\/edicion.fundacionoccident.org\/tennis\/wp-json\/wp\/v2\/media?parent=3783"}],"curies":[{"name":"wp","href":"https:\/\/api.w.org\/{rel}","templated":true}]}}